{"id":154345,"date":"2023-06-16T11:18:42","date_gmt":"2023-06-16T11:18:42","guid":{"rendered":"http:\/\/talkpal.ai\/afrikandu-gramatikas-vingrinajumi\/"},"modified":"2025-05-23T14:06:36","modified_gmt":"2025-05-23T14:06:36","slug":"afrikandu-gramatikas-vingrinajumi","status":"publish","type":"page","link":"https:\/\/talkpal.ai\/lv\/afrikandu-gramatikas-vingrinajumi\/","title":{"rendered":"Afrikandu gramatikas vingrin\u0101jumi"},"content":{"rendered":"\r\n\r\n\r\n<section class=\"languageChallengeSection\">\r\n    <div class=\"languageInfoWrapper\">\r\n        \r\n        <h1>Afrikandu gramatikas vingrin\u0101jumi<\/h1>\r\n        <p>Vai esat gatavs uzlabot afrikandu valodas prasmes? Gramatikas vingrin\u0101jumu praktiz\u0113\u0161ana ir lielisks veids, k\u0101 apg\u016bt teikuma strukt\u016bru, darb\u012bbas v\u0101rdu formas un afrikandie\u0161u valodas unik\u0101l\u0101s iez\u012bmes. S\u0101ciet str\u0101d\u0101t ar afrikandie\u0161u valodas gramatiku jau \u0161odien un v\u0113rojiet, k\u0101 ar katru vingrin\u0101jumu aug j\u016bsu p\u0101rliec\u012bba un pl\u016bstam\u012bba!\n\n<\/p>\r\n\r\n                            <a class=\"getStartedHidden\" href=\"https:\/\/app.talkpal.ai\/lv\/signup?lng=\">S\u0101c<\/a>\r\n        \r\n    <\/div>\r\n\r\n    <figure>\r\n    <img decoding=\"async\" width=\"768\" height=\"768\" src=\"https:\/\/talkpal.ai\/wp-content\/uploads\/2023\/06\/afrikaans-768x768.png\" class=\"languageImage no-lazy\" alt=\"Language learning for improved focus\" fetchpriority=\"high\" sizes=\"(max-width: 768px) 150px, 768px\" srcset=\"https:\/\/talkpal.ai\/wp-content\/uploads\/2023\/06\/afrikaans-768x768.png 768w, https:\/\/talkpal.ai\/wp-content\/uploads\/2023\/06\/afrikaans-300x300.png 300w\" \/>\r\n    \r\n\r\n    <\/figure>\r\n\r\n            <a class=\"getStartedVisible\" href=\"https:\/\/app.talkpal.ai\/lv\/signup?lng=\">S\u0101c<\/a>\r\n    \r\n<\/section>\r\n\r\n\r\n<!-- <section class=\"grammarSection\">\r\n    <div class=\"grammarLinks\">\r\n            <\/div>\r\n<\/section> -->\r\n\r\n\r\n\r\n\r\n<section class=\"promotionalBanner\">\r\n    <p class=\"promotionalText\">Visefekt\u012bv\u0101kais veids, k\u0101 apg\u016bt valodu<\/p>\r\n    <a class=\"promotionalLink\" href=\"https:\/\/app.talkpal.ai\/lv\/signup?lng=\">Izm\u0113\u0123iniet Talkpal bez maksas<\/a>\r\n<\/section>\n<div class=\"wp-block-group pageContainerStyle\"><div class=\"wp-block-group__inner-container is-layout-constrained wp-block-group-is-layout-constrained\">\n<h2 class=\"wp-block-heading\" id=\"h-afrikaans-grammar-topics\">Afrikandu gramatikas t\u0113mas<\/h2>\n\n\n\n<p>Rietum\u0123erm\u0101\u0146u valoda <a href=\"https:\/\/talkpal.ai\/learn-afrikaans\/\">afrikandu valoda<\/a> ir viena no vienpadsmit Dienvid\u0101frikas ofici\u0101laj\u0101m valod\u0101m, un taj\u0101 run\u0101 aptuveni 6 miljoni cilv\u0113ku. Afrikandu apg\u016b\u0161ana var b\u016bt bag\u0101tino\u0161a un atalgojo\u0161a pieredze, jo to run\u0101 ne tikai Dienvid\u0101frik\u0101, bet ar\u012b Nam\u012bbij\u0101 un maz\u0101k\u0101 m\u0113r\u0101 Zimbabv\u0113 un Botsv\u0101n\u0101. Valodu ir sal\u012bdzino\u0161i viegli iem\u0101c\u012bties, \u012bpa\u0161i angliski run\u0101jo\u0161ajiem, jo <a href=\"https:\/\/talkpal.ai\/learn-thai\/\">tai<\/a> ir vienk\u0101r\u0161ota <a href=\"https:\/\/talkpal.ai\/sq\/gramatika\/\">gramatika<\/a> un tai ir daudz v\u0101rdu ar <a href=\"https:\/\/talkpal.ai\/learn-english-with-ai\/\">ang\u013cu<\/a> un <a href=\"https:\/\/talkpal.ai\/lv\/uzziniet-holandiesu-valodu\/\">holandie\u0161u valodu<\/a>. \u0160aj\u0101 ce\u013cved\u012b m\u0113s iepaz\u012bstin\u0101sim j\u016bs ar b\u016btiskaj\u0101m afrikandu gramatikas t\u0113m\u0101m, kas jums j\u0101apg\u016bst, lai teko\u0161i run\u0101tu un saprastu valodu.<\/p>\n\n\n\n<h3 class=\"wp-block-heading\" id=\"h-1-nouns-and-articles\">1. Lietv\u0101rdi un raksti:<\/h3>\n\n\n\n<p>Afrikandu valod\u0101 lietv\u0101rdiem nav dzimuma, kas atvieglo m\u0101c\u012b\u0161anos sal\u012bdzin\u0101jum\u0101 ar cit\u0101m \u0123erm\u0101\u0146u valod\u0101m. Ar\u012b v\u0101rda locek\u013ci ir vienk\u0101r\u0161i: &#8220;die&#8221; ir galotnes artikuls, bet &#8220;n&#8221; vai &#8220;een&#8221; &#8211; nenoteikt\u0101 v\u0101rda artikuls.<\/p>\n\n\n\n<h3 class=\"wp-block-heading\" id=\"h-2-pronouns-determiners\">2. Vietniekv\u0101rdi\/noteic\u0113ji:<\/h3>\n\n\n\n<p>Vietniekv\u0101rdi ir v\u0101rdi, kas aizst\u0101j lietv\u0101rdus un pal\u012bdz izvair\u012bties no atk\u0101rto\u0161an\u0101s teikum\u0101. Afrikandiem ir personiski, piedero\u0161i, demonstrat\u012bvi un jaut\u0101jo\u0161i vietniekv\u0101rdi, kas ir b\u016btiski teikumu veido\u0161an\u0101.<\/p>\n\n\n\n<h3 class=\"wp-block-heading\" id=\"h-3-adjectives\">3. \u012apa\u0161\u012bbas v\u0101rdi:<\/h3>\n\n\n\n<p>\u012apa\u0161\u012bbas v\u0101rdi apraksta vai maina lietv\u0101rdus. Afrikandu valod\u0101 vi\u0146i parasti n\u0101k pirms lietv\u0101rda un p\u0113c skaita piekr\u012bt tam. Nav dzimumu vieno\u0161an\u0101s, kas padara m\u0101c\u012b\u0161anos vienk\u0101r\u0161\u0101ku.<\/p>\n\n\n\n<h3 class=\"wp-block-heading\" id=\"h-4-verbs\">4. Darb\u012bbas v\u0101rdi:<\/h3>\n\n\n\n<p>Darb\u012bbas v\u0101rdi ir darb\u012bbas v\u0101rdi un ir b\u016btiski teikumu veido\u0161an\u0101. Afrik\u0101\u0146u valod\u0101 darb\u012bbas v\u0101rdi netiek loc\u012bti atkar\u012bb\u0101 no temata, t\u0101p\u0113c to ir viegl\u0101k apg\u016bt nek\u0101 cit\u0101s valod\u0101s. Regul\u0101ri darb\u012bbas v\u0101rdi seko vienk\u0101r\u0161am modelim, savuk\u0101rt neregul\u0101rie darb\u012bbas v\u0101rdi ir j\u0101iegaum\u0113.<\/p>\n\n\n\n<h3 class=\"wp-block-heading\" id=\"h-5-tenses-and-tense-comparison\">5. Sasprindzin\u0101jums un saspringts sal\u012bdzin\u0101jums:<\/h3>\n\n\n\n<p>Afrikandiem ir tr\u012bs galvenie sasprindzin\u0101jumi: pag\u0101tne, tagadne un n\u0101kotne. Lai saprastu un run\u0101tu valodu, ir \u013coti svar\u012bgi iem\u0101c\u012bties veidot un sal\u012bdzin\u0101t \u0161os laikus.<\/p>\n\n\n\n<h3 class=\"wp-block-heading\" id=\"h-6-progressive-and-perfect-progressive\">6. Progres\u012bvs un ide\u0101ls progres\u012bvs:<\/h3>\n\n\n\n<p>Progres\u012bvais sasprindzin\u0101jums tiek izmantots, lai aprakst\u012btu notieko\u0161\u0101s darb\u012bbas, savuk\u0101rt ide\u0101ls progres\u012bvais nor\u0101da uz pabeigtaj\u0101m darb\u012bb\u0101m. \u0160o laiku apg\u016b\u0161ana pal\u012bdz skaidri izteikt darb\u012bbas.<\/p>\n\n\n\n<h3 class=\"wp-block-heading\" id=\"h-7-adverbs\">7. Adverbi:<\/h3>\n\n\n\n<p>Adverbi modific\u0113 darb\u012bbas v\u0101rdus, \u012bpa\u0161\u012bbas v\u0101rdus vai citus adverbus, sniedzot vair\u0101k inform\u0101cijas par darb\u012bbu, kvalit\u0101ti vai veidu. Tie ir svar\u012bgi, lai pievienotu deta\u013cas j\u016bsu teikumiem.<\/p>\n\n\n\n<h3 class=\"wp-block-heading\" id=\"h-8-prepositions\">8. Priev\u0101rdi:<\/h3>\n\n\n\n<p>Priev\u0101rdi ir v\u0101rdi, kas par\u0101da attiec\u012bbas starp lietv\u0101rdiem vai vietniekv\u0101rdiem un citiem v\u0101rdiem teikum\u0101. Tie ir b\u016btiski, lai izteiktu atra\u0161an\u0101s vietu, virzienu, laiku un citas attiec\u012bbas.<\/p>\n\n\n\n<h3 class=\"wp-block-heading\" id=\"h-9-conditionals\">9. Nosac\u012bjumi:<\/h3>\n\n\n\n<p>Nosac\u012bti teikumi izsaka darb\u012bbu vai st\u0101vokli, kas ir atkar\u012bgs no nosac\u012bjuma izpildes. Nosac\u012bjumu apguve pal\u012bdz izteikt hipot\u0113tiskas situ\u0101cijas un sekas.<\/p>\n\n\n\n<h3 class=\"wp-block-heading\" id=\"h-10-sentences\">10. Teikumi:<\/h3>\n\n\n\n<p>Afrikandu teikumu strukt\u016bras izpratne ir b\u016btiska, lai veidotu savus teikumus un saprastu, ko citi saka. Zinot, k\u0101 izmantot visus iepriek\u0161 min\u0113tos gramatikas komponentus, j\u016bs var\u0113sit izveidot skaidrus un saska\u0146otus teikumus.<\/p>\n<\/div><\/div>\n\r\n<section class=\"learnNavigationSection\">\r\n            \r\n        <a href=\"https:\/\/talkpal.ai\/lv\/uzziniet-afrikandus\/\">\r\n            <div class=\"learnNavigationWrapper\">\r\n                <div class=\"learnNavigationContent\">\r\n                    <img decoding=\"async\" src=\"https:\/\/talkpal.ai\/wp-content\/uploads\/2024\/08\/Afrikaans.jpg\" alt=\"South Africa Flag\">\r\n                    <div>\r\n                        <h4>Par afrik\u0101\u0146u valodas apguvi<\/h4>\r\n                        <p>Uzziniet visu par afrikandu gramatiku.<\/p>\r\n                    <\/div>\r\n                <\/div>\r\n            <\/div>\r\n        <\/a>\r\n\r\n        \r\n        <a href=\"https:\/\/talkpal.ai\/lv\/afrikandu-gramatika\/\">\r\n            <div class=\"learnNavigationWrapper\">\r\n                <div class=\"learnNavigationContent\">\r\n                    <img decoding=\"async\" src=\"https:\/\/talkpal.ai\/wp-content\/uploads\/2024\/08\/Afrikaans.jpg\" alt=\"South Africa Flag\">\r\n                    <div>\r\n                        <h4>Afrikandu gramatikas nodarb\u012bbas<\/h4>\r\n                        <p>Praktiz\u0113jiet afrikandu gramatiku.<\/p>\r\n                    <\/div>\r\n                <\/div>\r\n            <\/div>\r\n        <\/a>\r\n\r\n        \r\n        <a href=\"https:\/\/talkpal.ai\/vocabulary_language\/afrikaans\/\">\r\n            <div class=\"learnNavigationWrapper\">\r\n                <div class=\"learnNavigationContent\">\r\n                    <img decoding=\"async\" src=\"https:\/\/talkpal.ai\/wp-content\/uploads\/2024\/08\/Afrikaans.jpg\" alt=\"South Africa Flag\">\r\n                    <div>\r\n                        <h4>Afrik\u0101\u0146u valodas v\u0101rdn\u012bca<\/h4>\r\n                        <p>Papla\u0161iniet savu afrik\u0101\u0146u valodas v\u0101rdu kr\u0101jumu.<\/p>\r\n                    <\/div>\r\n                <\/div>\r\n            <\/div>\r\n        <\/a>\r\n\r\n            <\/section>","protected":false},"excerpt":{"rendered":"<p>Afrikandu gramatikas t\u0113mas Rietum\u0123erm\u0101\u0146u valoda afrikandu valoda ir viena no vienpadsmit Dienvid\u0101frikas ofici\u0101laj\u0101m valod\u0101m, un taj\u0101 run\u0101 aptuveni 6 miljoni cilv\u0113ku. Afrikandu apg\u016b\u0161ana var b\u016bt bag\u0101tino\u0161a un atalgojo\u0161a pieredze, jo to run\u0101 ne tikai Dienvid\u0101frik\u0101, bet ar\u012b Nam\u012bbij\u0101 un maz\u0101k\u0101 m\u0113r\u0101 Zimbabv\u0113 un Botsv\u0101n\u0101. Valodu ir sal\u012bdzino\u0161i viegli iem\u0101c\u012bties, \u012bpa\u0161i angliski run\u0101jo\u0161ajiem, jo tai ir [&hellip;]<\/p>\n","protected":false},"author":6,"featured_media":108843,"parent":0,"menu_order":0,"comment_status":"closed","ping_status":"closed","template":"LearningContentPage.php","meta":{"_acf_changed":false,"footnotes":""},"class_list":["post-154345","page","type-page","status-publish","has-post-thumbnail","hentry"],"acf":[],"yoast_head":"<!-- This site is optimized with the Yoast SEO Premium plugin v27.2 (Yoast SEO v27.2) - https:\/\/yoast.com\/product\/yoast-seo-premium-wordpress\/ -->\n<title>Afrikandu gramatikas vingrin\u0101jumi - Talkpal<\/title>\n<meta name=\"description\" content=\"Apg\u016bstiet afrikandu valodu, izmantojot aizraujo\u0161us afrikandu valodas gramatikas vingrin\u0101jumus, kas paredz\u0113ti, lai uzlabotu j\u016bsu valodas prasmes un raitumu.\" \/>\n<meta name=\"robots\" content=\"index, follow, max-snippet:-1, max-image-preview:large, max-video-preview:-1\" \/>\n<link rel=\"canonical\" href=\"https:\/\/talkpal.ai\/lv\/afrikandu-gramatikas-vingrinajumi\/\" \/>\n<meta property=\"og:locale\" content=\"lv_LV\" \/>\n<meta property=\"og:type\" content=\"article\" \/>\n<meta property=\"og:title\" content=\"Afrikandu gramatikas vingrin\u0101jumi\" \/>\n<meta property=\"og:description\" content=\"Afrikandu gramatikas t\u0113mas Rietum\u0123erm\u0101\u0146u valoda afrikandu valoda ir viena no vienpadsmit Dienvid\u0101frikas ofici\u0101laj\u0101m valod\u0101m, un taj\u0101 run\u0101 aptuveni 6\" \/>\n<meta property=\"og:url\" content=\"https:\/\/talkpal.ai\/lv\/afrikandu-gramatikas-vingrinajumi\/\" \/>\n<meta property=\"og:site_name\" content=\"Talkpal\" \/>\n<meta property=\"article:publisher\" content=\"https:\/\/www.facebook.com\/profile.php?id=100090733639311\" \/>\n<meta property=\"article:modified_time\" content=\"2025-05-23T14:06:36+00:00\" \/>\n<meta property=\"og:image\" content=\"https:\/\/talkpal.ai\/wp-content\/uploads\/2023\/05\/south-africa.png\" \/>\n\t<meta property=\"og:image:width\" content=\"512\" \/>\n\t<meta property=\"og:image:height\" content=\"512\" \/>\n\t<meta property=\"og:image:type\" content=\"image\/png\" \/>\n<meta name=\"twitter:card\" content=\"summary_large_image\" \/>\n<meta name=\"twitter:site\" content=\"@talkpalai\" \/>\n<meta name=\"twitter:label1\" content=\"Est. reading time\" \/>\n\t<meta name=\"twitter:data1\" content=\"3 minutes\" \/>\n<script type=\"application\/ld+json\" class=\"yoast-schema-graph\">{\"@context\":\"https:\/\/schema.org\",\"@graph\":[{\"@type\":\"WebPage\",\"@id\":\"https:\/\/talkpal.ai\/lv\/afrikandu-gramatikas-vingrinajumi\/\",\"url\":\"https:\/\/talkpal.ai\/lv\/afrikandu-gramatikas-vingrinajumi\/\",\"name\":\"Afrikandu gramatikas vingrin\u0101jumi - Talkpal\",\"isPartOf\":{\"@id\":\"https:\/\/talkpal.ai\/lv\/#website\"},\"primaryImageOfPage\":{\"@id\":\"https:\/\/talkpal.ai\/lv\/afrikandu-gramatikas-vingrinajumi\/#primaryimage\"},\"image\":{\"@id\":\"https:\/\/talkpal.ai\/lv\/afrikandu-gramatikas-vingrinajumi\/#primaryimage\"},\"thumbnailUrl\":\"https:\/\/talkpal.ai\/wp-content\/uploads\/2023\/05\/south-africa.png\",\"datePublished\":\"2023-06-16T11:18:42+00:00\",\"dateModified\":\"2025-05-23T14:06:36+00:00\",\"description\":\"Apg\u016bstiet afrikandu valodu, izmantojot aizraujo\u0161us afrikandu valodas gramatikas vingrin\u0101jumus, kas paredz\u0113ti, lai uzlabotu j\u016bsu valodas prasmes un raitumu.\",\"breadcrumb\":{\"@id\":\"https:\/\/talkpal.ai\/lv\/afrikandu-gramatikas-vingrinajumi\/#breadcrumb\"},\"inLanguage\":\"lv-LV\",\"potentialAction\":[{\"@type\":\"ReadAction\",\"target\":[\"https:\/\/talkpal.ai\/lv\/afrikandu-gramatikas-vingrinajumi\/\"]}]},{\"@type\":\"ImageObject\",\"inLanguage\":\"lv-LV\",\"@id\":\"https:\/\/talkpal.ai\/lv\/afrikandu-gramatikas-vingrinajumi\/#primaryimage\",\"url\":\"https:\/\/talkpal.ai\/wp-content\/uploads\/2023\/05\/south-africa.png\",\"contentUrl\":\"https:\/\/talkpal.ai\/wp-content\/uploads\/2023\/05\/south-africa.png\",\"width\":512,\"height\":512},{\"@type\":\"BreadcrumbList\",\"@id\":\"https:\/\/talkpal.ai\/lv\/afrikandu-gramatikas-vingrinajumi\/#breadcrumb\",\"itemListElement\":[{\"@type\":\"ListItem\",\"position\":1,\"name\":\"Homepage\",\"item\":\"https:\/\/talkpal.ai\/lv\/\"},{\"@type\":\"ListItem\",\"position\":2,\"name\":\"Afrikandu gramatikas vingrin\u0101jumi\"}]},{\"@type\":\"WebSite\",\"@id\":\"https:\/\/talkpal.ai\/lv\/#website\",\"url\":\"https:\/\/talkpal.ai\/lv\/\",\"name\":\"Talkpal\",\"description\":\"AI Language Learning\",\"publisher\":{\"@id\":\"https:\/\/talkpal.ai\/lv\/#organization\"},\"alternateName\":\"Talkpal AI\",\"potentialAction\":[{\"@type\":\"SearchAction\",\"target\":{\"@type\":\"EntryPoint\",\"urlTemplate\":\"https:\/\/talkpal.ai\/lv\/?s={search_term_string}\"},\"query-input\":{\"@type\":\"PropertyValueSpecification\",\"valueRequired\":true,\"valueName\":\"search_term_string\"}}],\"inLanguage\":\"lv-LV\"},{\"@type\":\"Organization\",\"@id\":\"https:\/\/talkpal.ai\/lv\/#organization\",\"name\":\"Talkpal, Inc.\",\"alternateName\":\"Talkpal AI\",\"url\":\"https:\/\/talkpal.ai\/lv\/\",\"logo\":{\"@type\":\"ImageObject\",\"inLanguage\":\"lv-LV\",\"@id\":\"https:\/\/talkpal.ai\/lv\/#\/schema\/logo\/image\/\",\"url\":\"https:\/\/talkpal.ai\/wp-content\/uploads\/2024\/03\/Talkpal-Logo-Icon.png\",\"contentUrl\":\"https:\/\/talkpal.ai\/wp-content\/uploads\/2024\/03\/Talkpal-Logo-Icon.png\",\"width\":2880,\"height\":2880,\"caption\":\"Talkpal, Inc.\"},\"image\":{\"@id\":\"https:\/\/talkpal.ai\/lv\/#\/schema\/logo\/image\/\"},\"sameAs\":[\"https:\/\/www.facebook.com\/profile.php?id=100090733639311\",\"https:\/\/x.com\/talkpalai\",\"https:\/\/www.linkedin.com\/company\/talkpal\/\",\"https:\/\/www.youtube.com\/@TalkPal\/\",\"https:\/\/www.tiktok.com\/@talkpal\",\"https:\/\/www.instagram.com\/talkpal_ai\/\",\"https:\/\/www.crunchbase.com\/organization\/talkpal-9cde\",\"https:\/\/www.g2.com\/products\/talkpal-for-business\/\",\"https:\/\/www.trustpilot.com\/review\/talkpal.ai\",\"https:\/\/www.capterra.com\/p\/10006800\/TalkPal\/\"],\"description\":\"Talkpal is a language learning web and mobile education app, powered by the latest AI technologies, that provides engaging experiences to its customers in many different languages to help them improve their language skills. Users can chat about unlimited amount of topics with the app and use other modes to practice their language learning.\",\"email\":\"support@talkpal.ai\",\"legalName\":\"Talkpal, Inc.\",\"foundingDate\":\"2023-04-03\",\"duns\":\"118989042\",\"numberOfEmployees\":{\"@type\":\"QuantitativeValue\",\"minValue\":\"11\",\"maxValue\":\"50\"},\"publishingPrinciples\":\"https:\/\/talkpal.ai\/publishing-principles\/\",\"actionableFeedbackPolicy\":\"https:\/\/talkpal.ai\/actionable-feedback-policy\/\",\"correctionsPolicy\":\"https:\/\/talkpal.ai\/corrections-policy\/\",\"ethicsPolicy\":\"https:\/\/talkpal.ai\/ethics-policy\/\",\"diversityPolicy\":\"https:\/\/talkpal.ai\/diversity-policy\/\",\"diversityStaffingReport\":\"https:\/\/talkpal.ai\/diversity-policy\/\"}]}<\/script>\n<!-- \/ Yoast SEO Premium plugin. -->","yoast_head_json":{"title":"Afrikandu gramatikas vingrin\u0101jumi - Talkpal","description":"Apg\u016bstiet afrikandu valodu, izmantojot aizraujo\u0161us afrikandu valodas gramatikas vingrin\u0101jumus, kas paredz\u0113ti, lai uzlabotu j\u016bsu valodas prasmes un raitumu.","robots":{"index":"index","follow":"follow","max-snippet":"max-snippet:-1","max-image-preview":"max-image-preview:large","max-video-preview":"max-video-preview:-1"},"canonical":"https:\/\/talkpal.ai\/lv\/afrikandu-gramatikas-vingrinajumi\/","og_locale":"lv_LV","og_type":"article","og_title":"Afrikandu gramatikas vingrin\u0101jumi","og_description":"Afrikandu gramatikas t\u0113mas Rietum\u0123erm\u0101\u0146u valoda afrikandu valoda ir viena no vienpadsmit Dienvid\u0101frikas ofici\u0101laj\u0101m valod\u0101m, un taj\u0101 run\u0101 aptuveni 6","og_url":"https:\/\/talkpal.ai\/lv\/afrikandu-gramatikas-vingrinajumi\/","og_site_name":"Talkpal","article_publisher":"https:\/\/www.facebook.com\/profile.php?id=100090733639311","article_modified_time":"2025-05-23T14:06:36+00:00","og_image":[{"width":512,"height":512,"url":"https:\/\/talkpal.ai\/wp-content\/uploads\/2023\/05\/south-africa.png","type":"image\/png"}],"twitter_card":"summary_large_image","twitter_site":"@talkpalai","twitter_misc":{"Est. reading time":"3 minutes"},"schema":{"@context":"https:\/\/schema.org","@graph":[{"@type":"WebPage","@id":"https:\/\/talkpal.ai\/lv\/afrikandu-gramatikas-vingrinajumi\/","url":"https:\/\/talkpal.ai\/lv\/afrikandu-gramatikas-vingrinajumi\/","name":"Afrikandu gramatikas vingrin\u0101jumi - Talkpal","isPartOf":{"@id":"https:\/\/talkpal.ai\/lv\/#website"},"primaryImageOfPage":{"@id":"https:\/\/talkpal.ai\/lv\/afrikandu-gramatikas-vingrinajumi\/#primaryimage"},"image":{"@id":"https:\/\/talkpal.ai\/lv\/afrikandu-gramatikas-vingrinajumi\/#primaryimage"},"thumbnailUrl":"https:\/\/talkpal.ai\/wp-content\/uploads\/2023\/05\/south-africa.png","datePublished":"2023-06-16T11:18:42+00:00","dateModified":"2025-05-23T14:06:36+00:00","description":"Apg\u016bstiet afrikandu valodu, izmantojot aizraujo\u0161us afrikandu valodas gramatikas vingrin\u0101jumus, kas paredz\u0113ti, lai uzlabotu j\u016bsu valodas prasmes un raitumu.","breadcrumb":{"@id":"https:\/\/talkpal.ai\/lv\/afrikandu-gramatikas-vingrinajumi\/#breadcrumb"},"inLanguage":"lv-LV","potentialAction":[{"@type":"ReadAction","target":["https:\/\/talkpal.ai\/lv\/afrikandu-gramatikas-vingrinajumi\/"]}]},{"@type":"ImageObject","inLanguage":"lv-LV","@id":"https:\/\/talkpal.ai\/lv\/afrikandu-gramatikas-vingrinajumi\/#primaryimage","url":"https:\/\/talkpal.ai\/wp-content\/uploads\/2023\/05\/south-africa.png","contentUrl":"https:\/\/talkpal.ai\/wp-content\/uploads\/2023\/05\/south-africa.png","width":512,"height":512},{"@type":"BreadcrumbList","@id":"https:\/\/talkpal.ai\/lv\/afrikandu-gramatikas-vingrinajumi\/#breadcrumb","itemListElement":[{"@type":"ListItem","position":1,"name":"Homepage","item":"https:\/\/talkpal.ai\/lv\/"},{"@type":"ListItem","position":2,"name":"Afrikandu gramatikas vingrin\u0101jumi"}]},{"@type":"WebSite","@id":"https:\/\/talkpal.ai\/lv\/#website","url":"https:\/\/talkpal.ai\/lv\/","name":"Talkpal","description":"AI Language Learning","publisher":{"@id":"https:\/\/talkpal.ai\/lv\/#organization"},"alternateName":"Talkpal AI","potentialAction":[{"@type":"SearchAction","target":{"@type":"EntryPoint","urlTemplate":"https:\/\/talkpal.ai\/lv\/?s={search_term_string}"},"query-input":{"@type":"PropertyValueSpecification","valueRequired":true,"valueName":"search_term_string"}}],"inLanguage":"lv-LV"},{"@type":"Organization","@id":"https:\/\/talkpal.ai\/lv\/#organization","name":"Talkpal, Inc.","alternateName":"Talkpal AI","url":"https:\/\/talkpal.ai\/lv\/","logo":{"@type":"ImageObject","inLanguage":"lv-LV","@id":"https:\/\/talkpal.ai\/lv\/#\/schema\/logo\/image\/","url":"https:\/\/talkpal.ai\/wp-content\/uploads\/2024\/03\/Talkpal-Logo-Icon.png","contentUrl":"https:\/\/talkpal.ai\/wp-content\/uploads\/2024\/03\/Talkpal-Logo-Icon.png","width":2880,"height":2880,"caption":"Talkpal, Inc."},"image":{"@id":"https:\/\/talkpal.ai\/lv\/#\/schema\/logo\/image\/"},"sameAs":["https:\/\/www.facebook.com\/profile.php?id=100090733639311","https:\/\/x.com\/talkpalai","https:\/\/www.linkedin.com\/company\/talkpal\/","https:\/\/www.youtube.com\/@TalkPal\/","https:\/\/www.tiktok.com\/@talkpal","https:\/\/www.instagram.com\/talkpal_ai\/","https:\/\/www.crunchbase.com\/organization\/talkpal-9cde","https:\/\/www.g2.com\/products\/talkpal-for-business\/","https:\/\/www.trustpilot.com\/review\/talkpal.ai","https:\/\/www.capterra.com\/p\/10006800\/TalkPal\/"],"description":"Talkpal is a language learning web and mobile education app, powered by the latest AI technologies, that provides engaging experiences to its customers in many different languages to help them improve their language skills. Users can chat about unlimited amount of topics with the app and use other modes to practice their language learning.","email":"support@talkpal.ai","legalName":"Talkpal, Inc.","foundingDate":"2023-04-03","duns":"118989042","numberOfEmployees":{"@type":"QuantitativeValue","minValue":"11","maxValue":"50"},"publishingPrinciples":"https:\/\/talkpal.ai\/publishing-principles\/","actionableFeedbackPolicy":"https:\/\/talkpal.ai\/actionable-feedback-policy\/","correctionsPolicy":"https:\/\/talkpal.ai\/corrections-policy\/","ethicsPolicy":"https:\/\/talkpal.ai\/ethics-policy\/","diversityPolicy":"https:\/\/talkpal.ai\/diversity-policy\/","diversityStaffingReport":"https:\/\/talkpal.ai\/diversity-policy\/"}]}},"_links":{"self":[{"href":"https:\/\/talkpal.ai\/lv\/wp-json\/wp\/v2\/pages\/154345","targetHints":{"allow":["GET"]}}],"collection":[{"href":"https:\/\/talkpal.ai\/lv\/wp-json\/wp\/v2\/pages"}],"about":[{"href":"https:\/\/talkpal.ai\/lv\/wp-json\/wp\/v2\/types\/page"}],"author":[{"embeddable":true,"href":"https:\/\/talkpal.ai\/lv\/wp-json\/wp\/v2\/users\/6"}],"replies":[{"embeddable":true,"href":"https:\/\/talkpal.ai\/lv\/wp-json\/wp\/v2\/comments?post=154345"}],"version-history":[{"count":0,"href":"https:\/\/talkpal.ai\/lv\/wp-json\/wp\/v2\/pages\/154345\/revisions"}],"wp:featuredmedia":[{"embeddable":true,"href":"https:\/\/talkpal.ai\/lv\/wp-json\/wp\/v2\/media\/108843"}],"wp:attachment":[{"href":"https:\/\/talkpal.ai\/lv\/wp-json\/wp\/v2\/media?parent=154345"}],"curies":[{"name":"wp","href":"https:\/\/api.w.org\/{rel}","templated":true}]}}