{"id":153826,"date":"2023-05-14T14:25:05","date_gmt":"2023-05-14T14:25:05","guid":{"rendered":"http:\/\/talkpal.ai\/svahili-gramatika\/"},"modified":"2025-12-13T15:51:24","modified_gmt":"2025-12-13T15:51:24","slug":"svahili-gramatika","status":"publish","type":"page","link":"https:\/\/talkpal.ai\/lv\/svahili-gramatika\/","title":{"rendered":"Svahili gramatika"},"content":{"rendered":"\r\n\r\n\r\n<section class=\"languageChallengeSection\">\r\n    <div class=\"languageInfoWrapper\">\r\n        \r\n        <h1>Svahili gramatika<\/h1>\r\n        <p>Atkl\u0101jiet <a href=\"https:\/\/talkpal.ai\/learn-swahili\/\">svahili<\/a> gramatikas nosl\u0113pumus un uzlabojiet savas <a href=\"https:\/\/talkpal.ai\/what-language-is-spoken-on-the-international-space-station\/\">valodas<\/a> prasmes, izmantojot aizraujo\u0161as nodarb\u012bbas un re\u0101lus piem\u0113rus. Iepaz\u012bstieties ar teikuma uzb\u016bves pamatiem, darb\u012bbas v\u0101rdu rakstiem un b\u016btisk\u0101kajiem gramatikas noteikumiem. Praks\u0113 apg\u016bto, izmantojot interakt\u012bvus uzdevumus, kas paredz\u0113ti, lai nostiprin\u0101tu j\u016bsu izpratni. S\u0101ciet apg\u016bt svahili gramatiku jau \u0161odien un sazinieties ar liel\u0101ku p\u0101rliec\u012bbu!<\/p>\r\n\r\n                            <a class=\"getStartedHidden\" href=\"https:\/\/app.talkpal.ai\/lv\/signup?lng=\">S\u0101c<\/a>\r\n        \r\n    <\/div>\r\n\r\n    <figure>\r\n    <img decoding=\"async\" width=\"768\" height=\"768\" src=\"https:\/\/talkpal.ai\/wp-content\/uploads\/2023\/06\/Swahili-768x768.png\" class=\"languageImage no-lazy\" alt=\"Secrets to master language learning\" fetchpriority=\"high\" sizes=\"(max-width: 768px) 150px, 768px\" srcset=\"https:\/\/talkpal.ai\/wp-content\/uploads\/2023\/06\/Swahili-768x768.png 768w, https:\/\/talkpal.ai\/wp-content\/uploads\/2023\/06\/Swahili-300x300.png 300w\" \/>\r\n    \r\n\r\n    <\/figure>\r\n\r\n            <a class=\"getStartedVisible\" href=\"https:\/\/app.talkpal.ai\/lv\/signup?lng=\">S\u0101c<\/a>\r\n    \r\n<\/section>\r\n<section class=\"promotionalBanner\">\r\n    <p class=\"promotionalText\">Visefekt\u012bv\u0101kais veids, k\u0101 apg\u016bt valodu<\/p>\r\n    <a class=\"promotionalLink\" href=\"https:\/\/app.talkpal.ai\/lv\/signup?lng=\">Izm\u0113\u0123iniet Talkpal bez maksas<\/a>\r\n<\/section>\n<div class=\"wp-block-group pageContainerStyle\"><div class=\"wp-block-group__inner-container is-layout-constrained wp-block-group-is-layout-constrained\">\n<h2 class=\"wp-block-heading\" id=\"h-swahili-grammar-demystifying-the-linguistic-adventure\">Svahili gramatika: lingvistisk\u0101 piedz\u012bvojuma demistifik\u0101cija<\/h2>\n\n\n\n<p><a href=\"https:\/\/talkpal.ai\/swahili-grammar\/\">Svahili valodas gramatika<\/a> &#8211; aicino\u0161a, bet nosl\u0113pumaina, pl\u016bsto\u0161a, bet intri\u0123\u0113jo\u0161a, dinamiska, bet aizraujo\u0161a. Uzs\u0101kot savu lingvistisko ce\u013cojumu uz svahili valodu, j\u016bs varat saskarties ar valdzin\u0101juma un nenoteikt\u012bbas sajaukumu. Fret n\u0113, kol\u0113\u0123i valodas fan\u0101ti\u0137i! M\u0113s esam \u0161eit, lai pal\u012bdz\u0113tu jums orient\u0113ties \u0161ajos aizraujo\u0161ajos valodu \u016bde\u0146os!<\/p>\n\n\n\n<p>\u0160aj\u0101 rakst\u0101 m\u0113s sniegsim visaptvero\u0161u p\u0101rskatu par svahili gramatiku, izp\u0113tot galvenos komponentus, pied\u0101v\u0101jot skaidrojumus un piem\u0113rus un vienk\u0101r\u0161ojot sare\u017e\u0123\u012bjumus. Atkl\u0101sim svahili valodas burv\u012bbu un atkl\u0101sim t\u0101s gramatikas nosl\u0113pumus!<\/p>\n\n\n\n<h3 class=\"wp-block-heading\" id=\"h-1-noun-classes-from-people-to-abstract-ideas\">1. Lietv\u0101rdu klases: no cilv\u0113kiem l\u012bdz abstrakt\u0101m idej\u0101m<\/h3>\n\n\n\n<p><a href=\"https:\/\/talkpal.ai\/swahili-grammar\/\">Svahili gramatika<\/a> grie\u017eas ap at\u0161\u0137ir\u012bgu, bet b\u016btisku lietv\u0101rdu klasifik\u0101cijas sist\u0113mu. Lietv\u0101rdi ir sak\u0101rtoti da\u017e\u0101d\u0101s klas\u0113s, pamatojoties uz to noz\u012bmi vai \u012bpa\u0161\u012bb\u0101m, un katrai klasei ir \u012bpa\u0161s prefikss. Lai gan tas var\u0113tu \u0161\u0137ist bied\u0113jo\u0161i, tas ir \u013coti svar\u012bgi, veidojot vieno\u0161anos starp lietv\u0101rdiem, \u012bpa\u0161\u012bbas v\u0101rdiem un darb\u012bbas v\u0101rdiem.<\/p>\n\n\n\n<p>Lai vienk\u0101r\u0161otu \u0161o procesu, s\u0101ciet, koncentr\u0113joties uz visbie\u017e\u0101k sastopamaj\u0101m lietv\u0101rdu klas\u0113m:<\/p>\n\n\n\n<p><strong>&#8211; 1. klase: Cilv\u0113ki (piem., mtu &#8211; persona)<\/strong><\/p>\n\n\n\n<p><strong>&#8211; 2. klase: 1. klases lietv\u0101rdu daudzskait\u013ca v\u0101rdi (piem., watu &#8211; cilv\u0113ki)<\/strong><\/p>\n\n\n\n<p><strong>&#8211; 3. klase: koki, augi un abstraktie lietv\u0101rdi (piem., mti &#8211; koks)<\/strong><\/p>\n\n\n\n<p><strong>&#8211; 4. klase: nedz\u012bvi priek\u0161meti un abstrakti lietv\u0101rdi (piem., kiti &#8211; kr\u0113sls)<\/strong><\/p>\n\n\n\n<p>Atcerieties, ka prakse padara perfektu, un lietv\u0101rdu nodarb\u012bbu izpratne laika gait\u0101 k\u013c\u016bs viegl\u0101ka!<\/p>\n\n\n\n<h3 class=\"wp-block-heading\" id=\"h-2-adjectives-from-basic-to-intricate-agreement\">2. \u012apa\u0161\u012bbas v\u0101rdi: no pamata l\u012bdz sare\u017e\u0123\u012btam l\u012bgumam<\/h3>\n\n\n\n<p>\u012apa\u0161\u012bbas v\u0101rdi svahili valod\u0101 piekr\u012bt lietv\u0101rdu klasei un skaitlim, ko tie maina. T\u0101 rezult\u0101t\u0101 \u012bpa\u0161\u012bbas v\u0101rdiem ir vair\u0101ki prefiksi, kas atbilst da\u017e\u0101d\u0101m lietv\u0101rdu klas\u0113m. Lab\u0101 zi\u0146a ir t\u0101, ka daudziem \u012bpa\u0161\u012bbas v\u0101rdiem ir viens un tas pats saknes v\u0101rds, kas padara to apguvi viegl\u0101k p\u0101rvald\u0101mu.<\/p>\n\n\n\n<p>Piem\u0113ram, sakne &#8220;-refu&#8221; noz\u012bm\u0113 &#8220;gar\u0161&#8221;. Atkar\u012bb\u0101 no lietv\u0101rda klases tas var par\u0101d\u012bties k\u0101 &#8220;mrefu&#8221; (1. klase), &#8220;wazuri&#8221; (2. klase), &#8220;jurefu&#8221; (3. klase) utt. Ar praksi, \u0137eroties pie \u012bpa\u0161\u012bbas v\u0101rda-lietv\u0101rda vieno\u0161an\u0101s, b\u016bs br\u012bze!<\/p>\n\n\n\n<h3 class=\"wp-block-heading\" id=\"h-3-verbs-tense-subject-and-object\">3. Darb\u012bbas v\u0101rdi: sasprindzin\u0101jums, priek\u0161mets un objekts<\/h3>\n\n\n\n<p>Svahili darb\u012bbas v\u0101rdi ir k\u0101 efekt\u012bvi \u0160veices armijas na\u017ei, kas kompakti nodod sasprindzin\u0101jumu, priek\u0161metu un objektu, visi vien\u0101 gl\u012bt\u0101 iepakojum\u0101. Sasprindzin\u0101jums veidojas, darb\u012bbas v\u0101rda saknei pievienojot saspringtus mar\u0137ierus, savuk\u0101rt subjekta un objekta mar\u0137ieri izsaka, kas ir iesaist\u012bts darb\u012bb\u0101.<\/p>\n\n\n\n<p>Piem\u0113ram, sakne &#8220;-soma&#8221; noz\u012bm\u0113 &#8220;las\u012bt&#8221;. Pievienojot da\u017e\u0101dus pried\u0113k\u013cus un pied\u0113k\u013cus, varat izveidot daudzas vari\u0101cijas: &#8220;anasoma&#8221; (vi\u0146\u0161\/vi\u0146a lasa), &#8220;alisoma&#8221; (vi\u0146\u0161\/vi\u0146a lasa) vai &#8220;atasoma&#8221; (vi\u0146\u0161\/vi\u0146a las\u012bs).<\/p>\n\n\n\n<h3 class=\"wp-block-heading\" id=\"h-4-word-order-subject-verb-object-for-clarity\">4. V\u0101rdu sec\u012bba: subjekts-darb\u012bbas v\u0101rds-objekts skaidr\u012bbas labad<\/h3>\n\n\n\n<p>Svahili seko vienk\u0101r\u0161ai, bet skaidrai subject-verb-object (SVO) v\u0101rdu sec\u012bbai, l\u012bdz\u012bgi k\u0101 <a href=\"https:\/\/talkpal.ai\/learn-english-with-ai\/\">ang\u013cu<\/a> valod\u0101, kas padara teikuma konstrukciju maz\u0101k bied\u0113jo\u0161u. Piem\u0113ram, &#8220;Mwanafunzi anasoma kitabu&#8221; tie\u0161i tulkojams k\u0101 &#8220;Students (subjekts) lasa (darb\u012bbas v\u0101rds) gr\u0101matu (objekts)&#8221;.<\/p>\n\n\n\n<h3 class=\"wp-block-heading\" id=\"h-5-embrace-the-challenges-practice-is-key\">5. Pie\u0146emiet izaicin\u0101jumus: prakse ir galvenais<\/h3>\n\n\n\n<p>Ienirstot svahili gramatik\u0101, s\u0101kum\u0101 var justies nedaudz nom\u0101co\u0161i. Tom\u0113r paturiet pr\u0101t\u0101, ka paciet\u012bba, prakse un neatlaid\u012bba ir pan\u0101kumu nosl\u0113pumi. Mijiedarbojieties ar valodu, lasot, rakstot, klausoties un run\u0101jot, lai uzlabotu savu izpratni un p\u0101rliec\u012bbu.<\/p>\n\n\n\n<p>T\u0101tad, vai esat gatavs izp\u0113t\u012bt svahili gramatikas br\u012bnumus? Pie\u0146emiet t\u0101s sare\u017e\u0123\u012bt\u012bbu, izbaudiet nianses un atcerieties, ka ar cent\u012bbu un entuziasmu j\u016bs varat atkl\u0101t svahili valodas patieso skaistumu. Bahati njema! (Veiksmi!)<\/p>\n<\/div><\/div>\n\r\n<section class=\"learnNavigationSection\">\r\n            \r\n        <a href=\"https:\/\/talkpal.ai\/lv\/uzziniet-svahili-valodu\/\">\r\n            <div class=\"learnNavigationWrapper\">\r\n                <div class=\"learnNavigationContent\">\r\n                    <img decoding=\"async\" src=\"https:\/\/talkpal.ai\/wp-content\/uploads\/2024\/08\/Swahili.jpg\" alt=\"Kenya and Tanzania Flags\">\r\n                    <div>\r\n                        <h4>Par svahili valodas apguvi<\/h4>\r\n                        <p>Uzziniet visu par svahili gramatiku.<\/p>\r\n                    <\/div>\r\n                <\/div>\r\n            <\/div>\r\n        <\/a>\r\n\r\n        \r\n        <a href=\"https:\/\/talkpal.ai\/lv\/svahili-gramatikas-vingrinajumi\/\">\r\n            <div class=\"learnNavigationWrapper\">\r\n                <div class=\"learnNavigationContent\">\r\n                    <img decoding=\"async\" src=\"https:\/\/talkpal.ai\/wp-content\/uploads\/2024\/08\/Swahili.jpg\" alt=\"Kenya and Tanzania Flags\">\r\n                    <div>\r\n                        <h4>Svahili gramatikas vingrin\u0101jums<\/h4>\r\n                        <p>Praktiz\u0113jiet svahili gramatiku.<\/p>\r\n                    <\/div>\r\n                <\/div>\r\n            <\/div>\r\n        <\/a>\r\n\r\n        \r\n        <a href=\"https:\/\/talkpal.ai\/vocabulary_language\/swahili\/\">\r\n            <div class=\"learnNavigationWrapper\">\r\n                <div class=\"learnNavigationContent\">\r\n                    <img decoding=\"async\" src=\"https:\/\/talkpal.ai\/wp-content\/uploads\/2024\/08\/Swahili.jpg\" alt=\"Kenya and Tanzania Flags\">\r\n                    <div>\r\n                        <h4>Svahili v\u0101rdu kr\u0101jums<\/h4>\r\n                        <p>Papla\u0161iniet savu svahili v\u0101rdu kr\u0101jumu.<\/p>\r\n                    <\/div>\r\n                <\/div>\r\n            <\/div>\r\n        <\/a>\r\n\r\n            <\/section>","protected":false},"excerpt":{"rendered":"<p>Svahili gramatika: lingvistisk\u0101 piedz\u012bvojuma demistifik\u0101cija Svahili valodas gramatika &#8211; aicino\u0161a, bet nosl\u0113pumaina, pl\u016bsto\u0161a, bet intri\u0123\u0113jo\u0161a, dinamiska, bet aizraujo\u0161a. Uzs\u0101kot savu lingvistisko ce\u013cojumu uz svahili valodu, j\u016bs varat saskarties ar valdzin\u0101juma un nenoteikt\u012bbas sajaukumu. Fret n\u0113, kol\u0113\u0123i valodas fan\u0101ti\u0137i! M\u0113s esam \u0161eit, lai pal\u012bdz\u0113tu jums orient\u0113ties \u0161ajos aizraujo\u0161ajos valodu \u016bde\u0146os! \u0160aj\u0101 rakst\u0101 m\u0113s sniegsim visaptvero\u0161u p\u0101rskatu [&hellip;]<\/p>\n","protected":false},"author":1,"featured_media":119157,"parent":0,"menu_order":0,"comment_status":"closed","ping_status":"closed","template":"LearningContentPage.php","meta":{"_acf_changed":false,"footnotes":""},"class_list":["post-153826","page","type-page","status-publish","has-post-thumbnail","hentry"],"acf":[],"yoast_head":"<!-- This site is optimized with the Yoast SEO Premium plugin v27.2 (Yoast SEO v27.2) - https:\/\/yoast.com\/product\/yoast-seo-premium-wordpress\/ -->\n<title>Svahili gramatika - Talkpal<\/title>\n<meta name=\"description\" content=\"Atkl\u0101jiet svahili gramatikas nosl\u0113pumus, izmantojot m\u016bsu visaptvero\u0161o rokasgr\u0101matu! Atkl\u0101jiet t\u0101s unik\u0101l\u0101s lietv\u0101rdu klases un galven\u0101s sast\u0101vda\u013cas.\" \/>\n<meta name=\"robots\" content=\"index, follow, max-snippet:-1, max-image-preview:large, max-video-preview:-1\" \/>\n<link rel=\"canonical\" href=\"https:\/\/talkpal.ai\/lv\/svahili-gramatika\/\" \/>\n<meta property=\"og:locale\" content=\"lv_LV\" \/>\n<meta property=\"og:type\" content=\"article\" \/>\n<meta property=\"og:title\" content=\"Svahili gramatika\" \/>\n<meta property=\"og:description\" content=\"Svahili gramatika: lingvistisk\u0101 piedz\u012bvojuma demistifik\u0101cija Svahili valodas gramatika - aicino\u0161a, bet nosl\u0113pumaina, pl\u016bsto\u0161a, bet intri\u0123\u0113jo\u0161a, dinamiska,\" \/>\n<meta property=\"og:url\" content=\"https:\/\/talkpal.ai\/lv\/svahili-gramatika\/\" \/>\n<meta property=\"og:site_name\" content=\"Talkpal\" \/>\n<meta property=\"article:publisher\" content=\"https:\/\/www.facebook.com\/profile.php?id=100090733639311\" \/>\n<meta property=\"article:modified_time\" content=\"2025-12-13T15:51:24+00:00\" \/>\n<meta property=\"og:image\" content=\"https:\/\/talkpal.ai\/wp-content\/uploads\/2023\/05\/Swahili-tanzania.png\" \/>\n\t<meta property=\"og:image:width\" content=\"512\" \/>\n\t<meta property=\"og:image:height\" content=\"512\" \/>\n\t<meta property=\"og:image:type\" content=\"image\/png\" \/>\n<meta name=\"twitter:card\" content=\"summary_large_image\" \/>\n<meta name=\"twitter:site\" content=\"@talkpalai\" \/>\n<meta name=\"twitter:label1\" content=\"Est. reading time\" \/>\n\t<meta name=\"twitter:data1\" content=\"3 minutes\" \/>\n<script type=\"application\/ld+json\" class=\"yoast-schema-graph\">{\"@context\":\"https:\/\/schema.org\",\"@graph\":[{\"@type\":\"WebPage\",\"@id\":\"https:\/\/talkpal.ai\/lv\/svahili-gramatika\/\",\"url\":\"https:\/\/talkpal.ai\/lv\/svahili-gramatika\/\",\"name\":\"Svahili gramatika - Talkpal\",\"isPartOf\":{\"@id\":\"https:\/\/talkpal.ai\/lv\/#website\"},\"primaryImageOfPage\":{\"@id\":\"https:\/\/talkpal.ai\/lv\/svahili-gramatika\/#primaryimage\"},\"image\":{\"@id\":\"https:\/\/talkpal.ai\/lv\/svahili-gramatika\/#primaryimage\"},\"thumbnailUrl\":\"https:\/\/talkpal.ai\/wp-content\/uploads\/2023\/05\/Swahili-tanzania.png\",\"datePublished\":\"2023-05-14T14:25:05+00:00\",\"dateModified\":\"2025-12-13T15:51:24+00:00\",\"description\":\"Atkl\u0101jiet svahili gramatikas nosl\u0113pumus, izmantojot m\u016bsu visaptvero\u0161o rokasgr\u0101matu! Atkl\u0101jiet t\u0101s unik\u0101l\u0101s lietv\u0101rdu klases un galven\u0101s sast\u0101vda\u013cas.\",\"breadcrumb\":{\"@id\":\"https:\/\/talkpal.ai\/lv\/svahili-gramatika\/#breadcrumb\"},\"inLanguage\":\"lv-LV\",\"potentialAction\":[{\"@type\":\"ReadAction\",\"target\":[\"https:\/\/talkpal.ai\/lv\/svahili-gramatika\/\"]}]},{\"@type\":\"ImageObject\",\"inLanguage\":\"lv-LV\",\"@id\":\"https:\/\/talkpal.ai\/lv\/svahili-gramatika\/#primaryimage\",\"url\":\"https:\/\/talkpal.ai\/wp-content\/uploads\/2023\/05\/Swahili-tanzania.png\",\"contentUrl\":\"https:\/\/talkpal.ai\/wp-content\/uploads\/2023\/05\/Swahili-tanzania.png\",\"width\":512,\"height\":512},{\"@type\":\"BreadcrumbList\",\"@id\":\"https:\/\/talkpal.ai\/lv\/svahili-gramatika\/#breadcrumb\",\"itemListElement\":[{\"@type\":\"ListItem\",\"position\":1,\"name\":\"Homepage\",\"item\":\"https:\/\/talkpal.ai\/lv\/\"},{\"@type\":\"ListItem\",\"position\":2,\"name\":\"Svahili gramatika\"}]},{\"@type\":\"WebSite\",\"@id\":\"https:\/\/talkpal.ai\/lv\/#website\",\"url\":\"https:\/\/talkpal.ai\/lv\/\",\"name\":\"Talkpal\",\"description\":\"AI Language Learning\",\"publisher\":{\"@id\":\"https:\/\/talkpal.ai\/lv\/#organization\"},\"alternateName\":\"Talkpal AI\",\"potentialAction\":[{\"@type\":\"SearchAction\",\"target\":{\"@type\":\"EntryPoint\",\"urlTemplate\":\"https:\/\/talkpal.ai\/lv\/?s={search_term_string}\"},\"query-input\":{\"@type\":\"PropertyValueSpecification\",\"valueRequired\":true,\"valueName\":\"search_term_string\"}}],\"inLanguage\":\"lv-LV\"},{\"@type\":\"Organization\",\"@id\":\"https:\/\/talkpal.ai\/lv\/#organization\",\"name\":\"Talkpal, Inc.\",\"alternateName\":\"Talkpal AI\",\"url\":\"https:\/\/talkpal.ai\/lv\/\",\"logo\":{\"@type\":\"ImageObject\",\"inLanguage\":\"lv-LV\",\"@id\":\"https:\/\/talkpal.ai\/lv\/#\/schema\/logo\/image\/\",\"url\":\"https:\/\/talkpal.ai\/wp-content\/uploads\/2024\/03\/Talkpal-Logo-Icon.png\",\"contentUrl\":\"https:\/\/talkpal.ai\/wp-content\/uploads\/2024\/03\/Talkpal-Logo-Icon.png\",\"width\":2880,\"height\":2880,\"caption\":\"Talkpal, Inc.\"},\"image\":{\"@id\":\"https:\/\/talkpal.ai\/lv\/#\/schema\/logo\/image\/\"},\"sameAs\":[\"https:\/\/www.facebook.com\/profile.php?id=100090733639311\",\"https:\/\/x.com\/talkpalai\",\"https:\/\/www.linkedin.com\/company\/talkpal\/\",\"https:\/\/www.youtube.com\/@TalkPal\/\",\"https:\/\/www.tiktok.com\/@talkpal\",\"https:\/\/www.instagram.com\/talkpal_ai\/\",\"https:\/\/www.crunchbase.com\/organization\/talkpal-9cde\",\"https:\/\/www.g2.com\/products\/talkpal-for-business\/\",\"https:\/\/www.trustpilot.com\/review\/talkpal.ai\",\"https:\/\/www.capterra.com\/p\/10006800\/TalkPal\/\"],\"description\":\"Talkpal is a language learning web and mobile education app, powered by the latest AI technologies, that provides engaging experiences to its customers in many different languages to help them improve their language skills. Users can chat about unlimited amount of topics with the app and use other modes to practice their language learning.\",\"email\":\"support@talkpal.ai\",\"legalName\":\"Talkpal, Inc.\",\"foundingDate\":\"2023-04-03\",\"duns\":\"118989042\",\"numberOfEmployees\":{\"@type\":\"QuantitativeValue\",\"minValue\":\"11\",\"maxValue\":\"50\"},\"publishingPrinciples\":\"https:\/\/talkpal.ai\/publishing-principles\/\",\"actionableFeedbackPolicy\":\"https:\/\/talkpal.ai\/actionable-feedback-policy\/\",\"correctionsPolicy\":\"https:\/\/talkpal.ai\/corrections-policy\/\",\"ethicsPolicy\":\"https:\/\/talkpal.ai\/ethics-policy\/\",\"diversityPolicy\":\"https:\/\/talkpal.ai\/diversity-policy\/\",\"diversityStaffingReport\":\"https:\/\/talkpal.ai\/diversity-policy\/\"}]}<\/script>\n<!-- \/ Yoast SEO Premium plugin. -->","yoast_head_json":{"title":"Svahili gramatika - Talkpal","description":"Atkl\u0101jiet svahili gramatikas nosl\u0113pumus, izmantojot m\u016bsu visaptvero\u0161o rokasgr\u0101matu! Atkl\u0101jiet t\u0101s unik\u0101l\u0101s lietv\u0101rdu klases un galven\u0101s sast\u0101vda\u013cas.","robots":{"index":"index","follow":"follow","max-snippet":"max-snippet:-1","max-image-preview":"max-image-preview:large","max-video-preview":"max-video-preview:-1"},"canonical":"https:\/\/talkpal.ai\/lv\/svahili-gramatika\/","og_locale":"lv_LV","og_type":"article","og_title":"Svahili gramatika","og_description":"Svahili gramatika: lingvistisk\u0101 piedz\u012bvojuma demistifik\u0101cija Svahili valodas gramatika - aicino\u0161a, bet nosl\u0113pumaina, pl\u016bsto\u0161a, bet intri\u0123\u0113jo\u0161a, dinamiska,","og_url":"https:\/\/talkpal.ai\/lv\/svahili-gramatika\/","og_site_name":"Talkpal","article_publisher":"https:\/\/www.facebook.com\/profile.php?id=100090733639311","article_modified_time":"2025-12-13T15:51:24+00:00","og_image":[{"width":512,"height":512,"url":"https:\/\/talkpal.ai\/wp-content\/uploads\/2023\/05\/Swahili-tanzania.png","type":"image\/png"}],"twitter_card":"summary_large_image","twitter_site":"@talkpalai","twitter_misc":{"Est. reading time":"3 minutes"},"schema":{"@context":"https:\/\/schema.org","@graph":[{"@type":"WebPage","@id":"https:\/\/talkpal.ai\/lv\/svahili-gramatika\/","url":"https:\/\/talkpal.ai\/lv\/svahili-gramatika\/","name":"Svahili gramatika - Talkpal","isPartOf":{"@id":"https:\/\/talkpal.ai\/lv\/#website"},"primaryImageOfPage":{"@id":"https:\/\/talkpal.ai\/lv\/svahili-gramatika\/#primaryimage"},"image":{"@id":"https:\/\/talkpal.ai\/lv\/svahili-gramatika\/#primaryimage"},"thumbnailUrl":"https:\/\/talkpal.ai\/wp-content\/uploads\/2023\/05\/Swahili-tanzania.png","datePublished":"2023-05-14T14:25:05+00:00","dateModified":"2025-12-13T15:51:24+00:00","description":"Atkl\u0101jiet svahili gramatikas nosl\u0113pumus, izmantojot m\u016bsu visaptvero\u0161o rokasgr\u0101matu! Atkl\u0101jiet t\u0101s unik\u0101l\u0101s lietv\u0101rdu klases un galven\u0101s sast\u0101vda\u013cas.","breadcrumb":{"@id":"https:\/\/talkpal.ai\/lv\/svahili-gramatika\/#breadcrumb"},"inLanguage":"lv-LV","potentialAction":[{"@type":"ReadAction","target":["https:\/\/talkpal.ai\/lv\/svahili-gramatika\/"]}]},{"@type":"ImageObject","inLanguage":"lv-LV","@id":"https:\/\/talkpal.ai\/lv\/svahili-gramatika\/#primaryimage","url":"https:\/\/talkpal.ai\/wp-content\/uploads\/2023\/05\/Swahili-tanzania.png","contentUrl":"https:\/\/talkpal.ai\/wp-content\/uploads\/2023\/05\/Swahili-tanzania.png","width":512,"height":512},{"@type":"BreadcrumbList","@id":"https:\/\/talkpal.ai\/lv\/svahili-gramatika\/#breadcrumb","itemListElement":[{"@type":"ListItem","position":1,"name":"Homepage","item":"https:\/\/talkpal.ai\/lv\/"},{"@type":"ListItem","position":2,"name":"Svahili gramatika"}]},{"@type":"WebSite","@id":"https:\/\/talkpal.ai\/lv\/#website","url":"https:\/\/talkpal.ai\/lv\/","name":"Talkpal","description":"AI Language Learning","publisher":{"@id":"https:\/\/talkpal.ai\/lv\/#organization"},"alternateName":"Talkpal AI","potentialAction":[{"@type":"SearchAction","target":{"@type":"EntryPoint","urlTemplate":"https:\/\/talkpal.ai\/lv\/?s={search_term_string}"},"query-input":{"@type":"PropertyValueSpecification","valueRequired":true,"valueName":"search_term_string"}}],"inLanguage":"lv-LV"},{"@type":"Organization","@id":"https:\/\/talkpal.ai\/lv\/#organization","name":"Talkpal, Inc.","alternateName":"Talkpal AI","url":"https:\/\/talkpal.ai\/lv\/","logo":{"@type":"ImageObject","inLanguage":"lv-LV","@id":"https:\/\/talkpal.ai\/lv\/#\/schema\/logo\/image\/","url":"https:\/\/talkpal.ai\/wp-content\/uploads\/2024\/03\/Talkpal-Logo-Icon.png","contentUrl":"https:\/\/talkpal.ai\/wp-content\/uploads\/2024\/03\/Talkpal-Logo-Icon.png","width":2880,"height":2880,"caption":"Talkpal, Inc."},"image":{"@id":"https:\/\/talkpal.ai\/lv\/#\/schema\/logo\/image\/"},"sameAs":["https:\/\/www.facebook.com\/profile.php?id=100090733639311","https:\/\/x.com\/talkpalai","https:\/\/www.linkedin.com\/company\/talkpal\/","https:\/\/www.youtube.com\/@TalkPal\/","https:\/\/www.tiktok.com\/@talkpal","https:\/\/www.instagram.com\/talkpal_ai\/","https:\/\/www.crunchbase.com\/organization\/talkpal-9cde","https:\/\/www.g2.com\/products\/talkpal-for-business\/","https:\/\/www.trustpilot.com\/review\/talkpal.ai","https:\/\/www.capterra.com\/p\/10006800\/TalkPal\/"],"description":"Talkpal is a language learning web and mobile education app, powered by the latest AI technologies, that provides engaging experiences to its customers in many different languages to help them improve their language skills. Users can chat about unlimited amount of topics with the app and use other modes to practice their language learning.","email":"support@talkpal.ai","legalName":"Talkpal, Inc.","foundingDate":"2023-04-03","duns":"118989042","numberOfEmployees":{"@type":"QuantitativeValue","minValue":"11","maxValue":"50"},"publishingPrinciples":"https:\/\/talkpal.ai\/publishing-principles\/","actionableFeedbackPolicy":"https:\/\/talkpal.ai\/actionable-feedback-policy\/","correctionsPolicy":"https:\/\/talkpal.ai\/corrections-policy\/","ethicsPolicy":"https:\/\/talkpal.ai\/ethics-policy\/","diversityPolicy":"https:\/\/talkpal.ai\/diversity-policy\/","diversityStaffingReport":"https:\/\/talkpal.ai\/diversity-policy\/"}]}},"_links":{"self":[{"href":"https:\/\/talkpal.ai\/lv\/wp-json\/wp\/v2\/pages\/153826","targetHints":{"allow":["GET"]}}],"collection":[{"href":"https:\/\/talkpal.ai\/lv\/wp-json\/wp\/v2\/pages"}],"about":[{"href":"https:\/\/talkpal.ai\/lv\/wp-json\/wp\/v2\/types\/page"}],"author":[{"embeddable":true,"href":"https:\/\/talkpal.ai\/lv\/wp-json\/wp\/v2\/users\/1"}],"replies":[{"embeddable":true,"href":"https:\/\/talkpal.ai\/lv\/wp-json\/wp\/v2\/comments?post=153826"}],"version-history":[{"count":0,"href":"https:\/\/talkpal.ai\/lv\/wp-json\/wp\/v2\/pages\/153826\/revisions"}],"wp:featuredmedia":[{"embeddable":true,"href":"https:\/\/talkpal.ai\/lv\/wp-json\/wp\/v2\/media\/119157"}],"wp:attachment":[{"href":"https:\/\/talkpal.ai\/lv\/wp-json\/wp\/v2\/media?parent=153826"}],"curies":[{"name":"wp","href":"https:\/\/api.w.org\/{rel}","templated":true}]}}