{"id":153506,"date":"2023-05-14T14:24:42","date_gmt":"2023-05-14T14:24:42","guid":{"rendered":"http:\/\/talkpal.ai\/taizemes-gramatika\/"},"modified":"2025-12-13T15:47:37","modified_gmt":"2025-12-13T15:47:37","slug":"taizemes-gramatika","status":"publish","type":"page","link":"https:\/\/talkpal.ai\/lv\/taizemes-gramatika\/","title":{"rendered":"Taizemes gramatika"},"content":{"rendered":"\r\n\r\n\r\n<section class=\"languageChallengeSection\">\r\n    <div class=\"languageInfoWrapper\">\r\n        \r\n        <h1>Taizemes gramatika<\/h1>\r\n        <p>Uzziniet taizemie\u0161u gramatiku un izbaudiet skaistumu <a href=\"https:\/\/talkpal.ai\/what-language-is-spoken-on-the-international-space-station\/\">valodas<\/a>, kas ir gan lo\u0123iska, gan izteiksm\u012bga. S\u0101ciet savu ce\u013cojumu un atveriet durvis uz aizraujo\u0161u dom\u0101\u0161anas un runas veidu!<\/p>\r\n\r\n                            <a class=\"getStartedHidden\" href=\"https:\/\/app.talkpal.ai\/lv\/signup?lng=\">S\u0101c<\/a>\r\n        \r\n    <\/div>\r\n\r\n    <figure>\r\n    <img decoding=\"async\" width=\"768\" height=\"768\" src=\"https:\/\/talkpal.ai\/wp-content\/uploads\/2023\/06\/thai-768x768.png\" class=\"languageImage no-lazy\" alt=\"Language learning for improved thought process\" fetchpriority=\"high\" sizes=\"(max-width: 768px) 150px, 768px\" srcset=\"https:\/\/talkpal.ai\/wp-content\/uploads\/2023\/06\/thai-768x768.png 768w, https:\/\/talkpal.ai\/wp-content\/uploads\/2023\/06\/thai-300x300.png 300w\" \/>\r\n    \r\n\r\n    <\/figure>\r\n\r\n            <a class=\"getStartedVisible\" href=\"https:\/\/app.talkpal.ai\/lv\/signup?lng=\">S\u0101c<\/a>\r\n    \r\n<\/section>\r\n<section class=\"promotionalBanner\">\r\n    <p class=\"promotionalText\">Visefekt\u012bv\u0101kais veids, k\u0101 apg\u016bt valodu<\/p>\r\n    <a class=\"promotionalLink\" href=\"https:\/\/app.talkpal.ai\/lv\/signup?lng=\">Izm\u0113\u0123iniet Talkpal bez maksas<\/a>\r\n<\/section>\n<div class=\"wp-block-group pageContainerStyle\"><div class=\"wp-block-group__inner-container is-layout-constrained wp-block-group-is-layout-constrained\">\n<h2 class=\"wp-block-heading\" id=\"h-thai-grammar-exploring-a-unique-linguistic-world\">Taizemes gramatika: unik\u0101las lingvistisk\u0101s pasaules izp\u0113te<\/h2>\n\n\n\n<p><a href=\"https:\/\/talkpal.ai\/thai-grammar\/\">Taizemes gramatika<\/a> &#8211; \u0161\u0137ietami nosl\u0113pumaina, eksotiska un valdzino\u0161a. Dodoties ce\u013cojum\u0101, lai apg\u016btu <a href=\"https:\/\/talkpal.ai\/lv\/uzziniet-taju-valodu\/\">taju valodu<\/a>, j\u016bs var\u0113tu negaid\u012bti saj\u016bsmin\u0101ties par t\u0101s gramatiku. Nebaidieties, mani kol\u0113\u0123i valodas p\u0113tnieki! M\u0113s esam \u0161eit, lai pied\u0101v\u0101tu nor\u0101d\u012bjumus un atbalstu \u0161aj\u0101 aizraujo\u0161aj\u0101 piedz\u012bvojum\u0101!<\/p>\n\n\n\n<p>\u0160aj\u0101 rakst\u0101 m\u0113s iedzi\u013cin\u0101mies Taizemes gramatikas galvenajos aspektos, sadalot galvenos j\u0113dzienus, izskaidrojot noteikumus un pat vienk\u0101r\u0161ojot sare\u017e\u0123\u012bjumus. Pievienojieties mums, kad m\u0113s pace\u013cam priek\u0161karu taizemie\u0161u gramatikai un aizdedzin\u0101m j\u016bsu aizrau\u0161anos ar \u0161o br\u012bni\u0161\u0137\u012bgi unik\u0101lo valodu!<\/p>\n\n\n\n<h3 class=\"wp-block-heading\" id=\"h-1-nouns-no-plurals-no-genders-no-worries\">1. Lietv\u0101rdi: Nav daudzskait\u013ca, nav dzimtes, nav rai\u017eu!<\/h3>\n\n\n\n<p>Taizemes gramatikas skaistums sl\u0113pjas t\u0101s vienk\u0101r\u0161\u012bb\u0101 attiec\u012bb\u0101 uz lietv\u0101rdiem. Taizemes lietv\u0101rdiem nav dzimtes vai daudzskait\u013ca formas, padarot tos viegli lietojamus un saprotamus. Lai nor\u0101d\u012btu daudzskaitl\u012bbu, vienk\u0101r\u0161i pievienojiet daudzskait\u013ca v\u0101rdu, piem\u0113ram, &#8220;daudzi&#8221; (\u0e21\u0e32\u0e01, m\u00e2ak) vai &#8220;da\u017ei&#8221; (\u0e1a\u0e49\u0e32\u0e07, b\u00e2ang), vai atk\u0101rtojiet lietv\u0101rdu, lai uzsv\u0113rtu daudzskait\u013ca noz\u012bmi.<\/p>\n\n\n\n<h3 class=\"wp-block-heading\" id=\"h-2-pronouns-choose-wisely-based-on-politeness\">2. Vietniekv\u0101rdi: izv\u0113lieties gudri, pamatojoties uz piekl\u0101j\u012bbu<\/h3>\n\n\n\n<p>Taizemes gramatik\u0101 ir svar\u012bgi izv\u0113l\u0113ties atbilsto\u0161u vietniekv\u0101rdu, lai par\u0101d\u012btu cie\u0146u un pazem\u012bbu. Taizemes vietniekv\u0101rdi at\u0161\u0137iras atkar\u012bb\u0101 no run\u0101t\u0101ja un klaus\u012bt\u0101ja dzimuma, vecuma un savstarp\u0113j\u0101m attiec\u012bb\u0101m. Piem\u0113ram, &#8220;\u0e09\u0e31\u0e19&#8221; (ch\u0103n) ir bie\u017ei sastopams neofici\u0101ls pirm\u0101s personas vietniekv\u0101rds, savuk\u0101rt &#8220;\u0e1c\u0e21&#8221; (p\u014fm) v\u012brie\u0161i bie\u017ei lieto form\u0101l\u0101s situ\u0101cij\u0101s.<\/p>\n\n\n\n<p>Lai k\u013c\u016bd\u012btos piekl\u0101j\u012bbas pus\u0113, lietojiet &#8220;\u0e04\u0e38\u0e13&#8221; (kun), lai apz\u012bm\u0113tu &#8220;j\u016bs&#8221;, un &#8220;\u0e40\u0e02\u0e32&#8221; (k\u0103o), lai apz\u012bm\u0113tu &#8220;vi\u0146\u0161\/vi\u0146a&#8221;.<\/p>\n\n\n\n<h3 class=\"wp-block-heading\" id=\"h-3-verbs-no-conjugation-or-tenses-only-particles\">3. Darb\u012bbas v\u0101rdi: nav konjug\u0101cijas vai sasprindzin\u0101juma, tikai da\u013ci\u0146as<\/h3>\n\n\n\n<p><a href=\"https:\/\/talkpal.ai\/learn-thai\/\">Taju<\/a> gramatik\u0101 darb\u012bbas v\u0101rdi paliek nemain\u012bgi neatkar\u012bgi no sasprindzin\u0101juma, garast\u0101vok\u013ca vai priek\u0161meta. T\u0101 viet\u0101 <a href=\"https:\/\/talkpal.ai\/learn-thai\/\">taju<\/a> valoda pa\u013caujas uz vienk\u0101r\u0161iem v\u0101rdiem, kas paz\u012bstami k\u0101 da\u013ci\u0146as, lai nor\u0101d\u012btu teikuma sasprindzin\u0101jumu vai attieksmi. \u0160\u012bs da\u013ci\u0146as tiek ievietotas teikuma beig\u0101s.<\/p>\n\n\n\n<p>Piem\u0113ram, da\u013ci\u0146a &#8220;\u0e41\u0e25\u0e49\u0e27&#8221; (l\u00e1ew) apz\u012bm\u0113 pag\u0101tnes laiku vai pabeigtu darb\u012bbu, bet &#8220;\u0e01\u0e33\u0e25\u0e31\u0e07&#8221; (gam-lang) tiek lietota attiec\u012bb\u0101 uz notieko\u0161o darb\u012bbu. T\u0101p\u0113c &#8220;\u0e40\u0e02\u0e32\u0e01\u0e34\u0e19&#8221; (k\u0103o gin) noz\u012bm\u0113 &#8220;vi\u0146\u0161\/vi\u0146a \u0113d&#8221;, bet &#8220;\u0e40\u0e02\u0e32\u0e01\u0e34\u0e19\u0e41\u0e25\u0e49\u0e27&#8221; (k\u0103o gin l\u00e1ew) noz\u012bm\u0113 &#8220;vi\u0146\u0161\/vi\u0146a \u0113da&#8221;.<\/p>\n\n\n\n<h3 class=\"wp-block-heading\" id=\"h-4-sentence-structure-clear-and-straightforward\">4. Teikuma strukt\u016bra: skaidra un vienk\u0101r\u0161a<\/h3>\n\n\n\n<p>Taju valodas <a href=\"https:\/\/talkpal.ai\/sq\/gramatika\/\">gramatika<\/a> seko subjekta-verba-objekta (SVO) teikuma strukt\u016brai, kas ir l\u012bdz\u012bga <a href=\"https:\/\/talkpal.ai\/learn-english-with-ai\/\">ang\u013cu<\/a> valodai, kas vienk\u0101r\u0161o izpratni ang\u013cu valod\u0101 run\u0101jo\u0161ajiem. Galvenais noteikums ir t\u0101ds, ka \u012bpa\u0161\u012bbas v\u0101rdi, adverbi un citi apraksto\u0161i v\u0101rdi seko lietv\u0101rdam vai darb\u012bbas v\u0101rdam, ko tie apraksta.<\/p>\n\n\n\n<p>Piem\u0113ram, &#8220;\u0e1c\u0e21\u0e0a\u0e2d\u0e1a\u0e2b\u0e19\u0e31\u0e07\u0e2a\u0e37\u0e2d\u0e19\u0e35\u0e49&#8221; (p\u014fm ch\u00e2wp n\u0103ng s\u011bu n\u00e9e) tulkojams k\u0101 &#8220;man (subjektam) pat\u012bk (darb\u012bbas v\u0101rds) \u0161\u012b gr\u0101mata (objekts)&#8221;.<\/p>\n\n\n\n<h3 class=\"wp-block-heading\" id=\"h-5-immerse-yourself-in-thai-practice-makes-perfect\">5. Iegremd\u0113jieties taju valod\u0101: prakse padara perfektu<\/h3>\n\n\n\n<p>Taizemes gramatikas izpratne un apg\u016b\u0161ana s\u0101kotn\u0113ji var \u0161\u0137ist izaicino\u0161a, ta\u010du galvenais ir neatlaid\u012bba un konsekventa prakse. Iesaistiet visas savas ma\u0146as, iegremd\u0113joties valod\u0101, lasot, rakstot, klausoties un sarun\u0101joties ar dzimt\u0101 valoda. Jo liel\u0101ka ir taizemes gramatikas iedarb\u012bba, jo vair\u0101k \u0161ie eksotiskie j\u0113dzieni jut\u012bsies paz\u012bstami un \u0113rti.<\/p>\n\n\n\n<p>T\u0101tad, vai esat gatavs ienirt aizraujo\u0161aj\u0101 Taizemes gramatikas pasaul\u0113? Pie\u0146emiet izaicin\u0101jumu un taizemie\u0161u gramatikas unik\u0101l\u0101s \u012bpa\u0161\u012bbas, un ar laiku, cent\u012bbu un piedz\u012bvojumu saj\u016btu j\u016bs varat atrais\u012bt taju valodas valdzino\u0161o skaistumu.<\/p>\n<\/div><\/div>\n\r\n<section class=\"learnNavigationSection\">\r\n            \r\n        <a href=\"https:\/\/talkpal.ai\/lv\/uzziniet-taju-valodu\/\">\r\n            <div class=\"learnNavigationWrapper\">\r\n                <div class=\"learnNavigationContent\">\r\n                    <img decoding=\"async\" src=\"https:\/\/talkpal.ai\/wp-content\/uploads\/2024\/08\/Thai.jpg\" alt=\"Thai Flag\">\r\n                    <div>\r\n                        <h4>Par Taizemes m\u0101c\u012bbu<\/h4>\r\n                        <p>Uzziniet visu par taju gramatiku.<\/p>\r\n                    <\/div>\r\n                <\/div>\r\n            <\/div>\r\n        <\/a>\r\n\r\n        \r\n        <a href=\"https:\/\/talkpal.ai\/lv\/taizemes-gramatikas-vingrinajumi\/\">\r\n            <div class=\"learnNavigationWrapper\">\r\n                <div class=\"learnNavigationContent\">\r\n                    <img decoding=\"async\" src=\"https:\/\/talkpal.ai\/wp-content\/uploads\/2024\/08\/Thai.jpg\" alt=\"Thai Flag\">\r\n                    <div>\r\n                        <h4>Taizemes gramatikas vingrin\u0101jums<\/h4>\r\n                        <p>Praktiz\u0113jiet taju gramatiku.<\/p>\r\n                    <\/div>\r\n                <\/div>\r\n            <\/div>\r\n        <\/a>\r\n\r\n        \r\n        <a href=\"https:\/\/talkpal.ai\/vocabulary_language\/thai\/\">\r\n            <div class=\"learnNavigationWrapper\">\r\n                <div class=\"learnNavigationContent\">\r\n                    <img decoding=\"async\" src=\"https:\/\/talkpal.ai\/wp-content\/uploads\/2024\/08\/Thai.jpg\" alt=\"Thai Flag\">\r\n                    <div>\r\n                        <h4>Taizemes v\u0101rdn\u012bca<\/h4>\r\n                        <p>Papla\u0161ini savu taju valodas v\u0101rdu kr\u0101jumu.<\/p>\r\n                    <\/div>\r\n                <\/div>\r\n            <\/div>\r\n        <\/a>\r\n\r\n            <\/section>","protected":false},"excerpt":{"rendered":"<p>Taizemes gramatika: unik\u0101las lingvistisk\u0101s pasaules izp\u0113te Taizemes gramatika &#8211; \u0161\u0137ietami nosl\u0113pumaina, eksotiska un valdzino\u0161a. Dodoties ce\u013cojum\u0101, lai apg\u016btu taju valodu, j\u016bs var\u0113tu negaid\u012bti saj\u016bsmin\u0101ties par t\u0101s gramatiku. Nebaidieties, mani kol\u0113\u0123i valodas p\u0113tnieki! M\u0113s esam \u0161eit, lai pied\u0101v\u0101tu nor\u0101d\u012bjumus un atbalstu \u0161aj\u0101 aizraujo\u0161aj\u0101 piedz\u012bvojum\u0101! \u0160aj\u0101 rakst\u0101 m\u0113s iedzi\u013cin\u0101mies Taizemes gramatikas galvenajos aspektos, sadalot galvenos j\u0113dzienus, izskaidrojot [&hellip;]<\/p>\n","protected":false},"author":1,"featured_media":120734,"parent":0,"menu_order":0,"comment_status":"closed","ping_status":"closed","template":"LearningContentPage.php","meta":{"_acf_changed":false,"footnotes":""},"class_list":["post-153506","page","type-page","status-publish","has-post-thumbnail","hentry"],"acf":[],"yoast_head":"<!-- This site is optimized with the Yoast SEO Premium plugin v27.2 (Yoast SEO v27.2) - https:\/\/yoast.com\/product\/yoast-seo-premium-wordpress\/ -->\n<title>Taizemes gramatika - Talkpal<\/title>\n<meta name=\"description\" content=\"Izp\u0113tiet aizraujo\u0161o Taizemes gramatikas pasauli. Atkl\u0101jiet t\u0101s vienk\u0101r\u0161\u012bbu un unik\u0101l\u0101s funkcijas, kas padara m\u0101c\u012b\u0161anos pat\u012bkamu.\" \/>\n<meta name=\"robots\" content=\"index, follow, max-snippet:-1, max-image-preview:large, max-video-preview:-1\" \/>\n<link rel=\"canonical\" href=\"https:\/\/talkpal.ai\/lv\/taizemes-gramatika\/\" \/>\n<meta property=\"og:locale\" content=\"lv_LV\" \/>\n<meta property=\"og:type\" content=\"article\" \/>\n<meta property=\"og:title\" content=\"Taizemes gramatika\" \/>\n<meta property=\"og:description\" content=\"Taizemes gramatika: unik\u0101las lingvistisk\u0101s pasaules izp\u0113te Taizemes gramatika - \u0161\u0137ietami nosl\u0113pumaina, eksotiska un valdzino\u0161a. Dodoties ce\u013cojum\u0101, lai\" \/>\n<meta property=\"og:url\" content=\"https:\/\/talkpal.ai\/lv\/taizemes-gramatika\/\" \/>\n<meta property=\"og:site_name\" content=\"Talkpal\" \/>\n<meta property=\"article:publisher\" content=\"https:\/\/www.facebook.com\/profile.php?id=100090733639311\" \/>\n<meta property=\"article:modified_time\" content=\"2025-12-13T15:47:37+00:00\" \/>\n<meta property=\"og:image\" content=\"https:\/\/talkpal.ai\/wp-content\/uploads\/2023\/05\/thailand.png\" \/>\n\t<meta property=\"og:image:width\" content=\"512\" \/>\n\t<meta property=\"og:image:height\" content=\"512\" \/>\n\t<meta property=\"og:image:type\" content=\"image\/png\" \/>\n<meta name=\"twitter:card\" content=\"summary_large_image\" \/>\n<meta name=\"twitter:site\" content=\"@talkpalai\" \/>\n<meta name=\"twitter:label1\" content=\"Est. reading time\" \/>\n\t<meta name=\"twitter:data1\" content=\"3 minutes\" \/>\n<script type=\"application\/ld+json\" class=\"yoast-schema-graph\">{\"@context\":\"https:\/\/schema.org\",\"@graph\":[{\"@type\":\"WebPage\",\"@id\":\"https:\/\/talkpal.ai\/lv\/taizemes-gramatika\/\",\"url\":\"https:\/\/talkpal.ai\/lv\/taizemes-gramatika\/\",\"name\":\"Taizemes gramatika - Talkpal\",\"isPartOf\":{\"@id\":\"https:\/\/talkpal.ai\/lv\/#website\"},\"primaryImageOfPage\":{\"@id\":\"https:\/\/talkpal.ai\/lv\/taizemes-gramatika\/#primaryimage\"},\"image\":{\"@id\":\"https:\/\/talkpal.ai\/lv\/taizemes-gramatika\/#primaryimage\"},\"thumbnailUrl\":\"https:\/\/talkpal.ai\/wp-content\/uploads\/2023\/05\/thailand.png\",\"datePublished\":\"2023-05-14T14:24:42+00:00\",\"dateModified\":\"2025-12-13T15:47:37+00:00\",\"description\":\"Izp\u0113tiet aizraujo\u0161o Taizemes gramatikas pasauli. Atkl\u0101jiet t\u0101s vienk\u0101r\u0161\u012bbu un unik\u0101l\u0101s funkcijas, kas padara m\u0101c\u012b\u0161anos pat\u012bkamu.\",\"breadcrumb\":{\"@id\":\"https:\/\/talkpal.ai\/lv\/taizemes-gramatika\/#breadcrumb\"},\"inLanguage\":\"lv-LV\",\"potentialAction\":[{\"@type\":\"ReadAction\",\"target\":[\"https:\/\/talkpal.ai\/lv\/taizemes-gramatika\/\"]}]},{\"@type\":\"ImageObject\",\"inLanguage\":\"lv-LV\",\"@id\":\"https:\/\/talkpal.ai\/lv\/taizemes-gramatika\/#primaryimage\",\"url\":\"https:\/\/talkpal.ai\/wp-content\/uploads\/2023\/05\/thailand.png\",\"contentUrl\":\"https:\/\/talkpal.ai\/wp-content\/uploads\/2023\/05\/thailand.png\",\"width\":512,\"height\":512},{\"@type\":\"BreadcrumbList\",\"@id\":\"https:\/\/talkpal.ai\/lv\/taizemes-gramatika\/#breadcrumb\",\"itemListElement\":[{\"@type\":\"ListItem\",\"position\":1,\"name\":\"Homepage\",\"item\":\"https:\/\/talkpal.ai\/lv\/\"},{\"@type\":\"ListItem\",\"position\":2,\"name\":\"Taizemes gramatika\"}]},{\"@type\":\"WebSite\",\"@id\":\"https:\/\/talkpal.ai\/lv\/#website\",\"url\":\"https:\/\/talkpal.ai\/lv\/\",\"name\":\"Talkpal\",\"description\":\"AI Language Learning\",\"publisher\":{\"@id\":\"https:\/\/talkpal.ai\/lv\/#organization\"},\"alternateName\":\"Talkpal AI\",\"potentialAction\":[{\"@type\":\"SearchAction\",\"target\":{\"@type\":\"EntryPoint\",\"urlTemplate\":\"https:\/\/talkpal.ai\/lv\/?s={search_term_string}\"},\"query-input\":{\"@type\":\"PropertyValueSpecification\",\"valueRequired\":true,\"valueName\":\"search_term_string\"}}],\"inLanguage\":\"lv-LV\"},{\"@type\":\"Organization\",\"@id\":\"https:\/\/talkpal.ai\/lv\/#organization\",\"name\":\"Talkpal, Inc.\",\"alternateName\":\"Talkpal AI\",\"url\":\"https:\/\/talkpal.ai\/lv\/\",\"logo\":{\"@type\":\"ImageObject\",\"inLanguage\":\"lv-LV\",\"@id\":\"https:\/\/talkpal.ai\/lv\/#\/schema\/logo\/image\/\",\"url\":\"https:\/\/talkpal.ai\/wp-content\/uploads\/2024\/03\/Talkpal-Logo-Icon.png\",\"contentUrl\":\"https:\/\/talkpal.ai\/wp-content\/uploads\/2024\/03\/Talkpal-Logo-Icon.png\",\"width\":2880,\"height\":2880,\"caption\":\"Talkpal, Inc.\"},\"image\":{\"@id\":\"https:\/\/talkpal.ai\/lv\/#\/schema\/logo\/image\/\"},\"sameAs\":[\"https:\/\/www.facebook.com\/profile.php?id=100090733639311\",\"https:\/\/x.com\/talkpalai\",\"https:\/\/www.linkedin.com\/company\/talkpal\/\",\"https:\/\/www.youtube.com\/@TalkPal\/\",\"https:\/\/www.tiktok.com\/@talkpal\",\"https:\/\/www.instagram.com\/talkpal_ai\/\",\"https:\/\/www.crunchbase.com\/organization\/talkpal-9cde\",\"https:\/\/www.g2.com\/products\/talkpal-for-business\/\",\"https:\/\/www.trustpilot.com\/review\/talkpal.ai\",\"https:\/\/www.capterra.com\/p\/10006800\/TalkPal\/\"],\"description\":\"Talkpal is a language learning web and mobile education app, powered by the latest AI technologies, that provides engaging experiences to its customers in many different languages to help them improve their language skills. Users can chat about unlimited amount of topics with the app and use other modes to practice their language learning.\",\"email\":\"support@talkpal.ai\",\"legalName\":\"Talkpal, Inc.\",\"foundingDate\":\"2023-04-03\",\"duns\":\"118989042\",\"numberOfEmployees\":{\"@type\":\"QuantitativeValue\",\"minValue\":\"11\",\"maxValue\":\"50\"},\"publishingPrinciples\":\"https:\/\/talkpal.ai\/publishing-principles\/\",\"actionableFeedbackPolicy\":\"https:\/\/talkpal.ai\/actionable-feedback-policy\/\",\"correctionsPolicy\":\"https:\/\/talkpal.ai\/corrections-policy\/\",\"ethicsPolicy\":\"https:\/\/talkpal.ai\/ethics-policy\/\",\"diversityPolicy\":\"https:\/\/talkpal.ai\/diversity-policy\/\",\"diversityStaffingReport\":\"https:\/\/talkpal.ai\/diversity-policy\/\"}]}<\/script>\n<!-- \/ Yoast SEO Premium plugin. -->","yoast_head_json":{"title":"Taizemes gramatika - Talkpal","description":"Izp\u0113tiet aizraujo\u0161o Taizemes gramatikas pasauli. Atkl\u0101jiet t\u0101s vienk\u0101r\u0161\u012bbu un unik\u0101l\u0101s funkcijas, kas padara m\u0101c\u012b\u0161anos pat\u012bkamu.","robots":{"index":"index","follow":"follow","max-snippet":"max-snippet:-1","max-image-preview":"max-image-preview:large","max-video-preview":"max-video-preview:-1"},"canonical":"https:\/\/talkpal.ai\/lv\/taizemes-gramatika\/","og_locale":"lv_LV","og_type":"article","og_title":"Taizemes gramatika","og_description":"Taizemes gramatika: unik\u0101las lingvistisk\u0101s pasaules izp\u0113te Taizemes gramatika - \u0161\u0137ietami nosl\u0113pumaina, eksotiska un valdzino\u0161a. Dodoties ce\u013cojum\u0101, lai","og_url":"https:\/\/talkpal.ai\/lv\/taizemes-gramatika\/","og_site_name":"Talkpal","article_publisher":"https:\/\/www.facebook.com\/profile.php?id=100090733639311","article_modified_time":"2025-12-13T15:47:37+00:00","og_image":[{"width":512,"height":512,"url":"https:\/\/talkpal.ai\/wp-content\/uploads\/2023\/05\/thailand.png","type":"image\/png"}],"twitter_card":"summary_large_image","twitter_site":"@talkpalai","twitter_misc":{"Est. reading time":"3 minutes"},"schema":{"@context":"https:\/\/schema.org","@graph":[{"@type":"WebPage","@id":"https:\/\/talkpal.ai\/lv\/taizemes-gramatika\/","url":"https:\/\/talkpal.ai\/lv\/taizemes-gramatika\/","name":"Taizemes gramatika - Talkpal","isPartOf":{"@id":"https:\/\/talkpal.ai\/lv\/#website"},"primaryImageOfPage":{"@id":"https:\/\/talkpal.ai\/lv\/taizemes-gramatika\/#primaryimage"},"image":{"@id":"https:\/\/talkpal.ai\/lv\/taizemes-gramatika\/#primaryimage"},"thumbnailUrl":"https:\/\/talkpal.ai\/wp-content\/uploads\/2023\/05\/thailand.png","datePublished":"2023-05-14T14:24:42+00:00","dateModified":"2025-12-13T15:47:37+00:00","description":"Izp\u0113tiet aizraujo\u0161o Taizemes gramatikas pasauli. Atkl\u0101jiet t\u0101s vienk\u0101r\u0161\u012bbu un unik\u0101l\u0101s funkcijas, kas padara m\u0101c\u012b\u0161anos pat\u012bkamu.","breadcrumb":{"@id":"https:\/\/talkpal.ai\/lv\/taizemes-gramatika\/#breadcrumb"},"inLanguage":"lv-LV","potentialAction":[{"@type":"ReadAction","target":["https:\/\/talkpal.ai\/lv\/taizemes-gramatika\/"]}]},{"@type":"ImageObject","inLanguage":"lv-LV","@id":"https:\/\/talkpal.ai\/lv\/taizemes-gramatika\/#primaryimage","url":"https:\/\/talkpal.ai\/wp-content\/uploads\/2023\/05\/thailand.png","contentUrl":"https:\/\/talkpal.ai\/wp-content\/uploads\/2023\/05\/thailand.png","width":512,"height":512},{"@type":"BreadcrumbList","@id":"https:\/\/talkpal.ai\/lv\/taizemes-gramatika\/#breadcrumb","itemListElement":[{"@type":"ListItem","position":1,"name":"Homepage","item":"https:\/\/talkpal.ai\/lv\/"},{"@type":"ListItem","position":2,"name":"Taizemes gramatika"}]},{"@type":"WebSite","@id":"https:\/\/talkpal.ai\/lv\/#website","url":"https:\/\/talkpal.ai\/lv\/","name":"Talkpal","description":"AI Language Learning","publisher":{"@id":"https:\/\/talkpal.ai\/lv\/#organization"},"alternateName":"Talkpal AI","potentialAction":[{"@type":"SearchAction","target":{"@type":"EntryPoint","urlTemplate":"https:\/\/talkpal.ai\/lv\/?s={search_term_string}"},"query-input":{"@type":"PropertyValueSpecification","valueRequired":true,"valueName":"search_term_string"}}],"inLanguage":"lv-LV"},{"@type":"Organization","@id":"https:\/\/talkpal.ai\/lv\/#organization","name":"Talkpal, Inc.","alternateName":"Talkpal AI","url":"https:\/\/talkpal.ai\/lv\/","logo":{"@type":"ImageObject","inLanguage":"lv-LV","@id":"https:\/\/talkpal.ai\/lv\/#\/schema\/logo\/image\/","url":"https:\/\/talkpal.ai\/wp-content\/uploads\/2024\/03\/Talkpal-Logo-Icon.png","contentUrl":"https:\/\/talkpal.ai\/wp-content\/uploads\/2024\/03\/Talkpal-Logo-Icon.png","width":2880,"height":2880,"caption":"Talkpal, Inc."},"image":{"@id":"https:\/\/talkpal.ai\/lv\/#\/schema\/logo\/image\/"},"sameAs":["https:\/\/www.facebook.com\/profile.php?id=100090733639311","https:\/\/x.com\/talkpalai","https:\/\/www.linkedin.com\/company\/talkpal\/","https:\/\/www.youtube.com\/@TalkPal\/","https:\/\/www.tiktok.com\/@talkpal","https:\/\/www.instagram.com\/talkpal_ai\/","https:\/\/www.crunchbase.com\/organization\/talkpal-9cde","https:\/\/www.g2.com\/products\/talkpal-for-business\/","https:\/\/www.trustpilot.com\/review\/talkpal.ai","https:\/\/www.capterra.com\/p\/10006800\/TalkPal\/"],"description":"Talkpal is a language learning web and mobile education app, powered by the latest AI technologies, that provides engaging experiences to its customers in many different languages to help them improve their language skills. Users can chat about unlimited amount of topics with the app and use other modes to practice their language learning.","email":"support@talkpal.ai","legalName":"Talkpal, Inc.","foundingDate":"2023-04-03","duns":"118989042","numberOfEmployees":{"@type":"QuantitativeValue","minValue":"11","maxValue":"50"},"publishingPrinciples":"https:\/\/talkpal.ai\/publishing-principles\/","actionableFeedbackPolicy":"https:\/\/talkpal.ai\/actionable-feedback-policy\/","correctionsPolicy":"https:\/\/talkpal.ai\/corrections-policy\/","ethicsPolicy":"https:\/\/talkpal.ai\/ethics-policy\/","diversityPolicy":"https:\/\/talkpal.ai\/diversity-policy\/","diversityStaffingReport":"https:\/\/talkpal.ai\/diversity-policy\/"}]}},"_links":{"self":[{"href":"https:\/\/talkpal.ai\/lv\/wp-json\/wp\/v2\/pages\/153506","targetHints":{"allow":["GET"]}}],"collection":[{"href":"https:\/\/talkpal.ai\/lv\/wp-json\/wp\/v2\/pages"}],"about":[{"href":"https:\/\/talkpal.ai\/lv\/wp-json\/wp\/v2\/types\/page"}],"author":[{"embeddable":true,"href":"https:\/\/talkpal.ai\/lv\/wp-json\/wp\/v2\/users\/1"}],"replies":[{"embeddable":true,"href":"https:\/\/talkpal.ai\/lv\/wp-json\/wp\/v2\/comments?post=153506"}],"version-history":[{"count":0,"href":"https:\/\/talkpal.ai\/lv\/wp-json\/wp\/v2\/pages\/153506\/revisions"}],"wp:featuredmedia":[{"embeddable":true,"href":"https:\/\/talkpal.ai\/lv\/wp-json\/wp\/v2\/media\/120734"}],"wp:attachment":[{"href":"https:\/\/talkpal.ai\/lv\/wp-json\/wp\/v2\/media?parent=153506"}],"curies":[{"name":"wp","href":"https:\/\/api.w.org\/{rel}","templated":true}]}}