{"id":153190,"date":"2023-05-14T14:23:49","date_gmt":"2023-05-14T14:23:49","guid":{"rendered":"http:\/\/talkpal.ai\/turku-valodas-gramatika\/"},"modified":"2025-12-13T15:56:11","modified_gmt":"2025-12-13T15:56:11","slug":"turku-valodas-gramatika","status":"publish","type":"page","link":"https:\/\/talkpal.ai\/lv\/turku-valodas-gramatika\/","title":{"rendered":"Turku valodas gramatika"},"content":{"rendered":"\r\n\r\n\r\n<section class=\"languageChallengeSection\">\r\n    <div class=\"languageInfoWrapper\">\r\n        \r\n        <h1>Turku valodas gramatika<\/h1>\r\n        <p>V\u0113laties apg\u016bt <a href=\"https:\/\/talkpal.ai\/locations\/language-courses-in-turku\/\">turku<\/a> valodu? Izp\u0113tiet <a href=\"https:\/\/talkpal.ai\/locations\/language-courses-in-turku\/\">turku<\/a> <a href=\"https:\/\/talkpal.ai\/what-language-is-spoken-on-the-international-space-station\/\">valodas<\/a> gramatiku un uzziniet, k\u0101 t\u0101s lo\u0123isk\u0101 strukt\u016bra, patska\u0146u harmonija un viegli saprotamie darb\u012bbas v\u0101rdu mode\u013ci padara to aizraujo\u0161u un pieejamu. S\u0101ciet savu ce\u013cojumu jau \u0161odien &#8211; turku valodas gramatikas apguve ir j\u016bsu atsl\u0113ga uz br\u012bvu sazi\u0146u un atkl\u0101sme plauksto\u0161ai kult\u016bras un saiknes pasaulei!<\/p>\r\n\r\n                            <a class=\"getStartedHidden\" href=\"https:\/\/app.talkpal.ai\/lv\/signup?lng=\">S\u0101c<\/a>\r\n        \r\n    <\/div>\r\n\r\n    <figure>\r\n    <img decoding=\"async\" width=\"768\" height=\"768\" src=\"https:\/\/talkpal.ai\/wp-content\/uploads\/2023\/06\/turkish-768x768.png\" class=\"languageImage no-lazy\" alt=\"Language learning for increased focus\" fetchpriority=\"high\" sizes=\"(max-width: 768px) 150px, 768px\" srcset=\"https:\/\/talkpal.ai\/wp-content\/uploads\/2023\/06\/turkish-768x768.png 768w, https:\/\/talkpal.ai\/wp-content\/uploads\/2023\/06\/turkish-300x300.png 300w\" \/>\r\n    \r\n\r\n    <\/figure>\r\n\r\n            <a class=\"getStartedVisible\" href=\"https:\/\/app.talkpal.ai\/lv\/signup?lng=\">S\u0101c<\/a>\r\n    \r\n<\/section>\r\n<section class=\"promotionalBanner\">\r\n    <p class=\"promotionalText\">Visefekt\u012bv\u0101kais veids, k\u0101 apg\u016bt valodu<\/p>\r\n    <a class=\"promotionalLink\" href=\"https:\/\/app.talkpal.ai\/lv\/signup?lng=\">Izm\u0113\u0123iniet Talkpal bez maksas<\/a>\r\n<\/section>\n<div class=\"wp-block-group pageContainerStyle\"><div class=\"wp-block-group__inner-container is-layout-constrained wp-block-group-is-layout-constrained\">\n<h2 class=\"wp-block-heading\" id=\"h-the-ultimate-guide-to-turkish-grammar-navigating-the-intricacies-of-a-unique-language\">Gal\u012bgais turku gramatikas ce\u013cvedis: navig\u0101cija unik\u0101l\u0101s valodas sare\u017e\u0123\u012bt\u012bb\u0101<\/h2>\n\n\n\n<p>Turku <a href=\"https:\/\/talkpal.ai\/sq\/gramatika\/\">gramatika<\/a>, t\u0101pat k\u0101 pati valoda, pied\u0101v\u0101 bag\u0101t\u012bgu un aizraujo\u0161u valodas elementu gobel\u0113nu. B\u016bdama <a href=\"https:\/\/talkpal.ai\/lv\/uzziniet-turku-valodu\/\">turku valodu<\/a> saimes locekle, turku valoda aizrauj izgl\u012btojamos ar sav\u0101m daudzveid\u012bgaj\u0101m iez\u012bm\u0113m un izaicin\u0101jumiem pat visprasm\u012bg\u0101kajiem run\u0101t\u0101jiem. \u0160aj\u0101 rokasgr\u0101mat\u0101 m\u0113s iepaz\u012bstin\u0101sim j\u016bs ar galvenajiem turku valodas gramatikas principiem, izskaidrosim t\u0101s sare\u017e\u0123\u012bt\u012bbu un pal\u012bdz\u0113sim jums ce\u013c\u0101 uz to, lai j\u016bs var\u0113tu br\u012bvi p\u0101rvald\u012bt \u0161o aizraujo\u0161o valodu. S\u0101ksim!<\/p>\n\n\n\n<h3 class=\"wp-block-heading\" id=\"h-the-nuts-and-bolts-turkish-sentence-structure\">Uzgrie\u017e\u0146i un skr\u016bves: turku teikuma strukt\u016bra<\/h3>\n\n\n\n<p><a href=\"https:\/\/talkpal.ai\/turkish-grammar\/\">Turku valodas gramatika<\/a> ir diezgan vienk\u0101r\u0161a. Valoda parasti seko subjekta-objekta-darb\u012bbas v\u0101rda (SOV) teikuma strukt\u016brai, at\u0161\u0137ir\u012bb\u0101 no <a href=\"https:\/\/talkpal.ai\/learn-english-with-ai\/\">ang\u013cu<\/a> valodas un daudz\u0101m cit\u0101m valod\u0101m. Piem\u0113ram, teikums &#8220;Es \u0113du \u0101bolu&#8221; tiek tulkots k\u0101 &#8220;Ben elma yiyorum&#8221; (Ben = es, elma = \u0101bols, yiyorum = \u0113st). Vienk\u0101r\u0161i, vai ne? Tom\u0113r, kad m\u0113s iedzi\u013cin\u0101simies, j\u016bs sastapsieties ar da\u017e\u0101m intri\u0123\u0113jo\u0161\u0101m un at\u0161\u0137ir\u012bg\u0101m turku valodas gramatikas iez\u012bm\u0113m.<\/p>\n\n\n\n<h3 class=\"wp-block-heading\" id=\"h-meet-the-family-turkish-nouns-and-their-suffixes\">Iepaz\u012bstieties ar \u0123imeni: turku lietv\u0101rdi un to sufiksi<\/h3>\n\n\n\n<p>Viena no savdab\u012bg\u0101kaj\u0101m turku gramatikas \u012bpa\u0161\u012bb\u0101m ir sufiksu izmanto\u0161ana da\u017e\u0101du gramatisko attiec\u012bbu izteik\u0161anai. Turku valod\u0101 nav priev\u0101rdu; To viet\u0101 lietv\u0101rdiem ir pievienoti sufiksi, lai nor\u0101d\u012btu uz vald\u012bjumu, tie\u0161iem objektiem un atra\u0161an\u0101s vietu.<\/p>\n\n\n\n<p>Piem\u0113ram, \u0146emsim v\u0101rdu &#8220;elma&#8221; (elma), kas noz\u012bm\u0113 &#8220;\u0101bols&#8221;:<\/p>\n\n\n\n<p><strong>&#8211; \u012apa\u0161ums: Benim elmam (Mans \u0101bols)<\/strong><\/p>\n\n\n\n<p><strong>&#8211; Tie\u0161ais objekts: (Es ap\u0113du \u0101bolu)<\/strong><\/p>\n\n\n\n<p><strong>&#8211; Atra\u0161an\u0101s vieta: Elmada (Pie \u0101bola)<\/strong><\/p>\n\n\n\n<p>Ir svar\u012bgi iepaz\u012bties ar \u0161\u012bm pied\u0113k\u013cu form\u0101m, jo t\u0101s var b\u016btiski main\u012bt teikuma noz\u012bmi.<\/p>\n\n\n\n<h3 class=\"wp-block-heading\" id=\"h-playing-with-numbers-turkish-plurals-and-genders\">Sp\u0113l\u0113\u0161an\u0101s ar skait\u013ciem: turku daudzskait\u013ci un dzimtes<\/h3>\n\n\n\n<p>Turku valod\u0101, veidojot daudzskait\u013ca formu, ir svar\u012bgi pievienot tikai vienu pied\u0113kli: -ler vai -lar, atkar\u012bb\u0101 no tuv\u0101k\u0101 patska\u0146a v\u0101rd\u0101. At\u0161\u0137ir\u012bb\u0101 no daudz\u0101m cit\u0101m valod\u0101m turku valod\u0101 nav gramatisk\u0101 dzimuma. Tas noz\u012bm\u0113, ka jums neb\u016bs j\u0101uztraucas par da\u017e\u0101du v\u012brie\u0161u, sievie\u0161u vai vid\u0113jo dzimtes lietv\u0101rdu galot\u0146u vai formu apguvi.<\/p>\n\n\n\n<p>Piem\u0113ram, &#8220;k\u00f6pek&#8221; (k\u00f6pek, lietv\u0101rds ar noz\u012bmi &#8220;suns&#8221;) k\u013c\u016bst par &#8220;k\u00f6pekler&#8221; (k\u00f6pekler, su\u0146i), bet &#8220;kedi&#8221; (kedi, lietv\u0101rds ar noz\u012bmi &#8220;ka\u0137is&#8221;) k\u013c\u016bst par &#8220;kediler&#8221; (kediler, ka\u0137i).<\/p>\n\n\n\n<h3 class=\"wp-block-heading\" id=\"h-the-art-of-conjugation-turkish-verbs\">Konjug\u0101cijas m\u0101ksla: turku darb\u012bbas v\u0101rdi<\/h3>\n\n\n\n<p>Turku darb\u012bbas v\u0101rdi s\u0101kum\u0101 var \u0161\u0137ist bied\u0113jo\u0161i to daudzo sasprindzin\u0101jumu, noska\u0146u un konjug\u0101ciju d\u0113\u013c. Tom\u0113r galvenais, lai tos saprastu, ir atpaz\u012bt kop\u012bgus mode\u013cus un regul\u0101ri praktiz\u0113t.<\/p>\n\n\n\n<p>Turku valod\u0101 darb\u012bbas v\u0101rdi izmanto da\u017e\u0101dus sufiksus, lai nor\u0101d\u012btu uz sasprindzin\u0101jumu, noska\u0146ojumu un personu. Darb\u012bbas v\u0101rda k\u0101ts paliek nemain\u012bgs. K\u0101 piem\u0113ru \u0146emsim darb\u012bbas v\u0101rdu &#8220;yemek&#8221; (yemek, &#8220;\u0113st&#8221;):<\/p>\n\n\n\n<p><strong>Pa\u0161reiz\u0113jais nep\u0101rtrauktais sasprindzin\u0101jums: Yiyorum (es \u0113du)<\/strong><\/p>\n\n\n\n<p><strong>Pag\u0101tnes sasprindzin\u0101jums: Yedim (es \u0113du)<\/strong><\/p>\n\n\n\n<p><strong>N\u0101kotnes sasprindzin\u0101jums: Yiyece\u011fim (es \u0113d\u012b\u0161u)<\/strong><\/p>\n\n\n\n<p>K\u0101 redzat, galotnes main\u0101s atkar\u012bb\u0101 no sasprindzin\u0101juma un personas. Ar praksi un paciet\u012bbu j\u016bs s\u0101ksiet atpaz\u012bt likumsakar\u012bbas un p\u0101rvar\u0113siet \u0161o izaicin\u0101jumu.<\/p>\n\n\n\n<h3 class=\"wp-block-heading\" id=\"h-the-finishing-touches-turkish-adjectives-adverbs-and-more\">Apdares piesk\u0101rieni: turku \u012bpa\u0161\u012bbas v\u0101rdi, adverbi un citi<\/h3>\n\n\n\n<p>Run\u0101jot par turku \u012bpa\u0161\u012bbas v\u0101rdiem un adverbiem, tiem ir iz\u0161\u0137iro\u0161a loma, lai j\u016bsu runai pievienotu dzi\u013cumu un sare\u017e\u0123\u012bt\u012bbu. Turku valod\u0101 \u012bpa\u0161\u012bbas v\u0101rdiem nav j\u0101b\u016bt saska\u0146otiem ar lietv\u0101rdiem, kurus tie p\u0101rveido, t\u0101p\u0113c ar tiem ir viegl\u0101k str\u0101d\u0101t nek\u0101 daudz\u0101s cit\u0101s valod\u0101s.<\/p>\n\n\n\n<p>Piem\u0113ram, &#8220;g\u00fczel&#8221; (g\u00fczel) noz\u012bm\u0113 &#8220;skaists&#8221;, un j\u016bs to varat redz\u0113t k\u0101 &#8220;g\u00fczel \u00e7i\u00e7ek&#8221; (g\u00fczel \u00e7i\u00e7ek, &#8220;skaists zieds&#8221;) vai &#8220;g\u00fczel k\u00f6pek&#8221; (g\u00fczel k\u00f6pek, &#8220;skaists suns&#8221;), nemainot daudzskait\u013ca vai dzimtes formu.<\/p>\n\n\n\n<p>Adverbi parasti seko l\u012bdz\u012bgiem mode\u013ciem, kas bie\u017ei ieg\u016bti no \u012bpa\u0161\u012bbas v\u0101rdiem. Turku valod\u0101 daudzus adverbus var veidot, pievienojot \u012bpa\u0161\u012bbas v\u0101rdiem sufiksu -ce vai -ca atkar\u012bb\u0101 no tuv\u0101k\u0101 patska\u0146a.<\/p>\n\n\n\n<p>Nobeigum\u0101 j\u0101secina, ka turku valodas gramatikas sare\u017e\u0123\u012bt\u012bba un \u012bpatn\u012bbas, lai gan t\u0101s ir izaicino\u0161as, pie\u0161\u0137ir valodai t\u0101s valdzino\u0161o skaistumu un raksturu. Izmantojot neatlaid\u012bbu, zin\u0101tk\u0101ri un praktisku pielietojumu, j\u016bs dr\u012bz vien ar vieglumu un p\u0101rliec\u012bbu apg\u016bsiet turku valodas gramatiku. Priec\u012bgu m\u0101c\u012b\u0161anos!<\/p>\n<\/div><\/div>\n\r\n<section class=\"learnNavigationSection\">\r\n            \r\n        <a href=\"https:\/\/talkpal.ai\/lv\/uzziniet-turku-valodu\/\">\r\n            <div class=\"learnNavigationWrapper\">\r\n                <div class=\"learnNavigationContent\">\r\n                    <img decoding=\"async\" src=\"https:\/\/talkpal.ai\/wp-content\/uploads\/2024\/08\/Turkish.jpg\" alt=\"Turkish Flag\">\r\n                    <div>\r\n                        <h4>Par turku valodas apguvi<\/h4>\r\n                        <p>Uzziniet visu par turku valodas gramatiku.<\/p>\r\n                    <\/div>\r\n                <\/div>\r\n            <\/div>\r\n        <\/a>\r\n\r\n        \r\n        <a href=\"https:\/\/talkpal.ai\/lv\/turku-valodas-gramatikas-vingrinajumi\/\">\r\n            <div class=\"learnNavigationWrapper\">\r\n                <div class=\"learnNavigationContent\">\r\n                    <img decoding=\"async\" src=\"https:\/\/talkpal.ai\/wp-content\/uploads\/2024\/08\/Turkish.jpg\" alt=\"Turkish Flag\">\r\n                    <div>\r\n                        <h4>Turku valodas gramatikas vingrin\u0101jums<\/h4>\r\n                        <p>Praktiz\u0113jiet turku gramatiku.<\/p>\r\n                    <\/div>\r\n                <\/div>\r\n            <\/div>\r\n        <\/a>\r\n\r\n        \r\n        <a href=\"https:\/\/talkpal.ai\/vocabulary_language\/turkish\/\">\r\n            <div class=\"learnNavigationWrapper\">\r\n                <div class=\"learnNavigationContent\">\r\n                    <img decoding=\"async\" src=\"https:\/\/talkpal.ai\/wp-content\/uploads\/2024\/08\/Turkish.jpg\" alt=\"Turkish Flag\">\r\n                    <div>\r\n                        <h4>Turku valodas v\u0101rdn\u012bca<\/h4>\r\n                        <p>Papla\u0161iniet savu turku valodas v\u0101rdu kr\u0101jumu.<\/p>\r\n                    <\/div>\r\n                <\/div>\r\n            <\/div>\r\n        <\/a>\r\n\r\n            <\/section>","protected":false},"excerpt":{"rendered":"<p>Gal\u012bgais turku gramatikas ce\u013cvedis: navig\u0101cija unik\u0101l\u0101s valodas sare\u017e\u0123\u012bt\u012bb\u0101 Turku gramatika, t\u0101pat k\u0101 pati valoda, pied\u0101v\u0101 bag\u0101t\u012bgu un aizraujo\u0161u valodas elementu gobel\u0113nu. B\u016bdama turku valodu saimes locekle, turku valoda aizrauj izgl\u012btojamos ar sav\u0101m daudzveid\u012bgaj\u0101m iez\u012bm\u0113m un izaicin\u0101jumiem pat visprasm\u012bg\u0101kajiem run\u0101t\u0101jiem. \u0160aj\u0101 rokasgr\u0101mat\u0101 m\u0113s iepaz\u012bstin\u0101sim j\u016bs ar galvenajiem turku valodas gramatikas principiem, izskaidrosim t\u0101s sare\u017e\u0123\u012bt\u012bbu un pal\u012bdz\u0113sim [&hellip;]<\/p>\n","protected":false},"author":1,"featured_media":120926,"parent":0,"menu_order":0,"comment_status":"closed","ping_status":"closed","template":"LearningContentPage.php","meta":{"_acf_changed":false,"footnotes":""},"class_list":["post-153190","page","type-page","status-publish","has-post-thumbnail","hentry"],"acf":[],"yoast_head":"<!-- This site is optimized with the Yoast SEO Premium plugin v27.2 (Yoast SEO v27.2) - https:\/\/yoast.com\/product\/yoast-seo-premium-wordpress\/ -->\n<title>Turku valodas gramatika - Talkpal<\/title>\n<meta name=\"description\" content=\"Atkl\u0101jiet turku valodas gramatikas nosl\u0113pumus, izmantojot m\u016bsu visaptvero\u0161o ce\u013cvedi par t\u0101s galvenajiem principiem un teikuma strukt\u016bru.\" \/>\n<meta name=\"robots\" content=\"index, follow, max-snippet:-1, max-image-preview:large, max-video-preview:-1\" \/>\n<link rel=\"canonical\" href=\"https:\/\/talkpal.ai\/lv\/turku-valodas-gramatika\/\" \/>\n<meta property=\"og:locale\" content=\"lv_LV\" \/>\n<meta property=\"og:type\" content=\"article\" \/>\n<meta property=\"og:title\" content=\"Turku valodas gramatika\" \/>\n<meta property=\"og:description\" content=\"Gal\u012bgais turku gramatikas ce\u013cvedis: navig\u0101cija unik\u0101l\u0101s valodas sare\u017e\u0123\u012bt\u012bb\u0101 Turku gramatika, t\u0101pat k\u0101 pati valoda, pied\u0101v\u0101 bag\u0101t\u012bgu un aizraujo\u0161u valodas\" \/>\n<meta property=\"og:url\" content=\"https:\/\/talkpal.ai\/lv\/turku-valodas-gramatika\/\" \/>\n<meta property=\"og:site_name\" content=\"Talkpal\" \/>\n<meta property=\"article:publisher\" content=\"https:\/\/www.facebook.com\/profile.php?id=100090733639311\" \/>\n<meta property=\"article:modified_time\" content=\"2025-12-13T15:56:11+00:00\" \/>\n<meta property=\"og:image\" content=\"https:\/\/talkpal.ai\/wp-content\/uploads\/2023\/05\/turkish.png\" \/>\n\t<meta property=\"og:image:width\" content=\"512\" \/>\n\t<meta property=\"og:image:height\" content=\"512\" \/>\n\t<meta property=\"og:image:type\" content=\"image\/png\" \/>\n<meta name=\"twitter:card\" content=\"summary_large_image\" \/>\n<meta name=\"twitter:site\" content=\"@talkpalai\" \/>\n<meta name=\"twitter:label1\" content=\"Est. reading time\" \/>\n\t<meta name=\"twitter:data1\" content=\"4 minutes\" \/>\n<script type=\"application\/ld+json\" class=\"yoast-schema-graph\">{\"@context\":\"https:\/\/schema.org\",\"@graph\":[{\"@type\":\"WebPage\",\"@id\":\"https:\/\/talkpal.ai\/lv\/turku-valodas-gramatika\/\",\"url\":\"https:\/\/talkpal.ai\/lv\/turku-valodas-gramatika\/\",\"name\":\"Turku valodas gramatika - Talkpal\",\"isPartOf\":{\"@id\":\"https:\/\/talkpal.ai\/lv\/#website\"},\"primaryImageOfPage\":{\"@id\":\"https:\/\/talkpal.ai\/lv\/turku-valodas-gramatika\/#primaryimage\"},\"image\":{\"@id\":\"https:\/\/talkpal.ai\/lv\/turku-valodas-gramatika\/#primaryimage\"},\"thumbnailUrl\":\"https:\/\/talkpal.ai\/wp-content\/uploads\/2023\/05\/turkish.png\",\"datePublished\":\"2023-05-14T14:23:49+00:00\",\"dateModified\":\"2025-12-13T15:56:11+00:00\",\"description\":\"Atkl\u0101jiet turku valodas gramatikas nosl\u0113pumus, izmantojot m\u016bsu visaptvero\u0161o ce\u013cvedi par t\u0101s galvenajiem principiem un teikuma strukt\u016bru.\",\"breadcrumb\":{\"@id\":\"https:\/\/talkpal.ai\/lv\/turku-valodas-gramatika\/#breadcrumb\"},\"inLanguage\":\"lv-LV\",\"potentialAction\":[{\"@type\":\"ReadAction\",\"target\":[\"https:\/\/talkpal.ai\/lv\/turku-valodas-gramatika\/\"]}]},{\"@type\":\"ImageObject\",\"inLanguage\":\"lv-LV\",\"@id\":\"https:\/\/talkpal.ai\/lv\/turku-valodas-gramatika\/#primaryimage\",\"url\":\"https:\/\/talkpal.ai\/wp-content\/uploads\/2023\/05\/turkish.png\",\"contentUrl\":\"https:\/\/talkpal.ai\/wp-content\/uploads\/2023\/05\/turkish.png\",\"width\":512,\"height\":512},{\"@type\":\"BreadcrumbList\",\"@id\":\"https:\/\/talkpal.ai\/lv\/turku-valodas-gramatika\/#breadcrumb\",\"itemListElement\":[{\"@type\":\"ListItem\",\"position\":1,\"name\":\"Homepage\",\"item\":\"https:\/\/talkpal.ai\/lv\/\"},{\"@type\":\"ListItem\",\"position\":2,\"name\":\"Turku valodas gramatika\"}]},{\"@type\":\"WebSite\",\"@id\":\"https:\/\/talkpal.ai\/lv\/#website\",\"url\":\"https:\/\/talkpal.ai\/lv\/\",\"name\":\"Talkpal\",\"description\":\"AI Language Learning\",\"publisher\":{\"@id\":\"https:\/\/talkpal.ai\/lv\/#organization\"},\"alternateName\":\"Talkpal AI\",\"potentialAction\":[{\"@type\":\"SearchAction\",\"target\":{\"@type\":\"EntryPoint\",\"urlTemplate\":\"https:\/\/talkpal.ai\/lv\/?s={search_term_string}\"},\"query-input\":{\"@type\":\"PropertyValueSpecification\",\"valueRequired\":true,\"valueName\":\"search_term_string\"}}],\"inLanguage\":\"lv-LV\"},{\"@type\":\"Organization\",\"@id\":\"https:\/\/talkpal.ai\/lv\/#organization\",\"name\":\"Talkpal, Inc.\",\"alternateName\":\"Talkpal AI\",\"url\":\"https:\/\/talkpal.ai\/lv\/\",\"logo\":{\"@type\":\"ImageObject\",\"inLanguage\":\"lv-LV\",\"@id\":\"https:\/\/talkpal.ai\/lv\/#\/schema\/logo\/image\/\",\"url\":\"https:\/\/talkpal.ai\/wp-content\/uploads\/2024\/03\/Talkpal-Logo-Icon.png\",\"contentUrl\":\"https:\/\/talkpal.ai\/wp-content\/uploads\/2024\/03\/Talkpal-Logo-Icon.png\",\"width\":2880,\"height\":2880,\"caption\":\"Talkpal, Inc.\"},\"image\":{\"@id\":\"https:\/\/talkpal.ai\/lv\/#\/schema\/logo\/image\/\"},\"sameAs\":[\"https:\/\/www.facebook.com\/profile.php?id=100090733639311\",\"https:\/\/x.com\/talkpalai\",\"https:\/\/www.linkedin.com\/company\/talkpal\/\",\"https:\/\/www.youtube.com\/@TalkPal\/\",\"https:\/\/www.tiktok.com\/@talkpal\",\"https:\/\/www.instagram.com\/talkpal_ai\/\",\"https:\/\/www.crunchbase.com\/organization\/talkpal-9cde\",\"https:\/\/www.g2.com\/products\/talkpal-for-business\/\",\"https:\/\/www.trustpilot.com\/review\/talkpal.ai\",\"https:\/\/www.capterra.com\/p\/10006800\/TalkPal\/\"],\"description\":\"Talkpal is a language learning web and mobile education app, powered by the latest AI technologies, that provides engaging experiences to its customers in many different languages to help them improve their language skills. Users can chat about unlimited amount of topics with the app and use other modes to practice their language learning.\",\"email\":\"support@talkpal.ai\",\"legalName\":\"Talkpal, Inc.\",\"foundingDate\":\"2023-04-03\",\"duns\":\"118989042\",\"numberOfEmployees\":{\"@type\":\"QuantitativeValue\",\"minValue\":\"11\",\"maxValue\":\"50\"},\"publishingPrinciples\":\"https:\/\/talkpal.ai\/publishing-principles\/\",\"actionableFeedbackPolicy\":\"https:\/\/talkpal.ai\/actionable-feedback-policy\/\",\"correctionsPolicy\":\"https:\/\/talkpal.ai\/corrections-policy\/\",\"ethicsPolicy\":\"https:\/\/talkpal.ai\/ethics-policy\/\",\"diversityPolicy\":\"https:\/\/talkpal.ai\/diversity-policy\/\",\"diversityStaffingReport\":\"https:\/\/talkpal.ai\/diversity-policy\/\"}]}<\/script>\n<!-- \/ Yoast SEO Premium plugin. -->","yoast_head_json":{"title":"Turku valodas gramatika - Talkpal","description":"Atkl\u0101jiet turku valodas gramatikas nosl\u0113pumus, izmantojot m\u016bsu visaptvero\u0161o ce\u013cvedi par t\u0101s galvenajiem principiem un teikuma strukt\u016bru.","robots":{"index":"index","follow":"follow","max-snippet":"max-snippet:-1","max-image-preview":"max-image-preview:large","max-video-preview":"max-video-preview:-1"},"canonical":"https:\/\/talkpal.ai\/lv\/turku-valodas-gramatika\/","og_locale":"lv_LV","og_type":"article","og_title":"Turku valodas gramatika","og_description":"Gal\u012bgais turku gramatikas ce\u013cvedis: navig\u0101cija unik\u0101l\u0101s valodas sare\u017e\u0123\u012bt\u012bb\u0101 Turku gramatika, t\u0101pat k\u0101 pati valoda, pied\u0101v\u0101 bag\u0101t\u012bgu un aizraujo\u0161u valodas","og_url":"https:\/\/talkpal.ai\/lv\/turku-valodas-gramatika\/","og_site_name":"Talkpal","article_publisher":"https:\/\/www.facebook.com\/profile.php?id=100090733639311","article_modified_time":"2025-12-13T15:56:11+00:00","og_image":[{"width":512,"height":512,"url":"https:\/\/talkpal.ai\/wp-content\/uploads\/2023\/05\/turkish.png","type":"image\/png"}],"twitter_card":"summary_large_image","twitter_site":"@talkpalai","twitter_misc":{"Est. reading time":"4 minutes"},"schema":{"@context":"https:\/\/schema.org","@graph":[{"@type":"WebPage","@id":"https:\/\/talkpal.ai\/lv\/turku-valodas-gramatika\/","url":"https:\/\/talkpal.ai\/lv\/turku-valodas-gramatika\/","name":"Turku valodas gramatika - Talkpal","isPartOf":{"@id":"https:\/\/talkpal.ai\/lv\/#website"},"primaryImageOfPage":{"@id":"https:\/\/talkpal.ai\/lv\/turku-valodas-gramatika\/#primaryimage"},"image":{"@id":"https:\/\/talkpal.ai\/lv\/turku-valodas-gramatika\/#primaryimage"},"thumbnailUrl":"https:\/\/talkpal.ai\/wp-content\/uploads\/2023\/05\/turkish.png","datePublished":"2023-05-14T14:23:49+00:00","dateModified":"2025-12-13T15:56:11+00:00","description":"Atkl\u0101jiet turku valodas gramatikas nosl\u0113pumus, izmantojot m\u016bsu visaptvero\u0161o ce\u013cvedi par t\u0101s galvenajiem principiem un teikuma strukt\u016bru.","breadcrumb":{"@id":"https:\/\/talkpal.ai\/lv\/turku-valodas-gramatika\/#breadcrumb"},"inLanguage":"lv-LV","potentialAction":[{"@type":"ReadAction","target":["https:\/\/talkpal.ai\/lv\/turku-valodas-gramatika\/"]}]},{"@type":"ImageObject","inLanguage":"lv-LV","@id":"https:\/\/talkpal.ai\/lv\/turku-valodas-gramatika\/#primaryimage","url":"https:\/\/talkpal.ai\/wp-content\/uploads\/2023\/05\/turkish.png","contentUrl":"https:\/\/talkpal.ai\/wp-content\/uploads\/2023\/05\/turkish.png","width":512,"height":512},{"@type":"BreadcrumbList","@id":"https:\/\/talkpal.ai\/lv\/turku-valodas-gramatika\/#breadcrumb","itemListElement":[{"@type":"ListItem","position":1,"name":"Homepage","item":"https:\/\/talkpal.ai\/lv\/"},{"@type":"ListItem","position":2,"name":"Turku valodas gramatika"}]},{"@type":"WebSite","@id":"https:\/\/talkpal.ai\/lv\/#website","url":"https:\/\/talkpal.ai\/lv\/","name":"Talkpal","description":"AI Language Learning","publisher":{"@id":"https:\/\/talkpal.ai\/lv\/#organization"},"alternateName":"Talkpal AI","potentialAction":[{"@type":"SearchAction","target":{"@type":"EntryPoint","urlTemplate":"https:\/\/talkpal.ai\/lv\/?s={search_term_string}"},"query-input":{"@type":"PropertyValueSpecification","valueRequired":true,"valueName":"search_term_string"}}],"inLanguage":"lv-LV"},{"@type":"Organization","@id":"https:\/\/talkpal.ai\/lv\/#organization","name":"Talkpal, Inc.","alternateName":"Talkpal AI","url":"https:\/\/talkpal.ai\/lv\/","logo":{"@type":"ImageObject","inLanguage":"lv-LV","@id":"https:\/\/talkpal.ai\/lv\/#\/schema\/logo\/image\/","url":"https:\/\/talkpal.ai\/wp-content\/uploads\/2024\/03\/Talkpal-Logo-Icon.png","contentUrl":"https:\/\/talkpal.ai\/wp-content\/uploads\/2024\/03\/Talkpal-Logo-Icon.png","width":2880,"height":2880,"caption":"Talkpal, Inc."},"image":{"@id":"https:\/\/talkpal.ai\/lv\/#\/schema\/logo\/image\/"},"sameAs":["https:\/\/www.facebook.com\/profile.php?id=100090733639311","https:\/\/x.com\/talkpalai","https:\/\/www.linkedin.com\/company\/talkpal\/","https:\/\/www.youtube.com\/@TalkPal\/","https:\/\/www.tiktok.com\/@talkpal","https:\/\/www.instagram.com\/talkpal_ai\/","https:\/\/www.crunchbase.com\/organization\/talkpal-9cde","https:\/\/www.g2.com\/products\/talkpal-for-business\/","https:\/\/www.trustpilot.com\/review\/talkpal.ai","https:\/\/www.capterra.com\/p\/10006800\/TalkPal\/"],"description":"Talkpal is a language learning web and mobile education app, powered by the latest AI technologies, that provides engaging experiences to its customers in many different languages to help them improve their language skills. Users can chat about unlimited amount of topics with the app and use other modes to practice their language learning.","email":"support@talkpal.ai","legalName":"Talkpal, Inc.","foundingDate":"2023-04-03","duns":"118989042","numberOfEmployees":{"@type":"QuantitativeValue","minValue":"11","maxValue":"50"},"publishingPrinciples":"https:\/\/talkpal.ai\/publishing-principles\/","actionableFeedbackPolicy":"https:\/\/talkpal.ai\/actionable-feedback-policy\/","correctionsPolicy":"https:\/\/talkpal.ai\/corrections-policy\/","ethicsPolicy":"https:\/\/talkpal.ai\/ethics-policy\/","diversityPolicy":"https:\/\/talkpal.ai\/diversity-policy\/","diversityStaffingReport":"https:\/\/talkpal.ai\/diversity-policy\/"}]}},"_links":{"self":[{"href":"https:\/\/talkpal.ai\/lv\/wp-json\/wp\/v2\/pages\/153190","targetHints":{"allow":["GET"]}}],"collection":[{"href":"https:\/\/talkpal.ai\/lv\/wp-json\/wp\/v2\/pages"}],"about":[{"href":"https:\/\/talkpal.ai\/lv\/wp-json\/wp\/v2\/types\/page"}],"author":[{"embeddable":true,"href":"https:\/\/talkpal.ai\/lv\/wp-json\/wp\/v2\/users\/1"}],"replies":[{"embeddable":true,"href":"https:\/\/talkpal.ai\/lv\/wp-json\/wp\/v2\/comments?post=153190"}],"version-history":[{"count":0,"href":"https:\/\/talkpal.ai\/lv\/wp-json\/wp\/v2\/pages\/153190\/revisions"}],"wp:featuredmedia":[{"embeddable":true,"href":"https:\/\/talkpal.ai\/lv\/wp-json\/wp\/v2\/media\/120926"}],"wp:attachment":[{"href":"https:\/\/talkpal.ai\/lv\/wp-json\/wp\/v2\/media?parent=153190"}],"curies":[{"name":"wp","href":"https:\/\/api.w.org\/{rel}","templated":true}]}}