{"id":152901,"date":"2023-05-14T14:23:21","date_gmt":"2023-05-14T14:23:21","guid":{"rendered":"http:\/\/talkpal.ai\/tagalog-gramatika\/"},"modified":"2025-12-17T15:38:59","modified_gmt":"2025-12-17T15:38:59","slug":"tagalog-gramatika","status":"publish","type":"page","link":"https:\/\/talkpal.ai\/lv\/tagalog-gramatika\/","title":{"rendered":"Tagalog gramatika"},"content":{"rendered":"\r\n\r\n\r\n<section class=\"languageChallengeSection\">\r\n    <div class=\"languageInfoWrapper\">\r\n        \r\n        <h1>Tagalog gramatika<\/h1>\r\n        <p>Vai v\u0113laties apg\u016bt <a href=\"https:\/\/talkpal.ai\/learn-tagalog\/\">tagalogu<\/a>? Izp\u0113tiet tagalogu gramatiku, kur unik\u0101las darb\u012bbas v\u0101rdu fokusa sist\u0113mas, elast\u012bga teikumu sec\u012bba un noder\u012bgas da\u013ci\u0146as rada valodu, kas ir tikpat izteiksm\u012bga un interesanta. S\u0101ciet savu ce\u013cojumu t\u016bl\u012bt &#8211; tagalogu gramatikas apg\u016b\u0161ana \u013caus jums dro\u0161i sazin\u0101ties un iegremd\u0113ties dinamiskaj\u0101 Filip\u012bnu kult\u016br\u0101!<\/p>\r\n\r\n                            <a class=\"getStartedHidden\" href=\"https:\/\/app.talkpal.ai\/lv\/signup?lng=\">S\u0101c<\/a>\r\n        \r\n    <\/div>\r\n\r\n    <figure>\r\n    <img decoding=\"async\" width=\"768\" height=\"768\" src=\"https:\/\/talkpal.ai\/wp-content\/uploads\/2023\/06\/tagalog-768x768.png\" class=\"languageImage no-lazy\" alt=\"Overcoming challenges in language learning\" fetchpriority=\"high\" sizes=\"(max-width: 768px) 150px, 768px\" srcset=\"https:\/\/talkpal.ai\/wp-content\/uploads\/2023\/06\/tagalog-768x768.png 768w, https:\/\/talkpal.ai\/wp-content\/uploads\/2023\/06\/tagalog-300x300.png 300w\" \/>\r\n    \r\n\r\n    <\/figure>\r\n\r\n            <a class=\"getStartedVisible\" href=\"https:\/\/app.talkpal.ai\/lv\/signup?lng=\">S\u0101c<\/a>\r\n    \r\n<\/section>\r\n<section class=\"promotionalBanner\">\r\n    <p class=\"promotionalText\">Visefekt\u012bv\u0101kais veids, k\u0101 apg\u016bt valodu<\/p>\r\n    <a class=\"promotionalLink\" href=\"https:\/\/app.talkpal.ai\/lv\/signup?lng=\">Izm\u0113\u0123iniet Talkpal bez maksas<\/a>\r\n<\/section>\n<div class=\"wp-block-group pageContainerStyle\"><div class=\"wp-block-group__inner-container is-layout-constrained wp-block-group-is-layout-constrained\">\n<h1 class=\"wp-block-heading\" id=\"h-tagalog-grammar-get-to-know-the-heart-of-filipino-language\">Tagalog gramatika: iepaz\u012bstiet filip\u012bnie\u0161u valodas sirdi<\/h1>\n\n\n\n<p>Tagalogu, Filip\u012bnu valsts <a href=\"https:\/\/talkpal.ai\/what-language-is-spoken-on-the-international-space-station\/\">valodas<\/a>, filip\u012bnie\u0161u, pamatu run\u0101 miljoniem cilv\u0113ku vis\u0101 pasaul\u0113. Lai apg\u016btu Tagalogu, vispirms ir j\u0101saprot t\u0101s sare\u017e\u0123\u012bt\u0101 un aizraujo\u0161\u0101 <a href=\"https:\/\/talkpal.ai\/sq\/gramatika\/\">gramatika<\/a>. \u0160aj\u0101 rakst\u0101 m\u0113s iedzi\u013cin\u0101simies tagalog gramatikas b\u016btiskajos aspektos, pal\u012bdzot jums nov\u0113rt\u0113t \u0161o skaisto valodu sarunvalodas un draudz\u012bg\u0101 veid\u0101.<\/p>\n\n\n\n<h3 class=\"wp-block-heading\" id=\"h-1-nouns-genderless-countable-and-uncountable\">1. Lietv\u0101rdi \u2013 bezdzimuma, saskait\u0101mi un neskait\u0101mi<\/h3>\n\n\n\n<p>Tagalog\u0101 lietv\u0101rdi (pangngalan) nav iedal\u012bti kategorij\u0101s p\u0113c dzimuma, t\u0101p\u0113c to ir viegl\u0101k p\u0101rvald\u012bt nek\u0101 da\u017eas citas valodas. Parastie lietv\u0101rdi attiecas uz cilv\u0113kiem, dz\u012bvniekiem, viet\u0101m, liet\u0101m vai idej\u0101m, ar \u012bpa\u0161v\u0101rdiem, kas apz\u012bm\u0113 konkr\u0113tus v\u0101rdus. J\u016bs sastapsieties gan ar saskait\u0101miem (tahanan, kas noz\u012bm\u0113 &#8220;m\u0101ja&#8221;), gan nesaskait\u0101miem lietv\u0101rdiem (tubig, kas noz\u012bm\u0113 &#8220;\u016bdens&#8221;). Ar\u012b lietv\u0101rdus var p\u0101rveidot daudzskait\u013ca form\u0101, pievienojot \u012bpa\u0161us apz\u012bm\u0113t\u0101jus, piem\u0113ram, &#8220;mga&#8221;.<\/p>\n\n\n\n<h3 class=\"wp-block-heading\" id=\"h-2-adjectives-describing-with-flair\">2. \u012apa\u0161\u012bbas v\u0101rdi \u2013 Aprakst\u012b\u0161ana ar nojautu<\/h3>\n\n\n\n<p>\u012apa\u0161\u012bbas v\u0101rdi (pang-uri) sniedz vair\u0101k inform\u0101cijas par lietv\u0101rdiem, ar vair\u0101kiem veidiem, k\u0101 tagalog\u0101 izmantot \u012bpa\u0161\u012bbas v\u0101rdus. Lietv\u0101rdu sal\u012bdzin\u0101\u0161ana tiek veikta ar \u012bpa\u0161\u012bbas v\u0101rdiem, izmantojot apz\u012bm\u0113t\u0101jus &#8220;mas&#8221; un &#8220;pinaka&#8221;, lai veidotu sal\u012bdzino\u0161o un p\u0101rpalikuma pak\u0101pi. Piem\u0113ram, &#8220;maganda&#8221; noz\u012bm\u0113 &#8220;skaists&#8221;, &#8220;mas maganda&#8221; &#8211; &#8220;skaist\u0101ks&#8221;, &#8220;pinakamaganda&#8221; &#8211; &#8220;skaist\u0101kais&#8221;.<\/p>\n\n\n\n<h3 class=\"wp-block-heading\" id=\"h-3-pronouns-keeping-it-personal\">3. Vietniekv\u0101rdi \u2013 personiska saglab\u0101\u0161ana<\/h3>\n\n\n\n<p>Tagalogu gramatika sast\u0101v no person\u012bgiem, piedero\u0161iem, demonstrat\u012bviem, aizdom\u012bgiem un relat\u012bviem vietniekv\u0101rdiem. Person\u012bgie vietniekv\u0101rdi ir tr\u012bs gad\u012bjumos: nominat\u012bvs (nor\u0101dot priek\u0161metu), \u0123enit\u012bvs (nor\u0101dot uz vald\u012bjumu) un akuzat\u012bvs (nor\u0101dot objektu). Uzr\u0101d\u0101mie vietniekv\u0101rdi, piem\u0113ram, &#8220;ito&#8221; (\u0161is) un &#8220;iyan&#8221; (tas), tiek lietoti, lai nor\u0101d\u012btu uz konkr\u0113t\u0101m liet\u0101m, savuk\u0101rt jaut\u0101jamie vietniekv\u0101rdi tiek lietoti, lai uzdotu jaut\u0101jumus.<\/p>\n\n\n\n<h3 class=\"wp-block-heading\" id=\"h-4-verbs-conjugation-and-focus\">4. Darb\u012bbas v\u0101rdi &#8211; konjug\u0101cija un fokuss<\/h3>\n\n\n\n<p>Tagalogu darb\u012bbas v\u0101rdiem (pandiwa) ir b\u016btiska loma teikuma veido\u0161an\u0101, un to konjug\u0101cija ir at\u0161\u0137ir\u012bga. Saspringtu izmai\u0146u viet\u0101 darb\u012bbas v\u0101rdu konjug\u0101cijas Tagalog\u0101 ietver aspektu izmai\u0146as. Ir tr\u012bs darb\u012bbas v\u0101rdu aspekti: pabeigts (perfekts), nepabeigts (nepiln\u012bgs) un apdom\u0101ts (n\u0101kotne).  <\/p>\n\n\n\n<p>Turkl\u0101t Tagalog ir unik\u0101la fokusa sist\u0113ma, kas saist\u012bta ar darb\u012bbas v\u0101rdiem. \u0160aj\u0101 sist\u0113m\u0101 darb\u012bbas v\u0101rda forma main\u0101s atkar\u012bb\u0101 no t\u0101, kura teikuma da\u013ca ir v\u0113rsta uz to, piem\u0113ram, darb\u012bbas objekts, priek\u0161mets vai virziens. T\u0101di galvenie apz\u012bm\u0113t\u0101ji k\u0101 &#8220;um-&#8220;, &#8220;mag-&#8221; un &#8220;-in&#8221; pal\u012bdz izteikt da\u017e\u0101das nianses teikumos.<\/p>\n\n\n\n<h3 class=\"wp-block-heading\" id=\"h-5-embracing-the-journey\">5. Ce\u013cojuma aptver\u0161ana<\/h3>\n\n\n\n<p>Tagalog gramatikas apguve prasa laiku, p\u016bles un paciet\u012bbas piesk\u0101rienu. Tom\u0113r t\u0101s unikalit\u0101te, kad t\u0101 ir apg\u016bta, sniedz nep\u0101rsp\u0113jamu ieskatu filip\u012bnie\u0161u kult\u016br\u0101 un mantojum\u0101. Esiet atv\u0113rts, past\u0101v\u012bgi praktiz\u0113jieties un nebaidieties k\u013c\u016bd\u012bties, run\u0101jot.<\/p>\n\n\n\n<p>Padzi\u013cin\u0101ti iepaz\u012bstot tagalo valodas gramatikas nianses, veltiet laiku, lai izbaud\u012btu t\u0101s dinamiku un bag\u0101t\u012bbu. Izbaudiet savu izpratni par sare\u017e\u0123\u012bjumiem, kas padara \u0161o valodu patiesi \u0101rk\u0101rt\u0113ju. Maligayang pag-aaral \u2014 priec\u012bgu m\u0101c\u012b\u0161anos!<\/p>\n<\/div><\/div>\n\r\n<section class=\"learnNavigationSection\">\r\n            \r\n        <a href=\"https:\/\/talkpal.ai\/lv\/uzziniet-tagalog\/\">\r\n            <div class=\"learnNavigationWrapper\">\r\n                <div class=\"learnNavigationContent\">\r\n                    <img decoding=\"async\" src=\"https:\/\/talkpal.ai\/wp-content\/uploads\/2024\/08\/Tagalog.jpg\" alt=\"Philippines Flag\">\r\n                    <div>\r\n                        <h4>Par tagalo valodas apguvi<\/h4>\r\n                        <p>Uzziniet visu par Tagalog gramatiku.<\/p>\r\n                    <\/div>\r\n                <\/div>\r\n            <\/div>\r\n        <\/a>\r\n\r\n        \r\n        <a href=\"https:\/\/talkpal.ai\/lv\/tagalog-gramatikas-vingrinajumi\/\">\r\n            <div class=\"learnNavigationWrapper\">\r\n                <div class=\"learnNavigationContent\">\r\n                    <img decoding=\"async\" src=\"https:\/\/talkpal.ai\/wp-content\/uploads\/2024\/08\/Tagalog.jpg\" alt=\"Philippines Flag\">\r\n                    <div>\r\n                        <h4>Tagalo valodas gramatikas vingrin\u0101jums<\/h4>\r\n                        <p>Praktiz\u0113jiet Tagalog gramatiku.<\/p>\r\n                    <\/div>\r\n                <\/div>\r\n            <\/div>\r\n        <\/a>\r\n\r\n        \r\n        <a href=\"https:\/\/talkpal.ai\/vocabulary_language\/tagalog\/\">\r\n            <div class=\"learnNavigationWrapper\">\r\n                <div class=\"learnNavigationContent\">\r\n                    <img decoding=\"async\" src=\"https:\/\/talkpal.ai\/wp-content\/uploads\/2024\/08\/Tagalog.jpg\" alt=\"Philippines Flag\">\r\n                    <div>\r\n                        <h4>Tagalo valodas v\u0101rdn\u012bca<\/h4>\r\n                        <p>Papla\u0161iniet savu tagalo valodas v\u0101rdu kr\u0101jumu.<\/p>\r\n                    <\/div>\r\n                <\/div>\r\n            <\/div>\r\n        <\/a>\r\n\r\n            <\/section>","protected":false},"excerpt":{"rendered":"<p>Tagalog gramatika: iepaz\u012bstiet filip\u012bnie\u0161u valodas sirdi Tagalogu, Filip\u012bnu valsts valodas, filip\u012bnie\u0161u, pamatu run\u0101 miljoniem cilv\u0113ku vis\u0101 pasaul\u0113. Lai apg\u016btu Tagalogu, vispirms ir j\u0101saprot t\u0101s sare\u017e\u0123\u012bt\u0101 un aizraujo\u0161\u0101 gramatika. \u0160aj\u0101 rakst\u0101 m\u0113s iedzi\u013cin\u0101simies tagalog gramatikas b\u016btiskajos aspektos, pal\u012bdzot jums nov\u0113rt\u0113t \u0161o skaisto valodu sarunvalodas un draudz\u012bg\u0101 veid\u0101. 1. Lietv\u0101rdi \u2013 bezdzimuma, saskait\u0101mi un neskait\u0101mi Tagalog\u0101 lietv\u0101rdi [&hellip;]<\/p>\n","protected":false},"author":1,"featured_media":119968,"parent":0,"menu_order":0,"comment_status":"closed","ping_status":"closed","template":"LearningContentPage.php","meta":{"_acf_changed":false,"footnotes":""},"class_list":["post-152901","page","type-page","status-publish","has-post-thumbnail","hentry"],"acf":[],"yoast_head":"<!-- This site is optimized with the Yoast SEO Premium plugin v27.2 (Yoast SEO v27.2) - https:\/\/yoast.com\/product\/yoast-seo-premium-wordpress\/ -->\n<title>Tagalog gramatika - Talkpal<\/title>\n<meta name=\"description\" content=\"Izp\u0113tiet tagalogu gramatikas pamatus un uzziniet, k\u0101 vienk\u0101r\u0161i un draudz\u012bgi nov\u0113rt\u0113t \u0161o skaisto valodu.\" \/>\n<meta name=\"robots\" content=\"index, follow, max-snippet:-1, max-image-preview:large, max-video-preview:-1\" \/>\n<link rel=\"canonical\" href=\"https:\/\/talkpal.ai\/lv\/tagalog-gramatika\/\" \/>\n<meta property=\"og:locale\" content=\"lv_LV\" \/>\n<meta property=\"og:type\" content=\"article\" \/>\n<meta property=\"og:title\" content=\"Tagalog gramatika\" \/>\n<meta property=\"og:description\" content=\"Tagalog gramatika: iepaz\u012bstiet filip\u012bnie\u0161u valodas sirdi Tagalogu, Filip\u012bnu valsts valodas, filip\u012bnie\u0161u, pamatu run\u0101 miljoniem cilv\u0113ku vis\u0101 pasaul\u0113. Lai\" \/>\n<meta property=\"og:url\" content=\"https:\/\/talkpal.ai\/lv\/tagalog-gramatika\/\" \/>\n<meta property=\"og:site_name\" content=\"Talkpal\" \/>\n<meta property=\"article:publisher\" content=\"https:\/\/www.facebook.com\/profile.php?id=100090733639311\" \/>\n<meta property=\"article:modified_time\" content=\"2025-12-17T15:38:59+00:00\" \/>\n<meta property=\"og:image\" content=\"https:\/\/talkpal.ai\/wp-content\/uploads\/2023\/05\/Tagalog-philippines.png\" \/>\n\t<meta property=\"og:image:width\" content=\"512\" \/>\n\t<meta property=\"og:image:height\" content=\"512\" \/>\n\t<meta property=\"og:image:type\" content=\"image\/png\" \/>\n<meta name=\"twitter:card\" content=\"summary_large_image\" \/>\n<meta name=\"twitter:site\" content=\"@talkpalai\" \/>\n<meta name=\"twitter:label1\" content=\"Est. reading time\" \/>\n\t<meta name=\"twitter:data1\" content=\"3 minutes\" \/>\n<script type=\"application\/ld+json\" class=\"yoast-schema-graph\">{\"@context\":\"https:\/\/schema.org\",\"@graph\":[{\"@type\":\"WebPage\",\"@id\":\"https:\/\/talkpal.ai\/lv\/tagalog-gramatika\/\",\"url\":\"https:\/\/talkpal.ai\/lv\/tagalog-gramatika\/\",\"name\":\"Tagalog gramatika - Talkpal\",\"isPartOf\":{\"@id\":\"https:\/\/talkpal.ai\/lv\/#website\"},\"primaryImageOfPage\":{\"@id\":\"https:\/\/talkpal.ai\/lv\/tagalog-gramatika\/#primaryimage\"},\"image\":{\"@id\":\"https:\/\/talkpal.ai\/lv\/tagalog-gramatika\/#primaryimage\"},\"thumbnailUrl\":\"https:\/\/talkpal.ai\/wp-content\/uploads\/2023\/05\/Tagalog-philippines.png\",\"datePublished\":\"2023-05-14T14:23:21+00:00\",\"dateModified\":\"2025-12-17T15:38:59+00:00\",\"description\":\"Izp\u0113tiet tagalogu gramatikas pamatus un uzziniet, k\u0101 vienk\u0101r\u0161i un draudz\u012bgi nov\u0113rt\u0113t \u0161o skaisto valodu.\",\"breadcrumb\":{\"@id\":\"https:\/\/talkpal.ai\/lv\/tagalog-gramatika\/#breadcrumb\"},\"inLanguage\":\"lv-LV\",\"potentialAction\":[{\"@type\":\"ReadAction\",\"target\":[\"https:\/\/talkpal.ai\/lv\/tagalog-gramatika\/\"]}]},{\"@type\":\"ImageObject\",\"inLanguage\":\"lv-LV\",\"@id\":\"https:\/\/talkpal.ai\/lv\/tagalog-gramatika\/#primaryimage\",\"url\":\"https:\/\/talkpal.ai\/wp-content\/uploads\/2023\/05\/Tagalog-philippines.png\",\"contentUrl\":\"https:\/\/talkpal.ai\/wp-content\/uploads\/2023\/05\/Tagalog-philippines.png\",\"width\":512,\"height\":512},{\"@type\":\"BreadcrumbList\",\"@id\":\"https:\/\/talkpal.ai\/lv\/tagalog-gramatika\/#breadcrumb\",\"itemListElement\":[{\"@type\":\"ListItem\",\"position\":1,\"name\":\"Homepage\",\"item\":\"https:\/\/talkpal.ai\/lv\/\"},{\"@type\":\"ListItem\",\"position\":2,\"name\":\"Tagalog gramatika\"}]},{\"@type\":\"WebSite\",\"@id\":\"https:\/\/talkpal.ai\/lv\/#website\",\"url\":\"https:\/\/talkpal.ai\/lv\/\",\"name\":\"Talkpal\",\"description\":\"AI Language Learning\",\"publisher\":{\"@id\":\"https:\/\/talkpal.ai\/lv\/#organization\"},\"alternateName\":\"Talkpal AI\",\"potentialAction\":[{\"@type\":\"SearchAction\",\"target\":{\"@type\":\"EntryPoint\",\"urlTemplate\":\"https:\/\/talkpal.ai\/lv\/?s={search_term_string}\"},\"query-input\":{\"@type\":\"PropertyValueSpecification\",\"valueRequired\":true,\"valueName\":\"search_term_string\"}}],\"inLanguage\":\"lv-LV\"},{\"@type\":\"Organization\",\"@id\":\"https:\/\/talkpal.ai\/lv\/#organization\",\"name\":\"Talkpal, Inc.\",\"alternateName\":\"Talkpal AI\",\"url\":\"https:\/\/talkpal.ai\/lv\/\",\"logo\":{\"@type\":\"ImageObject\",\"inLanguage\":\"lv-LV\",\"@id\":\"https:\/\/talkpal.ai\/lv\/#\/schema\/logo\/image\/\",\"url\":\"https:\/\/talkpal.ai\/wp-content\/uploads\/2024\/03\/Talkpal-Logo-Icon.png\",\"contentUrl\":\"https:\/\/talkpal.ai\/wp-content\/uploads\/2024\/03\/Talkpal-Logo-Icon.png\",\"width\":2880,\"height\":2880,\"caption\":\"Talkpal, Inc.\"},\"image\":{\"@id\":\"https:\/\/talkpal.ai\/lv\/#\/schema\/logo\/image\/\"},\"sameAs\":[\"https:\/\/www.facebook.com\/profile.php?id=100090733639311\",\"https:\/\/x.com\/talkpalai\",\"https:\/\/www.linkedin.com\/company\/talkpal\/\",\"https:\/\/www.youtube.com\/@TalkPal\/\",\"https:\/\/www.tiktok.com\/@talkpal\",\"https:\/\/www.instagram.com\/talkpal_ai\/\",\"https:\/\/www.crunchbase.com\/organization\/talkpal-9cde\",\"https:\/\/www.g2.com\/products\/talkpal-for-business\/\",\"https:\/\/www.trustpilot.com\/review\/talkpal.ai\",\"https:\/\/www.capterra.com\/p\/10006800\/TalkPal\/\"],\"description\":\"Talkpal is a language learning web and mobile education app, powered by the latest AI technologies, that provides engaging experiences to its customers in many different languages to help them improve their language skills. Users can chat about unlimited amount of topics with the app and use other modes to practice their language learning.\",\"email\":\"support@talkpal.ai\",\"legalName\":\"Talkpal, Inc.\",\"foundingDate\":\"2023-04-03\",\"duns\":\"118989042\",\"numberOfEmployees\":{\"@type\":\"QuantitativeValue\",\"minValue\":\"11\",\"maxValue\":\"50\"},\"publishingPrinciples\":\"https:\/\/talkpal.ai\/publishing-principles\/\",\"actionableFeedbackPolicy\":\"https:\/\/talkpal.ai\/actionable-feedback-policy\/\",\"correctionsPolicy\":\"https:\/\/talkpal.ai\/corrections-policy\/\",\"ethicsPolicy\":\"https:\/\/talkpal.ai\/ethics-policy\/\",\"diversityPolicy\":\"https:\/\/talkpal.ai\/diversity-policy\/\",\"diversityStaffingReport\":\"https:\/\/talkpal.ai\/diversity-policy\/\"}]}<\/script>\n<!-- \/ Yoast SEO Premium plugin. -->","yoast_head_json":{"title":"Tagalog gramatika - Talkpal","description":"Izp\u0113tiet tagalogu gramatikas pamatus un uzziniet, k\u0101 vienk\u0101r\u0161i un draudz\u012bgi nov\u0113rt\u0113t \u0161o skaisto valodu.","robots":{"index":"index","follow":"follow","max-snippet":"max-snippet:-1","max-image-preview":"max-image-preview:large","max-video-preview":"max-video-preview:-1"},"canonical":"https:\/\/talkpal.ai\/lv\/tagalog-gramatika\/","og_locale":"lv_LV","og_type":"article","og_title":"Tagalog gramatika","og_description":"Tagalog gramatika: iepaz\u012bstiet filip\u012bnie\u0161u valodas sirdi Tagalogu, Filip\u012bnu valsts valodas, filip\u012bnie\u0161u, pamatu run\u0101 miljoniem cilv\u0113ku vis\u0101 pasaul\u0113. Lai","og_url":"https:\/\/talkpal.ai\/lv\/tagalog-gramatika\/","og_site_name":"Talkpal","article_publisher":"https:\/\/www.facebook.com\/profile.php?id=100090733639311","article_modified_time":"2025-12-17T15:38:59+00:00","og_image":[{"width":512,"height":512,"url":"https:\/\/talkpal.ai\/wp-content\/uploads\/2023\/05\/Tagalog-philippines.png","type":"image\/png"}],"twitter_card":"summary_large_image","twitter_site":"@talkpalai","twitter_misc":{"Est. reading time":"3 minutes"},"schema":{"@context":"https:\/\/schema.org","@graph":[{"@type":"WebPage","@id":"https:\/\/talkpal.ai\/lv\/tagalog-gramatika\/","url":"https:\/\/talkpal.ai\/lv\/tagalog-gramatika\/","name":"Tagalog gramatika - Talkpal","isPartOf":{"@id":"https:\/\/talkpal.ai\/lv\/#website"},"primaryImageOfPage":{"@id":"https:\/\/talkpal.ai\/lv\/tagalog-gramatika\/#primaryimage"},"image":{"@id":"https:\/\/talkpal.ai\/lv\/tagalog-gramatika\/#primaryimage"},"thumbnailUrl":"https:\/\/talkpal.ai\/wp-content\/uploads\/2023\/05\/Tagalog-philippines.png","datePublished":"2023-05-14T14:23:21+00:00","dateModified":"2025-12-17T15:38:59+00:00","description":"Izp\u0113tiet tagalogu gramatikas pamatus un uzziniet, k\u0101 vienk\u0101r\u0161i un draudz\u012bgi nov\u0113rt\u0113t \u0161o skaisto valodu.","breadcrumb":{"@id":"https:\/\/talkpal.ai\/lv\/tagalog-gramatika\/#breadcrumb"},"inLanguage":"lv-LV","potentialAction":[{"@type":"ReadAction","target":["https:\/\/talkpal.ai\/lv\/tagalog-gramatika\/"]}]},{"@type":"ImageObject","inLanguage":"lv-LV","@id":"https:\/\/talkpal.ai\/lv\/tagalog-gramatika\/#primaryimage","url":"https:\/\/talkpal.ai\/wp-content\/uploads\/2023\/05\/Tagalog-philippines.png","contentUrl":"https:\/\/talkpal.ai\/wp-content\/uploads\/2023\/05\/Tagalog-philippines.png","width":512,"height":512},{"@type":"BreadcrumbList","@id":"https:\/\/talkpal.ai\/lv\/tagalog-gramatika\/#breadcrumb","itemListElement":[{"@type":"ListItem","position":1,"name":"Homepage","item":"https:\/\/talkpal.ai\/lv\/"},{"@type":"ListItem","position":2,"name":"Tagalog gramatika"}]},{"@type":"WebSite","@id":"https:\/\/talkpal.ai\/lv\/#website","url":"https:\/\/talkpal.ai\/lv\/","name":"Talkpal","description":"AI Language Learning","publisher":{"@id":"https:\/\/talkpal.ai\/lv\/#organization"},"alternateName":"Talkpal AI","potentialAction":[{"@type":"SearchAction","target":{"@type":"EntryPoint","urlTemplate":"https:\/\/talkpal.ai\/lv\/?s={search_term_string}"},"query-input":{"@type":"PropertyValueSpecification","valueRequired":true,"valueName":"search_term_string"}}],"inLanguage":"lv-LV"},{"@type":"Organization","@id":"https:\/\/talkpal.ai\/lv\/#organization","name":"Talkpal, Inc.","alternateName":"Talkpal AI","url":"https:\/\/talkpal.ai\/lv\/","logo":{"@type":"ImageObject","inLanguage":"lv-LV","@id":"https:\/\/talkpal.ai\/lv\/#\/schema\/logo\/image\/","url":"https:\/\/talkpal.ai\/wp-content\/uploads\/2024\/03\/Talkpal-Logo-Icon.png","contentUrl":"https:\/\/talkpal.ai\/wp-content\/uploads\/2024\/03\/Talkpal-Logo-Icon.png","width":2880,"height":2880,"caption":"Talkpal, Inc."},"image":{"@id":"https:\/\/talkpal.ai\/lv\/#\/schema\/logo\/image\/"},"sameAs":["https:\/\/www.facebook.com\/profile.php?id=100090733639311","https:\/\/x.com\/talkpalai","https:\/\/www.linkedin.com\/company\/talkpal\/","https:\/\/www.youtube.com\/@TalkPal\/","https:\/\/www.tiktok.com\/@talkpal","https:\/\/www.instagram.com\/talkpal_ai\/","https:\/\/www.crunchbase.com\/organization\/talkpal-9cde","https:\/\/www.g2.com\/products\/talkpal-for-business\/","https:\/\/www.trustpilot.com\/review\/talkpal.ai","https:\/\/www.capterra.com\/p\/10006800\/TalkPal\/"],"description":"Talkpal is a language learning web and mobile education app, powered by the latest AI technologies, that provides engaging experiences to its customers in many different languages to help them improve their language skills. Users can chat about unlimited amount of topics with the app and use other modes to practice their language learning.","email":"support@talkpal.ai","legalName":"Talkpal, Inc.","foundingDate":"2023-04-03","duns":"118989042","numberOfEmployees":{"@type":"QuantitativeValue","minValue":"11","maxValue":"50"},"publishingPrinciples":"https:\/\/talkpal.ai\/publishing-principles\/","actionableFeedbackPolicy":"https:\/\/talkpal.ai\/actionable-feedback-policy\/","correctionsPolicy":"https:\/\/talkpal.ai\/corrections-policy\/","ethicsPolicy":"https:\/\/talkpal.ai\/ethics-policy\/","diversityPolicy":"https:\/\/talkpal.ai\/diversity-policy\/","diversityStaffingReport":"https:\/\/talkpal.ai\/diversity-policy\/"}]}},"_links":{"self":[{"href":"https:\/\/talkpal.ai\/lv\/wp-json\/wp\/v2\/pages\/152901","targetHints":{"allow":["GET"]}}],"collection":[{"href":"https:\/\/talkpal.ai\/lv\/wp-json\/wp\/v2\/pages"}],"about":[{"href":"https:\/\/talkpal.ai\/lv\/wp-json\/wp\/v2\/types\/page"}],"author":[{"embeddable":true,"href":"https:\/\/talkpal.ai\/lv\/wp-json\/wp\/v2\/users\/1"}],"replies":[{"embeddable":true,"href":"https:\/\/talkpal.ai\/lv\/wp-json\/wp\/v2\/comments?post=152901"}],"version-history":[{"count":0,"href":"https:\/\/talkpal.ai\/lv\/wp-json\/wp\/v2\/pages\/152901\/revisions"}],"wp:featuredmedia":[{"embeddable":true,"href":"https:\/\/talkpal.ai\/lv\/wp-json\/wp\/v2\/media\/119968"}],"wp:attachment":[{"href":"https:\/\/talkpal.ai\/lv\/wp-json\/wp\/v2\/media?parent=152901"}],"curies":[{"name":"wp","href":"https:\/\/api.w.org\/{rel}","templated":true}]}}