{"id":152574,"date":"2023-05-14T14:23:00","date_gmt":"2023-05-14T14:23:00","guid":{"rendered":"http:\/\/talkpal.ai\/vjetnamiesu-gramatika\/"},"modified":"2025-12-12T10:55:29","modified_gmt":"2025-12-12T10:55:29","slug":"vjetnamiesu-gramatika","status":"publish","type":"page","link":"https:\/\/talkpal.ai\/lv\/vjetnamiesu-gramatika\/","title":{"rendered":"Vjetnamie\u0161u gramatika"},"content":{"rendered":"\r\n\r\n\r\n<section class=\"languageChallengeSection\">\r\n    <div class=\"languageInfoWrapper\">\r\n        \r\n        <h1>Vjetnamie\u0161u gramatika<\/h1>\r\n        <p><a href=\"https:\/\/talkpal.ai\/learn-vietnamese\/\">Vjetnamie\u0161u<\/a> <a href=\"https:\/\/talkpal.ai\/what-language-is-spoken-on-the-international-space-station\/\">valodas<\/a> <a href=\"https:\/\/talkpal.ai\/sq\/gramatika\/\">gramatika<\/a> ir paz\u012bstama ar savu vienk\u0101r\u0161\u012bbu un lo\u0123isko strukt\u016bru, padarot to viegli saprotamu jaunajiem studentiem. Pateicoties rom\u0101niz\u0113tajam alfab\u0113tam, bez darb\u012bbas v\u0101rdu konjug\u0101cij\u0101m un minim\u0101lam daudzskait\u013ca lietojumam, skol\u0113ni var \u0101tri koncentr\u0113ties uz v\u0101rdu kr\u0101juma veido\u0161anu un sarunvalodas prasm\u0113m. Vjetnamie\u0161u valodas apguve ir ne tikai valodas apguve &#8211; t\u0101 paver ar\u012b iesp\u0113ju iepaz\u012bt bag\u0101t\u012bgo valsts kult\u016bru un v\u0113sturi.<\/p>\r\n\r\n                            <a class=\"getStartedHidden\" href=\"https:\/\/app.talkpal.ai\/lv\/signup?lng=\">S\u0101c<\/a>\r\n        \r\n    <\/div>\r\n\r\n    <figure>\r\n    <img decoding=\"async\" width=\"768\" height=\"768\" src=\"https:\/\/talkpal.ai\/wp-content\/uploads\/2023\/06\/vietnamese-768x768.png\" class=\"languageImage no-lazy\" alt=\"Language learning for extensive cultural knowledge\" fetchpriority=\"high\" sizes=\"(max-width: 768px) 150px, 768px\" srcset=\"https:\/\/talkpal.ai\/wp-content\/uploads\/2023\/06\/vietnamese-768x768.png 768w, https:\/\/talkpal.ai\/wp-content\/uploads\/2023\/06\/vietnamese-300x300.png 300w\" \/>\r\n    \r\n\r\n    <\/figure>\r\n\r\n            <a class=\"getStartedVisible\" href=\"https:\/\/app.talkpal.ai\/lv\/signup?lng=\">S\u0101c<\/a>\r\n    \r\n<\/section>\r\n<section class=\"promotionalBanner\">\r\n    <p class=\"promotionalText\">Visefekt\u012bv\u0101kais veids, k\u0101 apg\u016bt valodu<\/p>\r\n    <a class=\"promotionalLink\" href=\"https:\/\/app.talkpal.ai\/lv\/signup?lng=\">Izm\u0113\u0123iniet Talkpal bez maksas<\/a>\r\n<\/section>\n<div class=\"wp-block-group pageContainerStyle\"><div class=\"wp-block-group__inner-container is-layout-constrained wp-block-group-is-layout-constrained\">\n<h2 class=\"wp-block-heading\" id=\"h-the-intricacies-of-vietnamese-grammar-an-engaging-exploration\">Vjetnamie\u0161u gramatikas sare\u017e\u0123\u012bt\u012bba: saisto\u0161a izp\u0113te<\/h2>\n\n\n\n<p>Vjetnamie\u0161u valoda ar t\u0101s dzi\u013caj\u0101m v\u0113sturiskaj\u0101m sakn\u0113m un unik\u0101lo kult\u016bras fonu pied\u0101v\u0101 vilino\u0161u piedz\u012bvojumu gan valodniekiem, gan valodu apguv\u0113jiem. Lai gan vjetnamie\u0161u gramatika s\u0101kotn\u0113ji var\u0113tu par\u0101d\u012bties k\u0101 izaicin\u0101jums, t\u0101s vienk\u0101r\u0161\u0101 lo\u0123ika un konsekvence paver ce\u013cu aizraujo\u0161ai m\u0101c\u012bbu pieredzei. T\u0101tad, piesakieties intri\u0123\u0113jo\u0161am lingvistiskajam ce\u013cojumam, iedzi\u013cinoties vjetnamie\u0161u gramatikas \u012bpatn\u012bb\u0101s.<\/p>\n\n\n\n<h3 class=\"wp-block-heading\" id=\"h-1-the-alphabet-a-gift-from-the-past\">1. Alfab\u0113ts: d\u0101vana no pag\u0101tnes<\/h3>\n\n\n\n<p>Vjetnamie\u0161u alfab\u0113ts, kas sast\u0101v no 29 burtiem, galvenok\u0101rt c\u0113lies no lat\u012b\u0146u rakst\u012bbas ar <a href=\"https:\/\/talkpal.ai\/learn-portuguese\/\">portug\u0101\u013cu<\/a> un <a href=\"https:\/\/talkpal.ai\/lv\/francu-valodas-apguves-nodarbibas\/\">fran\u010du valodas<\/a> pirms\u0101kumiem. Pateicoties Qu\u1ed1c Ng\u1eef skriptam, p\u0101reja uz romaniz\u0113tu skriptu ir padar\u012bjusi alfab\u0113tu paz\u012bstamu un viegli pieejamu citu lat\u012b\u0146u valodas valodu run\u0101t\u0101jiem. Tas \u013cauj ies\u0101c\u0113jiem vienm\u0113r\u012bgi ievad\u012bt punktu, lai koncentr\u0113tos uz unik\u0101laj\u0101m ska\u0146\u0101m un valodas izrunu.<\/p>\n\n\n\n<h3 class=\"wp-block-heading\" id=\"h-2-tones-vietnamese-s-musical-notation\">2. Toni: Vjetnamie\u0161u valodas muzik\u0101l\u0101 not\u0101cija<\/h3>\n\n\n\n<p>Vjetnamie\u0161u valoda ir ton\u0101la valoda, kur\u0101 ir se\u0161i at\u0161\u0137ir\u012bgi to\u0146i, kas maina v\u0101rda noz\u012bmi, izmantojot da\u017e\u0101das diakritisk\u0101s z\u012bmes. \u0160o to\u0146u meistar\u012bbas apg\u016b\u0161ana var b\u016bt izaicino\u0161a, ta\u010du t\u0101 pie\u0161\u0137ir valodai muzikalit\u0101ti un niansi, kas padara to v\u0113l valdzino\u0161\u0101ku. Paciet\u012bba un prakse padar\u012bs to perfektu, \u013caujot piln\u012bb\u0101 nov\u0113rt\u0113t vjetnamie\u0161u melodisko skaistumu.<\/p>\n\n\n\n<h3 class=\"wp-block-heading\" id=\"h-3-word-order-unraveling-the-vietnamese-sentence-structure\">3. V\u0101rdu sec\u012bba: vjetnamie\u0161u teikumu strukt\u016bras at\u0161\u0137etin\u0101\u0161ana<\/h3>\n\n\n\n<p>Par laimi, vjetnamie\u0161u v\u0101rdu sec\u012bba ir diezgan vienk\u0101r\u0161a, iev\u0113rojot paz\u012bstamo subject-verb-object (SVO) form\u0101tu. \u0160\u012b pieejam\u0101 strukt\u016bra \u013cauj angliski run\u0101jo\u0161ajiem viegl\u0101k veidot teikumus vjetnamie\u0161u valod\u0101, nepiedz\u012bvojot b\u016btiskas izmai\u0146as valodniec\u012bb\u0101. Piem\u0113ram, &#8220;T\u00f4i y\u00eau Vi\u1ec7t Nam!&#8221;. (Es m\u012blu Vjetnamu!), kur ab\u0101s valod\u0101s ir paral\u0113las konstrukcijas.<\/p>\n\n\n\n<h3 class=\"wp-block-heading\" id=\"h-4-no-more-plural-nouns-or-verb-conjugations\">4. Vairs nav daudzskait\u013ca lietv\u0101rdu vai darb\u012bbas v\u0101rdu konjug\u0101ciju<\/h3>\n\n\n\n<p>Vjetnamie\u0161u valod\u0101 lietv\u0101rdi nemaina savu formu, lai nor\u0101d\u012btu uz daudzskaitli, un darb\u012bbas v\u0101rdi paliek konsekventi neatkar\u012bgi no sasprindzin\u0101juma vai priek\u0161meta. Lai gan s\u0101kum\u0101 tas var\u0113tu \u0161\u0137ist mulsino\u0161i, tas iev\u0113rojami vienk\u0101r\u0161o gramatikas noteikumu apguvi. T\u0101 viet\u0101 konteksts un papildu v\u0101rdu izmanto\u0161ana preciz\u0113 teikuma noz\u012bmi. T\u0101tad, elpojiet atvieglojuma nop\u016btu, atvadoties no konjug\u0101cijas gr\u016bt\u012bb\u0101m.<\/p>\n\n\n\n<h3 class=\"wp-block-heading\" id=\"h-5-immerse-yourself-in-the-vietnamese-mindset\">5. Iegremd\u0113jieties vjetnamie\u0161u dom\u0101\u0161an\u0101<\/h3>\n\n\n\n<p>Vjetnamie\u0161u valodas apguve nav tikai gramatikas apguve, bet ar\u012b kult\u016bras, v\u0113stures un soci\u0101l\u0101 konteksta apzin\u0101\u0161an\u0101s, kas ir veidojis \u0161o valodu. Sazinieties ar dzimt\u0101s valodas run\u0101t\u0101jiem, iepaz\u012bstiet vjetnamie\u0161u literat\u016bru un m\u0101kslu, k\u0101 ar\u012b m\u0113\u0123iniet iejusties \u0161\u012bs tautas v\u0113rt\u012bb\u0101s un para\u017e\u0101s. \u0160\u012b holistisk\u0101 pieeja ne tikai uzlabos j\u016bsu valodu prasmes, bet ar\u012b padzi\u013cin\u0101s izpratni par Vjetnamas daudz\u0161\u0137aut\u0146aino skaistumu.<\/p>\n\n\n\n<h3 class=\"wp-block-heading\" id=\"h-in-conclusion-relish-the-charm-of-vietnamese-grammar\">Nosl\u0113gum\u0101: izbaudiet vjetnamie\u0161u gramatikas \u0161armu<\/h3>\n\n\n\n<p>Lai gan vjetnamie\u0161u gramatika virspus\u0113ji var\u0113tu \u0161\u0137ist mulsino\u0161a, t\u0101s aizraujo\u0161\u0101 strukt\u016bra un rakstur\u012bg\u0101 vienk\u0101r\u0161\u012bba aicina audz\u0113k\u0146us doties atalgojo\u0161\u0101 lingvistisk\u0101 ce\u013cojum\u0101. Iepaz\u012bstot vjetnamie\u0161u valodas pasauli, j\u016bs apbr\u012bnosiet t\u0101s gramatikas eleganci un skaistumu, k\u0101 ar\u012b bag\u0101t\u012bgo kult\u016bras gobel\u0113nu, kas gadsimtu gait\u0101 ir veidojis \u0161o valodu. T\u0101tad, dodieties uz priek\u0161u un izp\u0113tiet vjetnamie\u0161u gramatikas br\u012bnumus, p\u0101rvietojoties \u0161\u012bs burv\u012bg\u0101s valodas lingvistiskaj\u0101 ainav\u0101.<\/p>\n<\/div><\/div>\n\r\n<section class=\"learnNavigationSection\">\r\n            \r\n        <a href=\"https:\/\/talkpal.ai\/lv\/uzziniet-vjetnamiesu-valodu\/\">\r\n            <div class=\"learnNavigationWrapper\">\r\n                <div class=\"learnNavigationContent\">\r\n                    <img decoding=\"async\" src=\"https:\/\/talkpal.ai\/wp-content\/uploads\/2024\/08\/Vietnamese.jpg\" alt=\"Vietnamise Flag\">\r\n                    <div>\r\n                        <h4>Par vjetnamie\u0161u valodas apguvi<\/h4>\r\n                        <p>Uzziniet visu par vjetnamie\u0161u gramatiku.<\/p>\r\n                    <\/div>\r\n                <\/div>\r\n            <\/div>\r\n        <\/a>\r\n\r\n        \r\n        <a href=\"https:\/\/talkpal.ai\/lv\/vjetnamiesu-gramatikas-vingrinajumi\/\">\r\n            <div class=\"learnNavigationWrapper\">\r\n                <div class=\"learnNavigationContent\">\r\n                    <img decoding=\"async\" src=\"https:\/\/talkpal.ai\/wp-content\/uploads\/2024\/08\/Vietnamese.jpg\" alt=\"Vietnamise Flag\">\r\n                    <div>\r\n                        <h4>Vjetnamie\u0161u valodas gramatikas vingrin\u0101jums<\/h4>\r\n                        <p>Praktiz\u0113jiet vjetnamie\u0161u gramatiku.<\/p>\r\n                    <\/div>\r\n                <\/div>\r\n            <\/div>\r\n        <\/a>\r\n\r\n        \r\n        <a href=\"https:\/\/talkpal.ai\/vocabulary_language\/vietnamese\/\">\r\n            <div class=\"learnNavigationWrapper\">\r\n                <div class=\"learnNavigationContent\">\r\n                    <img decoding=\"async\" src=\"https:\/\/talkpal.ai\/wp-content\/uploads\/2024\/08\/Vietnamese.jpg\" alt=\"Vietnamise Flag\">\r\n                    <div>\r\n                        <h4>Vjetnamie\u0161u valodas v\u0101rdn\u012bca<\/h4>\r\n                        <p>Papla\u0161iniet savu vjetnamie\u0161u valodas v\u0101rdu kr\u0101jumu.<\/p>\r\n                    <\/div>\r\n                <\/div>\r\n            <\/div>\r\n        <\/a>\r\n\r\n            <\/section>","protected":false},"excerpt":{"rendered":"<p>Vjetnamie\u0161u gramatikas sare\u017e\u0123\u012bt\u012bba: saisto\u0161a izp\u0113te Vjetnamie\u0161u valoda ar t\u0101s dzi\u013caj\u0101m v\u0113sturiskaj\u0101m sakn\u0113m un unik\u0101lo kult\u016bras fonu pied\u0101v\u0101 vilino\u0161u piedz\u012bvojumu gan valodniekiem, gan valodu apguv\u0113jiem. Lai gan vjetnamie\u0161u gramatika s\u0101kotn\u0113ji var\u0113tu par\u0101d\u012bties k\u0101 izaicin\u0101jums, t\u0101s vienk\u0101r\u0161\u0101 lo\u0123ika un konsekvence paver ce\u013cu aizraujo\u0161ai m\u0101c\u012bbu pieredzei. T\u0101tad, piesakieties intri\u0123\u0113jo\u0161am lingvistiskajam ce\u013cojumam, iedzi\u013cinoties vjetnamie\u0161u gramatikas \u012bpatn\u012bb\u0101s. 1. Alfab\u0113ts: d\u0101vana [&hellip;]<\/p>\n","protected":false},"author":1,"featured_media":120469,"parent":0,"menu_order":0,"comment_status":"closed","ping_status":"closed","template":"LearningContentPage.php","meta":{"_acf_changed":false,"footnotes":""},"class_list":["post-152574","page","type-page","status-publish","has-post-thumbnail","hentry"],"acf":[],"yoast_head":"<!-- This site is optimized with the Yoast SEO Premium plugin v27.2 (Yoast SEO v27.2) - https:\/\/yoast.com\/product\/yoast-seo-premium-wordpress\/ -->\n<title>Vjetnamie\u0161u gramatika - Talkpal<\/title>\n<meta name=\"description\" content=\"Izp\u0113tiet aizraujo\u0161os vjetnamie\u0161u valodas gramatikas aspektus un atkl\u0101jiet \u0161\u012bs unik\u0101l\u0101s valodas m\u0101c\u012b\u0161an\u0101s prieku.\" \/>\n<meta name=\"robots\" content=\"index, follow, max-snippet:-1, max-image-preview:large, max-video-preview:-1\" \/>\n<link rel=\"canonical\" href=\"https:\/\/talkpal.ai\/lv\/vjetnamiesu-gramatika\/\" \/>\n<meta property=\"og:locale\" content=\"lv_LV\" \/>\n<meta property=\"og:type\" content=\"article\" \/>\n<meta property=\"og:title\" content=\"Vjetnamie\u0161u gramatika\" \/>\n<meta property=\"og:description\" content=\"Vjetnamie\u0161u gramatikas sare\u017e\u0123\u012bt\u012bba: saisto\u0161a izp\u0113te Vjetnamie\u0161u valoda ar t\u0101s dzi\u013caj\u0101m v\u0113sturiskaj\u0101m sakn\u0113m un unik\u0101lo kult\u016bras fonu pied\u0101v\u0101 vilino\u0161u\" \/>\n<meta property=\"og:url\" content=\"https:\/\/talkpal.ai\/lv\/vjetnamiesu-gramatika\/\" \/>\n<meta property=\"og:site_name\" content=\"Talkpal\" \/>\n<meta property=\"article:publisher\" content=\"https:\/\/www.facebook.com\/profile.php?id=100090733639311\" \/>\n<meta property=\"article:modified_time\" content=\"2025-12-12T10:55:29+00:00\" \/>\n<meta property=\"og:image\" content=\"https:\/\/talkpal.ai\/wp-content\/uploads\/2023\/05\/vietnam.png\" \/>\n\t<meta property=\"og:image:width\" content=\"512\" \/>\n\t<meta property=\"og:image:height\" content=\"512\" \/>\n\t<meta property=\"og:image:type\" content=\"image\/png\" \/>\n<meta name=\"twitter:card\" content=\"summary_large_image\" \/>\n<meta name=\"twitter:site\" content=\"@talkpalai\" \/>\n<meta name=\"twitter:label1\" content=\"Est. reading time\" \/>\n\t<meta name=\"twitter:data1\" content=\"3 minutes\" \/>\n<script type=\"application\/ld+json\" class=\"yoast-schema-graph\">{\"@context\":\"https:\/\/schema.org\",\"@graph\":[{\"@type\":\"WebPage\",\"@id\":\"https:\/\/talkpal.ai\/lv\/vjetnamiesu-gramatika\/\",\"url\":\"https:\/\/talkpal.ai\/lv\/vjetnamiesu-gramatika\/\",\"name\":\"Vjetnamie\u0161u gramatika - Talkpal\",\"isPartOf\":{\"@id\":\"https:\/\/talkpal.ai\/lv\/#website\"},\"primaryImageOfPage\":{\"@id\":\"https:\/\/talkpal.ai\/lv\/vjetnamiesu-gramatika\/#primaryimage\"},\"image\":{\"@id\":\"https:\/\/talkpal.ai\/lv\/vjetnamiesu-gramatika\/#primaryimage\"},\"thumbnailUrl\":\"https:\/\/talkpal.ai\/wp-content\/uploads\/2023\/05\/vietnam.png\",\"datePublished\":\"2023-05-14T14:23:00+00:00\",\"dateModified\":\"2025-12-12T10:55:29+00:00\",\"description\":\"Izp\u0113tiet aizraujo\u0161os vjetnamie\u0161u valodas gramatikas aspektus un atkl\u0101jiet \u0161\u012bs unik\u0101l\u0101s valodas m\u0101c\u012b\u0161an\u0101s prieku.\",\"breadcrumb\":{\"@id\":\"https:\/\/talkpal.ai\/lv\/vjetnamiesu-gramatika\/#breadcrumb\"},\"inLanguage\":\"lv-LV\",\"potentialAction\":[{\"@type\":\"ReadAction\",\"target\":[\"https:\/\/talkpal.ai\/lv\/vjetnamiesu-gramatika\/\"]}]},{\"@type\":\"ImageObject\",\"inLanguage\":\"lv-LV\",\"@id\":\"https:\/\/talkpal.ai\/lv\/vjetnamiesu-gramatika\/#primaryimage\",\"url\":\"https:\/\/talkpal.ai\/wp-content\/uploads\/2023\/05\/vietnam.png\",\"contentUrl\":\"https:\/\/talkpal.ai\/wp-content\/uploads\/2023\/05\/vietnam.png\",\"width\":512,\"height\":512},{\"@type\":\"BreadcrumbList\",\"@id\":\"https:\/\/talkpal.ai\/lv\/vjetnamiesu-gramatika\/#breadcrumb\",\"itemListElement\":[{\"@type\":\"ListItem\",\"position\":1,\"name\":\"Homepage\",\"item\":\"https:\/\/talkpal.ai\/lv\/\"},{\"@type\":\"ListItem\",\"position\":2,\"name\":\"Vjetnamie\u0161u gramatika\"}]},{\"@type\":\"WebSite\",\"@id\":\"https:\/\/talkpal.ai\/lv\/#website\",\"url\":\"https:\/\/talkpal.ai\/lv\/\",\"name\":\"Talkpal\",\"description\":\"AI Language Learning\",\"publisher\":{\"@id\":\"https:\/\/talkpal.ai\/lv\/#organization\"},\"alternateName\":\"Talkpal AI\",\"potentialAction\":[{\"@type\":\"SearchAction\",\"target\":{\"@type\":\"EntryPoint\",\"urlTemplate\":\"https:\/\/talkpal.ai\/lv\/?s={search_term_string}\"},\"query-input\":{\"@type\":\"PropertyValueSpecification\",\"valueRequired\":true,\"valueName\":\"search_term_string\"}}],\"inLanguage\":\"lv-LV\"},{\"@type\":\"Organization\",\"@id\":\"https:\/\/talkpal.ai\/lv\/#organization\",\"name\":\"Talkpal, Inc.\",\"alternateName\":\"Talkpal AI\",\"url\":\"https:\/\/talkpal.ai\/lv\/\",\"logo\":{\"@type\":\"ImageObject\",\"inLanguage\":\"lv-LV\",\"@id\":\"https:\/\/talkpal.ai\/lv\/#\/schema\/logo\/image\/\",\"url\":\"https:\/\/talkpal.ai\/wp-content\/uploads\/2024\/03\/Talkpal-Logo-Icon.png\",\"contentUrl\":\"https:\/\/talkpal.ai\/wp-content\/uploads\/2024\/03\/Talkpal-Logo-Icon.png\",\"width\":2880,\"height\":2880,\"caption\":\"Talkpal, Inc.\"},\"image\":{\"@id\":\"https:\/\/talkpal.ai\/lv\/#\/schema\/logo\/image\/\"},\"sameAs\":[\"https:\/\/www.facebook.com\/profile.php?id=100090733639311\",\"https:\/\/x.com\/talkpalai\",\"https:\/\/www.linkedin.com\/company\/talkpal\/\",\"https:\/\/www.youtube.com\/@TalkPal\/\",\"https:\/\/www.tiktok.com\/@talkpal\",\"https:\/\/www.instagram.com\/talkpal_ai\/\",\"https:\/\/www.crunchbase.com\/organization\/talkpal-9cde\",\"https:\/\/www.g2.com\/products\/talkpal-for-business\/\",\"https:\/\/www.trustpilot.com\/review\/talkpal.ai\",\"https:\/\/www.capterra.com\/p\/10006800\/TalkPal\/\"],\"description\":\"Talkpal is a language learning web and mobile education app, powered by the latest AI technologies, that provides engaging experiences to its customers in many different languages to help them improve their language skills. Users can chat about unlimited amount of topics with the app and use other modes to practice their language learning.\",\"email\":\"support@talkpal.ai\",\"legalName\":\"Talkpal, Inc.\",\"foundingDate\":\"2023-04-03\",\"duns\":\"118989042\",\"numberOfEmployees\":{\"@type\":\"QuantitativeValue\",\"minValue\":\"11\",\"maxValue\":\"50\"},\"publishingPrinciples\":\"https:\/\/talkpal.ai\/publishing-principles\/\",\"actionableFeedbackPolicy\":\"https:\/\/talkpal.ai\/actionable-feedback-policy\/\",\"correctionsPolicy\":\"https:\/\/talkpal.ai\/corrections-policy\/\",\"ethicsPolicy\":\"https:\/\/talkpal.ai\/ethics-policy\/\",\"diversityPolicy\":\"https:\/\/talkpal.ai\/diversity-policy\/\",\"diversityStaffingReport\":\"https:\/\/talkpal.ai\/diversity-policy\/\"}]}<\/script>\n<!-- \/ Yoast SEO Premium plugin. -->","yoast_head_json":{"title":"Vjetnamie\u0161u gramatika - Talkpal","description":"Izp\u0113tiet aizraujo\u0161os vjetnamie\u0161u valodas gramatikas aspektus un atkl\u0101jiet \u0161\u012bs unik\u0101l\u0101s valodas m\u0101c\u012b\u0161an\u0101s prieku.","robots":{"index":"index","follow":"follow","max-snippet":"max-snippet:-1","max-image-preview":"max-image-preview:large","max-video-preview":"max-video-preview:-1"},"canonical":"https:\/\/talkpal.ai\/lv\/vjetnamiesu-gramatika\/","og_locale":"lv_LV","og_type":"article","og_title":"Vjetnamie\u0161u gramatika","og_description":"Vjetnamie\u0161u gramatikas sare\u017e\u0123\u012bt\u012bba: saisto\u0161a izp\u0113te Vjetnamie\u0161u valoda ar t\u0101s dzi\u013caj\u0101m v\u0113sturiskaj\u0101m sakn\u0113m un unik\u0101lo kult\u016bras fonu pied\u0101v\u0101 vilino\u0161u","og_url":"https:\/\/talkpal.ai\/lv\/vjetnamiesu-gramatika\/","og_site_name":"Talkpal","article_publisher":"https:\/\/www.facebook.com\/profile.php?id=100090733639311","article_modified_time":"2025-12-12T10:55:29+00:00","og_image":[{"width":512,"height":512,"url":"https:\/\/talkpal.ai\/wp-content\/uploads\/2023\/05\/vietnam.png","type":"image\/png"}],"twitter_card":"summary_large_image","twitter_site":"@talkpalai","twitter_misc":{"Est. reading time":"3 minutes"},"schema":{"@context":"https:\/\/schema.org","@graph":[{"@type":"WebPage","@id":"https:\/\/talkpal.ai\/lv\/vjetnamiesu-gramatika\/","url":"https:\/\/talkpal.ai\/lv\/vjetnamiesu-gramatika\/","name":"Vjetnamie\u0161u gramatika - Talkpal","isPartOf":{"@id":"https:\/\/talkpal.ai\/lv\/#website"},"primaryImageOfPage":{"@id":"https:\/\/talkpal.ai\/lv\/vjetnamiesu-gramatika\/#primaryimage"},"image":{"@id":"https:\/\/talkpal.ai\/lv\/vjetnamiesu-gramatika\/#primaryimage"},"thumbnailUrl":"https:\/\/talkpal.ai\/wp-content\/uploads\/2023\/05\/vietnam.png","datePublished":"2023-05-14T14:23:00+00:00","dateModified":"2025-12-12T10:55:29+00:00","description":"Izp\u0113tiet aizraujo\u0161os vjetnamie\u0161u valodas gramatikas aspektus un atkl\u0101jiet \u0161\u012bs unik\u0101l\u0101s valodas m\u0101c\u012b\u0161an\u0101s prieku.","breadcrumb":{"@id":"https:\/\/talkpal.ai\/lv\/vjetnamiesu-gramatika\/#breadcrumb"},"inLanguage":"lv-LV","potentialAction":[{"@type":"ReadAction","target":["https:\/\/talkpal.ai\/lv\/vjetnamiesu-gramatika\/"]}]},{"@type":"ImageObject","inLanguage":"lv-LV","@id":"https:\/\/talkpal.ai\/lv\/vjetnamiesu-gramatika\/#primaryimage","url":"https:\/\/talkpal.ai\/wp-content\/uploads\/2023\/05\/vietnam.png","contentUrl":"https:\/\/talkpal.ai\/wp-content\/uploads\/2023\/05\/vietnam.png","width":512,"height":512},{"@type":"BreadcrumbList","@id":"https:\/\/talkpal.ai\/lv\/vjetnamiesu-gramatika\/#breadcrumb","itemListElement":[{"@type":"ListItem","position":1,"name":"Homepage","item":"https:\/\/talkpal.ai\/lv\/"},{"@type":"ListItem","position":2,"name":"Vjetnamie\u0161u gramatika"}]},{"@type":"WebSite","@id":"https:\/\/talkpal.ai\/lv\/#website","url":"https:\/\/talkpal.ai\/lv\/","name":"Talkpal","description":"AI Language Learning","publisher":{"@id":"https:\/\/talkpal.ai\/lv\/#organization"},"alternateName":"Talkpal AI","potentialAction":[{"@type":"SearchAction","target":{"@type":"EntryPoint","urlTemplate":"https:\/\/talkpal.ai\/lv\/?s={search_term_string}"},"query-input":{"@type":"PropertyValueSpecification","valueRequired":true,"valueName":"search_term_string"}}],"inLanguage":"lv-LV"},{"@type":"Organization","@id":"https:\/\/talkpal.ai\/lv\/#organization","name":"Talkpal, Inc.","alternateName":"Talkpal AI","url":"https:\/\/talkpal.ai\/lv\/","logo":{"@type":"ImageObject","inLanguage":"lv-LV","@id":"https:\/\/talkpal.ai\/lv\/#\/schema\/logo\/image\/","url":"https:\/\/talkpal.ai\/wp-content\/uploads\/2024\/03\/Talkpal-Logo-Icon.png","contentUrl":"https:\/\/talkpal.ai\/wp-content\/uploads\/2024\/03\/Talkpal-Logo-Icon.png","width":2880,"height":2880,"caption":"Talkpal, Inc."},"image":{"@id":"https:\/\/talkpal.ai\/lv\/#\/schema\/logo\/image\/"},"sameAs":["https:\/\/www.facebook.com\/profile.php?id=100090733639311","https:\/\/x.com\/talkpalai","https:\/\/www.linkedin.com\/company\/talkpal\/","https:\/\/www.youtube.com\/@TalkPal\/","https:\/\/www.tiktok.com\/@talkpal","https:\/\/www.instagram.com\/talkpal_ai\/","https:\/\/www.crunchbase.com\/organization\/talkpal-9cde","https:\/\/www.g2.com\/products\/talkpal-for-business\/","https:\/\/www.trustpilot.com\/review\/talkpal.ai","https:\/\/www.capterra.com\/p\/10006800\/TalkPal\/"],"description":"Talkpal is a language learning web and mobile education app, powered by the latest AI technologies, that provides engaging experiences to its customers in many different languages to help them improve their language skills. Users can chat about unlimited amount of topics with the app and use other modes to practice their language learning.","email":"support@talkpal.ai","legalName":"Talkpal, Inc.","foundingDate":"2023-04-03","duns":"118989042","numberOfEmployees":{"@type":"QuantitativeValue","minValue":"11","maxValue":"50"},"publishingPrinciples":"https:\/\/talkpal.ai\/publishing-principles\/","actionableFeedbackPolicy":"https:\/\/talkpal.ai\/actionable-feedback-policy\/","correctionsPolicy":"https:\/\/talkpal.ai\/corrections-policy\/","ethicsPolicy":"https:\/\/talkpal.ai\/ethics-policy\/","diversityPolicy":"https:\/\/talkpal.ai\/diversity-policy\/","diversityStaffingReport":"https:\/\/talkpal.ai\/diversity-policy\/"}]}},"_links":{"self":[{"href":"https:\/\/talkpal.ai\/lv\/wp-json\/wp\/v2\/pages\/152574","targetHints":{"allow":["GET"]}}],"collection":[{"href":"https:\/\/talkpal.ai\/lv\/wp-json\/wp\/v2\/pages"}],"about":[{"href":"https:\/\/talkpal.ai\/lv\/wp-json\/wp\/v2\/types\/page"}],"author":[{"embeddable":true,"href":"https:\/\/talkpal.ai\/lv\/wp-json\/wp\/v2\/users\/1"}],"replies":[{"embeddable":true,"href":"https:\/\/talkpal.ai\/lv\/wp-json\/wp\/v2\/comments?post=152574"}],"version-history":[{"count":0,"href":"https:\/\/talkpal.ai\/lv\/wp-json\/wp\/v2\/pages\/152574\/revisions"}],"wp:featuredmedia":[{"embeddable":true,"href":"https:\/\/talkpal.ai\/lv\/wp-json\/wp\/v2\/media\/120469"}],"wp:attachment":[{"href":"https:\/\/talkpal.ai\/lv\/wp-json\/wp\/v2\/media?parent=152574"}],"curies":[{"name":"wp","href":"https:\/\/api.w.org\/{rel}","templated":true}]}}