{"id":152299,"date":"2023-05-14T14:22:39","date_gmt":"2023-05-14T14:22:39","guid":{"rendered":"http:\/\/talkpal.ai\/urdu-gramatika\/"},"modified":"2025-12-11T16:25:44","modified_gmt":"2025-12-11T16:25:44","slug":"urdu-gramatika","status":"publish","type":"page","link":"https:\/\/talkpal.ai\/lv\/urdu-gramatika\/","title":{"rendered":"Urdu gramatika"},"content":{"rendered":"\r\n\r\n\r\n<section class=\"languageChallengeSection\">\r\n    <div class=\"languageInfoWrapper\">\r\n        \r\n        <h1>Urdu gramatika<\/h1>\r\n        <p>Vai v\u0113laties apg\u016bt <a href=\"https:\/\/talkpal.ai\/learn-urdu\/\">urdu<\/a> valodu? Iepaz\u012bstieties ar urdu <a href=\"https:\/\/talkpal.ai\/what-language-is-spoken-on-the-international-space-station\/\">valodas<\/a> gramatiku, kur elegantais raksturs, dzimtes lietv\u0101rdi un izteiksm\u012bg\u0101s darb\u012bbas v\u0101rdu formas veido gan po\u0113tisku, gan praktisku valodu. S\u0101ciet savu urdu <a href=\"https:\/\/talkpal.ai\/what-language-is-spoken-on-the-international-space-station\/\">valodas<\/a> ce\u013cojumu jau \u0161odien &#8211; t\u0101s gramatikas apguve pav\u0113rs jaunus ce\u013cus sazi\u0146ai un dzi\u013ci savienos j\u016bs ar bag\u0101taj\u0101m Dienvid\u0101zijas literat\u016bras un kult\u016bras trad\u012bcij\u0101m!<\/p>\r\n\r\n                            <a class=\"getStartedHidden\" href=\"https:\/\/app.talkpal.ai\/lv\/signup?lng=\">S\u0101c<\/a>\r\n        \r\n    <\/div>\r\n\r\n    <figure>\r\n    <img decoding=\"async\" width=\"768\" height=\"768\" src=\"https:\/\/talkpal.ai\/wp-content\/uploads\/2023\/06\/urdu-768x768.png\" class=\"languageImage no-lazy\" alt=\"Language learning for global understanding\" fetchpriority=\"high\" sizes=\"(max-width: 768px) 150px, 768px\" srcset=\"https:\/\/talkpal.ai\/wp-content\/uploads\/2023\/06\/urdu-768x768.png 768w, https:\/\/talkpal.ai\/wp-content\/uploads\/2023\/06\/urdu-300x300.png 300w\" \/>\r\n    \r\n\r\n    <\/figure>\r\n\r\n            <a class=\"getStartedVisible\" href=\"https:\/\/app.talkpal.ai\/lv\/signup?lng=\">S\u0101c<\/a>\r\n    \r\n<\/section>\r\n<section class=\"promotionalBanner\">\r\n    <p class=\"promotionalText\">Visefekt\u012bv\u0101kais veids, k\u0101 apg\u016bt valodu<\/p>\r\n    <a class=\"promotionalLink\" href=\"https:\/\/app.talkpal.ai\/lv\/signup?lng=\">Izm\u0113\u0123iniet Talkpal bez maksas<\/a>\r\n<\/section>\n<div class=\"wp-block-group pageContainerStyle\"><div class=\"wp-block-group__inner-container is-layout-constrained wp-block-group-is-layout-constrained\">\n<h2 class=\"wp-block-heading\" id=\"h-urdu-grammar-exploring-the-beauty-and-intricacies-of-the-indo-aryan-language\">Urdu gramatika: indo\u0101rie\u0161u valodas skaistuma un sare\u017e\u0123\u012bt\u012bbas izp\u0113te<\/h2>\n\n\n\n<p>Valodas entuziasti un zi\u0146k\u0101r\u012bgi apguv\u0113ji, vai esat gatavs ienirt aizraujo\u0161aj\u0101 Urdu gramatikas pasaul\u0113? Urdu, indo\u0101rie\u0161u valoda, ir Pakist\u0101nas valsts valoda un viena no Indijas ofici\u0101laj\u0101m valod\u0101m. Ar aptuveni 70 miljoniem run\u0101t\u0101ju vis\u0101 pasaul\u0113 Urdu ir ne tikai bag\u0101ta un izteiksm\u012bga valoda, bet ar\u012b tilts uz dinamisku kult\u016bru un v\u0113sturi. \u0160aj\u0101 rakst\u0101 m\u0113s iedzi\u013cin\u0101simies urdu valodas gramatikas unik\u0101lajos aspektos un atkl\u0101sim, kas to at\u0161\u0137ir no cit\u0101m valod\u0101m.<\/p>\n\n\n\n<h3 class=\"wp-block-heading\" id=\"h-script-and-pronunciation-the-elegant-nastaliq\">Skripts un izruna: elegantais Nastaliq<\/h3>\n\n\n\n<p>Urdu skripta pamat\u0101 ir <a href=\"https:\/\/talkpal.ai\/learn-persian\/\">persie\u0161u<\/a>-ar\u0101bu Nastaliq stils, kas tiek rakst\u012bts un las\u012bts no lab\u0101s uz kreiso pusi. Nastaliq skripts, kas sast\u0101v no 38 burtiem ar papildu diakritiskaj\u0101m z\u012bm\u0113m patska\u0146iem un izrunai, ir gan elegants, gan pl\u016bsto\u0161s. Skriptu apguve un urdu valodas ska\u0146u izrunas apguve b\u016bs j\u016bsu pirmais solis ce\u013c\u0101 uz valodas gramatikas izpratni.<\/p>\n\n\n\n<h3 class=\"wp-block-heading\" id=\"h-nouns-and-pronouns-exploring-gender-number-and-case\">Lietv\u0101rdi un vietniekv\u0101rdi: dzimuma, skaita un gad\u012bjuma izp\u0113te<\/h3>\n\n\n\n<p>Urdu lietv\u0101rdi tiek klasific\u0113ti p\u0113c dzimuma (v\u012brie\u0161u vai sievie\u0161u), skaita (vienskait\u013ca vai daudzskait\u013ca) un gad\u012bjuma (tie\u0161a vai sl\u012bpa). \u0160aj\u0101 valod\u0101 nav lietv\u0101rdu artikulu (piem\u0113ram, &#8220;a&#8221; vai &#8220;the&#8221;), t\u0101 viet\u0101, lai izteiktu noteikt\u012bbu, tiek pa\u013cauts uz kontekstu. Urdu vietniekv\u0101rdi seko ar\u012b dzimumu, skait\u013cu un gad\u012bjumu at\u0161\u0137ir\u012bb\u0101m, un tiem ir da\u017e\u0101das piekl\u0101j\u012bbas un paz\u012bstam\u012bbas formas.<\/p>\n\n\n\n<h3 class=\"wp-block-heading\" id=\"h-postpositions-and-cases-urdu-s-unique-approach-to-indicating-relationships\">Amata vietas un gad\u012bjumi: Unik\u0101la urdu valodas pieeja attiec\u012bbu nor\u0101d\u012b\u0161anai<\/h3>\n\n\n\n<p>Priev\u0101rdu viet\u0101 Urdu izmanto postpoz\u012bcijas \u2013 v\u0101rdus, kas n\u0101k p\u0113c lietv\u0101rdiem, kurus tie p\u0101rvalda. \u0160\u012b at\u0161\u0137ir\u012bg\u0101 iez\u012bme ir redzama vis\u0101 valod\u0101 un b\u016btiski ietekm\u0113 lietu mar\u0137\u0113jumus. Divi urdu valodas p\u0101ri &#8211; tie\u0161ais un sl\u012bpais &#8211; tiek lietoti kop\u0101 ar postpoz\u012bcij\u0101m, lai nor\u0101d\u012btu saist\u012bbu starp v\u0101rdiem.<\/p>\n\n\n\n<h3 class=\"wp-block-heading\" id=\"h-harnessing-the-power-of-verbs-tense-aspect-and-moods\">Darb\u012bbas v\u0101rdu sp\u0113ka izmanto\u0161ana: sasprindzin\u0101jums, aspekts un noska\u0146as<\/h3>\n\n\n\n<p>Urdu darb\u012bbas v\u0101rdi ir aizraujo\u0161i ar to daudzveid\u012bgo sasprindzin\u0101jumu (pag\u0101tne, tagadne un n\u0101kotne), aspektiem (perfekts, nepiln\u012bgs un past\u0101v\u012bgs) un noska\u0146\u0101m (indikat\u012bvs, imperat\u012bvs un subjunkt\u012bvs). Valoda ar\u012b pla\u0161i izmanto pal\u012bgv\u0101rdus, lai veidotu saliktus laikus, izsakot nianses laik\u0101 un darb\u012bbu pabeig\u0161anu.<\/p>\n\n\n\n<p>Darb\u012bbas v\u0101rdi ar\u012b piekr\u012bt vi\u0146u priek\u0161metiem dzimuma un skaita zi\u0146\u0101, kas urdu gramatikai v\u0113l vair\u0101k pie\u0161\u0137ir sare\u017e\u0123\u012bt\u012bbas un bag\u0101t\u012bbas sl\u0101\u0146us.<\/p>\n\n\n\n<h3 class=\"wp-block-heading\" id=\"h-adjectives-adverbs-and-more-adding-color-to-your-language\">\u012apa\u0161\u012bbas v\u0101rdi, adverbi un daudz kas cits: kr\u0101su pievieno\u0161ana valodai<\/h3>\n\n\n\n<p>Urdu \u012bpa\u0161\u012bbas v\u0101rdi parasti seko lietv\u0101rdiem, kurus tie maina, un piekr\u012bt tiem dzimuma un skaita zi\u0146\u0101. \u012apa\u0161\u012bbas v\u0101rdus var pastiprin\u0101t, izmantojot sal\u012bdzin\u0101jumus un superlat\u012bvus, aprakstiem pievienojot dzi\u013cumu. Urdu adverbiem, kas ieg\u016bti no \u012bpa\u0161\u012bbas v\u0101rdiem vai past\u0101v neatkar\u012bgi, ar\u012b ir b\u016btiska loma valod\u0101, sniedzot inform\u0101ciju par laiku, veidu, vietu un pak\u0101pi.<\/p>\n\n\n\n<p><a href=\"https:\/\/talkpal.ai\/urdu-grammar\/\">Urdu gramatika<\/a> lepojas ar daudziem savienojumiem, starpsaucieniem, da\u013ci\u0146\u0101m un daudz ko citu, pal\u012bdzot veidot bag\u0101t\u012bgus, j\u0113gpilnus un izteiksm\u012bgus teikumus.<\/p>\n\n\n\n<h3 class=\"wp-block-heading\" id=\"h-embracing-the-world-of-urdu-grammar\">Urdu gramatikas pasaules aptver\u0161ana<\/h3>\n\n\n\n<p>Urdu valodas <a href=\"https:\/\/talkpal.ai\/sq\/gramatika\/\">gramatika<\/a> s\u0101kotn\u0113ji var \u0161\u0137ist sare\u017e\u0123\u012bta, ta\u010du, kad j\u016bs iedzi\u013cin\u0101sieties t\u0101s nians\u0113s, j\u016bs atkl\u0101siet, ka \u0161\u012b valoda ir p\u0101rpilna skaistuma un izteiksm\u012bbas. Urdu valodas apguve ne tikai uzlabos j\u016bsu izpratni par indo\u0101rie\u0161u valodu saimi, bet ar\u012b pal\u012bdz\u0113s jums sazin\u0101ties ar burv\u012bgu kult\u016bru, literat\u016bru un v\u0113sturi.<\/p>\n\n\n\n<p>T\u0101tad, k\u0101p\u0113c gan neuzs\u0101kt aizraujo\u0161o Urdu gramatikas apguves ce\u013cojumu? Ar cent\u012bbu un zin\u0101tk\u0101ri j\u016bs dr\u012bz var\u0113tu sapl\u016bst ar dzimt\u0101 valoda, apmainoties ar idej\u0101m un st\u0101stiem \u0161aj\u0101 sp\u0113c\u012bgaj\u0101 valod\u0101. Priec\u012bgu m\u0101c\u012b\u0161anos!<\/p>\n<\/div><\/div>\n\r\n<section class=\"learnNavigationSection\">\r\n            \r\n        <a href=\"https:\/\/talkpal.ai\/lv\/uzziniet-urdu\/\">\r\n            <div class=\"learnNavigationWrapper\">\r\n                <div class=\"learnNavigationContent\">\r\n                    <img decoding=\"async\" src=\"https:\/\/talkpal.ai\/wp-content\/uploads\/2024\/08\/Urdu.jpg\" alt=\"Pakistani Flag\">\r\n                    <div>\r\n                        <h4>Par urdu valodas apguvi<\/h4>\r\n                        <p>Uzziniet visu par Urdu gramatiku.<\/p>\r\n                    <\/div>\r\n                <\/div>\r\n            <\/div>\r\n        <\/a>\r\n\r\n        \r\n        <a href=\"https:\/\/talkpal.ai\/lv\/urdu-gramatikas-vingrinajumi\/\">\r\n            <div class=\"learnNavigationWrapper\">\r\n                <div class=\"learnNavigationContent\">\r\n                    <img decoding=\"async\" src=\"https:\/\/talkpal.ai\/wp-content\/uploads\/2024\/08\/Urdu.jpg\" alt=\"Pakistani Flag\">\r\n                    <div>\r\n                        <h4>Urdu valodas gramatikas vingrin\u0101jums<\/h4>\r\n                        <p>Praktiz\u0113jiet Urdu gramatiku.<\/p>\r\n                    <\/div>\r\n                <\/div>\r\n            <\/div>\r\n        <\/a>\r\n\r\n        \r\n        <a href=\"https:\/\/talkpal.ai\/vocabulary_language\/urdu\/\">\r\n            <div class=\"learnNavigationWrapper\">\r\n                <div class=\"learnNavigationContent\">\r\n                    <img decoding=\"async\" src=\"https:\/\/talkpal.ai\/wp-content\/uploads\/2024\/08\/Urdu.jpg\" alt=\"Pakistani Flag\">\r\n                    <div>\r\n                        <h4>Urdu valodas v\u0101rdn\u012bca<\/h4>\r\n                        <p>Papla\u0161iniet urdu valodas v\u0101rdu kr\u0101jumu.<\/p>\r\n                    <\/div>\r\n                <\/div>\r\n            <\/div>\r\n        <\/a>\r\n\r\n            <\/section>","protected":false},"excerpt":{"rendered":"<p>Urdu gramatika: indo\u0101rie\u0161u valodas skaistuma un sare\u017e\u0123\u012bt\u012bbas izp\u0113te Valodas entuziasti un zi\u0146k\u0101r\u012bgi apguv\u0113ji, vai esat gatavs ienirt aizraujo\u0161aj\u0101 Urdu gramatikas pasaul\u0113? Urdu, indo\u0101rie\u0161u valoda, ir Pakist\u0101nas valsts valoda un viena no Indijas ofici\u0101laj\u0101m valod\u0101m. Ar aptuveni 70 miljoniem run\u0101t\u0101ju vis\u0101 pasaul\u0113 Urdu ir ne tikai bag\u0101ta un izteiksm\u012bga valoda, bet ar\u012b tilts uz dinamisku kult\u016bru [&hellip;]<\/p>\n","protected":false},"author":1,"featured_media":121180,"parent":0,"menu_order":0,"comment_status":"closed","ping_status":"closed","template":"LearningContentPage.php","meta":{"_acf_changed":false,"footnotes":""},"class_list":["post-152299","page","type-page","status-publish","has-post-thumbnail","hentry"],"acf":[],"yoast_head":"<!-- This site is optimized with the Yoast SEO Premium plugin v27.2 (Yoast SEO v27.2) - https:\/\/yoast.com\/product\/yoast-seo-premium-wordpress\/ -->\n<title>Urdu gramatika - Talkpal<\/title>\n<meta name=\"description\" content=\"Atkl\u0101jiet urdu valodas gramatikas skaistumu. Izp\u0113tiet t\u0101s unik\u0101los aspektus, rakst\u012bbu un saikni ar kult\u016bru un v\u0113sturi.\" \/>\n<meta name=\"robots\" content=\"index, follow, max-snippet:-1, max-image-preview:large, max-video-preview:-1\" \/>\n<link rel=\"canonical\" href=\"https:\/\/talkpal.ai\/lv\/urdu-gramatika\/\" \/>\n<meta property=\"og:locale\" content=\"lv_LV\" \/>\n<meta property=\"og:type\" content=\"article\" \/>\n<meta property=\"og:title\" content=\"Urdu gramatika\" \/>\n<meta property=\"og:description\" content=\"Urdu gramatika: indo\u0101rie\u0161u valodas skaistuma un sare\u017e\u0123\u012bt\u012bbas izp\u0113te Valodas entuziasti un zi\u0146k\u0101r\u012bgi apguv\u0113ji, vai esat gatavs ienirt aizraujo\u0161aj\u0101 Urdu\" \/>\n<meta property=\"og:url\" content=\"https:\/\/talkpal.ai\/lv\/urdu-gramatika\/\" \/>\n<meta property=\"og:site_name\" content=\"Talkpal\" \/>\n<meta property=\"article:publisher\" content=\"https:\/\/www.facebook.com\/profile.php?id=100090733639311\" \/>\n<meta property=\"article:modified_time\" content=\"2025-12-11T16:25:44+00:00\" \/>\n<meta property=\"og:image\" content=\"https:\/\/talkpal.ai\/wp-content\/uploads\/2023\/05\/Urdu-pakistan.png\" \/>\n\t<meta property=\"og:image:width\" content=\"512\" \/>\n\t<meta property=\"og:image:height\" content=\"512\" \/>\n\t<meta property=\"og:image:type\" content=\"image\/png\" \/>\n<meta name=\"twitter:card\" content=\"summary_large_image\" \/>\n<meta name=\"twitter:site\" content=\"@talkpalai\" \/>\n<meta name=\"twitter:label1\" content=\"Est. reading time\" \/>\n\t<meta name=\"twitter:data1\" content=\"3 minutes\" \/>\n<script type=\"application\/ld+json\" class=\"yoast-schema-graph\">{\"@context\":\"https:\/\/schema.org\",\"@graph\":[{\"@type\":\"WebPage\",\"@id\":\"https:\/\/talkpal.ai\/lv\/urdu-gramatika\/\",\"url\":\"https:\/\/talkpal.ai\/lv\/urdu-gramatika\/\",\"name\":\"Urdu gramatika - Talkpal\",\"isPartOf\":{\"@id\":\"https:\/\/talkpal.ai\/lv\/#website\"},\"primaryImageOfPage\":{\"@id\":\"https:\/\/talkpal.ai\/lv\/urdu-gramatika\/#primaryimage\"},\"image\":{\"@id\":\"https:\/\/talkpal.ai\/lv\/urdu-gramatika\/#primaryimage\"},\"thumbnailUrl\":\"https:\/\/talkpal.ai\/wp-content\/uploads\/2023\/05\/Urdu-pakistan.png\",\"datePublished\":\"2023-05-14T14:22:39+00:00\",\"dateModified\":\"2025-12-11T16:25:44+00:00\",\"description\":\"Atkl\u0101jiet urdu valodas gramatikas skaistumu. Izp\u0113tiet t\u0101s unik\u0101los aspektus, rakst\u012bbu un saikni ar kult\u016bru un v\u0113sturi.\",\"breadcrumb\":{\"@id\":\"https:\/\/talkpal.ai\/lv\/urdu-gramatika\/#breadcrumb\"},\"inLanguage\":\"lv-LV\",\"potentialAction\":[{\"@type\":\"ReadAction\",\"target\":[\"https:\/\/talkpal.ai\/lv\/urdu-gramatika\/\"]}]},{\"@type\":\"ImageObject\",\"inLanguage\":\"lv-LV\",\"@id\":\"https:\/\/talkpal.ai\/lv\/urdu-gramatika\/#primaryimage\",\"url\":\"https:\/\/talkpal.ai\/wp-content\/uploads\/2023\/05\/Urdu-pakistan.png\",\"contentUrl\":\"https:\/\/talkpal.ai\/wp-content\/uploads\/2023\/05\/Urdu-pakistan.png\",\"width\":512,\"height\":512},{\"@type\":\"BreadcrumbList\",\"@id\":\"https:\/\/talkpal.ai\/lv\/urdu-gramatika\/#breadcrumb\",\"itemListElement\":[{\"@type\":\"ListItem\",\"position\":1,\"name\":\"Homepage\",\"item\":\"https:\/\/talkpal.ai\/lv\/\"},{\"@type\":\"ListItem\",\"position\":2,\"name\":\"Urdu gramatika\"}]},{\"@type\":\"WebSite\",\"@id\":\"https:\/\/talkpal.ai\/lv\/#website\",\"url\":\"https:\/\/talkpal.ai\/lv\/\",\"name\":\"Talkpal\",\"description\":\"AI Language Learning\",\"publisher\":{\"@id\":\"https:\/\/talkpal.ai\/lv\/#organization\"},\"alternateName\":\"Talkpal AI\",\"potentialAction\":[{\"@type\":\"SearchAction\",\"target\":{\"@type\":\"EntryPoint\",\"urlTemplate\":\"https:\/\/talkpal.ai\/lv\/?s={search_term_string}\"},\"query-input\":{\"@type\":\"PropertyValueSpecification\",\"valueRequired\":true,\"valueName\":\"search_term_string\"}}],\"inLanguage\":\"lv-LV\"},{\"@type\":\"Organization\",\"@id\":\"https:\/\/talkpal.ai\/lv\/#organization\",\"name\":\"Talkpal, Inc.\",\"alternateName\":\"Talkpal AI\",\"url\":\"https:\/\/talkpal.ai\/lv\/\",\"logo\":{\"@type\":\"ImageObject\",\"inLanguage\":\"lv-LV\",\"@id\":\"https:\/\/talkpal.ai\/lv\/#\/schema\/logo\/image\/\",\"url\":\"https:\/\/talkpal.ai\/wp-content\/uploads\/2024\/03\/Talkpal-Logo-Icon.png\",\"contentUrl\":\"https:\/\/talkpal.ai\/wp-content\/uploads\/2024\/03\/Talkpal-Logo-Icon.png\",\"width\":2880,\"height\":2880,\"caption\":\"Talkpal, Inc.\"},\"image\":{\"@id\":\"https:\/\/talkpal.ai\/lv\/#\/schema\/logo\/image\/\"},\"sameAs\":[\"https:\/\/www.facebook.com\/profile.php?id=100090733639311\",\"https:\/\/x.com\/talkpalai\",\"https:\/\/www.linkedin.com\/company\/talkpal\/\",\"https:\/\/www.youtube.com\/@TalkPal\/\",\"https:\/\/www.tiktok.com\/@talkpal\",\"https:\/\/www.instagram.com\/talkpal_ai\/\",\"https:\/\/www.crunchbase.com\/organization\/talkpal-9cde\",\"https:\/\/www.g2.com\/products\/talkpal-for-business\/\",\"https:\/\/www.trustpilot.com\/review\/talkpal.ai\",\"https:\/\/www.capterra.com\/p\/10006800\/TalkPal\/\"],\"description\":\"Talkpal is a language learning web and mobile education app, powered by the latest AI technologies, that provides engaging experiences to its customers in many different languages to help them improve their language skills. Users can chat about unlimited amount of topics with the app and use other modes to practice their language learning.\",\"email\":\"support@talkpal.ai\",\"legalName\":\"Talkpal, Inc.\",\"foundingDate\":\"2023-04-03\",\"duns\":\"118989042\",\"numberOfEmployees\":{\"@type\":\"QuantitativeValue\",\"minValue\":\"11\",\"maxValue\":\"50\"},\"publishingPrinciples\":\"https:\/\/talkpal.ai\/publishing-principles\/\",\"actionableFeedbackPolicy\":\"https:\/\/talkpal.ai\/actionable-feedback-policy\/\",\"correctionsPolicy\":\"https:\/\/talkpal.ai\/corrections-policy\/\",\"ethicsPolicy\":\"https:\/\/talkpal.ai\/ethics-policy\/\",\"diversityPolicy\":\"https:\/\/talkpal.ai\/diversity-policy\/\",\"diversityStaffingReport\":\"https:\/\/talkpal.ai\/diversity-policy\/\"}]}<\/script>\n<!-- \/ Yoast SEO Premium plugin. -->","yoast_head_json":{"title":"Urdu gramatika - Talkpal","description":"Atkl\u0101jiet urdu valodas gramatikas skaistumu. Izp\u0113tiet t\u0101s unik\u0101los aspektus, rakst\u012bbu un saikni ar kult\u016bru un v\u0113sturi.","robots":{"index":"index","follow":"follow","max-snippet":"max-snippet:-1","max-image-preview":"max-image-preview:large","max-video-preview":"max-video-preview:-1"},"canonical":"https:\/\/talkpal.ai\/lv\/urdu-gramatika\/","og_locale":"lv_LV","og_type":"article","og_title":"Urdu gramatika","og_description":"Urdu gramatika: indo\u0101rie\u0161u valodas skaistuma un sare\u017e\u0123\u012bt\u012bbas izp\u0113te Valodas entuziasti un zi\u0146k\u0101r\u012bgi apguv\u0113ji, vai esat gatavs ienirt aizraujo\u0161aj\u0101 Urdu","og_url":"https:\/\/talkpal.ai\/lv\/urdu-gramatika\/","og_site_name":"Talkpal","article_publisher":"https:\/\/www.facebook.com\/profile.php?id=100090733639311","article_modified_time":"2025-12-11T16:25:44+00:00","og_image":[{"width":512,"height":512,"url":"https:\/\/talkpal.ai\/wp-content\/uploads\/2023\/05\/Urdu-pakistan.png","type":"image\/png"}],"twitter_card":"summary_large_image","twitter_site":"@talkpalai","twitter_misc":{"Est. reading time":"3 minutes"},"schema":{"@context":"https:\/\/schema.org","@graph":[{"@type":"WebPage","@id":"https:\/\/talkpal.ai\/lv\/urdu-gramatika\/","url":"https:\/\/talkpal.ai\/lv\/urdu-gramatika\/","name":"Urdu gramatika - Talkpal","isPartOf":{"@id":"https:\/\/talkpal.ai\/lv\/#website"},"primaryImageOfPage":{"@id":"https:\/\/talkpal.ai\/lv\/urdu-gramatika\/#primaryimage"},"image":{"@id":"https:\/\/talkpal.ai\/lv\/urdu-gramatika\/#primaryimage"},"thumbnailUrl":"https:\/\/talkpal.ai\/wp-content\/uploads\/2023\/05\/Urdu-pakistan.png","datePublished":"2023-05-14T14:22:39+00:00","dateModified":"2025-12-11T16:25:44+00:00","description":"Atkl\u0101jiet urdu valodas gramatikas skaistumu. Izp\u0113tiet t\u0101s unik\u0101los aspektus, rakst\u012bbu un saikni ar kult\u016bru un v\u0113sturi.","breadcrumb":{"@id":"https:\/\/talkpal.ai\/lv\/urdu-gramatika\/#breadcrumb"},"inLanguage":"lv-LV","potentialAction":[{"@type":"ReadAction","target":["https:\/\/talkpal.ai\/lv\/urdu-gramatika\/"]}]},{"@type":"ImageObject","inLanguage":"lv-LV","@id":"https:\/\/talkpal.ai\/lv\/urdu-gramatika\/#primaryimage","url":"https:\/\/talkpal.ai\/wp-content\/uploads\/2023\/05\/Urdu-pakistan.png","contentUrl":"https:\/\/talkpal.ai\/wp-content\/uploads\/2023\/05\/Urdu-pakistan.png","width":512,"height":512},{"@type":"BreadcrumbList","@id":"https:\/\/talkpal.ai\/lv\/urdu-gramatika\/#breadcrumb","itemListElement":[{"@type":"ListItem","position":1,"name":"Homepage","item":"https:\/\/talkpal.ai\/lv\/"},{"@type":"ListItem","position":2,"name":"Urdu gramatika"}]},{"@type":"WebSite","@id":"https:\/\/talkpal.ai\/lv\/#website","url":"https:\/\/talkpal.ai\/lv\/","name":"Talkpal","description":"AI Language Learning","publisher":{"@id":"https:\/\/talkpal.ai\/lv\/#organization"},"alternateName":"Talkpal AI","potentialAction":[{"@type":"SearchAction","target":{"@type":"EntryPoint","urlTemplate":"https:\/\/talkpal.ai\/lv\/?s={search_term_string}"},"query-input":{"@type":"PropertyValueSpecification","valueRequired":true,"valueName":"search_term_string"}}],"inLanguage":"lv-LV"},{"@type":"Organization","@id":"https:\/\/talkpal.ai\/lv\/#organization","name":"Talkpal, Inc.","alternateName":"Talkpal AI","url":"https:\/\/talkpal.ai\/lv\/","logo":{"@type":"ImageObject","inLanguage":"lv-LV","@id":"https:\/\/talkpal.ai\/lv\/#\/schema\/logo\/image\/","url":"https:\/\/talkpal.ai\/wp-content\/uploads\/2024\/03\/Talkpal-Logo-Icon.png","contentUrl":"https:\/\/talkpal.ai\/wp-content\/uploads\/2024\/03\/Talkpal-Logo-Icon.png","width":2880,"height":2880,"caption":"Talkpal, Inc."},"image":{"@id":"https:\/\/talkpal.ai\/lv\/#\/schema\/logo\/image\/"},"sameAs":["https:\/\/www.facebook.com\/profile.php?id=100090733639311","https:\/\/x.com\/talkpalai","https:\/\/www.linkedin.com\/company\/talkpal\/","https:\/\/www.youtube.com\/@TalkPal\/","https:\/\/www.tiktok.com\/@talkpal","https:\/\/www.instagram.com\/talkpal_ai\/","https:\/\/www.crunchbase.com\/organization\/talkpal-9cde","https:\/\/www.g2.com\/products\/talkpal-for-business\/","https:\/\/www.trustpilot.com\/review\/talkpal.ai","https:\/\/www.capterra.com\/p\/10006800\/TalkPal\/"],"description":"Talkpal is a language learning web and mobile education app, powered by the latest AI technologies, that provides engaging experiences to its customers in many different languages to help them improve their language skills. Users can chat about unlimited amount of topics with the app and use other modes to practice their language learning.","email":"support@talkpal.ai","legalName":"Talkpal, Inc.","foundingDate":"2023-04-03","duns":"118989042","numberOfEmployees":{"@type":"QuantitativeValue","minValue":"11","maxValue":"50"},"publishingPrinciples":"https:\/\/talkpal.ai\/publishing-principles\/","actionableFeedbackPolicy":"https:\/\/talkpal.ai\/actionable-feedback-policy\/","correctionsPolicy":"https:\/\/talkpal.ai\/corrections-policy\/","ethicsPolicy":"https:\/\/talkpal.ai\/ethics-policy\/","diversityPolicy":"https:\/\/talkpal.ai\/diversity-policy\/","diversityStaffingReport":"https:\/\/talkpal.ai\/diversity-policy\/"}]}},"_links":{"self":[{"href":"https:\/\/talkpal.ai\/lv\/wp-json\/wp\/v2\/pages\/152299","targetHints":{"allow":["GET"]}}],"collection":[{"href":"https:\/\/talkpal.ai\/lv\/wp-json\/wp\/v2\/pages"}],"about":[{"href":"https:\/\/talkpal.ai\/lv\/wp-json\/wp\/v2\/types\/page"}],"author":[{"embeddable":true,"href":"https:\/\/talkpal.ai\/lv\/wp-json\/wp\/v2\/users\/1"}],"replies":[{"embeddable":true,"href":"https:\/\/talkpal.ai\/lv\/wp-json\/wp\/v2\/comments?post=152299"}],"version-history":[{"count":0,"href":"https:\/\/talkpal.ai\/lv\/wp-json\/wp\/v2\/pages\/152299\/revisions"}],"wp:featuredmedia":[{"embeddable":true,"href":"https:\/\/talkpal.ai\/lv\/wp-json\/wp\/v2\/media\/121180"}],"wp:attachment":[{"href":"https:\/\/talkpal.ai\/lv\/wp-json\/wp\/v2\/media?parent=152299"}],"curies":[{"name":"wp","href":"https:\/\/api.w.org\/{rel}","templated":true}]}}