{"id":151910,"date":"2023-05-14T14:22:16","date_gmt":"2023-05-14T14:22:16","guid":{"rendered":"http:\/\/talkpal.ai\/tamilu-gramatika\/"},"modified":"2025-12-12T11:02:11","modified_gmt":"2025-12-12T11:02:11","slug":"tamilu-gramatika","status":"publish","type":"page","link":"https:\/\/talkpal.ai\/lv\/tamilu-gramatika\/","title":{"rendered":"Tamilu gramatika"},"content":{"rendered":"\r\n\r\n\r\n<section class=\"languageChallengeSection\">\r\n    <div class=\"languageInfoWrapper\">\r\n        \r\n        <h1>Tamilu gramatika<\/h1>\r\n        <p>Paaugstiniet savas <a href=\"https:\/\/talkpal.ai\/learn-tamil\/\">tamilu<\/a> <a href=\"https:\/\/talkpal.ai\/what-language-is-spoken-on-the-international-space-station\/\">valodas<\/a> prasmes n\u0101kamaj\u0101 l\u012bmen\u012b, apg\u016bstot gramatikas pamatus un padzi\u013cin\u0101tus j\u0113dzienus. Iepaz\u012bstieties ar skaidriem skaidrojumiem, praktiskiem piem\u0113riem un interakt\u012bviem uzdevumiem, kas paredz\u0113ti, lai vairotu j\u016bsu p\u0101rliec\u012bbu. S\u0101ciet apg\u016bt teikuma uzb\u016bvi, darb\u012bbas v\u0101rdu loc\u012b\u0161anu un b\u016btisk\u0101kos noteikumus jau \u0161odien. S\u0101ciet savu ce\u013cojumu, lai run\u0101tu un rakst\u012btu tamilu valod\u0101 ar precizit\u0101ti un vieglumu!<\/p>\r\n\r\n                            <a class=\"getStartedHidden\" href=\"https:\/\/app.talkpal.ai\/lv\/signup?lng=\">S\u0101c<\/a>\r\n        \r\n    <\/div>\r\n\r\n    <figure>\r\n    <img decoding=\"async\" width=\"768\" height=\"768\" src=\"https:\/\/talkpal.ai\/wp-content\/uploads\/2023\/06\/tamil-768x768.png\" class=\"languageImage no-lazy\" alt=\"Language learning for enhanced creativity\" fetchpriority=\"high\" sizes=\"(max-width: 768px) 150px, 768px\" srcset=\"https:\/\/talkpal.ai\/wp-content\/uploads\/2023\/06\/tamil-768x768.png 768w, https:\/\/talkpal.ai\/wp-content\/uploads\/2023\/06\/tamil-300x300.png 300w\" \/>\r\n    \r\n\r\n    <\/figure>\r\n\r\n            <a class=\"getStartedVisible\" href=\"https:\/\/app.talkpal.ai\/lv\/signup?lng=\">S\u0101c<\/a>\r\n    \r\n<\/section>\r\n<section class=\"promotionalBanner\">\r\n    <p class=\"promotionalText\">Visefekt\u012bv\u0101kais veids, k\u0101 apg\u016bt valodu<\/p>\r\n    <a class=\"promotionalLink\" href=\"https:\/\/app.talkpal.ai\/lv\/signup?lng=\">Izm\u0113\u0123iniet Talkpal bez maksas<\/a>\r\n<\/section>\n<div class=\"wp-block-group pageContainerStyle\"><div class=\"wp-block-group__inner-container is-layout-constrained wp-block-group-is-layout-constrained\">\n<h2 class=\"wp-block-heading\" id=\"h-tamil-grammar-understanding-the-richness-of-the-tamil-language\">Tamilu gramatika: tamilu valodas bag\u0101t\u012bbas izpratne<\/h2>\n\n\n\n<p>Kad s\u0101kat <a href=\"https:\/\/talkpal.ai\/learn-tamil\/\">m\u0101c\u012bties tamilu valodu<\/a> &#8211; vienu no pasaules sen\u0101kaj\u0101m dz\u012bvaj\u0101m valod\u0101m -, ir svar\u012bgi izprast t\u0101s gramatikas sare\u017e\u0123\u012bt\u012bbu un bag\u0101t\u012bbu. Tamilu valoda, kas lepojas ar rakstisku trad\u012bciju, kas aizs\u0101k\u0101s vair\u0101k nek\u0101 2,000 gadus, joproj\u0101m ir galven\u0101 valoda 70 miljoniem run\u0101t\u0101ju vis\u0101 pasaul\u0113. Lai pal\u012bdz\u0113tu jums s\u0101kt darbu, \u0161aj\u0101 rakst\u0101 ir izkl\u0101st\u012bti da\u017ei galvenie tamilu gramatikas aspekti ar sarunvalodas un neform\u0101lu pieeju.<\/p>\n\n\n\n<h3 class=\"wp-block-heading\" id=\"h-1-nouns-classifications-and-cases\">1. Lietv\u0101rdi \u2013 klasifik\u0101cijas un gad\u012bjumi<\/h3>\n\n\n\n<p>Noz\u012bm\u012bgs tamilu gramatikas aspekts ir t\u0101s lietv\u0101rdi, kas tiek klasific\u0113ti, pamatojoties uz dzimumu (v\u012brie\u0161u, sievie\u0161u un nekatr\u0101), skaitu (vienskaitlis un daudzskaitlis) un gad\u012bjumu (nominat\u012bvs, akuzat\u012bvs, dat\u012bvs, \u0123enit\u012bvs, lokat\u012bvs, instrument\u0101ls, komitat\u012bvs, abes\u012bvs un aicino\u0161s). Lai gan tas var \u0161\u0137ist p\u0101rlieku sare\u017e\u0123\u012bti, tas ir b\u016btiski, lai izprastu sakar\u012bbas starp v\u0101rdiem teikumos un at\u0161ifr\u0113tu tamilu valodai rakstur\u012bgo lo\u0123iku.<\/p>\n\n\n\n<p>Piem\u0113ram, v\u0101rds &#8220;gr\u0101mata&#8221; tamilu valod\u0101 ir &#8220;\u0baa\u0bc1\u0ba4\u0bcd\u0ba4\u0b95\u0bae\u0bcd&#8221; (puththakam). Lai pateiktu &#8220;Es izlas\u012bju gr\u0101matu&#8221;, j\u016bs lietotu akuzat\u012bvu, kas noz\u012bm\u0113, ka gr\u0101mata ir darb\u012bbas objekts: &#8220;\u0ba8\u0bbe\u0ba9\u0bcd \u0baa\u0bc1\u0ba4\u0bcd\u0ba4\u0b95\u0ba4\u0bcd\u0ba4\u0bc8 \u0bb5\u0bbe\u0b9a\u0bbf\u0b95\u0bcd\u0b95\u0bbf\u0ba9\u0bcd\u0bb1\u0bc7\u0ba9\u0bcd&#8221; (Naan puththakaththai vaasikkiren).<\/p>\n\n\n\n<h3 class=\"wp-block-heading\" id=\"h-2-adjectives-and-pronouns-consistent-harmony\">2. \u012apa\u0161\u012bbas v\u0101rdi un vietniekv\u0101rdi \u2013 konsekventa harmonija<\/h3>\n\n\n\n<p>Tamilu valod\u0101 \u012bpa\u0161\u012bbas v\u0101rdi (\u0baa\u0ba3\u0bcd\u0baa\u0bc1\u0b9f\u0bc8\u0bae\u0bc8) un vietniekv\u0101rdi (\u0ba4\u0ba9\u0bbf\u0baa\u0bcd\u0baa\u0bca\u0bb0\u0bc1\u0bb3\u0bcd) iev\u0113ro b\u016btisku noteikumu: tiem p\u0113c dzimuma un skaita j\u0101sakr\u012bt ar lietv\u0101rdiem, kurus tie maina. \u0160\u012b konsekvence veicina lingvistisko harmoniju un uzlabo izteiksmes skaidr\u012bbu.<\/p>\n\n\n\n<h3 class=\"wp-block-heading\" id=\"h-3-verbs-conjugation-and-tenses\">3. Darb\u012bbas v\u0101rdi &#8211; konjug\u0101cija un sasprindzin\u0101jums<\/h3>\n\n\n\n<p>Tamilu darb\u012bbas v\u0101rdiem ir iz\u0161\u0137iro\u0161a loma teikumu veido\u0161an\u0101. Darb\u012bbas v\u0101rdi tiek pak\u013cauti konjug\u0101cijai, pamatojoties uz personu, skaitu, sasprindzin\u0101jumu, balsi un noska\u0146ojumu. Tamilu valodai ir tr\u012bs galvenie sasprindzin\u0101jumi (pag\u0101tne, tagadne un n\u0101kotne) un tr\u012bs noska\u0146as (indikat\u012bvas, imperat\u012bvas un subjunkt\u012bvas). Konjug\u0101cija s\u0101kum\u0101 var \u0161\u0137ist bied\u0113jo\u0161a, ta\u010du t\u0101s apg\u016b\u0161ana pal\u012bdz\u0113s jums izteikt daudzas emocijas, darb\u012bbas un nianses.<\/p>\n\n\n\n<h3 class=\"wp-block-heading\" id=\"h-4-sentence-structure-word-order-and-agreement\">4. Teikuma strukt\u016bra &#8211; v\u0101rdu sec\u012bba un vieno\u0161an\u0101s<\/h3>\n\n\n\n<p>Tamilu valoda seko subjekta-objekta-verba (SOV) v\u0101rdu sec\u012bbai, padarot to at\u0161\u0137ir\u012bgu no <a href=\"https:\/\/talkpal.ai\/learn-english-with-ai\/\">ang\u013cu<\/a> valodas, kas seko subjekta-verba-objekta (SVO) strukt\u016brai. Turkl\u0101t <a href=\"https:\/\/talkpal.ai\/tamil-grammar\/\">tamilu gramatika<\/a> uzsver v\u0101rdu vieno\u0161anos, nodro\u0161inot konsekvenci starp lietv\u0101rdiem, \u012bpa\u0161\u012bbas v\u0101rdiem un vietniekv\u0101rdiem.<\/p>\n\n\n\n<p>Piem\u0113ram, tamilu valod\u0101 teikumu &#8220;Vi\u0146a \u0113d \u0101bolu&#8221; raksta k\u0101 &#8220;\u0b85\u0bb5\u0bb3\u0bcd \u0b92\u0bb0\u0bc1 \u0b86\u0baa\u0bcd\u0baa\u0bbf\u0bb3\u0bcd \u0b9a\u0bbe\u0baa\u0bcd\u0baa\u0bbf\u0b9f\u0bc1\u0b95\u0bbf\u0bb1\u0bbe\u0bb3\u0bcd&#8221; (Ava\u1e37 oru \u0101ppi\u1e37 s\u0101ppi\u1e6dugi\u1e5f\u0101\u1e37), kur lietv\u0101rds un darb\u012bbas v\u0101rds sakr\u012bt p\u0113c dzimtes un skait\u013ca.<\/p>\n\n\n\n<h3 class=\"wp-block-heading\" id=\"h-5-embrace-the-journey\">5. Pie\u0146emiet ce\u013cojumu<\/h3>\n\n\n\n<p>Tamilu gramatikas apguve var b\u016bt sare\u017e\u0123\u012bta, ta\u010du t\u0101 pied\u0101v\u0101 v\u0101rtus uz dinamisku liter\u0101ro trad\u012bciju un bag\u0101t\u012bgu kult\u016bras mantojumu. Atcerieties, ka ir svar\u012bgi spert soli pa solim un nov\u0113rt\u0113t nianses, kas padara tamilu valodu tik \u012bpa\u0161u.<\/p>\n\n\n\n<p>Izp\u0113tot tamilu valodas gramatikas sare\u017e\u0123\u012bt\u012bbu, p\u0101rliecinieties, ka regul\u0101ri praktiz\u0113jaties, sadarbojaties ar dzimt\u0101s valodas run\u0101t\u0101jiem un esat paciet\u012bgs ar sevi. Ar cent\u012bbu j\u016bs atkl\u0101siet \u0161\u012bs sen\u0101s valodas skaistumu un bag\u0101t\u012bbu. \u0b87\u0ba9\u0bbf\u0baf \u0b95\u0bb1\u0bcd\u0bb1\u0bb2\u0bcd &#8211; Iniy ka\u1e5f\u1e5fal (laim\u012bgu m\u0101c\u012b\u0161anos)!<\/p>\n<\/div><\/div>\n\r\n<section class=\"learnNavigationSection\">\r\n            \r\n        <a href=\"https:\/\/talkpal.ai\/lv\/apgustiet-tamilu-valodu\/\">\r\n            <div class=\"learnNavigationWrapper\">\r\n                <div class=\"learnNavigationContent\">\r\n                    <img decoding=\"async\" src=\"https:\/\/talkpal.ai\/wp-content\/uploads\/2024\/08\/Tamil.jpg\" alt=\"Indian Simplified Flag\">\r\n                    <div>\r\n                        <h4>Par tamilu valodas apguvi<\/h4>\r\n                        <p>Uzziniet visu par tamilu gramatiku.<\/p>\r\n                    <\/div>\r\n                <\/div>\r\n            <\/div>\r\n        <\/a>\r\n\r\n        \r\n        <a href=\"https:\/\/talkpal.ai\/lv\/tamilu-gramatikas-vingrinajumi\/\">\r\n            <div class=\"learnNavigationWrapper\">\r\n                <div class=\"learnNavigationContent\">\r\n                    <img decoding=\"async\" src=\"https:\/\/talkpal.ai\/wp-content\/uploads\/2024\/08\/Tamil.jpg\" alt=\"Indian Simplified Flag\">\r\n                    <div>\r\n                        <h4>Tamilu gramatikas vingrin\u0101jums<\/h4>\r\n                        <p>Praktiz\u0113jiet tamilu gramatiku.<\/p>\r\n                    <\/div>\r\n                <\/div>\r\n            <\/div>\r\n        <\/a>\r\n\r\n        \r\n        <a href=\"https:\/\/talkpal.ai\/vocabulary_language\/tamil\/\">\r\n            <div class=\"learnNavigationWrapper\">\r\n                <div class=\"learnNavigationContent\">\r\n                    <img decoding=\"async\" src=\"https:\/\/talkpal.ai\/wp-content\/uploads\/2024\/08\/Tamil.jpg\" alt=\"Indian Simplified Flag\">\r\n                    <div>\r\n                        <h4>Tamilu valodas v\u0101rdn\u012bca<\/h4>\r\n                        <p>Papla\u0161iniet savu tamilu valodas v\u0101rdu kr\u0101jumu.<\/p>\r\n                    <\/div>\r\n                <\/div>\r\n            <\/div>\r\n        <\/a>\r\n\r\n            <\/section>","protected":false},"excerpt":{"rendered":"<p>Tamilu gramatika: tamilu valodas bag\u0101t\u012bbas izpratne Kad s\u0101kat m\u0101c\u012bties tamilu valodu &#8211; vienu no pasaules sen\u0101kaj\u0101m dz\u012bvaj\u0101m valod\u0101m -, ir svar\u012bgi izprast t\u0101s gramatikas sare\u017e\u0123\u012bt\u012bbu un bag\u0101t\u012bbu. Tamilu valoda, kas lepojas ar rakstisku trad\u012bciju, kas aizs\u0101k\u0101s vair\u0101k nek\u0101 2,000 gadus, joproj\u0101m ir galven\u0101 valoda 70 miljoniem run\u0101t\u0101ju vis\u0101 pasaul\u0113. Lai pal\u012bdz\u0113tu jums s\u0101kt darbu, \u0161aj\u0101 [&hellip;]<\/p>\n","protected":false},"author":1,"featured_media":120257,"parent":0,"menu_order":0,"comment_status":"closed","ping_status":"closed","template":"LearningContentPage.php","meta":{"_acf_changed":false,"footnotes":""},"class_list":["post-151910","page","type-page","status-publish","has-post-thumbnail","hentry"],"acf":[],"yoast_head":"<!-- This site is optimized with the Yoast SEO Premium plugin v27.2 (Yoast SEO v27.2) - https:\/\/yoast.com\/product\/yoast-seo-premium-wordpress\/ -->\n<title>Tamilu gramatika - Talkpal<\/title>\n<meta name=\"description\" content=\"Izp\u0113tiet tamilu valodas gramatikas pamatus un uzlabojiet savu izpratni par \u0161o bag\u0101to valodu.\" \/>\n<meta name=\"robots\" content=\"index, follow, max-snippet:-1, max-image-preview:large, max-video-preview:-1\" \/>\n<link rel=\"canonical\" href=\"https:\/\/talkpal.ai\/lv\/tamilu-gramatika\/\" \/>\n<meta property=\"og:locale\" content=\"lv_LV\" \/>\n<meta property=\"og:type\" content=\"article\" \/>\n<meta property=\"og:title\" content=\"Tamilu gramatika\" \/>\n<meta property=\"og:description\" content=\"Tamilu gramatika: tamilu valodas bag\u0101t\u012bbas izpratne Kad s\u0101kat m\u0101c\u012bties tamilu valodu - vienu no pasaules sen\u0101kaj\u0101m dz\u012bvaj\u0101m valod\u0101m -, ir svar\u012bgi izprast\" \/>\n<meta property=\"og:url\" content=\"https:\/\/talkpal.ai\/lv\/tamilu-gramatika\/\" \/>\n<meta property=\"og:site_name\" content=\"Talkpal\" \/>\n<meta property=\"article:publisher\" content=\"https:\/\/www.facebook.com\/profile.php?id=100090733639311\" \/>\n<meta property=\"article:modified_time\" content=\"2025-12-12T11:02:11+00:00\" \/>\n<meta property=\"og:image\" content=\"https:\/\/talkpal.ai\/wp-content\/uploads\/2023\/05\/Tamil-india.png\" \/>\n\t<meta property=\"og:image:width\" content=\"512\" \/>\n\t<meta property=\"og:image:height\" content=\"512\" \/>\n\t<meta property=\"og:image:type\" content=\"image\/png\" \/>\n<meta name=\"twitter:card\" content=\"summary_large_image\" \/>\n<meta name=\"twitter:site\" content=\"@talkpalai\" \/>\n<meta name=\"twitter:label1\" content=\"Est. reading time\" \/>\n\t<meta name=\"twitter:data1\" content=\"3 minutes\" \/>\n<script type=\"application\/ld+json\" class=\"yoast-schema-graph\">{\"@context\":\"https:\/\/schema.org\",\"@graph\":[{\"@type\":\"WebPage\",\"@id\":\"https:\/\/talkpal.ai\/lv\/tamilu-gramatika\/\",\"url\":\"https:\/\/talkpal.ai\/lv\/tamilu-gramatika\/\",\"name\":\"Tamilu gramatika - Talkpal\",\"isPartOf\":{\"@id\":\"https:\/\/talkpal.ai\/lv\/#website\"},\"primaryImageOfPage\":{\"@id\":\"https:\/\/talkpal.ai\/lv\/tamilu-gramatika\/#primaryimage\"},\"image\":{\"@id\":\"https:\/\/talkpal.ai\/lv\/tamilu-gramatika\/#primaryimage\"},\"thumbnailUrl\":\"https:\/\/talkpal.ai\/wp-content\/uploads\/2023\/05\/Tamil-india.png\",\"datePublished\":\"2023-05-14T14:22:16+00:00\",\"dateModified\":\"2025-12-12T11:02:11+00:00\",\"description\":\"Izp\u0113tiet tamilu valodas gramatikas pamatus un uzlabojiet savu izpratni par \u0161o bag\u0101to valodu.\",\"breadcrumb\":{\"@id\":\"https:\/\/talkpal.ai\/lv\/tamilu-gramatika\/#breadcrumb\"},\"inLanguage\":\"lv-LV\",\"potentialAction\":[{\"@type\":\"ReadAction\",\"target\":[\"https:\/\/talkpal.ai\/lv\/tamilu-gramatika\/\"]}]},{\"@type\":\"ImageObject\",\"inLanguage\":\"lv-LV\",\"@id\":\"https:\/\/talkpal.ai\/lv\/tamilu-gramatika\/#primaryimage\",\"url\":\"https:\/\/talkpal.ai\/wp-content\/uploads\/2023\/05\/Tamil-india.png\",\"contentUrl\":\"https:\/\/talkpal.ai\/wp-content\/uploads\/2023\/05\/Tamil-india.png\",\"width\":512,\"height\":512},{\"@type\":\"BreadcrumbList\",\"@id\":\"https:\/\/talkpal.ai\/lv\/tamilu-gramatika\/#breadcrumb\",\"itemListElement\":[{\"@type\":\"ListItem\",\"position\":1,\"name\":\"Homepage\",\"item\":\"https:\/\/talkpal.ai\/lv\/\"},{\"@type\":\"ListItem\",\"position\":2,\"name\":\"Tamilu gramatika\"}]},{\"@type\":\"WebSite\",\"@id\":\"https:\/\/talkpal.ai\/lv\/#website\",\"url\":\"https:\/\/talkpal.ai\/lv\/\",\"name\":\"Talkpal\",\"description\":\"AI Language Learning\",\"publisher\":{\"@id\":\"https:\/\/talkpal.ai\/lv\/#organization\"},\"alternateName\":\"Talkpal AI\",\"potentialAction\":[{\"@type\":\"SearchAction\",\"target\":{\"@type\":\"EntryPoint\",\"urlTemplate\":\"https:\/\/talkpal.ai\/lv\/?s={search_term_string}\"},\"query-input\":{\"@type\":\"PropertyValueSpecification\",\"valueRequired\":true,\"valueName\":\"search_term_string\"}}],\"inLanguage\":\"lv-LV\"},{\"@type\":\"Organization\",\"@id\":\"https:\/\/talkpal.ai\/lv\/#organization\",\"name\":\"Talkpal, Inc.\",\"alternateName\":\"Talkpal AI\",\"url\":\"https:\/\/talkpal.ai\/lv\/\",\"logo\":{\"@type\":\"ImageObject\",\"inLanguage\":\"lv-LV\",\"@id\":\"https:\/\/talkpal.ai\/lv\/#\/schema\/logo\/image\/\",\"url\":\"https:\/\/talkpal.ai\/wp-content\/uploads\/2024\/03\/Talkpal-Logo-Icon.png\",\"contentUrl\":\"https:\/\/talkpal.ai\/wp-content\/uploads\/2024\/03\/Talkpal-Logo-Icon.png\",\"width\":2880,\"height\":2880,\"caption\":\"Talkpal, Inc.\"},\"image\":{\"@id\":\"https:\/\/talkpal.ai\/lv\/#\/schema\/logo\/image\/\"},\"sameAs\":[\"https:\/\/www.facebook.com\/profile.php?id=100090733639311\",\"https:\/\/x.com\/talkpalai\",\"https:\/\/www.linkedin.com\/company\/talkpal\/\",\"https:\/\/www.youtube.com\/@TalkPal\/\",\"https:\/\/www.tiktok.com\/@talkpal\",\"https:\/\/www.instagram.com\/talkpal_ai\/\",\"https:\/\/www.crunchbase.com\/organization\/talkpal-9cde\",\"https:\/\/www.g2.com\/products\/talkpal-for-business\/\",\"https:\/\/www.trustpilot.com\/review\/talkpal.ai\",\"https:\/\/www.capterra.com\/p\/10006800\/TalkPal\/\"],\"description\":\"Talkpal is a language learning web and mobile education app, powered by the latest AI technologies, that provides engaging experiences to its customers in many different languages to help them improve their language skills. Users can chat about unlimited amount of topics with the app and use other modes to practice their language learning.\",\"email\":\"support@talkpal.ai\",\"legalName\":\"Talkpal, Inc.\",\"foundingDate\":\"2023-04-03\",\"duns\":\"118989042\",\"numberOfEmployees\":{\"@type\":\"QuantitativeValue\",\"minValue\":\"11\",\"maxValue\":\"50\"},\"publishingPrinciples\":\"https:\/\/talkpal.ai\/publishing-principles\/\",\"actionableFeedbackPolicy\":\"https:\/\/talkpal.ai\/actionable-feedback-policy\/\",\"correctionsPolicy\":\"https:\/\/talkpal.ai\/corrections-policy\/\",\"ethicsPolicy\":\"https:\/\/talkpal.ai\/ethics-policy\/\",\"diversityPolicy\":\"https:\/\/talkpal.ai\/diversity-policy\/\",\"diversityStaffingReport\":\"https:\/\/talkpal.ai\/diversity-policy\/\"}]}<\/script>\n<!-- \/ Yoast SEO Premium plugin. -->","yoast_head_json":{"title":"Tamilu gramatika - Talkpal","description":"Izp\u0113tiet tamilu valodas gramatikas pamatus un uzlabojiet savu izpratni par \u0161o bag\u0101to valodu.","robots":{"index":"index","follow":"follow","max-snippet":"max-snippet:-1","max-image-preview":"max-image-preview:large","max-video-preview":"max-video-preview:-1"},"canonical":"https:\/\/talkpal.ai\/lv\/tamilu-gramatika\/","og_locale":"lv_LV","og_type":"article","og_title":"Tamilu gramatika","og_description":"Tamilu gramatika: tamilu valodas bag\u0101t\u012bbas izpratne Kad s\u0101kat m\u0101c\u012bties tamilu valodu - vienu no pasaules sen\u0101kaj\u0101m dz\u012bvaj\u0101m valod\u0101m -, ir svar\u012bgi izprast","og_url":"https:\/\/talkpal.ai\/lv\/tamilu-gramatika\/","og_site_name":"Talkpal","article_publisher":"https:\/\/www.facebook.com\/profile.php?id=100090733639311","article_modified_time":"2025-12-12T11:02:11+00:00","og_image":[{"width":512,"height":512,"url":"https:\/\/talkpal.ai\/wp-content\/uploads\/2023\/05\/Tamil-india.png","type":"image\/png"}],"twitter_card":"summary_large_image","twitter_site":"@talkpalai","twitter_misc":{"Est. reading time":"3 minutes"},"schema":{"@context":"https:\/\/schema.org","@graph":[{"@type":"WebPage","@id":"https:\/\/talkpal.ai\/lv\/tamilu-gramatika\/","url":"https:\/\/talkpal.ai\/lv\/tamilu-gramatika\/","name":"Tamilu gramatika - Talkpal","isPartOf":{"@id":"https:\/\/talkpal.ai\/lv\/#website"},"primaryImageOfPage":{"@id":"https:\/\/talkpal.ai\/lv\/tamilu-gramatika\/#primaryimage"},"image":{"@id":"https:\/\/talkpal.ai\/lv\/tamilu-gramatika\/#primaryimage"},"thumbnailUrl":"https:\/\/talkpal.ai\/wp-content\/uploads\/2023\/05\/Tamil-india.png","datePublished":"2023-05-14T14:22:16+00:00","dateModified":"2025-12-12T11:02:11+00:00","description":"Izp\u0113tiet tamilu valodas gramatikas pamatus un uzlabojiet savu izpratni par \u0161o bag\u0101to valodu.","breadcrumb":{"@id":"https:\/\/talkpal.ai\/lv\/tamilu-gramatika\/#breadcrumb"},"inLanguage":"lv-LV","potentialAction":[{"@type":"ReadAction","target":["https:\/\/talkpal.ai\/lv\/tamilu-gramatika\/"]}]},{"@type":"ImageObject","inLanguage":"lv-LV","@id":"https:\/\/talkpal.ai\/lv\/tamilu-gramatika\/#primaryimage","url":"https:\/\/talkpal.ai\/wp-content\/uploads\/2023\/05\/Tamil-india.png","contentUrl":"https:\/\/talkpal.ai\/wp-content\/uploads\/2023\/05\/Tamil-india.png","width":512,"height":512},{"@type":"BreadcrumbList","@id":"https:\/\/talkpal.ai\/lv\/tamilu-gramatika\/#breadcrumb","itemListElement":[{"@type":"ListItem","position":1,"name":"Homepage","item":"https:\/\/talkpal.ai\/lv\/"},{"@type":"ListItem","position":2,"name":"Tamilu gramatika"}]},{"@type":"WebSite","@id":"https:\/\/talkpal.ai\/lv\/#website","url":"https:\/\/talkpal.ai\/lv\/","name":"Talkpal","description":"AI Language Learning","publisher":{"@id":"https:\/\/talkpal.ai\/lv\/#organization"},"alternateName":"Talkpal AI","potentialAction":[{"@type":"SearchAction","target":{"@type":"EntryPoint","urlTemplate":"https:\/\/talkpal.ai\/lv\/?s={search_term_string}"},"query-input":{"@type":"PropertyValueSpecification","valueRequired":true,"valueName":"search_term_string"}}],"inLanguage":"lv-LV"},{"@type":"Organization","@id":"https:\/\/talkpal.ai\/lv\/#organization","name":"Talkpal, Inc.","alternateName":"Talkpal AI","url":"https:\/\/talkpal.ai\/lv\/","logo":{"@type":"ImageObject","inLanguage":"lv-LV","@id":"https:\/\/talkpal.ai\/lv\/#\/schema\/logo\/image\/","url":"https:\/\/talkpal.ai\/wp-content\/uploads\/2024\/03\/Talkpal-Logo-Icon.png","contentUrl":"https:\/\/talkpal.ai\/wp-content\/uploads\/2024\/03\/Talkpal-Logo-Icon.png","width":2880,"height":2880,"caption":"Talkpal, Inc."},"image":{"@id":"https:\/\/talkpal.ai\/lv\/#\/schema\/logo\/image\/"},"sameAs":["https:\/\/www.facebook.com\/profile.php?id=100090733639311","https:\/\/x.com\/talkpalai","https:\/\/www.linkedin.com\/company\/talkpal\/","https:\/\/www.youtube.com\/@TalkPal\/","https:\/\/www.tiktok.com\/@talkpal","https:\/\/www.instagram.com\/talkpal_ai\/","https:\/\/www.crunchbase.com\/organization\/talkpal-9cde","https:\/\/www.g2.com\/products\/talkpal-for-business\/","https:\/\/www.trustpilot.com\/review\/talkpal.ai","https:\/\/www.capterra.com\/p\/10006800\/TalkPal\/"],"description":"Talkpal is a language learning web and mobile education app, powered by the latest AI technologies, that provides engaging experiences to its customers in many different languages to help them improve their language skills. Users can chat about unlimited amount of topics with the app and use other modes to practice their language learning.","email":"support@talkpal.ai","legalName":"Talkpal, Inc.","foundingDate":"2023-04-03","duns":"118989042","numberOfEmployees":{"@type":"QuantitativeValue","minValue":"11","maxValue":"50"},"publishingPrinciples":"https:\/\/talkpal.ai\/publishing-principles\/","actionableFeedbackPolicy":"https:\/\/talkpal.ai\/actionable-feedback-policy\/","correctionsPolicy":"https:\/\/talkpal.ai\/corrections-policy\/","ethicsPolicy":"https:\/\/talkpal.ai\/ethics-policy\/","diversityPolicy":"https:\/\/talkpal.ai\/diversity-policy\/","diversityStaffingReport":"https:\/\/talkpal.ai\/diversity-policy\/"}]}},"_links":{"self":[{"href":"https:\/\/talkpal.ai\/lv\/wp-json\/wp\/v2\/pages\/151910","targetHints":{"allow":["GET"]}}],"collection":[{"href":"https:\/\/talkpal.ai\/lv\/wp-json\/wp\/v2\/pages"}],"about":[{"href":"https:\/\/talkpal.ai\/lv\/wp-json\/wp\/v2\/types\/page"}],"author":[{"embeddable":true,"href":"https:\/\/talkpal.ai\/lv\/wp-json\/wp\/v2\/users\/1"}],"replies":[{"embeddable":true,"href":"https:\/\/talkpal.ai\/lv\/wp-json\/wp\/v2\/comments?post=151910"}],"version-history":[{"count":0,"href":"https:\/\/talkpal.ai\/lv\/wp-json\/wp\/v2\/pages\/151910\/revisions"}],"wp:featuredmedia":[{"embeddable":true,"href":"https:\/\/talkpal.ai\/lv\/wp-json\/wp\/v2\/media\/120257"}],"wp:attachment":[{"href":"https:\/\/talkpal.ai\/lv\/wp-json\/wp\/v2\/media?parent=151910"}],"curies":[{"name":"wp","href":"https:\/\/api.w.org\/{rel}","templated":true}]}}