{"id":151370,"date":"2023-05-14T14:20:51","date_gmt":"2023-05-14T14:20:51","guid":{"rendered":"http:\/\/talkpal.ai\/velsas-gramatika\/"},"modified":"2025-12-12T11:05:33","modified_gmt":"2025-12-12T11:05:33","slug":"velsas-gramatika","status":"publish","type":"page","link":"https:\/\/talkpal.ai\/lv\/velsas-gramatika\/","title":{"rendered":"Velsas gramatika"},"content":{"rendered":"\r\n\r\n\r\n<section class=\"languageChallengeSection\">\r\n    <div class=\"languageInfoWrapper\">\r\n        \r\n        <h1>Velsas gramatika<\/h1>\r\n        <p><a href=\"https:\/\/talkpal.ai\/learn-welsh\/\">Velsie\u0161u<\/a> <a href=\"https:\/\/talkpal.ai\/what-language-is-spoken-on-the-international-space-station\/\">valodas<\/a> <a href=\"https:\/\/talkpal.ai\/sq\/gramatika\/\">gramatika<\/a> s\u0101kum\u0101 var \u0161\u0137ist sare\u017e\u0123\u012bta, ta\u010du t\u0101s unik\u0101l\u0101s iez\u012bmes padara valodas apguvi par v\u0113rt\u012bgu pieredzi. Izp\u0113tot t\u0101s alfab\u0113tu, mut\u0101cijas un gramatikas noteikumus, j\u016bs g\u016bsiet ieskatu bag\u0101t\u0101 valodas trad\u012bcij\u0101. S\u0101ciet savu ce\u013cojumu un atkl\u0101jiet <a href=\"https:\/\/talkpal.ai\/learn-welsh\/\">velsie\u0161u<\/a> skaistumu!<\/p>\r\n\r\n                            <a class=\"getStartedHidden\" href=\"https:\/\/app.talkpal.ai\/lv\/signup?lng=\">S\u0101c<\/a>\r\n        \r\n    <\/div>\r\n\r\n    <figure>\r\n    <img decoding=\"async\" width=\"768\" height=\"768\" src=\"https:\/\/talkpal.ai\/wp-content\/uploads\/2023\/06\/welsh-768x768.png\" class=\"languageImage no-lazy\" alt=\"Language learning for better cognitive abilities\" fetchpriority=\"high\" sizes=\"(max-width: 768px) 150px, 768px\" srcset=\"https:\/\/talkpal.ai\/wp-content\/uploads\/2023\/06\/welsh-768x768.png 768w, https:\/\/talkpal.ai\/wp-content\/uploads\/2023\/06\/welsh-300x300.png 300w\" \/>\r\n    \r\n\r\n    <\/figure>\r\n\r\n            <a class=\"getStartedVisible\" href=\"https:\/\/app.talkpal.ai\/lv\/signup?lng=\">S\u0101c<\/a>\r\n    \r\n<\/section>\r\n<section class=\"promotionalBanner\">\r\n    <p class=\"promotionalText\">Visefekt\u012bv\u0101kais <a href=\"https:\/\/talkpal.ai\/best-way-to-learn\/\">veids<\/a>, k\u0101 apg\u016bt valodu<\/p>\r\n    <a class=\"promotionalLink\" href=\"https:\/\/app.talkpal.ai\/lv\/signup?lng=\">Izm\u0113\u0123iniet Talkpal bez maksas<\/a>\r\n<\/section>\n<div class=\"wp-block-group pageContainerStyle\"><div class=\"wp-block-group__inner-container is-layout-constrained wp-block-group-is-layout-constrained\">\n<h2 class=\"wp-block-heading\" id=\"h-navigating-the-intricacies-of-welsh-grammar\">Navig\u0101cija Velsas gramatikas sare\u017e\u0123\u012bt\u012bb\u0101<\/h2>\n\n\n\n<p><a href=\"https:\/\/talkpal.ai\/lv\/uzziniet-velsiesu-valodu\/\">Velsie\u0161u valoda<\/a>, bretonisk\u0101 \u0137eltu valoda ar bag\u0101tu v\u0113sturi un kult\u016bras noz\u012bmi, pied\u0101v\u0101 aizraujo\u0161u lingvistisku pieredzi tiem, kas v\u0113las iepaz\u012bt t\u0101s unik\u0101lo gramatikas sist\u0113mu. Iesaistoties velsie\u0161u valodas apguv\u0113, j\u016bs ne tikai bag\u0101tin\u0101siet savu valodu repertu\u0101ru, bet ar\u012b piedal\u012bsieties aizraujo\u0161\u0101 kult\u016bras ce\u013cojum\u0101. Lai gan <a href=\"https:\/\/talkpal.ai\/welsh-grammar\/\">velsie\u0161u valodas gramatika<\/a> s\u0101kum\u0101 var \u0161\u0137ist sare\u017e\u0123\u012bta, t\u0101s sadal\u012b\u0161ana galvenaj\u0101s sast\u0101vda\u013c\u0101s padara valodas <a href=\"https:\/\/talkpal.ai\/lv\/talkpal-izglitibai\/\">apguvi<\/a> pieejam\u0101ku. \u0160aj\u0101 rakst\u0101 m\u0113s iepaz\u012bstin\u0101sim ar valsie\u0161u valodas gramatikas aizraujo\u0161o pasauli un sniegsim padomus, k\u0101 apg\u016bt t\u0101s sare\u017e\u0123\u012bt\u012bbu.<\/p>\n\n\n\n<h3 class=\"wp-block-heading\" id=\"h-1-welsh-alphabet-and-phonetics\">1. Velsie\u0161u alfab\u0113ts un fon\u0113tika<\/h3>\n\n\n\n<p>Velsie\u0161u alfab\u0113ts sast\u0101v no 29 burtiem, no kuriem da\u017ei ir unik\u0101li \u0161ai valodai, piem\u0113ram, &#8220;ll&#8221;, &#8220;dd&#8221; un &#8220;ff&#8221;. Lai <a href=\"https:\/\/talkpal.ai\/lv\/uzziniet-velsiesu-valodu\/\">apg\u016btu velsie\u0161u valodas<\/a> gramatiku, ir svar\u012bgi iepaz\u012bties ar \u0161o at\u0161\u0137ir\u012bgo rakst\u012bbas sist\u0113mu, praktiz\u0113jot las\u012b\u0161anu un rakst\u012b\u0161anu velsie\u0161u valod\u0101.<\/p>\n\n\n\n<h3 class=\"wp-block-heading\" id=\"h-2-mutations-a-peculiar-welsh-feature\">2. Mut\u0101cijas: savdab\u012bga velsie\u0161u iez\u012bme<\/h3>\n\n\n\n<p>Viens no visspilgt\u0101kajiem velsie\u0161u gramatikas aspektiem ir mut\u0101ciju izplat\u012bba, kas ietver izmai\u0146as v\u0101rda s\u0101kotn\u0113j\u0101 l\u012bdzska\u0146\u0101. Vels\u0101 ir tr\u012bs prim\u0101rie mut\u0101ciju veidi: m\u012bkst\u0101 mut\u0101cija, deguna mut\u0101cija un aspir\u0101ta mut\u0101cija. Izpratne par to, kad un k\u0101 \u0161\u012bs mut\u0101cijas notiek, ir \u013coti svar\u012bga prec\u012bzai sazi\u0146ai velsie\u0161u valod\u0101.<\/p>\n\n\n\n<h3 class=\"wp-block-heading\" id=\"h-3-nouns-and-pronouns-gender-and-cases\">3. Lietv\u0101rdi un vietniekv\u0101rdi: dzimums un gad\u012bjumi<\/h3>\n\n\n\n<p>Velsas lietv\u0101rdiem ir gramatiskais dzimums (v\u012brie\u0161u vai sievie\u0161u), un tiem var sekot da\u017e\u0101di daudzskait\u013ca veido\u0161anas noteikumi, pamatojoties uz vi\u0146u dzimumu. Vietniekv\u0101rdi velsie\u0161u valod\u0101 ietver personiskus, piedero\u0161us, refleks\u012bvus, demonstrat\u012bvus un aizdom\u012bgus vietniekv\u0101rdus. Iepaz\u012b\u0161an\u0101s ar \u0161iem vietniekv\u0101rdiem un to form\u0101m iev\u0113rojami uzlabos j\u016bsu izpratni par velsie\u0161u gramatiku.<\/p>\n\n\n\n<h3 class=\"wp-block-heading\" id=\"h-4-verbs-structure-and-conjugation\">4. Darb\u012bbas v\u0101rdi: strukt\u016bra un konjug\u0101cija<\/h3>\n\n\n\n<p>Velsie\u0161u darb\u012bbas v\u0101rdi seko unik\u0101lai strukt\u016brai un konjug\u0101cijas modelim atkar\u012bb\u0101 no sasprindzin\u0101juma, garast\u0101vok\u013ca un personas. B\u016btiskie velsie\u0161u laiki ir tagadne, pag\u0101tne un n\u0101kotne ar papildu elementiem, piem\u0113ram, nosac\u012bt\u0101m un imperat\u012bv\u0101m noska\u0146\u0101m. Darb\u012bbas v\u0101rdu konjug\u0101cijas noteikumu apg\u016b\u0161ana uzlabos j\u016bsu sp\u0113ju efekt\u012bvi sazin\u0101ties velsie\u0161u valod\u0101.<\/p>\n\n\n\n<h3 class=\"wp-block-heading\" id=\"h-5-adjectives-agreement-and-placement\">5. \u012apa\u0161\u012bbas v\u0101rdi: vieno\u0161an\u0101s un izvietojums<\/h3>\n\n\n\n<p>Velsas gramatik\u0101 \u012bpa\u0161\u012bbas v\u0101rdi parasti seko lietv\u0101rdam, ko tie p\u0101rveido, un tiem vajadz\u0113tu p\u0113c skaita vienoties ar lietv\u0101rdu. Da\u017eiem \u012bpa\u0161\u012bbas v\u0101rdiem velsie\u0161u valod\u0101 piem\u012bt neregul\u0101ras sal\u012bdzino\u0161\u0101s un superlat\u012bv\u0101s formas, kas ir b\u016btiskas, lai iem\u0101c\u012btos sazin\u0101ties dabisk\u0101k.<\/p>\n\n\n\n<p><strong>Piem\u0113ri:<\/strong><\/p>\n\n\n\n<p><strong>&#8211; cariad mawr (liel\u0101 m\u012blest\u012bba)<\/strong><\/p>\n\n\n\n<p><strong>&#8211; augu bach (mazi b\u0113rni)<\/strong><\/p>\n\n\n\n<h3 class=\"wp-block-heading\" id=\"h-6-engaging-with-the-language\">6. Iesaist\u012b\u0161an\u0101s valod\u0101<\/h3>\n\n\n\n<p>Visefekt\u012bv\u0101kais veids, k\u0101 piln\u012bb\u0101 izprast un internaliz\u0113t velsie\u0161u gramatiku, ir konsekventi iesaist\u012bties valod\u0101. Lasot velsie\u0161u literat\u016bru, skatoties velsie\u0161u filmas vai telev\u012bzijas seri\u0101lus un akt\u012bvi sazinoties ar dzimt\u0101 valoda, j\u016bs pastiprin\u0101sit savu izpratni par gramatiku, vienlaikus papla\u0161inot savu v\u0101rdu kr\u0101jumu.<\/p>\n\n\n\n<h3 class=\"wp-block-heading\" id=\"h-conclusion\">Secin\u0101jums<\/h3>\n\n\n\n<p>Lai gan velsie\u0161u gramatika var \u0161\u0137ist sare\u017e\u0123\u012bta, j\u016bs varat k\u013c\u016bt par \u0161\u012bs skaist\u0101s valodas lietprat\u0113ju ar cent\u012bbu, praksi un entuziasmu. Koncentr\u0113joties uz pamatnoteikumiem un iesaistoties valodas apguv\u0113 da\u017e\u0101dos kontekstos, j\u016bs \u0101tri papildin\u0101siet savas velsie\u0161u valodas <a href=\"https:\/\/talkpal.ai\/lv\/gramatika\/\">gramatikas prasmes<\/a>. Pob lwc (veiksmi) ar savu velsie\u0161u valodas ce\u013cojumu un izbaudiet m\u012bklaino, bet valdzino\u0161o velsie\u0161u gramatikas pasauli!<\/p>\n<\/div><\/div>\n\r\n<section class=\"learnNavigationSection\">\r\n            \r\n        <a href=\"https:\/\/talkpal.ai\/lv\/uzziniet-velsiesu-valodu\/\">\r\n            <div class=\"learnNavigationWrapper\">\r\n                <div class=\"learnNavigationContent\">\r\n                    <img decoding=\"async\" src=\"https:\/\/talkpal.ai\/wp-content\/uploads\/2024\/08\/Welsh.jpg\" alt=\"Welsh Flag\">\r\n                    <div>\r\n                        <h4>Par velsie\u0161u valodas apguvi<\/h4>\r\n                        <p>Uzziniet visu par velsie\u0161u valodas gramatiku.<\/p>\r\n                    <\/div>\r\n                <\/div>\r\n            <\/div>\r\n        <\/a>\r\n\r\n        \r\n        <a href=\"https:\/\/talkpal.ai\/lv\/velsas-gramatikas-vingrinajumi\/\">\r\n            <div class=\"learnNavigationWrapper\">\r\n                <div class=\"learnNavigationContent\">\r\n                    <img decoding=\"async\" src=\"https:\/\/talkpal.ai\/wp-content\/uploads\/2024\/08\/Welsh.jpg\" alt=\"Welsh Flag\">\r\n                    <div>\r\n                        <h4>Velsie\u0161u valodas gramatikas vingrin\u0101jums<\/h4>\r\n                        <p>Praktiz\u0113jiet velsie\u0161u gramatiku.<\/p>\r\n                    <\/div>\r\n                <\/div>\r\n            <\/div>\r\n        <\/a>\r\n\r\n        \r\n        <a href=\"https:\/\/talkpal.ai\/vocabulary_language\/welsh\/\">\r\n            <div class=\"learnNavigationWrapper\">\r\n                <div class=\"learnNavigationContent\">\r\n                    <img decoding=\"async\" src=\"https:\/\/talkpal.ai\/wp-content\/uploads\/2024\/08\/Welsh.jpg\" alt=\"Welsh Flag\">\r\n                    <div>\r\n                        <h4>Velsie\u0161u valodas v\u0101rdn\u012bca<\/h4>\r\n                        <p>Papla\u0161iniet savu velsie\u0161u valodas v\u0101rdu kr\u0101jumu.<\/p>\r\n                    <\/div>\r\n                <\/div>\r\n            <\/div>\r\n        <\/a>\r\n\r\n            <\/section>","protected":false},"excerpt":{"rendered":"<p>Navig\u0101cija Velsas gramatikas sare\u017e\u0123\u012bt\u012bb\u0101 Velsie\u0161u valoda, bretonisk\u0101 \u0137eltu valoda ar bag\u0101tu v\u0113sturi un kult\u016bras noz\u012bmi, pied\u0101v\u0101 aizraujo\u0161u lingvistisku pieredzi tiem, kas v\u0113las iepaz\u012bt t\u0101s unik\u0101lo gramatikas sist\u0113mu. Iesaistoties velsie\u0161u valodas apguv\u0113, j\u016bs ne tikai bag\u0101tin\u0101siet savu valodu repertu\u0101ru, bet ar\u012b piedal\u012bsieties aizraujo\u0161\u0101 kult\u016bras ce\u013cojum\u0101. Lai gan velsie\u0161u valodas gramatika s\u0101kum\u0101 var \u0161\u0137ist sare\u017e\u0123\u012bta, t\u0101s sadal\u012b\u0161ana [&hellip;]<\/p>\n","protected":false},"author":1,"featured_media":121468,"parent":0,"menu_order":0,"comment_status":"closed","ping_status":"closed","template":"LearningContentPage.php","meta":{"_acf_changed":false,"footnotes":""},"class_list":["post-151370","page","type-page","status-publish","has-post-thumbnail","hentry"],"acf":[],"yoast_head":"<!-- This site is optimized with the Yoast SEO Premium plugin v27.2 (Yoast SEO v27.2) - https:\/\/yoast.com\/product\/yoast-seo-premium-wordpress\/ -->\n<title>Velsas gramatika - Talkpal<\/title>\n<meta name=\"description\" content=\"Izp\u0113tiet velsie\u0161u valodas gramatikas nianses un atkl\u0101jiet \u0161\u012bs unik\u0101l\u0101s \u0137eltu valodas nosl\u0113pumus. S\u0101ciet savu ce\u013cojumu jau \u0161odien.\" \/>\n<meta name=\"robots\" content=\"index, follow, max-snippet:-1, max-image-preview:large, max-video-preview:-1\" \/>\n<link rel=\"canonical\" href=\"https:\/\/talkpal.ai\/lv\/velsas-gramatika\/\" \/>\n<meta property=\"og:locale\" content=\"lv_LV\" \/>\n<meta property=\"og:type\" content=\"article\" \/>\n<meta property=\"og:title\" content=\"Velsas gramatika\" \/>\n<meta property=\"og:description\" content=\"Navig\u0101cija Velsas gramatikas sare\u017e\u0123\u012bt\u012bb\u0101 Velsie\u0161u valoda, bretonisk\u0101 \u0137eltu valoda ar bag\u0101tu v\u0113sturi un kult\u016bras noz\u012bmi, pied\u0101v\u0101 aizraujo\u0161u lingvistisku\" \/>\n<meta property=\"og:url\" content=\"https:\/\/talkpal.ai\/lv\/velsas-gramatika\/\" \/>\n<meta property=\"og:site_name\" content=\"Talkpal\" \/>\n<meta property=\"article:publisher\" content=\"https:\/\/www.facebook.com\/profile.php?id=100090733639311\" \/>\n<meta property=\"article:modified_time\" content=\"2025-12-12T11:05:33+00:00\" \/>\n<meta property=\"og:image\" content=\"https:\/\/talkpal.ai\/wp-content\/uploads\/2023\/05\/Wales.png\" \/>\n\t<meta property=\"og:image:width\" content=\"512\" \/>\n\t<meta property=\"og:image:height\" content=\"512\" \/>\n\t<meta property=\"og:image:type\" content=\"image\/png\" \/>\n<meta name=\"twitter:card\" content=\"summary_large_image\" \/>\n<meta name=\"twitter:site\" content=\"@talkpalai\" \/>\n<meta name=\"twitter:label1\" content=\"Est. reading time\" \/>\n\t<meta name=\"twitter:data1\" content=\"3 minutes\" \/>\n<script type=\"application\/ld+json\" class=\"yoast-schema-graph\">{\"@context\":\"https:\/\/schema.org\",\"@graph\":[{\"@type\":\"WebPage\",\"@id\":\"https:\/\/talkpal.ai\/lv\/velsas-gramatika\/\",\"url\":\"https:\/\/talkpal.ai\/lv\/velsas-gramatika\/\",\"name\":\"Velsas gramatika - Talkpal\",\"isPartOf\":{\"@id\":\"https:\/\/talkpal.ai\/lv\/#website\"},\"primaryImageOfPage\":{\"@id\":\"https:\/\/talkpal.ai\/lv\/velsas-gramatika\/#primaryimage\"},\"image\":{\"@id\":\"https:\/\/talkpal.ai\/lv\/velsas-gramatika\/#primaryimage\"},\"thumbnailUrl\":\"https:\/\/talkpal.ai\/wp-content\/uploads\/2023\/05\/Wales.png\",\"datePublished\":\"2023-05-14T14:20:51+00:00\",\"dateModified\":\"2025-12-12T11:05:33+00:00\",\"description\":\"Izp\u0113tiet velsie\u0161u valodas gramatikas nianses un atkl\u0101jiet \u0161\u012bs unik\u0101l\u0101s \u0137eltu valodas nosl\u0113pumus. S\u0101ciet savu ce\u013cojumu jau \u0161odien.\",\"breadcrumb\":{\"@id\":\"https:\/\/talkpal.ai\/lv\/velsas-gramatika\/#breadcrumb\"},\"inLanguage\":\"lv-LV\",\"potentialAction\":[{\"@type\":\"ReadAction\",\"target\":[\"https:\/\/talkpal.ai\/lv\/velsas-gramatika\/\"]}]},{\"@type\":\"ImageObject\",\"inLanguage\":\"lv-LV\",\"@id\":\"https:\/\/talkpal.ai\/lv\/velsas-gramatika\/#primaryimage\",\"url\":\"https:\/\/talkpal.ai\/wp-content\/uploads\/2023\/05\/Wales.png\",\"contentUrl\":\"https:\/\/talkpal.ai\/wp-content\/uploads\/2023\/05\/Wales.png\",\"width\":512,\"height\":512},{\"@type\":\"BreadcrumbList\",\"@id\":\"https:\/\/talkpal.ai\/lv\/velsas-gramatika\/#breadcrumb\",\"itemListElement\":[{\"@type\":\"ListItem\",\"position\":1,\"name\":\"Homepage\",\"item\":\"https:\/\/talkpal.ai\/lv\/\"},{\"@type\":\"ListItem\",\"position\":2,\"name\":\"Velsas gramatika\"}]},{\"@type\":\"WebSite\",\"@id\":\"https:\/\/talkpal.ai\/lv\/#website\",\"url\":\"https:\/\/talkpal.ai\/lv\/\",\"name\":\"Talkpal\",\"description\":\"AI Language Learning\",\"publisher\":{\"@id\":\"https:\/\/talkpal.ai\/lv\/#organization\"},\"alternateName\":\"Talkpal AI\",\"potentialAction\":[{\"@type\":\"SearchAction\",\"target\":{\"@type\":\"EntryPoint\",\"urlTemplate\":\"https:\/\/talkpal.ai\/lv\/?s={search_term_string}\"},\"query-input\":{\"@type\":\"PropertyValueSpecification\",\"valueRequired\":true,\"valueName\":\"search_term_string\"}}],\"inLanguage\":\"lv-LV\"},{\"@type\":\"Organization\",\"@id\":\"https:\/\/talkpal.ai\/lv\/#organization\",\"name\":\"Talkpal, Inc.\",\"alternateName\":\"Talkpal AI\",\"url\":\"https:\/\/talkpal.ai\/lv\/\",\"logo\":{\"@type\":\"ImageObject\",\"inLanguage\":\"lv-LV\",\"@id\":\"https:\/\/talkpal.ai\/lv\/#\/schema\/logo\/image\/\",\"url\":\"https:\/\/talkpal.ai\/wp-content\/uploads\/2024\/03\/Talkpal-Logo-Icon.png\",\"contentUrl\":\"https:\/\/talkpal.ai\/wp-content\/uploads\/2024\/03\/Talkpal-Logo-Icon.png\",\"width\":2880,\"height\":2880,\"caption\":\"Talkpal, Inc.\"},\"image\":{\"@id\":\"https:\/\/talkpal.ai\/lv\/#\/schema\/logo\/image\/\"},\"sameAs\":[\"https:\/\/www.facebook.com\/profile.php?id=100090733639311\",\"https:\/\/x.com\/talkpalai\",\"https:\/\/www.linkedin.com\/company\/talkpal\/\",\"https:\/\/www.youtube.com\/@TalkPal\/\",\"https:\/\/www.tiktok.com\/@talkpal\",\"https:\/\/www.instagram.com\/talkpal_ai\/\",\"https:\/\/www.crunchbase.com\/organization\/talkpal-9cde\",\"https:\/\/www.g2.com\/products\/talkpal-for-business\/\",\"https:\/\/www.trustpilot.com\/review\/talkpal.ai\",\"https:\/\/www.capterra.com\/p\/10006800\/TalkPal\/\"],\"description\":\"Talkpal is a language learning web and mobile education app, powered by the latest AI technologies, that provides engaging experiences to its customers in many different languages to help them improve their language skills. Users can chat about unlimited amount of topics with the app and use other modes to practice their language learning.\",\"email\":\"support@talkpal.ai\",\"legalName\":\"Talkpal, Inc.\",\"foundingDate\":\"2023-04-03\",\"duns\":\"118989042\",\"numberOfEmployees\":{\"@type\":\"QuantitativeValue\",\"minValue\":\"11\",\"maxValue\":\"50\"},\"publishingPrinciples\":\"https:\/\/talkpal.ai\/publishing-principles\/\",\"actionableFeedbackPolicy\":\"https:\/\/talkpal.ai\/actionable-feedback-policy\/\",\"correctionsPolicy\":\"https:\/\/talkpal.ai\/corrections-policy\/\",\"ethicsPolicy\":\"https:\/\/talkpal.ai\/ethics-policy\/\",\"diversityPolicy\":\"https:\/\/talkpal.ai\/diversity-policy\/\",\"diversityStaffingReport\":\"https:\/\/talkpal.ai\/diversity-policy\/\"}]}<\/script>\n<!-- \/ Yoast SEO Premium plugin. -->","yoast_head_json":{"title":"Velsas gramatika - Talkpal","description":"Izp\u0113tiet velsie\u0161u valodas gramatikas nianses un atkl\u0101jiet \u0161\u012bs unik\u0101l\u0101s \u0137eltu valodas nosl\u0113pumus. S\u0101ciet savu ce\u013cojumu jau \u0161odien.","robots":{"index":"index","follow":"follow","max-snippet":"max-snippet:-1","max-image-preview":"max-image-preview:large","max-video-preview":"max-video-preview:-1"},"canonical":"https:\/\/talkpal.ai\/lv\/velsas-gramatika\/","og_locale":"lv_LV","og_type":"article","og_title":"Velsas gramatika","og_description":"Navig\u0101cija Velsas gramatikas sare\u017e\u0123\u012bt\u012bb\u0101 Velsie\u0161u valoda, bretonisk\u0101 \u0137eltu valoda ar bag\u0101tu v\u0113sturi un kult\u016bras noz\u012bmi, pied\u0101v\u0101 aizraujo\u0161u lingvistisku","og_url":"https:\/\/talkpal.ai\/lv\/velsas-gramatika\/","og_site_name":"Talkpal","article_publisher":"https:\/\/www.facebook.com\/profile.php?id=100090733639311","article_modified_time":"2025-12-12T11:05:33+00:00","og_image":[{"width":512,"height":512,"url":"https:\/\/talkpal.ai\/wp-content\/uploads\/2023\/05\/Wales.png","type":"image\/png"}],"twitter_card":"summary_large_image","twitter_site":"@talkpalai","twitter_misc":{"Est. reading time":"3 minutes"},"schema":{"@context":"https:\/\/schema.org","@graph":[{"@type":"WebPage","@id":"https:\/\/talkpal.ai\/lv\/velsas-gramatika\/","url":"https:\/\/talkpal.ai\/lv\/velsas-gramatika\/","name":"Velsas gramatika - Talkpal","isPartOf":{"@id":"https:\/\/talkpal.ai\/lv\/#website"},"primaryImageOfPage":{"@id":"https:\/\/talkpal.ai\/lv\/velsas-gramatika\/#primaryimage"},"image":{"@id":"https:\/\/talkpal.ai\/lv\/velsas-gramatika\/#primaryimage"},"thumbnailUrl":"https:\/\/talkpal.ai\/wp-content\/uploads\/2023\/05\/Wales.png","datePublished":"2023-05-14T14:20:51+00:00","dateModified":"2025-12-12T11:05:33+00:00","description":"Izp\u0113tiet velsie\u0161u valodas gramatikas nianses un atkl\u0101jiet \u0161\u012bs unik\u0101l\u0101s \u0137eltu valodas nosl\u0113pumus. S\u0101ciet savu ce\u013cojumu jau \u0161odien.","breadcrumb":{"@id":"https:\/\/talkpal.ai\/lv\/velsas-gramatika\/#breadcrumb"},"inLanguage":"lv-LV","potentialAction":[{"@type":"ReadAction","target":["https:\/\/talkpal.ai\/lv\/velsas-gramatika\/"]}]},{"@type":"ImageObject","inLanguage":"lv-LV","@id":"https:\/\/talkpal.ai\/lv\/velsas-gramatika\/#primaryimage","url":"https:\/\/talkpal.ai\/wp-content\/uploads\/2023\/05\/Wales.png","contentUrl":"https:\/\/talkpal.ai\/wp-content\/uploads\/2023\/05\/Wales.png","width":512,"height":512},{"@type":"BreadcrumbList","@id":"https:\/\/talkpal.ai\/lv\/velsas-gramatika\/#breadcrumb","itemListElement":[{"@type":"ListItem","position":1,"name":"Homepage","item":"https:\/\/talkpal.ai\/lv\/"},{"@type":"ListItem","position":2,"name":"Velsas gramatika"}]},{"@type":"WebSite","@id":"https:\/\/talkpal.ai\/lv\/#website","url":"https:\/\/talkpal.ai\/lv\/","name":"Talkpal","description":"AI Language Learning","publisher":{"@id":"https:\/\/talkpal.ai\/lv\/#organization"},"alternateName":"Talkpal AI","potentialAction":[{"@type":"SearchAction","target":{"@type":"EntryPoint","urlTemplate":"https:\/\/talkpal.ai\/lv\/?s={search_term_string}"},"query-input":{"@type":"PropertyValueSpecification","valueRequired":true,"valueName":"search_term_string"}}],"inLanguage":"lv-LV"},{"@type":"Organization","@id":"https:\/\/talkpal.ai\/lv\/#organization","name":"Talkpal, Inc.","alternateName":"Talkpal AI","url":"https:\/\/talkpal.ai\/lv\/","logo":{"@type":"ImageObject","inLanguage":"lv-LV","@id":"https:\/\/talkpal.ai\/lv\/#\/schema\/logo\/image\/","url":"https:\/\/talkpal.ai\/wp-content\/uploads\/2024\/03\/Talkpal-Logo-Icon.png","contentUrl":"https:\/\/talkpal.ai\/wp-content\/uploads\/2024\/03\/Talkpal-Logo-Icon.png","width":2880,"height":2880,"caption":"Talkpal, Inc."},"image":{"@id":"https:\/\/talkpal.ai\/lv\/#\/schema\/logo\/image\/"},"sameAs":["https:\/\/www.facebook.com\/profile.php?id=100090733639311","https:\/\/x.com\/talkpalai","https:\/\/www.linkedin.com\/company\/talkpal\/","https:\/\/www.youtube.com\/@TalkPal\/","https:\/\/www.tiktok.com\/@talkpal","https:\/\/www.instagram.com\/talkpal_ai\/","https:\/\/www.crunchbase.com\/organization\/talkpal-9cde","https:\/\/www.g2.com\/products\/talkpal-for-business\/","https:\/\/www.trustpilot.com\/review\/talkpal.ai","https:\/\/www.capterra.com\/p\/10006800\/TalkPal\/"],"description":"Talkpal is a language learning web and mobile education app, powered by the latest AI technologies, that provides engaging experiences to its customers in many different languages to help them improve their language skills. Users can chat about unlimited amount of topics with the app and use other modes to practice their language learning.","email":"support@talkpal.ai","legalName":"Talkpal, Inc.","foundingDate":"2023-04-03","duns":"118989042","numberOfEmployees":{"@type":"QuantitativeValue","minValue":"11","maxValue":"50"},"publishingPrinciples":"https:\/\/talkpal.ai\/publishing-principles\/","actionableFeedbackPolicy":"https:\/\/talkpal.ai\/actionable-feedback-policy\/","correctionsPolicy":"https:\/\/talkpal.ai\/corrections-policy\/","ethicsPolicy":"https:\/\/talkpal.ai\/ethics-policy\/","diversityPolicy":"https:\/\/talkpal.ai\/diversity-policy\/","diversityStaffingReport":"https:\/\/talkpal.ai\/diversity-policy\/"}]}},"_links":{"self":[{"href":"https:\/\/talkpal.ai\/lv\/wp-json\/wp\/v2\/pages\/151370","targetHints":{"allow":["GET"]}}],"collection":[{"href":"https:\/\/talkpal.ai\/lv\/wp-json\/wp\/v2\/pages"}],"about":[{"href":"https:\/\/talkpal.ai\/lv\/wp-json\/wp\/v2\/types\/page"}],"author":[{"embeddable":true,"href":"https:\/\/talkpal.ai\/lv\/wp-json\/wp\/v2\/users\/1"}],"replies":[{"embeddable":true,"href":"https:\/\/talkpal.ai\/lv\/wp-json\/wp\/v2\/comments?post=151370"}],"version-history":[{"count":0,"href":"https:\/\/talkpal.ai\/lv\/wp-json\/wp\/v2\/pages\/151370\/revisions"}],"wp:featuredmedia":[{"embeddable":true,"href":"https:\/\/talkpal.ai\/lv\/wp-json\/wp\/v2\/media\/121468"}],"wp:attachment":[{"href":"https:\/\/talkpal.ai\/lv\/wp-json\/wp\/v2\/media?parent=151370"}],"curies":[{"name":"wp","href":"https:\/\/api.w.org\/{rel}","templated":true}]}}