{"id":150888,"date":"2023-05-14T14:20:10","date_gmt":"2023-05-14T14:20:10","guid":{"rendered":"http:\/\/talkpal.ai\/slovenu-valodas-gramatika\/"},"modified":"2025-12-12T11:07:13","modified_gmt":"2025-12-12T11:07:13","slug":"slovenu-valodas-gramatika","status":"publish","type":"page","link":"https:\/\/talkpal.ai\/lv\/slovenu-valodas-gramatika\/","title":{"rendered":"Slov\u0113\u0146u valodas gramatika"},"content":{"rendered":"\r\n\r\n\r\n<section class=\"languageChallengeSection\">\r\n    <div class=\"languageInfoWrapper\">\r\n        \r\n        <h1>Slov\u0113\u0146u valodas gramatika<\/h1>\r\n        <p>Atkl\u0101jiet <a href=\"https:\/\/talkpal.ai\/learn-slovenian\/\">slov\u0113\u0146u<\/a> <a href=\"https:\/\/talkpal.ai\/what-language-is-spoken-on-the-international-space-station\/\">valodas<\/a> \u012bpa\u0161o \u0161armu, apg\u016bstot t\u0101s gramatikas pamatnoteikumus. Ar stabil\u0101m slov\u0113\u0146u valodas gramatikas zin\u0101\u0161an\u0101m j\u016bs var\u0113siet sazin\u0101ties ar dzimt\u0101s valodas prat\u0113jiem un lab\u0101k nov\u0113rt\u0113t \u0161\u012bs valsts bag\u0101to kult\u016bras mantojumu. S\u0101ciet m\u0101c\u012bties slov\u0113\u0146u valodas gramatiku jau \u0161odien un speriet pirmo soli ce\u013c\u0101 uz valodas zin\u0101\u0161anu apguvi!<\/p>\r\n\r\n                            <a class=\"getStartedHidden\" href=\"https:\/\/app.talkpal.ai\/lv\/signup?lng=\">S\u0101c<\/a>\r\n        \r\n    <\/div>\r\n\r\n    <figure>\r\n    <img decoding=\"async\" width=\"768\" height=\"768\" src=\"https:\/\/talkpal.ai\/wp-content\/uploads\/2023\/06\/slovenian-768x768.png\" class=\"languageImage no-lazy\" alt=\"Language learning for broader perspectives\" fetchpriority=\"high\" sizes=\"(max-width: 768px) 150px, 768px\" srcset=\"https:\/\/talkpal.ai\/wp-content\/uploads\/2023\/06\/slovenian-768x768.png 768w, https:\/\/talkpal.ai\/wp-content\/uploads\/2023\/06\/slovenian-300x300.png 300w\" \/>\r\n    \r\n\r\n    <\/figure>\r\n\r\n            <a class=\"getStartedVisible\" href=\"https:\/\/app.talkpal.ai\/lv\/signup?lng=\">S\u0101c<\/a>\r\n    \r\n<\/section>\r\n<section class=\"promotionalBanner\">\r\n    <p class=\"promotionalText\">Visefekt\u012bv\u0101kais veids, k\u0101 apg\u016bt valodu<\/p>\r\n    <a class=\"promotionalLink\" href=\"https:\/\/app.talkpal.ai\/lv\/signup?lng=\">Izm\u0113\u0123iniet Talkpal bez maksas<\/a>\r\n<\/section>\n<div class=\"wp-block-group pageContainerStyle\"><div class=\"wp-block-group__inner-container is-layout-constrained wp-block-group-is-layout-constrained\">\n<h1 class=\"wp-block-heading\" id=\"h-slovenian-grammar-a-short-introduction-for-language-lovers\">Slov\u0113\u0146u valodas gramatika: \u012bss ievads valodu m\u012b\u013cot\u0101jiem<\/h1>\n\n\n\n<p>Vai esat gatavs ienirt burv\u012bgaj\u0101 slov\u0113\u0146u pasaul\u0113, satrieco\u0161\u0101 sl\u0101vu valod\u0101? J\u016bs gaida baud\u012bjums! \u0160is \u012bsais ce\u013cvedis sniegs jums ieskatu slov\u0113\u0146u valodas gramatik\u0101, kas ir b\u016btiska, lai saprastu un apg\u016btu \u0161o valdzino\u0161o valodu. T\u0101p\u0113c dosimies \u0161aj\u0101 lingvistiskaj\u0101 piedz\u012bvojum\u0101 un soli pa solim izp\u0113t\u012bsim slov\u0113\u0146u valodas gramatikas nianses.<\/p>\n\n\n\n<p>Slov\u0113\u0146u valod\u0101, kas paz\u012bstama ar\u012b k\u0101 slov\u0113\u0146u valoda, Slov\u0113nij\u0101 p\u0101rsvar\u0101 run\u0101 aptuveni 2,5 miljoni cilv\u0113ku. K\u0101 dienvidsl\u0101vu valodai <a href=\"https:\/\/talkpal.ai\/learn-thai\/\">tai<\/a> ir vair\u0101kas kop\u012bgas iez\u012bmes ar tuviem radiniekiem, piem\u0113ram, <a href=\"https:\/\/talkpal.ai\/learn-serbian\/\">serbu<\/a>, <a href=\"https:\/\/talkpal.ai\/learn-croatian\/\">horv\u0101tu<\/a> un <a href=\"https:\/\/talkpal.ai\/learn-bulgarian\/\">bulg\u0101ru<\/a>. Tom\u0113r slov\u0113\u0146u valoda lepojas ar saviem unik\u0101lajiem l\u012bklo\u010diem un nojautu.<\/p>\n\n\n\n<p>Bez liekas laika kav\u0113\u0161an\u0101s piev\u0113rs\u012bsimies slov\u0113\u0146u valodas gramatikas galvenajiem aspektiem:<\/p>\n\n\n\n<h3 class=\"wp-block-heading\" id=\"h-1-nouns-and-cases\">1. Lietv\u0101rdi un gad\u012bjumi:<\/h3>\n\n\n\n<p>Slov\u0113\u0146u lietv\u0101rdiem ir tr\u012bs dzimumi \u2013 v\u012bri\u0161\u0137ais, sievi\u0161\u0137ais un kastr\u0113tais. Katru lietv\u0101rdu var lietot vien\u0101 no se\u0161iem slov\u0113\u0146u gad\u012bjumiem: nominat\u012bvs, \u0123enit\u012bvs, dat\u012bvs, akuzat\u012bvs, lokat\u012bvs un instrument\u0101ls. \u0160ie gad\u012bjumi izsaka da\u017e\u0101das gramatisk\u0101s funkcijas vai attiec\u012bbas starp v\u0101rdiem, t\u0101p\u0113c ir \u013coti svar\u012bgi iem\u0101c\u012bties tos pareizi lietot kontekst\u0101.<\/p>\n\n\n\n<h3 class=\"wp-block-heading\" id=\"h-2-articles\">2. Raksti:<\/h3>\n\n\n\n<p>L\u016bk, labas zi\u0146as &#8211; slov\u0113\u0146u valod\u0101 netiek lietoti t\u0101di artikuli k\u0101 &#8220;the&#8221; vai &#8220;a&#8221;! T\u0101 viet\u0101 noz\u012bme tiek nodota, izmantojot gad\u012bjumus un v\u0101rdu sec\u012bbu. Tas var\u0113tu nedaudz atvieglot j\u016bsu slov\u0113\u0146u valodas apguvi, \u012bpa\u0161i, ja neesat pieradis pie valod\u0101m ar sare\u017e\u0123\u012btu pantu sist\u0113mu.<\/p>\n\n\n\n<h3 class=\"wp-block-heading\" id=\"h-3-adjectives\">3. \u012apa\u0161\u012bbas v\u0101rdi:<\/h3>\n\n\n\n<p>T\u0101pat k\u0101 lietv\u0101rdi, ar\u012b \u012bpa\u0161\u012bbas v\u0101rdi slov\u0113\u0146u valod\u0101 p\u0113c dzimuma, skaita un gad\u012bjuma sakr\u012bt ar lietv\u0101rdu, ko tie p\u0101rveido. T\u0101p\u0113c \u012bpa\u0161\u012bbas v\u0101rdu lietojums ir nedaudz sare\u017e\u0123\u012bt\u0101ks nek\u0101 <a href=\"https:\/\/talkpal.ai\/learn-english-with-ai\/\">ang\u013cu<\/a> valod\u0101, bet nebaidieties &#8211; ar praksi j\u016bs \u0101tri apg\u016bsiet slov\u0113\u0146u valodas \u012bpa\u0161\u012bbas v\u0101rdus!<\/p>\n\n\n\n<h3 class=\"wp-block-heading\" id=\"h-4-verbs\">4. Darb\u012bbas v\u0101rdi:<\/h3>\n\n\n\n<p>Slov\u0113\u0146u valod\u0101 ir tr\u012bs l\u012bme\u0146u darb\u012bbas v\u0101rdu sist\u0113ma: tr\u012bs konjug\u0101cijas grupas atkar\u012bb\u0101 no darb\u012bbas v\u0101rda galotnes, kas beidzas nenoteiksmes form\u0101. Slov\u0113\u0146u darb\u012bbas v\u0101rdiem ir ar\u012b da\u017e\u0101di sasprindzin\u0101jumi un noska\u0146as, tostarp unik\u0101l\u0101 divk\u0101r\u0161\u0101 forma, ko izmanto, atsaucoties uz diviem priek\u0161metiem vai objektiem. Esiet gatavs pavad\u012bt k\u0101du laiku, m\u0101coties un praktiz\u0113jot slov\u0113\u0146u darb\u012bbas v\u0101rdu konjug\u0101cijas, lai ieg\u016btu p\u0101rliec\u012bbu par sav\u0101m valodu prasm\u0113m.<\/p>\n\n\n\n<h3 class=\"wp-block-heading\" id=\"h-5-word-order\">5. V\u0101rdu sec\u012bba:<\/h3>\n\n\n\n<p>Slov\u0113\u0146u valoda parasti seko subjekta-verba-objekta (SVO) v\u0101rdu sec\u012bbai, kas b\u016btu j\u0101zina angliski run\u0101jo\u0161ajiem. Tom\u0113r valodai ir zin\u0101ma elast\u012bbas pak\u0101pe, kas \u013cauj uzsv\u0113rt konkr\u0113tas teikuma da\u013cas, p\u0101rsl\u0113dzot v\u0101rdu sec\u012bbu. Lai izvair\u012btos no p\u0101rpratumiem un nodotu paredz\u0113to j\u0113gu, ir svar\u012bgi pareizi izmantot gad\u012bjumus.<\/p>\n\n\n\n<h3 class=\"wp-block-heading\" id=\"h-6-pronouns-and-prepositions\">6. Vietniekv\u0101rdi un priev\u0101rdi:<\/h3>\n\n\n\n<p>Slov\u0113\u0146u vietniekv\u0101rdus, t\u0101pat k\u0101 citus valodas elementus, ietekm\u0113 dzimums, skaits un gad\u012bjums. Tie ir da\u017e\u0101d\u0101s form\u0101s, piem\u0113ram, person\u012bgie, piedero\u0161ie, demonstrat\u012bvie un refleks\u012bvie. Iepaz\u012b\u0161an\u0101s ar slov\u0113\u0146u priev\u0101rdiem ar\u012b pal\u012bdz\u0113s savienot v\u0101rdus un fr\u0101zes, lai izveidotu sare\u017e\u0123\u012bt\u0101kus teikumus.<\/p>\n\n\n\n<p>Tagad jums ir pamatzin\u0101\u0161anas par slov\u0113\u0146u valodas gramatiku! Paturiet pr\u0101t\u0101, ka, lai m\u0101c\u012btos jebkur\u0101 valod\u0101, ir nepiecie\u0161ama cent\u012bba un prakse. Pie\u0146emiet izaicin\u0101jumus un nekautr\u0113jieties m\u0101c\u012bties no sav\u0101m k\u013c\u016bd\u0101m. Atcerieties, ka jaunas valodas apguve ir aizraujo\u0161s ce\u013cojums, kas piepild\u012bts ar neaizmirstamu pieredzi un atalgojo\u0161iem atkl\u0101jumiem. Sre\u010dno!<\/p>\n<\/div><\/div>\n\r\n<section class=\"learnNavigationSection\">\r\n            \r\n        <a href=\"https:\/\/talkpal.ai\/lv\/apgustiet-slovenu-valodu\/\">\r\n            <div class=\"learnNavigationWrapper\">\r\n                <div class=\"learnNavigationContent\">\r\n                    <img decoding=\"async\" src=\"https:\/\/talkpal.ai\/wp-content\/uploads\/2024\/08\/Slovenian.jpg\" alt=\"Slovenian Flag\">\r\n                    <div>\r\n                        <h4>Par slov\u0113\u0146u valodas apguvi<\/h4>\r\n                        <p>Uzziniet visu par slov\u0113\u0146u valodas gramatiku.<\/p>\r\n                    <\/div>\r\n                <\/div>\r\n            <\/div>\r\n        <\/a>\r\n\r\n        \r\n        <a href=\"https:\/\/talkpal.ai\/lv\/slovenu-valodas-gramatikas-vingrinajumi\/\">\r\n            <div class=\"learnNavigationWrapper\">\r\n                <div class=\"learnNavigationContent\">\r\n                    <img decoding=\"async\" src=\"https:\/\/talkpal.ai\/wp-content\/uploads\/2024\/08\/Slovenian.jpg\" alt=\"Slovenian Flag\">\r\n                    <div>\r\n                        <h4>Slov\u0113\u0146u valodas gramatikas vingrin\u0101jums<\/h4>\r\n                        <p>Praktiz\u0113jiet slov\u0113\u0146u gramatiku.<\/p>\r\n                    <\/div>\r\n                <\/div>\r\n            <\/div>\r\n        <\/a>\r\n\r\n        \r\n        <a href=\"https:\/\/talkpal.ai\/vocabulary_language\/slovenian\/\">\r\n            <div class=\"learnNavigationWrapper\">\r\n                <div class=\"learnNavigationContent\">\r\n                    <img decoding=\"async\" src=\"https:\/\/talkpal.ai\/wp-content\/uploads\/2024\/08\/Slovenian.jpg\" alt=\"Slovenian Flag\">\r\n                    <div>\r\n                        <h4>Slov\u0113\u0146u valodas v\u0101rdn\u012bca<\/h4>\r\n                        <p>Papla\u0161iniet savu v\u0101rdu kr\u0101jumu slov\u0113\u0146u valod\u0101.<\/p>\r\n                    <\/div>\r\n                <\/div>\r\n            <\/div>\r\n        <\/a>\r\n\r\n            <\/section>","protected":false},"excerpt":{"rendered":"<p>Slov\u0113\u0146u valodas gramatika: \u012bss ievads valodu m\u012b\u013cot\u0101jiem Vai esat gatavs ienirt burv\u012bgaj\u0101 slov\u0113\u0146u pasaul\u0113, satrieco\u0161\u0101 sl\u0101vu valod\u0101? J\u016bs gaida baud\u012bjums! \u0160is \u012bsais ce\u013cvedis sniegs jums ieskatu slov\u0113\u0146u valodas gramatik\u0101, kas ir b\u016btiska, lai saprastu un apg\u016btu \u0161o valdzino\u0161o valodu. T\u0101p\u0113c dosimies \u0161aj\u0101 lingvistiskaj\u0101 piedz\u012bvojum\u0101 un soli pa solim izp\u0113t\u012bsim slov\u0113\u0146u valodas gramatikas nianses. Slov\u0113\u0146u valod\u0101, [&hellip;]<\/p>\n","protected":false},"author":1,"featured_media":119701,"parent":0,"menu_order":0,"comment_status":"closed","ping_status":"closed","template":"LearningContentPage.php","meta":{"_acf_changed":false,"footnotes":""},"class_list":["post-150888","page","type-page","status-publish","has-post-thumbnail","hentry"],"acf":[],"yoast_head":"<!-- This site is optimized with the Yoast SEO Premium plugin v27.2 (Yoast SEO v27.2) - https:\/\/yoast.com\/product\/yoast-seo-premium-wordpress\/ -->\n<title>Slov\u0113\u0146u valodas gramatika - Talkpal<\/title>\n<meta name=\"description\" content=\"Izp\u0113tiet slov\u0113\u0146u valodas gramatikas nianses, lai uzlabotu valodas prasmes un izpratni. Apg\u016bstiet gramatikas m\u0101kslu jau \u0161odien.\" \/>\n<meta name=\"robots\" content=\"index, follow, max-snippet:-1, max-image-preview:large, max-video-preview:-1\" \/>\n<link rel=\"canonical\" href=\"https:\/\/talkpal.ai\/lv\/slovenu-valodas-gramatika\/\" \/>\n<meta property=\"og:locale\" content=\"lv_LV\" \/>\n<meta property=\"og:type\" content=\"article\" \/>\n<meta property=\"og:title\" content=\"Slov\u0113\u0146u valodas gramatika\" \/>\n<meta property=\"og:description\" content=\"Slov\u0113\u0146u valodas gramatika: \u012bss ievads valodu m\u012b\u013cot\u0101jiem Vai esat gatavs ienirt burv\u012bgaj\u0101 slov\u0113\u0146u pasaul\u0113, satrieco\u0161\u0101 sl\u0101vu valod\u0101? J\u016bs gaida baud\u012bjums!\" \/>\n<meta property=\"og:url\" content=\"https:\/\/talkpal.ai\/lv\/slovenu-valodas-gramatika\/\" \/>\n<meta property=\"og:site_name\" content=\"Talkpal\" \/>\n<meta property=\"article:publisher\" content=\"https:\/\/www.facebook.com\/profile.php?id=100090733639311\" \/>\n<meta property=\"article:modified_time\" content=\"2025-12-12T11:07:13+00:00\" \/>\n<meta property=\"og:image\" content=\"https:\/\/talkpal.ai\/wp-content\/uploads\/2023\/05\/slovenia.png\" \/>\n\t<meta property=\"og:image:width\" content=\"512\" \/>\n\t<meta property=\"og:image:height\" content=\"512\" \/>\n\t<meta property=\"og:image:type\" content=\"image\/png\" \/>\n<meta name=\"twitter:card\" content=\"summary_large_image\" \/>\n<meta name=\"twitter:site\" content=\"@talkpalai\" \/>\n<meta name=\"twitter:label1\" content=\"Est. reading time\" \/>\n\t<meta name=\"twitter:data1\" content=\"3 minutes\" \/>\n<script type=\"application\/ld+json\" class=\"yoast-schema-graph\">{\"@context\":\"https:\/\/schema.org\",\"@graph\":[{\"@type\":\"WebPage\",\"@id\":\"https:\/\/talkpal.ai\/lv\/slovenu-valodas-gramatika\/\",\"url\":\"https:\/\/talkpal.ai\/lv\/slovenu-valodas-gramatika\/\",\"name\":\"Slov\u0113\u0146u valodas gramatika - Talkpal\",\"isPartOf\":{\"@id\":\"https:\/\/talkpal.ai\/lv\/#website\"},\"primaryImageOfPage\":{\"@id\":\"https:\/\/talkpal.ai\/lv\/slovenu-valodas-gramatika\/#primaryimage\"},\"image\":{\"@id\":\"https:\/\/talkpal.ai\/lv\/slovenu-valodas-gramatika\/#primaryimage\"},\"thumbnailUrl\":\"https:\/\/talkpal.ai\/wp-content\/uploads\/2023\/05\/slovenia.png\",\"datePublished\":\"2023-05-14T14:20:10+00:00\",\"dateModified\":\"2025-12-12T11:07:13+00:00\",\"description\":\"Izp\u0113tiet slov\u0113\u0146u valodas gramatikas nianses, lai uzlabotu valodas prasmes un izpratni. Apg\u016bstiet gramatikas m\u0101kslu jau \u0161odien.\",\"breadcrumb\":{\"@id\":\"https:\/\/talkpal.ai\/lv\/slovenu-valodas-gramatika\/#breadcrumb\"},\"inLanguage\":\"lv-LV\",\"potentialAction\":[{\"@type\":\"ReadAction\",\"target\":[\"https:\/\/talkpal.ai\/lv\/slovenu-valodas-gramatika\/\"]}]},{\"@type\":\"ImageObject\",\"inLanguage\":\"lv-LV\",\"@id\":\"https:\/\/talkpal.ai\/lv\/slovenu-valodas-gramatika\/#primaryimage\",\"url\":\"https:\/\/talkpal.ai\/wp-content\/uploads\/2023\/05\/slovenia.png\",\"contentUrl\":\"https:\/\/talkpal.ai\/wp-content\/uploads\/2023\/05\/slovenia.png\",\"width\":512,\"height\":512},{\"@type\":\"BreadcrumbList\",\"@id\":\"https:\/\/talkpal.ai\/lv\/slovenu-valodas-gramatika\/#breadcrumb\",\"itemListElement\":[{\"@type\":\"ListItem\",\"position\":1,\"name\":\"Homepage\",\"item\":\"https:\/\/talkpal.ai\/lv\/\"},{\"@type\":\"ListItem\",\"position\":2,\"name\":\"Slov\u0113\u0146u valodas gramatika\"}]},{\"@type\":\"WebSite\",\"@id\":\"https:\/\/talkpal.ai\/lv\/#website\",\"url\":\"https:\/\/talkpal.ai\/lv\/\",\"name\":\"Talkpal\",\"description\":\"AI Language Learning\",\"publisher\":{\"@id\":\"https:\/\/talkpal.ai\/lv\/#organization\"},\"alternateName\":\"Talkpal AI\",\"potentialAction\":[{\"@type\":\"SearchAction\",\"target\":{\"@type\":\"EntryPoint\",\"urlTemplate\":\"https:\/\/talkpal.ai\/lv\/?s={search_term_string}\"},\"query-input\":{\"@type\":\"PropertyValueSpecification\",\"valueRequired\":true,\"valueName\":\"search_term_string\"}}],\"inLanguage\":\"lv-LV\"},{\"@type\":\"Organization\",\"@id\":\"https:\/\/talkpal.ai\/lv\/#organization\",\"name\":\"Talkpal, Inc.\",\"alternateName\":\"Talkpal AI\",\"url\":\"https:\/\/talkpal.ai\/lv\/\",\"logo\":{\"@type\":\"ImageObject\",\"inLanguage\":\"lv-LV\",\"@id\":\"https:\/\/talkpal.ai\/lv\/#\/schema\/logo\/image\/\",\"url\":\"https:\/\/talkpal.ai\/wp-content\/uploads\/2024\/03\/Talkpal-Logo-Icon.png\",\"contentUrl\":\"https:\/\/talkpal.ai\/wp-content\/uploads\/2024\/03\/Talkpal-Logo-Icon.png\",\"width\":2880,\"height\":2880,\"caption\":\"Talkpal, Inc.\"},\"image\":{\"@id\":\"https:\/\/talkpal.ai\/lv\/#\/schema\/logo\/image\/\"},\"sameAs\":[\"https:\/\/www.facebook.com\/profile.php?id=100090733639311\",\"https:\/\/x.com\/talkpalai\",\"https:\/\/www.linkedin.com\/company\/talkpal\/\",\"https:\/\/www.youtube.com\/@TalkPal\/\",\"https:\/\/www.tiktok.com\/@talkpal\",\"https:\/\/www.instagram.com\/talkpal_ai\/\",\"https:\/\/www.crunchbase.com\/organization\/talkpal-9cde\",\"https:\/\/www.g2.com\/products\/talkpal-for-business\/\",\"https:\/\/www.trustpilot.com\/review\/talkpal.ai\",\"https:\/\/www.capterra.com\/p\/10006800\/TalkPal\/\"],\"description\":\"Talkpal is a language learning web and mobile education app, powered by the latest AI technologies, that provides engaging experiences to its customers in many different languages to help them improve their language skills. Users can chat about unlimited amount of topics with the app and use other modes to practice their language learning.\",\"email\":\"support@talkpal.ai\",\"legalName\":\"Talkpal, Inc.\",\"foundingDate\":\"2023-04-03\",\"duns\":\"118989042\",\"numberOfEmployees\":{\"@type\":\"QuantitativeValue\",\"minValue\":\"11\",\"maxValue\":\"50\"},\"publishingPrinciples\":\"https:\/\/talkpal.ai\/publishing-principles\/\",\"actionableFeedbackPolicy\":\"https:\/\/talkpal.ai\/actionable-feedback-policy\/\",\"correctionsPolicy\":\"https:\/\/talkpal.ai\/corrections-policy\/\",\"ethicsPolicy\":\"https:\/\/talkpal.ai\/ethics-policy\/\",\"diversityPolicy\":\"https:\/\/talkpal.ai\/diversity-policy\/\",\"diversityStaffingReport\":\"https:\/\/talkpal.ai\/diversity-policy\/\"}]}<\/script>\n<!-- \/ Yoast SEO Premium plugin. -->","yoast_head_json":{"title":"Slov\u0113\u0146u valodas gramatika - Talkpal","description":"Izp\u0113tiet slov\u0113\u0146u valodas gramatikas nianses, lai uzlabotu valodas prasmes un izpratni. Apg\u016bstiet gramatikas m\u0101kslu jau \u0161odien.","robots":{"index":"index","follow":"follow","max-snippet":"max-snippet:-1","max-image-preview":"max-image-preview:large","max-video-preview":"max-video-preview:-1"},"canonical":"https:\/\/talkpal.ai\/lv\/slovenu-valodas-gramatika\/","og_locale":"lv_LV","og_type":"article","og_title":"Slov\u0113\u0146u valodas gramatika","og_description":"Slov\u0113\u0146u valodas gramatika: \u012bss ievads valodu m\u012b\u013cot\u0101jiem Vai esat gatavs ienirt burv\u012bgaj\u0101 slov\u0113\u0146u pasaul\u0113, satrieco\u0161\u0101 sl\u0101vu valod\u0101? J\u016bs gaida baud\u012bjums!","og_url":"https:\/\/talkpal.ai\/lv\/slovenu-valodas-gramatika\/","og_site_name":"Talkpal","article_publisher":"https:\/\/www.facebook.com\/profile.php?id=100090733639311","article_modified_time":"2025-12-12T11:07:13+00:00","og_image":[{"width":512,"height":512,"url":"https:\/\/talkpal.ai\/wp-content\/uploads\/2023\/05\/slovenia.png","type":"image\/png"}],"twitter_card":"summary_large_image","twitter_site":"@talkpalai","twitter_misc":{"Est. reading time":"3 minutes"},"schema":{"@context":"https:\/\/schema.org","@graph":[{"@type":"WebPage","@id":"https:\/\/talkpal.ai\/lv\/slovenu-valodas-gramatika\/","url":"https:\/\/talkpal.ai\/lv\/slovenu-valodas-gramatika\/","name":"Slov\u0113\u0146u valodas gramatika - Talkpal","isPartOf":{"@id":"https:\/\/talkpal.ai\/lv\/#website"},"primaryImageOfPage":{"@id":"https:\/\/talkpal.ai\/lv\/slovenu-valodas-gramatika\/#primaryimage"},"image":{"@id":"https:\/\/talkpal.ai\/lv\/slovenu-valodas-gramatika\/#primaryimage"},"thumbnailUrl":"https:\/\/talkpal.ai\/wp-content\/uploads\/2023\/05\/slovenia.png","datePublished":"2023-05-14T14:20:10+00:00","dateModified":"2025-12-12T11:07:13+00:00","description":"Izp\u0113tiet slov\u0113\u0146u valodas gramatikas nianses, lai uzlabotu valodas prasmes un izpratni. Apg\u016bstiet gramatikas m\u0101kslu jau \u0161odien.","breadcrumb":{"@id":"https:\/\/talkpal.ai\/lv\/slovenu-valodas-gramatika\/#breadcrumb"},"inLanguage":"lv-LV","potentialAction":[{"@type":"ReadAction","target":["https:\/\/talkpal.ai\/lv\/slovenu-valodas-gramatika\/"]}]},{"@type":"ImageObject","inLanguage":"lv-LV","@id":"https:\/\/talkpal.ai\/lv\/slovenu-valodas-gramatika\/#primaryimage","url":"https:\/\/talkpal.ai\/wp-content\/uploads\/2023\/05\/slovenia.png","contentUrl":"https:\/\/talkpal.ai\/wp-content\/uploads\/2023\/05\/slovenia.png","width":512,"height":512},{"@type":"BreadcrumbList","@id":"https:\/\/talkpal.ai\/lv\/slovenu-valodas-gramatika\/#breadcrumb","itemListElement":[{"@type":"ListItem","position":1,"name":"Homepage","item":"https:\/\/talkpal.ai\/lv\/"},{"@type":"ListItem","position":2,"name":"Slov\u0113\u0146u valodas gramatika"}]},{"@type":"WebSite","@id":"https:\/\/talkpal.ai\/lv\/#website","url":"https:\/\/talkpal.ai\/lv\/","name":"Talkpal","description":"AI Language Learning","publisher":{"@id":"https:\/\/talkpal.ai\/lv\/#organization"},"alternateName":"Talkpal AI","potentialAction":[{"@type":"SearchAction","target":{"@type":"EntryPoint","urlTemplate":"https:\/\/talkpal.ai\/lv\/?s={search_term_string}"},"query-input":{"@type":"PropertyValueSpecification","valueRequired":true,"valueName":"search_term_string"}}],"inLanguage":"lv-LV"},{"@type":"Organization","@id":"https:\/\/talkpal.ai\/lv\/#organization","name":"Talkpal, Inc.","alternateName":"Talkpal AI","url":"https:\/\/talkpal.ai\/lv\/","logo":{"@type":"ImageObject","inLanguage":"lv-LV","@id":"https:\/\/talkpal.ai\/lv\/#\/schema\/logo\/image\/","url":"https:\/\/talkpal.ai\/wp-content\/uploads\/2024\/03\/Talkpal-Logo-Icon.png","contentUrl":"https:\/\/talkpal.ai\/wp-content\/uploads\/2024\/03\/Talkpal-Logo-Icon.png","width":2880,"height":2880,"caption":"Talkpal, Inc."},"image":{"@id":"https:\/\/talkpal.ai\/lv\/#\/schema\/logo\/image\/"},"sameAs":["https:\/\/www.facebook.com\/profile.php?id=100090733639311","https:\/\/x.com\/talkpalai","https:\/\/www.linkedin.com\/company\/talkpal\/","https:\/\/www.youtube.com\/@TalkPal\/","https:\/\/www.tiktok.com\/@talkpal","https:\/\/www.instagram.com\/talkpal_ai\/","https:\/\/www.crunchbase.com\/organization\/talkpal-9cde","https:\/\/www.g2.com\/products\/talkpal-for-business\/","https:\/\/www.trustpilot.com\/review\/talkpal.ai","https:\/\/www.capterra.com\/p\/10006800\/TalkPal\/"],"description":"Talkpal is a language learning web and mobile education app, powered by the latest AI technologies, that provides engaging experiences to its customers in many different languages to help them improve their language skills. Users can chat about unlimited amount of topics with the app and use other modes to practice their language learning.","email":"support@talkpal.ai","legalName":"Talkpal, Inc.","foundingDate":"2023-04-03","duns":"118989042","numberOfEmployees":{"@type":"QuantitativeValue","minValue":"11","maxValue":"50"},"publishingPrinciples":"https:\/\/talkpal.ai\/publishing-principles\/","actionableFeedbackPolicy":"https:\/\/talkpal.ai\/actionable-feedback-policy\/","correctionsPolicy":"https:\/\/talkpal.ai\/corrections-policy\/","ethicsPolicy":"https:\/\/talkpal.ai\/ethics-policy\/","diversityPolicy":"https:\/\/talkpal.ai\/diversity-policy\/","diversityStaffingReport":"https:\/\/talkpal.ai\/diversity-policy\/"}]}},"_links":{"self":[{"href":"https:\/\/talkpal.ai\/lv\/wp-json\/wp\/v2\/pages\/150888","targetHints":{"allow":["GET"]}}],"collection":[{"href":"https:\/\/talkpal.ai\/lv\/wp-json\/wp\/v2\/pages"}],"about":[{"href":"https:\/\/talkpal.ai\/lv\/wp-json\/wp\/v2\/types\/page"}],"author":[{"embeddable":true,"href":"https:\/\/talkpal.ai\/lv\/wp-json\/wp\/v2\/users\/1"}],"replies":[{"embeddable":true,"href":"https:\/\/talkpal.ai\/lv\/wp-json\/wp\/v2\/comments?post=150888"}],"version-history":[{"count":0,"href":"https:\/\/talkpal.ai\/lv\/wp-json\/wp\/v2\/pages\/150888\/revisions"}],"wp:featuredmedia":[{"embeddable":true,"href":"https:\/\/talkpal.ai\/lv\/wp-json\/wp\/v2\/media\/119701"}],"wp:attachment":[{"href":"https:\/\/talkpal.ai\/lv\/wp-json\/wp\/v2\/media?parent=150888"}],"curies":[{"name":"wp","href":"https:\/\/api.w.org\/{rel}","templated":true}]}}