{"id":150267,"date":"2023-05-14T14:19:49","date_gmt":"2023-05-14T14:19:49","guid":{"rendered":"http:\/\/talkpal.ai\/slovaku-valodas-gramatika\/"},"modified":"2025-12-12T11:10:55","modified_gmt":"2025-12-12T11:10:55","slug":"slovaku-valodas-gramatika","status":"publish","type":"page","link":"https:\/\/talkpal.ai\/lv\/slovaku-valodas-gramatika\/","title":{"rendered":"Slov\u0101ku valodas gramatika"},"content":{"rendered":"\r\n\r\n\r\n<section class=\"languageChallengeSection\">\r\n    <div class=\"languageInfoWrapper\">\r\n        \r\n        <h1>Slov\u0101ku valodas gramatika<\/h1>\r\n        <p>Atkl\u0101jiet <a href=\"https:\/\/talkpal.ai\/learn-slovak\/\">slov\u0101ku<\/a> <a href=\"https:\/\/talkpal.ai\/what-language-is-spoken-on-the-international-space-station\/\">valodas<\/a> skaistumu, apg\u016bstot t\u0101s gramatikas pamatnoteikumus. Slov\u0101ku valodas gramatikas izpratne pal\u012bdz\u0113s jums dro\u0161i sazin\u0101ties un dzi\u013c\u0101k iepaz\u012bt Slov\u0101kijas bag\u0101t\u012bg\u0101s trad\u012bcijas. S\u0101ciet savu ce\u013cojumu jau \u0161odien un speriet pirmo soli slov\u0101ku valodas apguves virzien\u0101!\n\n<\/p>\r\n\r\n                            <a class=\"getStartedHidden\" href=\"https:\/\/app.talkpal.ai\/lv\/signup?lng=\">S\u0101c<\/a>\r\n        \r\n    <\/div>\r\n\r\n    <figure>\r\n    <img decoding=\"async\" width=\"768\" height=\"768\" src=\"https:\/\/talkpal.ai\/wp-content\/uploads\/2023\/06\/slovak-768x768.png\" class=\"languageImage no-lazy\" alt=\"Language learning for cross-cultural competence\" fetchpriority=\"high\" sizes=\"(max-width: 768px) 150px, 768px\" srcset=\"https:\/\/talkpal.ai\/wp-content\/uploads\/2023\/06\/slovak-768x768.png 768w, https:\/\/talkpal.ai\/wp-content\/uploads\/2023\/06\/slovak-300x300.png 300w\" \/>\r\n    \r\n\r\n    <\/figure>\r\n\r\n            <a class=\"getStartedVisible\" href=\"https:\/\/app.talkpal.ai\/lv\/signup?lng=\">S\u0101c<\/a>\r\n    \r\n<\/section>\r\n<section class=\"promotionalBanner\">\r\n    <p class=\"promotionalText\">Visefekt\u012bv\u0101kais veids, k\u0101 apg\u016bt valodu<\/p>\r\n    <a class=\"promotionalLink\" href=\"https:\/\/app.talkpal.ai\/lv\/signup?lng=\">Izm\u0113\u0123iniet Talkpal bez maksas<\/a>\r\n<\/section>\n<div class=\"wp-block-group pageContainerStyle\"><div class=\"wp-block-group__inner-container is-layout-constrained wp-block-group-is-layout-constrained\">\n<h2 class=\"wp-block-heading\" id=\"h-slovak-grammar-the-key-to-unlocking-a-beautiful-language\">Slov\u0101ku gramatika: skaistas valodas atblo\u0137\u0113\u0161anas atsl\u0113ga<\/h2>\n\n\n\n<p>Vai pl\u0101nojat <a href=\"https:\/\/talkpal.ai\/learn-slovak\/\">m\u0101c\u012bties slov\u0101ku valodu<\/a> vai vienk\u0101r\u0161i interes\u0113jaties par t\u0101s unik\u0101lo gramatiku? J\u016bs atrodaties \u012bstaj\u0101 viet\u0101! No pirm\u0101 acu uzmetiena slov\u0101ku valodas <a href=\"https:\/\/talkpal.ai\/sq\/gramatika\/\">gramatika<\/a> var \u0161\u0137ist bied\u0113jo\u0161a, ta\u010du neuztraucieties &#8211; paties\u012bb\u0101 t\u0101 ir diezgan lo\u0123iska un saprotama. \u0160aj\u0101 rakst\u0101 m\u0113s izp\u0113t\u012bsim slov\u0101ku valodas gramatikas nianses, lai pal\u012bdz\u0113tu jums lab\u0101k izprast un nov\u0113rt\u0113t t\u0101s skaistumu.<\/p>\n\n\n\n<p>Vispirms s\u0101ksim ar nelielu priek\u0161v\u0113sturi. Slov\u0101ku valoda ir rietumsl\u0101vu valoda, kur\u0101 run\u0101 galvenok\u0101rt Slov\u0101kij\u0101, ta\u010du run\u0101t\u0101jus var atrast ar\u012b apk\u0101rt\u0113j\u0101s valst\u012bs. K\u0101 sl\u0101vu valodai <a href=\"https:\/\/talkpal.ai\/learn-thai\/\">tai<\/a> ir daudz l\u012bdz\u012bbu ar cit\u0101m re\u0123iona valod\u0101m, piem\u0113ram, <a href=\"https:\/\/talkpal.ai\/learn-czech\/\">\u010dehu<\/a> un <a href=\"https:\/\/talkpal.ai\/learn-polish\/\">po\u013cu<\/a>. Tom\u0113r tam ir savi at\u0161\u0137ir\u012bgi gramatikas noteikumi un lieto\u0161anas mode\u013ci, kas to at\u0161\u0137ir.<\/p>\n\n\n\n<p>Tagad piev\u0113rs\u012bsimies da\u017eiem svar\u012bg\u0101kajiem slov\u0101ku valodas gramatikas aspektiem.<\/p>\n\n\n\n<h3 class=\"wp-block-heading\" id=\"h-1-nouns-and-their-cases\">1. Lietv\u0101rdi un to gad\u012bjumi<\/h3>\n\n\n\n<p>Viena no visspilgt\u0101kaj\u0101m slov\u0101ku gramatikas iez\u012bm\u0113m ir t\u0101s sare\u017e\u0123\u012bt\u0101 lietu sist\u0113ma. Ja esat paz\u012bstams ar <a href=\"https:\/\/talkpal.ai\/learn-german\/\">v\u0101cu<\/a> vai krievu valodu, j\u016bs saprat\u012bsiet, par ko m\u0113s run\u0101jam: Slov\u0101ku valodas lietv\u0101rdi maina formu atkar\u012bb\u0101 no to funkcijas teikum\u0101. Septi\u0146i p\u0101ri (nominat\u012bvs, \u0123enit\u012bvs, dat\u012bvs, akuzat\u012bvs, lokat\u012bvs, instrument\u0101lis un vokat\u012bvs) s\u0101kum\u0101 var \u0161\u0137ist nep\u0101rvarami, bet nepadodieties! Kad esat to apguvis, tas ir neticami lo\u0123iski un pat jautri.<\/p>\n\n\n\n<p>Piem\u0113ram, lietv\u0101rds &#8220;chlapec&#8221; (z\u0113ns). Tas var main\u012bties uz &#8220;chlapca&#8221;, &#8220;chlapcovi&#8221;, &#8220;chlapcom&#8221;, &#8220;chlapcom&#8221; utt. atkar\u012bb\u0101 no t\u0101, vai tas ir darb\u012bbas subjekts, objekts vai sa\u0146\u0113m\u0113js. Galotnes ir atkar\u012bgas ar\u012b no lietv\u0101rda dzimtes (v\u012brie\u0161u, sievie\u0161u vai vid\u0113j\u0101 dzimt\u0101), kas pie\u0161\u0137ir valodai v\u0113l liel\u0101ku daudzveid\u012bbu.<\/p>\n\n\n\n<h3 class=\"wp-block-heading\" id=\"h-2-verb-conjugation-and-tenses\">2. Darb\u012bbas v\u0101rdu konjug\u0101cija un sasprindzin\u0101jums<\/h3>\n\n\n\n<p>Slov\u0101ku darb\u012bbas v\u0101rdi maina galotnes, pamatojoties uz subjekta personu un skaitu (vienskaitli vai daudzskaitli). Piem\u0113ram, darb\u012bbas v\u0101rds &#8220;redz\u0113t&#8221; (redz\u0113t) var k\u013c\u016bt par &#8220;vid\u00edm&#8221; (es redzu), &#8220;vid\u00ed\u0161&#8221; (tu redzi), &#8220;vidia&#8221; (vi\u0146i redz) un citiem.<\/p>\n\n\n\n<p>Slov\u0101ku valodai ir tr\u012bs galvenie sasprindzin\u0101jumi: pag\u0101tne, tagadne un n\u0101kotne. Interesanti ir tas, ka at\u0161\u0137ir\u012bb\u0101 no ang\u013cu valodas slov\u0101ku valoda parasti neizmanto pal\u012bgv\u0101rdus, lai veidotu \u0161os laikus. T\u0101 viet\u0101 tie veidojas, mainot darb\u012bbas v\u0101rdu galotnes. Piem\u0113ram, &#8220;es redzu&#8221; ir &#8220;vid\u00edm&#8221;, &#8220;es redz\u0113ju&#8221; ir &#8220;videl som&#8221; un &#8220;es redz\u0113\u0161u&#8221; ir &#8220;uvid\u00edm&#8221;.<\/p>\n\n\n\n<h3 class=\"wp-block-heading\" id=\"h-3-sentence-structure-and-word-order\">3. Teikuma strukt\u016bra un v\u0101rdu sec\u012bba<\/h3>\n\n\n\n<p>Slov\u0101ku valod\u0101 ir sal\u012bdzino\u0161i elast\u012bga v\u0101rdu sec\u012bba, pateicoties t\u0101s lietv\u0101rdu gad\u012bjumam un darb\u012bbas v\u0101rdu konjug\u0101cijas sist\u0113mai. Tas noz\u012bm\u0113, ka at\u0161\u0137ir\u012bb\u0101 no ang\u013cu valodas j\u016bs varat izvietot v\u0101rdus da\u017e\u0101d\u0101s teikuma viet\u0101s, nemainot teikuma noz\u012bmi, piem\u0113ram, &#8220;chlapec vid\u00ed psa&#8221; (z\u0113ns redz suni) var b\u016bt ar\u012b &#8220;psa vid\u00ed chlapec&#8221;, un t\u0101 noz\u012bme joproj\u0101m b\u016bs t\u0101da pati.<\/p>\n\n\n\n<p>Tas noz\u012bm\u0113, ka visizplat\u012bt\u0101k\u0101 v\u0101rdu sec\u012bba slov\u0101ku valod\u0101 ir subjekts-verbs-objekts vai SVO. Tas ir l\u012bdz\u012bgi k\u0101 ang\u013cu valod\u0101, un tas ir lielisks s\u0101kumpunkts skol\u0113niem. K\u013c\u016bstot \u0113rt\u0101kam ar valodu, varat eksperiment\u0113t ar da\u017e\u0101d\u0101m v\u0101rdu sec\u012bb\u0101m, lai teikumiem pievienotu uzsvaru vai niansi.<\/p>\n\n\n\n<h3 class=\"wp-block-heading\" id=\"h-4-adjectives-and-adverbs\">4. \u012apa\u0161\u012bbas v\u0101rdi un adverbi<\/h3>\n\n\n\n<p>T\u0101pat k\u0101 daudz\u0101s cit\u0101s valod\u0101s, lietv\u0101rdu un darb\u012bbas v\u0101rdu apz\u012bm\u0113\u0161anai tiek izmantoti \u012bpa\u0161\u012bbas v\u0101rdi un adverbi slov\u0101ku valod\u0101. Tom\u0113r vi\u0146iem ir ar\u012b savi lietu nol\u012bgumi un dzimumu l\u012bdzties\u012bbas noteikumi, kas var padar\u012bt lietas nedaudz sare\u017e\u0123\u012bt\u0101kas. Par laimi, kad esat apguvis lietv\u0101rdu gad\u012bjumus un darb\u012bbas v\u0101rdu konjug\u0101cijas, \u0161ie noteikumi n\u0101ks dabisk\u0101k.<\/p>\n\n\n\n<p>T\u0101tad, vai esat gatavs piev\u0113rsties slov\u0101ku valodas gramatikai? Ar pareizu dom\u0101\u0161anu un resursiem slov\u0101ku valodas apguve ir atalgojo\u0161a pieredze, kas var atv\u0113rt durvis uz bag\u0101tu kult\u016bru un skaistu valsti. Veiciet to soli pa solim, regul\u0101ri tren\u0113jieties un nebaidieties k\u013c\u016bd\u012bties &#8211; galu gal\u0101, t\u0101 m\u0113s visi m\u0101c\u0101mies. Ve\u013ea \u0161\u0165astia! (Veiksmi!)<\/p>\n<\/div><\/div>\n\r\n<section class=\"learnNavigationSection\">\r\n            \r\n        <a href=\"https:\/\/talkpal.ai\/lv\/uzziniet-slovaku-valodu\/\">\r\n            <div class=\"learnNavigationWrapper\">\r\n                <div class=\"learnNavigationContent\">\r\n                    <img decoding=\"async\" src=\"https:\/\/talkpal.ai\/wp-content\/uploads\/2024\/08\/Slovak.jpg\" alt=\"Slovak Flag\">\r\n                    <div>\r\n                        <h4>Par slov\u0101ku valodas apguvi<\/h4>\r\n                        <p>Uzziniet visu par slov\u0101ku valodas gramatiku.<\/p>\r\n                    <\/div>\r\n                <\/div>\r\n            <\/div>\r\n        <\/a>\r\n\r\n        \r\n        <a href=\"https:\/\/talkpal.ai\/lv\/slovaku-valodas-gramatikas-vingrinajumi\/\">\r\n            <div class=\"learnNavigationWrapper\">\r\n                <div class=\"learnNavigationContent\">\r\n                    <img decoding=\"async\" src=\"https:\/\/talkpal.ai\/wp-content\/uploads\/2024\/08\/Slovak.jpg\" alt=\"Slovak Flag\">\r\n                    <div>\r\n                        <h4>Slov\u0101ku valodas gramatikas vingrin\u0101jums<\/h4>\r\n                        <p>Praktiz\u0113jiet slov\u0101ku gramatiku.<\/p>\r\n                    <\/div>\r\n                <\/div>\r\n            <\/div>\r\n        <\/a>\r\n\r\n        \r\n        <a href=\"https:\/\/talkpal.ai\/vocabulary_language\/slovak\/\">\r\n            <div class=\"learnNavigationWrapper\">\r\n                <div class=\"learnNavigationContent\">\r\n                    <img decoding=\"async\" src=\"https:\/\/talkpal.ai\/wp-content\/uploads\/2024\/08\/Slovak.jpg\" alt=\"Slovak Flag\">\r\n                    <div>\r\n                        <h4>Slov\u0101ku valodas v\u0101rdn\u012bca<\/h4>\r\n                        <p>Papla\u0161iniet savu slov\u0101ku valodas v\u0101rdu kr\u0101jumu.<\/p>\r\n                    <\/div>\r\n                <\/div>\r\n            <\/div>\r\n        <\/a>\r\n\r\n            <\/section>","protected":false},"excerpt":{"rendered":"<p>Slov\u0101ku gramatika: skaistas valodas atblo\u0137\u0113\u0161anas atsl\u0113ga Vai pl\u0101nojat m\u0101c\u012bties slov\u0101ku valodu vai vienk\u0101r\u0161i interes\u0113jaties par t\u0101s unik\u0101lo gramatiku? J\u016bs atrodaties \u012bstaj\u0101 viet\u0101! No pirm\u0101 acu uzmetiena slov\u0101ku valodas gramatika var \u0161\u0137ist bied\u0113jo\u0161a, ta\u010du neuztraucieties &#8211; paties\u012bb\u0101 t\u0101 ir diezgan lo\u0123iska un saprotama. \u0160aj\u0101 rakst\u0101 m\u0113s izp\u0113t\u012bsim slov\u0101ku valodas gramatikas nianses, lai pal\u012bdz\u0113tu jums lab\u0101k izprast [&hellip;]<\/p>\n","protected":false},"author":1,"featured_media":118760,"parent":0,"menu_order":0,"comment_status":"closed","ping_status":"closed","template":"LearningContentPage.php","meta":{"_acf_changed":false,"footnotes":""},"class_list":["post-150267","page","type-page","status-publish","has-post-thumbnail","hentry"],"acf":[],"yoast_head":"<!-- This site is optimized with the Yoast SEO Premium plugin v27.2 (Yoast SEO v27.2) - https:\/\/yoast.com\/product\/yoast-seo-premium-wordpress\/ -->\n<title>Slov\u0101ku valodas gramatika - Talkpal<\/title>\n<meta name=\"description\" content=\"Apg\u016bstiet slov\u0101ku valodas gramatiku ar skaidriem skaidrojumiem, praktiskiem piem\u0113riem un interakt\u012bviem vingrin\u0101jumiem. Uzlabojiet savas prasmes!\" \/>\n<meta name=\"robots\" content=\"index, follow, max-snippet:-1, max-image-preview:large, max-video-preview:-1\" \/>\n<link rel=\"canonical\" href=\"https:\/\/talkpal.ai\/lv\/slovaku-valodas-gramatika\/\" \/>\n<meta property=\"og:locale\" content=\"lv_LV\" \/>\n<meta property=\"og:type\" content=\"article\" \/>\n<meta property=\"og:title\" content=\"Slov\u0101ku valodas gramatika\" \/>\n<meta property=\"og:description\" content=\"Slov\u0101ku gramatika: skaistas valodas atblo\u0137\u0113\u0161anas atsl\u0113ga Vai pl\u0101nojat m\u0101c\u012bties slov\u0101ku valodu vai vienk\u0101r\u0161i interes\u0113jaties par t\u0101s unik\u0101lo gramatiku? J\u016bs\" \/>\n<meta property=\"og:url\" content=\"https:\/\/talkpal.ai\/lv\/slovaku-valodas-gramatika\/\" \/>\n<meta property=\"og:site_name\" content=\"Talkpal\" \/>\n<meta property=\"article:publisher\" content=\"https:\/\/www.facebook.com\/profile.php?id=100090733639311\" \/>\n<meta property=\"article:modified_time\" content=\"2025-12-12T11:10:55+00:00\" \/>\n<meta property=\"og:image\" content=\"https:\/\/talkpal.ai\/wp-content\/uploads\/2023\/05\/slovakia.png\" \/>\n\t<meta property=\"og:image:width\" content=\"512\" \/>\n\t<meta property=\"og:image:height\" content=\"512\" \/>\n\t<meta property=\"og:image:type\" content=\"image\/png\" \/>\n<meta name=\"twitter:card\" content=\"summary_large_image\" \/>\n<meta name=\"twitter:site\" content=\"@talkpalai\" \/>\n<meta name=\"twitter:label1\" content=\"Est. reading time\" \/>\n\t<meta name=\"twitter:data1\" content=\"4 minutes\" \/>\n<script type=\"application\/ld+json\" class=\"yoast-schema-graph\">{\"@context\":\"https:\/\/schema.org\",\"@graph\":[{\"@type\":\"WebPage\",\"@id\":\"https:\/\/talkpal.ai\/lv\/slovaku-valodas-gramatika\/\",\"url\":\"https:\/\/talkpal.ai\/lv\/slovaku-valodas-gramatika\/\",\"name\":\"Slov\u0101ku valodas gramatika - Talkpal\",\"isPartOf\":{\"@id\":\"https:\/\/talkpal.ai\/lv\/#website\"},\"primaryImageOfPage\":{\"@id\":\"https:\/\/talkpal.ai\/lv\/slovaku-valodas-gramatika\/#primaryimage\"},\"image\":{\"@id\":\"https:\/\/talkpal.ai\/lv\/slovaku-valodas-gramatika\/#primaryimage\"},\"thumbnailUrl\":\"https:\/\/talkpal.ai\/wp-content\/uploads\/2023\/05\/slovakia.png\",\"datePublished\":\"2023-05-14T14:19:49+00:00\",\"dateModified\":\"2025-12-12T11:10:55+00:00\",\"description\":\"Apg\u016bstiet slov\u0101ku valodas gramatiku ar skaidriem skaidrojumiem, praktiskiem piem\u0113riem un interakt\u012bviem vingrin\u0101jumiem. Uzlabojiet savas prasmes!\",\"breadcrumb\":{\"@id\":\"https:\/\/talkpal.ai\/lv\/slovaku-valodas-gramatika\/#breadcrumb\"},\"inLanguage\":\"lv-LV\",\"potentialAction\":[{\"@type\":\"ReadAction\",\"target\":[\"https:\/\/talkpal.ai\/lv\/slovaku-valodas-gramatika\/\"]}]},{\"@type\":\"ImageObject\",\"inLanguage\":\"lv-LV\",\"@id\":\"https:\/\/talkpal.ai\/lv\/slovaku-valodas-gramatika\/#primaryimage\",\"url\":\"https:\/\/talkpal.ai\/wp-content\/uploads\/2023\/05\/slovakia.png\",\"contentUrl\":\"https:\/\/talkpal.ai\/wp-content\/uploads\/2023\/05\/slovakia.png\",\"width\":512,\"height\":512},{\"@type\":\"BreadcrumbList\",\"@id\":\"https:\/\/talkpal.ai\/lv\/slovaku-valodas-gramatika\/#breadcrumb\",\"itemListElement\":[{\"@type\":\"ListItem\",\"position\":1,\"name\":\"Homepage\",\"item\":\"https:\/\/talkpal.ai\/lv\/\"},{\"@type\":\"ListItem\",\"position\":2,\"name\":\"Slov\u0101ku valodas gramatika\"}]},{\"@type\":\"WebSite\",\"@id\":\"https:\/\/talkpal.ai\/lv\/#website\",\"url\":\"https:\/\/talkpal.ai\/lv\/\",\"name\":\"Talkpal\",\"description\":\"AI Language Learning\",\"publisher\":{\"@id\":\"https:\/\/talkpal.ai\/lv\/#organization\"},\"alternateName\":\"Talkpal AI\",\"potentialAction\":[{\"@type\":\"SearchAction\",\"target\":{\"@type\":\"EntryPoint\",\"urlTemplate\":\"https:\/\/talkpal.ai\/lv\/?s={search_term_string}\"},\"query-input\":{\"@type\":\"PropertyValueSpecification\",\"valueRequired\":true,\"valueName\":\"search_term_string\"}}],\"inLanguage\":\"lv-LV\"},{\"@type\":\"Organization\",\"@id\":\"https:\/\/talkpal.ai\/lv\/#organization\",\"name\":\"Talkpal, Inc.\",\"alternateName\":\"Talkpal AI\",\"url\":\"https:\/\/talkpal.ai\/lv\/\",\"logo\":{\"@type\":\"ImageObject\",\"inLanguage\":\"lv-LV\",\"@id\":\"https:\/\/talkpal.ai\/lv\/#\/schema\/logo\/image\/\",\"url\":\"https:\/\/talkpal.ai\/wp-content\/uploads\/2024\/03\/Talkpal-Logo-Icon.png\",\"contentUrl\":\"https:\/\/talkpal.ai\/wp-content\/uploads\/2024\/03\/Talkpal-Logo-Icon.png\",\"width\":2880,\"height\":2880,\"caption\":\"Talkpal, Inc.\"},\"image\":{\"@id\":\"https:\/\/talkpal.ai\/lv\/#\/schema\/logo\/image\/\"},\"sameAs\":[\"https:\/\/www.facebook.com\/profile.php?id=100090733639311\",\"https:\/\/x.com\/talkpalai\",\"https:\/\/www.linkedin.com\/company\/talkpal\/\",\"https:\/\/www.youtube.com\/@TalkPal\/\",\"https:\/\/www.tiktok.com\/@talkpal\",\"https:\/\/www.instagram.com\/talkpal_ai\/\",\"https:\/\/www.crunchbase.com\/organization\/talkpal-9cde\",\"https:\/\/www.g2.com\/products\/talkpal-for-business\/\",\"https:\/\/www.trustpilot.com\/review\/talkpal.ai\",\"https:\/\/www.capterra.com\/p\/10006800\/TalkPal\/\"],\"description\":\"Talkpal is a language learning web and mobile education app, powered by the latest AI technologies, that provides engaging experiences to its customers in many different languages to help them improve their language skills. Users can chat about unlimited amount of topics with the app and use other modes to practice their language learning.\",\"email\":\"support@talkpal.ai\",\"legalName\":\"Talkpal, Inc.\",\"foundingDate\":\"2023-04-03\",\"duns\":\"118989042\",\"numberOfEmployees\":{\"@type\":\"QuantitativeValue\",\"minValue\":\"11\",\"maxValue\":\"50\"},\"publishingPrinciples\":\"https:\/\/talkpal.ai\/publishing-principles\/\",\"actionableFeedbackPolicy\":\"https:\/\/talkpal.ai\/actionable-feedback-policy\/\",\"correctionsPolicy\":\"https:\/\/talkpal.ai\/corrections-policy\/\",\"ethicsPolicy\":\"https:\/\/talkpal.ai\/ethics-policy\/\",\"diversityPolicy\":\"https:\/\/talkpal.ai\/diversity-policy\/\",\"diversityStaffingReport\":\"https:\/\/talkpal.ai\/diversity-policy\/\"}]}<\/script>\n<!-- \/ Yoast SEO Premium plugin. -->","yoast_head_json":{"title":"Slov\u0101ku valodas gramatika - Talkpal","description":"Apg\u016bstiet slov\u0101ku valodas gramatiku ar skaidriem skaidrojumiem, praktiskiem piem\u0113riem un interakt\u012bviem vingrin\u0101jumiem. Uzlabojiet savas prasmes!","robots":{"index":"index","follow":"follow","max-snippet":"max-snippet:-1","max-image-preview":"max-image-preview:large","max-video-preview":"max-video-preview:-1"},"canonical":"https:\/\/talkpal.ai\/lv\/slovaku-valodas-gramatika\/","og_locale":"lv_LV","og_type":"article","og_title":"Slov\u0101ku valodas gramatika","og_description":"Slov\u0101ku gramatika: skaistas valodas atblo\u0137\u0113\u0161anas atsl\u0113ga Vai pl\u0101nojat m\u0101c\u012bties slov\u0101ku valodu vai vienk\u0101r\u0161i interes\u0113jaties par t\u0101s unik\u0101lo gramatiku? J\u016bs","og_url":"https:\/\/talkpal.ai\/lv\/slovaku-valodas-gramatika\/","og_site_name":"Talkpal","article_publisher":"https:\/\/www.facebook.com\/profile.php?id=100090733639311","article_modified_time":"2025-12-12T11:10:55+00:00","og_image":[{"width":512,"height":512,"url":"https:\/\/talkpal.ai\/wp-content\/uploads\/2023\/05\/slovakia.png","type":"image\/png"}],"twitter_card":"summary_large_image","twitter_site":"@talkpalai","twitter_misc":{"Est. reading time":"4 minutes"},"schema":{"@context":"https:\/\/schema.org","@graph":[{"@type":"WebPage","@id":"https:\/\/talkpal.ai\/lv\/slovaku-valodas-gramatika\/","url":"https:\/\/talkpal.ai\/lv\/slovaku-valodas-gramatika\/","name":"Slov\u0101ku valodas gramatika - Talkpal","isPartOf":{"@id":"https:\/\/talkpal.ai\/lv\/#website"},"primaryImageOfPage":{"@id":"https:\/\/talkpal.ai\/lv\/slovaku-valodas-gramatika\/#primaryimage"},"image":{"@id":"https:\/\/talkpal.ai\/lv\/slovaku-valodas-gramatika\/#primaryimage"},"thumbnailUrl":"https:\/\/talkpal.ai\/wp-content\/uploads\/2023\/05\/slovakia.png","datePublished":"2023-05-14T14:19:49+00:00","dateModified":"2025-12-12T11:10:55+00:00","description":"Apg\u016bstiet slov\u0101ku valodas gramatiku ar skaidriem skaidrojumiem, praktiskiem piem\u0113riem un interakt\u012bviem vingrin\u0101jumiem. Uzlabojiet savas prasmes!","breadcrumb":{"@id":"https:\/\/talkpal.ai\/lv\/slovaku-valodas-gramatika\/#breadcrumb"},"inLanguage":"lv-LV","potentialAction":[{"@type":"ReadAction","target":["https:\/\/talkpal.ai\/lv\/slovaku-valodas-gramatika\/"]}]},{"@type":"ImageObject","inLanguage":"lv-LV","@id":"https:\/\/talkpal.ai\/lv\/slovaku-valodas-gramatika\/#primaryimage","url":"https:\/\/talkpal.ai\/wp-content\/uploads\/2023\/05\/slovakia.png","contentUrl":"https:\/\/talkpal.ai\/wp-content\/uploads\/2023\/05\/slovakia.png","width":512,"height":512},{"@type":"BreadcrumbList","@id":"https:\/\/talkpal.ai\/lv\/slovaku-valodas-gramatika\/#breadcrumb","itemListElement":[{"@type":"ListItem","position":1,"name":"Homepage","item":"https:\/\/talkpal.ai\/lv\/"},{"@type":"ListItem","position":2,"name":"Slov\u0101ku valodas gramatika"}]},{"@type":"WebSite","@id":"https:\/\/talkpal.ai\/lv\/#website","url":"https:\/\/talkpal.ai\/lv\/","name":"Talkpal","description":"AI Language Learning","publisher":{"@id":"https:\/\/talkpal.ai\/lv\/#organization"},"alternateName":"Talkpal AI","potentialAction":[{"@type":"SearchAction","target":{"@type":"EntryPoint","urlTemplate":"https:\/\/talkpal.ai\/lv\/?s={search_term_string}"},"query-input":{"@type":"PropertyValueSpecification","valueRequired":true,"valueName":"search_term_string"}}],"inLanguage":"lv-LV"},{"@type":"Organization","@id":"https:\/\/talkpal.ai\/lv\/#organization","name":"Talkpal, Inc.","alternateName":"Talkpal AI","url":"https:\/\/talkpal.ai\/lv\/","logo":{"@type":"ImageObject","inLanguage":"lv-LV","@id":"https:\/\/talkpal.ai\/lv\/#\/schema\/logo\/image\/","url":"https:\/\/talkpal.ai\/wp-content\/uploads\/2024\/03\/Talkpal-Logo-Icon.png","contentUrl":"https:\/\/talkpal.ai\/wp-content\/uploads\/2024\/03\/Talkpal-Logo-Icon.png","width":2880,"height":2880,"caption":"Talkpal, Inc."},"image":{"@id":"https:\/\/talkpal.ai\/lv\/#\/schema\/logo\/image\/"},"sameAs":["https:\/\/www.facebook.com\/profile.php?id=100090733639311","https:\/\/x.com\/talkpalai","https:\/\/www.linkedin.com\/company\/talkpal\/","https:\/\/www.youtube.com\/@TalkPal\/","https:\/\/www.tiktok.com\/@talkpal","https:\/\/www.instagram.com\/talkpal_ai\/","https:\/\/www.crunchbase.com\/organization\/talkpal-9cde","https:\/\/www.g2.com\/products\/talkpal-for-business\/","https:\/\/www.trustpilot.com\/review\/talkpal.ai","https:\/\/www.capterra.com\/p\/10006800\/TalkPal\/"],"description":"Talkpal is a language learning web and mobile education app, powered by the latest AI technologies, that provides engaging experiences to its customers in many different languages to help them improve their language skills. Users can chat about unlimited amount of topics with the app and use other modes to practice their language learning.","email":"support@talkpal.ai","legalName":"Talkpal, Inc.","foundingDate":"2023-04-03","duns":"118989042","numberOfEmployees":{"@type":"QuantitativeValue","minValue":"11","maxValue":"50"},"publishingPrinciples":"https:\/\/talkpal.ai\/publishing-principles\/","actionableFeedbackPolicy":"https:\/\/talkpal.ai\/actionable-feedback-policy\/","correctionsPolicy":"https:\/\/talkpal.ai\/corrections-policy\/","ethicsPolicy":"https:\/\/talkpal.ai\/ethics-policy\/","diversityPolicy":"https:\/\/talkpal.ai\/diversity-policy\/","diversityStaffingReport":"https:\/\/talkpal.ai\/diversity-policy\/"}]}},"_links":{"self":[{"href":"https:\/\/talkpal.ai\/lv\/wp-json\/wp\/v2\/pages\/150267","targetHints":{"allow":["GET"]}}],"collection":[{"href":"https:\/\/talkpal.ai\/lv\/wp-json\/wp\/v2\/pages"}],"about":[{"href":"https:\/\/talkpal.ai\/lv\/wp-json\/wp\/v2\/types\/page"}],"author":[{"embeddable":true,"href":"https:\/\/talkpal.ai\/lv\/wp-json\/wp\/v2\/users\/1"}],"replies":[{"embeddable":true,"href":"https:\/\/talkpal.ai\/lv\/wp-json\/wp\/v2\/comments?post=150267"}],"version-history":[{"count":0,"href":"https:\/\/talkpal.ai\/lv\/wp-json\/wp\/v2\/pages\/150267\/revisions"}],"wp:featuredmedia":[{"embeddable":true,"href":"https:\/\/talkpal.ai\/lv\/wp-json\/wp\/v2\/media\/118760"}],"wp:attachment":[{"href":"https:\/\/talkpal.ai\/lv\/wp-json\/wp\/v2\/media?parent=150267"}],"curies":[{"name":"wp","href":"https:\/\/api.w.org\/{rel}","templated":true}]}}