{"id":149944,"date":"2023-05-14T14:19:26","date_gmt":"2023-05-14T14:19:26","guid":{"rendered":"http:\/\/talkpal.ai\/serbu-gramatika\/"},"modified":"2025-12-17T15:36:51","modified_gmt":"2025-12-17T15:36:51","slug":"serbu-gramatika","status":"publish","type":"page","link":"https:\/\/talkpal.ai\/lv\/serbu-gramatika\/","title":{"rendered":"Serbu gramatika"},"content":{"rendered":"\r\n\r\n\r\n<section class=\"languageChallengeSection\">\r\n    <div class=\"languageInfoWrapper\">\r\n        \r\n        <h1>Serbu gramatika<\/h1>\r\n        <p>S\u0101ciet savu piedz\u012bvojumu krievu valod\u0101 un atveriet durvis uz bag\u0101to kult\u016bru un v\u0113sturi. Krievu <a href=\"https:\/\/talkpal.ai\/what-language-is-spoken-on-the-international-space-station\/\">valodas<\/a> gramatikas un v\u0101rdu kr\u0101juma apguve uzlabos j\u016bsu ce\u013co\u0161anas, karjeras un sazi\u0146as iesp\u0113jas. S\u0101ciet m\u0101c\u012bties krievu valodu jau \u0161odien un speriet pirmo soli ce\u013c\u0101 uz valodas apguvi!\n\n<\/p>\r\n\r\n                            <a class=\"getStartedHidden\" href=\"https:\/\/app.talkpal.ai\/lv\/signup?lng=\">S\u0101c<\/a>\r\n        \r\n    <\/div>\r\n\r\n    <figure>\r\n    <img decoding=\"async\" width=\"768\" height=\"768\" src=\"https:\/\/talkpal.ai\/wp-content\/uploads\/2023\/06\/serbian-768x768.png\" class=\"languageImage no-lazy\" alt=\"Fast-track to fluency with language learning\" fetchpriority=\"high\" sizes=\"(max-width: 768px) 150px, 768px\" srcset=\"https:\/\/talkpal.ai\/wp-content\/uploads\/2023\/06\/serbian-768x768.png 768w, https:\/\/talkpal.ai\/wp-content\/uploads\/2023\/06\/serbian-300x300.png 300w\" \/>\r\n    \r\n\r\n    <\/figure>\r\n\r\n            <a class=\"getStartedVisible\" href=\"https:\/\/app.talkpal.ai\/lv\/signup?lng=\">S\u0101c<\/a>\r\n    \r\n<\/section>\r\n<section class=\"promotionalBanner\">\r\n    <p class=\"promotionalText\">Visefekt\u012bv\u0101kais veids, k\u0101 apg\u016bt valodu<\/p>\r\n    <a class=\"promotionalLink\" href=\"https:\/\/app.talkpal.ai\/lv\/signup?lng=\">Izm\u0113\u0123iniet Talkpal bez maksas<\/a>\r\n<\/section>\n<div class=\"wp-block-group pageContainerStyle\"><div class=\"wp-block-group__inner-container is-layout-constrained wp-block-group-is-layout-constrained\">\n<h1 class=\"wp-block-heading\" id=\"h-serbian-grammar-unraveling-the-intricacies-of-the-south-slavic-language\">Serbu gramatika: dienvidsl\u0101vu valodas sare\u017e\u0123\u012bt\u012bbas at\u0161\u0137etin\u0101\u0161ana<\/h1>\n\n\n\n<p>Zvans visiem valodas entuziastiem un Balk\u0101nu entuziastiem! Vai esat k\u0101dreiz apsv\u0113ris iesp\u0113ju ienirt <a href=\"https:\/\/talkpal.ai\/learn-serbian\/\">serbu<\/a> gramatikas pasaul\u0113? <a href=\"https:\/\/talkpal.ai\/learn-serbian\/\">Serbu<\/a> valoda, dienvidsl\u0101vu valoda, ir Serbijas ofici\u0101l\u0101 valoda un viena no Bosnijas un Hercegovinas ofici\u0101laj\u0101m valod\u0101m. Ar aptuveni 9 miljoniem dzimt\u0101s valodas run\u0101t\u0101ju \u0161ai intri\u0123\u0113jo\u0161ajai valodai ir l\u012bdz\u012bbas ar <a href=\"https:\/\/talkpal.ai\/learn-croatian\/\">horv\u0101tu<\/a>, <a href=\"https:\/\/talkpal.ai\/learn-bosnian\/\">bosnie\u0161u<\/a> un melnkalnie\u0161u valodu, ta\u010du t\u0101 lepojas ar at\u0161\u0137ir\u012bg\u0101m iez\u012bm\u0113m, kas to at\u0161\u0137ir. \u0160aj\u0101 rakst\u0101 m\u0113s izp\u0113t\u012bsim aizraujo\u0161os serbu valodas gramatikas aspektus.<\/p>\n\n\n\n<h3 class=\"wp-block-heading\" id=\"h-the-dual-alphabet-cyrillic-and-latin\">Divk\u0101r\u0161s alfab\u0113ts: kirilica un lat\u012b\u0146u valoda<\/h3>\n\n\n\n<p>Viena no pirmaj\u0101m liet\u0101m, ko paman\u012bsiet serbu valod\u0101, ir divu alfab\u0113tu izmanto\u0161ana: kirilicas un lat\u012b\u0146u. Serbu kirilicas alfab\u0113tu ar 30 burtiem 1818. gad\u0101 standartiz\u0113ja valodnieks Vuks Karad\u017ei\u010ds, un tas ir valsts ofici\u0101lais alfab\u0113ts. Tom\u0113r lat\u012b\u0146u alfab\u0113ts, kas sast\u0101v ar\u012b no 30 burtiem, tiek pla\u0161i izmantots, \u012bpa\u0161i digit\u0101laj\u0101 komunik\u0101cij\u0101 un neform\u0101los kontekstos. Divu alfab\u0113tu izmanto\u0161ana dod serbu valodai unik\u0101lu, daudzpus\u012bgu raksturu.<\/p>\n\n\n\n<h3 class=\"wp-block-heading\" id=\"h-the-building-blocks-nouns-pronouns-and-cases\">Veido\u0161anas bloki: lietv\u0101rdi, vietniekv\u0101rdi un gad\u012bjumi<\/h3>\n\n\n\n<p>T\u0101pat k\u0101 citas sl\u0101vu valodas, serbu <a href=\"https:\/\/talkpal.ai\/sq\/gramatika\/\">gramatika<\/a> grie\u017eas ap l\u0113cienu, kur v\u0101rdi maina galotnes atbilsto\u0161i to gramatiskajai funkcijai. Tas visvair\u0101k izpau\u017eas lietv\u0101rdos, vietniekv\u0101rdos un \u012bpa\u0161\u012bbas v\u0101rdos. Serbij\u0101 ir septi\u0146i gad\u012bjumi:<\/p>\n\n\n\n<p><strong>1. Nominat\u012bvs &#8211; nor\u0101da teikuma priek\u0161metu<\/strong><\/p>\n\n\n\n<p><strong>2. \u0123enit\u012bvs &#8211; nor\u0101da uz \u012bpa\u0161umties\u012bb\u0101m, nolieguma objektu vai partit\u012bvo noz\u012bmi.<\/strong><\/p>\n\n\n\n<p><strong>3. Dat\u012bvs &#8211; apz\u012bm\u0113 netie\u0161o priek\u0161metu<\/strong><\/p>\n\n\n\n<p><strong>4. Akuzat\u012bvs &#8211; apz\u012bm\u0113 tie\u0161o priek\u0161metu<\/strong><\/p>\n\n\n\n<p><strong>5. Vocat\u012bvs &#8211; lieto, lai k\u0101du uzrun\u0101tu vai nosauktu.<\/strong><\/p>\n\n\n\n<p><strong>6. Instrument\u0101ls &#8211; izsaka darb\u012bbas l\u012bdzekli vai metodi.<\/strong><\/p>\n\n\n\n<p><strong>7. Lokat\u012bvs &#8211; nor\u0101da konkr\u0113tu priev\u0101rdu atra\u0161an\u0101s vietu vai priek\u0161metu<\/strong><\/p>\n\n\n\n<p>Serbu lietv\u0101rdiem ir tr\u012bs dzimumi (v\u012brie\u0161u, sievie\u0161u un nekatr\u0101) un divi skait\u013ci (vienskaitlis un daudzskaitlis). Katra dzimuma un skait\u013ca \u012bpa\u0161\u0101s galotnes at\u0161\u0137iras atkar\u012bb\u0101 no gad\u012bjuma, t\u0101p\u0113c ir svar\u012bgi iegaum\u0113t \u0161\u012bs galotnes, lai veidotu gramatiski prec\u012bzus teikumus.<\/p>\n\n\n\n<h3 class=\"wp-block-heading\" id=\"h-get-moving-with-verbs-tenses-aspects-and-moods\">P\u0101rvietojieties ar darb\u012bbas v\u0101rdiem: sasprindzin\u0101jums, aspekti un noska\u0146as<\/h3>\n\n\n\n<p>Serbu darb\u012bbas v\u0101rdiem piem\u012bt aizraujo\u0161i sare\u017e\u0123\u012bjumi ar to sasprindzin\u0101jumu (pag\u0101tni, tagadni un n\u0101kotni), aspektiem (perfekcionistiem un nepiln\u012bgiem) un noska\u0146ojumiem (indikat\u012bviem, oblig\u0101tiem un nosac\u012btiem). Aspektam ir noz\u012bm\u012bga loma serbu darb\u012bbas v\u0101rdos, jo tas nor\u0101da, vai darb\u012bba tiek uzskat\u012bta par pabeigtu (perfektu) vai notieko\u0161u (nepiln\u012bgu). Daudzi darb\u012bbas v\u0101rdi ir p\u0101ros, kas nor\u0101da uz da\u017e\u0101diem aspektiem, bie\u017ei vien izmantojot \u012bpa\u0161us prefiksus vai sufiksus.<\/p>\n\n\n\n<h3 class=\"wp-block-heading\" id=\"h-adjectives-adverbs-and-all-that-jazz\">\u012apa\u0161\u012bbas v\u0101rdi, adverbi un viss tas d\u017eezs<\/h3>\n\n\n\n<p>Serbu \u012bpa\u0161\u012bbas v\u0101rdi piekr\u012bt lietv\u0101rdiem, kurus vi\u0146i maina dzimuma, skaita un gad\u012bjuma zi\u0146\u0101. Vi\u0146iem ir ar\u012b sal\u012bdzino\u0161as un superlat\u012bvas formas, lai izteiktu da\u017e\u0101das kvalit\u0101tes pak\u0101pes. Turkl\u0101t adverbi bie\u017ei tiek ieg\u016bti no \u012bpa\u0161\u012bbas v\u0101rdiem un sniedz da\u017e\u0101das noz\u012bmes, piem\u0113ram, laiku, veidu, vietu un pak\u0101pi.<\/p>\n\n\n\n<p>Serbu valoda lepojas ar\u012b ar virkni savienojumu, priev\u0101rdu, ciparu un da\u013ci\u0146u, kas veicina valodas skaistumu un pal\u012bdz izveidot sare\u017e\u0123\u012btus, j\u0113gpilnus teikumus.<\/p>\n\n\n\n<h3 class=\"wp-block-heading\" id=\"h-embracing-the-world-of-serbian-grammar\">Serbu gramatikas pasaules aptver\u0161ana<\/h3>\n\n\n\n<p>Serbu gramatika no pirm\u0101 acu uzmetiena var\u0113tu \u0161\u0137ist milz\u012bga. Tom\u0113r, iedzi\u013cinoties t\u0101s bag\u0101t\u012bgaj\u0101 gad\u012bjumu, aspektu un valodas d\u012bvain\u012bbu ainav\u0101, j\u016bs atkl\u0101siet dinamisku un izteiksm\u012bgu valodu. Serbu valodas apguve ne tikai uzlabos j\u016bsu izpratni par sl\u0101vu valodu saimi, bet ar\u012b pal\u012bdz\u0113s jums sazin\u0101ties ar valdzino\u0161u v\u0113sturi un kult\u016bru.<\/p>\n\n\n\n<p>Tad k\u0101p\u0113c gan neuz\u0146emties izaicin\u0101jumu t\u0101l\u0101k izp\u0113t\u012bt serbu gramatiku? Ar neatlaid\u012bbu un aizraut\u012bbu j\u016bs k\u0101du dienu var\u0113tu non\u0101kt pastaig\u0101 pa Belgradas iel\u0101m, iesaistoties dz\u012bv\u0101s sarun\u0101s ar viet\u0113jiem iedz\u012bvot\u0101jiem vi\u0146u dzimtaj\u0101 valod\u0101. Priec\u012bgu m\u0101c\u012b\u0161anos!<\/p>\n<\/div><\/div>\n\r\n<section class=\"learnNavigationSection\">\r\n            \r\n        <a href=\"https:\/\/talkpal.ai\/lv\/uzziniet-serbu-valodu\/\">\r\n            <div class=\"learnNavigationWrapper\">\r\n                <div class=\"learnNavigationContent\">\r\n                    <img decoding=\"async\" src=\"https:\/\/talkpal.ai\/wp-content\/uploads\/2024\/08\/Serbian.jpg\" alt=\"Serbian Flag\">\r\n                    <div>\r\n                        <h4>Par Serbijas m\u0101c\u012b\u0161anos<\/h4>\r\n                        <p>Uzziniet visu par Serbija gramatika.<\/p>\r\n                    <\/div>\r\n                <\/div>\r\n            <\/div>\r\n        <\/a>\r\n\r\n        \r\n        <a href=\"https:\/\/talkpal.ai\/lv\/serbijas-gramatikas-vingrinajumi\/\">\r\n            <div class=\"learnNavigationWrapper\">\r\n                <div class=\"learnNavigationContent\">\r\n                    <img decoding=\"async\" src=\"https:\/\/talkpal.ai\/wp-content\/uploads\/2024\/08\/Serbian.jpg\" alt=\"Serbian Flag\">\r\n                    <div>\r\n                        <h4>Serbu valodas gramatikas vingrin\u0101jums<\/h4>\r\n                        <p>Praktiz\u0113jiet serbu gramatiku.<\/p>\r\n                    <\/div>\r\n                <\/div>\r\n            <\/div>\r\n        <\/a>\r\n\r\n        \r\n        <a href=\"https:\/\/talkpal.ai\/vocabulary_language\/serbian\/\">\r\n            <div class=\"learnNavigationWrapper\">\r\n                <div class=\"learnNavigationContent\">\r\n                    <img decoding=\"async\" src=\"https:\/\/talkpal.ai\/wp-content\/uploads\/2024\/08\/Serbian.jpg\" alt=\"Serbian Flag\">\r\n                    <div>\r\n                        <h4>Serbu valodas v\u0101rdn\u012bca<\/h4>\r\n                        <p>Papla\u0161iniet savu serbu valodas v\u0101rdu kr\u0101jumu.<\/p>\r\n                    <\/div>\r\n                <\/div>\r\n            <\/div>\r\n        <\/a>\r\n\r\n            <\/section>","protected":false},"excerpt":{"rendered":"<p>Serbu gramatika: dienvidsl\u0101vu valodas sare\u017e\u0123\u012bt\u012bbas at\u0161\u0137etin\u0101\u0161ana Zvans visiem valodas entuziastiem un Balk\u0101nu entuziastiem! Vai esat k\u0101dreiz apsv\u0113ris iesp\u0113ju ienirt serbu gramatikas pasaul\u0113? Serbu valoda, dienvidsl\u0101vu valoda, ir Serbijas ofici\u0101l\u0101 valoda un viena no Bosnijas un Hercegovinas ofici\u0101laj\u0101m valod\u0101m. Ar aptuveni 9 miljoniem dzimt\u0101s valodas run\u0101t\u0101ju \u0161ai intri\u0123\u0113jo\u0161ajai valodai ir l\u012bdz\u012bbas ar horv\u0101tu, bosnie\u0161u un melnkalnie\u0161u [&hellip;]<\/p>\n","protected":false},"author":1,"featured_media":118213,"parent":0,"menu_order":0,"comment_status":"closed","ping_status":"closed","template":"LearningContentPage.php","meta":{"_acf_changed":false,"footnotes":""},"class_list":["post-149944","page","type-page","status-publish","has-post-thumbnail","hentry"],"acf":[],"yoast_head":"<!-- This site is optimized with the Yoast SEO Premium plugin v27.2 (Yoast SEO v27.2) - https:\/\/yoast.com\/product\/yoast-seo-premium-wordpress\/ -->\n<title>Serbu gramatika - Talkpal<\/title>\n<meta name=\"description\" content=\"Izp\u0113tiet serbu valodas gramatikas nianses un atkl\u0101jiet t\u0101s unik\u0101l\u0101s iez\u012bmes, kas to at\u0161\u0137ir no cit\u0101m Balk\u0101nu valod\u0101m.\" \/>\n<meta name=\"robots\" content=\"index, follow, max-snippet:-1, max-image-preview:large, max-video-preview:-1\" \/>\n<link rel=\"canonical\" href=\"https:\/\/talkpal.ai\/lv\/serbu-gramatika\/\" \/>\n<meta property=\"og:locale\" content=\"lv_LV\" \/>\n<meta property=\"og:type\" content=\"article\" \/>\n<meta property=\"og:title\" content=\"Serbu gramatika\" \/>\n<meta property=\"og:description\" content=\"Serbu gramatika: dienvidsl\u0101vu valodas sare\u017e\u0123\u012bt\u012bbas at\u0161\u0137etin\u0101\u0161ana Zvans visiem valodas entuziastiem un Balk\u0101nu entuziastiem! Vai esat k\u0101dreiz apsv\u0113ris\" \/>\n<meta property=\"og:url\" content=\"https:\/\/talkpal.ai\/lv\/serbu-gramatika\/\" \/>\n<meta property=\"og:site_name\" content=\"Talkpal\" \/>\n<meta property=\"article:publisher\" content=\"https:\/\/www.facebook.com\/profile.php?id=100090733639311\" \/>\n<meta property=\"article:modified_time\" content=\"2025-12-17T15:36:51+00:00\" \/>\n<meta property=\"og:image\" content=\"https:\/\/talkpal.ai\/wp-content\/uploads\/2023\/05\/serbia.png\" \/>\n\t<meta property=\"og:image:width\" content=\"512\" \/>\n\t<meta property=\"og:image:height\" content=\"512\" \/>\n\t<meta property=\"og:image:type\" content=\"image\/png\" \/>\n<meta name=\"twitter:card\" content=\"summary_large_image\" \/>\n<meta name=\"twitter:site\" content=\"@talkpalai\" \/>\n<meta name=\"twitter:label1\" content=\"Est. reading time\" \/>\n\t<meta name=\"twitter:data1\" content=\"4 minutes\" \/>\n<script type=\"application\/ld+json\" class=\"yoast-schema-graph\">{\"@context\":\"https:\/\/schema.org\",\"@graph\":[{\"@type\":\"WebPage\",\"@id\":\"https:\/\/talkpal.ai\/lv\/serbu-gramatika\/\",\"url\":\"https:\/\/talkpal.ai\/lv\/serbu-gramatika\/\",\"name\":\"Serbu gramatika - Talkpal\",\"isPartOf\":{\"@id\":\"https:\/\/talkpal.ai\/lv\/#website\"},\"primaryImageOfPage\":{\"@id\":\"https:\/\/talkpal.ai\/lv\/serbu-gramatika\/#primaryimage\"},\"image\":{\"@id\":\"https:\/\/talkpal.ai\/lv\/serbu-gramatika\/#primaryimage\"},\"thumbnailUrl\":\"https:\/\/talkpal.ai\/wp-content\/uploads\/2023\/05\/serbia.png\",\"datePublished\":\"2023-05-14T14:19:26+00:00\",\"dateModified\":\"2025-12-17T15:36:51+00:00\",\"description\":\"Izp\u0113tiet serbu valodas gramatikas nianses un atkl\u0101jiet t\u0101s unik\u0101l\u0101s iez\u012bmes, kas to at\u0161\u0137ir no cit\u0101m Balk\u0101nu valod\u0101m.\",\"breadcrumb\":{\"@id\":\"https:\/\/talkpal.ai\/lv\/serbu-gramatika\/#breadcrumb\"},\"inLanguage\":\"lv-LV\",\"potentialAction\":[{\"@type\":\"ReadAction\",\"target\":[\"https:\/\/talkpal.ai\/lv\/serbu-gramatika\/\"]}]},{\"@type\":\"ImageObject\",\"inLanguage\":\"lv-LV\",\"@id\":\"https:\/\/talkpal.ai\/lv\/serbu-gramatika\/#primaryimage\",\"url\":\"https:\/\/talkpal.ai\/wp-content\/uploads\/2023\/05\/serbia.png\",\"contentUrl\":\"https:\/\/talkpal.ai\/wp-content\/uploads\/2023\/05\/serbia.png\",\"width\":512,\"height\":512},{\"@type\":\"BreadcrumbList\",\"@id\":\"https:\/\/talkpal.ai\/lv\/serbu-gramatika\/#breadcrumb\",\"itemListElement\":[{\"@type\":\"ListItem\",\"position\":1,\"name\":\"Homepage\",\"item\":\"https:\/\/talkpal.ai\/lv\/\"},{\"@type\":\"ListItem\",\"position\":2,\"name\":\"Serbu gramatika\"}]},{\"@type\":\"WebSite\",\"@id\":\"https:\/\/talkpal.ai\/lv\/#website\",\"url\":\"https:\/\/talkpal.ai\/lv\/\",\"name\":\"Talkpal\",\"description\":\"AI Language Learning\",\"publisher\":{\"@id\":\"https:\/\/talkpal.ai\/lv\/#organization\"},\"alternateName\":\"Talkpal AI\",\"potentialAction\":[{\"@type\":\"SearchAction\",\"target\":{\"@type\":\"EntryPoint\",\"urlTemplate\":\"https:\/\/talkpal.ai\/lv\/?s={search_term_string}\"},\"query-input\":{\"@type\":\"PropertyValueSpecification\",\"valueRequired\":true,\"valueName\":\"search_term_string\"}}],\"inLanguage\":\"lv-LV\"},{\"@type\":\"Organization\",\"@id\":\"https:\/\/talkpal.ai\/lv\/#organization\",\"name\":\"Talkpal, Inc.\",\"alternateName\":\"Talkpal AI\",\"url\":\"https:\/\/talkpal.ai\/lv\/\",\"logo\":{\"@type\":\"ImageObject\",\"inLanguage\":\"lv-LV\",\"@id\":\"https:\/\/talkpal.ai\/lv\/#\/schema\/logo\/image\/\",\"url\":\"https:\/\/talkpal.ai\/wp-content\/uploads\/2024\/03\/Talkpal-Logo-Icon.png\",\"contentUrl\":\"https:\/\/talkpal.ai\/wp-content\/uploads\/2024\/03\/Talkpal-Logo-Icon.png\",\"width\":2880,\"height\":2880,\"caption\":\"Talkpal, Inc.\"},\"image\":{\"@id\":\"https:\/\/talkpal.ai\/lv\/#\/schema\/logo\/image\/\"},\"sameAs\":[\"https:\/\/www.facebook.com\/profile.php?id=100090733639311\",\"https:\/\/x.com\/talkpalai\",\"https:\/\/www.linkedin.com\/company\/talkpal\/\",\"https:\/\/www.youtube.com\/@TalkPal\/\",\"https:\/\/www.tiktok.com\/@talkpal\",\"https:\/\/www.instagram.com\/talkpal_ai\/\",\"https:\/\/www.crunchbase.com\/organization\/talkpal-9cde\",\"https:\/\/www.g2.com\/products\/talkpal-for-business\/\",\"https:\/\/www.trustpilot.com\/review\/talkpal.ai\",\"https:\/\/www.capterra.com\/p\/10006800\/TalkPal\/\"],\"description\":\"Talkpal is a language learning web and mobile education app, powered by the latest AI technologies, that provides engaging experiences to its customers in many different languages to help them improve their language skills. Users can chat about unlimited amount of topics with the app and use other modes to practice their language learning.\",\"email\":\"support@talkpal.ai\",\"legalName\":\"Talkpal, Inc.\",\"foundingDate\":\"2023-04-03\",\"duns\":\"118989042\",\"numberOfEmployees\":{\"@type\":\"QuantitativeValue\",\"minValue\":\"11\",\"maxValue\":\"50\"},\"publishingPrinciples\":\"https:\/\/talkpal.ai\/publishing-principles\/\",\"actionableFeedbackPolicy\":\"https:\/\/talkpal.ai\/actionable-feedback-policy\/\",\"correctionsPolicy\":\"https:\/\/talkpal.ai\/corrections-policy\/\",\"ethicsPolicy\":\"https:\/\/talkpal.ai\/ethics-policy\/\",\"diversityPolicy\":\"https:\/\/talkpal.ai\/diversity-policy\/\",\"diversityStaffingReport\":\"https:\/\/talkpal.ai\/diversity-policy\/\"}]}<\/script>\n<!-- \/ Yoast SEO Premium plugin. -->","yoast_head_json":{"title":"Serbu gramatika - Talkpal","description":"Izp\u0113tiet serbu valodas gramatikas nianses un atkl\u0101jiet t\u0101s unik\u0101l\u0101s iez\u012bmes, kas to at\u0161\u0137ir no cit\u0101m Balk\u0101nu valod\u0101m.","robots":{"index":"index","follow":"follow","max-snippet":"max-snippet:-1","max-image-preview":"max-image-preview:large","max-video-preview":"max-video-preview:-1"},"canonical":"https:\/\/talkpal.ai\/lv\/serbu-gramatika\/","og_locale":"lv_LV","og_type":"article","og_title":"Serbu gramatika","og_description":"Serbu gramatika: dienvidsl\u0101vu valodas sare\u017e\u0123\u012bt\u012bbas at\u0161\u0137etin\u0101\u0161ana Zvans visiem valodas entuziastiem un Balk\u0101nu entuziastiem! Vai esat k\u0101dreiz apsv\u0113ris","og_url":"https:\/\/talkpal.ai\/lv\/serbu-gramatika\/","og_site_name":"Talkpal","article_publisher":"https:\/\/www.facebook.com\/profile.php?id=100090733639311","article_modified_time":"2025-12-17T15:36:51+00:00","og_image":[{"width":512,"height":512,"url":"https:\/\/talkpal.ai\/wp-content\/uploads\/2023\/05\/serbia.png","type":"image\/png"}],"twitter_card":"summary_large_image","twitter_site":"@talkpalai","twitter_misc":{"Est. reading time":"4 minutes"},"schema":{"@context":"https:\/\/schema.org","@graph":[{"@type":"WebPage","@id":"https:\/\/talkpal.ai\/lv\/serbu-gramatika\/","url":"https:\/\/talkpal.ai\/lv\/serbu-gramatika\/","name":"Serbu gramatika - Talkpal","isPartOf":{"@id":"https:\/\/talkpal.ai\/lv\/#website"},"primaryImageOfPage":{"@id":"https:\/\/talkpal.ai\/lv\/serbu-gramatika\/#primaryimage"},"image":{"@id":"https:\/\/talkpal.ai\/lv\/serbu-gramatika\/#primaryimage"},"thumbnailUrl":"https:\/\/talkpal.ai\/wp-content\/uploads\/2023\/05\/serbia.png","datePublished":"2023-05-14T14:19:26+00:00","dateModified":"2025-12-17T15:36:51+00:00","description":"Izp\u0113tiet serbu valodas gramatikas nianses un atkl\u0101jiet t\u0101s unik\u0101l\u0101s iez\u012bmes, kas to at\u0161\u0137ir no cit\u0101m Balk\u0101nu valod\u0101m.","breadcrumb":{"@id":"https:\/\/talkpal.ai\/lv\/serbu-gramatika\/#breadcrumb"},"inLanguage":"lv-LV","potentialAction":[{"@type":"ReadAction","target":["https:\/\/talkpal.ai\/lv\/serbu-gramatika\/"]}]},{"@type":"ImageObject","inLanguage":"lv-LV","@id":"https:\/\/talkpal.ai\/lv\/serbu-gramatika\/#primaryimage","url":"https:\/\/talkpal.ai\/wp-content\/uploads\/2023\/05\/serbia.png","contentUrl":"https:\/\/talkpal.ai\/wp-content\/uploads\/2023\/05\/serbia.png","width":512,"height":512},{"@type":"BreadcrumbList","@id":"https:\/\/talkpal.ai\/lv\/serbu-gramatika\/#breadcrumb","itemListElement":[{"@type":"ListItem","position":1,"name":"Homepage","item":"https:\/\/talkpal.ai\/lv\/"},{"@type":"ListItem","position":2,"name":"Serbu gramatika"}]},{"@type":"WebSite","@id":"https:\/\/talkpal.ai\/lv\/#website","url":"https:\/\/talkpal.ai\/lv\/","name":"Talkpal","description":"AI Language Learning","publisher":{"@id":"https:\/\/talkpal.ai\/lv\/#organization"},"alternateName":"Talkpal AI","potentialAction":[{"@type":"SearchAction","target":{"@type":"EntryPoint","urlTemplate":"https:\/\/talkpal.ai\/lv\/?s={search_term_string}"},"query-input":{"@type":"PropertyValueSpecification","valueRequired":true,"valueName":"search_term_string"}}],"inLanguage":"lv-LV"},{"@type":"Organization","@id":"https:\/\/talkpal.ai\/lv\/#organization","name":"Talkpal, Inc.","alternateName":"Talkpal AI","url":"https:\/\/talkpal.ai\/lv\/","logo":{"@type":"ImageObject","inLanguage":"lv-LV","@id":"https:\/\/talkpal.ai\/lv\/#\/schema\/logo\/image\/","url":"https:\/\/talkpal.ai\/wp-content\/uploads\/2024\/03\/Talkpal-Logo-Icon.png","contentUrl":"https:\/\/talkpal.ai\/wp-content\/uploads\/2024\/03\/Talkpal-Logo-Icon.png","width":2880,"height":2880,"caption":"Talkpal, Inc."},"image":{"@id":"https:\/\/talkpal.ai\/lv\/#\/schema\/logo\/image\/"},"sameAs":["https:\/\/www.facebook.com\/profile.php?id=100090733639311","https:\/\/x.com\/talkpalai","https:\/\/www.linkedin.com\/company\/talkpal\/","https:\/\/www.youtube.com\/@TalkPal\/","https:\/\/www.tiktok.com\/@talkpal","https:\/\/www.instagram.com\/talkpal_ai\/","https:\/\/www.crunchbase.com\/organization\/talkpal-9cde","https:\/\/www.g2.com\/products\/talkpal-for-business\/","https:\/\/www.trustpilot.com\/review\/talkpal.ai","https:\/\/www.capterra.com\/p\/10006800\/TalkPal\/"],"description":"Talkpal is a language learning web and mobile education app, powered by the latest AI technologies, that provides engaging experiences to its customers in many different languages to help them improve their language skills. Users can chat about unlimited amount of topics with the app and use other modes to practice their language learning.","email":"support@talkpal.ai","legalName":"Talkpal, Inc.","foundingDate":"2023-04-03","duns":"118989042","numberOfEmployees":{"@type":"QuantitativeValue","minValue":"11","maxValue":"50"},"publishingPrinciples":"https:\/\/talkpal.ai\/publishing-principles\/","actionableFeedbackPolicy":"https:\/\/talkpal.ai\/actionable-feedback-policy\/","correctionsPolicy":"https:\/\/talkpal.ai\/corrections-policy\/","ethicsPolicy":"https:\/\/talkpal.ai\/ethics-policy\/","diversityPolicy":"https:\/\/talkpal.ai\/diversity-policy\/","diversityStaffingReport":"https:\/\/talkpal.ai\/diversity-policy\/"}]}},"_links":{"self":[{"href":"https:\/\/talkpal.ai\/lv\/wp-json\/wp\/v2\/pages\/149944","targetHints":{"allow":["GET"]}}],"collection":[{"href":"https:\/\/talkpal.ai\/lv\/wp-json\/wp\/v2\/pages"}],"about":[{"href":"https:\/\/talkpal.ai\/lv\/wp-json\/wp\/v2\/types\/page"}],"author":[{"embeddable":true,"href":"https:\/\/talkpal.ai\/lv\/wp-json\/wp\/v2\/users\/1"}],"replies":[{"embeddable":true,"href":"https:\/\/talkpal.ai\/lv\/wp-json\/wp\/v2\/comments?post=149944"}],"version-history":[{"count":0,"href":"https:\/\/talkpal.ai\/lv\/wp-json\/wp\/v2\/pages\/149944\/revisions"}],"wp:featuredmedia":[{"embeddable":true,"href":"https:\/\/talkpal.ai\/lv\/wp-json\/wp\/v2\/media\/118213"}],"wp:attachment":[{"href":"https:\/\/talkpal.ai\/lv\/wp-json\/wp\/v2\/media?parent=149944"}],"curies":[{"name":"wp","href":"https:\/\/api.w.org\/{rel}","templated":true}]}}