{"id":149450,"date":"2023-05-14T14:19:07","date_gmt":"2023-05-14T14:19:07","guid":{"rendered":"http:\/\/talkpal.ai\/rumanu-valodas-gramatika\/"},"modified":"2025-12-17T15:34:40","modified_gmt":"2025-12-17T15:34:40","slug":"rumanu-valodas-gramatika","status":"publish","type":"page","link":"https:\/\/talkpal.ai\/lv\/rumanu-valodas-gramatika\/","title":{"rendered":"Rum\u0101\u0146u valodas gramatika"},"content":{"rendered":"\r\n\r\n\r\n<section class=\"languageChallengeSection\">\r\n    <div class=\"languageInfoWrapper\">\r\n        \r\n        <h1>Rum\u0101\u0146u valodas gramatika<\/h1>\r\n        <p>Atkl\u0101jiet <a href=\"https:\/\/talkpal.ai\/learn-romanian\/\">rum\u0101\u0146u<\/a> <a href=\"https:\/\/talkpal.ai\/what-language-is-spoken-on-the-international-space-station\/\">valodas<\/a> skaistumu, apg\u016bstot t\u0101s gramatikas pamatnoteikumus. Rum\u0101\u0146u valodas gramatikas apguve pal\u012bdz\u0113s jums dro\u0161i sazin\u0101ties un iepaz\u012bt Rum\u0101nijas bag\u0101to kult\u016bru un v\u0113sturi. S\u0101ciet m\u0101c\u012bties rum\u0101\u0146u valodas gramatiku jau \u0161odien un speriet pirmo soli ce\u013c\u0101 uz valodas pl\u016bdumu!<\/p>\r\n\r\n                            <a class=\"getStartedHidden\" href=\"https:\/\/app.talkpal.ai\/lv\/signup?lng=\">S\u0101c<\/a>\r\n        \r\n    <\/div>\r\n\r\n    <figure>\r\n    <img decoding=\"async\" width=\"768\" height=\"768\" src=\"https:\/\/talkpal.ai\/wp-content\/uploads\/2023\/06\/romanian-768x768.png\" class=\"languageImage no-lazy\" alt=\"Language learning for intellectual challenge\" fetchpriority=\"high\" sizes=\"(max-width: 768px) 150px, 768px\" srcset=\"https:\/\/talkpal.ai\/wp-content\/uploads\/2023\/06\/romanian-768x768.png 768w, https:\/\/talkpal.ai\/wp-content\/uploads\/2023\/06\/romanian-300x300.png 300w\" \/>\r\n    \r\n\r\n    <\/figure>\r\n\r\n            <a class=\"getStartedVisible\" href=\"https:\/\/app.talkpal.ai\/lv\/signup?lng=\">S\u0101c<\/a>\r\n    \r\n<\/section>\r\n<section class=\"promotionalBanner\">\r\n    <p class=\"promotionalText\">Visefekt\u012bv\u0101kais veids, k\u0101 apg\u016bt valodu<\/p>\r\n    <a class=\"promotionalLink\" href=\"https:\/\/app.talkpal.ai\/lv\/signup?lng=\">Izm\u0113\u0123iniet Talkpal bez maksas<\/a>\r\n<\/section>\n<div class=\"wp-block-group pageContainerStyle\"><div class=\"wp-block-group__inner-container is-layout-constrained wp-block-group-is-layout-constrained\">\n<h2 class=\"wp-block-heading\" id=\"h-unraveling-the-mysteries-of-romanian-grammar\">Rum\u0101\u0146u gramatikas nosl\u0113pumu at\u0161\u0137etin\u0101\u0161ana<\/h2>\n\n\n\n<p>Rum\u0101\u0146u valoda, vien\u012bg\u0101 rom\u0101\u0146u valoda, kur\u0101 run\u0101 Austrumeirop\u0101, pied\u0101v\u0101 unik\u0101lu un interesantu lingvistisko ce\u013cojumu. P\u0101r\u0146emot gan lat\u012b\u0146u, gan sl\u0101vu pasaules kult\u016bras mantojumu, rum\u0101\u0146u valodai ir aizraujo\u0161a v\u0113sture un aizraujo\u0161a gramatikas sist\u0113ma, ko izp\u0113t\u012bt. Neatkar\u012bgi no t\u0101, vai esat poliglotu entuziasts vai vienk\u0101r\u0161i mekl\u0113jat jaunu valodas piedz\u012bvojumu, piespr\u0101dz\u0113jieties un gatavojieties iepaz\u012bt rum\u0101\u0146u valodas gramatikas skaistumu!<\/p>\n\n\n\n<h3 class=\"wp-block-heading\" id=\"h-1-the-alphabet-a-familiar-friend-with-a-twist\">1. Alfab\u0113ts: paz\u012bstams draugs ar v\u0113rpjot<\/h3>\n\n\n\n<p>Rum\u0101\u0146u alfab\u0113ta pamat\u0101 ir lat\u012b\u0146u alfab\u0113ts, kas sast\u0101v no 31 burta. Par laimi angliski run\u0101jo\u0161ajiem, tas ir diezgan l\u012bdz\u012bgs <a href=\"https:\/\/talkpal.ai\/learn-english-with-ai\/\">ang\u013cu<\/a> valodas alfab\u0113tam, tikai ar da\u017e\u0101m papildu z\u012bm\u0113m, kas apz\u012bm\u0113 specifiskas rum\u0101\u0146u valodas ska\u0146as. Nedaudz praktiz\u0113jot, pamatu apg\u016b\u0161ana (piem\u0113ram, v\u0101rda pareizrakst\u012bba vai ielu z\u012bmju las\u012b\u0161ana) b\u016bs br\u012bze!<\/p>\n\n\n\n<h3 class=\"wp-block-heading\" id=\"h-2-nouns-meet-cases-the-dynamic-duo\">2. Lietv\u0101rdi atbilst gad\u012bjumiem: dinamiskais duets<\/h3>\n\n\n\n<p>Rum\u0101\u0146u lietv\u0101rdi iedal\u0101s tr\u012bs dzimumos (v\u012bri\u0161\u0137ais, sievi\u0161\u0137ais un neitr\u0101ls), un tie maina formu atkar\u012bb\u0101 no gramatisk\u0101 gad\u012bjuma (nominat\u012bvs, \u0123enit\u012bvs, dat\u012bvs, akuzat\u012bvs vai vokat\u012bvs). Lai gan s\u0101kum\u0101 tas var\u0113tu \u0161\u0137ist bied\u0113jo\u0161i, \u0161\u012b sist\u0113ma rum\u0101\u0146u valodai pie\u0161\u0137ir bag\u0101t\u012bbu, kas \u013cauj nians\u0113t un rado\u0161i veidot teikumus, padarot j\u016bsu lingvistisko ce\u013cojumu v\u0113l izdev\u012bg\u0101ku.<\/p>\n\n\n\n<h3 class=\"wp-block-heading\" id=\"h-3-verbs-conjugating-your-way-to-success\">3. Darb\u012bbas v\u0101rdi: konjug\u0113jot savu ce\u013cu uz pan\u0101kumiem<\/h3>\n\n\n\n<p>Rum\u0101\u0146u darb\u012bbas v\u0101rda konjug\u0101cija, lai gan nedaudz vienk\u0101r\u0161\u0101ka nek\u0101 lietv\u0101rda deklam\u0101cija, joproj\u0101m ir daudz\u0161\u0137aut\u0146ains process. Darb\u012bbas v\u0101rdi maina formu atkar\u012bb\u0101 no laika, noska\u0146as, balss, personas un skait\u013ca. T\u0101pat k\u0101 smalki noregul\u0113ts instruments, rum\u0101\u0146u darb\u012bbas v\u0101rdi var nodot pla\u0161u darb\u012bbu, emociju un nodomu kl\u0101stu, \u013caujot gan prec\u012bzai, gan po\u0113tiskai izteiksmei.<\/p>\n\n\n\n<h3 class=\"wp-block-heading\" id=\"h-4-flexible-word-order-shuffle-the-sentences\">4. Elast\u012bga v\u0101rdu sec\u012bba: sajauciet teikumus<\/h3>\n\n\n\n<p>Rum\u0101\u0146u valoda ir diezgan elast\u012bga, kad runa ir par v\u0101rdu sec\u012bbu, \u013caujot da\u017e\u0101dos veidos sak\u0101rtot priek\u0161metus, darb\u012bbas v\u0101rdus un objektus, neapdraudot noz\u012bmi. \u0160\u012b elast\u012bba var pievienot uzsvaru, rad\u012bt kontrastus vai vienk\u0101r\u0161i padar\u012bt runu saisto\u0161\u0101ku. Uzlabojot rum\u0101\u0146u valodas zin\u0101\u0161anas, jums b\u016bs jautri eksperiment\u0113t, mekl\u0113jot da\u017e\u0101dus veidus, k\u0101 pateikt vienu un to pa\u0161u, lai atrastu ide\u0101lu toni jebkur\u0101 situ\u0101cij\u0101.<\/p>\n\n\n\n<h3 class=\"wp-block-heading\" id=\"h-5-wading-deeper-language-through-culture\">5. Wading Deeper: valoda caur kult\u016bru<\/h3>\n\n\n\n<p>Lai patiesi nov\u0113rt\u0113tu rum\u0101\u0146u valodu, jums ir j\u0101iedzi\u013cin\u0101s kult\u016br\u0101, v\u0113stur\u0113 un dom\u0101\u0161anas veid\u0101, kas veidoja valodu. Sazinieties ar cilv\u0113kiem, kuriem t\u0101 ir dzimt\u0101 valoda, izp\u0113tiet rum\u0101\u0146u literat\u016bru un iegremd\u0113jieties viet\u0113j\u0101s para\u017e\u0101s un trad\u012bcij\u0101s. T\u0101d\u0113j\u0101di j\u016bs ne tikai uzlabosiet savas valodas zin\u0101\u0161anas, bet ar\u012b atkl\u0101siet Rum\u0101nijas kult\u016bras daudz\u0161\u0137aut\u0146aino skaistumu.<\/p>\n\n\n\n<h3 class=\"wp-block-heading\" id=\"h-in-conclusion-embrace-the-magic-of-romanian-grammar\">Nosl\u0113gum\u0101: Pie\u0146emiet rum\u0101\u0146u gramatikas burv\u012bbu<\/h3>\n\n\n\n<p>S\u0101kum\u0101 <a href=\"https:\/\/talkpal.ai\/romanian-grammar\/\">rum\u0101\u0146u valodas gramatika<\/a> var \u0161\u0137ist m\u012bklaina, ta\u010du ar laiku, paciet\u012bbu un lielu interesi par valodu j\u016bs atkl\u0101siet \u0161\u012bs iev\u0113rojam\u0101s valodas bag\u0101t\u012bbas nosl\u0113pumus. T\u0101tad, k\u0101p\u0113c gaid\u012bt? S\u0101ciet savu rum\u0101\u0146u valodas ce\u013cojumu jau \u0161odien un goz\u0113jieties t\u0101s gramatikas, kult\u016bras un valdzino\u0161\u0101s pasaules skaistum\u0101, ko t\u0101 jums atver.<\/p>\n<\/div><\/div>\n\r\n<section class=\"learnNavigationSection\">\r\n            \r\n        <a href=\"https:\/\/talkpal.ai\/lv\/apgustiet-rumanu-valodu\/\">\r\n            <div class=\"learnNavigationWrapper\">\r\n                <div class=\"learnNavigationContent\">\r\n                    <img decoding=\"async\" src=\"https:\/\/talkpal.ai\/wp-content\/uploads\/2024\/08\/Romanian.jpg\" alt=\"Romanian Flag\">\r\n                    <div>\r\n                        <h4>Par rum\u0101\u0146u valodas apguvi<\/h4>\r\n                        <p>Uzziniet visu par rum\u0101\u0146u valodas gramatiku.<\/p>\r\n                    <\/div>\r\n                <\/div>\r\n            <\/div>\r\n        <\/a>\r\n\r\n        \r\n        <a href=\"https:\/\/talkpal.ai\/lv\/rumanu-valodas-gramatikas-vingrinajumi\/\">\r\n            <div class=\"learnNavigationWrapper\">\r\n                <div class=\"learnNavigationContent\">\r\n                    <img decoding=\"async\" src=\"https:\/\/talkpal.ai\/wp-content\/uploads\/2024\/08\/Romanian.jpg\" alt=\"Romanian Flag\">\r\n                    <div>\r\n                        <h4>Rum\u0101\u0146u valodas gramatikas vingrin\u0101jums<\/h4>\r\n                        <p>Praktiz\u0113jiet rum\u0101\u0146u gramatiku.<\/p>\r\n                    <\/div>\r\n                <\/div>\r\n            <\/div>\r\n        <\/a>\r\n\r\n        \r\n        <a href=\"https:\/\/talkpal.ai\/vocabulary_language\/romanian\/\">\r\n            <div class=\"learnNavigationWrapper\">\r\n                <div class=\"learnNavigationContent\">\r\n                    <img decoding=\"async\" src=\"https:\/\/talkpal.ai\/wp-content\/uploads\/2024\/08\/Romanian.jpg\" alt=\"Romanian Flag\">\r\n                    <div>\r\n                        <h4>Rum\u0101\u0146u valodas v\u0101rdn\u012bca<\/h4>\r\n                        <p>Papla\u0161iniet savu rum\u0101\u0146u valodas v\u0101rdu kr\u0101jumu.<\/p>\r\n                    <\/div>\r\n                <\/div>\r\n            <\/div>\r\n        <\/a>\r\n\r\n            <\/section>","protected":false},"excerpt":{"rendered":"<p>Rum\u0101\u0146u gramatikas nosl\u0113pumu at\u0161\u0137etin\u0101\u0161ana Rum\u0101\u0146u valoda, vien\u012bg\u0101 rom\u0101\u0146u valoda, kur\u0101 run\u0101 Austrumeirop\u0101, pied\u0101v\u0101 unik\u0101lu un interesantu lingvistisko ce\u013cojumu. P\u0101r\u0146emot gan lat\u012b\u0146u, gan sl\u0101vu pasaules kult\u016bras mantojumu, rum\u0101\u0146u valodai ir aizraujo\u0161a v\u0113sture un aizraujo\u0161a gramatikas sist\u0113ma, ko izp\u0113t\u012bt. Neatkar\u012bgi no t\u0101, vai esat poliglotu entuziasts vai vienk\u0101r\u0161i mekl\u0113jat jaunu valodas piedz\u012bvojumu, piespr\u0101dz\u0113jieties un gatavojieties iepaz\u012bt rum\u0101\u0146u [&hellip;]<\/p>\n","protected":false},"author":1,"featured_media":117869,"parent":0,"menu_order":0,"comment_status":"closed","ping_status":"closed","template":"LearningContentPage.php","meta":{"_acf_changed":false,"footnotes":""},"class_list":["post-149450","page","type-page","status-publish","has-post-thumbnail","hentry"],"acf":[],"yoast_head":"<!-- This site is optimized with the Yoast SEO Premium plugin v27.2 (Yoast SEO v27.2) - https:\/\/yoast.com\/product\/yoast-seo-premium-wordpress\/ -->\n<title>Rum\u0101\u0146u valodas gramatika - Talkpal<\/title>\n<meta name=\"description\" content=\"Izp\u0113tiet aizraujo\u0161o rum\u0101\u0146u valodas gramatikas pasauli un atkl\u0101jiet \u0161\u012bs skaist\u0101s rom\u0101\u0146u valodas unik\u0101l\u0101s iez\u012bmes.\" \/>\n<meta name=\"robots\" content=\"index, follow, max-snippet:-1, max-image-preview:large, max-video-preview:-1\" \/>\n<link rel=\"canonical\" href=\"https:\/\/talkpal.ai\/lv\/rumanu-valodas-gramatika\/\" \/>\n<meta property=\"og:locale\" content=\"lv_LV\" \/>\n<meta property=\"og:type\" content=\"article\" \/>\n<meta property=\"og:title\" content=\"Rum\u0101\u0146u valodas gramatika\" \/>\n<meta property=\"og:description\" content=\"Rum\u0101\u0146u gramatikas nosl\u0113pumu at\u0161\u0137etin\u0101\u0161ana Rum\u0101\u0146u valoda, vien\u012bg\u0101 rom\u0101\u0146u valoda, kur\u0101 run\u0101 Austrumeirop\u0101, pied\u0101v\u0101 unik\u0101lu un interesantu lingvistisko\" \/>\n<meta property=\"og:url\" content=\"https:\/\/talkpal.ai\/lv\/rumanu-valodas-gramatika\/\" \/>\n<meta property=\"og:site_name\" content=\"Talkpal\" \/>\n<meta property=\"article:publisher\" content=\"https:\/\/www.facebook.com\/profile.php?id=100090733639311\" \/>\n<meta property=\"article:modified_time\" content=\"2025-12-17T15:34:40+00:00\" \/>\n<meta property=\"og:image\" content=\"https:\/\/talkpal.ai\/wp-content\/uploads\/2023\/05\/romania.png\" \/>\n\t<meta property=\"og:image:width\" content=\"512\" \/>\n\t<meta property=\"og:image:height\" content=\"512\" \/>\n\t<meta property=\"og:image:type\" content=\"image\/png\" \/>\n<meta name=\"twitter:card\" content=\"summary_large_image\" \/>\n<meta name=\"twitter:site\" content=\"@talkpalai\" \/>\n<meta name=\"twitter:label1\" content=\"Est. reading time\" \/>\n\t<meta name=\"twitter:data1\" content=\"3 minutes\" \/>\n<script type=\"application\/ld+json\" class=\"yoast-schema-graph\">{\"@context\":\"https:\/\/schema.org\",\"@graph\":[{\"@type\":\"WebPage\",\"@id\":\"https:\/\/talkpal.ai\/lv\/rumanu-valodas-gramatika\/\",\"url\":\"https:\/\/talkpal.ai\/lv\/rumanu-valodas-gramatika\/\",\"name\":\"Rum\u0101\u0146u valodas gramatika - Talkpal\",\"isPartOf\":{\"@id\":\"https:\/\/talkpal.ai\/lv\/#website\"},\"primaryImageOfPage\":{\"@id\":\"https:\/\/talkpal.ai\/lv\/rumanu-valodas-gramatika\/#primaryimage\"},\"image\":{\"@id\":\"https:\/\/talkpal.ai\/lv\/rumanu-valodas-gramatika\/#primaryimage\"},\"thumbnailUrl\":\"https:\/\/talkpal.ai\/wp-content\/uploads\/2023\/05\/romania.png\",\"datePublished\":\"2023-05-14T14:19:07+00:00\",\"dateModified\":\"2025-12-17T15:34:40+00:00\",\"description\":\"Izp\u0113tiet aizraujo\u0161o rum\u0101\u0146u valodas gramatikas pasauli un atkl\u0101jiet \u0161\u012bs skaist\u0101s rom\u0101\u0146u valodas unik\u0101l\u0101s iez\u012bmes.\",\"breadcrumb\":{\"@id\":\"https:\/\/talkpal.ai\/lv\/rumanu-valodas-gramatika\/#breadcrumb\"},\"inLanguage\":\"lv-LV\",\"potentialAction\":[{\"@type\":\"ReadAction\",\"target\":[\"https:\/\/talkpal.ai\/lv\/rumanu-valodas-gramatika\/\"]}]},{\"@type\":\"ImageObject\",\"inLanguage\":\"lv-LV\",\"@id\":\"https:\/\/talkpal.ai\/lv\/rumanu-valodas-gramatika\/#primaryimage\",\"url\":\"https:\/\/talkpal.ai\/wp-content\/uploads\/2023\/05\/romania.png\",\"contentUrl\":\"https:\/\/talkpal.ai\/wp-content\/uploads\/2023\/05\/romania.png\",\"width\":512,\"height\":512},{\"@type\":\"BreadcrumbList\",\"@id\":\"https:\/\/talkpal.ai\/lv\/rumanu-valodas-gramatika\/#breadcrumb\",\"itemListElement\":[{\"@type\":\"ListItem\",\"position\":1,\"name\":\"Homepage\",\"item\":\"https:\/\/talkpal.ai\/lv\/\"},{\"@type\":\"ListItem\",\"position\":2,\"name\":\"Rum\u0101\u0146u valodas gramatika\"}]},{\"@type\":\"WebSite\",\"@id\":\"https:\/\/talkpal.ai\/lv\/#website\",\"url\":\"https:\/\/talkpal.ai\/lv\/\",\"name\":\"Talkpal\",\"description\":\"AI Language Learning\",\"publisher\":{\"@id\":\"https:\/\/talkpal.ai\/lv\/#organization\"},\"alternateName\":\"Talkpal AI\",\"potentialAction\":[{\"@type\":\"SearchAction\",\"target\":{\"@type\":\"EntryPoint\",\"urlTemplate\":\"https:\/\/talkpal.ai\/lv\/?s={search_term_string}\"},\"query-input\":{\"@type\":\"PropertyValueSpecification\",\"valueRequired\":true,\"valueName\":\"search_term_string\"}}],\"inLanguage\":\"lv-LV\"},{\"@type\":\"Organization\",\"@id\":\"https:\/\/talkpal.ai\/lv\/#organization\",\"name\":\"Talkpal, Inc.\",\"alternateName\":\"Talkpal AI\",\"url\":\"https:\/\/talkpal.ai\/lv\/\",\"logo\":{\"@type\":\"ImageObject\",\"inLanguage\":\"lv-LV\",\"@id\":\"https:\/\/talkpal.ai\/lv\/#\/schema\/logo\/image\/\",\"url\":\"https:\/\/talkpal.ai\/wp-content\/uploads\/2024\/03\/Talkpal-Logo-Icon.png\",\"contentUrl\":\"https:\/\/talkpal.ai\/wp-content\/uploads\/2024\/03\/Talkpal-Logo-Icon.png\",\"width\":2880,\"height\":2880,\"caption\":\"Talkpal, Inc.\"},\"image\":{\"@id\":\"https:\/\/talkpal.ai\/lv\/#\/schema\/logo\/image\/\"},\"sameAs\":[\"https:\/\/www.facebook.com\/profile.php?id=100090733639311\",\"https:\/\/x.com\/talkpalai\",\"https:\/\/www.linkedin.com\/company\/talkpal\/\",\"https:\/\/www.youtube.com\/@TalkPal\/\",\"https:\/\/www.tiktok.com\/@talkpal\",\"https:\/\/www.instagram.com\/talkpal_ai\/\",\"https:\/\/www.crunchbase.com\/organization\/talkpal-9cde\",\"https:\/\/www.g2.com\/products\/talkpal-for-business\/\",\"https:\/\/www.trustpilot.com\/review\/talkpal.ai\",\"https:\/\/www.capterra.com\/p\/10006800\/TalkPal\/\"],\"description\":\"Talkpal is a language learning web and mobile education app, powered by the latest AI technologies, that provides engaging experiences to its customers in many different languages to help them improve their language skills. Users can chat about unlimited amount of topics with the app and use other modes to practice their language learning.\",\"email\":\"support@talkpal.ai\",\"legalName\":\"Talkpal, Inc.\",\"foundingDate\":\"2023-04-03\",\"duns\":\"118989042\",\"numberOfEmployees\":{\"@type\":\"QuantitativeValue\",\"minValue\":\"11\",\"maxValue\":\"50\"},\"publishingPrinciples\":\"https:\/\/talkpal.ai\/publishing-principles\/\",\"actionableFeedbackPolicy\":\"https:\/\/talkpal.ai\/actionable-feedback-policy\/\",\"correctionsPolicy\":\"https:\/\/talkpal.ai\/corrections-policy\/\",\"ethicsPolicy\":\"https:\/\/talkpal.ai\/ethics-policy\/\",\"diversityPolicy\":\"https:\/\/talkpal.ai\/diversity-policy\/\",\"diversityStaffingReport\":\"https:\/\/talkpal.ai\/diversity-policy\/\"}]}<\/script>\n<!-- \/ Yoast SEO Premium plugin. -->","yoast_head_json":{"title":"Rum\u0101\u0146u valodas gramatika - Talkpal","description":"Izp\u0113tiet aizraujo\u0161o rum\u0101\u0146u valodas gramatikas pasauli un atkl\u0101jiet \u0161\u012bs skaist\u0101s rom\u0101\u0146u valodas unik\u0101l\u0101s iez\u012bmes.","robots":{"index":"index","follow":"follow","max-snippet":"max-snippet:-1","max-image-preview":"max-image-preview:large","max-video-preview":"max-video-preview:-1"},"canonical":"https:\/\/talkpal.ai\/lv\/rumanu-valodas-gramatika\/","og_locale":"lv_LV","og_type":"article","og_title":"Rum\u0101\u0146u valodas gramatika","og_description":"Rum\u0101\u0146u gramatikas nosl\u0113pumu at\u0161\u0137etin\u0101\u0161ana Rum\u0101\u0146u valoda, vien\u012bg\u0101 rom\u0101\u0146u valoda, kur\u0101 run\u0101 Austrumeirop\u0101, pied\u0101v\u0101 unik\u0101lu un interesantu lingvistisko","og_url":"https:\/\/talkpal.ai\/lv\/rumanu-valodas-gramatika\/","og_site_name":"Talkpal","article_publisher":"https:\/\/www.facebook.com\/profile.php?id=100090733639311","article_modified_time":"2025-12-17T15:34:40+00:00","og_image":[{"width":512,"height":512,"url":"https:\/\/talkpal.ai\/wp-content\/uploads\/2023\/05\/romania.png","type":"image\/png"}],"twitter_card":"summary_large_image","twitter_site":"@talkpalai","twitter_misc":{"Est. reading time":"3 minutes"},"schema":{"@context":"https:\/\/schema.org","@graph":[{"@type":"WebPage","@id":"https:\/\/talkpal.ai\/lv\/rumanu-valodas-gramatika\/","url":"https:\/\/talkpal.ai\/lv\/rumanu-valodas-gramatika\/","name":"Rum\u0101\u0146u valodas gramatika - Talkpal","isPartOf":{"@id":"https:\/\/talkpal.ai\/lv\/#website"},"primaryImageOfPage":{"@id":"https:\/\/talkpal.ai\/lv\/rumanu-valodas-gramatika\/#primaryimage"},"image":{"@id":"https:\/\/talkpal.ai\/lv\/rumanu-valodas-gramatika\/#primaryimage"},"thumbnailUrl":"https:\/\/talkpal.ai\/wp-content\/uploads\/2023\/05\/romania.png","datePublished":"2023-05-14T14:19:07+00:00","dateModified":"2025-12-17T15:34:40+00:00","description":"Izp\u0113tiet aizraujo\u0161o rum\u0101\u0146u valodas gramatikas pasauli un atkl\u0101jiet \u0161\u012bs skaist\u0101s rom\u0101\u0146u valodas unik\u0101l\u0101s iez\u012bmes.","breadcrumb":{"@id":"https:\/\/talkpal.ai\/lv\/rumanu-valodas-gramatika\/#breadcrumb"},"inLanguage":"lv-LV","potentialAction":[{"@type":"ReadAction","target":["https:\/\/talkpal.ai\/lv\/rumanu-valodas-gramatika\/"]}]},{"@type":"ImageObject","inLanguage":"lv-LV","@id":"https:\/\/talkpal.ai\/lv\/rumanu-valodas-gramatika\/#primaryimage","url":"https:\/\/talkpal.ai\/wp-content\/uploads\/2023\/05\/romania.png","contentUrl":"https:\/\/talkpal.ai\/wp-content\/uploads\/2023\/05\/romania.png","width":512,"height":512},{"@type":"BreadcrumbList","@id":"https:\/\/talkpal.ai\/lv\/rumanu-valodas-gramatika\/#breadcrumb","itemListElement":[{"@type":"ListItem","position":1,"name":"Homepage","item":"https:\/\/talkpal.ai\/lv\/"},{"@type":"ListItem","position":2,"name":"Rum\u0101\u0146u valodas gramatika"}]},{"@type":"WebSite","@id":"https:\/\/talkpal.ai\/lv\/#website","url":"https:\/\/talkpal.ai\/lv\/","name":"Talkpal","description":"AI Language Learning","publisher":{"@id":"https:\/\/talkpal.ai\/lv\/#organization"},"alternateName":"Talkpal AI","potentialAction":[{"@type":"SearchAction","target":{"@type":"EntryPoint","urlTemplate":"https:\/\/talkpal.ai\/lv\/?s={search_term_string}"},"query-input":{"@type":"PropertyValueSpecification","valueRequired":true,"valueName":"search_term_string"}}],"inLanguage":"lv-LV"},{"@type":"Organization","@id":"https:\/\/talkpal.ai\/lv\/#organization","name":"Talkpal, Inc.","alternateName":"Talkpal AI","url":"https:\/\/talkpal.ai\/lv\/","logo":{"@type":"ImageObject","inLanguage":"lv-LV","@id":"https:\/\/talkpal.ai\/lv\/#\/schema\/logo\/image\/","url":"https:\/\/talkpal.ai\/wp-content\/uploads\/2024\/03\/Talkpal-Logo-Icon.png","contentUrl":"https:\/\/talkpal.ai\/wp-content\/uploads\/2024\/03\/Talkpal-Logo-Icon.png","width":2880,"height":2880,"caption":"Talkpal, Inc."},"image":{"@id":"https:\/\/talkpal.ai\/lv\/#\/schema\/logo\/image\/"},"sameAs":["https:\/\/www.facebook.com\/profile.php?id=100090733639311","https:\/\/x.com\/talkpalai","https:\/\/www.linkedin.com\/company\/talkpal\/","https:\/\/www.youtube.com\/@TalkPal\/","https:\/\/www.tiktok.com\/@talkpal","https:\/\/www.instagram.com\/talkpal_ai\/","https:\/\/www.crunchbase.com\/organization\/talkpal-9cde","https:\/\/www.g2.com\/products\/talkpal-for-business\/","https:\/\/www.trustpilot.com\/review\/talkpal.ai","https:\/\/www.capterra.com\/p\/10006800\/TalkPal\/"],"description":"Talkpal is a language learning web and mobile education app, powered by the latest AI technologies, that provides engaging experiences to its customers in many different languages to help them improve their language skills. Users can chat about unlimited amount of topics with the app and use other modes to practice their language learning.","email":"support@talkpal.ai","legalName":"Talkpal, Inc.","foundingDate":"2023-04-03","duns":"118989042","numberOfEmployees":{"@type":"QuantitativeValue","minValue":"11","maxValue":"50"},"publishingPrinciples":"https:\/\/talkpal.ai\/publishing-principles\/","actionableFeedbackPolicy":"https:\/\/talkpal.ai\/actionable-feedback-policy\/","correctionsPolicy":"https:\/\/talkpal.ai\/corrections-policy\/","ethicsPolicy":"https:\/\/talkpal.ai\/ethics-policy\/","diversityPolicy":"https:\/\/talkpal.ai\/diversity-policy\/","diversityStaffingReport":"https:\/\/talkpal.ai\/diversity-policy\/"}]}},"_links":{"self":[{"href":"https:\/\/talkpal.ai\/lv\/wp-json\/wp\/v2\/pages\/149450","targetHints":{"allow":["GET"]}}],"collection":[{"href":"https:\/\/talkpal.ai\/lv\/wp-json\/wp\/v2\/pages"}],"about":[{"href":"https:\/\/talkpal.ai\/lv\/wp-json\/wp\/v2\/types\/page"}],"author":[{"embeddable":true,"href":"https:\/\/talkpal.ai\/lv\/wp-json\/wp\/v2\/users\/1"}],"replies":[{"embeddable":true,"href":"https:\/\/talkpal.ai\/lv\/wp-json\/wp\/v2\/comments?post=149450"}],"version-history":[{"count":0,"href":"https:\/\/talkpal.ai\/lv\/wp-json\/wp\/v2\/pages\/149450\/revisions"}],"wp:featuredmedia":[{"embeddable":true,"href":"https:\/\/talkpal.ai\/lv\/wp-json\/wp\/v2\/media\/117869"}],"wp:attachment":[{"href":"https:\/\/talkpal.ai\/lv\/wp-json\/wp\/v2\/media?parent=149450"}],"curies":[{"name":"wp","href":"https:\/\/api.w.org\/{rel}","templated":true}]}}