{"id":149082,"date":"2023-05-14T14:18:46","date_gmt":"2023-05-14T14:18:46","guid":{"rendered":"http:\/\/talkpal.ai\/polu-valodas-gramatika\/"},"modified":"2025-12-17T17:15:38","modified_gmt":"2025-12-17T17:15:38","slug":"polu-valodas-gramatika","status":"publish","type":"page","link":"https:\/\/talkpal.ai\/lv\/polu-valodas-gramatika\/","title":{"rendered":"Po\u013cu valodas gramatika"},"content":{"rendered":"\r\n\r\n\r\n<section class=\"languageChallengeSection\">\r\n    <div class=\"languageInfoWrapper\">\r\n        \r\n        <h1>Po\u013cu valodas gramatika<\/h1>\r\n        <p>Ieskatieties aizraujo\u0161aj\u0101 <a href=\"https:\/\/talkpal.ai\/learn-polish\/\">po\u013cu<\/a> <a href=\"https:\/\/talkpal.ai\/what-language-is-spoken-on-the-international-space-station\/\">valodas<\/a> gramatikas pasaul\u0113 un atkl\u0101jiet vienas no Centr\u0101leiropas vispla\u0161\u0101k lietotaj\u0101m valod\u0101m pamatus. Apg\u016bstot svar\u012bg\u0101kos noteikumus, j\u016bs var\u0113siet efekt\u012bv\u0101k sazin\u0101ties un lab\u0101k izprast po\u013cu kult\u016bru. S\u0101ciet m\u0101c\u012bties po\u013cu valodas gramatiku jau \u0161odien un speriet pirmo soli ce\u013c\u0101 uz teko\u0161u valodas apguvi!<\/p>\r\n\r\n                            <a class=\"getStartedHidden\" href=\"https:\/\/app.talkpal.ai\/lv\/signup?lng=\">S\u0101c<\/a>\r\n        \r\n    <\/div>\r\n\r\n    <figure>\r\n    <img decoding=\"async\" width=\"768\" height=\"768\" src=\"https:\/\/talkpal.ai\/wp-content\/uploads\/2023\/06\/polish-768x768.png\" class=\"languageImage no-lazy\" alt=\"Practical tips on language learning techniques\" fetchpriority=\"high\" sizes=\"(max-width: 768px) 150px, 768px\" srcset=\"https:\/\/talkpal.ai\/wp-content\/uploads\/2023\/06\/polish-768x768.png 768w, https:\/\/talkpal.ai\/wp-content\/uploads\/2023\/06\/polish-300x300.png 300w\" \/>\r\n    \r\n\r\n    <\/figure>\r\n\r\n            <a class=\"getStartedVisible\" href=\"https:\/\/app.talkpal.ai\/lv\/signup?lng=\">S\u0101c<\/a>\r\n    \r\n<\/section>\r\n<section class=\"promotionalBanner\">\r\n    <p class=\"promotionalText\">Visefekt\u012bv\u0101kais <a href=\"https:\/\/talkpal.ai\/best-way-to-learn\/\">veids<\/a>, k\u0101 apg\u016bt valodu<\/p>\r\n    <a class=\"promotionalLink\" href=\"https:\/\/app.talkpal.ai\/lv\/signup?lng=\">Izm\u0113\u0123iniet Talkpal bez maksas<\/a>\r\n<\/section>\n<div class=\"wp-block-group pageContainerStyle\"><div class=\"wp-block-group__inner-container is-layout-constrained wp-block-group-is-layout-constrained\">\n<h2 class=\"wp-block-heading\" id=\"h-breaking-down-the-puzzle-of-polish-grammar\">Po\u013cu gramatikas m\u012bklas sadal\u012b\u0161ana<\/h2>\n\n\n\n<p>Po\u013cu valoda, sl\u0101vu valoda, ir gan izaicin\u0101jums, gan atalgojums valodu apguv\u0113jiem, kuri mekl\u0113 unik\u0101lu lingvistisku piedz\u012bvojumu. Ienirstot po\u013cu valod\u0101, j\u016bs atkl\u0101siet aizraujo\u0161u v\u0113sturi un kult\u016bru, kas papildina pa\u0161as valodas bag\u0101t\u012bbu. Lai gan <a href=\"https:\/\/talkpal.ai\/polish-grammar\/\">po\u013cu valodas gramatika<\/a> var \u0161\u0137ist sare\u017e\u0123\u012bta, t\u0101s dekonstru\u0113\u0161ana p\u0101rvald\u0101mos elementos padara m\u0101c\u012bbu procesu pieejam\u0101ku. \u0160\u012b raksta m\u0113r\u0137is ir iepaz\u012bstin\u0101t j\u016bs ar valdzino\u0161o po\u013cu valodas gramatikas pasauli un sniegt nor\u0101d\u012bjumus, k\u0101 tikt gal\u0101 ar t\u0101s sare\u017e\u0123\u012bt\u012bbu.<\/p>\n\n\n\n<h3 class=\"wp-block-heading\" id=\"h-1-noun-gender-and-cases\">1. Lietv\u0101rds Dzimums un gad\u012bjumi<\/h3>\n\n\n\n<p>Po\u013cu valodas lietv\u0101rdiem ir gramatiskais dzimums &#8211; v\u012brie\u0161u, sievie\u0161u un vid\u0113jais dzimums, kas ietekm\u0113 \u012bpa\u0161\u012bbas v\u0101rdu, vietniekv\u0101rdu un darb\u012bbas v\u0101rdu formas. Turkl\u0101t po\u013cu valod\u0101 ir septi\u0146i gramatiskie gad\u012bjumi: nominat\u012bvs, \u0123enit\u012bvs, dative, akuzat\u012bvs, instrument\u0101ls, lokat\u012bvs un vokat\u012bvs. Iepaz\u012b\u0161an\u0101s ar dzimumu un lietu sist\u0113mu ir b\u016btiska, lai izprastu un konstru\u0113tu prec\u012bzus po\u013cu teikumus.<\/p>\n\n\n\n<h3 class=\"wp-block-heading\" id=\"h-2-verb-conjugation-person-tense-and-aspect\">2. Darb\u012bbas v\u0101rdu konjug\u0101cija: persona, sasprindzin\u0101jums un aspekts<\/h3>\n\n\n\n<p>Po\u013cu darb\u012bbas v\u0101rdiem j\u0101b\u016bt konjug\u0113tiem atbilsto\u0161i sasprindzin\u0101jumam, aspektam un personai (pirmajam, otrajam vai tre\u0161ajam). Ir tr\u012bs galvenie sasprindzin\u0101jumi: tagadne, pag\u0101tne un n\u0101kotne. Turkl\u0101t po\u013cu darb\u012bbas v\u0101rdiem ir divi aspekti: perfekts (pabeigt\u0101m darb\u012bb\u0101m) un nepiln\u012bgs (notieko\u0161\u0101m vai parasti veikt\u0101m darb\u012bb\u0101m). \u0160o konjug\u0101cijas noteikumu apg\u016b\u0161ana iev\u0113rojami uzlabos j\u016bsu verb\u0101l\u0101s komunik\u0101cijas prasmes po\u013cu valod\u0101.<\/p>\n\n\n\n<h3 class=\"wp-block-heading\" id=\"h-3-adjectives-agreement-and-placement\">3. \u012apa\u0161\u012bbas v\u0101rdi: vieno\u0161an\u0101s un izvietojums<\/h3>\n\n\n\n<p>Po\u013cu \u012bpa\u0161\u012bbas v\u0101rdiem ir j\u0101piekr\u012bt lietv\u0101rdam, ko tie maina attiec\u012bb\u0101 uz dzimumu, skaitu un gad\u012bjumu. \u012apa\u0161\u012bbas v\u0101rdi parasti ir pirms lietv\u0101rda, nodro\u0161inot teikumam b\u016btisku apraksto\u0161u kontekstu.<\/p>\n\n\n\n<p>Piem\u0113ri:<\/p>\n\n\n\n<p>&#8211; czerwona sukienka (sarkana kleita)<\/p>\n\n\n\n<p>&#8211; pi\u0119kny ogr\u00f3d (skaists d\u0101rzs)<\/p>\n\n\n\n<h3 class=\"wp-block-heading\" id=\"h-4-pronouns-types-and-uses\">4. Vietniekv\u0101rdi: veidi un lietojumi<\/h3>\n\n\n\n<p>Po\u013cu vietniekv\u0101rdiem ir da\u017e\u0101das formas, tostarp person\u012bgie, piedero\u0161ie, refleks\u012bvie, demonstrat\u012bvie un pratino\u0161ie vietniekv\u0101rdi. Izpratne par to, k\u0101 un kad lietot \u0161os vietniekv\u0101rdus, padar\u012bs j\u016bsu po\u013cu valodas gramatiku prec\u012bz\u0101ku un uzlabos j\u016bsu visp\u0101r\u0113j\u0101s valodas prasmes.<\/p>\n\n\n\n<h3 class=\"wp-block-heading\" id=\"h-5-negation-conveying-the-opposite\">5. Noliegums: pret\u0113j\u0101 nodo\u0161ana<\/h3>\n\n\n\n<p>Po\u013cu valodas gramatik\u0101 noliegums tiek lietots, pievienojot v\u0101rdu &#8220;nie&#8221; pirms darb\u012bbas v\u0101rdiem, \u012bpa\u0161\u012bbas v\u0101rdiem, apst\u0101k\u013ca v\u0101rdiem vai vietniekv\u0101rdiem. Tom\u0113r \u012bpa\u0161i noteikumi attiecas uz teikumu nolieg\u0161anu ar lietv\u0101rdiem, kam var b\u016bt nepiecie\u0161ama papildu priev\u0101rds vai cita lietv\u0101rda forma. \u0160o nolieguma mode\u013cu atpaz\u012b\u0161ana pal\u012bdz\u0113s jums skaidri izteikt savu iecer\u0113to noz\u012bmi po\u013cu valod\u0101.<\/p>\n\n\n\n<h3 class=\"wp-block-heading\" id=\"h-6-engage-with-the-language\">6. Mijiedarbojieties ar valodu<\/h3>\n\n\n\n<p>Visefekt\u012bv\u0101kais veids, k\u0101 izprast un internaliz\u0113t po\u013cu valodas gramatiku, ir regul\u0101ri iesaist\u012bties valod\u0101. S\u0101kot ar po\u013cu literat\u016bras las\u012b\u0161anu, po\u013cu filmu skat\u012b\u0161anos vai akt\u012bvu savieno\u0161anos ar dzimt\u0101s valodas run\u0101t\u0101jiem, iegremd\u0113\u0161ana da\u017e\u0101dos kontekstos stiprin\u0101s j\u016bsu izpratni par gramatiku, vienlaikus papla\u0161inot v\u0101rdu kr\u0101jumu.<\/p>\n\n\n\n<h3 class=\"wp-block-heading\" id=\"h-conclusion\">Secin\u0101jums<\/h3>\n\n\n\n<p>Lai gan po\u013cu valodas gramatika var \u0161\u0137ist neskaidra, konsekventa praktiz\u0113\u0161ana un t\u0101s risin\u0101\u0161ana soli pa solim pal\u012bdz\u0113s jums k\u013c\u016bt par \u0161\u012bs unik\u0101l\u0101s valodas lietprat\u0113ju. Pie\u0146emiet izaicin\u0101jumu, kad s\u0101kat savu po\u013cu valodas ce\u013cojumu, un dr\u012bz j\u016bs atrad\u012bsit, ka p\u0101rliecino\u0161i dekod\u0113jat t\u0101s gramatikas sare\u017e\u0123\u012bt\u012bbu. Veiksmi studij\u0101s un izbaudiet po\u013cu valodas gramatikas sl\u0101\u0146u izp\u0113ti!<\/p>\n<\/div><\/div>\n\r\n<section class=\"learnNavigationSection\">\r\n            \r\n        <a href=\"https:\/\/talkpal.ai\/lv\/apgustiet-polu-valodu\/\">\r\n            <div class=\"learnNavigationWrapper\">\r\n                <div class=\"learnNavigationContent\">\r\n                    <img decoding=\"async\" src=\"https:\/\/talkpal.ai\/wp-content\/uploads\/2024\/08\/Polish.jpg\" alt=\"Polish Flag\">\r\n                    <div>\r\n                        <h4>Par po\u013cu valodas apguvi<\/h4>\r\n                        <p>Uzziniet visu par po\u013cu valodas gramatiku.<\/p>\r\n                    <\/div>\r\n                <\/div>\r\n            <\/div>\r\n        <\/a>\r\n\r\n        \r\n        <a href=\"https:\/\/talkpal.ai\/lv\/polu-valodas-gramatikas-vingrinajumi\/\">\r\n            <div class=\"learnNavigationWrapper\">\r\n                <div class=\"learnNavigationContent\">\r\n                    <img decoding=\"async\" src=\"https:\/\/talkpal.ai\/wp-content\/uploads\/2024\/08\/Polish.jpg\" alt=\"Polish Flag\">\r\n                    <div>\r\n                        <h4>Po\u013cu valodas gramatikas vingrin\u0101jums<\/h4>\r\n                        <p>Praktiz\u0113jiet po\u013cu valodas gramatiku.<\/p>\r\n                    <\/div>\r\n                <\/div>\r\n            <\/div>\r\n        <\/a>\r\n\r\n        \r\n        <a href=\"https:\/\/talkpal.ai\/vocabulary_language\/polish\/\">\r\n            <div class=\"learnNavigationWrapper\">\r\n                <div class=\"learnNavigationContent\">\r\n                    <img decoding=\"async\" src=\"https:\/\/talkpal.ai\/wp-content\/uploads\/2024\/08\/Polish.jpg\" alt=\"Polish Flag\">\r\n                    <div>\r\n                        <h4>Po\u013cu valodas v\u0101rdn\u012bca<\/h4>\r\n                        <p>Papla\u0161iniet savu po\u013cu valodas v\u0101rdu kr\u0101jumu.<\/p>\r\n                    <\/div>\r\n                <\/div>\r\n            <\/div>\r\n        <\/a>\r\n\r\n            <\/section>","protected":false},"excerpt":{"rendered":"<p>Po\u013cu gramatikas m\u012bklas sadal\u012b\u0161ana Po\u013cu valoda, sl\u0101vu valoda, ir gan izaicin\u0101jums, gan atalgojums valodu apguv\u0113jiem, kuri mekl\u0113 unik\u0101lu lingvistisku piedz\u012bvojumu. Ienirstot po\u013cu valod\u0101, j\u016bs atkl\u0101siet aizraujo\u0161u v\u0113sturi un kult\u016bru, kas papildina pa\u0161as valodas bag\u0101t\u012bbu. Lai gan po\u013cu valodas gramatika var \u0161\u0137ist sare\u017e\u0123\u012bta, t\u0101s dekonstru\u0113\u0161ana p\u0101rvald\u0101mos elementos padara m\u0101c\u012bbu procesu pieejam\u0101ku. \u0160\u012b raksta m\u0113r\u0137is ir iepaz\u012bstin\u0101t [&hellip;]<\/p>\n","protected":false},"author":1,"featured_media":117404,"parent":0,"menu_order":0,"comment_status":"closed","ping_status":"closed","template":"LearningContentPage.php","meta":{"_acf_changed":false,"footnotes":""},"class_list":["post-149082","page","type-page","status-publish","has-post-thumbnail","hentry"],"acf":[],"yoast_head":"<!-- This site is optimized with the Yoast SEO Premium plugin v27.2 (Yoast SEO v27.2) - https:\/\/yoast.com\/product\/yoast-seo-premium-wordpress\/ -->\n<title>Po\u013cu valodas gramatika - Talkpal<\/title>\n<meta name=\"description\" content=\"Apg\u016bstiet po\u013cu valodas gramatiku ar interakt\u012bviem vingrin\u0101jumiem, kas paredz\u0113ti visiem m\u0101c\u012bbu l\u012bme\u0146iem. Uzlabojiet savas po\u013cu valodas prasmes!\" \/>\n<meta name=\"robots\" content=\"index, follow, max-snippet:-1, max-image-preview:large, max-video-preview:-1\" \/>\n<link rel=\"canonical\" href=\"https:\/\/talkpal.ai\/lv\/polu-valodas-gramatika\/\" \/>\n<meta property=\"og:locale\" content=\"lv_LV\" \/>\n<meta property=\"og:type\" content=\"article\" \/>\n<meta property=\"og:title\" content=\"Po\u013cu valodas gramatika\" \/>\n<meta property=\"og:description\" content=\"Po\u013cu gramatikas m\u012bklas sadal\u012b\u0161ana Po\u013cu valoda, sl\u0101vu valoda, ir gan izaicin\u0101jums, gan atalgojums valodu apguv\u0113jiem, kuri mekl\u0113 unik\u0101lu lingvistisku\" \/>\n<meta property=\"og:url\" content=\"https:\/\/talkpal.ai\/lv\/polu-valodas-gramatika\/\" \/>\n<meta property=\"og:site_name\" content=\"Talkpal\" \/>\n<meta property=\"article:publisher\" content=\"https:\/\/www.facebook.com\/profile.php?id=100090733639311\" \/>\n<meta property=\"article:modified_time\" content=\"2025-12-17T17:15:38+00:00\" \/>\n<meta property=\"og:image\" content=\"https:\/\/talkpal.ai\/wp-content\/uploads\/2023\/05\/poland.png\" \/>\n\t<meta property=\"og:image:width\" content=\"512\" \/>\n\t<meta property=\"og:image:height\" content=\"512\" \/>\n\t<meta property=\"og:image:type\" content=\"image\/png\" \/>\n<meta name=\"twitter:card\" content=\"summary_large_image\" \/>\n<meta name=\"twitter:site\" content=\"@talkpalai\" \/>\n<meta name=\"twitter:label1\" content=\"Est. reading time\" \/>\n\t<meta name=\"twitter:data1\" content=\"3 minutes\" \/>\n<script type=\"application\/ld+json\" class=\"yoast-schema-graph\">{\"@context\":\"https:\/\/schema.org\",\"@graph\":[{\"@type\":\"WebPage\",\"@id\":\"https:\/\/talkpal.ai\/lv\/polu-valodas-gramatika\/\",\"url\":\"https:\/\/talkpal.ai\/lv\/polu-valodas-gramatika\/\",\"name\":\"Po\u013cu valodas gramatika - Talkpal\",\"isPartOf\":{\"@id\":\"https:\/\/talkpal.ai\/lv\/#website\"},\"primaryImageOfPage\":{\"@id\":\"https:\/\/talkpal.ai\/lv\/polu-valodas-gramatika\/#primaryimage\"},\"image\":{\"@id\":\"https:\/\/talkpal.ai\/lv\/polu-valodas-gramatika\/#primaryimage\"},\"thumbnailUrl\":\"https:\/\/talkpal.ai\/wp-content\/uploads\/2023\/05\/poland.png\",\"datePublished\":\"2023-05-14T14:18:46+00:00\",\"dateModified\":\"2025-12-17T17:15:38+00:00\",\"description\":\"Apg\u016bstiet po\u013cu valodas gramatiku ar interakt\u012bviem vingrin\u0101jumiem, kas paredz\u0113ti visiem m\u0101c\u012bbu l\u012bme\u0146iem. Uzlabojiet savas po\u013cu valodas prasmes!\",\"breadcrumb\":{\"@id\":\"https:\/\/talkpal.ai\/lv\/polu-valodas-gramatika\/#breadcrumb\"},\"inLanguage\":\"lv-LV\",\"potentialAction\":[{\"@type\":\"ReadAction\",\"target\":[\"https:\/\/talkpal.ai\/lv\/polu-valodas-gramatika\/\"]}]},{\"@type\":\"ImageObject\",\"inLanguage\":\"lv-LV\",\"@id\":\"https:\/\/talkpal.ai\/lv\/polu-valodas-gramatika\/#primaryimage\",\"url\":\"https:\/\/talkpal.ai\/wp-content\/uploads\/2023\/05\/poland.png\",\"contentUrl\":\"https:\/\/talkpal.ai\/wp-content\/uploads\/2023\/05\/poland.png\",\"width\":512,\"height\":512},{\"@type\":\"BreadcrumbList\",\"@id\":\"https:\/\/talkpal.ai\/lv\/polu-valodas-gramatika\/#breadcrumb\",\"itemListElement\":[{\"@type\":\"ListItem\",\"position\":1,\"name\":\"Homepage\",\"item\":\"https:\/\/talkpal.ai\/lv\/\"},{\"@type\":\"ListItem\",\"position\":2,\"name\":\"Po\u013cu valodas gramatika\"}]},{\"@type\":\"WebSite\",\"@id\":\"https:\/\/talkpal.ai\/lv\/#website\",\"url\":\"https:\/\/talkpal.ai\/lv\/\",\"name\":\"Talkpal\",\"description\":\"AI Language Learning\",\"publisher\":{\"@id\":\"https:\/\/talkpal.ai\/lv\/#organization\"},\"alternateName\":\"Talkpal AI\",\"potentialAction\":[{\"@type\":\"SearchAction\",\"target\":{\"@type\":\"EntryPoint\",\"urlTemplate\":\"https:\/\/talkpal.ai\/lv\/?s={search_term_string}\"},\"query-input\":{\"@type\":\"PropertyValueSpecification\",\"valueRequired\":true,\"valueName\":\"search_term_string\"}}],\"inLanguage\":\"lv-LV\"},{\"@type\":\"Organization\",\"@id\":\"https:\/\/talkpal.ai\/lv\/#organization\",\"name\":\"Talkpal, Inc.\",\"alternateName\":\"Talkpal AI\",\"url\":\"https:\/\/talkpal.ai\/lv\/\",\"logo\":{\"@type\":\"ImageObject\",\"inLanguage\":\"lv-LV\",\"@id\":\"https:\/\/talkpal.ai\/lv\/#\/schema\/logo\/image\/\",\"url\":\"https:\/\/talkpal.ai\/wp-content\/uploads\/2024\/03\/Talkpal-Logo-Icon.png\",\"contentUrl\":\"https:\/\/talkpal.ai\/wp-content\/uploads\/2024\/03\/Talkpal-Logo-Icon.png\",\"width\":2880,\"height\":2880,\"caption\":\"Talkpal, Inc.\"},\"image\":{\"@id\":\"https:\/\/talkpal.ai\/lv\/#\/schema\/logo\/image\/\"},\"sameAs\":[\"https:\/\/www.facebook.com\/profile.php?id=100090733639311\",\"https:\/\/x.com\/talkpalai\",\"https:\/\/www.linkedin.com\/company\/talkpal\/\",\"https:\/\/www.youtube.com\/@TalkPal\/\",\"https:\/\/www.tiktok.com\/@talkpal\",\"https:\/\/www.instagram.com\/talkpal_ai\/\",\"https:\/\/www.crunchbase.com\/organization\/talkpal-9cde\",\"https:\/\/www.g2.com\/products\/talkpal-for-business\/\",\"https:\/\/www.trustpilot.com\/review\/talkpal.ai\",\"https:\/\/www.capterra.com\/p\/10006800\/TalkPal\/\"],\"description\":\"Talkpal is a language learning web and mobile education app, powered by the latest AI technologies, that provides engaging experiences to its customers in many different languages to help them improve their language skills. Users can chat about unlimited amount of topics with the app and use other modes to practice their language learning.\",\"email\":\"support@talkpal.ai\",\"legalName\":\"Talkpal, Inc.\",\"foundingDate\":\"2023-04-03\",\"duns\":\"118989042\",\"numberOfEmployees\":{\"@type\":\"QuantitativeValue\",\"minValue\":\"11\",\"maxValue\":\"50\"},\"publishingPrinciples\":\"https:\/\/talkpal.ai\/publishing-principles\/\",\"actionableFeedbackPolicy\":\"https:\/\/talkpal.ai\/actionable-feedback-policy\/\",\"correctionsPolicy\":\"https:\/\/talkpal.ai\/corrections-policy\/\",\"ethicsPolicy\":\"https:\/\/talkpal.ai\/ethics-policy\/\",\"diversityPolicy\":\"https:\/\/talkpal.ai\/diversity-policy\/\",\"diversityStaffingReport\":\"https:\/\/talkpal.ai\/diversity-policy\/\"}]}<\/script>\n<!-- \/ Yoast SEO Premium plugin. -->","yoast_head_json":{"title":"Po\u013cu valodas gramatika - Talkpal","description":"Apg\u016bstiet po\u013cu valodas gramatiku ar interakt\u012bviem vingrin\u0101jumiem, kas paredz\u0113ti visiem m\u0101c\u012bbu l\u012bme\u0146iem. Uzlabojiet savas po\u013cu valodas prasmes!","robots":{"index":"index","follow":"follow","max-snippet":"max-snippet:-1","max-image-preview":"max-image-preview:large","max-video-preview":"max-video-preview:-1"},"canonical":"https:\/\/talkpal.ai\/lv\/polu-valodas-gramatika\/","og_locale":"lv_LV","og_type":"article","og_title":"Po\u013cu valodas gramatika","og_description":"Po\u013cu gramatikas m\u012bklas sadal\u012b\u0161ana Po\u013cu valoda, sl\u0101vu valoda, ir gan izaicin\u0101jums, gan atalgojums valodu apguv\u0113jiem, kuri mekl\u0113 unik\u0101lu lingvistisku","og_url":"https:\/\/talkpal.ai\/lv\/polu-valodas-gramatika\/","og_site_name":"Talkpal","article_publisher":"https:\/\/www.facebook.com\/profile.php?id=100090733639311","article_modified_time":"2025-12-17T17:15:38+00:00","og_image":[{"width":512,"height":512,"url":"https:\/\/talkpal.ai\/wp-content\/uploads\/2023\/05\/poland.png","type":"image\/png"}],"twitter_card":"summary_large_image","twitter_site":"@talkpalai","twitter_misc":{"Est. reading time":"3 minutes"},"schema":{"@context":"https:\/\/schema.org","@graph":[{"@type":"WebPage","@id":"https:\/\/talkpal.ai\/lv\/polu-valodas-gramatika\/","url":"https:\/\/talkpal.ai\/lv\/polu-valodas-gramatika\/","name":"Po\u013cu valodas gramatika - Talkpal","isPartOf":{"@id":"https:\/\/talkpal.ai\/lv\/#website"},"primaryImageOfPage":{"@id":"https:\/\/talkpal.ai\/lv\/polu-valodas-gramatika\/#primaryimage"},"image":{"@id":"https:\/\/talkpal.ai\/lv\/polu-valodas-gramatika\/#primaryimage"},"thumbnailUrl":"https:\/\/talkpal.ai\/wp-content\/uploads\/2023\/05\/poland.png","datePublished":"2023-05-14T14:18:46+00:00","dateModified":"2025-12-17T17:15:38+00:00","description":"Apg\u016bstiet po\u013cu valodas gramatiku ar interakt\u012bviem vingrin\u0101jumiem, kas paredz\u0113ti visiem m\u0101c\u012bbu l\u012bme\u0146iem. Uzlabojiet savas po\u013cu valodas prasmes!","breadcrumb":{"@id":"https:\/\/talkpal.ai\/lv\/polu-valodas-gramatika\/#breadcrumb"},"inLanguage":"lv-LV","potentialAction":[{"@type":"ReadAction","target":["https:\/\/talkpal.ai\/lv\/polu-valodas-gramatika\/"]}]},{"@type":"ImageObject","inLanguage":"lv-LV","@id":"https:\/\/talkpal.ai\/lv\/polu-valodas-gramatika\/#primaryimage","url":"https:\/\/talkpal.ai\/wp-content\/uploads\/2023\/05\/poland.png","contentUrl":"https:\/\/talkpal.ai\/wp-content\/uploads\/2023\/05\/poland.png","width":512,"height":512},{"@type":"BreadcrumbList","@id":"https:\/\/talkpal.ai\/lv\/polu-valodas-gramatika\/#breadcrumb","itemListElement":[{"@type":"ListItem","position":1,"name":"Homepage","item":"https:\/\/talkpal.ai\/lv\/"},{"@type":"ListItem","position":2,"name":"Po\u013cu valodas gramatika"}]},{"@type":"WebSite","@id":"https:\/\/talkpal.ai\/lv\/#website","url":"https:\/\/talkpal.ai\/lv\/","name":"Talkpal","description":"AI Language Learning","publisher":{"@id":"https:\/\/talkpal.ai\/lv\/#organization"},"alternateName":"Talkpal AI","potentialAction":[{"@type":"SearchAction","target":{"@type":"EntryPoint","urlTemplate":"https:\/\/talkpal.ai\/lv\/?s={search_term_string}"},"query-input":{"@type":"PropertyValueSpecification","valueRequired":true,"valueName":"search_term_string"}}],"inLanguage":"lv-LV"},{"@type":"Organization","@id":"https:\/\/talkpal.ai\/lv\/#organization","name":"Talkpal, Inc.","alternateName":"Talkpal AI","url":"https:\/\/talkpal.ai\/lv\/","logo":{"@type":"ImageObject","inLanguage":"lv-LV","@id":"https:\/\/talkpal.ai\/lv\/#\/schema\/logo\/image\/","url":"https:\/\/talkpal.ai\/wp-content\/uploads\/2024\/03\/Talkpal-Logo-Icon.png","contentUrl":"https:\/\/talkpal.ai\/wp-content\/uploads\/2024\/03\/Talkpal-Logo-Icon.png","width":2880,"height":2880,"caption":"Talkpal, Inc."},"image":{"@id":"https:\/\/talkpal.ai\/lv\/#\/schema\/logo\/image\/"},"sameAs":["https:\/\/www.facebook.com\/profile.php?id=100090733639311","https:\/\/x.com\/talkpalai","https:\/\/www.linkedin.com\/company\/talkpal\/","https:\/\/www.youtube.com\/@TalkPal\/","https:\/\/www.tiktok.com\/@talkpal","https:\/\/www.instagram.com\/talkpal_ai\/","https:\/\/www.crunchbase.com\/organization\/talkpal-9cde","https:\/\/www.g2.com\/products\/talkpal-for-business\/","https:\/\/www.trustpilot.com\/review\/talkpal.ai","https:\/\/www.capterra.com\/p\/10006800\/TalkPal\/"],"description":"Talkpal is a language learning web and mobile education app, powered by the latest AI technologies, that provides engaging experiences to its customers in many different languages to help them improve their language skills. Users can chat about unlimited amount of topics with the app and use other modes to practice their language learning.","email":"support@talkpal.ai","legalName":"Talkpal, Inc.","foundingDate":"2023-04-03","duns":"118989042","numberOfEmployees":{"@type":"QuantitativeValue","minValue":"11","maxValue":"50"},"publishingPrinciples":"https:\/\/talkpal.ai\/publishing-principles\/","actionableFeedbackPolicy":"https:\/\/talkpal.ai\/actionable-feedback-policy\/","correctionsPolicy":"https:\/\/talkpal.ai\/corrections-policy\/","ethicsPolicy":"https:\/\/talkpal.ai\/ethics-policy\/","diversityPolicy":"https:\/\/talkpal.ai\/diversity-policy\/","diversityStaffingReport":"https:\/\/talkpal.ai\/diversity-policy\/"}]}},"_links":{"self":[{"href":"https:\/\/talkpal.ai\/lv\/wp-json\/wp\/v2\/pages\/149082","targetHints":{"allow":["GET"]}}],"collection":[{"href":"https:\/\/talkpal.ai\/lv\/wp-json\/wp\/v2\/pages"}],"about":[{"href":"https:\/\/talkpal.ai\/lv\/wp-json\/wp\/v2\/types\/page"}],"author":[{"embeddable":true,"href":"https:\/\/talkpal.ai\/lv\/wp-json\/wp\/v2\/users\/1"}],"replies":[{"embeddable":true,"href":"https:\/\/talkpal.ai\/lv\/wp-json\/wp\/v2\/comments?post=149082"}],"version-history":[{"count":0,"href":"https:\/\/talkpal.ai\/lv\/wp-json\/wp\/v2\/pages\/149082\/revisions"}],"wp:featuredmedia":[{"embeddable":true,"href":"https:\/\/talkpal.ai\/lv\/wp-json\/wp\/v2\/media\/117404"}],"wp:attachment":[{"href":"https:\/\/talkpal.ai\/lv\/wp-json\/wp\/v2\/media?parent=149082"}],"curies":[{"name":"wp","href":"https:\/\/api.w.org\/{rel}","templated":true}]}}