{"id":148766,"date":"2023-05-14T14:18:22","date_gmt":"2023-05-14T14:18:22","guid":{"rendered":"http:\/\/talkpal.ai\/persiesu-gramatika\/"},"modified":"2025-12-12T10:33:38","modified_gmt":"2025-12-12T10:33:38","slug":"persiesu-gramatika","status":"publish","type":"page","link":"https:\/\/talkpal.ai\/lv\/persiesu-gramatika\/","title":{"rendered":"Persie\u0161u gramatika"},"content":{"rendered":"\r\n\r\n\r\n<section class=\"languageChallengeSection\">\r\n    <div class=\"languageInfoWrapper\">\r\n        \r\n        <h1>Persie\u0161u gramatika<\/h1>\r\n        <p>Interes\u0113 <a href=\"https:\/\/talkpal.ai\/learn-persian\/\">persie\u0161u<\/a> valoda? Iepaz\u012bstiet <a href=\"https:\/\/talkpal.ai\/learn-persian\/\">persie\u0161u<\/a> <a href=\"https:\/\/talkpal.ai\/what-language-is-spoken-on-the-international-space-station\/\">valodas<\/a> gramatiku, kas ir slavena ar savu vienk\u0101r\u0161\u012bbu &#8211; taj\u0101 nav lietv\u0101rdu dzimtes, ir vienk\u0101r\u0161as darb\u012bbas v\u0101rdu konjug\u0101cijas un elast\u012bga teikuma strukt\u016bra, kas padara to svaigi pieejamu. S\u0101ciet savu persie\u0161u valodas piedz\u012bvojumu jau \u0161odien &#8211; t\u0101s gramatikas apguve pav\u0113rs jums jaunas komunik\u0101cijas iesp\u0113jas un \u013caus iedzi\u013cin\u0101ties bag\u0101t\u012bgaj\u0101 Ir\u0101nas un citu valstu dzej\u0101 un kult\u016br\u0101!<\/p>\r\n\r\n                            <a class=\"getStartedHidden\" href=\"https:\/\/app.talkpal.ai\/lv\/signup?lng=\">S\u0101c<\/a>\r\n        \r\n    <\/div>\r\n\r\n    <figure>\r\n    <img decoding=\"async\" width=\"768\" height=\"768\" src=\"https:\/\/talkpal.ai\/wp-content\/uploads\/2023\/06\/persian-768x768.png\" class=\"languageImage no-lazy\" alt=\"Language learning to comprehend global news\" fetchpriority=\"high\" sizes=\"(max-width: 768px) 150px, 768px\" srcset=\"https:\/\/talkpal.ai\/wp-content\/uploads\/2023\/06\/persian-768x768.png 768w, https:\/\/talkpal.ai\/wp-content\/uploads\/2023\/06\/persian-300x300.png 300w\" \/>\r\n    \r\n\r\n    <\/figure>\r\n\r\n            <a class=\"getStartedVisible\" href=\"https:\/\/app.talkpal.ai\/lv\/signup?lng=\">S\u0101c<\/a>\r\n    \r\n<\/section>\r\n<section class=\"promotionalBanner\">\r\n    <p class=\"promotionalText\">Visefekt\u012bv\u0101kais veids, k\u0101 apg\u016bt valodu<\/p>\r\n    <a class=\"promotionalLink\" href=\"https:\/\/app.talkpal.ai\/lv\/signup?lng=\">Izm\u0113\u0123iniet Talkpal bez maksas<\/a>\r\n<\/section>\n<div class=\"wp-block-group pageContainerStyle\"><div class=\"wp-block-group__inner-container is-layout-constrained wp-block-group-is-layout-constrained\">\n<h2 class=\"wp-block-heading\" id=\"h-mastering-persian-grammar-your-ultimate-guide\">Persie\u0161u gramatikas apg\u016b\u0161ana: j\u016bsu gal\u012bgais ce\u013cvedis<\/h2>\n\n\n\n<p>Salam, valodas entuziasti! Vai esat gatavs doties ce\u013cojum\u0101 persie\u0161u gramatikas pasaul\u0113? J\u016bs esat non\u0101cis \u012bstaj\u0101 viet\u0101. Piepild\u012bts ar viegli saprotamu inform\u0101ciju un sarunvalodas toni, \u0161is raksts pal\u012bdz\u0113s jums iziet cauri valdzino\u0161ajai persie\u0161u gramatikas sf\u0113rai. Dr\u012bz j\u016bs var\u0113siet veidot teikumus un iesaist\u012bties j\u0113gpiln\u0101s sarun\u0101s ar dzimt\u0101s valodas run\u0101t\u0101jiem. S\u0101ksim atkl\u0101t persie\u0161u valodas gramatikas nosl\u0113pumus!<\/p>\n\n\n\n<p><strong>Bet vispirms, k\u0101p\u0113c persie\u0161u gramatika?<\/strong><\/p>\n\n\n\n<p>Ja apg\u016bstat <a href=\"https:\/\/talkpal.ai\/lv\/uzziniet-persiesu-valodu\/\">persie\u0161u valodu<\/a>, lai var\u0113tu br\u012bvi run\u0101t, las\u012bt un rakst\u012bt, \u013coti svar\u012bgi ir stabili gramatikas pamati. Lai gan persie\u0161u valodas <a href=\"https:\/\/talkpal.ai\/sq\/gramatika\/\">gramatika<\/a> s\u0101kotn\u0113ji var \u0161\u0137ist sare\u017e\u0123\u012bta, t\u0101 k\u013c\u016bst pieejam\u0101ka, kad to sadal\u0101t maz\u0101kos, p\u0101rvald\u0101m\u0101kos segmentos. S\u0101ksim j\u016bsu ce\u013cojumu, lai apg\u016btu persie\u0161u valodas gramatiku!<\/p>\n\n\n\n<h3 class=\"wp-block-heading\" id=\"h-1-nouns-gender-and-number\">1. Lietv\u0101rdi, dzimums un skaits<\/h3>\n\n\n\n<p>Persie\u0161u valod\u0101 lietv\u0101rdiem nav dzimtes, un tas ir vienk\u0101r\u0161\u0101k nek\u0101 daudz\u0101s cit\u0101s valod\u0101s. Lietv\u0101rdu vienskait\u013ca forma paliek nemain\u012bga, bet daudzskait\u013ca forma parasti beidzas ar &#8220;-\u0647\u0627&#8221; vai &#8220;-\u0627\u0646&#8221;. Piem\u0113ram:<\/p>\n\n\n\n<p>&#8211; \u06a9\u062a\u0627\u0628 (ket\u0101b &#8211; gr\u0101mata)<\/p>\n\n\n\n<p>&#8211; \u06a9\u062a\u0627\u0628\u0647\u0627 (ket\u0101b-h\u0101 &#8211; gr\u0101matas)<\/p>\n\n\n\n<h3 class=\"wp-block-heading\" id=\"h-2-adjectives-agreement-and-definite-articles\">2. \u012apa\u0161\u012bbas v\u0101rdi, vieno\u0161an\u0101s un konkr\u0113ti panti<\/h3>\n\n\n\n<p>Persie\u0161u valod\u0101 \u012bpa\u0161\u012bbas v\u0101rdi parasti seko p\u0113c lietv\u0101rda, kuru tie p\u0101rveido, un tiem nav j\u0101b\u016bt saska\u0146otiem dzimtes vai skait\u013ca zi\u0146\u0101. Piem\u0113ram:<\/p>\n\n\n\n<p><strong>&#8211; \u062e\u0627\u0646\u0647 \u0628\u0632\u0631\u06af (kh\u0101ne bozorg &#8211; liel\u0101 m\u0101ja)<\/strong><\/p>\n\n\n\n<p><strong>&#8211; \u0645\u0646\u0632\u0644 \u06a9\u0648\u0686\u06a9 (manzel kuchak &#8211; neliela m\u0101ja)<\/strong><\/p>\n\n\n\n<p>Persie\u0161u valod\u0101 nav nenoteikt\u0101 artikula, bet nenoteiktais artikuls tiek pievienots k\u0101 sufikss &#8220;-\u06cc&#8221; (i) vienskait\u013ca v\u0101rdiem.<\/p>\n\n\n\n<h3 class=\"wp-block-heading\" id=\"h-3-verbs-tense-and-conjugation\">3. Darb\u012bbas v\u0101rdi, laiki un loc\u012b\u0161ana<\/h3>\n\n\n\n<p>Persie\u0161u darb\u012bbas v\u0101rdiem ir iz\u0161\u0137iro\u0161a loma gramatik\u0101, un tie ir b\u016btiski teikumu veido\u0161anai. Katram darb\u012bbas v\u0101rdam ir sakne, kas apvienojas ar da\u017e\u0101diem prefiksiem un sufiksiem, lai nor\u0101d\u012btu uz sasprindzin\u0101jumu un vieno\u0161anos ar t\u0113mu.<\/p>\n\n\n\n<p>Lai sniegtu jums \u012bsu p\u0101rskatu, apl\u016bkosim regul\u0101ros darb\u012bbas v\u0101rdus tagadnes laik\u0101:<\/p>\n\n\n\n<p><strong>&#8211; \u0645\u0646 \u0645\u06cc\u062e\u0648\u0627\u0646\u0645 (man mikh\u0101nam &#8211; Es izlas\u012bju)<\/strong><\/p>\n\n\n\n<p><strong>&#8211; \u062a\u0648 \u0645\u06cc\u062e\u0648\u0627\u0646\u06cc (to mikh\u0101ni &#8211; j\u016bs las\u012bt, neofici\u0101li)<\/strong><\/p>\n\n\n\n<p><strong>&#8211; \u0627\u0648 \u0645\u06cc\u062e\u0648\u0627\u0646\u062f (u mikh\u0101nad &#8211; vi\u0146\u0161\/vi\u0146a lasa)<\/strong><\/p>\n\n\n\n<p>Atcerieties, ka tas ir tikai s\u0101kums! J\u016bs sastapsieties ar da\u017e\u0101diem citiem sasprindzin\u0101jumiem, neregul\u0101riem darb\u012bbas v\u0101rdiem un sare\u017e\u0123\u012bjumiem, iedzi\u013cinoties persie\u0161u gramatik\u0101.<\/p>\n\n\n\n<h3 class=\"wp-block-heading\" id=\"h-4-pronouns-prepositions-and-more\">4. Vietniekv\u0101rdi, priev\u0101rdi un daudz kas cits!<\/h3>\n\n\n\n<p><a href=\"https:\/\/talkpal.ai\/persian-grammar\/\">Persie\u0161u valodas gramatika<\/a> ietver ar\u012b citas sast\u0101vda\u013cas, piem\u0113ram, vietniekv\u0101rdus (\u0645\u0646, \u062a\u0648, \u0627\u0648 u.c.), priev\u0101rdus (\u0628\u0647, \u0627\u0632, \u062f\u0631 u.c.) un idiom\u0101tiskos izteicienus. Katra elementa apg\u016b\u0161ana soli pa solim ir galvenais priek\u0161noteikums, lai sasniegtu visaptvero\u0161u persie\u0161u valodas pl\u016bdumu.<\/p>\n\n\n\n<p>Nobeigum\u0101 v\u0113los teikt, ka persie\u0161u valodas gramatikas apguvei nav \u012bsa ce\u013ca. Tas prasa neatlaid\u012bbu, praksi un paciet\u012bbu. Tom\u0113r, kad j\u016bs saprat\u012bsiet t\u0101s nianses, j\u016bs b\u016bsiet labi sagatavoti, lai nov\u0113rt\u0113tu nianses sarun\u0101joties persie\u0161u valod\u0101, iepaz\u012bstot persie\u0161u valod\u0101 run\u0101jo\u0161o re\u0123ionu bag\u0101to kult\u016bru un v\u0113sturi, k\u0101 ar\u012b padzi\u013cinot savu m\u012blest\u012bbu pret \u0161o valodu. \u0645\u0648\u0641\u0642 \u0628\u0627\u0634\u06cc\u062f (movaffagh b\u0101shid &#8211; luck)!<\/p>\n<\/div><\/div>\n\r\n<section class=\"learnNavigationSection\">\r\n            \r\n        <a href=\"https:\/\/talkpal.ai\/lv\/uzziniet-persiesu-valodu\/\">\r\n            <div class=\"learnNavigationWrapper\">\r\n                <div class=\"learnNavigationContent\">\r\n                    <img decoding=\"async\" src=\"https:\/\/talkpal.ai\/wp-content\/uploads\/2024\/08\/Persian.jpg\" alt=\"Persian Flag\">\r\n                    <div>\r\n                        <h4>Par persie\u0161u valodas apguvi<\/h4>\r\n                        <p>Uzziniet visu par persie\u0161u gramatiku.<\/p>\r\n                    <\/div>\r\n                <\/div>\r\n            <\/div>\r\n        <\/a>\r\n\r\n        \r\n        <a href=\"https:\/\/talkpal.ai\/lv\/persiesu-gramatikas-vingrinajumi\/\">\r\n            <div class=\"learnNavigationWrapper\">\r\n                <div class=\"learnNavigationContent\">\r\n                    <img decoding=\"async\" src=\"https:\/\/talkpal.ai\/wp-content\/uploads\/2024\/08\/Persian.jpg\" alt=\"Persian Flag\">\r\n                    <div>\r\n                        <h4>Persie\u0161u valodas gramatikas vingrin\u0101jums<\/h4>\r\n                        <p>Praktiz\u0113jiet persie\u0161u gramatiku.<\/p>\r\n                    <\/div>\r\n                <\/div>\r\n            <\/div>\r\n        <\/a>\r\n\r\n        \r\n        <a href=\"https:\/\/talkpal.ai\/vocabulary_language\/persian\/\">\r\n            <div class=\"learnNavigationWrapper\">\r\n                <div class=\"learnNavigationContent\">\r\n                    <img decoding=\"async\" src=\"https:\/\/talkpal.ai\/wp-content\/uploads\/2024\/08\/Persian.jpg\" alt=\"Persian Flag\">\r\n                    <div>\r\n                        <h4>Persie\u0161u valodas v\u0101rdn\u012bca<\/h4>\r\n                        <p>Papla\u0161iniet savu persie\u0161u valodas v\u0101rdu kr\u0101jumu.<\/p>\r\n                    <\/div>\r\n                <\/div>\r\n            <\/div>\r\n        <\/a>\r\n\r\n            <\/section>","protected":false},"excerpt":{"rendered":"<p>Persie\u0161u gramatikas apg\u016b\u0161ana: j\u016bsu gal\u012bgais ce\u013cvedis Salam, valodas entuziasti! Vai esat gatavs doties ce\u013cojum\u0101 persie\u0161u gramatikas pasaul\u0113? J\u016bs esat non\u0101cis \u012bstaj\u0101 viet\u0101. Piepild\u012bts ar viegli saprotamu inform\u0101ciju un sarunvalodas toni, \u0161is raksts pal\u012bdz\u0113s jums iziet cauri valdzino\u0161ajai persie\u0161u gramatikas sf\u0113rai. Dr\u012bz j\u016bs var\u0113siet veidot teikumus un iesaist\u012bties j\u0113gpiln\u0101s sarun\u0101s ar dzimt\u0101s valodas run\u0101t\u0101jiem. S\u0101ksim atkl\u0101t [&hellip;]<\/p>\n","protected":false},"author":1,"featured_media":117110,"parent":0,"menu_order":0,"comment_status":"closed","ping_status":"closed","template":"LearningContentPage.php","meta":{"_acf_changed":false,"footnotes":""},"class_list":["post-148766","page","type-page","status-publish","has-post-thumbnail","hentry"],"acf":[],"yoast_head":"<!-- This site is optimized with the Yoast SEO Premium plugin v27.2 (Yoast SEO v27.2) - https:\/\/yoast.com\/product\/yoast-seo-premium-wordpress\/ -->\n<title>Persie\u0161u gramatika - Talkpal<\/title>\n<meta name=\"description\" content=\"Izp\u0113tiet persie\u0161u valodas gramatikas nianses, lai uzlabotu savu izpratni par persie\u0161u valodu un uzlabotu t\u0101s prasmi.\" \/>\n<meta name=\"robots\" content=\"index, follow, max-snippet:-1, max-image-preview:large, max-video-preview:-1\" \/>\n<link rel=\"canonical\" href=\"https:\/\/talkpal.ai\/lv\/persiesu-gramatika\/\" \/>\n<meta property=\"og:locale\" content=\"lv_LV\" \/>\n<meta property=\"og:type\" content=\"article\" \/>\n<meta property=\"og:title\" content=\"Persie\u0161u gramatika\" \/>\n<meta property=\"og:description\" content=\"Persie\u0161u gramatikas apg\u016b\u0161ana: j\u016bsu gal\u012bgais ce\u013cvedis Salam, valodas entuziasti! Vai esat gatavs doties ce\u013cojum\u0101 persie\u0161u gramatikas pasaul\u0113? J\u016bs esat\" \/>\n<meta property=\"og:url\" content=\"https:\/\/talkpal.ai\/lv\/persiesu-gramatika\/\" \/>\n<meta property=\"og:site_name\" content=\"Talkpal\" \/>\n<meta property=\"article:publisher\" content=\"https:\/\/www.facebook.com\/profile.php?id=100090733639311\" \/>\n<meta property=\"article:modified_time\" content=\"2025-12-12T10:33:38+00:00\" \/>\n<meta property=\"og:image\" content=\"https:\/\/talkpal.ai\/wp-content\/uploads\/2023\/05\/Persian-iran.png\" \/>\n\t<meta property=\"og:image:width\" content=\"512\" \/>\n\t<meta property=\"og:image:height\" content=\"512\" \/>\n\t<meta property=\"og:image:type\" content=\"image\/png\" \/>\n<meta name=\"twitter:card\" content=\"summary_large_image\" \/>\n<meta name=\"twitter:site\" content=\"@talkpalai\" \/>\n<meta name=\"twitter:label1\" content=\"Est. reading time\" \/>\n\t<meta name=\"twitter:data1\" content=\"3 minutes\" \/>\n<script type=\"application\/ld+json\" class=\"yoast-schema-graph\">{\"@context\":\"https:\/\/schema.org\",\"@graph\":[{\"@type\":\"WebPage\",\"@id\":\"https:\/\/talkpal.ai\/lv\/persiesu-gramatika\/\",\"url\":\"https:\/\/talkpal.ai\/lv\/persiesu-gramatika\/\",\"name\":\"Persie\u0161u gramatika - Talkpal\",\"isPartOf\":{\"@id\":\"https:\/\/talkpal.ai\/lv\/#website\"},\"primaryImageOfPage\":{\"@id\":\"https:\/\/talkpal.ai\/lv\/persiesu-gramatika\/#primaryimage\"},\"image\":{\"@id\":\"https:\/\/talkpal.ai\/lv\/persiesu-gramatika\/#primaryimage\"},\"thumbnailUrl\":\"https:\/\/talkpal.ai\/wp-content\/uploads\/2023\/05\/Persian-iran.png\",\"datePublished\":\"2023-05-14T14:18:22+00:00\",\"dateModified\":\"2025-12-12T10:33:38+00:00\",\"description\":\"Izp\u0113tiet persie\u0161u valodas gramatikas nianses, lai uzlabotu savu izpratni par persie\u0161u valodu un uzlabotu t\u0101s prasmi.\",\"breadcrumb\":{\"@id\":\"https:\/\/talkpal.ai\/lv\/persiesu-gramatika\/#breadcrumb\"},\"inLanguage\":\"lv-LV\",\"potentialAction\":[{\"@type\":\"ReadAction\",\"target\":[\"https:\/\/talkpal.ai\/lv\/persiesu-gramatika\/\"]}]},{\"@type\":\"ImageObject\",\"inLanguage\":\"lv-LV\",\"@id\":\"https:\/\/talkpal.ai\/lv\/persiesu-gramatika\/#primaryimage\",\"url\":\"https:\/\/talkpal.ai\/wp-content\/uploads\/2023\/05\/Persian-iran.png\",\"contentUrl\":\"https:\/\/talkpal.ai\/wp-content\/uploads\/2023\/05\/Persian-iran.png\",\"width\":512,\"height\":512},{\"@type\":\"BreadcrumbList\",\"@id\":\"https:\/\/talkpal.ai\/lv\/persiesu-gramatika\/#breadcrumb\",\"itemListElement\":[{\"@type\":\"ListItem\",\"position\":1,\"name\":\"Homepage\",\"item\":\"https:\/\/talkpal.ai\/lv\/\"},{\"@type\":\"ListItem\",\"position\":2,\"name\":\"Persie\u0161u gramatika\"}]},{\"@type\":\"WebSite\",\"@id\":\"https:\/\/talkpal.ai\/lv\/#website\",\"url\":\"https:\/\/talkpal.ai\/lv\/\",\"name\":\"Talkpal\",\"description\":\"AI Language Learning\",\"publisher\":{\"@id\":\"https:\/\/talkpal.ai\/lv\/#organization\"},\"alternateName\":\"Talkpal AI\",\"potentialAction\":[{\"@type\":\"SearchAction\",\"target\":{\"@type\":\"EntryPoint\",\"urlTemplate\":\"https:\/\/talkpal.ai\/lv\/?s={search_term_string}\"},\"query-input\":{\"@type\":\"PropertyValueSpecification\",\"valueRequired\":true,\"valueName\":\"search_term_string\"}}],\"inLanguage\":\"lv-LV\"},{\"@type\":\"Organization\",\"@id\":\"https:\/\/talkpal.ai\/lv\/#organization\",\"name\":\"Talkpal, Inc.\",\"alternateName\":\"Talkpal AI\",\"url\":\"https:\/\/talkpal.ai\/lv\/\",\"logo\":{\"@type\":\"ImageObject\",\"inLanguage\":\"lv-LV\",\"@id\":\"https:\/\/talkpal.ai\/lv\/#\/schema\/logo\/image\/\",\"url\":\"https:\/\/talkpal.ai\/wp-content\/uploads\/2024\/03\/Talkpal-Logo-Icon.png\",\"contentUrl\":\"https:\/\/talkpal.ai\/wp-content\/uploads\/2024\/03\/Talkpal-Logo-Icon.png\",\"width\":2880,\"height\":2880,\"caption\":\"Talkpal, Inc.\"},\"image\":{\"@id\":\"https:\/\/talkpal.ai\/lv\/#\/schema\/logo\/image\/\"},\"sameAs\":[\"https:\/\/www.facebook.com\/profile.php?id=100090733639311\",\"https:\/\/x.com\/talkpalai\",\"https:\/\/www.linkedin.com\/company\/talkpal\/\",\"https:\/\/www.youtube.com\/@TalkPal\/\",\"https:\/\/www.tiktok.com\/@talkpal\",\"https:\/\/www.instagram.com\/talkpal_ai\/\",\"https:\/\/www.crunchbase.com\/organization\/talkpal-9cde\",\"https:\/\/www.g2.com\/products\/talkpal-for-business\/\",\"https:\/\/www.trustpilot.com\/review\/talkpal.ai\",\"https:\/\/www.capterra.com\/p\/10006800\/TalkPal\/\"],\"description\":\"Talkpal is a language learning web and mobile education app, powered by the latest AI technologies, that provides engaging experiences to its customers in many different languages to help them improve their language skills. Users can chat about unlimited amount of topics with the app and use other modes to practice their language learning.\",\"email\":\"support@talkpal.ai\",\"legalName\":\"Talkpal, Inc.\",\"foundingDate\":\"2023-04-03\",\"duns\":\"118989042\",\"numberOfEmployees\":{\"@type\":\"QuantitativeValue\",\"minValue\":\"11\",\"maxValue\":\"50\"},\"publishingPrinciples\":\"https:\/\/talkpal.ai\/publishing-principles\/\",\"actionableFeedbackPolicy\":\"https:\/\/talkpal.ai\/actionable-feedback-policy\/\",\"correctionsPolicy\":\"https:\/\/talkpal.ai\/corrections-policy\/\",\"ethicsPolicy\":\"https:\/\/talkpal.ai\/ethics-policy\/\",\"diversityPolicy\":\"https:\/\/talkpal.ai\/diversity-policy\/\",\"diversityStaffingReport\":\"https:\/\/talkpal.ai\/diversity-policy\/\"}]}<\/script>\n<!-- \/ Yoast SEO Premium plugin. -->","yoast_head_json":{"title":"Persie\u0161u gramatika - Talkpal","description":"Izp\u0113tiet persie\u0161u valodas gramatikas nianses, lai uzlabotu savu izpratni par persie\u0161u valodu un uzlabotu t\u0101s prasmi.","robots":{"index":"index","follow":"follow","max-snippet":"max-snippet:-1","max-image-preview":"max-image-preview:large","max-video-preview":"max-video-preview:-1"},"canonical":"https:\/\/talkpal.ai\/lv\/persiesu-gramatika\/","og_locale":"lv_LV","og_type":"article","og_title":"Persie\u0161u gramatika","og_description":"Persie\u0161u gramatikas apg\u016b\u0161ana: j\u016bsu gal\u012bgais ce\u013cvedis Salam, valodas entuziasti! Vai esat gatavs doties ce\u013cojum\u0101 persie\u0161u gramatikas pasaul\u0113? J\u016bs esat","og_url":"https:\/\/talkpal.ai\/lv\/persiesu-gramatika\/","og_site_name":"Talkpal","article_publisher":"https:\/\/www.facebook.com\/profile.php?id=100090733639311","article_modified_time":"2025-12-12T10:33:38+00:00","og_image":[{"width":512,"height":512,"url":"https:\/\/talkpal.ai\/wp-content\/uploads\/2023\/05\/Persian-iran.png","type":"image\/png"}],"twitter_card":"summary_large_image","twitter_site":"@talkpalai","twitter_misc":{"Est. reading time":"3 minutes"},"schema":{"@context":"https:\/\/schema.org","@graph":[{"@type":"WebPage","@id":"https:\/\/talkpal.ai\/lv\/persiesu-gramatika\/","url":"https:\/\/talkpal.ai\/lv\/persiesu-gramatika\/","name":"Persie\u0161u gramatika - Talkpal","isPartOf":{"@id":"https:\/\/talkpal.ai\/lv\/#website"},"primaryImageOfPage":{"@id":"https:\/\/talkpal.ai\/lv\/persiesu-gramatika\/#primaryimage"},"image":{"@id":"https:\/\/talkpal.ai\/lv\/persiesu-gramatika\/#primaryimage"},"thumbnailUrl":"https:\/\/talkpal.ai\/wp-content\/uploads\/2023\/05\/Persian-iran.png","datePublished":"2023-05-14T14:18:22+00:00","dateModified":"2025-12-12T10:33:38+00:00","description":"Izp\u0113tiet persie\u0161u valodas gramatikas nianses, lai uzlabotu savu izpratni par persie\u0161u valodu un uzlabotu t\u0101s prasmi.","breadcrumb":{"@id":"https:\/\/talkpal.ai\/lv\/persiesu-gramatika\/#breadcrumb"},"inLanguage":"lv-LV","potentialAction":[{"@type":"ReadAction","target":["https:\/\/talkpal.ai\/lv\/persiesu-gramatika\/"]}]},{"@type":"ImageObject","inLanguage":"lv-LV","@id":"https:\/\/talkpal.ai\/lv\/persiesu-gramatika\/#primaryimage","url":"https:\/\/talkpal.ai\/wp-content\/uploads\/2023\/05\/Persian-iran.png","contentUrl":"https:\/\/talkpal.ai\/wp-content\/uploads\/2023\/05\/Persian-iran.png","width":512,"height":512},{"@type":"BreadcrumbList","@id":"https:\/\/talkpal.ai\/lv\/persiesu-gramatika\/#breadcrumb","itemListElement":[{"@type":"ListItem","position":1,"name":"Homepage","item":"https:\/\/talkpal.ai\/lv\/"},{"@type":"ListItem","position":2,"name":"Persie\u0161u gramatika"}]},{"@type":"WebSite","@id":"https:\/\/talkpal.ai\/lv\/#website","url":"https:\/\/talkpal.ai\/lv\/","name":"Talkpal","description":"AI Language Learning","publisher":{"@id":"https:\/\/talkpal.ai\/lv\/#organization"},"alternateName":"Talkpal AI","potentialAction":[{"@type":"SearchAction","target":{"@type":"EntryPoint","urlTemplate":"https:\/\/talkpal.ai\/lv\/?s={search_term_string}"},"query-input":{"@type":"PropertyValueSpecification","valueRequired":true,"valueName":"search_term_string"}}],"inLanguage":"lv-LV"},{"@type":"Organization","@id":"https:\/\/talkpal.ai\/lv\/#organization","name":"Talkpal, Inc.","alternateName":"Talkpal AI","url":"https:\/\/talkpal.ai\/lv\/","logo":{"@type":"ImageObject","inLanguage":"lv-LV","@id":"https:\/\/talkpal.ai\/lv\/#\/schema\/logo\/image\/","url":"https:\/\/talkpal.ai\/wp-content\/uploads\/2024\/03\/Talkpal-Logo-Icon.png","contentUrl":"https:\/\/talkpal.ai\/wp-content\/uploads\/2024\/03\/Talkpal-Logo-Icon.png","width":2880,"height":2880,"caption":"Talkpal, Inc."},"image":{"@id":"https:\/\/talkpal.ai\/lv\/#\/schema\/logo\/image\/"},"sameAs":["https:\/\/www.facebook.com\/profile.php?id=100090733639311","https:\/\/x.com\/talkpalai","https:\/\/www.linkedin.com\/company\/talkpal\/","https:\/\/www.youtube.com\/@TalkPal\/","https:\/\/www.tiktok.com\/@talkpal","https:\/\/www.instagram.com\/talkpal_ai\/","https:\/\/www.crunchbase.com\/organization\/talkpal-9cde","https:\/\/www.g2.com\/products\/talkpal-for-business\/","https:\/\/www.trustpilot.com\/review\/talkpal.ai","https:\/\/www.capterra.com\/p\/10006800\/TalkPal\/"],"description":"Talkpal is a language learning web and mobile education app, powered by the latest AI technologies, that provides engaging experiences to its customers in many different languages to help them improve their language skills. Users can chat about unlimited amount of topics with the app and use other modes to practice their language learning.","email":"support@talkpal.ai","legalName":"Talkpal, Inc.","foundingDate":"2023-04-03","duns":"118989042","numberOfEmployees":{"@type":"QuantitativeValue","minValue":"11","maxValue":"50"},"publishingPrinciples":"https:\/\/talkpal.ai\/publishing-principles\/","actionableFeedbackPolicy":"https:\/\/talkpal.ai\/actionable-feedback-policy\/","correctionsPolicy":"https:\/\/talkpal.ai\/corrections-policy\/","ethicsPolicy":"https:\/\/talkpal.ai\/ethics-policy\/","diversityPolicy":"https:\/\/talkpal.ai\/diversity-policy\/","diversityStaffingReport":"https:\/\/talkpal.ai\/diversity-policy\/"}]}},"_links":{"self":[{"href":"https:\/\/talkpal.ai\/lv\/wp-json\/wp\/v2\/pages\/148766","targetHints":{"allow":["GET"]}}],"collection":[{"href":"https:\/\/talkpal.ai\/lv\/wp-json\/wp\/v2\/pages"}],"about":[{"href":"https:\/\/talkpal.ai\/lv\/wp-json\/wp\/v2\/types\/page"}],"author":[{"embeddable":true,"href":"https:\/\/talkpal.ai\/lv\/wp-json\/wp\/v2\/users\/1"}],"replies":[{"embeddable":true,"href":"https:\/\/talkpal.ai\/lv\/wp-json\/wp\/v2\/comments?post=148766"}],"version-history":[{"count":0,"href":"https:\/\/talkpal.ai\/lv\/wp-json\/wp\/v2\/pages\/148766\/revisions"}],"wp:featuredmedia":[{"embeddable":true,"href":"https:\/\/talkpal.ai\/lv\/wp-json\/wp\/v2\/media\/117110"}],"wp:attachment":[{"href":"https:\/\/talkpal.ai\/lv\/wp-json\/wp\/v2\/media?parent=148766"}],"curies":[{"name":"wp","href":"https:\/\/api.w.org\/{rel}","templated":true}]}}