{"id":148454,"date":"2023-05-14T14:13:06","date_gmt":"2023-05-14T14:13:06","guid":{"rendered":"http:\/\/talkpal.ai\/norvegu-valodas-gramatika\/"},"modified":"2025-12-17T17:35:55","modified_gmt":"2025-12-17T17:35:55","slug":"norvegu-valodas-gramatika","status":"publish","type":"page","link":"https:\/\/talkpal.ai\/lv\/norvegu-valodas-gramatika\/","title":{"rendered":"Norv\u0113\u0123u valodas gramatika"},"content":{"rendered":"\r\n\r\n\r\n<section class=\"languageChallengeSection\">\r\n    <div class=\"languageInfoWrapper\">\r\n        \r\n        <h1>Norv\u0113\u0123u valodas gramatika<\/h1>\r\n        <p>Atkl\u0101jiet <a href=\"https:\/\/talkpal.ai\/learn-norwegian\/\">norv\u0113\u0123u<\/a> <a href=\"https:\/\/talkpal.ai\/what-language-is-spoken-on-the-international-space-station\/\">valodas<\/a> gramatikas pamatus un apg\u016bstiet prasmi dro\u0161i sazin\u0101ties vien\u0101 no skaist\u0101kaj\u0101m Skandin\u0101vijas valod\u0101m. <a href=\"https:\/\/talkpal.ai\/learn-norwegian\/\">Norv\u0113\u0123u<\/a> valodas gramatikas izpratne pav\u0113rs durvis jaunai kult\u016bras pieredzei un noz\u012bm\u012bg\u0101m sarun\u0101m. S\u0101ciet apg\u016bt norv\u0113\u0123u valodas gramatiku jau \u0161odien un speriet pirmo soli ce\u013c\u0101 uz valodas zin\u0101\u0161anu apguvi!<\/p>\r\n\r\n                            <a class=\"getStartedHidden\" href=\"https:\/\/app.talkpal.ai\/lv\/signup?lng=\">S\u0101c<\/a>\r\n        \r\n    <\/div>\r\n\r\n    <figure>\r\n    <img decoding=\"async\" width=\"768\" height=\"768\" src=\"https:\/\/talkpal.ai\/wp-content\/uploads\/2023\/06\/norwegian-768x768.png\" class=\"languageImage no-lazy\" alt=\"Language learning for extensive vocabulary\" fetchpriority=\"high\" sizes=\"(max-width: 768px) 150px, 768px\" srcset=\"https:\/\/talkpal.ai\/wp-content\/uploads\/2023\/06\/norwegian-768x768.png 768w, https:\/\/talkpal.ai\/wp-content\/uploads\/2023\/06\/norwegian-300x300.png 300w\" \/>\r\n    \r\n\r\n    <\/figure>\r\n\r\n            <a class=\"getStartedVisible\" href=\"https:\/\/app.talkpal.ai\/lv\/signup?lng=\">S\u0101c<\/a>\r\n    \r\n<\/section>\r\n<section class=\"promotionalBanner\">\r\n    <p class=\"promotionalText\">Visefekt\u012bv\u0101kais veids, k\u0101 apg\u016bt valodu<\/p>\r\n    <a class=\"promotionalLink\" href=\"https:\/\/app.talkpal.ai\/lv\/signup?lng=\">Izm\u0113\u0123iniet Talkpal bez maksas<\/a>\r\n<\/section>\n<div class=\"wp-block-group pageContainerStyle\"><div class=\"wp-block-group__inner-container is-layout-constrained wp-block-group-is-layout-constrained\">\n<h2 class=\"wp-block-heading\" id=\"h-dive-into-norwegian-grammar-a-comprehensive-guide\">Ienirt norv\u0113\u0123u valodas gramatik\u0101: visaptvero\u0161s ce\u013cvedis<\/h2>\n\n\n\n<p>Norv\u0113\u0123u valoda, kas ir aizraujo\u0161a un izteiksm\u012bga valoda, pied\u0101v\u0101 unik\u0101lu iesp\u0113ju valodu apguv\u0113jiem iepaz\u012bt Norv\u0113\u0123ijas bag\u0101to kult\u016brv\u0113sturisko mantojumu. Lab\u0101 zi\u0146a ir t\u0101, ka norv\u0113\u0123u valodas gramatikai ir da\u017eas l\u012bdz\u012bbas ar <a href=\"https:\/\/talkpal.ai\/learn-english-with-ai\/\">ang\u013cu<\/a> valodu, padarot to par pieejamu <a href=\"https:\/\/talkpal.ai\/lv\/bezmaksas-lietotne-valodu-apguvei\/\">valodu apguvei<\/a>. \u0160is raksts pal\u012bdz\u0113s jums iepaz\u012bties ar b\u016btiskiem norv\u0113\u0123u valodas gramatikas aspektiem, nodro\u0161inot, ka j\u016bs izveidojat sp\u0113c\u012bgu pamatu un p\u0101rliecino\u0161i saprotat valodu.<\/p>\n\n\n\n<h3 class=\"wp-block-heading\" id=\"h-1-embracing-norwegian-nouns-and-articles\">1. Norv\u0113\u0123u lietv\u0101rdu un rakstu aptver\u0161ana<\/h3>\n\n\n\n<p>Norv\u0113\u0123u lietv\u0101rdi, t\u0101pat k\u0101 vi\u0146u ang\u013cu kol\u0113\u0123i, p\u0101rst\u0101v cilv\u0113kus, vietas, lietas vai idejas. Tos iedala tr\u012bs dzimumos: v\u012bri\u0161\u0137\u012bgaj\u0101, sievi\u0161\u0137\u012bgaj\u0101 un neitr\u0101laj\u0101. Dzimums ir iz\u0161\u0137iro\u0161s, nosakot lietv\u0101rda galotni un ar k\u0101diem pantiem tas b\u016btu j\u0101savieno.<\/p>\n\n\n\n<p>Norv\u0113\u0123u valod\u0101 ir divu veidu raksti: noteikti un nenoteikti. Noteikti raksti par\u0101d\u0101s k\u0101 sufiksi lietv\u0101rdu beig\u0101s, savuk\u0101rt nenoteikti raksti ir atsevi\u0161\u0137i v\u0101rdi, kas atrodas pirms lietv\u0101rdiem. Rakstiem j\u0101piekr\u012bt lietv\u0101rdiem dzimt\u0113 un skait\u0101.<\/p>\n\n\n\n<p><strong>&#8211; Noteico\u0161ie artikuli: -en (v\u012brie\u0161u dzimt\u0113), -a (sievie\u0161u dzimt\u0113), -et (sievie\u0161u dzimt\u0113).<\/strong><\/p>\n\n\n\n<p><strong>&#8211; Nenoteiktie artikuli: en (v\u012brie\u0161u dzimt\u0113), ei (sievie\u0161u dzimt\u0113), et (vid\u0113j\u0101 dzimt\u0113).<\/strong><\/p>\n\n\n\n<h3 class=\"wp-block-heading\" id=\"h-2-mastering-norwegian-verbs-conjugation-and-tenses\">2. Norv\u0113\u0123u darb\u012bbas v\u0101rdu apg\u016b\u0161ana: konjug\u0101cija un sasprindzin\u0101jums<\/h3>\n\n\n\n<p>Norv\u0113\u0123u valodas darb\u012bbas v\u0101rdus ir sal\u012bdzino\u0161i viegli iem\u0101c\u012bties, jo tiem ir maz\u0101k konjug\u0101ciju nek\u0101 daudz\u0101s cit\u0101s valod\u0101s. Darb\u012bbas v\u0101rdi tiek konjug\u0113ti atbilsto\u0161i sasprindzin\u0101jumam un noska\u0146ojumam. Norv\u0113\u0123u darb\u012bbas v\u0101rdi galvenok\u0101rt ir sadal\u012bti \u010detr\u0101s grup\u0101s, katrai no t\u0101m ir konjug\u0101cijas modelis. Tom\u0113r lab\u0101 zi\u0146a ir t\u0101, ka at\u0161\u0137ir\u012bb\u0101 no daudz\u0101m cit\u0101m valod\u0101m norv\u0113\u0123u darb\u012bbas v\u0101rdi nemaina savu formu, pamatojoties uz t\u0113mu vai numuru.<\/p>\n\n\n\n<p>Norv\u0113\u0123u valodai ir maz\u0101k laika nek\u0101 ang\u013cu valodai, un <a href=\"https:\/\/talkpal.ai\/learn-thai\/\">tai<\/a> ir tikai tr\u012bs sasprindzin\u0101jumi: pa\u0161reiz\u0113jais sasprindzin\u0101jums, pag\u0101tnes sasprindzin\u0101jums un pag\u0101tnes perfektais sasprindzin\u0101jums. Pa\u0161reiz\u0113jais sasprindzin\u0101jums tiek izmantots, lai izteiktu pa\u0161reiz\u0113jos un n\u0101kotnes notikumus, savuk\u0101rt pag\u0101tnes sasprindzin\u0101jums apz\u012bm\u0113 pabeigtas darb\u012bbas, un pag\u0101tnes perfektais sasprindzin\u0101jums nor\u0101da uz pieredzi vai st\u0101vok\u013ciem, kas notika pirms konkr\u0113ta pag\u0101tnes punkta.<\/p>\n\n\n\n<h3 class=\"wp-block-heading\" id=\"h-3-expressing-yourself-with-norwegian-adjectives-and-adverbs\">3. Izteikt sevi ar norv\u0113\u0123u \u012bpa\u0161\u012bbas v\u0101rdiem un adverbiem<\/h3>\n\n\n\n<p>\u012apa\u0161\u012bbas v\u0101rdu izmanto\u0161ana efekt\u012bvi uzlabo j\u016bsu sp\u0113ju izteikties norv\u0113\u0123u valod\u0101. \u012apa\u0161\u012bbas v\u0101rdi apraksta lietv\u0101rdu \u012bpa\u0161\u012bbas vai \u012bpa\u0161\u012bbas un nepiecie\u0161am\u012bbu piekrist lietv\u0101rdiem dzimt\u0113 un skait\u0101. Norv\u0113\u0123u valod\u0101 \u012bpa\u0161\u012bbas v\u0101rdi parasti ir pirms lietv\u0101rda, ko tie apraksta.<\/p>\n\n\n\n<p>Adverbi norv\u0113\u0123u valod\u0101 modific\u0113 darb\u012bbas v\u0101rdus, \u012bpa\u0161\u012bbas v\u0101rdus vai citus adverbus. Tie sniedz inform\u0101ciju par to, k\u0101, kad, kur un cik liel\u0101 m\u0113r\u0101 notiek darb\u012bba. At\u0161\u0137ir\u012bb\u0101 no \u012bpa\u0161\u012bbas v\u0101rdiem, adverbi paliek nemain\u012bgi neatkar\u012bgi no aprakst\u012bto lietv\u0101rdu dzimuma vai skaita.<\/p>\n\n\n\n<h3 class=\"wp-block-heading\" id=\"h-4-constructing-sentences-with-norwegian-pronouns-and-word-order\">4. Teikumu konstru\u0113\u0161ana ar norv\u0113\u0123u vietniekv\u0101rdiem un v\u0101rdu sec\u012bbu<\/h3>\n\n\n\n<p>Norv\u0113\u0123u vietniekv\u0101rdi aizst\u0101j lietv\u0101rdus un parasti piekr\u012bt lietv\u0101rdam, ko tie p\u0101rst\u0101v dzimt\u0113, skait\u0101 un gad\u012bjum\u0101. Norv\u0113\u0123u valod\u0101 ir da\u017e\u0101da veida vietniekv\u0101rdi, tostarp person\u012bgie, piedero\u0161ie, demonstrat\u012bvie, refleks\u012bvie, relat\u012bvie un aizdom\u012bgie vietniekv\u0101rdi.<\/p>\n\n\n\n<p>Norv\u0113\u0123u teikuma strukt\u016bra atbilst subjekta-verba-objekta (SVO) sec\u012bbai, l\u012bdz\u012bgi k\u0101 ang\u013cu valod\u0101. Tom\u0113r taj\u0101 tiek izmantots ar\u012b darb\u012bbas v\u0101rda otrais (V2) noteikums, kur\u0101 darb\u012bbas v\u0101rds parasti ie\u0146em otro vietu galvenaj\u0101s klauzul\u0101s. Norv\u0113\u0123u valodas v\u0101rdu sec\u012bbas izpratne un praktiz\u0113\u0161ana ir b\u016btiska, lai pan\u0101ktu valodas prasmi.<\/p>\n\n\n\n<h3 class=\"wp-block-heading\" id=\"h-conclusion\">Secin\u0101jums<\/h3>\n\n\n\n<p>Lai sasniegtu norv\u0113\u0123u valodas gramatikas zin\u0101\u0161anas, ir nepiecie\u0161ama cent\u012bba, prakse un atv\u0113rts pr\u0101ts, lai izp\u0113t\u012btu valodas unik\u0101l\u0101s \u012bpatn\u012bbas. Neatkar\u012bgi no t\u0101, vai v\u0113laties iepaz\u012bt Norv\u0113\u0123ijas kult\u016bru vai apg\u016bt jaunu valodu, norv\u0113\u0123u valodas gramatikas apguve ir pamats veiksm\u012bgai sazi\u0146ai. Iedzi\u013cinoties norv\u0113\u0123u lietv\u0101rdos, darb\u012bbas v\u0101rdos, \u012bpa\u0161\u012bbas v\u0101rdos un v\u0101rdu sec\u012bb\u0101, atcerieties izbaud\u012bt procesu un lolot bag\u0101t\u012bgo valodas pieredzi, kas j\u016bs gaida. <a href=\"https:\/\/talkpal.ai\/culture\/how-do-you-say-good-luck-with-that-in-norwegian\/\">Lykke til<\/a>!<\/p>\n<\/div><\/div>\n\r\n<section class=\"learnNavigationSection\">\r\n            \r\n        <a href=\"https:\/\/talkpal.ai\/lv\/uzziniet-norvegu-valodu\/\">\r\n            <div class=\"learnNavigationWrapper\">\r\n                <div class=\"learnNavigationContent\">\r\n                    <img decoding=\"async\" src=\"https:\/\/talkpal.ai\/wp-content\/uploads\/2024\/08\/Norwegian.jpg\" alt=\"Norwegian Flag\">\r\n                    <div>\r\n                        <h4>Par norv\u0113\u0123u valodas apguvi<\/h4>\r\n                        <p>Uzziniet visu par norv\u0113\u0123u valodas gramatiku.<\/p>\r\n                    <\/div>\r\n                <\/div>\r\n            <\/div>\r\n        <\/a>\r\n\r\n        \r\n        <a href=\"https:\/\/talkpal.ai\/lv\/norvegu-valodas-gramatikas-vingrinajumi\/\">\r\n            <div class=\"learnNavigationWrapper\">\r\n                <div class=\"learnNavigationContent\">\r\n                    <img decoding=\"async\" src=\"https:\/\/talkpal.ai\/wp-content\/uploads\/2024\/08\/Norwegian.jpg\" alt=\"Norwegian Flag\">\r\n                    <div>\r\n                        <h4>Norv\u0113\u0123u valodas gramatikas vingrin\u0101jums<\/h4>\r\n                        <p>Praktiz\u0113jiet norv\u0113\u0123u gramatiku.<\/p>\r\n                    <\/div>\r\n                <\/div>\r\n            <\/div>\r\n        <\/a>\r\n\r\n        \r\n        <a href=\"https:\/\/talkpal.ai\/vocabulary_language\/norwegian\/\">\r\n            <div class=\"learnNavigationWrapper\">\r\n                <div class=\"learnNavigationContent\">\r\n                    <img decoding=\"async\" src=\"https:\/\/talkpal.ai\/wp-content\/uploads\/2024\/08\/Norwegian.jpg\" alt=\"Norwegian Flag\">\r\n                    <div>\r\n                        <h4>Norv\u0113\u0123u valodas v\u0101rdn\u012bca<\/h4>\r\n                        <p>Papla\u0161iniet savu norv\u0113\u0123u valodas v\u0101rdu kr\u0101jumu.<\/p>\r\n                    <\/div>\r\n                <\/div>\r\n            <\/div>\r\n        <\/a>\r\n\r\n            <\/section>","protected":false},"excerpt":{"rendered":"<p>Ienirt norv\u0113\u0123u valodas gramatik\u0101: visaptvero\u0161s ce\u013cvedis Norv\u0113\u0123u valoda, kas ir aizraujo\u0161a un izteiksm\u012bga valoda, pied\u0101v\u0101 unik\u0101lu iesp\u0113ju valodu apguv\u0113jiem iepaz\u012bt Norv\u0113\u0123ijas bag\u0101to kult\u016brv\u0113sturisko mantojumu. Lab\u0101 zi\u0146a ir t\u0101, ka norv\u0113\u0123u valodas gramatikai ir da\u017eas l\u012bdz\u012bbas ar ang\u013cu valodu, padarot to par pieejamu valodu apguvei. \u0160is raksts pal\u012bdz\u0113s jums iepaz\u012bties ar b\u016btiskiem norv\u0113\u0123u valodas gramatikas aspektiem, [&hellip;]<\/p>\n","protected":false},"author":1,"featured_media":116845,"parent":0,"menu_order":0,"comment_status":"closed","ping_status":"closed","template":"LearningContentPage.php","meta":{"_acf_changed":false,"footnotes":""},"class_list":["post-148454","page","type-page","status-publish","has-post-thumbnail","hentry"],"acf":[],"yoast_head":"<!-- This site is optimized with the Yoast SEO Premium plugin v27.2 (Yoast SEO v27.2) - https:\/\/yoast.com\/product\/yoast-seo-premium-wordpress\/ -->\n<title>Norv\u0113\u0123u valodas gramatika - Talkpal<\/title>\n<meta name=\"description\" content=\"Izp\u0113tiet norv\u0113\u0123u valodas gramatikas nianses un paceliet savas valodas prasmes jaun\u0101 l\u012bmen\u012b.\" \/>\n<meta name=\"robots\" content=\"index, follow, max-snippet:-1, max-image-preview:large, max-video-preview:-1\" \/>\n<link rel=\"canonical\" href=\"https:\/\/talkpal.ai\/lv\/norvegu-valodas-gramatika\/\" \/>\n<meta property=\"og:locale\" content=\"lv_LV\" \/>\n<meta property=\"og:type\" content=\"article\" \/>\n<meta property=\"og:title\" content=\"Norv\u0113\u0123u valodas gramatika\" \/>\n<meta property=\"og:description\" content=\"Ienirt norv\u0113\u0123u valodas gramatik\u0101: visaptvero\u0161s ce\u013cvedis Norv\u0113\u0123u valoda, kas ir aizraujo\u0161a un izteiksm\u012bga valoda, pied\u0101v\u0101 unik\u0101lu iesp\u0113ju valodu apguv\u0113jiem\" \/>\n<meta property=\"og:url\" content=\"https:\/\/talkpal.ai\/lv\/norvegu-valodas-gramatika\/\" \/>\n<meta property=\"og:site_name\" content=\"Talkpal\" \/>\n<meta property=\"article:publisher\" content=\"https:\/\/www.facebook.com\/profile.php?id=100090733639311\" \/>\n<meta property=\"article:modified_time\" content=\"2025-12-17T17:35:55+00:00\" \/>\n<meta property=\"og:image\" content=\"https:\/\/talkpal.ai\/wp-content\/uploads\/2023\/05\/norway.png\" \/>\n\t<meta property=\"og:image:width\" content=\"512\" \/>\n\t<meta property=\"og:image:height\" content=\"512\" \/>\n\t<meta property=\"og:image:type\" content=\"image\/png\" \/>\n<meta name=\"twitter:card\" content=\"summary_large_image\" \/>\n<meta name=\"twitter:site\" content=\"@talkpalai\" \/>\n<meta name=\"twitter:label1\" content=\"Est. reading time\" \/>\n\t<meta name=\"twitter:data1\" content=\"4 minutes\" \/>\n<script type=\"application\/ld+json\" class=\"yoast-schema-graph\">{\"@context\":\"https:\/\/schema.org\",\"@graph\":[{\"@type\":\"WebPage\",\"@id\":\"https:\/\/talkpal.ai\/lv\/norvegu-valodas-gramatika\/\",\"url\":\"https:\/\/talkpal.ai\/lv\/norvegu-valodas-gramatika\/\",\"name\":\"Norv\u0113\u0123u valodas gramatika - Talkpal\",\"isPartOf\":{\"@id\":\"https:\/\/talkpal.ai\/lv\/#website\"},\"primaryImageOfPage\":{\"@id\":\"https:\/\/talkpal.ai\/lv\/norvegu-valodas-gramatika\/#primaryimage\"},\"image\":{\"@id\":\"https:\/\/talkpal.ai\/lv\/norvegu-valodas-gramatika\/#primaryimage\"},\"thumbnailUrl\":\"https:\/\/talkpal.ai\/wp-content\/uploads\/2023\/05\/norway.png\",\"datePublished\":\"2023-05-14T14:13:06+00:00\",\"dateModified\":\"2025-12-17T17:35:55+00:00\",\"description\":\"Izp\u0113tiet norv\u0113\u0123u valodas gramatikas nianses un paceliet savas valodas prasmes jaun\u0101 l\u012bmen\u012b.\",\"breadcrumb\":{\"@id\":\"https:\/\/talkpal.ai\/lv\/norvegu-valodas-gramatika\/#breadcrumb\"},\"inLanguage\":\"lv-LV\",\"potentialAction\":[{\"@type\":\"ReadAction\",\"target\":[\"https:\/\/talkpal.ai\/lv\/norvegu-valodas-gramatika\/\"]}]},{\"@type\":\"ImageObject\",\"inLanguage\":\"lv-LV\",\"@id\":\"https:\/\/talkpal.ai\/lv\/norvegu-valodas-gramatika\/#primaryimage\",\"url\":\"https:\/\/talkpal.ai\/wp-content\/uploads\/2023\/05\/norway.png\",\"contentUrl\":\"https:\/\/talkpal.ai\/wp-content\/uploads\/2023\/05\/norway.png\",\"width\":512,\"height\":512},{\"@type\":\"BreadcrumbList\",\"@id\":\"https:\/\/talkpal.ai\/lv\/norvegu-valodas-gramatika\/#breadcrumb\",\"itemListElement\":[{\"@type\":\"ListItem\",\"position\":1,\"name\":\"Homepage\",\"item\":\"https:\/\/talkpal.ai\/lv\/\"},{\"@type\":\"ListItem\",\"position\":2,\"name\":\"Norv\u0113\u0123u valodas gramatika\"}]},{\"@type\":\"WebSite\",\"@id\":\"https:\/\/talkpal.ai\/lv\/#website\",\"url\":\"https:\/\/talkpal.ai\/lv\/\",\"name\":\"Talkpal\",\"description\":\"AI Language Learning\",\"publisher\":{\"@id\":\"https:\/\/talkpal.ai\/lv\/#organization\"},\"alternateName\":\"Talkpal AI\",\"potentialAction\":[{\"@type\":\"SearchAction\",\"target\":{\"@type\":\"EntryPoint\",\"urlTemplate\":\"https:\/\/talkpal.ai\/lv\/?s={search_term_string}\"},\"query-input\":{\"@type\":\"PropertyValueSpecification\",\"valueRequired\":true,\"valueName\":\"search_term_string\"}}],\"inLanguage\":\"lv-LV\"},{\"@type\":\"Organization\",\"@id\":\"https:\/\/talkpal.ai\/lv\/#organization\",\"name\":\"Talkpal, Inc.\",\"alternateName\":\"Talkpal AI\",\"url\":\"https:\/\/talkpal.ai\/lv\/\",\"logo\":{\"@type\":\"ImageObject\",\"inLanguage\":\"lv-LV\",\"@id\":\"https:\/\/talkpal.ai\/lv\/#\/schema\/logo\/image\/\",\"url\":\"https:\/\/talkpal.ai\/wp-content\/uploads\/2024\/03\/Talkpal-Logo-Icon.png\",\"contentUrl\":\"https:\/\/talkpal.ai\/wp-content\/uploads\/2024\/03\/Talkpal-Logo-Icon.png\",\"width\":2880,\"height\":2880,\"caption\":\"Talkpal, Inc.\"},\"image\":{\"@id\":\"https:\/\/talkpal.ai\/lv\/#\/schema\/logo\/image\/\"},\"sameAs\":[\"https:\/\/www.facebook.com\/profile.php?id=100090733639311\",\"https:\/\/x.com\/talkpalai\",\"https:\/\/www.linkedin.com\/company\/talkpal\/\",\"https:\/\/www.youtube.com\/@TalkPal\/\",\"https:\/\/www.tiktok.com\/@talkpal\",\"https:\/\/www.instagram.com\/talkpal_ai\/\",\"https:\/\/www.crunchbase.com\/organization\/talkpal-9cde\",\"https:\/\/www.g2.com\/products\/talkpal-for-business\/\",\"https:\/\/www.trustpilot.com\/review\/talkpal.ai\",\"https:\/\/www.capterra.com\/p\/10006800\/TalkPal\/\"],\"description\":\"Talkpal is a language learning web and mobile education app, powered by the latest AI technologies, that provides engaging experiences to its customers in many different languages to help them improve their language skills. Users can chat about unlimited amount of topics with the app and use other modes to practice their language learning.\",\"email\":\"support@talkpal.ai\",\"legalName\":\"Talkpal, Inc.\",\"foundingDate\":\"2023-04-03\",\"duns\":\"118989042\",\"numberOfEmployees\":{\"@type\":\"QuantitativeValue\",\"minValue\":\"11\",\"maxValue\":\"50\"},\"publishingPrinciples\":\"https:\/\/talkpal.ai\/publishing-principles\/\",\"actionableFeedbackPolicy\":\"https:\/\/talkpal.ai\/actionable-feedback-policy\/\",\"correctionsPolicy\":\"https:\/\/talkpal.ai\/corrections-policy\/\",\"ethicsPolicy\":\"https:\/\/talkpal.ai\/ethics-policy\/\",\"diversityPolicy\":\"https:\/\/talkpal.ai\/diversity-policy\/\",\"diversityStaffingReport\":\"https:\/\/talkpal.ai\/diversity-policy\/\"}]}<\/script>\n<!-- \/ Yoast SEO Premium plugin. -->","yoast_head_json":{"title":"Norv\u0113\u0123u valodas gramatika - Talkpal","description":"Izp\u0113tiet norv\u0113\u0123u valodas gramatikas nianses un paceliet savas valodas prasmes jaun\u0101 l\u012bmen\u012b.","robots":{"index":"index","follow":"follow","max-snippet":"max-snippet:-1","max-image-preview":"max-image-preview:large","max-video-preview":"max-video-preview:-1"},"canonical":"https:\/\/talkpal.ai\/lv\/norvegu-valodas-gramatika\/","og_locale":"lv_LV","og_type":"article","og_title":"Norv\u0113\u0123u valodas gramatika","og_description":"Ienirt norv\u0113\u0123u valodas gramatik\u0101: visaptvero\u0161s ce\u013cvedis Norv\u0113\u0123u valoda, kas ir aizraujo\u0161a un izteiksm\u012bga valoda, pied\u0101v\u0101 unik\u0101lu iesp\u0113ju valodu apguv\u0113jiem","og_url":"https:\/\/talkpal.ai\/lv\/norvegu-valodas-gramatika\/","og_site_name":"Talkpal","article_publisher":"https:\/\/www.facebook.com\/profile.php?id=100090733639311","article_modified_time":"2025-12-17T17:35:55+00:00","og_image":[{"width":512,"height":512,"url":"https:\/\/talkpal.ai\/wp-content\/uploads\/2023\/05\/norway.png","type":"image\/png"}],"twitter_card":"summary_large_image","twitter_site":"@talkpalai","twitter_misc":{"Est. reading time":"4 minutes"},"schema":{"@context":"https:\/\/schema.org","@graph":[{"@type":"WebPage","@id":"https:\/\/talkpal.ai\/lv\/norvegu-valodas-gramatika\/","url":"https:\/\/talkpal.ai\/lv\/norvegu-valodas-gramatika\/","name":"Norv\u0113\u0123u valodas gramatika - Talkpal","isPartOf":{"@id":"https:\/\/talkpal.ai\/lv\/#website"},"primaryImageOfPage":{"@id":"https:\/\/talkpal.ai\/lv\/norvegu-valodas-gramatika\/#primaryimage"},"image":{"@id":"https:\/\/talkpal.ai\/lv\/norvegu-valodas-gramatika\/#primaryimage"},"thumbnailUrl":"https:\/\/talkpal.ai\/wp-content\/uploads\/2023\/05\/norway.png","datePublished":"2023-05-14T14:13:06+00:00","dateModified":"2025-12-17T17:35:55+00:00","description":"Izp\u0113tiet norv\u0113\u0123u valodas gramatikas nianses un paceliet savas valodas prasmes jaun\u0101 l\u012bmen\u012b.","breadcrumb":{"@id":"https:\/\/talkpal.ai\/lv\/norvegu-valodas-gramatika\/#breadcrumb"},"inLanguage":"lv-LV","potentialAction":[{"@type":"ReadAction","target":["https:\/\/talkpal.ai\/lv\/norvegu-valodas-gramatika\/"]}]},{"@type":"ImageObject","inLanguage":"lv-LV","@id":"https:\/\/talkpal.ai\/lv\/norvegu-valodas-gramatika\/#primaryimage","url":"https:\/\/talkpal.ai\/wp-content\/uploads\/2023\/05\/norway.png","contentUrl":"https:\/\/talkpal.ai\/wp-content\/uploads\/2023\/05\/norway.png","width":512,"height":512},{"@type":"BreadcrumbList","@id":"https:\/\/talkpal.ai\/lv\/norvegu-valodas-gramatika\/#breadcrumb","itemListElement":[{"@type":"ListItem","position":1,"name":"Homepage","item":"https:\/\/talkpal.ai\/lv\/"},{"@type":"ListItem","position":2,"name":"Norv\u0113\u0123u valodas gramatika"}]},{"@type":"WebSite","@id":"https:\/\/talkpal.ai\/lv\/#website","url":"https:\/\/talkpal.ai\/lv\/","name":"Talkpal","description":"AI Language Learning","publisher":{"@id":"https:\/\/talkpal.ai\/lv\/#organization"},"alternateName":"Talkpal AI","potentialAction":[{"@type":"SearchAction","target":{"@type":"EntryPoint","urlTemplate":"https:\/\/talkpal.ai\/lv\/?s={search_term_string}"},"query-input":{"@type":"PropertyValueSpecification","valueRequired":true,"valueName":"search_term_string"}}],"inLanguage":"lv-LV"},{"@type":"Organization","@id":"https:\/\/talkpal.ai\/lv\/#organization","name":"Talkpal, Inc.","alternateName":"Talkpal AI","url":"https:\/\/talkpal.ai\/lv\/","logo":{"@type":"ImageObject","inLanguage":"lv-LV","@id":"https:\/\/talkpal.ai\/lv\/#\/schema\/logo\/image\/","url":"https:\/\/talkpal.ai\/wp-content\/uploads\/2024\/03\/Talkpal-Logo-Icon.png","contentUrl":"https:\/\/talkpal.ai\/wp-content\/uploads\/2024\/03\/Talkpal-Logo-Icon.png","width":2880,"height":2880,"caption":"Talkpal, Inc."},"image":{"@id":"https:\/\/talkpal.ai\/lv\/#\/schema\/logo\/image\/"},"sameAs":["https:\/\/www.facebook.com\/profile.php?id=100090733639311","https:\/\/x.com\/talkpalai","https:\/\/www.linkedin.com\/company\/talkpal\/","https:\/\/www.youtube.com\/@TalkPal\/","https:\/\/www.tiktok.com\/@talkpal","https:\/\/www.instagram.com\/talkpal_ai\/","https:\/\/www.crunchbase.com\/organization\/talkpal-9cde","https:\/\/www.g2.com\/products\/talkpal-for-business\/","https:\/\/www.trustpilot.com\/review\/talkpal.ai","https:\/\/www.capterra.com\/p\/10006800\/TalkPal\/"],"description":"Talkpal is a language learning web and mobile education app, powered by the latest AI technologies, that provides engaging experiences to its customers in many different languages to help them improve their language skills. Users can chat about unlimited amount of topics with the app and use other modes to practice their language learning.","email":"support@talkpal.ai","legalName":"Talkpal, Inc.","foundingDate":"2023-04-03","duns":"118989042","numberOfEmployees":{"@type":"QuantitativeValue","minValue":"11","maxValue":"50"},"publishingPrinciples":"https:\/\/talkpal.ai\/publishing-principles\/","actionableFeedbackPolicy":"https:\/\/talkpal.ai\/actionable-feedback-policy\/","correctionsPolicy":"https:\/\/talkpal.ai\/corrections-policy\/","ethicsPolicy":"https:\/\/talkpal.ai\/ethics-policy\/","diversityPolicy":"https:\/\/talkpal.ai\/diversity-policy\/","diversityStaffingReport":"https:\/\/talkpal.ai\/diversity-policy\/"}]}},"_links":{"self":[{"href":"https:\/\/talkpal.ai\/lv\/wp-json\/wp\/v2\/pages\/148454","targetHints":{"allow":["GET"]}}],"collection":[{"href":"https:\/\/talkpal.ai\/lv\/wp-json\/wp\/v2\/pages"}],"about":[{"href":"https:\/\/talkpal.ai\/lv\/wp-json\/wp\/v2\/types\/page"}],"author":[{"embeddable":true,"href":"https:\/\/talkpal.ai\/lv\/wp-json\/wp\/v2\/users\/1"}],"replies":[{"embeddable":true,"href":"https:\/\/talkpal.ai\/lv\/wp-json\/wp\/v2\/comments?post=148454"}],"version-history":[{"count":0,"href":"https:\/\/talkpal.ai\/lv\/wp-json\/wp\/v2\/pages\/148454\/revisions"}],"wp:featuredmedia":[{"embeddable":true,"href":"https:\/\/talkpal.ai\/lv\/wp-json\/wp\/v2\/media\/116845"}],"wp:attachment":[{"href":"https:\/\/talkpal.ai\/lv\/wp-json\/wp\/v2\/media?parent=148454"}],"curies":[{"name":"wp","href":"https:\/\/api.w.org\/{rel}","templated":true}]}}