{"id":1481498,"date":"2025-11-27T17:03:24","date_gmt":"2025-11-27T17:03:24","guid":{"rendered":"https:\/\/talkpal.ai\/talkpal-helovina-atlaide\/"},"modified":"2026-01-22T15:12:36","modified_gmt":"2026-01-22T15:12:36","slug":"talkpal-helovina-atlaide","status":"publish","type":"page","link":"https:\/\/talkpal.ai\/lv\/talkpal-helovina-atlaide\/","title":{"rendered":"Talkpal Helov\u012bna atlaide"},"content":{"rendered":"<section class=\"languageChallengeSection\">\r\n    <div class=\"languageInfoWrapper\">\r\n        \r\n        <h1>Talkpal Helov\u012bna atlaide<\/h1>\r\n        <p>Vai esat gatavs stiprin\u0101t savas valodu prasmes? \u0160aj\u0101 Helov\u012bn\u0101 Talkpal pied\u0101v\u0101 ekskluz\u012bvu 79% atlaidi, lai pal\u012bdz\u0113tu jums m\u0101c\u012bties \u0101tr\u0101k un gudr\u0101k. Atblo\u0137\u0113jiet visas augst\u0101k\u0101s kvalit\u0101tes funkcijas, praktiz\u0113jiet re\u0101las sarunas ar m\u0101ksl\u012bgo intelektu un veidojiet br\u012bv\u012bbu par pusi no izmaks\u0101m.<\/p>\r\n\r\n                    <a class=\"getStartedHidden\" href=\"https:\/\/app.talkpal.ai\/signup?discount=50\">\r\n                Sa\u0146emt atlaidi            <\/a>\r\n            <\/div>\r\n\r\n            <figure>\r\n            <img decoding=\"async\" class=\"no-lazy\" src=\"https:\/\/talkpal.ai\/wp-content\/uploads\/2026\/01\/curly-girl-with-phone-light-background.webp\" alt=\"\" fetchpriority=\"high\" \/>\r\n        <\/figure>\r\n        \r\n                    <a class=\"getStartedVisible\" href=\"https:\/\/app.talkpal.ai\/signup?discount=50\">\r\n                Sa\u0146emt atlaidi            <\/a>\r\n        <\/section><section class=\"featureSection\">\r\n    <div class=\"featureIntroduce\">\r\n        <a class=\"introduceLink\" href=\"https:\/\/app.talkpal.ai\/lv\/signup?lng=\">\r\n            <img decoding=\"async\" src=\"https:\/\/talkpal.ai\/wp-content\/themes\/talkpal\/assets\/img\/Sparkle.svg\" alt=\"\" \/>vismodern\u0101kais\n  AI<\/a>\r\n        <h3 class=\"featureTitle\">Talkpal at\u0161\u0137ir\u012bba<\/h3>\r\n    <\/div>\r\n            <div class=\"introduceWrapper\">\r\n                            <a class=\"introducCard\" href=\"https:\/\/app.talkpal.ai\/lv\/signup?lng=\">\r\n\r\n                    \r\n                                                <img decoding=\"async\" src=\"https:\/\/talkpal.ai\/wp-content\/uploads\/2025\/05\/Immersive_conversations.png\" alt=\"Immersive Conversation Screenshot\" \/>\r\n                        <h4 class=\"introduceTitle\">Personaliz\u0113t\u0101 izgl\u012bt\u012bba<\/h4>\r\n                        <p class=\"cardText\">Katra izgl\u012btojam\u0101 ce\u013c\u0161 ir at\u0161\u0137ir\u012bgs, ar ce\u013cojumiem, darbu un aiz\u0146emtiem grafikiem. Talkpal izmanto uzlabotu m\u0101ksl\u012bgo intelektu, lai m\u0101c\u012btos no miljoniem studiju mode\u013cu un rad\u012btu personaliz\u0113tu, efekt\u012bvu un saisto\u0161u pieredzi, kas piel\u0101gota jums.<\/p>\r\n                    \r\n                <\/a>\r\n                            <a class=\"introducCard\" href=\"https:\/\/app.talkpal.ai\/lv\/signup?lng=\">\r\n\r\n                    \r\n                                                <img decoding=\"async\" src=\"https:\/\/talkpal.ai\/wp-content\/uploads\/2025\/05\/Realtime_feedback.png\" alt=\"Feedback Screenshot\" \/>\r\n                        <h4 class=\"introduceTitle\">Modern\u0101k\u0101s tehnolo\u0123ijas<\/h4>\r\n                        <p class=\"cardText\">M\u016bsu misija ir padar\u012bt personaliz\u0113tu valodu apguvi pieejamu ikvienam, apvienojot moderno m\u0101ksl\u012bgo intelektu ar p\u0101rbaud\u012bt\u0101m m\u0101c\u012bbu metod\u0113m. \u0160aj\u0101 Helov\u012bn\u0101 tas ir pieejam\u0101ks nek\u0101 jebkad agr\u0101k. Izmantojot Talkpal, j\u016bs sa\u0146emat piel\u0101gotu ce\u013cojumu, kas piel\u0101gojas j\u016bsu tempam, dz\u012bvesveidam un m\u0113r\u0137iem, lai kur dz\u012bve j\u016bs aizvestu.<\/p>\r\n                    \r\n                <\/a>\r\n                            <a class=\"introducCard\" href=\"https:\/\/app.talkpal.ai\/lv\/signup?lng=\">\r\n\r\n                    \r\n                                                <img decoding=\"async\" src=\"https:\/\/talkpal.ai\/wp-content\/uploads\/2025\/05\/Personalization.png\" alt=\"Personalization Screenshot\" \/>\r\n                        <h4 class=\"introduceTitle\">M\u0101c\u012b\u0161an\u0101s k\u013c\u016bst aizraujo\u0161a<\/h4>\r\n                        <p class=\"cardText\">M\u0113s uzskat\u0101m, ka valodu apguvei j\u0101b\u016bt pat\u012bkamai un motiv\u0113jo\u0161ai. T\u0101p\u0113c Talkpal j\u016bs iesaista un iedvesmo, t\u0101p\u0113c tas ir maz\u0101k k\u0101 studijas un vair\u0101k k\u0101 piedz\u012bvojums. Pievienojieties t\u016bksto\u0161iem izgl\u012btojamo vis\u0101 pasaul\u0113 un izmantojiet m\u016bsu Helov\u012bna pied\u0101v\u0101jumu, lai s\u0101ktu apg\u016bt savu n\u0101kamo valodu.<\/p>\r\n                    \r\n                <\/a>\r\n                            <\/div>\r\n                     <a class=\"featureSectionLink\" href=\"https:\/\/app.talkpal.ai\/signup?discount=50\">\r\n                Sa\u0146emt atlaidi            <\/a>\r\n                \r\n<\/section>\r\n\r\n\r\n<section class=\"smartFunSection\">\r\n            \r\n            <div class=\"smartFunCard\">\r\n                <div class=\"smartFunWrapper\"><img decoding=\"async\" src=\"https:\/\/talkpal.ai\/wp-content\/uploads\/2025\/05\/1.png\" alt=\"Learning Stats Screenshot\"><\/div>\r\n                <h3>Piel\u0101gots jums<\/h3>\r\n                <p>Talkpal izmanto m\u0101ksl\u012bg\u0101 intelekta tehnolo\u0123iju, lai nodro\u0161in\u0101tu personaliz\u0113tas sesijas, kas atbilst j\u016bsu l\u012bmenim un tempam. Katra nodarb\u012bba atbilst j\u016bsu vajadz\u012bb\u0101m un pal\u012bdz jums g\u016bt stabilu progresu neatkar\u012bgi no t\u0101, vai atrodaties m\u0101j\u0101s vai \u0101rzem\u0113s.<\/p>\r\n            <\/div>\r\n\r\n        \r\n            <div class=\"smartFunCard\">\r\n                <div class=\"smartFunWrapper\"><img decoding=\"async\" src=\"https:\/\/talkpal.ai\/wp-content\/uploads\/2025\/05\/2.png\" alt=\"Pronunciation Score Screenshot\"><\/div>\r\n                <h3>Efekt\u012bva un lietder\u012bga<\/h3>\r\n                <p>Efekt\u012bvi nostipriniet las\u012b\u0161anas, klaus\u012b\u0161an\u0101s un run\u0101\u0161anas prasmes, izmantojot Talkpal. M\u016bsu inovat\u012bvie r\u012bki padara valodu apguvi gan efekt\u012bvu, gan pat\u012bkamu izgl\u012btojamajiem ar visu veidu grafiku.<\/p>\r\n            <\/div>\r\n\r\n        \r\n            <div class=\"smartFunCard\">\r\n                <div class=\"smartFunWrapper\"><img decoding=\"async\" src=\"https:\/\/talkpal.ai\/wp-content\/uploads\/2025\/05\/3.png\" alt=\"Chat Topics Screenshot\"><\/div>\r\n                <h3>Uzturiet iesaisti<\/h3>\r\n                <p>Platforma apvieno sp\u0113l\u0113tus elementus, saisto\u0161us izaicin\u0101jumus un p\u0101rdomas rosino\u0161us pamudin\u0101jumus, lai saglab\u0101tu motiv\u0101ciju un konsekvenci. Izmantojot Talkpal, valodu apguve k\u013c\u016bst par jautru ikdienas ieradumu, nevis v\u0113l vienu pien\u0101kumu.<\/p>\r\n            <\/div>\r\n\r\n        \r\n            <div class=\"smartFunCard\">\r\n                <div class=\"smartFunWrapper\"><img decoding=\"async\" src=\"https:\/\/talkpal.ai\/wp-content\/uploads\/2025\/05\/4.png\" alt=\"Dashboard Screenshot\"><\/div>\r\n                <h3>Izbaudiet m\u0101c\u012b\u0161anos<\/h3>\r\n                <p>Jaunas valodas apguvei nav j\u0101b\u016bt garlaic\u012bgai. Talkpal pied\u0101v\u0101 interakt\u012bvus vingrin\u0101jumus, dz\u012bv\u012bgus t\u0113lus un vieglas AI sarunas, lai m\u0101c\u012b\u0161an\u0101s b\u016btu pat\u012bkama j\u016bsu dienas da\u013ca. Blo\u0137\u0113jiet Helov\u012bna 79% atlaidi un s\u0101ciet \u0161odien.<\/p>\r\n            <\/div>\r\n\r\n            \r\n<\/section>\r\n\r\n<section class=\"promotionalBanner\">\r\n    <p class=\"promotionalText\">Talkpal Helov\u012bna atlaide &#8211; s\u0101ciet m\u0101c\u012bties ar atlaidi<\/p>\r\n                <a class=\"promotionalLink\" href=\"https:\/\/app.talkpal.ai\/signup?discount=50\">\r\n                Sa\u0146emt atlaidi            <\/a>\r\n            \r\n<\/section>","protected":false},"excerpt":{"rendered":"","protected":false},"author":20,"featured_media":0,"parent":0,"menu_order":0,"comment_status":"closed","ping_status":"closed","template":"LearningContentPage.php","meta":{"_acf_changed":false,"footnotes":""},"class_list":["post-1481498","page","type-page","status-publish","hentry"],"acf":[],"yoast_head":"<!-- This site is optimized with the Yoast SEO Premium plugin v27.2 (Yoast SEO v27.2) - https:\/\/yoast.com\/product\/yoast-seo-premium-wordpress\/ -->\n<title>Talkpal Helov\u012bna atlaide - Talkpal<\/title>\n<meta name=\"description\" content=\"Ietaupiet 79% Talkpal Premium \u0161aj\u0101 Helov\u012bn\u0101 un apg\u016bstiet jebkuru valodu ar m\u016bsu uzlaboto AI pasniedz\u0113ju.\" \/>\n<meta name=\"robots\" content=\"index, follow, max-snippet:-1, max-image-preview:large, max-video-preview:-1\" \/>\n<link rel=\"canonical\" href=\"https:\/\/talkpal.ai\/lv\/talkpal-helovina-atlaide\/\" \/>\n<meta property=\"og:locale\" content=\"lv_LV\" \/>\n<meta property=\"og:type\" content=\"article\" \/>\n<meta property=\"og:title\" content=\"Talkpal Helov\u012bna atlaide\" \/>\n<meta property=\"og:url\" content=\"https:\/\/talkpal.ai\/lv\/talkpal-helovina-atlaide\/\" \/>\n<meta property=\"og:site_name\" content=\"Talkpal\" \/>\n<meta property=\"article:publisher\" content=\"https:\/\/www.facebook.com\/profile.php?id=100090733639311\" \/>\n<meta property=\"article:modified_time\" content=\"2026-01-22T15:12:36+00:00\" \/>\n<meta property=\"og:image\" content=\"https:\/\/talkpal.ai\/wp-content\/uploads\/2025\/02\/Progress-tab-16_9.png\" \/>\n\t<meta property=\"og:image:width\" content=\"2880\" \/>\n\t<meta property=\"og:image:height\" content=\"1620\" \/>\n\t<meta property=\"og:image:type\" content=\"image\/png\" \/>\n<meta name=\"twitter:card\" content=\"summary_large_image\" \/>\n<meta name=\"twitter:site\" content=\"@talkpalai\" \/>\n<script type=\"application\/ld+json\" class=\"yoast-schema-graph\">{\"@context\":\"https:\/\/schema.org\",\"@graph\":[{\"@type\":\"WebPage\",\"@id\":\"https:\/\/talkpal.ai\/lv\/talkpal-helovina-atlaide\/\",\"url\":\"https:\/\/talkpal.ai\/lv\/talkpal-helovina-atlaide\/\",\"name\":\"Talkpal Helov\u012bna atlaide - Talkpal\",\"isPartOf\":{\"@id\":\"https:\/\/talkpal.ai\/lv\/#website\"},\"datePublished\":\"2025-11-27T17:03:24+00:00\",\"dateModified\":\"2026-01-22T15:12:36+00:00\",\"description\":\"Ietaupiet 79% Talkpal Premium \u0161aj\u0101 Helov\u012bn\u0101 un apg\u016bstiet jebkuru valodu ar m\u016bsu uzlaboto AI pasniedz\u0113ju.\",\"breadcrumb\":{\"@id\":\"https:\/\/talkpal.ai\/lv\/talkpal-helovina-atlaide\/#breadcrumb\"},\"inLanguage\":\"lv-LV\",\"potentialAction\":[{\"@type\":\"ReadAction\",\"target\":[\"https:\/\/talkpal.ai\/lv\/talkpal-helovina-atlaide\/\"]}]},{\"@type\":\"BreadcrumbList\",\"@id\":\"https:\/\/talkpal.ai\/lv\/talkpal-helovina-atlaide\/#breadcrumb\",\"itemListElement\":[{\"@type\":\"ListItem\",\"position\":1,\"name\":\"Homepage\",\"item\":\"https:\/\/talkpal.ai\/lv\/\"},{\"@type\":\"ListItem\",\"position\":2,\"name\":\"Talkpal Helov\u012bna atlaide\"}]},{\"@type\":\"WebSite\",\"@id\":\"https:\/\/talkpal.ai\/lv\/#website\",\"url\":\"https:\/\/talkpal.ai\/lv\/\",\"name\":\"Talkpal\",\"description\":\"AI Language Learning\",\"publisher\":{\"@id\":\"https:\/\/talkpal.ai\/lv\/#organization\"},\"alternateName\":\"Talkpal AI\",\"potentialAction\":[{\"@type\":\"SearchAction\",\"target\":{\"@type\":\"EntryPoint\",\"urlTemplate\":\"https:\/\/talkpal.ai\/lv\/?s={search_term_string}\"},\"query-input\":{\"@type\":\"PropertyValueSpecification\",\"valueRequired\":true,\"valueName\":\"search_term_string\"}}],\"inLanguage\":\"lv-LV\"},{\"@type\":\"Organization\",\"@id\":\"https:\/\/talkpal.ai\/lv\/#organization\",\"name\":\"Talkpal, Inc.\",\"alternateName\":\"Talkpal AI\",\"url\":\"https:\/\/talkpal.ai\/lv\/\",\"logo\":{\"@type\":\"ImageObject\",\"inLanguage\":\"lv-LV\",\"@id\":\"https:\/\/talkpal.ai\/lv\/#\/schema\/logo\/image\/\",\"url\":\"https:\/\/talkpal.ai\/wp-content\/uploads\/2024\/03\/Talkpal-Logo-Icon.png\",\"contentUrl\":\"https:\/\/talkpal.ai\/wp-content\/uploads\/2024\/03\/Talkpal-Logo-Icon.png\",\"width\":2880,\"height\":2880,\"caption\":\"Talkpal, Inc.\"},\"image\":{\"@id\":\"https:\/\/talkpal.ai\/lv\/#\/schema\/logo\/image\/\"},\"sameAs\":[\"https:\/\/www.facebook.com\/profile.php?id=100090733639311\",\"https:\/\/x.com\/talkpalai\",\"https:\/\/www.linkedin.com\/company\/talkpal\/\",\"https:\/\/www.youtube.com\/@TalkPal\/\",\"https:\/\/www.tiktok.com\/@talkpal\",\"https:\/\/www.instagram.com\/talkpal_ai\/\",\"https:\/\/www.crunchbase.com\/organization\/talkpal-9cde\",\"https:\/\/www.g2.com\/products\/talkpal-for-business\/\",\"https:\/\/www.trustpilot.com\/review\/talkpal.ai\",\"https:\/\/www.capterra.com\/p\/10006800\/TalkPal\/\"],\"description\":\"Talkpal is a language learning web and mobile education app, powered by the latest AI technologies, that provides engaging experiences to its customers in many different languages to help them improve their language skills. Users can chat about unlimited amount of topics with the app and use other modes to practice their language learning.\",\"email\":\"support@talkpal.ai\",\"legalName\":\"Talkpal, Inc.\",\"foundingDate\":\"2023-04-03\",\"duns\":\"118989042\",\"numberOfEmployees\":{\"@type\":\"QuantitativeValue\",\"minValue\":\"11\",\"maxValue\":\"50\"},\"publishingPrinciples\":\"https:\/\/talkpal.ai\/publishing-principles\/\",\"actionableFeedbackPolicy\":\"https:\/\/talkpal.ai\/actionable-feedback-policy\/\",\"correctionsPolicy\":\"https:\/\/talkpal.ai\/corrections-policy\/\",\"ethicsPolicy\":\"https:\/\/talkpal.ai\/ethics-policy\/\",\"diversityPolicy\":\"https:\/\/talkpal.ai\/diversity-policy\/\",\"diversityStaffingReport\":\"https:\/\/talkpal.ai\/diversity-policy\/\"}]}<\/script>\n<!-- \/ Yoast SEO Premium plugin. -->","yoast_head_json":{"title":"Talkpal Helov\u012bna atlaide - Talkpal","description":"Ietaupiet 79% Talkpal Premium \u0161aj\u0101 Helov\u012bn\u0101 un apg\u016bstiet jebkuru valodu ar m\u016bsu uzlaboto AI pasniedz\u0113ju.","robots":{"index":"index","follow":"follow","max-snippet":"max-snippet:-1","max-image-preview":"max-image-preview:large","max-video-preview":"max-video-preview:-1"},"canonical":"https:\/\/talkpal.ai\/lv\/talkpal-helovina-atlaide\/","og_locale":"lv_LV","og_type":"article","og_title":"Talkpal Helov\u012bna atlaide","og_url":"https:\/\/talkpal.ai\/lv\/talkpal-helovina-atlaide\/","og_site_name":"Talkpal","article_publisher":"https:\/\/www.facebook.com\/profile.php?id=100090733639311","article_modified_time":"2026-01-22T15:12:36+00:00","og_image":[{"width":2880,"height":1620,"url":"https:\/\/talkpal.ai\/wp-content\/uploads\/2025\/02\/Progress-tab-16_9.png","type":"image\/png"}],"twitter_card":"summary_large_image","twitter_site":"@talkpalai","schema":{"@context":"https:\/\/schema.org","@graph":[{"@type":"WebPage","@id":"https:\/\/talkpal.ai\/lv\/talkpal-helovina-atlaide\/","url":"https:\/\/talkpal.ai\/lv\/talkpal-helovina-atlaide\/","name":"Talkpal Helov\u012bna atlaide - Talkpal","isPartOf":{"@id":"https:\/\/talkpal.ai\/lv\/#website"},"datePublished":"2025-11-27T17:03:24+00:00","dateModified":"2026-01-22T15:12:36+00:00","description":"Ietaupiet 79% Talkpal Premium \u0161aj\u0101 Helov\u012bn\u0101 un apg\u016bstiet jebkuru valodu ar m\u016bsu uzlaboto AI pasniedz\u0113ju.","breadcrumb":{"@id":"https:\/\/talkpal.ai\/lv\/talkpal-helovina-atlaide\/#breadcrumb"},"inLanguage":"lv-LV","potentialAction":[{"@type":"ReadAction","target":["https:\/\/talkpal.ai\/lv\/talkpal-helovina-atlaide\/"]}]},{"@type":"BreadcrumbList","@id":"https:\/\/talkpal.ai\/lv\/talkpal-helovina-atlaide\/#breadcrumb","itemListElement":[{"@type":"ListItem","position":1,"name":"Homepage","item":"https:\/\/talkpal.ai\/lv\/"},{"@type":"ListItem","position":2,"name":"Talkpal Helov\u012bna atlaide"}]},{"@type":"WebSite","@id":"https:\/\/talkpal.ai\/lv\/#website","url":"https:\/\/talkpal.ai\/lv\/","name":"Talkpal","description":"AI Language Learning","publisher":{"@id":"https:\/\/talkpal.ai\/lv\/#organization"},"alternateName":"Talkpal AI","potentialAction":[{"@type":"SearchAction","target":{"@type":"EntryPoint","urlTemplate":"https:\/\/talkpal.ai\/lv\/?s={search_term_string}"},"query-input":{"@type":"PropertyValueSpecification","valueRequired":true,"valueName":"search_term_string"}}],"inLanguage":"lv-LV"},{"@type":"Organization","@id":"https:\/\/talkpal.ai\/lv\/#organization","name":"Talkpal, Inc.","alternateName":"Talkpal AI","url":"https:\/\/talkpal.ai\/lv\/","logo":{"@type":"ImageObject","inLanguage":"lv-LV","@id":"https:\/\/talkpal.ai\/lv\/#\/schema\/logo\/image\/","url":"https:\/\/talkpal.ai\/wp-content\/uploads\/2024\/03\/Talkpal-Logo-Icon.png","contentUrl":"https:\/\/talkpal.ai\/wp-content\/uploads\/2024\/03\/Talkpal-Logo-Icon.png","width":2880,"height":2880,"caption":"Talkpal, Inc."},"image":{"@id":"https:\/\/talkpal.ai\/lv\/#\/schema\/logo\/image\/"},"sameAs":["https:\/\/www.facebook.com\/profile.php?id=100090733639311","https:\/\/x.com\/talkpalai","https:\/\/www.linkedin.com\/company\/talkpal\/","https:\/\/www.youtube.com\/@TalkPal\/","https:\/\/www.tiktok.com\/@talkpal","https:\/\/www.instagram.com\/talkpal_ai\/","https:\/\/www.crunchbase.com\/organization\/talkpal-9cde","https:\/\/www.g2.com\/products\/talkpal-for-business\/","https:\/\/www.trustpilot.com\/review\/talkpal.ai","https:\/\/www.capterra.com\/p\/10006800\/TalkPal\/"],"description":"Talkpal is a language learning web and mobile education app, powered by the latest AI technologies, that provides engaging experiences to its customers in many different languages to help them improve their language skills. Users can chat about unlimited amount of topics with the app and use other modes to practice their language learning.","email":"support@talkpal.ai","legalName":"Talkpal, Inc.","foundingDate":"2023-04-03","duns":"118989042","numberOfEmployees":{"@type":"QuantitativeValue","minValue":"11","maxValue":"50"},"publishingPrinciples":"https:\/\/talkpal.ai\/publishing-principles\/","actionableFeedbackPolicy":"https:\/\/talkpal.ai\/actionable-feedback-policy\/","correctionsPolicy":"https:\/\/talkpal.ai\/corrections-policy\/","ethicsPolicy":"https:\/\/talkpal.ai\/ethics-policy\/","diversityPolicy":"https:\/\/talkpal.ai\/diversity-policy\/","diversityStaffingReport":"https:\/\/talkpal.ai\/diversity-policy\/"}]}},"_links":{"self":[{"href":"https:\/\/talkpal.ai\/lv\/wp-json\/wp\/v2\/pages\/1481498","targetHints":{"allow":["GET"]}}],"collection":[{"href":"https:\/\/talkpal.ai\/lv\/wp-json\/wp\/v2\/pages"}],"about":[{"href":"https:\/\/talkpal.ai\/lv\/wp-json\/wp\/v2\/types\/page"}],"author":[{"embeddable":true,"href":"https:\/\/talkpal.ai\/lv\/wp-json\/wp\/v2\/users\/20"}],"replies":[{"embeddable":true,"href":"https:\/\/talkpal.ai\/lv\/wp-json\/wp\/v2\/comments?post=1481498"}],"version-history":[{"count":0,"href":"https:\/\/talkpal.ai\/lv\/wp-json\/wp\/v2\/pages\/1481498\/revisions"}],"wp:attachment":[{"href":"https:\/\/talkpal.ai\/lv\/wp-json\/wp\/v2\/media?parent=1481498"}],"curies":[{"name":"wp","href":"https:\/\/api.w.org\/{rel}","templated":true}]}}