{"id":148127,"date":"2023-05-14T14:12:45","date_gmt":"2023-05-14T14:12:45","guid":{"rendered":"http:\/\/talkpal.ai\/nepalas-gramatika\/"},"modified":"2025-12-17T17:00:01","modified_gmt":"2025-12-17T17:00:01","slug":"nepalas-gramatika","status":"publish","type":"page","link":"https:\/\/talkpal.ai\/lv\/nepalas-gramatika\/","title":{"rendered":"Nep\u0101las gramatika"},"content":{"rendered":"\r\n\r\n\r\n<section class=\"languageChallengeSection\">\r\n    <div class=\"languageInfoWrapper\">\r\n        \r\n        <h1>Nep\u0101las gramatika<\/h1>\r\n        <p>V\u0113laties uzzin\u0101t vair\u0101k par <a href=\"https:\/\/talkpal.ai\/learn-nepali\/\">nep\u0101lie\u0161u<\/a> valodu? Atkl\u0101jiet <a href=\"https:\/\/talkpal.ai\/learn-nepali\/\">nep\u0101lie\u0161u<\/a> <a href=\"https:\/\/talkpal.ai\/what-language-is-spoken-on-the-international-space-station\/\">valodas<\/a> gramatiku, kur\u0101 ir dzimtes lietv\u0101rdi, postpoz\u012bcijas un elast\u012bga teikuma strukt\u016bra, kas padara valodu gan izteiksm\u012bgu, gan saisto\u0161u. S\u0101ciet m\u0101c\u012bties jau \u0161odien &#8211; sp\u0113jot apg\u016bt nep\u0101lie\u0161u valodas gramatiku, j\u016bs var\u0113siet uzs\u0101kt j\u0113gpilnas sarunas un iepaz\u012bties ar Nep\u0101las kult\u016bru un trad\u012bcij\u0101m!<\/p>\r\n\r\n                            <a class=\"getStartedHidden\" href=\"https:\/\/app.talkpal.ai\/lv\/signup?lng=\">S\u0101c<\/a>\r\n        \r\n    <\/div>\r\n\r\n    <figure>\r\n    <img decoding=\"async\" width=\"768\" height=\"768\" src=\"https:\/\/talkpal.ai\/wp-content\/uploads\/2023\/06\/nepali-768x768.png\" class=\"languageImage no-lazy\" alt=\"Practical language learning for real-life application\" fetchpriority=\"high\" sizes=\"(max-width: 768px) 150px, 768px\" srcset=\"https:\/\/talkpal.ai\/wp-content\/uploads\/2023\/06\/nepali-768x768.png 768w, https:\/\/talkpal.ai\/wp-content\/uploads\/2023\/06\/nepali-300x300.png 300w\" \/>\r\n    \r\n\r\n    <\/figure>\r\n\r\n            <a class=\"getStartedVisible\" href=\"https:\/\/app.talkpal.ai\/lv\/signup?lng=\">S\u0101c<\/a>\r\n    \r\n<\/section>\r\n<section class=\"promotionalBanner\">\r\n    <p class=\"promotionalText\">Visefekt\u012bv\u0101kais veids, k\u0101 apg\u016bt valodu<\/p>\r\n    <a class=\"promotionalLink\" href=\"https:\/\/app.talkpal.ai\/lv\/signup?lng=\">Izm\u0113\u0123iniet Talkpal bez maksas<\/a>\r\n<\/section>\n<div class=\"wp-block-group pageContainerStyle\"><div class=\"wp-block-group__inner-container is-layout-constrained wp-block-group-is-layout-constrained\">\n<h2 class=\"wp-block-heading\" id=\"h-delving-into-the-richness-of-nepali-grammar-an-insightful-guide\">Iedzi\u013cin\u0101\u0161an\u0101s Nep\u0101las gramatikas bag\u0101t\u012bb\u0101: izzino\u0161s ce\u013cvedis<\/h2>\n\n\n\n<p>Nep\u0101lie\u0161u, indo\u0101rie\u0161u valoda, kur\u0101 run\u0101 vair\u0101k nek\u0101 25 miljoni cilv\u0113ku Nep\u0101l\u0101 un kaimi\u0146u re\u0123ionos, ir apburo\u0161a valoda, kas par\u0101da Dienvid\u0101zijas kult\u016bras bag\u0101t\u012bbu un valodu daudzveid\u012bbu. Lai efekt\u012bvi sazin\u0101tos nep\u0101lie\u0161u valod\u0101 un patiesi nov\u0113rt\u0113tu t\u0101s skaistumu, ir j\u0101saprot t\u0101s <a href=\"https:\/\/talkpal.ai\/sq\/gramatika\/\">gramatika<\/a>. \u0160aj\u0101 rakst\u0101 m\u0113s sniegsim p\u0101rskatu par nep\u0101lie\u0161u gramatikas b\u016btiskajiem aspektiem un pied\u0101v\u0101sim praktiskus padomus, lai pal\u012bdz\u0113tu jums apg\u016bt \u0161o aizraujo\u0161o valodu.<\/p>\n\n\n\n<h3 class=\"wp-block-heading\" id=\"h-key-aspects-of-nepali-grammar\">Nep\u0101las gramatikas galvenie aspekti:<\/h3>\n\n\n\n<p>Nep\u0101las gramatika s\u0101kotn\u0113ji var \u0161\u0137ist izaicino\u0161a, ta\u010du ar laiku un praksi j\u016bs varat to pak\u0101rt. \u0160eit ir da\u017ei nep\u0101lie\u0161u gramatikas pamatkomponenti, ar kuriem iepaz\u012bties:<\/p>\n\n\n\n<p><strong>1. Lietv\u0101rdi:<\/strong> Nep\u0101lie\u0161u lietv\u0101rdiem nav gramatisk\u0101s dzimtes, t\u0101p\u0113c izgl\u012btojamajiem ir viegl\u0101k, jo nav nepiecie\u0161ams iegaum\u0113t katra lietv\u0101rda dzimumu. Tom\u0113r lietv\u0101rdi tiek inflekt\u0113ti p\u0113c skait\u013ca (vienskait\u013ca un daudzskait\u013ca) un gad\u012bjuma (nominat\u012bvs, \u0123enit\u012bvs, dat\u012bvs utt.).<\/p>\n\n\n\n<p><strong>2. Vietniekv\u0101rdi<\/strong> : Personiskajiem vietniekv\u0101rdiem nep\u0101lie\u0161u valod\u0101 ir tr\u012bs formas: subjekt\u012bvais, objekt\u012bvais un piedero\u0161ais. Vi\u0146i piekr\u012bt lietv\u0101rdam, uz kuru vi\u0146i atsaucas, skaita, bet ne dzimuma zi\u0146\u0101. Ir ar\u012b da\u017e\u0101di vietniekv\u0101rdi un darb\u012bbas v\u0101rdu konjug\u0101cijas formas, kuru pamat\u0101 ir formalit\u0101tes l\u012bmenis (piekl\u0101j\u012bgs, paz\u012bstams vai int\u012bms).<\/p>\n\n\n\n<p><strong>3. Darb\u012bbas v\u0101rdi:<\/strong> Nep\u0101las darb\u012bbas v\u0101rdi ir inflekt\u0113ti par sasprindzin\u0101jumu (tagadne, pag\u0101tne un n\u0101kotne), garast\u0101vokli (indikat\u012bvs, imperat\u012bvs vai subjunkt\u012bvs) un aspektu (nep\u0101rtraukts, ide\u0101ls vai vienk\u0101r\u0161s). Past\u0101v ar\u012b at\u0161\u0137ir\u012bgi darb\u012bbas v\u0101rda loc\u012b\u0161anas mode\u013ci atkar\u012bb\u0101 no temata formalit\u0101tes pak\u0101pes.<\/p>\n\n\n\n<p>4. \u012apa\u0161\u012bbas v\u0101rdi un <strong>adverbi: \u012apa\u0161\u012bbas v\u0101rdi<\/strong> nep\u0101lie\u0161u valod\u0101 parasti seko lietv\u0101rdam, ko tie maina un vienojas p\u0113c skaita un gad\u012bjuma. Adverbus var izmantot, lai sniegtu papildu inform\u0101ciju un parasti nemain\u012btu to formu.<\/p>\n\n\n\n<p><strong>5. Teikuma strukt\u016bra:<\/strong> Tipisk\u0101 nep\u0101lie\u0161u teikuma strukt\u016bra atbilst subjekta-objekta-darb\u012bbas v\u0101rda (SOV) sec\u012bbai. Tom\u0113r v\u0101rdu sec\u012bba var b\u016bt elast\u012bga atkar\u012bb\u0101 no uzsvara un konteksta.<\/p>\n\n\n\n<h3 class=\"wp-block-heading\" id=\"h-tips-for-learning-nepali-grammar\">Padomi nep\u0101lie\u0161u gramatikas apguvei:<\/h3>\n\n\n\n<p>\u0160eit ir da\u017eas efekt\u012bvas strat\u0113\u0123ijas, lai padar\u012btu j\u016bsu nep\u0101lie\u0161u gramatikas m\u0101c\u012bbu ce\u013cojumu vienm\u0113r\u012bg\u0101ku:<\/p>\n\n\n\n<p><strong>1. S\u0101ciet ar pamatiem:<\/strong> Koncentr\u0113jieties uz nep\u0101lie\u0161u gramatikas pamatu, piem\u0113ram, lietv\u0101rdu gad\u012bjumu, vietniekv\u0101rdu un darb\u012bbas v\u0101rdu konjug\u0101cijas, apguvi. Pieaugot j\u016bsu izpratnei, pak\u0101peniski iek\u013caujiet sare\u017e\u0123\u012bt\u0101kas strukt\u016bras un noteikumus.<\/p>\n\n\n\n<p><strong>2. Praktiz\u0113jiet regul\u0101ri:<\/strong> Konsekvence ir kritiska, apg\u016bstot jaunu valodu. Katru dienu vai ned\u0113\u013cu atv\u0113liet konkr\u0113tus laikus, lai nep\u0101lie\u0161u valod\u0101 praktiz\u0113tu gramatikas vingrin\u0101jumus, las\u012b\u0161anu un rakst\u012b\u0161anu.<\/p>\n\n\n\n<p><strong>3. Izmantojiet viet\u0113jos resursus:<\/strong> iegremd\u0113jieties autentiskos nep\u0101lie\u0161u materi\u0101los, piem\u0113ram, literat\u016br\u0101, zi\u0146u rakstos un apl\u0101des. Tas ne tikai pal\u012bdz\u0113s jums izprast nep\u0101lie\u0161u gramatiku kontekst\u0101, bet ar\u012b uzlabos j\u016bsu visp\u0101r\u0113j\u0101s valodas prasmes.<\/p>\n\n\n\n<p>4. Sazinieties ar dzimt\u0101 valoda: Iesaist\u012b\u0161an\u0101s sarun\u0101s ar nep\u0101lie\u0161u valod\u0101 run\u0101jo\u0161ajiem, kuriem t\u0101 ir <strong>dzimt\u0101 valoda,<\/strong> \u013cauj <a href=\"https:\/\/talkpal.ai\/grammar\/\">praktiz\u0113t gramatiku<\/a> re\u0101l\u0101s dz\u012bves situ\u0101cij\u0101s un sa\u0146emt v\u0113rt\u012bgas <a href=\"https:\/\/talkpal.ai\/contact\/\">atsauksmes<\/a>. Apsveriet iesp\u0113ju pievienoties valodu apmai\u0146as grup\u0101m vai tie\u0161saistes forumiem, lai sazin\u0101tos ar nep\u0101lie\u0161u valod\u0101 run\u0101jo\u0161\u0101m person\u0101m.<\/p>\n\n\n\n<p>5. Esiet paciet\u012bgs un neatlaid\u012bgs: Atcerieties, ka jaunas valodas apguve prasa laiku, <strong>neatlaid\u012bbu un paciet\u012bbu.<\/strong> Pie\u0146emiet izaicin\u0101jumus un sviniet savu progresu visa ce\u013ca garum\u0101.<\/p>\n\n\n\n<h3 class=\"wp-block-heading\" id=\"h-conclusion\">Secin\u0101jums:<\/h3>\n\n\n\n<p>Nep\u0101lie\u0161u gramatika ar t\u0101s unik\u0101laj\u0101m \u012bpa\u0161\u012bb\u0101m un savienojumiem ar indo\u0101rie\u0161u valodu saimi pied\u0101v\u0101 aizraujo\u0161u lingvistisko ce\u013cojumu. Izprotot t\u0101s galvenos aspektus un sekojot m\u016bsu praktiskajiem padomiem, j\u016bs sagatavosiet ce\u013cu valodas prasmju apguvei un padzi\u013cin\u0101ti iepaz\u012bsiet <a href=\"https:\/\/talkpal.ai\/lv\/uzziniet-nepaliesu-valodu\/\">nep\u0101lie\u0161u valodu<\/a>. T\u0101tad, dodieties uz priek\u0161u ar entuziasmu un zin\u0101tk\u0101ri un pie\u0146emiet Nep\u0101las lingvistiskos d\u0101rgumus!<\/p>\n<\/div><\/div>\n\r\n<section class=\"learnNavigationSection\">\r\n            \r\n        <a href=\"https:\/\/talkpal.ai\/lv\/uzziniet-nepaliesu-valodu\/\">\r\n            <div class=\"learnNavigationWrapper\">\r\n                <div class=\"learnNavigationContent\">\r\n                    <img decoding=\"async\" src=\"https:\/\/talkpal.ai\/wp-content\/uploads\/2024\/08\/Nepali.jpg\" alt=\"Nepali Flag\">\r\n                    <div>\r\n                        <h4>Par Nep\u0101\u013cu valodas apguvi<\/h4>\r\n                        <p>Uzziniet visu par nep\u0101lie\u0161u gramatiku.<\/p>\r\n                    <\/div>\r\n                <\/div>\r\n            <\/div>\r\n        <\/a>\r\n\r\n        \r\n        <a href=\"https:\/\/talkpal.ai\/lv\/nepalas-gramatikas-vingrinajumi\/\">\r\n            <div class=\"learnNavigationWrapper\">\r\n                <div class=\"learnNavigationContent\">\r\n                    <img decoding=\"async\" src=\"https:\/\/talkpal.ai\/wp-content\/uploads\/2024\/08\/Nepali.jpg\" alt=\"Nepali Flag\">\r\n                    <div>\r\n                        <h4>Nep\u0101\u013cu valodas gramatikas vingrin\u0101jums<\/h4>\r\n                        <p>Praktiz\u0113jiet nep\u0101lie\u0161u gramatiku.<\/p>\r\n                    <\/div>\r\n                <\/div>\r\n            <\/div>\r\n        <\/a>\r\n\r\n        \r\n        <a href=\"https:\/\/talkpal.ai\/vocabulary_language\/nepali\/\">\r\n            <div class=\"learnNavigationWrapper\">\r\n                <div class=\"learnNavigationContent\">\r\n                    <img decoding=\"async\" src=\"https:\/\/talkpal.ai\/wp-content\/uploads\/2024\/08\/Nepali.jpg\" alt=\"Nepali Flag\">\r\n                    <div>\r\n                        <h4>Nep\u0101\u013cu valodas v\u0101rdn\u012bca<\/h4>\r\n                        <p>Papla\u0161iniet savu v\u0101rdu kr\u0101jumu nep\u0101lie\u0161u valod\u0101.<\/p>\r\n                    <\/div>\r\n                <\/div>\r\n            <\/div>\r\n        <\/a>\r\n\r\n            <\/section>","protected":false},"excerpt":{"rendered":"<p>Iedzi\u013cin\u0101\u0161an\u0101s Nep\u0101las gramatikas bag\u0101t\u012bb\u0101: izzino\u0161s ce\u013cvedis Nep\u0101lie\u0161u, indo\u0101rie\u0161u valoda, kur\u0101 run\u0101 vair\u0101k nek\u0101 25 miljoni cilv\u0113ku Nep\u0101l\u0101 un kaimi\u0146u re\u0123ionos, ir apburo\u0161a valoda, kas par\u0101da Dienvid\u0101zijas kult\u016bras bag\u0101t\u012bbu un valodu daudzveid\u012bbu. Lai efekt\u012bvi sazin\u0101tos nep\u0101lie\u0161u valod\u0101 un patiesi nov\u0113rt\u0113tu t\u0101s skaistumu, ir j\u0101saprot t\u0101s gramatika. \u0160aj\u0101 rakst\u0101 m\u0113s sniegsim p\u0101rskatu par nep\u0101lie\u0161u gramatikas b\u016btiskajiem aspektiem [&hellip;]<\/p>\n","protected":false},"author":1,"featured_media":116078,"parent":0,"menu_order":0,"comment_status":"closed","ping_status":"closed","template":"LearningContentPage.php","meta":{"_acf_changed":false,"footnotes":""},"class_list":["post-148127","page","type-page","status-publish","has-post-thumbnail","hentry"],"acf":[],"yoast_head":"<!-- This site is optimized with the Yoast SEO Premium plugin v27.2 (Yoast SEO v27.2) - https:\/\/yoast.com\/product\/yoast-seo-premium-wordpress\/ -->\n<title>Nep\u0101las gramatika - Talkpal<\/title>\n<meta name=\"description\" content=\"Izp\u0113tiet nep\u0101lie\u0161u valodas gramatiku un uzlabojiet savu izpratni par valodu ar skaidriem un kodol\u012bgiem skaidrojumiem.\" \/>\n<meta name=\"robots\" content=\"index, follow, max-snippet:-1, max-image-preview:large, max-video-preview:-1\" \/>\n<link rel=\"canonical\" href=\"https:\/\/talkpal.ai\/lv\/nepalas-gramatika\/\" \/>\n<meta property=\"og:locale\" content=\"lv_LV\" \/>\n<meta property=\"og:type\" content=\"article\" \/>\n<meta property=\"og:title\" content=\"Nep\u0101las gramatika\" \/>\n<meta property=\"og:description\" content=\"Iedzi\u013cin\u0101\u0161an\u0101s Nep\u0101las gramatikas bag\u0101t\u012bb\u0101: izzino\u0161s ce\u013cvedis Nep\u0101lie\u0161u, indo\u0101rie\u0161u valoda, kur\u0101 run\u0101 vair\u0101k nek\u0101 25 miljoni cilv\u0113ku Nep\u0101l\u0101 un kaimi\u0146u\" \/>\n<meta property=\"og:url\" content=\"https:\/\/talkpal.ai\/lv\/nepalas-gramatika\/\" \/>\n<meta property=\"og:site_name\" content=\"Talkpal\" \/>\n<meta property=\"article:publisher\" content=\"https:\/\/www.facebook.com\/profile.php?id=100090733639311\" \/>\n<meta property=\"article:modified_time\" content=\"2025-12-17T17:00:01+00:00\" \/>\n<meta property=\"og:image\" content=\"https:\/\/talkpal.ai\/wp-content\/uploads\/2023\/05\/nepal.png\" \/>\n\t<meta property=\"og:image:width\" content=\"512\" \/>\n\t<meta property=\"og:image:height\" content=\"512\" \/>\n\t<meta property=\"og:image:type\" content=\"image\/png\" \/>\n<meta name=\"twitter:card\" content=\"summary_large_image\" \/>\n<meta name=\"twitter:site\" content=\"@talkpalai\" \/>\n<meta name=\"twitter:label1\" content=\"Est. reading time\" \/>\n\t<meta name=\"twitter:data1\" content=\"4 minutes\" \/>\n<script type=\"application\/ld+json\" class=\"yoast-schema-graph\">{\"@context\":\"https:\/\/schema.org\",\"@graph\":[{\"@type\":\"WebPage\",\"@id\":\"https:\/\/talkpal.ai\/lv\/nepalas-gramatika\/\",\"url\":\"https:\/\/talkpal.ai\/lv\/nepalas-gramatika\/\",\"name\":\"Nep\u0101las gramatika - Talkpal\",\"isPartOf\":{\"@id\":\"https:\/\/talkpal.ai\/lv\/#website\"},\"primaryImageOfPage\":{\"@id\":\"https:\/\/talkpal.ai\/lv\/nepalas-gramatika\/#primaryimage\"},\"image\":{\"@id\":\"https:\/\/talkpal.ai\/lv\/nepalas-gramatika\/#primaryimage\"},\"thumbnailUrl\":\"https:\/\/talkpal.ai\/wp-content\/uploads\/2023\/05\/nepal.png\",\"datePublished\":\"2023-05-14T14:12:45+00:00\",\"dateModified\":\"2025-12-17T17:00:01+00:00\",\"description\":\"Izp\u0113tiet nep\u0101lie\u0161u valodas gramatiku un uzlabojiet savu izpratni par valodu ar skaidriem un kodol\u012bgiem skaidrojumiem.\",\"breadcrumb\":{\"@id\":\"https:\/\/talkpal.ai\/lv\/nepalas-gramatika\/#breadcrumb\"},\"inLanguage\":\"lv-LV\",\"potentialAction\":[{\"@type\":\"ReadAction\",\"target\":[\"https:\/\/talkpal.ai\/lv\/nepalas-gramatika\/\"]}]},{\"@type\":\"ImageObject\",\"inLanguage\":\"lv-LV\",\"@id\":\"https:\/\/talkpal.ai\/lv\/nepalas-gramatika\/#primaryimage\",\"url\":\"https:\/\/talkpal.ai\/wp-content\/uploads\/2023\/05\/nepal.png\",\"contentUrl\":\"https:\/\/talkpal.ai\/wp-content\/uploads\/2023\/05\/nepal.png\",\"width\":512,\"height\":512},{\"@type\":\"BreadcrumbList\",\"@id\":\"https:\/\/talkpal.ai\/lv\/nepalas-gramatika\/#breadcrumb\",\"itemListElement\":[{\"@type\":\"ListItem\",\"position\":1,\"name\":\"Homepage\",\"item\":\"https:\/\/talkpal.ai\/lv\/\"},{\"@type\":\"ListItem\",\"position\":2,\"name\":\"Nep\u0101las gramatika\"}]},{\"@type\":\"WebSite\",\"@id\":\"https:\/\/talkpal.ai\/lv\/#website\",\"url\":\"https:\/\/talkpal.ai\/lv\/\",\"name\":\"Talkpal\",\"description\":\"AI Language Learning\",\"publisher\":{\"@id\":\"https:\/\/talkpal.ai\/lv\/#organization\"},\"alternateName\":\"Talkpal AI\",\"potentialAction\":[{\"@type\":\"SearchAction\",\"target\":{\"@type\":\"EntryPoint\",\"urlTemplate\":\"https:\/\/talkpal.ai\/lv\/?s={search_term_string}\"},\"query-input\":{\"@type\":\"PropertyValueSpecification\",\"valueRequired\":true,\"valueName\":\"search_term_string\"}}],\"inLanguage\":\"lv-LV\"},{\"@type\":\"Organization\",\"@id\":\"https:\/\/talkpal.ai\/lv\/#organization\",\"name\":\"Talkpal, Inc.\",\"alternateName\":\"Talkpal AI\",\"url\":\"https:\/\/talkpal.ai\/lv\/\",\"logo\":{\"@type\":\"ImageObject\",\"inLanguage\":\"lv-LV\",\"@id\":\"https:\/\/talkpal.ai\/lv\/#\/schema\/logo\/image\/\",\"url\":\"https:\/\/talkpal.ai\/wp-content\/uploads\/2024\/03\/Talkpal-Logo-Icon.png\",\"contentUrl\":\"https:\/\/talkpal.ai\/wp-content\/uploads\/2024\/03\/Talkpal-Logo-Icon.png\",\"width\":2880,\"height\":2880,\"caption\":\"Talkpal, Inc.\"},\"image\":{\"@id\":\"https:\/\/talkpal.ai\/lv\/#\/schema\/logo\/image\/\"},\"sameAs\":[\"https:\/\/www.facebook.com\/profile.php?id=100090733639311\",\"https:\/\/x.com\/talkpalai\",\"https:\/\/www.linkedin.com\/company\/talkpal\/\",\"https:\/\/www.youtube.com\/@TalkPal\/\",\"https:\/\/www.tiktok.com\/@talkpal\",\"https:\/\/www.instagram.com\/talkpal_ai\/\",\"https:\/\/www.crunchbase.com\/organization\/talkpal-9cde\",\"https:\/\/www.g2.com\/products\/talkpal-for-business\/\",\"https:\/\/www.trustpilot.com\/review\/talkpal.ai\",\"https:\/\/www.capterra.com\/p\/10006800\/TalkPal\/\"],\"description\":\"Talkpal is a language learning web and mobile education app, powered by the latest AI technologies, that provides engaging experiences to its customers in many different languages to help them improve their language skills. Users can chat about unlimited amount of topics with the app and use other modes to practice their language learning.\",\"email\":\"support@talkpal.ai\",\"legalName\":\"Talkpal, Inc.\",\"foundingDate\":\"2023-04-03\",\"duns\":\"118989042\",\"numberOfEmployees\":{\"@type\":\"QuantitativeValue\",\"minValue\":\"11\",\"maxValue\":\"50\"},\"publishingPrinciples\":\"https:\/\/talkpal.ai\/publishing-principles\/\",\"actionableFeedbackPolicy\":\"https:\/\/talkpal.ai\/actionable-feedback-policy\/\",\"correctionsPolicy\":\"https:\/\/talkpal.ai\/corrections-policy\/\",\"ethicsPolicy\":\"https:\/\/talkpal.ai\/ethics-policy\/\",\"diversityPolicy\":\"https:\/\/talkpal.ai\/diversity-policy\/\",\"diversityStaffingReport\":\"https:\/\/talkpal.ai\/diversity-policy\/\"}]}<\/script>\n<!-- \/ Yoast SEO Premium plugin. -->","yoast_head_json":{"title":"Nep\u0101las gramatika - Talkpal","description":"Izp\u0113tiet nep\u0101lie\u0161u valodas gramatiku un uzlabojiet savu izpratni par valodu ar skaidriem un kodol\u012bgiem skaidrojumiem.","robots":{"index":"index","follow":"follow","max-snippet":"max-snippet:-1","max-image-preview":"max-image-preview:large","max-video-preview":"max-video-preview:-1"},"canonical":"https:\/\/talkpal.ai\/lv\/nepalas-gramatika\/","og_locale":"lv_LV","og_type":"article","og_title":"Nep\u0101las gramatika","og_description":"Iedzi\u013cin\u0101\u0161an\u0101s Nep\u0101las gramatikas bag\u0101t\u012bb\u0101: izzino\u0161s ce\u013cvedis Nep\u0101lie\u0161u, indo\u0101rie\u0161u valoda, kur\u0101 run\u0101 vair\u0101k nek\u0101 25 miljoni cilv\u0113ku Nep\u0101l\u0101 un kaimi\u0146u","og_url":"https:\/\/talkpal.ai\/lv\/nepalas-gramatika\/","og_site_name":"Talkpal","article_publisher":"https:\/\/www.facebook.com\/profile.php?id=100090733639311","article_modified_time":"2025-12-17T17:00:01+00:00","og_image":[{"width":512,"height":512,"url":"https:\/\/talkpal.ai\/wp-content\/uploads\/2023\/05\/nepal.png","type":"image\/png"}],"twitter_card":"summary_large_image","twitter_site":"@talkpalai","twitter_misc":{"Est. reading time":"4 minutes"},"schema":{"@context":"https:\/\/schema.org","@graph":[{"@type":"WebPage","@id":"https:\/\/talkpal.ai\/lv\/nepalas-gramatika\/","url":"https:\/\/talkpal.ai\/lv\/nepalas-gramatika\/","name":"Nep\u0101las gramatika - Talkpal","isPartOf":{"@id":"https:\/\/talkpal.ai\/lv\/#website"},"primaryImageOfPage":{"@id":"https:\/\/talkpal.ai\/lv\/nepalas-gramatika\/#primaryimage"},"image":{"@id":"https:\/\/talkpal.ai\/lv\/nepalas-gramatika\/#primaryimage"},"thumbnailUrl":"https:\/\/talkpal.ai\/wp-content\/uploads\/2023\/05\/nepal.png","datePublished":"2023-05-14T14:12:45+00:00","dateModified":"2025-12-17T17:00:01+00:00","description":"Izp\u0113tiet nep\u0101lie\u0161u valodas gramatiku un uzlabojiet savu izpratni par valodu ar skaidriem un kodol\u012bgiem skaidrojumiem.","breadcrumb":{"@id":"https:\/\/talkpal.ai\/lv\/nepalas-gramatika\/#breadcrumb"},"inLanguage":"lv-LV","potentialAction":[{"@type":"ReadAction","target":["https:\/\/talkpal.ai\/lv\/nepalas-gramatika\/"]}]},{"@type":"ImageObject","inLanguage":"lv-LV","@id":"https:\/\/talkpal.ai\/lv\/nepalas-gramatika\/#primaryimage","url":"https:\/\/talkpal.ai\/wp-content\/uploads\/2023\/05\/nepal.png","contentUrl":"https:\/\/talkpal.ai\/wp-content\/uploads\/2023\/05\/nepal.png","width":512,"height":512},{"@type":"BreadcrumbList","@id":"https:\/\/talkpal.ai\/lv\/nepalas-gramatika\/#breadcrumb","itemListElement":[{"@type":"ListItem","position":1,"name":"Homepage","item":"https:\/\/talkpal.ai\/lv\/"},{"@type":"ListItem","position":2,"name":"Nep\u0101las gramatika"}]},{"@type":"WebSite","@id":"https:\/\/talkpal.ai\/lv\/#website","url":"https:\/\/talkpal.ai\/lv\/","name":"Talkpal","description":"AI Language Learning","publisher":{"@id":"https:\/\/talkpal.ai\/lv\/#organization"},"alternateName":"Talkpal AI","potentialAction":[{"@type":"SearchAction","target":{"@type":"EntryPoint","urlTemplate":"https:\/\/talkpal.ai\/lv\/?s={search_term_string}"},"query-input":{"@type":"PropertyValueSpecification","valueRequired":true,"valueName":"search_term_string"}}],"inLanguage":"lv-LV"},{"@type":"Organization","@id":"https:\/\/talkpal.ai\/lv\/#organization","name":"Talkpal, Inc.","alternateName":"Talkpal AI","url":"https:\/\/talkpal.ai\/lv\/","logo":{"@type":"ImageObject","inLanguage":"lv-LV","@id":"https:\/\/talkpal.ai\/lv\/#\/schema\/logo\/image\/","url":"https:\/\/talkpal.ai\/wp-content\/uploads\/2024\/03\/Talkpal-Logo-Icon.png","contentUrl":"https:\/\/talkpal.ai\/wp-content\/uploads\/2024\/03\/Talkpal-Logo-Icon.png","width":2880,"height":2880,"caption":"Talkpal, Inc."},"image":{"@id":"https:\/\/talkpal.ai\/lv\/#\/schema\/logo\/image\/"},"sameAs":["https:\/\/www.facebook.com\/profile.php?id=100090733639311","https:\/\/x.com\/talkpalai","https:\/\/www.linkedin.com\/company\/talkpal\/","https:\/\/www.youtube.com\/@TalkPal\/","https:\/\/www.tiktok.com\/@talkpal","https:\/\/www.instagram.com\/talkpal_ai\/","https:\/\/www.crunchbase.com\/organization\/talkpal-9cde","https:\/\/www.g2.com\/products\/talkpal-for-business\/","https:\/\/www.trustpilot.com\/review\/talkpal.ai","https:\/\/www.capterra.com\/p\/10006800\/TalkPal\/"],"description":"Talkpal is a language learning web and mobile education app, powered by the latest AI technologies, that provides engaging experiences to its customers in many different languages to help them improve their language skills. Users can chat about unlimited amount of topics with the app and use other modes to practice their language learning.","email":"support@talkpal.ai","legalName":"Talkpal, Inc.","foundingDate":"2023-04-03","duns":"118989042","numberOfEmployees":{"@type":"QuantitativeValue","minValue":"11","maxValue":"50"},"publishingPrinciples":"https:\/\/talkpal.ai\/publishing-principles\/","actionableFeedbackPolicy":"https:\/\/talkpal.ai\/actionable-feedback-policy\/","correctionsPolicy":"https:\/\/talkpal.ai\/corrections-policy\/","ethicsPolicy":"https:\/\/talkpal.ai\/ethics-policy\/","diversityPolicy":"https:\/\/talkpal.ai\/diversity-policy\/","diversityStaffingReport":"https:\/\/talkpal.ai\/diversity-policy\/"}]}},"_links":{"self":[{"href":"https:\/\/talkpal.ai\/lv\/wp-json\/wp\/v2\/pages\/148127","targetHints":{"allow":["GET"]}}],"collection":[{"href":"https:\/\/talkpal.ai\/lv\/wp-json\/wp\/v2\/pages"}],"about":[{"href":"https:\/\/talkpal.ai\/lv\/wp-json\/wp\/v2\/types\/page"}],"author":[{"embeddable":true,"href":"https:\/\/talkpal.ai\/lv\/wp-json\/wp\/v2\/users\/1"}],"replies":[{"embeddable":true,"href":"https:\/\/talkpal.ai\/lv\/wp-json\/wp\/v2\/comments?post=148127"}],"version-history":[{"count":0,"href":"https:\/\/talkpal.ai\/lv\/wp-json\/wp\/v2\/pages\/148127\/revisions"}],"wp:featuredmedia":[{"embeddable":true,"href":"https:\/\/talkpal.ai\/lv\/wp-json\/wp\/v2\/media\/116078"}],"wp:attachment":[{"href":"https:\/\/talkpal.ai\/lv\/wp-json\/wp\/v2\/media?parent=148127"}],"curies":[{"name":"wp","href":"https:\/\/api.w.org\/{rel}","templated":true}]}}