{"id":147891,"date":"2023-05-14T14:12:25","date_gmt":"2023-05-14T14:12:25","guid":{"rendered":"http:\/\/talkpal.ai\/maoru-gramatika\/"},"modified":"2025-12-17T16:44:09","modified_gmt":"2025-12-17T16:44:09","slug":"maoru-gramatika","status":"publish","type":"page","link":"https:\/\/talkpal.ai\/lv\/maoru-gramatika\/","title":{"rendered":"Maoru gramatika"},"content":{"rendered":"\r\n\r\n\r\n<section class=\"languageChallengeSection\">\r\n    <div class=\"languageInfoWrapper\">\r\n        \r\n        <h1>Maoru gramatika<\/h1>\r\n        <p>V\u0113lies apg\u016bt maoru valodu? Iepaz\u012bstieties ar maoru <a href=\"https:\/\/talkpal.ai\/what-language-is-spoken-on-the-international-space-station\/\">valodas<\/a> gramatiku, kas ir paz\u012bstama ar savu vienk\u0101r\u0161\u012bbu, artikulu lieto\u0161anu un da\u013ci\u0146u noz\u012bm\u012bgo noz\u012bmi noz\u012bmes veido\u0161an\u0101. S\u0101ciet jau \u0161odien &#8211; maoru valodas gramatikas apguve pal\u012bdz\u0113s jums dzi\u013c\u0101k iepaz\u012bt \u0161\u012bs valodas bag\u0101to mantojumu un Aotearoa Jaunz\u0113landes kult\u016bru!<\/p>\r\n\r\n                            <a class=\"getStartedHidden\" href=\"https:\/\/app.talkpal.ai\/lv\/signup?lng=\">S\u0101c<\/a>\r\n        \r\n    <\/div>\r\n\r\n    <figure>\r\n    <img decoding=\"async\" width=\"768\" height=\"768\" src=\"https:\/\/talkpal.ai\/wp-content\/uploads\/2023\/06\/maori-768x768.png\" class=\"languageImage no-lazy\" alt=\"Language learning for social and professional settings\" fetchpriority=\"high\" sizes=\"(max-width: 768px) 150px, 768px\" srcset=\"https:\/\/talkpal.ai\/wp-content\/uploads\/2023\/06\/maori-768x768.png 768w, https:\/\/talkpal.ai\/wp-content\/uploads\/2023\/06\/maori-300x300.png 300w\" \/>\r\n    \r\n\r\n    <\/figure>\r\n\r\n            <a class=\"getStartedVisible\" href=\"https:\/\/app.talkpal.ai\/lv\/signup?lng=\">S\u0101c<\/a>\r\n    \r\n<\/section>\r\n<section class=\"promotionalBanner\">\r\n    <p class=\"promotionalText\">Visefekt\u012bv\u0101kais <a href=\"https:\/\/talkpal.ai\/best-way-to-learn\/\">veids<\/a>, k\u0101 apg\u016bt valodu<\/p>\r\n    <a class=\"promotionalLink\" href=\"https:\/\/app.talkpal.ai\/lv\/signup?lng=\">Izm\u0113\u0123iniet Talkpal bez maksas<\/a>\r\n<\/section>\n<div class=\"wp-block-group pageContainerStyle\"><div class=\"wp-block-group__inner-container is-layout-constrained wp-block-group-is-layout-constrained\">\n<h2 class=\"wp-block-heading\" id=\"h-maori-grammar-your-ticket-to-a-vibrant-bicultural-world\">Maoru gramatika: j\u016bsu bi\u013cete uz dinamisku bikultur\u0101lu pasauli<\/h2>\n\n\n\n<p><a href=\"https:\/\/talkpal.ai\/culture\/how-do-you-say-lets-go-in-maori\/\">Kia ora<\/a>! Laipni l\u016bdzam br\u012bni\u0161\u0137\u012bgaj\u0101 maoru valodas pasaul\u0113. Jaunz\u0113landes pamatiedz\u012bvot\u0101ju valoda <a href=\"https:\/\/talkpal.ai\/learn-maori\/\">maori<\/a> jeb te reo maori pied\u0101v\u0101 unik\u0101lu iesp\u0113ju iepaz\u012bties ar seno kult\u016bru un t\u0101s dinamisko run\u0101t\u0101ju kopienu. T\u0101pat k\u0101 jebkura valoda, ar\u012b <a href=\"https:\/\/talkpal.ai\/maori-grammar\/\">maoru valodas gramatika<\/a> var \u0161\u0137ist sare\u017e\u0123\u012bta, bet neuztraucieties! \u0160is ies\u0101c\u0113jiem draudz\u012bgais ce\u013cvedis vienk\u0101r\u0161os maoru gramatikas pamatkomponentus vizu\u0101li saisto\u0161am un informat\u012bvam ce\u013cojumam.<\/p>\n\n\n\n<h3 class=\"wp-block-heading\" id=\"h-1-starting-with-the-basics-maori-alphabet-and-pronunciation\">1. S\u0101kot ar pamatiem: maoru alfab\u0113ts un izruna<\/h3>\n\n\n\n<p>Maori izmanto modific\u0113tu lat\u012b\u0146u skriptu, kas sast\u0101v tikai no 15 burtiem: pieci patska\u0146i (a, e, i, o un j\u016bs) un desmit l\u012bdzska\u0146i (h, k, m, n, p, r, t, w, ng un wh). Iepaz\u012bstieties ar \u0161iem burtiem un to at\u0161\u0137ir\u012bgaj\u0101m izrun\u0101m, jo tie veido pamatu visai turpm\u0101kajai maoru gramatikas apguvei.<\/p>\n\n\n\n<h3 class=\"wp-block-heading\" id=\"h-2-exploring-maori-sentence-structure\">2. Maoru teikuma strukt\u016bras izp\u0113te<\/h3>\n\n\n\n<p><a href=\"https:\/\/talkpal.ai\/maori-grammar\/\">Maoru gramatika<\/a> sav\u0101 b\u016bt\u012bb\u0101 seko vienk\u0101r\u0161ai subjekta-darb\u012bbas v\u0101rda (-objekta) strukt\u016brai, un darb\u012bbas v\u0101rds parasti ir pirms subjekta. Skaidr\u0101kais veids, k\u0101 izprast \u0161o strukt\u016bru, ir redz\u0113t to darb\u012bb\u0101:<\/p>\n\n\n\n<p><strong>Latviski: B\u0113rns sp\u0113l\u0113jas.<\/strong><\/p>\n\n\n\n<p><strong>Maori: Kei te t\u0101karo te tamaiti.<\/strong><\/p>\n\n\n\n<p>Maoru valod\u0101 darb\u012bbas v\u0101rda laiku nor\u0101da ar da\u013ci\u0146u kombin\u0101ciju vai ar\u012b teikumam pievienojot laika r\u0101d\u012bt\u0101ju.<\/p>\n\n\n\n<h3 class=\"wp-block-heading\" id=\"h-3-demystifying-particles-building-blocks-of-maori-grammar\">3. Da\u013ci\u0146u demistifik\u0101cija: maoru gramatikas celtniec\u012bbas bloki<\/h3>\n\n\n\n<p>Da\u013ci\u0146\u0101m ir iz\u0161\u0137iro\u0161a loma maoru gramatik\u0101, savienojot v\u0101rdus un fr\u0101zes kop\u0101, lai izveidotu saska\u0146otus un izteiksm\u012bgus teikumus. K\u0101 ies\u0101c\u0113js koncentr\u0113jieties uz da\u017eu b\u016btisku da\u013ci\u0146u izpratni:<\/p>\n\n\n\n<p><strong>&#8211; Kia: tiek lietots komand\u0101m, v\u0113lm\u0113m un darb\u012bbas m\u0113r\u0137a nor\u0101d\u012b\u0161anai.<\/strong><\/p>\n\n\n\n<p><strong>&#8211; Kei: tiek lietots, lai veidotu ilgsto\u0161o laiku.<\/strong><\/p>\n\n\n\n<p><strong>&#8211; Ko: tiek lietots, lai nor\u0101d\u012btu teikuma priek\u0161metu.<\/strong><\/p>\n\n\n\n<h3 class=\"wp-block-heading\" id=\"h-4-getting-to-know-maori-pronouns\">4. Maoru vietniekv\u0101rdu iepaz\u012b\u0161ana<\/h3>\n\n\n\n<p>Vietniekv\u0101rdi maoru valod\u0101 aizst\u0101j lietv\u0101rdus un pal\u012bdz uztur\u0113t j\u016bsu sarunas dabiskas un pl\u016bsto\u0161as. K\u0101 ies\u0101c\u0113js koncentr\u0113jieties uz person\u012bgo un pieder\u012bbas vietniekv\u0101rdu izpratni:<\/p>\n\n\n\n<p>Personv\u0101rdi: ahau (I), koe (tu, vienskaitl\u012b), ia (vi\u0146\u0161\/vi\u0146a), t\u0101ua (m\u0113s, ieskaitot personu, ar kuru run\u0101jam), m\u0101ua (m\u0113s, iz\u0146emot personu, ar kuru run\u0101jam), koutou (tu, daudzskaitlis), r\u0101tau (vi\u0146i)<\/p>\n\n\n\n<p>Pieder\u012bbas vietniekv\u0101rdi: taku\/t\u014dku (mans), t\u014du (j\u016bsu, vienskaitlis), t\u014dna (vi\u0146a\/vi\u0146as), t\u014d t\u0101ua (m\u016bsu, ieskaitot run\u0101t\u0101ju un klaus\u012bt\u0101ju), t\u014d m\u0101ua (m\u016bsu, run\u0101t\u0101js un k\u0101ds cits), t\u014d koutou (j\u016bsu, daudzskaitlis), t\u014d r\u0101tau (vi\u0146u)<\/p>\n\n\n\n<h3 class=\"wp-block-heading\" id=\"h-5-navigating-maori-nouns-and-adjectives\">5. Navig\u0101cija maoru lietv\u0101rdos un \u012bpa\u0161\u012bbas v\u0101rdos<\/h3>\n\n\n\n<p>Maoru lietv\u0101rdi un \u012bpa\u0161\u012bbas v\u0101rdi iev\u0113ro vienk\u0101r\u0161us gramatiskos noteikumus, padarot to viegli saprotamu ies\u0101c\u0113jiem. Lietv\u0101rdiem parasti seko lietv\u0101rds, kuru tie apraksta, un lietv\u0101rdu daudzskait\u013ca v\u0101rdi ir saist\u012bti ar da\u013ci\u0146as &#8220;ng\u0101&#8221; pievieno\u0161anu pirms lietv\u0101rda. Piem\u0113ram:<\/p>\n\n\n\n<p><strong>Te whare nui &#8211; &#8220;liel\u0101 m\u0101ja&#8221;<\/strong><\/p>\n\n\n\n<p><strong>Ng\u0101 tamariki &#8211; &#8220;b\u0113rni&#8221;<\/strong><\/p>\n\n\n\n<p>Tur jums tas ir! J\u016bs esat sp\u0113ris pirmos so\u013cus maoru valodas gramatikas apguves virzien\u0101 un bag\u0101tin\u0101jis savu ce\u013cojumu ar maoru valodu un kult\u016bru. Atcerieties, ka prakse, neatlaid\u012bba un iegremd\u0113\u0161ana ir b\u016btiska, lai g\u016btu pan\u0101kumus, t\u0101p\u0113c sazinieties ar dzimt\u0101s valodas run\u0101t\u0101jiem, izp\u0113tiet maoru tekstus un stipriniet savu valodas pamatu. Kia kaha! (Ej stiprs!)<\/p>\n<\/div><\/div>\n\r\n<section class=\"learnNavigationSection\">\r\n            \r\n        <a href=\"https:\/\/talkpal.ai\/lv\/uzziniet-maoru-valodu\/\">\r\n            <div class=\"learnNavigationWrapper\">\r\n                <div class=\"learnNavigationContent\">\r\n                    <img decoding=\"async\" src=\"https:\/\/talkpal.ai\/wp-content\/uploads\/2024\/08\/Maori.jpg\" alt=\"New Zealand Flag\">\r\n                    <div>\r\n                        <h4>Maoru valodas gramatikas nodarb\u012bbas<\/h4>\r\n                        <p>Uzziniet visu par maoru valodas gramatiku.<\/p>\r\n                    <\/div>\r\n                <\/div>\r\n            <\/div>\r\n        <\/a>\r\n\r\n        \r\n        <a href=\"https:\/\/talkpal.ai\/lv\/maoru-gramatikas-vingrinajumi\/\">\r\n            <div class=\"learnNavigationWrapper\">\r\n                <div class=\"learnNavigationContent\">\r\n                    <img decoding=\"async\" src=\"https:\/\/talkpal.ai\/wp-content\/uploads\/2024\/08\/Maori.jpg\" alt=\"New Zealand Flag\">\r\n                    <div>\r\n                        <h4>Maoru valodas gramatikas vingrin\u0101jums<\/h4>\r\n                        <p>Praktiz\u0113jiet maoru valodas gramatiku.<\/p>\r\n                    <\/div>\r\n                <\/div>\r\n            <\/div>\r\n        <\/a>\r\n\r\n        \r\n        <a href=\"https:\/\/talkpal.ai\/vocabulary_language\/maori\/\">\r\n            <div class=\"learnNavigationWrapper\">\r\n                <div class=\"learnNavigationContent\">\r\n                    <img decoding=\"async\" src=\"https:\/\/talkpal.ai\/wp-content\/uploads\/2024\/08\/Maori.jpg\" alt=\"New Zealand Flag\">\r\n                    <div>\r\n                        <h4>Maoru valodas v\u0101rdn\u012bca<\/h4>\r\n                        <p>Papla\u0161iniet maoru valodas v\u0101rdu kr\u0101jumu.<\/p>\r\n                    <\/div>\r\n                <\/div>\r\n            <\/div>\r\n        <\/a>\r\n\r\n            <\/section>","protected":false},"excerpt":{"rendered":"<p>Maoru gramatika: j\u016bsu bi\u013cete uz dinamisku bikultur\u0101lu pasauli Kia ora! Laipni l\u016bdzam br\u012bni\u0161\u0137\u012bgaj\u0101 maoru valodas pasaul\u0113. Jaunz\u0113landes pamatiedz\u012bvot\u0101ju valoda maori jeb te reo maori pied\u0101v\u0101 unik\u0101lu iesp\u0113ju iepaz\u012bties ar seno kult\u016bru un t\u0101s dinamisko run\u0101t\u0101ju kopienu. T\u0101pat k\u0101 jebkura valoda, ar\u012b maoru valodas gramatika var \u0161\u0137ist sare\u017e\u0123\u012bta, bet neuztraucieties! \u0160is ies\u0101c\u0113jiem draudz\u012bgais ce\u013cvedis vienk\u0101r\u0161os maoru [&hellip;]<\/p>\n","protected":false},"author":1,"featured_media":116612,"parent":0,"menu_order":0,"comment_status":"closed","ping_status":"closed","template":"LearningContentPage.php","meta":{"_acf_changed":false,"footnotes":""},"class_list":["post-147891","page","type-page","status-publish","has-post-thumbnail","hentry"],"acf":[],"yoast_head":"<!-- This site is optimized with the Yoast SEO Premium plugin v27.2 (Yoast SEO v27.2) - https:\/\/yoast.com\/product\/yoast-seo-premium-wordpress\/ -->\n<title>Maoru gramatika - Talkpal<\/title>\n<meta name=\"description\" content=\"Izp\u0113tiet maoru valodas gramatikas pamatus, izmantojot m\u016bsu ies\u0101c\u0113jiem draudz\u012bgo ce\u013cvedi. Atkl\u0101jiet 15 burtus un b\u016btisk\u0101kos te reo maoru valodas noteikumus.\" \/>\n<meta name=\"robots\" content=\"index, follow, max-snippet:-1, max-image-preview:large, max-video-preview:-1\" \/>\n<link rel=\"canonical\" href=\"https:\/\/talkpal.ai\/lv\/maoru-gramatika\/\" \/>\n<meta property=\"og:locale\" content=\"lv_LV\" \/>\n<meta property=\"og:type\" content=\"article\" \/>\n<meta property=\"og:title\" content=\"Maoru gramatika\" \/>\n<meta property=\"og:description\" content=\"Maoru gramatika: j\u016bsu bi\u013cete uz dinamisku bikultur\u0101lu pasauli Kia ora! Laipni l\u016bdzam br\u012bni\u0161\u0137\u012bgaj\u0101 maoru valodas pasaul\u0113. Jaunz\u0113landes pamatiedz\u012bvot\u0101ju\" \/>\n<meta property=\"og:url\" content=\"https:\/\/talkpal.ai\/lv\/maoru-gramatika\/\" \/>\n<meta property=\"og:site_name\" content=\"Talkpal\" \/>\n<meta property=\"article:publisher\" content=\"https:\/\/www.facebook.com\/profile.php?id=100090733639311\" \/>\n<meta property=\"article:modified_time\" content=\"2025-12-17T16:44:09+00:00\" \/>\n<meta property=\"og:image\" content=\"https:\/\/talkpal.ai\/wp-content\/uploads\/2023\/05\/Maori-new-zealand.png\" \/>\n\t<meta property=\"og:image:width\" content=\"512\" \/>\n\t<meta property=\"og:image:height\" content=\"512\" \/>\n\t<meta property=\"og:image:type\" content=\"image\/png\" \/>\n<meta name=\"twitter:card\" content=\"summary_large_image\" \/>\n<meta name=\"twitter:site\" content=\"@talkpalai\" \/>\n<meta name=\"twitter:label1\" content=\"Est. reading time\" \/>\n\t<meta name=\"twitter:data1\" content=\"3 minutes\" \/>\n<script type=\"application\/ld+json\" class=\"yoast-schema-graph\">{\"@context\":\"https:\/\/schema.org\",\"@graph\":[{\"@type\":\"WebPage\",\"@id\":\"https:\/\/talkpal.ai\/lv\/maoru-gramatika\/\",\"url\":\"https:\/\/talkpal.ai\/lv\/maoru-gramatika\/\",\"name\":\"Maoru gramatika - Talkpal\",\"isPartOf\":{\"@id\":\"https:\/\/talkpal.ai\/lv\/#website\"},\"primaryImageOfPage\":{\"@id\":\"https:\/\/talkpal.ai\/lv\/maoru-gramatika\/#primaryimage\"},\"image\":{\"@id\":\"https:\/\/talkpal.ai\/lv\/maoru-gramatika\/#primaryimage\"},\"thumbnailUrl\":\"https:\/\/talkpal.ai\/wp-content\/uploads\/2023\/05\/Maori-new-zealand.png\",\"datePublished\":\"2023-05-14T14:12:25+00:00\",\"dateModified\":\"2025-12-17T16:44:09+00:00\",\"description\":\"Izp\u0113tiet maoru valodas gramatikas pamatus, izmantojot m\u016bsu ies\u0101c\u0113jiem draudz\u012bgo ce\u013cvedi. Atkl\u0101jiet 15 burtus un b\u016btisk\u0101kos te reo maoru valodas noteikumus.\",\"breadcrumb\":{\"@id\":\"https:\/\/talkpal.ai\/lv\/maoru-gramatika\/#breadcrumb\"},\"inLanguage\":\"lv-LV\",\"potentialAction\":[{\"@type\":\"ReadAction\",\"target\":[\"https:\/\/talkpal.ai\/lv\/maoru-gramatika\/\"]}]},{\"@type\":\"ImageObject\",\"inLanguage\":\"lv-LV\",\"@id\":\"https:\/\/talkpal.ai\/lv\/maoru-gramatika\/#primaryimage\",\"url\":\"https:\/\/talkpal.ai\/wp-content\/uploads\/2023\/05\/Maori-new-zealand.png\",\"contentUrl\":\"https:\/\/talkpal.ai\/wp-content\/uploads\/2023\/05\/Maori-new-zealand.png\",\"width\":512,\"height\":512},{\"@type\":\"BreadcrumbList\",\"@id\":\"https:\/\/talkpal.ai\/lv\/maoru-gramatika\/#breadcrumb\",\"itemListElement\":[{\"@type\":\"ListItem\",\"position\":1,\"name\":\"Homepage\",\"item\":\"https:\/\/talkpal.ai\/lv\/\"},{\"@type\":\"ListItem\",\"position\":2,\"name\":\"Maoru gramatika\"}]},{\"@type\":\"WebSite\",\"@id\":\"https:\/\/talkpal.ai\/lv\/#website\",\"url\":\"https:\/\/talkpal.ai\/lv\/\",\"name\":\"Talkpal\",\"description\":\"AI Language Learning\",\"publisher\":{\"@id\":\"https:\/\/talkpal.ai\/lv\/#organization\"},\"alternateName\":\"Talkpal AI\",\"potentialAction\":[{\"@type\":\"SearchAction\",\"target\":{\"@type\":\"EntryPoint\",\"urlTemplate\":\"https:\/\/talkpal.ai\/lv\/?s={search_term_string}\"},\"query-input\":{\"@type\":\"PropertyValueSpecification\",\"valueRequired\":true,\"valueName\":\"search_term_string\"}}],\"inLanguage\":\"lv-LV\"},{\"@type\":\"Organization\",\"@id\":\"https:\/\/talkpal.ai\/lv\/#organization\",\"name\":\"Talkpal, Inc.\",\"alternateName\":\"Talkpal AI\",\"url\":\"https:\/\/talkpal.ai\/lv\/\",\"logo\":{\"@type\":\"ImageObject\",\"inLanguage\":\"lv-LV\",\"@id\":\"https:\/\/talkpal.ai\/lv\/#\/schema\/logo\/image\/\",\"url\":\"https:\/\/talkpal.ai\/wp-content\/uploads\/2024\/03\/Talkpal-Logo-Icon.png\",\"contentUrl\":\"https:\/\/talkpal.ai\/wp-content\/uploads\/2024\/03\/Talkpal-Logo-Icon.png\",\"width\":2880,\"height\":2880,\"caption\":\"Talkpal, Inc.\"},\"image\":{\"@id\":\"https:\/\/talkpal.ai\/lv\/#\/schema\/logo\/image\/\"},\"sameAs\":[\"https:\/\/www.facebook.com\/profile.php?id=100090733639311\",\"https:\/\/x.com\/talkpalai\",\"https:\/\/www.linkedin.com\/company\/talkpal\/\",\"https:\/\/www.youtube.com\/@TalkPal\/\",\"https:\/\/www.tiktok.com\/@talkpal\",\"https:\/\/www.instagram.com\/talkpal_ai\/\",\"https:\/\/www.crunchbase.com\/organization\/talkpal-9cde\",\"https:\/\/www.g2.com\/products\/talkpal-for-business\/\",\"https:\/\/www.trustpilot.com\/review\/talkpal.ai\",\"https:\/\/www.capterra.com\/p\/10006800\/TalkPal\/\"],\"description\":\"Talkpal is a language learning web and mobile education app, powered by the latest AI technologies, that provides engaging experiences to its customers in many different languages to help them improve their language skills. Users can chat about unlimited amount of topics with the app and use other modes to practice their language learning.\",\"email\":\"support@talkpal.ai\",\"legalName\":\"Talkpal, Inc.\",\"foundingDate\":\"2023-04-03\",\"duns\":\"118989042\",\"numberOfEmployees\":{\"@type\":\"QuantitativeValue\",\"minValue\":\"11\",\"maxValue\":\"50\"},\"publishingPrinciples\":\"https:\/\/talkpal.ai\/publishing-principles\/\",\"actionableFeedbackPolicy\":\"https:\/\/talkpal.ai\/actionable-feedback-policy\/\",\"correctionsPolicy\":\"https:\/\/talkpal.ai\/corrections-policy\/\",\"ethicsPolicy\":\"https:\/\/talkpal.ai\/ethics-policy\/\",\"diversityPolicy\":\"https:\/\/talkpal.ai\/diversity-policy\/\",\"diversityStaffingReport\":\"https:\/\/talkpal.ai\/diversity-policy\/\"}]}<\/script>\n<!-- \/ Yoast SEO Premium plugin. -->","yoast_head_json":{"title":"Maoru gramatika - Talkpal","description":"Izp\u0113tiet maoru valodas gramatikas pamatus, izmantojot m\u016bsu ies\u0101c\u0113jiem draudz\u012bgo ce\u013cvedi. Atkl\u0101jiet 15 burtus un b\u016btisk\u0101kos te reo maoru valodas noteikumus.","robots":{"index":"index","follow":"follow","max-snippet":"max-snippet:-1","max-image-preview":"max-image-preview:large","max-video-preview":"max-video-preview:-1"},"canonical":"https:\/\/talkpal.ai\/lv\/maoru-gramatika\/","og_locale":"lv_LV","og_type":"article","og_title":"Maoru gramatika","og_description":"Maoru gramatika: j\u016bsu bi\u013cete uz dinamisku bikultur\u0101lu pasauli Kia ora! Laipni l\u016bdzam br\u012bni\u0161\u0137\u012bgaj\u0101 maoru valodas pasaul\u0113. Jaunz\u0113landes pamatiedz\u012bvot\u0101ju","og_url":"https:\/\/talkpal.ai\/lv\/maoru-gramatika\/","og_site_name":"Talkpal","article_publisher":"https:\/\/www.facebook.com\/profile.php?id=100090733639311","article_modified_time":"2025-12-17T16:44:09+00:00","og_image":[{"width":512,"height":512,"url":"https:\/\/talkpal.ai\/wp-content\/uploads\/2023\/05\/Maori-new-zealand.png","type":"image\/png"}],"twitter_card":"summary_large_image","twitter_site":"@talkpalai","twitter_misc":{"Est. reading time":"3 minutes"},"schema":{"@context":"https:\/\/schema.org","@graph":[{"@type":"WebPage","@id":"https:\/\/talkpal.ai\/lv\/maoru-gramatika\/","url":"https:\/\/talkpal.ai\/lv\/maoru-gramatika\/","name":"Maoru gramatika - Talkpal","isPartOf":{"@id":"https:\/\/talkpal.ai\/lv\/#website"},"primaryImageOfPage":{"@id":"https:\/\/talkpal.ai\/lv\/maoru-gramatika\/#primaryimage"},"image":{"@id":"https:\/\/talkpal.ai\/lv\/maoru-gramatika\/#primaryimage"},"thumbnailUrl":"https:\/\/talkpal.ai\/wp-content\/uploads\/2023\/05\/Maori-new-zealand.png","datePublished":"2023-05-14T14:12:25+00:00","dateModified":"2025-12-17T16:44:09+00:00","description":"Izp\u0113tiet maoru valodas gramatikas pamatus, izmantojot m\u016bsu ies\u0101c\u0113jiem draudz\u012bgo ce\u013cvedi. Atkl\u0101jiet 15 burtus un b\u016btisk\u0101kos te reo maoru valodas noteikumus.","breadcrumb":{"@id":"https:\/\/talkpal.ai\/lv\/maoru-gramatika\/#breadcrumb"},"inLanguage":"lv-LV","potentialAction":[{"@type":"ReadAction","target":["https:\/\/talkpal.ai\/lv\/maoru-gramatika\/"]}]},{"@type":"ImageObject","inLanguage":"lv-LV","@id":"https:\/\/talkpal.ai\/lv\/maoru-gramatika\/#primaryimage","url":"https:\/\/talkpal.ai\/wp-content\/uploads\/2023\/05\/Maori-new-zealand.png","contentUrl":"https:\/\/talkpal.ai\/wp-content\/uploads\/2023\/05\/Maori-new-zealand.png","width":512,"height":512},{"@type":"BreadcrumbList","@id":"https:\/\/talkpal.ai\/lv\/maoru-gramatika\/#breadcrumb","itemListElement":[{"@type":"ListItem","position":1,"name":"Homepage","item":"https:\/\/talkpal.ai\/lv\/"},{"@type":"ListItem","position":2,"name":"Maoru gramatika"}]},{"@type":"WebSite","@id":"https:\/\/talkpal.ai\/lv\/#website","url":"https:\/\/talkpal.ai\/lv\/","name":"Talkpal","description":"AI Language Learning","publisher":{"@id":"https:\/\/talkpal.ai\/lv\/#organization"},"alternateName":"Talkpal AI","potentialAction":[{"@type":"SearchAction","target":{"@type":"EntryPoint","urlTemplate":"https:\/\/talkpal.ai\/lv\/?s={search_term_string}"},"query-input":{"@type":"PropertyValueSpecification","valueRequired":true,"valueName":"search_term_string"}}],"inLanguage":"lv-LV"},{"@type":"Organization","@id":"https:\/\/talkpal.ai\/lv\/#organization","name":"Talkpal, Inc.","alternateName":"Talkpal AI","url":"https:\/\/talkpal.ai\/lv\/","logo":{"@type":"ImageObject","inLanguage":"lv-LV","@id":"https:\/\/talkpal.ai\/lv\/#\/schema\/logo\/image\/","url":"https:\/\/talkpal.ai\/wp-content\/uploads\/2024\/03\/Talkpal-Logo-Icon.png","contentUrl":"https:\/\/talkpal.ai\/wp-content\/uploads\/2024\/03\/Talkpal-Logo-Icon.png","width":2880,"height":2880,"caption":"Talkpal, Inc."},"image":{"@id":"https:\/\/talkpal.ai\/lv\/#\/schema\/logo\/image\/"},"sameAs":["https:\/\/www.facebook.com\/profile.php?id=100090733639311","https:\/\/x.com\/talkpalai","https:\/\/www.linkedin.com\/company\/talkpal\/","https:\/\/www.youtube.com\/@TalkPal\/","https:\/\/www.tiktok.com\/@talkpal","https:\/\/www.instagram.com\/talkpal_ai\/","https:\/\/www.crunchbase.com\/organization\/talkpal-9cde","https:\/\/www.g2.com\/products\/talkpal-for-business\/","https:\/\/www.trustpilot.com\/review\/talkpal.ai","https:\/\/www.capterra.com\/p\/10006800\/TalkPal\/"],"description":"Talkpal is a language learning web and mobile education app, powered by the latest AI technologies, that provides engaging experiences to its customers in many different languages to help them improve their language skills. Users can chat about unlimited amount of topics with the app and use other modes to practice their language learning.","email":"support@talkpal.ai","legalName":"Talkpal, Inc.","foundingDate":"2023-04-03","duns":"118989042","numberOfEmployees":{"@type":"QuantitativeValue","minValue":"11","maxValue":"50"},"publishingPrinciples":"https:\/\/talkpal.ai\/publishing-principles\/","actionableFeedbackPolicy":"https:\/\/talkpal.ai\/actionable-feedback-policy\/","correctionsPolicy":"https:\/\/talkpal.ai\/corrections-policy\/","ethicsPolicy":"https:\/\/talkpal.ai\/ethics-policy\/","diversityPolicy":"https:\/\/talkpal.ai\/diversity-policy\/","diversityStaffingReport":"https:\/\/talkpal.ai\/diversity-policy\/"}]}},"_links":{"self":[{"href":"https:\/\/talkpal.ai\/lv\/wp-json\/wp\/v2\/pages\/147891","targetHints":{"allow":["GET"]}}],"collection":[{"href":"https:\/\/talkpal.ai\/lv\/wp-json\/wp\/v2\/pages"}],"about":[{"href":"https:\/\/talkpal.ai\/lv\/wp-json\/wp\/v2\/types\/page"}],"author":[{"embeddable":true,"href":"https:\/\/talkpal.ai\/lv\/wp-json\/wp\/v2\/users\/1"}],"replies":[{"embeddable":true,"href":"https:\/\/talkpal.ai\/lv\/wp-json\/wp\/v2\/comments?post=147891"}],"version-history":[{"count":0,"href":"https:\/\/talkpal.ai\/lv\/wp-json\/wp\/v2\/pages\/147891\/revisions"}],"wp:featuredmedia":[{"embeddable":true,"href":"https:\/\/talkpal.ai\/lv\/wp-json\/wp\/v2\/media\/116612"}],"wp:attachment":[{"href":"https:\/\/talkpal.ai\/lv\/wp-json\/wp\/v2\/media?parent=147891"}],"curies":[{"name":"wp","href":"https:\/\/api.w.org\/{rel}","templated":true}]}}