{"id":1476303,"date":"2025-11-12T16:07:26","date_gmt":"2025-11-12T16:07:26","guid":{"rendered":"https:\/\/talkpal.ai\/orijas-gramatika\/"},"modified":"2025-12-30T12:44:59","modified_gmt":"2025-12-30T12:44:59","slug":"orijas-gramatika","status":"publish","type":"page","link":"https:\/\/talkpal.ai\/lv\/orijas-gramatika\/","title":{"rendered":"Odia gramatika"},"content":{"rendered":"\r\n\r\n\r\n<section class=\"languageChallengeSection\">\r\n    <div class=\"languageInfoWrapper\">\r\n        \r\n        <h1>Odia gramatika<\/h1>\r\n        <p><a href=\"https:\/\/talkpal.ai\/learn-odia\/\">Odia<\/a> gramatika s\u0101kum\u0101 var \u0161\u0137ist izaicino\u0161s, ta\u010du t\u0101s unik\u0101l\u0101s iez\u012bmes padara <a href=\"https:\/\/talkpal.ai\/what-language-is-spoken-on-the-international-space-station\/\">valodas<\/a> apguvi par atalgojo\u0161u pieredzi. Izp\u0113tot t\u0101s alfab\u0113tu, mut\u0101cijas un gramatikas noteikumus, j\u016bs g\u016bsiet ieskatu bag\u0101t\u0101 valodas trad\u012bcij\u0101. S\u0101ciet savu ce\u013cojumu un atkl\u0101jiet Odijas skaistumu!<\/p>\r\n\r\n                            <a class=\"getStartedHidden\" href=\"https:\/\/app.talkpal.ai\/lv\/signup?lng=\">S\u0101c<\/a>\r\n        \r\n    <\/div>\r\n\r\n    <figure>\r\n    <img decoding=\"async\" width=\"768\" height=\"768\" src=\"https:\/\/talkpal.ai\/wp-content\/uploads\/2023\/06\/welsh-768x768.png\" class=\"languageImage no-lazy\" alt=\"Language learning for better cognitive abilities\" fetchpriority=\"high\" sizes=\"(max-width: 768px) 150px, 768px\" srcset=\"https:\/\/talkpal.ai\/wp-content\/uploads\/2023\/06\/welsh-768x768.png 768w, https:\/\/talkpal.ai\/wp-content\/uploads\/2023\/06\/welsh-300x300.png 300w\" \/>\r\n    \r\n\r\n    <\/figure>\r\n\r\n            <a class=\"getStartedVisible\" href=\"https:\/\/app.talkpal.ai\/lv\/signup?lng=\">S\u0101c<\/a>\r\n    \r\n<\/section><section class=\"promotionalBanner\">\r\n    <p class=\"promotionalText\">Visefekt\u012bv\u0101kais <a href=\"https:\/\/talkpal.ai\/best-way-to-learn\/\">veids<\/a>, k\u0101 apg\u016bt valodu<\/p>\r\n    <a class=\"promotionalLink\" href=\"https:\/\/app.talkpal.ai\/lv\/signup?lng=\">Izm\u0113\u0123iniet Talkpal bez maksas<\/a>\r\n<\/section>\n<div class=\"wp-block-group pageContainerStyle\"><div class=\"wp-block-group__inner-container is-layout-constrained wp-block-group-is-layout-constrained\">\n<h2 class=\"wp-block-heading\" id=\"h-navigating-the-intricacies-of-odia-grammar\">Navig\u0101cija Odia gramatikas sare\u017e\u0123\u012bjumos<\/h2>\n\n\n\n<p><a href=\"https:\/\/talkpal.ai\/learn-oriya\/\">Odia<\/a>, paz\u012bstama ar\u012b k\u0101 Odia, ir indo-\u0101rie\u0161u valoda ar bag\u0101t\u0101m liter\u0101r\u0101m trad\u012bcij\u0101m un dzi\u013c\u0101m kult\u016bras sakn\u0113m Indijas austrumos. Tas pied\u0101v\u0101 aizraujo\u0161u lingvistisko pieredzi izgl\u012btojamiem, kuri v\u0113las izp\u0113t\u012bt t\u0101s at\u0161\u0137ir\u012bgo gramatikas sist\u0113mu. Dodoties Odijas valst\u012bb\u0101, j\u016bs ne tikai bag\u0101tin\u0101siet savu lingvistisko repertu\u0101ru, bet ar\u012b iesaist\u012bsieties aizraujo\u0161\u0101 kult\u016bras ce\u013cojum\u0101. Lai gan <a href=\"https:\/\/talkpal.ai\/lt\/oriya-gramatika\/\">Odia gramatika<\/a> s\u0101kum\u0101 var \u0161\u0137ist sare\u017e\u0123\u012bta, t\u0101s sadal\u012b\u0161ana galvenaj\u0101s sast\u0101vda\u013c\u0101s padara valodas apguvi pieejam\u0101ku. \u0160aj\u0101 rakst\u0101 m\u0113s izp\u0113t\u012bsim aizraujo\u0161o <a href=\"https:\/\/talkpal.ai\/lv\/orijas-gramatikas-vingrinajumi\/\">Odia gramatikas<\/a> pasauli un sniegsim padomus, k\u0101 apg\u016bt t\u0101s sare\u017e\u0123\u012bt\u012bbu.<\/p>\n\n\n\n<h3 class=\"wp-block-heading\" id=\"h-1-odia-alphabet-and-phonetics\">1. Odia alfab\u0113ts un fon\u0113tika<\/h3>\n\n\n\n<p>Odia rakst\u012bba ir abugida ar 11 patska\u0146iem un apm\u0113ram 35 l\u012bdzska\u0146iem, k\u0101 ar\u012b diakritiskaj\u0101m z\u012bm\u0113m un konjunkt\u016bras l\u012bdzska\u0146iem. Tas ietver retrofleksas un aspir\u0113tas ska\u0146as, kas rakstur\u012bgas indo-\u0101rie\u0161u valod\u0101m. Izrunas un las\u012b\u0161anas apguvei ir iz\u0161\u0137iro\u0161a noz\u012bme rakst\u012bbas, patska\u0146u z\u012bmju un konjunktu kopu p\u0101rzin\u0101\u0161an\u0101. Praktiz\u0113jiet, lasot un rakstot Odia, lai internaliz\u0113tu ska\u0146as un simbolu atbilst\u012bbu.<\/p>\n\n\n\n<h3 class=\"wp-block-heading\" id=\"h-2-case-markers-and-postpositions-a-distinctive-odia-feature\">2. Lietu mar\u0137ieri un postpoz\u012bcijas: at\u0161\u0137ir\u012bga Odia iez\u012bme<\/h3>\n\n\n\n<p>P\u0101rsteidzo\u0161s Odia gramatikas aspekts ir gad\u012bjuma mar\u0137ieru un postpoz\u012bciju izmanto\u0161ana, nevis priev\u0101rdi. Parastie mar\u0137ieri ir ku akuzat\u012bv\u0101m un dat\u012bvaj\u0101m lom\u0101m, ra \u0123enit\u012bvam, re lokat\u012bvam, ru ablat\u012bvam, saha komitat\u012bvam, dwara instrument\u0101lam vai a\u0123entam un s\u0101p\u0113m m\u0113r\u0137im. Izpratne par to, k\u0101 \u0161ie mar\u0137ieri piesaist\u0101s lietv\u0101rdiem un vietniekv\u0101rdiem, ir \u013coti svar\u012bga prec\u012bzai sazi\u0146ai Odia.<\/p>\n\n\n\n<h3 class=\"wp-block-heading\" id=\"h-3-nouns-and-pronouns-gender-and-cases\">3. Lietv\u0101rdi un vietniekv\u0101rdi: dzimums un gad\u012bjumi<\/h3>\n\n\n\n<p>Odia lietv\u0101rdiem nav gramatisk\u0101s dzimtes, un daudzskaitlis at\u0161\u0137iras atkar\u012bb\u0101 no lietv\u0101rda veida un konteksta. Cilv\u0113ka un dz\u012bvie lietv\u0101rdi bie\u017ei izmanto daudzskait\u013ca sufiksu -mane, bet nedz\u012bvie lietv\u0101rdi var izmantot -gudika vai palikt neatz\u012bm\u0113ti, ja daudzveid\u012bba ir skaidra no konteksta. Vietniekv\u0101rdi ietver personiskas, piedero\u0161as, refleks\u012bvas, demonstrat\u012bvas un jaut\u0101juma kopas ar goda at\u0161\u0137ir\u012bb\u0101m: mu I, tume tu neform\u0101ls, apana tu piekl\u0101j\u012bgs, se vi\u0146\u0161 vai vi\u0146a, semane vi\u0146i. Possess\u012bvi ietver <a href=\"https:\/\/talkpal.ai\/locations\/language-courses-in-mora\/\">mora<\/a> my, tora ur, apanangkara j\u016bsu piekl\u0101j\u012bgs, tara vi\u0146a vai vi\u0146a. Iepaz\u012bstoties ar \u0161\u012bm form\u0101m un to variantiem, kas atz\u012bm\u0113ti ar gad\u012bjumiem, iev\u0113rojami uzlabosies j\u016bsu izpratne par Odia gramatiku.<\/p>\n\n\n\n<h3 class=\"wp-block-heading\" id=\"h-4-verbs-structure-and-conjugation\">4. Darb\u012bbas v\u0101rdi: strukt\u016bra un konjug\u0101cija<\/h3>\n\n\n\n<p>Odia darb\u012bbas v\u0101rdi loca laiku, aspektu, noska\u0146ojumu un vieno\u0161anos, ar goda l\u012bme\u0146iem, kas ietekm\u0113 darb\u012bbas v\u0101rdu formas. Pamata saspringt\u0101 aspekta veidojumi ietver tagadni progres\u012bvo -uchi, vienk\u0101r\u0161o pag\u0101tni -ila un n\u0101kotni -iba, k\u0101 ar\u012b saliktas konstrukcijas un pal\u012bgier\u012bces. Akt\u012bvi tiek izmantoti nosac\u012bti un oblig\u0101ti noska\u0146oti. Apg\u016bstot konjug\u0101cijas mode\u013cus un to, k\u0101 tie mijiedarbojas ar cilv\u0113ku un piekl\u0101j\u012bbu, uzlabosies j\u016bsu sp\u0113ja efekt\u012bvi sazin\u0101ties Odia.<\/p>\n\n\n\n<h3 class=\"wp-block-heading\" id=\"h-5-adjectives-agreement-and-placement\">5. \u012apa\u0161\u012bbas v\u0101rdi: vieno\u0161an\u0101s un izvietojums<\/h3>\n\n\n\n<p>Odia gramatik\u0101 \u012bpa\u0161\u012bbas v\u0101rdi parasti ir pirms lietv\u0101rda, ko tie modific\u0113, un parasti nemain\u0101s skaitlim vai dzimumam. Sal\u012bdzino\u0161ie un superlat\u012bvi parasti tiek veidoti ar t\u0101diem adverbiem k\u0101 adhika more un sabutharu most, lai gan tatsama form\u0101s var izmantot ar\u012b sufiksus form\u0101lajos re\u0123istros. \u0160o mode\u013cu apg\u016b\u0161ana pal\u012bdz runai izklaus\u012bties dabiski un idiom\u0101tiski.<\/p>\n\n\n\n<p><strong>Piem\u0113ri:<\/strong><\/p>\n\n\n\n<p><strong>&#8211; Bada Prema (Liel\u0101 m\u012blest\u012bba)  <\/strong><\/p>\n\n\n\n<p><strong>&#8211; chhota pilamane (mazi b\u0113rni)<\/strong><\/p>\n\n\n\n<h3 class=\"wp-block-heading\" id=\"h-6-engaging-with-the-language\">6. Iesaist\u012b\u0161an\u0101s valod\u0101<\/h3>\n\n\n\n<p>Visefekt\u012bv\u0101kais veids, k\u0101 piln\u012bb\u0101 izprast un internaliz\u0113t Odia gramatiku, ir konsekventi iesaist\u012bties valod\u0101. Lasot Odia literat\u016bru, skatoties Odia filmas vai telev\u012bzijas seri\u0101lus, sekojot Odia zi\u0146\u0101m un akt\u012bvi sazinoties ar dzimt\u0101 valoda, j\u016bs nostiprin\u0101siet savu izpratni par gramatiku, vienlaikus papla\u0161inot v\u0101rdu kr\u0101jumu.<\/p>\n\n\n\n<h3 class=\"wp-block-heading\" id=\"h-conclusion\">Secin\u0101jums<\/h3>\n\n\n\n<p>Lai gan Odia gramatika var \u0161\u0137ist sare\u017e\u0123\u012bta, j\u016bs varat apg\u016bt \u0161o skaisto valodu ar cent\u012bbu, praksi un entuziasmu. Koncentr\u0113joties uz pamatnoteikumiem un iesaistoties valod\u0101 da\u017e\u0101dos kontekstos, j\u016bs \u0101tri uzlabosiet savas Odia <a href=\"https:\/\/talkpal.ai\/lv\/gramatika\/\">gramatikas prasmes<\/a>. Subha kamana (veiksmi) sav\u0101 Odia valodas ce\u013cojum\u0101 un izbaudiet eleganto, bet valdzino\u0161o Odia gramatikas pasauli!<\/p>\n<\/div><\/div>\n\r\n<section class=\"learnNavigationSection\">\r\n            \r\n        <a href=\"https:\/\/talkpal.ai\/lv\/macities-oriya\/\">\r\n            <div class=\"learnNavigationWrapper\">\r\n                <div class=\"learnNavigationContent\">\r\n                    <img decoding=\"async\" src=\"https:\/\/talkpal.ai\/wp-content\/uploads\/2025\/11\/Oriya.png\" alt=\"Indian Simplified Flag\">\r\n                    <div>\r\n                        <h4>Par Odia m\u0101c\u012b\u0161anos<\/h4>\r\n                        <p>Uzziniet visu par Odia gramatiku.<\/p>\r\n                    <\/div>\r\n                <\/div>\r\n            <\/div>\r\n        <\/a>\r\n\r\n        \r\n        <a href=\"https:\/\/talkpal.ai\/lv\/orijas-gramatikas-vingrinajumi\/\">\r\n            <div class=\"learnNavigationWrapper\">\r\n                <div class=\"learnNavigationContent\">\r\n                    <img decoding=\"async\" src=\"https:\/\/talkpal.ai\/wp-content\/uploads\/2025\/11\/Oriya.png\" alt=\"Indian Simplified Flag\">\r\n                    <div>\r\n                        <h4>Odia gramatikas vingrin\u0101jums<\/h4>\r\n                        <p>Praktiz\u0113jiet Odia gramatiku.<\/p>\r\n                    <\/div>\r\n                <\/div>\r\n            <\/div>\r\n        <\/a>\r\n\r\n            <\/section>","protected":false},"excerpt":{"rendered":"<p>Navig\u0101cija Odia gramatikas sare\u017e\u0123\u012bjumos Odia, paz\u012bstama ar\u012b k\u0101 Odia, ir indo-\u0101rie\u0161u valoda ar bag\u0101t\u0101m liter\u0101r\u0101m trad\u012bcij\u0101m un dzi\u013c\u0101m kult\u016bras sakn\u0113m Indijas austrumos. Tas pied\u0101v\u0101 aizraujo\u0161u lingvistisko pieredzi izgl\u012btojamiem, kuri v\u0113las izp\u0113t\u012bt t\u0101s at\u0161\u0137ir\u012bgo gramatikas sist\u0113mu. Dodoties Odijas valst\u012bb\u0101, j\u016bs ne tikai bag\u0101tin\u0101siet savu lingvistisko repertu\u0101ru, bet ar\u012b iesaist\u012bsieties aizraujo\u0161\u0101 kult\u016bras ce\u013cojum\u0101. Lai gan Odia gramatika [&hellip;]<\/p>\n","protected":false},"author":20,"featured_media":0,"parent":0,"menu_order":0,"comment_status":"closed","ping_status":"closed","template":"LearningContentPage.php","meta":{"_acf_changed":false,"footnotes":""},"class_list":["post-1476303","page","type-page","status-publish","hentry"],"acf":[],"yoast_head":"<!-- This site is optimized with the Yoast SEO Premium plugin v27.2 (Yoast SEO v27.2) - https:\/\/yoast.com\/product\/yoast-seo-premium-wordpress\/ -->\n<title>Odia gramatika - Talkpal<\/title>\n<meta name=\"description\" content=\"Apg\u016bstiet odie\u0161u valodas gramatikas pamatus, tostarp alfab\u0113tu, lietv\u0101rdu mar\u0137ierus un darb\u012bbas v\u0101rdus, izmantojot m\u016bsu visaptvero\u0161o valodas m\u0101c\u012bbu ce\u013cvedi.\" \/>\n<meta name=\"robots\" content=\"index, follow, max-snippet:-1, max-image-preview:large, max-video-preview:-1\" \/>\n<link rel=\"canonical\" href=\"https:\/\/talkpal.ai\/lv\/orijas-gramatika\/\" \/>\n<meta property=\"og:locale\" content=\"lv_LV\" \/>\n<meta property=\"og:type\" content=\"article\" \/>\n<meta property=\"og:title\" content=\"Odia gramatika\" \/>\n<meta property=\"og:description\" content=\"Navig\u0101cija Odia gramatikas sare\u017e\u0123\u012bjumos Odia, paz\u012bstama ar\u012b k\u0101 Odia, ir indo-\u0101rie\u0161u valoda ar bag\u0101t\u0101m liter\u0101r\u0101m trad\u012bcij\u0101m un dzi\u013c\u0101m kult\u016bras sakn\u0113m\" \/>\n<meta property=\"og:url\" content=\"https:\/\/talkpal.ai\/lv\/orijas-gramatika\/\" \/>\n<meta property=\"og:site_name\" content=\"Talkpal\" \/>\n<meta property=\"article:publisher\" content=\"https:\/\/www.facebook.com\/profile.php?id=100090733639311\" \/>\n<meta property=\"article:modified_time\" content=\"2025-12-30T12:44:59+00:00\" \/>\n<meta property=\"og:image\" content=\"https:\/\/talkpal.ai\/wp-content\/uploads\/2025\/02\/Progress-tab-16_9.png\" \/>\n\t<meta property=\"og:image:width\" content=\"2880\" \/>\n\t<meta property=\"og:image:height\" content=\"1620\" \/>\n\t<meta property=\"og:image:type\" content=\"image\/png\" \/>\n<meta name=\"twitter:card\" content=\"summary_large_image\" \/>\n<meta name=\"twitter:site\" content=\"@talkpalai\" \/>\n<meta name=\"twitter:label1\" content=\"Est. reading time\" \/>\n\t<meta name=\"twitter:data1\" content=\"4 minutes\" \/>\n<script type=\"application\/ld+json\" class=\"yoast-schema-graph\">{\"@context\":\"https:\/\/schema.org\",\"@graph\":[{\"@type\":\"WebPage\",\"@id\":\"https:\/\/talkpal.ai\/lv\/orijas-gramatika\/\",\"url\":\"https:\/\/talkpal.ai\/lv\/orijas-gramatika\/\",\"name\":\"Odia gramatika - Talkpal\",\"isPartOf\":{\"@id\":\"https:\/\/talkpal.ai\/lv\/#website\"},\"datePublished\":\"2025-11-12T16:07:26+00:00\",\"dateModified\":\"2025-12-30T12:44:59+00:00\",\"description\":\"Apg\u016bstiet odie\u0161u valodas gramatikas pamatus, tostarp alfab\u0113tu, lietv\u0101rdu mar\u0137ierus un darb\u012bbas v\u0101rdus, izmantojot m\u016bsu visaptvero\u0161o valodas m\u0101c\u012bbu ce\u013cvedi.\",\"breadcrumb\":{\"@id\":\"https:\/\/talkpal.ai\/lv\/orijas-gramatika\/#breadcrumb\"},\"inLanguage\":\"lv-LV\",\"potentialAction\":[{\"@type\":\"ReadAction\",\"target\":[\"https:\/\/talkpal.ai\/lv\/orijas-gramatika\/\"]}]},{\"@type\":\"BreadcrumbList\",\"@id\":\"https:\/\/talkpal.ai\/lv\/orijas-gramatika\/#breadcrumb\",\"itemListElement\":[{\"@type\":\"ListItem\",\"position\":1,\"name\":\"Homepage\",\"item\":\"https:\/\/talkpal.ai\/lv\/\"},{\"@type\":\"ListItem\",\"position\":2,\"name\":\"Odia gramatika\"}]},{\"@type\":\"WebSite\",\"@id\":\"https:\/\/talkpal.ai\/lv\/#website\",\"url\":\"https:\/\/talkpal.ai\/lv\/\",\"name\":\"Talkpal\",\"description\":\"AI Language Learning\",\"publisher\":{\"@id\":\"https:\/\/talkpal.ai\/lv\/#organization\"},\"alternateName\":\"Talkpal AI\",\"potentialAction\":[{\"@type\":\"SearchAction\",\"target\":{\"@type\":\"EntryPoint\",\"urlTemplate\":\"https:\/\/talkpal.ai\/lv\/?s={search_term_string}\"},\"query-input\":{\"@type\":\"PropertyValueSpecification\",\"valueRequired\":true,\"valueName\":\"search_term_string\"}}],\"inLanguage\":\"lv-LV\"},{\"@type\":\"Organization\",\"@id\":\"https:\/\/talkpal.ai\/lv\/#organization\",\"name\":\"Talkpal, Inc.\",\"alternateName\":\"Talkpal AI\",\"url\":\"https:\/\/talkpal.ai\/lv\/\",\"logo\":{\"@type\":\"ImageObject\",\"inLanguage\":\"lv-LV\",\"@id\":\"https:\/\/talkpal.ai\/lv\/#\/schema\/logo\/image\/\",\"url\":\"https:\/\/talkpal.ai\/wp-content\/uploads\/2024\/03\/Talkpal-Logo-Icon.png\",\"contentUrl\":\"https:\/\/talkpal.ai\/wp-content\/uploads\/2024\/03\/Talkpal-Logo-Icon.png\",\"width\":2880,\"height\":2880,\"caption\":\"Talkpal, Inc.\"},\"image\":{\"@id\":\"https:\/\/talkpal.ai\/lv\/#\/schema\/logo\/image\/\"},\"sameAs\":[\"https:\/\/www.facebook.com\/profile.php?id=100090733639311\",\"https:\/\/x.com\/talkpalai\",\"https:\/\/www.linkedin.com\/company\/talkpal\/\",\"https:\/\/www.youtube.com\/@TalkPal\/\",\"https:\/\/www.tiktok.com\/@talkpal\",\"https:\/\/www.instagram.com\/talkpal_ai\/\",\"https:\/\/www.crunchbase.com\/organization\/talkpal-9cde\",\"https:\/\/www.g2.com\/products\/talkpal-for-business\/\",\"https:\/\/www.trustpilot.com\/review\/talkpal.ai\",\"https:\/\/www.capterra.com\/p\/10006800\/TalkPal\/\"],\"description\":\"Talkpal is a language learning web and mobile education app, powered by the latest AI technologies, that provides engaging experiences to its customers in many different languages to help them improve their language skills. Users can chat about unlimited amount of topics with the app and use other modes to practice their language learning.\",\"email\":\"support@talkpal.ai\",\"legalName\":\"Talkpal, Inc.\",\"foundingDate\":\"2023-04-03\",\"duns\":\"118989042\",\"numberOfEmployees\":{\"@type\":\"QuantitativeValue\",\"minValue\":\"11\",\"maxValue\":\"50\"},\"publishingPrinciples\":\"https:\/\/talkpal.ai\/publishing-principles\/\",\"actionableFeedbackPolicy\":\"https:\/\/talkpal.ai\/actionable-feedback-policy\/\",\"correctionsPolicy\":\"https:\/\/talkpal.ai\/corrections-policy\/\",\"ethicsPolicy\":\"https:\/\/talkpal.ai\/ethics-policy\/\",\"diversityPolicy\":\"https:\/\/talkpal.ai\/diversity-policy\/\",\"diversityStaffingReport\":\"https:\/\/talkpal.ai\/diversity-policy\/\"}]}<\/script>\n<!-- \/ Yoast SEO Premium plugin. -->","yoast_head_json":{"title":"Odia gramatika - Talkpal","description":"Apg\u016bstiet odie\u0161u valodas gramatikas pamatus, tostarp alfab\u0113tu, lietv\u0101rdu mar\u0137ierus un darb\u012bbas v\u0101rdus, izmantojot m\u016bsu visaptvero\u0161o valodas m\u0101c\u012bbu ce\u013cvedi.","robots":{"index":"index","follow":"follow","max-snippet":"max-snippet:-1","max-image-preview":"max-image-preview:large","max-video-preview":"max-video-preview:-1"},"canonical":"https:\/\/talkpal.ai\/lv\/orijas-gramatika\/","og_locale":"lv_LV","og_type":"article","og_title":"Odia gramatika","og_description":"Navig\u0101cija Odia gramatikas sare\u017e\u0123\u012bjumos Odia, paz\u012bstama ar\u012b k\u0101 Odia, ir indo-\u0101rie\u0161u valoda ar bag\u0101t\u0101m liter\u0101r\u0101m trad\u012bcij\u0101m un dzi\u013c\u0101m kult\u016bras sakn\u0113m","og_url":"https:\/\/talkpal.ai\/lv\/orijas-gramatika\/","og_site_name":"Talkpal","article_publisher":"https:\/\/www.facebook.com\/profile.php?id=100090733639311","article_modified_time":"2025-12-30T12:44:59+00:00","og_image":[{"width":2880,"height":1620,"url":"https:\/\/talkpal.ai\/wp-content\/uploads\/2025\/02\/Progress-tab-16_9.png","type":"image\/png"}],"twitter_card":"summary_large_image","twitter_site":"@talkpalai","twitter_misc":{"Est. reading time":"4 minutes"},"schema":{"@context":"https:\/\/schema.org","@graph":[{"@type":"WebPage","@id":"https:\/\/talkpal.ai\/lv\/orijas-gramatika\/","url":"https:\/\/talkpal.ai\/lv\/orijas-gramatika\/","name":"Odia gramatika - Talkpal","isPartOf":{"@id":"https:\/\/talkpal.ai\/lv\/#website"},"datePublished":"2025-11-12T16:07:26+00:00","dateModified":"2025-12-30T12:44:59+00:00","description":"Apg\u016bstiet odie\u0161u valodas gramatikas pamatus, tostarp alfab\u0113tu, lietv\u0101rdu mar\u0137ierus un darb\u012bbas v\u0101rdus, izmantojot m\u016bsu visaptvero\u0161o valodas m\u0101c\u012bbu ce\u013cvedi.","breadcrumb":{"@id":"https:\/\/talkpal.ai\/lv\/orijas-gramatika\/#breadcrumb"},"inLanguage":"lv-LV","potentialAction":[{"@type":"ReadAction","target":["https:\/\/talkpal.ai\/lv\/orijas-gramatika\/"]}]},{"@type":"BreadcrumbList","@id":"https:\/\/talkpal.ai\/lv\/orijas-gramatika\/#breadcrumb","itemListElement":[{"@type":"ListItem","position":1,"name":"Homepage","item":"https:\/\/talkpal.ai\/lv\/"},{"@type":"ListItem","position":2,"name":"Odia gramatika"}]},{"@type":"WebSite","@id":"https:\/\/talkpal.ai\/lv\/#website","url":"https:\/\/talkpal.ai\/lv\/","name":"Talkpal","description":"AI Language Learning","publisher":{"@id":"https:\/\/talkpal.ai\/lv\/#organization"},"alternateName":"Talkpal AI","potentialAction":[{"@type":"SearchAction","target":{"@type":"EntryPoint","urlTemplate":"https:\/\/talkpal.ai\/lv\/?s={search_term_string}"},"query-input":{"@type":"PropertyValueSpecification","valueRequired":true,"valueName":"search_term_string"}}],"inLanguage":"lv-LV"},{"@type":"Organization","@id":"https:\/\/talkpal.ai\/lv\/#organization","name":"Talkpal, Inc.","alternateName":"Talkpal AI","url":"https:\/\/talkpal.ai\/lv\/","logo":{"@type":"ImageObject","inLanguage":"lv-LV","@id":"https:\/\/talkpal.ai\/lv\/#\/schema\/logo\/image\/","url":"https:\/\/talkpal.ai\/wp-content\/uploads\/2024\/03\/Talkpal-Logo-Icon.png","contentUrl":"https:\/\/talkpal.ai\/wp-content\/uploads\/2024\/03\/Talkpal-Logo-Icon.png","width":2880,"height":2880,"caption":"Talkpal, Inc."},"image":{"@id":"https:\/\/talkpal.ai\/lv\/#\/schema\/logo\/image\/"},"sameAs":["https:\/\/www.facebook.com\/profile.php?id=100090733639311","https:\/\/x.com\/talkpalai","https:\/\/www.linkedin.com\/company\/talkpal\/","https:\/\/www.youtube.com\/@TalkPal\/","https:\/\/www.tiktok.com\/@talkpal","https:\/\/www.instagram.com\/talkpal_ai\/","https:\/\/www.crunchbase.com\/organization\/talkpal-9cde","https:\/\/www.g2.com\/products\/talkpal-for-business\/","https:\/\/www.trustpilot.com\/review\/talkpal.ai","https:\/\/www.capterra.com\/p\/10006800\/TalkPal\/"],"description":"Talkpal is a language learning web and mobile education app, powered by the latest AI technologies, that provides engaging experiences to its customers in many different languages to help them improve their language skills. Users can chat about unlimited amount of topics with the app and use other modes to practice their language learning.","email":"support@talkpal.ai","legalName":"Talkpal, Inc.","foundingDate":"2023-04-03","duns":"118989042","numberOfEmployees":{"@type":"QuantitativeValue","minValue":"11","maxValue":"50"},"publishingPrinciples":"https:\/\/talkpal.ai\/publishing-principles\/","actionableFeedbackPolicy":"https:\/\/talkpal.ai\/actionable-feedback-policy\/","correctionsPolicy":"https:\/\/talkpal.ai\/corrections-policy\/","ethicsPolicy":"https:\/\/talkpal.ai\/ethics-policy\/","diversityPolicy":"https:\/\/talkpal.ai\/diversity-policy\/","diversityStaffingReport":"https:\/\/talkpal.ai\/diversity-policy\/"}]}},"_links":{"self":[{"href":"https:\/\/talkpal.ai\/lv\/wp-json\/wp\/v2\/pages\/1476303","targetHints":{"allow":["GET"]}}],"collection":[{"href":"https:\/\/talkpal.ai\/lv\/wp-json\/wp\/v2\/pages"}],"about":[{"href":"https:\/\/talkpal.ai\/lv\/wp-json\/wp\/v2\/types\/page"}],"author":[{"embeddable":true,"href":"https:\/\/talkpal.ai\/lv\/wp-json\/wp\/v2\/users\/20"}],"replies":[{"embeddable":true,"href":"https:\/\/talkpal.ai\/lv\/wp-json\/wp\/v2\/comments?post=1476303"}],"version-history":[{"count":0,"href":"https:\/\/talkpal.ai\/lv\/wp-json\/wp\/v2\/pages\/1476303\/revisions"}],"wp:attachment":[{"href":"https:\/\/talkpal.ai\/lv\/wp-json\/wp\/v2\/media?parent=1476303"}],"curies":[{"name":"wp","href":"https:\/\/api.w.org\/{rel}","templated":true}]}}