{"id":147540,"date":"2023-05-14T14:12:07","date_gmt":"2023-05-14T14:12:07","guid":{"rendered":"http:\/\/talkpal.ai\/marathi-gramatika\/"},"modified":"2025-12-12T10:52:58","modified_gmt":"2025-12-12T10:52:58","slug":"marathi-gramatika","status":"publish","type":"page","link":"https:\/\/talkpal.ai\/lv\/marathi-gramatika\/","title":{"rendered":"Marathi gramatika"},"content":{"rendered":"\r\n\r\n\r\n<section class=\"languageChallengeSection\">\r\n    <div class=\"languageInfoWrapper\">\r\n        \r\n        <h1>Marathi gramatika<\/h1>\r\n        <p>Interes\u0113jaties par <a href=\"https:\/\/talkpal.ai\/learn-marathi\/\">marati<\/a> valodu? Iepaz\u012bstieties ar marati gramatiku, kur dzimtes lietv\u0101rdi, elast\u012bga teikuma strukt\u016bra un izteiksm\u012bgi darb\u012bbas v\u0101rdu loc\u012bjumi veido dinamisku un dz\u012bv\u012bgu valodu. S\u0101ciet savu m\u0101c\u012bbu ce\u013cojumu jau \u0161odien &#8211; marati gramatikas apguve pal\u012bdz\u0113s jums sazin\u0101ties ar p\u0101rliec\u012bbu un veidot saikni ar bag\u0101taj\u0101m Mahara\u0161tras trad\u012bcij\u0101m un kult\u016bru!<\/p>\r\n\r\n                            <a class=\"getStartedHidden\" href=\"https:\/\/app.talkpal.ai\/lv\/signup?lng=\">S\u0101c<\/a>\r\n        \r\n    <\/div>\r\n\r\n    <figure>\r\n    <img decoding=\"async\" width=\"768\" height=\"768\" src=\"https:\/\/talkpal.ai\/wp-content\/uploads\/2023\/06\/marathi-768x768.png\" class=\"languageImage no-lazy\" alt=\"Fun ways to make language learning interesting\" fetchpriority=\"high\" sizes=\"(max-width: 768px) 150px, 768px\" srcset=\"https:\/\/talkpal.ai\/wp-content\/uploads\/2023\/06\/marathi-768x768.png 768w, https:\/\/talkpal.ai\/wp-content\/uploads\/2023\/06\/marathi-300x300.png 300w\" \/>\r\n    \r\n\r\n    <\/figure>\r\n\r\n            <a class=\"getStartedVisible\" href=\"https:\/\/app.talkpal.ai\/lv\/signup?lng=\">S\u0101c<\/a>\r\n    \r\n<\/section>\r\n<section class=\"promotionalBanner\">\r\n    <p class=\"promotionalText\">Visefekt\u012bv\u0101kais <a href=\"https:\/\/talkpal.ai\/best-way-to-learn\/\">veids<\/a>, k\u0101 apg\u016bt valodu<\/p>\r\n    <a class=\"promotionalLink\" href=\"https:\/\/app.talkpal.ai\/lv\/signup?lng=\">Izm\u0113\u0123iniet Talkpal bez maksas<\/a>\r\n<\/section>\n<div class=\"wp-block-group pageContainerStyle\"><div class=\"wp-block-group__inner-container is-layout-constrained wp-block-group-is-layout-constrained\">\n<h2 class=\"wp-block-heading\" id=\"h-the-allure-of-marathi-grammar-unfolding-its-mysteries-and-intricacies\">Marathi gramatikas vilin\u0101jums: atkl\u0101jiet t\u0101s nosl\u0113pumus un sare\u017e\u0123\u012bt\u012bbu<\/h2>\n\n\n\n<p>Vai atceraties mulsino\u0161o <a href=\"https:\/\/talkpal.ai\/learn-english-with-ai\/\">ang\u013cu<\/a> <a href=\"https:\/\/talkpal.ai\/what-language-is-spoken-on-the-international-space-station\/\">valodas<\/a> gramatikas apguves ce\u013cojumu, kas bija piekrauts ar sare\u017e\u0123\u012btiem noteikumiem, iz\u0146\u0113mumiem un sare\u017e\u0123\u012btu terminolo\u0123iju? Ja tagad apsverat iesp\u0113ju apg\u016bt marati valodu, sagatavojieties tikpat aizraujo\u0161ai marati gramatikas izp\u0113tei.<\/p>\n\n\n\n<p><a href=\"https:\/\/talkpal.ai\/learn-marathi\/\">Marathi<\/a>, indo\u0101rie\u0161u valoda, kur\u0101 p\u0101rsvar\u0101 run\u0101 Indijas Mahara\u0161tras \u0161tat\u0101, lepojas ar bag\u0101tu trad\u012bciju un unik\u0101l\u0101m valodas iez\u012bm\u0113m. Ienirstot Marathi gramatikas mistik\u0101, j\u016bs atkl\u0101sit aizraujo\u0161o t\u0101s alfab\u0113tu mijiedarb\u012bbu, sare\u017e\u0123\u012btos noteikumus un burv\u012bgo fon\u0113tiku. T\u0101tad, \u013caujiet mums kop\u0101 at\u0161\u0137etin\u0101t marati gramatikas valdzin\u0101jumu, pa vienam mazam noteikumam.<\/p>\n\n\n\n<p>Viena no visspilgt\u0101kaj\u0101m <strong>Marathi gramatikas<\/strong> iez\u012bm\u0113m ir t\u0101s pla\u0161ais lietv\u0101rdu l\u0113cienu lietojums. \u0160\u012bs novirzes bie\u017ei pal\u012bdz nodot b\u016btiskus gramatiskos elementus, piem\u0113ram, skaitu, dzimumu un gad\u012bjumu. Marathi ir tr\u012bs dzimumi \u2013 v\u012bri\u0161\u0137ais, sievi\u0161\u0137ais un neitr\u0101ls \u2013, un katram dzimumam piem\u012bt savs at\u0161\u0137ir\u012bgais l\u0113cienu mode\u013cu kopums. Turkl\u0101t valodai ir divi skait\u013ci \u2013 vienskaitlis un daudzskaitlis \u2013, kas pal\u012bdz izteikt lietv\u0101rda daudzumu.<\/p>\n\n\n\n<p>V\u0113l viena <strong>unik\u0101la Marathi gramatikas iez\u012bme<\/strong> ir veids, k\u0101 darb\u012bbas v\u0101rdi konjug\u0113, atkar\u012bb\u0101 no sasprindzin\u0101juma. Sakar\u0101jot darb\u012bbas v\u0101rdus marati valod\u0101, j\u0101\u0146em v\u0113r\u0101 ne tikai darb\u012bbas v\u0101rda laiks, bet ar\u012b temata dzimte un skaitlis. Marathi darb\u012bbas v\u0101rdu formas ietver tagadnes sasprindzin\u0101jumu, pag\u0101tnes sasprindzin\u0101jumu un n\u0101kotnes sasprindzin\u0101jumu l\u012bdz\u0101s imperat\u012bv\u0101m un subjunkt\u012bviem. \u0160\u012bs pla\u0161\u0101s konjug\u0101cijas pie\u0161\u0137ir Marathi dzi\u013cumu un dinamiku, padarot to par patiesi valdzino\u0161u valodu, ko izp\u0113t\u012bt.<\/p>\n\n\n\n<p>Marathu valoda ir labi paz\u012bstama ar\u012b ar da\u017e\u0101diem <strong>vietniekv\u0101rdiem<\/strong>. Marathi ir daudz personisku, demonstrat\u012bvu, pratino\u0161u un refleks\u012bvu vietniekv\u0101rdu, no kuriem katrs n\u0101k ar saviem attiec\u012bgajiem deklam\u0101cijas mode\u013ciem. S\u0101kum\u0101 tas var \u0161\u0137ist bied\u0113jo\u0161i, ta\u010du, iedzi\u013cinoties valod\u0101, j\u016bs nov\u0113rt\u0113sit nep\u0101rsp\u0113jamo precizit\u0101ti, ko pied\u0101v\u0101 Marathi <a href=\"https:\/\/talkpal.ai\/sq\/gramatika\/\">gramatika<\/a>.<\/p>\n\n\n\n<p>V\u0113l viena intri\u0123\u0113jo\u0161a Marathi gramatikas \u0161\u0137autne sl\u0113pjas <strong>t\u0101s v\u0101rdu izk\u0101rtojum\u0101 teikum\u0101<\/strong>. V\u0101rdu sec\u012bba Marathi parasti seko subjekta-objekta-darb\u012bbas v\u0101rda (SOV) strukt\u016brai, l\u012bdz\u012bgi k\u0101 cit\u0101s indo\u0101rie\u0161u valod\u0101s. \u0160\u012b strukt\u016bra parasti novieto darb\u012bbas v\u0101rdu teikuma beig\u0101s, kas s\u0101kotn\u0113ji var izr\u0101d\u012bties izaicino\u0161s ang\u013cu valod\u0101 run\u0101jo\u0161ajiem.<\/p>\n\n\n\n<p>Ienirstot <strong>Marathi fon\u0113tik\u0101<\/strong>, j\u016bs sastapsities ar apburo\u0161o ska\u0146u diapazonu, kas izrun\u0101ts caur 16 patska\u0146iem (swar) un 36 l\u012bdzska\u0146iem (vyanjan). Devanagari rakst\u012bba, ko izmanto marati, pie\u0161\u0137ir \u0161ai jau t\u0101 valdzino\u0161ajai valodai papildu \u0161armu.  <\/p>\n\n\n\n<p>Marathi gramatikas apg\u016b\u0161ana ar t\u0101s neskait\u0101majiem noteikumiem un sare\u017e\u0123\u012bjumiem neap\u0161aub\u0101mi s\u0101kum\u0101 var b\u016bt bied\u0113jo\u0161s uzdevums. Tom\u0113r \u0161is izaicin\u0101jums ir ar\u012b tas, kas padara to \u0101rk\u0101rt\u012bgi stimul\u0113jo\u0161u un iepriecino\u0161u. Iegremd\u0113joties burv\u012bgaj\u0101 Marathi gramatikas pasaul\u0113, j\u016bs atkl\u0101siet ne tikai valodas darb\u012bbu, bet ar\u012b ieg\u016bsit dzi\u013c\u0101ku izpratni par kult\u016bru, v\u0113sturi un gudr\u012bbu, ko t\u0101 iemieso.<\/p>\n\n\n\n<p>T\u0101tad, k\u0101p\u0113c gan neuzs\u0101kt \u0161o lingvistisko piedz\u012bvojumu, lai izp\u0113t\u012btu Marathi gramatikas pievilc\u012bg\u0101s dz\u012bles un atkl\u0101tu t\u0101s neskait\u0101mos nosl\u0113pumus un nianses, kas gaida, lai t\u0101s tiktu apg\u016btas? M\u0101c\u012b\u0161an\u0101s prieks un prieks izprast Marathi gramatikas smalkumus ir tikai da\u017eu mirk\u013cu att\u0101lum\u0101!<\/p>\n<\/div><\/div>\n\r\n<section class=\"learnNavigationSection\">\r\n            \r\n        <a href=\"https:\/\/talkpal.ai\/lv\/macies-marathi\/\">\r\n            <div class=\"learnNavigationWrapper\">\r\n                <div class=\"learnNavigationContent\">\r\n                    <img decoding=\"async\" src=\"https:\/\/talkpal.ai\/wp-content\/uploads\/2023\/05\/Marathi-india.png\" alt=\"TalkPal Marathi Flag\">\r\n                    <div>\r\n                        <h4>Par marati m\u0101c\u012b\u0161anos<\/h4>\r\n                        <p>Uzziniet visu par Marathi gramatiku.<\/p>\r\n                    <\/div>\r\n                <\/div>\r\n            <\/div>\r\n        <\/a>\r\n\r\n        \r\n        <a href=\"https:\/\/talkpal.ai\/lv\/marathi-gramatikas-vingrinajumi\/\">\r\n            <div class=\"learnNavigationWrapper\">\r\n                <div class=\"learnNavigationContent\">\r\n                    <img decoding=\"async\" src=\"https:\/\/talkpal.ai\/wp-content\/uploads\/2023\/05\/Marathi-india.png\" alt=\"TalkPal Marathi Flag\">\r\n                    <div>\r\n                        <h4>Marati gramatikas vingrin\u0101jums<\/h4>\r\n                        <p>Praktiz\u0113jiet Marathi gramatiku.<\/p>\r\n                    <\/div>\r\n                <\/div>\r\n            <\/div>\r\n        <\/a>\r\n\r\n        \r\n        <a href=\"https:\/\/talkpal.ai\/vocabulary_language\/marathi\/\">\r\n            <div class=\"learnNavigationWrapper\">\r\n                <div class=\"learnNavigationContent\">\r\n                    <img decoding=\"async\" src=\"https:\/\/talkpal.ai\/wp-content\/uploads\/2023\/05\/Marathi-india.png\" alt=\"TalkPal Marathi Flag\">\r\n                    <div>\r\n                        <h4>Marati v\u0101rdu kr\u0101jums<\/h4>\r\n                        <p>Papla\u0161iniet savu marati v\u0101rdu kr\u0101jumu.<\/p>\r\n                    <\/div>\r\n                <\/div>\r\n            <\/div>\r\n        <\/a>\r\n\r\n            <\/section>","protected":false},"excerpt":{"rendered":"<p>Marathi gramatikas vilin\u0101jums: atkl\u0101jiet t\u0101s nosl\u0113pumus un sare\u017e\u0123\u012bt\u012bbu Vai atceraties mulsino\u0161o ang\u013cu valodas gramatikas apguves ce\u013cojumu, kas bija piekrauts ar sare\u017e\u0123\u012btiem noteikumiem, iz\u0146\u0113mumiem un sare\u017e\u0123\u012btu terminolo\u0123iju? Ja tagad apsverat iesp\u0113ju apg\u016bt marati valodu, sagatavojieties tikpat aizraujo\u0161ai marati gramatikas izp\u0113tei. Marathi, indo\u0101rie\u0161u valoda, kur\u0101 p\u0101rsvar\u0101 run\u0101 Indijas Mahara\u0161tras \u0161tat\u0101, lepojas ar bag\u0101tu trad\u012bciju un unik\u0101l\u0101m valodas [&hellip;]<\/p>\n","protected":false},"author":1,"featured_media":116344,"parent":0,"menu_order":0,"comment_status":"closed","ping_status":"closed","template":"LearningContentPage.php","meta":{"_acf_changed":false,"footnotes":""},"class_list":["post-147540","page","type-page","status-publish","has-post-thumbnail","hentry"],"acf":[],"yoast_head":"<!-- This site is optimized with the Yoast SEO Premium plugin v27.2 (Yoast SEO v27.2) - https:\/\/yoast.com\/product\/yoast-seo-premium-wordpress\/ -->\n<title>Marathi gramatika - Talkpal<\/title>\n<meta name=\"description\" content=\"Iepaz\u012bstiet aizraujo\u0161o marati gramatikas pasauli un atkl\u0101jiet t\u0101s unik\u0101los noteikumus, fon\u0113tiku un loc\u012bjumus, m\u0101coties valodu.\" \/>\n<meta name=\"robots\" content=\"index, follow, max-snippet:-1, max-image-preview:large, max-video-preview:-1\" \/>\n<link rel=\"canonical\" href=\"https:\/\/talkpal.ai\/lv\/marathi-gramatika\/\" \/>\n<meta property=\"og:locale\" content=\"lv_LV\" \/>\n<meta property=\"og:type\" content=\"article\" \/>\n<meta property=\"og:title\" content=\"Marathi gramatika\" \/>\n<meta property=\"og:description\" content=\"Marathi gramatikas vilin\u0101jums: atkl\u0101jiet t\u0101s nosl\u0113pumus un sare\u017e\u0123\u012bt\u012bbu Vai atceraties mulsino\u0161o ang\u013cu valodas gramatikas apguves ce\u013cojumu, kas bija\" \/>\n<meta property=\"og:url\" content=\"https:\/\/talkpal.ai\/lv\/marathi-gramatika\/\" \/>\n<meta property=\"og:site_name\" content=\"Talkpal\" \/>\n<meta property=\"article:publisher\" content=\"https:\/\/www.facebook.com\/profile.php?id=100090733639311\" \/>\n<meta property=\"article:modified_time\" content=\"2025-12-12T10:52:58+00:00\" \/>\n<meta property=\"og:image\" content=\"https:\/\/talkpal.ai\/wp-content\/uploads\/2023\/05\/Marathi-india.png\" \/>\n\t<meta property=\"og:image:width\" content=\"512\" \/>\n\t<meta property=\"og:image:height\" content=\"512\" \/>\n\t<meta property=\"og:image:type\" content=\"image\/png\" \/>\n<meta name=\"twitter:card\" content=\"summary_large_image\" \/>\n<meta name=\"twitter:site\" content=\"@talkpalai\" \/>\n<meta name=\"twitter:label1\" content=\"Est. reading time\" \/>\n\t<meta name=\"twitter:data1\" content=\"3 minutes\" \/>\n<script type=\"application\/ld+json\" class=\"yoast-schema-graph\">{\"@context\":\"https:\/\/schema.org\",\"@graph\":[{\"@type\":\"WebPage\",\"@id\":\"https:\/\/talkpal.ai\/lv\/marathi-gramatika\/\",\"url\":\"https:\/\/talkpal.ai\/lv\/marathi-gramatika\/\",\"name\":\"Marathi gramatika - Talkpal\",\"isPartOf\":{\"@id\":\"https:\/\/talkpal.ai\/lv\/#website\"},\"primaryImageOfPage\":{\"@id\":\"https:\/\/talkpal.ai\/lv\/marathi-gramatika\/#primaryimage\"},\"image\":{\"@id\":\"https:\/\/talkpal.ai\/lv\/marathi-gramatika\/#primaryimage\"},\"thumbnailUrl\":\"https:\/\/talkpal.ai\/wp-content\/uploads\/2023\/05\/Marathi-india.png\",\"datePublished\":\"2023-05-14T14:12:07+00:00\",\"dateModified\":\"2025-12-12T10:52:58+00:00\",\"description\":\"Iepaz\u012bstiet aizraujo\u0161o marati gramatikas pasauli un atkl\u0101jiet t\u0101s unik\u0101los noteikumus, fon\u0113tiku un loc\u012bjumus, m\u0101coties valodu.\",\"breadcrumb\":{\"@id\":\"https:\/\/talkpal.ai\/lv\/marathi-gramatika\/#breadcrumb\"},\"inLanguage\":\"lv-LV\",\"potentialAction\":[{\"@type\":\"ReadAction\",\"target\":[\"https:\/\/talkpal.ai\/lv\/marathi-gramatika\/\"]}]},{\"@type\":\"ImageObject\",\"inLanguage\":\"lv-LV\",\"@id\":\"https:\/\/talkpal.ai\/lv\/marathi-gramatika\/#primaryimage\",\"url\":\"https:\/\/talkpal.ai\/wp-content\/uploads\/2023\/05\/Marathi-india.png\",\"contentUrl\":\"https:\/\/talkpal.ai\/wp-content\/uploads\/2023\/05\/Marathi-india.png\",\"width\":512,\"height\":512},{\"@type\":\"BreadcrumbList\",\"@id\":\"https:\/\/talkpal.ai\/lv\/marathi-gramatika\/#breadcrumb\",\"itemListElement\":[{\"@type\":\"ListItem\",\"position\":1,\"name\":\"Homepage\",\"item\":\"https:\/\/talkpal.ai\/lv\/\"},{\"@type\":\"ListItem\",\"position\":2,\"name\":\"Marathi gramatika\"}]},{\"@type\":\"WebSite\",\"@id\":\"https:\/\/talkpal.ai\/lv\/#website\",\"url\":\"https:\/\/talkpal.ai\/lv\/\",\"name\":\"Talkpal\",\"description\":\"AI Language Learning\",\"publisher\":{\"@id\":\"https:\/\/talkpal.ai\/lv\/#organization\"},\"alternateName\":\"Talkpal AI\",\"potentialAction\":[{\"@type\":\"SearchAction\",\"target\":{\"@type\":\"EntryPoint\",\"urlTemplate\":\"https:\/\/talkpal.ai\/lv\/?s={search_term_string}\"},\"query-input\":{\"@type\":\"PropertyValueSpecification\",\"valueRequired\":true,\"valueName\":\"search_term_string\"}}],\"inLanguage\":\"lv-LV\"},{\"@type\":\"Organization\",\"@id\":\"https:\/\/talkpal.ai\/lv\/#organization\",\"name\":\"Talkpal, Inc.\",\"alternateName\":\"Talkpal AI\",\"url\":\"https:\/\/talkpal.ai\/lv\/\",\"logo\":{\"@type\":\"ImageObject\",\"inLanguage\":\"lv-LV\",\"@id\":\"https:\/\/talkpal.ai\/lv\/#\/schema\/logo\/image\/\",\"url\":\"https:\/\/talkpal.ai\/wp-content\/uploads\/2024\/03\/Talkpal-Logo-Icon.png\",\"contentUrl\":\"https:\/\/talkpal.ai\/wp-content\/uploads\/2024\/03\/Talkpal-Logo-Icon.png\",\"width\":2880,\"height\":2880,\"caption\":\"Talkpal, Inc.\"},\"image\":{\"@id\":\"https:\/\/talkpal.ai\/lv\/#\/schema\/logo\/image\/\"},\"sameAs\":[\"https:\/\/www.facebook.com\/profile.php?id=100090733639311\",\"https:\/\/x.com\/talkpalai\",\"https:\/\/www.linkedin.com\/company\/talkpal\/\",\"https:\/\/www.youtube.com\/@TalkPal\/\",\"https:\/\/www.tiktok.com\/@talkpal\",\"https:\/\/www.instagram.com\/talkpal_ai\/\",\"https:\/\/www.crunchbase.com\/organization\/talkpal-9cde\",\"https:\/\/www.g2.com\/products\/talkpal-for-business\/\",\"https:\/\/www.trustpilot.com\/review\/talkpal.ai\",\"https:\/\/www.capterra.com\/p\/10006800\/TalkPal\/\"],\"description\":\"Talkpal is a language learning web and mobile education app, powered by the latest AI technologies, that provides engaging experiences to its customers in many different languages to help them improve their language skills. Users can chat about unlimited amount of topics with the app and use other modes to practice their language learning.\",\"email\":\"support@talkpal.ai\",\"legalName\":\"Talkpal, Inc.\",\"foundingDate\":\"2023-04-03\",\"duns\":\"118989042\",\"numberOfEmployees\":{\"@type\":\"QuantitativeValue\",\"minValue\":\"11\",\"maxValue\":\"50\"},\"publishingPrinciples\":\"https:\/\/talkpal.ai\/publishing-principles\/\",\"actionableFeedbackPolicy\":\"https:\/\/talkpal.ai\/actionable-feedback-policy\/\",\"correctionsPolicy\":\"https:\/\/talkpal.ai\/corrections-policy\/\",\"ethicsPolicy\":\"https:\/\/talkpal.ai\/ethics-policy\/\",\"diversityPolicy\":\"https:\/\/talkpal.ai\/diversity-policy\/\",\"diversityStaffingReport\":\"https:\/\/talkpal.ai\/diversity-policy\/\"}]}<\/script>\n<!-- \/ Yoast SEO Premium plugin. -->","yoast_head_json":{"title":"Marathi gramatika - Talkpal","description":"Iepaz\u012bstiet aizraujo\u0161o marati gramatikas pasauli un atkl\u0101jiet t\u0101s unik\u0101los noteikumus, fon\u0113tiku un loc\u012bjumus, m\u0101coties valodu.","robots":{"index":"index","follow":"follow","max-snippet":"max-snippet:-1","max-image-preview":"max-image-preview:large","max-video-preview":"max-video-preview:-1"},"canonical":"https:\/\/talkpal.ai\/lv\/marathi-gramatika\/","og_locale":"lv_LV","og_type":"article","og_title":"Marathi gramatika","og_description":"Marathi gramatikas vilin\u0101jums: atkl\u0101jiet t\u0101s nosl\u0113pumus un sare\u017e\u0123\u012bt\u012bbu Vai atceraties mulsino\u0161o ang\u013cu valodas gramatikas apguves ce\u013cojumu, kas bija","og_url":"https:\/\/talkpal.ai\/lv\/marathi-gramatika\/","og_site_name":"Talkpal","article_publisher":"https:\/\/www.facebook.com\/profile.php?id=100090733639311","article_modified_time":"2025-12-12T10:52:58+00:00","og_image":[{"width":512,"height":512,"url":"https:\/\/talkpal.ai\/wp-content\/uploads\/2023\/05\/Marathi-india.png","type":"image\/png"}],"twitter_card":"summary_large_image","twitter_site":"@talkpalai","twitter_misc":{"Est. reading time":"3 minutes"},"schema":{"@context":"https:\/\/schema.org","@graph":[{"@type":"WebPage","@id":"https:\/\/talkpal.ai\/lv\/marathi-gramatika\/","url":"https:\/\/talkpal.ai\/lv\/marathi-gramatika\/","name":"Marathi gramatika - Talkpal","isPartOf":{"@id":"https:\/\/talkpal.ai\/lv\/#website"},"primaryImageOfPage":{"@id":"https:\/\/talkpal.ai\/lv\/marathi-gramatika\/#primaryimage"},"image":{"@id":"https:\/\/talkpal.ai\/lv\/marathi-gramatika\/#primaryimage"},"thumbnailUrl":"https:\/\/talkpal.ai\/wp-content\/uploads\/2023\/05\/Marathi-india.png","datePublished":"2023-05-14T14:12:07+00:00","dateModified":"2025-12-12T10:52:58+00:00","description":"Iepaz\u012bstiet aizraujo\u0161o marati gramatikas pasauli un atkl\u0101jiet t\u0101s unik\u0101los noteikumus, fon\u0113tiku un loc\u012bjumus, m\u0101coties valodu.","breadcrumb":{"@id":"https:\/\/talkpal.ai\/lv\/marathi-gramatika\/#breadcrumb"},"inLanguage":"lv-LV","potentialAction":[{"@type":"ReadAction","target":["https:\/\/talkpal.ai\/lv\/marathi-gramatika\/"]}]},{"@type":"ImageObject","inLanguage":"lv-LV","@id":"https:\/\/talkpal.ai\/lv\/marathi-gramatika\/#primaryimage","url":"https:\/\/talkpal.ai\/wp-content\/uploads\/2023\/05\/Marathi-india.png","contentUrl":"https:\/\/talkpal.ai\/wp-content\/uploads\/2023\/05\/Marathi-india.png","width":512,"height":512},{"@type":"BreadcrumbList","@id":"https:\/\/talkpal.ai\/lv\/marathi-gramatika\/#breadcrumb","itemListElement":[{"@type":"ListItem","position":1,"name":"Homepage","item":"https:\/\/talkpal.ai\/lv\/"},{"@type":"ListItem","position":2,"name":"Marathi gramatika"}]},{"@type":"WebSite","@id":"https:\/\/talkpal.ai\/lv\/#website","url":"https:\/\/talkpal.ai\/lv\/","name":"Talkpal","description":"AI Language Learning","publisher":{"@id":"https:\/\/talkpal.ai\/lv\/#organization"},"alternateName":"Talkpal AI","potentialAction":[{"@type":"SearchAction","target":{"@type":"EntryPoint","urlTemplate":"https:\/\/talkpal.ai\/lv\/?s={search_term_string}"},"query-input":{"@type":"PropertyValueSpecification","valueRequired":true,"valueName":"search_term_string"}}],"inLanguage":"lv-LV"},{"@type":"Organization","@id":"https:\/\/talkpal.ai\/lv\/#organization","name":"Talkpal, Inc.","alternateName":"Talkpal AI","url":"https:\/\/talkpal.ai\/lv\/","logo":{"@type":"ImageObject","inLanguage":"lv-LV","@id":"https:\/\/talkpal.ai\/lv\/#\/schema\/logo\/image\/","url":"https:\/\/talkpal.ai\/wp-content\/uploads\/2024\/03\/Talkpal-Logo-Icon.png","contentUrl":"https:\/\/talkpal.ai\/wp-content\/uploads\/2024\/03\/Talkpal-Logo-Icon.png","width":2880,"height":2880,"caption":"Talkpal, Inc."},"image":{"@id":"https:\/\/talkpal.ai\/lv\/#\/schema\/logo\/image\/"},"sameAs":["https:\/\/www.facebook.com\/profile.php?id=100090733639311","https:\/\/x.com\/talkpalai","https:\/\/www.linkedin.com\/company\/talkpal\/","https:\/\/www.youtube.com\/@TalkPal\/","https:\/\/www.tiktok.com\/@talkpal","https:\/\/www.instagram.com\/talkpal_ai\/","https:\/\/www.crunchbase.com\/organization\/talkpal-9cde","https:\/\/www.g2.com\/products\/talkpal-for-business\/","https:\/\/www.trustpilot.com\/review\/talkpal.ai","https:\/\/www.capterra.com\/p\/10006800\/TalkPal\/"],"description":"Talkpal is a language learning web and mobile education app, powered by the latest AI technologies, that provides engaging experiences to its customers in many different languages to help them improve their language skills. Users can chat about unlimited amount of topics with the app and use other modes to practice their language learning.","email":"support@talkpal.ai","legalName":"Talkpal, Inc.","foundingDate":"2023-04-03","duns":"118989042","numberOfEmployees":{"@type":"QuantitativeValue","minValue":"11","maxValue":"50"},"publishingPrinciples":"https:\/\/talkpal.ai\/publishing-principles\/","actionableFeedbackPolicy":"https:\/\/talkpal.ai\/actionable-feedback-policy\/","correctionsPolicy":"https:\/\/talkpal.ai\/corrections-policy\/","ethicsPolicy":"https:\/\/talkpal.ai\/ethics-policy\/","diversityPolicy":"https:\/\/talkpal.ai\/diversity-policy\/","diversityStaffingReport":"https:\/\/talkpal.ai\/diversity-policy\/"}]}},"_links":{"self":[{"href":"https:\/\/talkpal.ai\/lv\/wp-json\/wp\/v2\/pages\/147540","targetHints":{"allow":["GET"]}}],"collection":[{"href":"https:\/\/talkpal.ai\/lv\/wp-json\/wp\/v2\/pages"}],"about":[{"href":"https:\/\/talkpal.ai\/lv\/wp-json\/wp\/v2\/types\/page"}],"author":[{"embeddable":true,"href":"https:\/\/talkpal.ai\/lv\/wp-json\/wp\/v2\/users\/1"}],"replies":[{"embeddable":true,"href":"https:\/\/talkpal.ai\/lv\/wp-json\/wp\/v2\/comments?post=147540"}],"version-history":[{"count":0,"href":"https:\/\/talkpal.ai\/lv\/wp-json\/wp\/v2\/pages\/147540\/revisions"}],"wp:featuredmedia":[{"embeddable":true,"href":"https:\/\/talkpal.ai\/lv\/wp-json\/wp\/v2\/media\/116344"}],"wp:attachment":[{"href":"https:\/\/talkpal.ai\/lv\/wp-json\/wp\/v2\/media?parent=147540"}],"curies":[{"name":"wp","href":"https:\/\/api.w.org\/{rel}","templated":true}]}}