{"id":147209,"date":"2023-05-14T14:11:47","date_gmt":"2023-05-14T14:11:47","guid":{"rendered":"http:\/\/talkpal.ai\/malajiesu-gramatika\/"},"modified":"2025-12-17T16:40:51","modified_gmt":"2025-12-17T16:40:51","slug":"malajiesu-gramatika","status":"publish","type":"page","link":"https:\/\/talkpal.ai\/lv\/malajiesu-gramatika\/","title":{"rendered":"Malajie\u0161u gramatika"},"content":{"rendered":"\r\n\r\n\r\n<section class=\"languageChallengeSection\">\r\n    <div class=\"languageInfoWrapper\">\r\n        \r\n        <h1>Malajie\u0161u gramatika<\/h1>\r\n        <p>V\u0113laties apg\u016bt <a href=\"https:\/\/talkpal.ai\/learn-malay\/\">malajie\u0161u<\/a> valodu? Iepaz\u012bstieties ar <a href=\"https:\/\/talkpal.ai\/learn-malay\/\">malajie\u0161u<\/a> <a href=\"https:\/\/talkpal.ai\/what-language-is-spoken-on-the-international-space-station\/\">valodas<\/a> gramatiku, kas ir paz\u012bstama ar t\u0101s vienk\u0101r\u0161ajiem noteikumiem, darb\u012bbas v\u0101rdu konjug\u0101cijas tr\u016bkumu un afiksu izmanto\u0161anu, lai rad\u012btu noz\u012bmi. S\u0101ciet jau \u0161odien &#8211; malajie\u0161u valodas gramatikas apguve sniegs jums p\u0101rliec\u012bbu, lai viegli sazin\u0101tos un atv\u0113rtu durvis uz daudzveid\u012bgaj\u0101m un dinamiskaj\u0101m Dienvidaustrum\u0101zijas kult\u016br\u0101m!<\/p>\r\n\r\n                            <a class=\"getStartedHidden\" href=\"https:\/\/app.talkpal.ai\/lv\/signup?lng=\">S\u0101c<\/a>\r\n        \r\n    <\/div>\r\n\r\n    <figure>\r\n    <img decoding=\"async\" width=\"768\" height=\"768\" src=\"https:\/\/talkpal.ai\/wp-content\/uploads\/2023\/06\/malay-768x768.png\" class=\"languageImage no-lazy\" alt=\"Language learning for personal accomplishments\" fetchpriority=\"high\" sizes=\"(max-width: 768px) 150px, 768px\" srcset=\"https:\/\/talkpal.ai\/wp-content\/uploads\/2023\/06\/malay-768x768.png 768w, https:\/\/talkpal.ai\/wp-content\/uploads\/2023\/06\/malay-300x300.png 300w\" \/>\r\n    \r\n\r\n    <\/figure>\r\n\r\n            <a class=\"getStartedVisible\" href=\"https:\/\/app.talkpal.ai\/lv\/signup?lng=\">S\u0101c<\/a>\r\n    \r\n<\/section>\r\n<section class=\"promotionalBanner\">\r\n    <p class=\"promotionalText\">Visefekt\u012bv\u0101kais veids, k\u0101 apg\u016bt valodu<\/p>\r\n    <a class=\"promotionalLink\" href=\"https:\/\/app.talkpal.ai\/lv\/signup?lng=\">Izm\u0113\u0123iniet Talkpal bez maksas<\/a>\r\n<\/section>\n<div class=\"wp-block-group pageContainerStyle\"><div class=\"wp-block-group__inner-container is-layout-constrained wp-block-group-is-layout-constrained\">\n<h2 class=\"wp-block-heading\" id=\"h-malay-grammar-exploring-the-richness-of-bahasa-melayu\">Malajie\u0161u gramatika: Bahasa Melayu bag\u0101t\u012bbas izp\u0113te<\/h2>\n\n\n\n<p>Malajie\u0161u valoda jeb <a href=\"https:\/\/talkpal.ai\/ms\/belajar-bahasa-melayu\/\">Bahasa Melayu<\/a> ir viena no pasaul\u0113 visvair\u0101k lietotaj\u0101m valod\u0101m, kas apvieno da\u017e\u0101das Malaizijas, Indon\u0113zijas, Brunejas un Singap\u016bras tautas. Iesaistoties malajie\u0161u valodas apguv\u0113, j\u016bs \u0101tri atkl\u0101siet t\u0101s gramatikas skaistumu un plauksto\u0161o lingvistisko ainavu. \u0160\u012b raksta m\u0113r\u0137is ir iepaz\u012bstin\u0101t j\u016bs ar malajie\u0161u gramatikas pamatprincipiem, pal\u012bdzot jums lab\u0101k izprast un nov\u0113rt\u0113t \u0161o daudzpus\u012bgo valodu.<\/p>\n\n\n\n<h3 class=\"wp-block-heading\" id=\"h-1-nouns-simplicity-rules\">1. Lietv\u0101rdi \u2013 vienk\u0101r\u0161\u012bbas noteikumi<\/h3>\n\n\n\n<p>At\u0161\u0137ir\u012bb\u0101 no cit\u0101m valod\u0101m malajie\u0161u valodas gramatik\u0101 lietv\u0101rdiem nav deklin\u0101cijas vai dzimtes klasifik\u0101cijas. T\u0101 viet\u0101 lietv\u0101rdu lietojums liek lielu uzsvaru uz vienk\u0101r\u0161\u012bbu. Lietv\u0101rdu daudzskait\u013ca formas tiek rad\u012btas, tikai tos dubl\u0113jot. Izklaus\u0101s viegli, vai ne? Piem\u0113ram, &#8220;\u0101bols&#8221; ir &#8220;buah epal&#8221;, t\u0101p\u0113c &#8220;\u0101boli&#8221; ir &#8220;buah-buah epal&#8221;. J\u016bs varat atmest dubl\u0113\u0161anos neform\u0101laj\u0101 run\u0101.<\/p>\n\n\n\n<h3 class=\"wp-block-heading\" id=\"h-2-adjectives-straightforward-descriptions\">2. \u012apa\u0161\u012bbas v\u0101rdi &#8211; vienk\u0101r\u0161i apraksti<\/h3>\n\n\n\n<p>Malajie\u0161u valodas \u012bpa\u0161\u012bbas v\u0101rdi paliek nemain\u012bgi neatkar\u012bgi no lietv\u0101rda, ko tie apraksta, t\u0101p\u0113c tos ir \u013coti viegli lietot &#8211; v\u0113l viens apliecin\u0101jums valodas vienk\u0101r\u0161\u012bbai. \u012apa\u0161\u012bbas v\u0101rdu izvietojums n\u0101k p\u0113c lietv\u0101rda, radot pat\u012bkamu pl\u016bsmu teikumos. Piem\u0113ram, &#8220;liela m\u0101ja&#8221; ir &#8220;rumah besar&#8221;, kur &#8220;rumah&#8221; noz\u012bm\u0113 &#8220;m\u0101ja&#8221;, bet &#8220;besar&#8221; &#8211; &#8220;liels&#8221;.<\/p>\n\n\n\n<h3 class=\"wp-block-heading\" id=\"h-3-verbs-the-magic-of-prefixes-and-suffixes\">3. Darb\u012bbas v\u0101rdi &#8211; prefiksu un sufiksu ma\u0123ija<\/h3>\n\n\n\n<p>Malajie\u0161u valodas darb\u012bbas v\u0101rdi ir gan aizraujo\u0161i, gan vienk\u0101r\u0161i lietojami. Bahasa melaju valod\u0101 laiki netiek izteikti ar darb\u012bbas v\u0101rda formu pal\u012bdz\u012bbu; t\u0101 viet\u0101 tie tiek nor\u0101d\u012bti ar konteksta vai laika apz\u012bm\u0113t\u0101ju pal\u012bdz\u012bbu. Turkl\u0101t malajie\u0161u valoda pla\u0161i izmanto prefiksus un sufiksus, lai izteiktu da\u017e\u0101dus darb\u012bbas v\u0101rdu aspektus.<\/p>\n\n\n\n<p>Ir tr\u012bs galvenie pried\u0113k\u013ci: &#8220;meN-&#8220;, &#8220;ber-&#8221; un &#8220;ter-&#8220;. Prefiksam &#8220;meN-&#8221; ir pla\u0161s pielietojums, tostarp akt\u012bvo darb\u012bbas v\u0101rdu veido\u0161anai un c\u0113lo\u0146darb\u012bbas apz\u012bm\u0113\u0161anai. Savuk\u0101rt &#8220;ber-&#8221; apz\u012bm\u0113 nep\u0101rejo\u0161as darb\u012bbas, bet &#8220;ter-&#8221; nor\u0101da uz nejau\u0161iem notikumiem vai pas\u012bv\u0101m darb\u012bb\u0101m. Ir svar\u012bgi \u0146emt v\u0113r\u0101, ka katrs pried\u0113klis var rad\u012bt nelielas pareizrakst\u012bbas izmai\u0146as darb\u012bbas v\u0101rda pamatformul\u0101.<\/p>\n\n\n\n<p>Sufiksi, piem\u0113ram, &#8220;-kan&#8221; un &#8220;-i&#8221;, pal\u012bdz nodro\u0161in\u0101t papildu specifiku, bet infikss &#8220;-el-&#8221; pie\u0161\u0137ir pamatdarb\u012bbas v\u0101rdam intensit\u0101ti.<\/p>\n\n\n\n<h3 class=\"wp-block-heading\" id=\"h-4-prepositions-amp-particles-adding-flavor-to-sentences\">4. Priev\u0101rdi un da\u013ci\u0146as &#8211; gar\u0161as pievieno\u0161ana teikumiem<\/h3>\n\n\n\n<p>Priev\u0101rdiem un da\u013ci\u0146\u0101m ir b\u016btiska loma malajie\u0161u gramatik\u0101, darbojoties k\u0101 lingvistiska l\u012bme un nodro\u0161inot b\u016btisku kontekstu. Priek\u0161locek\u013ci, piem\u0113ram, &#8220;di&#8221; (pie), &#8220;ke&#8221; (uz) un &#8220;dari&#8221; (no), pal\u012bdz noteikt saist\u012bbu starp v\u0101rdiem. No otras puses, t\u0101das da\u013ci\u0146as k\u0101 &#8220;lah&#8221;, &#8220;kah&#8221; un &#8220;pun&#8221; tiek lietotas, lai teikumiem pievienotu uzsvaru, emocijas un jaut\u0101juma z\u012bmes.<\/p>\n\n\n\n<p>Piem\u0113ram, teikums &#8220;Kamu pergi sana&#8221;, kas noz\u012bm\u0113 &#8220;Tu ej tur&#8221;, k\u013c\u016bst izteiksm\u012bg\u0101ks, ja beig\u0101s pievieno &#8220;lah&#8221;: &#8220;Kamu pergi sana lah&#8221;. Tagad tas noz\u012bm\u0113 &#8220;J\u016bs ejat uz turieni (tie\u0161i tagad)&#8221;.<\/p>\n\n\n\n<h3 class=\"wp-block-heading\" id=\"h-5-embracing-the-journey\">5. Ce\u013cojuma aptver\u0161ana<\/h3>\n\n\n\n<p>Lai gan <a href=\"https:\/\/talkpal.ai\/malay-grammar\/\">malajie\u0161u gramatika<\/a> var \u0161\u0137ist vienk\u0101r\u0161a sal\u012bdzin\u0101jum\u0101 ar cit\u0101m valod\u0101m, t\u0101s skaistums sl\u0113pjas izteiksmju bag\u0101t\u012bb\u0101 un daudzveid\u012bb\u0101, kas pan\u0101kta ar vienk\u0101r\u0161iem noteikumiem. Malajie\u0161u gramatikas apguves vieglums \u013caus jums efekt\u012bv\u0101k iesaist\u012bties daudzveid\u012bgaj\u0101 malajie\u0161u valod\u0101 run\u0101jo\u0161aj\u0101 pasaul\u0113 un iegremd\u0113ties t\u0101s unik\u0101laj\u0101 kult\u016br\u0101.<\/p>\n\n\n\n<p>Pirms ienirt ar galvu Bahasa Melayu pasaul\u0113, atcerieties, ka ce\u013cojums ne vienm\u0113r var b\u016bt gluds. Saglab\u0101jiet atv\u0113rtu pr\u0101tu, sazinieties ar dzimt\u0101s valodas run\u0101t\u0101jiem un, pats galvenais, izbaudiet pieredzi, atkl\u0101jot nianses \u0161aj\u0101 skaistaj\u0101 valod\u0101. Selamat belajar-laim\u012bgu m\u0101c\u012b\u0161anos!<\/p>\n<\/div><\/div>\n\r\n<section class=\"learnNavigationSection\">\r\n            \r\n        <a href=\"https:\/\/talkpal.ai\/lv\/uzziniet-malajiesu-valodu\/\">\r\n            <div class=\"learnNavigationWrapper\">\r\n                <div class=\"learnNavigationContent\">\r\n                    <img decoding=\"async\" src=\"https:\/\/talkpal.ai\/wp-content\/uploads\/2024\/08\/Malay.jpg\" alt=\"Malaysian Flag\">\r\n                    <div>\r\n                        <h4>Par malajie\u0161u valodas apguvi<\/h4>\r\n                        <p>Uzziniet visu par malajie\u0161u gramatiku.<\/p>\r\n                    <\/div>\r\n                <\/div>\r\n            <\/div>\r\n        <\/a>\r\n\r\n        \r\n        <a href=\"https:\/\/talkpal.ai\/lv\/malajiesu-gramatikas-vingrinajumi\/\">\r\n            <div class=\"learnNavigationWrapper\">\r\n                <div class=\"learnNavigationContent\">\r\n                    <img decoding=\"async\" src=\"https:\/\/talkpal.ai\/wp-content\/uploads\/2024\/08\/Malay.jpg\" alt=\"Malaysian Flag\">\r\n                    <div>\r\n                        <h4>Malajie\u0161u valodas gramatikas vingrin\u0101jums<\/h4>\r\n                        <p>Prakses malajie\u0161u valodas gramatika<\/p>\r\n                    <\/div>\r\n                <\/div>\r\n            <\/div>\r\n        <\/a>\r\n\r\n        \r\n        <a href=\"https:\/\/talkpal.ai\/vocabulary_language\/malay\/\">\r\n            <div class=\"learnNavigationWrapper\">\r\n                <div class=\"learnNavigationContent\">\r\n                    <img decoding=\"async\" src=\"https:\/\/talkpal.ai\/wp-content\/uploads\/2024\/08\/Malay.jpg\" alt=\"Malaysian Flag\">\r\n                    <div>\r\n                        <h4>Malajie\u0161u valodas v\u0101rdn\u012bca<\/h4>\r\n                        <p>Papla\u0161iniet savu malajie\u0161u valodas v\u0101rdu kr\u0101jumu.<\/p>\r\n                    <\/div>\r\n                <\/div>\r\n            <\/div>\r\n        <\/a>\r\n\r\n            <\/section>","protected":false},"excerpt":{"rendered":"<p>Malajie\u0161u gramatika: Bahasa Melayu bag\u0101t\u012bbas izp\u0113te Malajie\u0161u valoda jeb Bahasa Melayu ir viena no pasaul\u0113 visvair\u0101k lietotaj\u0101m valod\u0101m, kas apvieno da\u017e\u0101das Malaizijas, Indon\u0113zijas, Brunejas un Singap\u016bras tautas. Iesaistoties malajie\u0161u valodas apguv\u0113, j\u016bs \u0101tri atkl\u0101siet t\u0101s gramatikas skaistumu un plauksto\u0161o lingvistisko ainavu. \u0160\u012b raksta m\u0113r\u0137is ir iepaz\u012bstin\u0101t j\u016bs ar malajie\u0161u gramatikas pamatprincipiem, pal\u012bdzot jums lab\u0101k izprast [&hellip;]<\/p>\n","protected":false},"author":1,"featured_media":115825,"parent":0,"menu_order":0,"comment_status":"closed","ping_status":"closed","template":"LearningContentPage.php","meta":{"_acf_changed":false,"footnotes":""},"class_list":["post-147209","page","type-page","status-publish","has-post-thumbnail","hentry"],"acf":[],"yoast_head":"<!-- This site is optimized with the Yoast SEO Premium plugin v27.2 (Yoast SEO v27.2) - https:\/\/yoast.com\/product\/yoast-seo-premium-wordpress\/ -->\n<title>Malajie\u0161u gramatika - Talkpal<\/title>\n<meta name=\"description\" content=\"Izp\u0113tiet malajie\u0161u valodas gramatiku un uzziniet, k\u0101 t\u0101s vienk\u0101r\u0161\u012bba var uzlabot j\u016bsu izpratni par malajie\u0161u valodu.\" \/>\n<meta name=\"robots\" content=\"index, follow, max-snippet:-1, max-image-preview:large, max-video-preview:-1\" \/>\n<link rel=\"canonical\" href=\"https:\/\/talkpal.ai\/lv\/malajiesu-gramatika\/\" \/>\n<meta property=\"og:locale\" content=\"lv_LV\" \/>\n<meta property=\"og:type\" content=\"article\" \/>\n<meta property=\"og:title\" content=\"Malajie\u0161u gramatika\" \/>\n<meta property=\"og:description\" content=\"Malajie\u0161u gramatika: Bahasa Melayu bag\u0101t\u012bbas izp\u0113te Malajie\u0161u valoda jeb Bahasa Melayu ir viena no pasaul\u0113 visvair\u0101k lietotaj\u0101m valod\u0101m, kas apvieno\" \/>\n<meta property=\"og:url\" content=\"https:\/\/talkpal.ai\/lv\/malajiesu-gramatika\/\" \/>\n<meta property=\"og:site_name\" content=\"Talkpal\" \/>\n<meta property=\"article:publisher\" content=\"https:\/\/www.facebook.com\/profile.php?id=100090733639311\" \/>\n<meta property=\"article:modified_time\" content=\"2025-12-17T16:40:51+00:00\" \/>\n<meta property=\"og:image\" content=\"https:\/\/talkpal.ai\/wp-content\/uploads\/2023\/05\/malaysia.png\" \/>\n\t<meta property=\"og:image:width\" content=\"512\" \/>\n\t<meta property=\"og:image:height\" content=\"512\" \/>\n\t<meta property=\"og:image:type\" content=\"image\/png\" \/>\n<meta name=\"twitter:card\" content=\"summary_large_image\" \/>\n<meta name=\"twitter:site\" content=\"@talkpalai\" \/>\n<meta name=\"twitter:label1\" content=\"Est. reading time\" \/>\n\t<meta name=\"twitter:data1\" content=\"3 minutes\" \/>\n<script type=\"application\/ld+json\" class=\"yoast-schema-graph\">{\"@context\":\"https:\/\/schema.org\",\"@graph\":[{\"@type\":\"WebPage\",\"@id\":\"https:\/\/talkpal.ai\/lv\/malajiesu-gramatika\/\",\"url\":\"https:\/\/talkpal.ai\/lv\/malajiesu-gramatika\/\",\"name\":\"Malajie\u0161u gramatika - Talkpal\",\"isPartOf\":{\"@id\":\"https:\/\/talkpal.ai\/lv\/#website\"},\"primaryImageOfPage\":{\"@id\":\"https:\/\/talkpal.ai\/lv\/malajiesu-gramatika\/#primaryimage\"},\"image\":{\"@id\":\"https:\/\/talkpal.ai\/lv\/malajiesu-gramatika\/#primaryimage\"},\"thumbnailUrl\":\"https:\/\/talkpal.ai\/wp-content\/uploads\/2023\/05\/malaysia.png\",\"datePublished\":\"2023-05-14T14:11:47+00:00\",\"dateModified\":\"2025-12-17T16:40:51+00:00\",\"description\":\"Izp\u0113tiet malajie\u0161u valodas gramatiku un uzziniet, k\u0101 t\u0101s vienk\u0101r\u0161\u012bba var uzlabot j\u016bsu izpratni par malajie\u0161u valodu.\",\"breadcrumb\":{\"@id\":\"https:\/\/talkpal.ai\/lv\/malajiesu-gramatika\/#breadcrumb\"},\"inLanguage\":\"lv-LV\",\"potentialAction\":[{\"@type\":\"ReadAction\",\"target\":[\"https:\/\/talkpal.ai\/lv\/malajiesu-gramatika\/\"]}]},{\"@type\":\"ImageObject\",\"inLanguage\":\"lv-LV\",\"@id\":\"https:\/\/talkpal.ai\/lv\/malajiesu-gramatika\/#primaryimage\",\"url\":\"https:\/\/talkpal.ai\/wp-content\/uploads\/2023\/05\/malaysia.png\",\"contentUrl\":\"https:\/\/talkpal.ai\/wp-content\/uploads\/2023\/05\/malaysia.png\",\"width\":512,\"height\":512},{\"@type\":\"BreadcrumbList\",\"@id\":\"https:\/\/talkpal.ai\/lv\/malajiesu-gramatika\/#breadcrumb\",\"itemListElement\":[{\"@type\":\"ListItem\",\"position\":1,\"name\":\"Homepage\",\"item\":\"https:\/\/talkpal.ai\/lv\/\"},{\"@type\":\"ListItem\",\"position\":2,\"name\":\"Malajie\u0161u gramatika\"}]},{\"@type\":\"WebSite\",\"@id\":\"https:\/\/talkpal.ai\/lv\/#website\",\"url\":\"https:\/\/talkpal.ai\/lv\/\",\"name\":\"Talkpal\",\"description\":\"AI Language Learning\",\"publisher\":{\"@id\":\"https:\/\/talkpal.ai\/lv\/#organization\"},\"alternateName\":\"Talkpal AI\",\"potentialAction\":[{\"@type\":\"SearchAction\",\"target\":{\"@type\":\"EntryPoint\",\"urlTemplate\":\"https:\/\/talkpal.ai\/lv\/?s={search_term_string}\"},\"query-input\":{\"@type\":\"PropertyValueSpecification\",\"valueRequired\":true,\"valueName\":\"search_term_string\"}}],\"inLanguage\":\"lv-LV\"},{\"@type\":\"Organization\",\"@id\":\"https:\/\/talkpal.ai\/lv\/#organization\",\"name\":\"Talkpal, Inc.\",\"alternateName\":\"Talkpal AI\",\"url\":\"https:\/\/talkpal.ai\/lv\/\",\"logo\":{\"@type\":\"ImageObject\",\"inLanguage\":\"lv-LV\",\"@id\":\"https:\/\/talkpal.ai\/lv\/#\/schema\/logo\/image\/\",\"url\":\"https:\/\/talkpal.ai\/wp-content\/uploads\/2024\/03\/Talkpal-Logo-Icon.png\",\"contentUrl\":\"https:\/\/talkpal.ai\/wp-content\/uploads\/2024\/03\/Talkpal-Logo-Icon.png\",\"width\":2880,\"height\":2880,\"caption\":\"Talkpal, Inc.\"},\"image\":{\"@id\":\"https:\/\/talkpal.ai\/lv\/#\/schema\/logo\/image\/\"},\"sameAs\":[\"https:\/\/www.facebook.com\/profile.php?id=100090733639311\",\"https:\/\/x.com\/talkpalai\",\"https:\/\/www.linkedin.com\/company\/talkpal\/\",\"https:\/\/www.youtube.com\/@TalkPal\/\",\"https:\/\/www.tiktok.com\/@talkpal\",\"https:\/\/www.instagram.com\/talkpal_ai\/\",\"https:\/\/www.crunchbase.com\/organization\/talkpal-9cde\",\"https:\/\/www.g2.com\/products\/talkpal-for-business\/\",\"https:\/\/www.trustpilot.com\/review\/talkpal.ai\",\"https:\/\/www.capterra.com\/p\/10006800\/TalkPal\/\"],\"description\":\"Talkpal is a language learning web and mobile education app, powered by the latest AI technologies, that provides engaging experiences to its customers in many different languages to help them improve their language skills. Users can chat about unlimited amount of topics with the app and use other modes to practice their language learning.\",\"email\":\"support@talkpal.ai\",\"legalName\":\"Talkpal, Inc.\",\"foundingDate\":\"2023-04-03\",\"duns\":\"118989042\",\"numberOfEmployees\":{\"@type\":\"QuantitativeValue\",\"minValue\":\"11\",\"maxValue\":\"50\"},\"publishingPrinciples\":\"https:\/\/talkpal.ai\/publishing-principles\/\",\"actionableFeedbackPolicy\":\"https:\/\/talkpal.ai\/actionable-feedback-policy\/\",\"correctionsPolicy\":\"https:\/\/talkpal.ai\/corrections-policy\/\",\"ethicsPolicy\":\"https:\/\/talkpal.ai\/ethics-policy\/\",\"diversityPolicy\":\"https:\/\/talkpal.ai\/diversity-policy\/\",\"diversityStaffingReport\":\"https:\/\/talkpal.ai\/diversity-policy\/\"}]}<\/script>\n<!-- \/ Yoast SEO Premium plugin. -->","yoast_head_json":{"title":"Malajie\u0161u gramatika - Talkpal","description":"Izp\u0113tiet malajie\u0161u valodas gramatiku un uzziniet, k\u0101 t\u0101s vienk\u0101r\u0161\u012bba var uzlabot j\u016bsu izpratni par malajie\u0161u valodu.","robots":{"index":"index","follow":"follow","max-snippet":"max-snippet:-1","max-image-preview":"max-image-preview:large","max-video-preview":"max-video-preview:-1"},"canonical":"https:\/\/talkpal.ai\/lv\/malajiesu-gramatika\/","og_locale":"lv_LV","og_type":"article","og_title":"Malajie\u0161u gramatika","og_description":"Malajie\u0161u gramatika: Bahasa Melayu bag\u0101t\u012bbas izp\u0113te Malajie\u0161u valoda jeb Bahasa Melayu ir viena no pasaul\u0113 visvair\u0101k lietotaj\u0101m valod\u0101m, kas apvieno","og_url":"https:\/\/talkpal.ai\/lv\/malajiesu-gramatika\/","og_site_name":"Talkpal","article_publisher":"https:\/\/www.facebook.com\/profile.php?id=100090733639311","article_modified_time":"2025-12-17T16:40:51+00:00","og_image":[{"width":512,"height":512,"url":"https:\/\/talkpal.ai\/wp-content\/uploads\/2023\/05\/malaysia.png","type":"image\/png"}],"twitter_card":"summary_large_image","twitter_site":"@talkpalai","twitter_misc":{"Est. reading time":"3 minutes"},"schema":{"@context":"https:\/\/schema.org","@graph":[{"@type":"WebPage","@id":"https:\/\/talkpal.ai\/lv\/malajiesu-gramatika\/","url":"https:\/\/talkpal.ai\/lv\/malajiesu-gramatika\/","name":"Malajie\u0161u gramatika - Talkpal","isPartOf":{"@id":"https:\/\/talkpal.ai\/lv\/#website"},"primaryImageOfPage":{"@id":"https:\/\/talkpal.ai\/lv\/malajiesu-gramatika\/#primaryimage"},"image":{"@id":"https:\/\/talkpal.ai\/lv\/malajiesu-gramatika\/#primaryimage"},"thumbnailUrl":"https:\/\/talkpal.ai\/wp-content\/uploads\/2023\/05\/malaysia.png","datePublished":"2023-05-14T14:11:47+00:00","dateModified":"2025-12-17T16:40:51+00:00","description":"Izp\u0113tiet malajie\u0161u valodas gramatiku un uzziniet, k\u0101 t\u0101s vienk\u0101r\u0161\u012bba var uzlabot j\u016bsu izpratni par malajie\u0161u valodu.","breadcrumb":{"@id":"https:\/\/talkpal.ai\/lv\/malajiesu-gramatika\/#breadcrumb"},"inLanguage":"lv-LV","potentialAction":[{"@type":"ReadAction","target":["https:\/\/talkpal.ai\/lv\/malajiesu-gramatika\/"]}]},{"@type":"ImageObject","inLanguage":"lv-LV","@id":"https:\/\/talkpal.ai\/lv\/malajiesu-gramatika\/#primaryimage","url":"https:\/\/talkpal.ai\/wp-content\/uploads\/2023\/05\/malaysia.png","contentUrl":"https:\/\/talkpal.ai\/wp-content\/uploads\/2023\/05\/malaysia.png","width":512,"height":512},{"@type":"BreadcrumbList","@id":"https:\/\/talkpal.ai\/lv\/malajiesu-gramatika\/#breadcrumb","itemListElement":[{"@type":"ListItem","position":1,"name":"Homepage","item":"https:\/\/talkpal.ai\/lv\/"},{"@type":"ListItem","position":2,"name":"Malajie\u0161u gramatika"}]},{"@type":"WebSite","@id":"https:\/\/talkpal.ai\/lv\/#website","url":"https:\/\/talkpal.ai\/lv\/","name":"Talkpal","description":"AI Language Learning","publisher":{"@id":"https:\/\/talkpal.ai\/lv\/#organization"},"alternateName":"Talkpal AI","potentialAction":[{"@type":"SearchAction","target":{"@type":"EntryPoint","urlTemplate":"https:\/\/talkpal.ai\/lv\/?s={search_term_string}"},"query-input":{"@type":"PropertyValueSpecification","valueRequired":true,"valueName":"search_term_string"}}],"inLanguage":"lv-LV"},{"@type":"Organization","@id":"https:\/\/talkpal.ai\/lv\/#organization","name":"Talkpal, Inc.","alternateName":"Talkpal AI","url":"https:\/\/talkpal.ai\/lv\/","logo":{"@type":"ImageObject","inLanguage":"lv-LV","@id":"https:\/\/talkpal.ai\/lv\/#\/schema\/logo\/image\/","url":"https:\/\/talkpal.ai\/wp-content\/uploads\/2024\/03\/Talkpal-Logo-Icon.png","contentUrl":"https:\/\/talkpal.ai\/wp-content\/uploads\/2024\/03\/Talkpal-Logo-Icon.png","width":2880,"height":2880,"caption":"Talkpal, Inc."},"image":{"@id":"https:\/\/talkpal.ai\/lv\/#\/schema\/logo\/image\/"},"sameAs":["https:\/\/www.facebook.com\/profile.php?id=100090733639311","https:\/\/x.com\/talkpalai","https:\/\/www.linkedin.com\/company\/talkpal\/","https:\/\/www.youtube.com\/@TalkPal\/","https:\/\/www.tiktok.com\/@talkpal","https:\/\/www.instagram.com\/talkpal_ai\/","https:\/\/www.crunchbase.com\/organization\/talkpal-9cde","https:\/\/www.g2.com\/products\/talkpal-for-business\/","https:\/\/www.trustpilot.com\/review\/talkpal.ai","https:\/\/www.capterra.com\/p\/10006800\/TalkPal\/"],"description":"Talkpal is a language learning web and mobile education app, powered by the latest AI technologies, that provides engaging experiences to its customers in many different languages to help them improve their language skills. Users can chat about unlimited amount of topics with the app and use other modes to practice their language learning.","email":"support@talkpal.ai","legalName":"Talkpal, Inc.","foundingDate":"2023-04-03","duns":"118989042","numberOfEmployees":{"@type":"QuantitativeValue","minValue":"11","maxValue":"50"},"publishingPrinciples":"https:\/\/talkpal.ai\/publishing-principles\/","actionableFeedbackPolicy":"https:\/\/talkpal.ai\/actionable-feedback-policy\/","correctionsPolicy":"https:\/\/talkpal.ai\/corrections-policy\/","ethicsPolicy":"https:\/\/talkpal.ai\/ethics-policy\/","diversityPolicy":"https:\/\/talkpal.ai\/diversity-policy\/","diversityStaffingReport":"https:\/\/talkpal.ai\/diversity-policy\/"}]}},"_links":{"self":[{"href":"https:\/\/talkpal.ai\/lv\/wp-json\/wp\/v2\/pages\/147209","targetHints":{"allow":["GET"]}}],"collection":[{"href":"https:\/\/talkpal.ai\/lv\/wp-json\/wp\/v2\/pages"}],"about":[{"href":"https:\/\/talkpal.ai\/lv\/wp-json\/wp\/v2\/types\/page"}],"author":[{"embeddable":true,"href":"https:\/\/talkpal.ai\/lv\/wp-json\/wp\/v2\/users\/1"}],"replies":[{"embeddable":true,"href":"https:\/\/talkpal.ai\/lv\/wp-json\/wp\/v2\/comments?post=147209"}],"version-history":[{"count":0,"href":"https:\/\/talkpal.ai\/lv\/wp-json\/wp\/v2\/pages\/147209\/revisions"}],"wp:featuredmedia":[{"embeddable":true,"href":"https:\/\/talkpal.ai\/lv\/wp-json\/wp\/v2\/media\/115825"}],"wp:attachment":[{"href":"https:\/\/talkpal.ai\/lv\/wp-json\/wp\/v2\/media?parent=147209"}],"curies":[{"name":"wp","href":"https:\/\/api.w.org\/{rel}","templated":true}]}}