{"id":1469205,"date":"2025-11-12T10:09:38","date_gmt":"2025-11-12T10:09:38","guid":{"rendered":"https:\/\/talkpal.ai\/javu-valodas-gramatika\/"},"modified":"2025-12-30T15:02:31","modified_gmt":"2025-12-30T15:02:31","slug":"javu-valodas-gramatika","status":"publish","type":"page","link":"https:\/\/talkpal.ai\/lv\/javu-valodas-gramatika\/","title":{"rendered":"J\u0101vu valodas gramatika"},"content":{"rendered":"\r\n\r\n\r\n<section class=\"languageChallengeSection\">\r\n    <div class=\"languageInfoWrapper\">\r\n        \r\n        <h1>J\u0101vu valodas gramatika<\/h1>\r\n        <p>J\u0101vas <a href=\"https:\/\/talkpal.ai\/sq\/gramatika\/\">gramatika<\/a> s\u0101kum\u0101 var \u0161\u0137ist izaicino\u0161s, ta\u010du t\u0101s unik\u0101l\u0101s iez\u012bmes padara <a href=\"https:\/\/talkpal.ai\/what-language-is-spoken-on-the-international-space-station\/\">valodas<\/a> apguvi par atalgojo\u0161u pieredzi. Izp\u0113tot t\u0101s alfab\u0113tu, mut\u0101cijas un gramatikas noteikumus, j\u016bs g\u016bsiet ieskatu bag\u0101t\u0101 valodas trad\u012bcij\u0101. S\u0101ciet savu ce\u013cojumu un atkl\u0101jiet Javas skaistumu!<\/p>\r\n\r\n                            <a class=\"getStartedHidden\" href=\"https:\/\/app.talkpal.ai\/lv\/signup?lng=\">S\u0101c<\/a>\r\n        \r\n    <\/div>\r\n\r\n    <figure>\r\n    <img decoding=\"async\" width=\"768\" height=\"768\" src=\"https:\/\/talkpal.ai\/wp-content\/uploads\/2023\/06\/welsh-768x768.png\" class=\"languageImage no-lazy\" alt=\"Language learning for better cognitive abilities\" fetchpriority=\"high\" sizes=\"(max-width: 768px) 150px, 768px\" srcset=\"https:\/\/talkpal.ai\/wp-content\/uploads\/2023\/06\/welsh-768x768.png 768w, https:\/\/talkpal.ai\/wp-content\/uploads\/2023\/06\/welsh-300x300.png 300w\" \/>\r\n    \r\n\r\n    <\/figure>\r\n\r\n            <a class=\"getStartedVisible\" href=\"https:\/\/app.talkpal.ai\/lv\/signup?lng=\">S\u0101c<\/a>\r\n    \r\n<\/section><section class=\"promotionalBanner\">\r\n    <p class=\"promotionalText\">Visefekt\u012bv\u0101kais <a href=\"https:\/\/talkpal.ai\/best-way-to-learn\/\">veids<\/a>, k\u0101 apg\u016bt valodu<\/p>\r\n    <a class=\"promotionalLink\" href=\"https:\/\/app.talkpal.ai\/lv\/signup?lng=\">Izm\u0113\u0123iniet Talkpal bez maksas<\/a>\r\n<\/section>\n<div class=\"wp-block-group pageContainerStyle\"><div class=\"wp-block-group__inner-container is-layout-constrained wp-block-group-is-layout-constrained\">\n<h2 class=\"wp-block-heading\" id=\"h-navigating-the-intricacies-of-javanese-grammar\">Navig\u0101cija javas gramatikas sare\u017e\u0123\u012bjumos<\/h2>\n\n\n\n<p><a href=\"https:\/\/talkpal.ai\/lv\/macities-javanu-valodu\/\">Javanie\u0161u valoda<\/a> ar bag\u0101tu v\u0113sturi un kult\u016bras noz\u012bmi pied\u0101v\u0101 aizraujo\u0161u lingvistisko pieredzi tiem, kas v\u0113las izp\u0113t\u012bt t\u0101s unik\u0101lo gramatikas sist\u0113mu. Dodoties javas valst\u012bb\u0101, j\u016bs ne tikai bag\u0101tin\u0101siet savu valodu repertu\u0101ru, bet ar\u012b iesaist\u012bsieties aizraujo\u0161\u0101 kult\u016bras ce\u013cojum\u0101. Lai gan javas gramatika s\u0101kum\u0101 var \u0161\u0137ist sare\u017e\u0123\u012bta, t\u0101s sadal\u012b\u0161ana galvenaj\u0101s sast\u0101vda\u013c\u0101s padara valodas apguvi pieejam\u0101ku. \u0160aj\u0101 rakst\u0101 m\u0113s izp\u0113t\u012bsim valdzino\u0161o javas gramatikas pasauli un sniegsim padomus, k\u0101 apg\u016bt t\u0101s sare\u017e\u0123\u012bt\u012bbu.<\/p>\n\n\n\n<h3 class=\"wp-block-heading\" id=\"h-1-javanese-alphabet-and-phonetics\">1. Javas alfab\u0113ts un fon\u0113tika<\/h3>\n\n\n\n<p>J\u0101vu valoda m\u016bsdien\u0101s parasti tiek rakst\u012bta ar lat\u012b\u0146u alfab\u0113tu, lai gan <a href=\"https:\/\/talkpal.ai\/learn-thai\/\">tai<\/a> ir ar\u012b <a href=\"https:\/\/talkpal.ai\/will-ai-kill-traditional-language-learning\/\">tradicion\u0101ls<\/a> raksts, kas paz\u012bstams k\u0101 Aksara Jawa vai Hanacaraka. Lai apg\u016btu javas gramatiku, ir svar\u012bgi iepaz\u012bties gan ar m\u016bsdienu lat\u012b\u0146u valodas ortogr\u0101fiju, gan, ja v\u0113laties, ar tradicion\u0101lo rakst\u012bbu. Galven\u0101s fon\u0113tisk\u0101s iez\u012bmes ietver at\u0161\u0137ir\u012bbu starp e \/\u0259\/ un \u00e9 \/e\/, vel\u0101ro deguna ng un palat\u0101lo <a href=\"https:\/\/talkpal.ai\/talkpal-new-years-discount\/\">ny<\/a>, k\u0101 ar\u012b glot\u0101lo apst\u0101\u0161anos, kas var par\u0101d\u012bties da\u017eos dialektos. Las\u012b\u0161anas un rakst\u012b\u0161anas prakse ab\u0101s sist\u0113m\u0101s veidos stabilu gramatikas pamatu.<\/p>\n\n\n\n<h3 class=\"wp-block-heading\" id=\"h-2-nouns-and-pronouns-number-and-levels\">2. Lietv\u0101rdi un vietniekv\u0101rdi: skaits un l\u012bme\u0146i<\/h3>\n\n\n\n<p>Viens p\u0101rsteidzo\u0161s java\u0146u valodas aspekts ir veids, k\u0101 da\u017ei pried\u0113k\u013ci izraisa izmai\u0146as v\u0101rda s\u0101kotn\u0113j\u0101 l\u012bdzska\u0146\u0101. Deguna verb\u0101lais pried\u0113klis N- izraisa p\u0101rmai\u0146as, piem\u0113ram, p k\u013c\u016bst par m, t k\u013c\u016bst par n, k k\u013c\u016bst ng un s k\u013c\u016bst par ny. Izpratne, kad un k\u0101 notiek \u0161\u012bs mai\u0146as, ir \u013coti svar\u012bga prec\u012bzai sazi\u0146ai java\u0146u valod\u0101. Piem\u0113ri ir pangan uz mangan, tulis uz nulis, gawe uz nggawe un sapu uz nyapu.<\/p>\n\n\n\n<h3 class=\"wp-block-heading\" id=\"h-3-nouns-and-pronouns-gender-and-cases\">3. Lietv\u0101rdi un vietniekv\u0101rdi: dzimums un gad\u012bjumi<\/h3>\n\n\n\n<p>Javas lietv\u0101rdiem nav gramatisk\u0101s dzimtes vai gad\u012bjuma. Daudzveid\u012bba bie\u017ei vien nav oblig\u0101ta, un to var izteikt ar replik\u0101ciju vai da\u013ci\u0146\u0101m cie\u0146ai un kolekt\u012bviem, piem\u0113ram, bocah-bocah b\u0113rniem un para cie\u0146pilnam cilv\u0113ku daudzskaitlim. Vietniekv\u0101rdi at\u0161\u0137iras atkar\u012bb\u0101 no runas l\u012bme\u0146a, kas ir centr\u0101lais java\u0146u valod\u0101: ngoko formas, piem\u0113ram, aku, kowe, dheweke un krama formas, piem\u0113ram, <a href=\"https:\/\/talkpal.ai\/locations\/language-courses-in-kula\/\">kula<\/a>, panjenengan, piyambakipun. Vald\u012bjumu var atz\u012bm\u0113t ar t\u0101diem enklitiem k\u0101 -ku, -mu un -e, un demonstrat\u012bvie ietver iki \u0161o un iku to.<\/p>\n\n\n\n<h3 class=\"wp-block-heading\" id=\"h-4-verbs-structure-and-conjugation\">4. Darb\u012bbas v\u0101rdi: strukt\u016bra un konjug\u0101cija<\/h3>\n\n\n\n<p>J\u0101vas darb\u012bbas v\u0101rdi nekonjug\u0113 person\u012bbai vai laikam. T\u0101 viet\u0101 aspekts, noska\u0146ojums un laiks tiek izteikti caur da\u013ci\u0146\u0101m un pal\u012bgl\u012bdzek\u013ciem, piem\u0113ram, wis jau, v\u0113l ne, lagi in progress, arep vai bakal n\u0101kotnei vai nodomam. Balss un <a href=\"https:\/\/talkpal.ai\/locations\/language-courses-in-valence\/\">valence<\/a> tiek apstr\u0101d\u0101ta ar morfolo\u0123iju, ieskaitot akt\u012bvo deguna prefiksu N-, pas\u012bvo di- un form\u0101l\u0101kos vai liter\u0101ros kontekstos ka-. Prokl\u012btika, piem\u0113ram, tak- da\u017eos stilos var iez\u012bm\u0113t pirm\u0101s personas a\u0123entu. \u0160o mode\u013cu apg\u016b\u0161ana uzlabos j\u016bsu sp\u0113ju efekt\u012bvi sazin\u0101ties java\u0146u valod\u0101.<\/p>\n\n\n\n<h3 class=\"wp-block-heading\" id=\"h-5-adjectives-agreement-and-placement\">5. \u012apa\u0161\u012bbas v\u0101rdi: vieno\u0161an\u0101s un izvietojums<\/h3>\n\n\n\n<p>Javas gramatik\u0101 \u012bpa\u0161\u012bbas v\u0101rdi parasti seko lietv\u0101rdam, ko tie modific\u0113, un nepiekr\u012bt skaitam vai dzimumam. Sal\u012bdzino\u0161\u0101s un superlat\u012bvas noz\u012bmes parasti veidojas ar luwih vair\u0101k un paling visvair\u0101k, bie\u017ei ar saka, nek\u0101 atz\u012bm\u0113t sal\u012bdzin\u0101jumu. Reduplik\u0101cija vai pastiprin\u0101t\u0101ji, piem\u0113ram, bande, var pievienot nianses.<\/p>\n\n\n\n<p><strong>Piem\u0113ri:<\/strong><\/p>\n\n\n\n<p><strong>&#8211; Tresna Gedhe (Liela m\u012blest\u012bba)<\/strong><\/p>\n\n\n\n<p><strong>&#8211; bocah-bocah cilik (mazi b\u0113rni)<\/strong><\/p>\n\n\n\n<h3 class=\"wp-block-heading\" id=\"h-6-engaging-with-the-language\">6. Iesaist\u012b\u0161an\u0101s valod\u0101<\/h3>\n\n\n\n<p>Visefekt\u012bv\u0101kais veids, k\u0101 piln\u012bb\u0101 izprast un internaliz\u0113t javas gramatiku, ir konsekventi iesaist\u012bties valod\u0101. Lasot javas literat\u016bru un dziesmu tekstus, skatoties wayang kulit vai m\u016bsdienu javas medijus, klausoties tembang macapat un akt\u012bvi sazinoties ar dzimt\u0101 valoda da\u017e\u0101dos re\u0123istros, j\u016bs nostiprin\u0101siet savu izpratni par gramatiku, vienlaikus papla\u0161inot savu v\u0101rdu kr\u0101jumu.<\/p>\n\n\n\n<h3 class=\"wp-block-heading\" id=\"h-conclusion\">Secin\u0101jums<\/h3>\n\n\n\n<p>Lai gan javas gramatika var \u0161\u0137ist sare\u017e\u0123\u012bta, j\u016bs varat apg\u016bt \u0161o skaisto valodu ar cent\u012bbu, praksi un entuziasmu. Koncentr\u0113joties uz pamatnoteikumiem un iesaistoties valod\u0101 da\u017e\u0101dos kontekstos, j\u016bs \u0101tri uzlabosiet savas javas <a href=\"https:\/\/talkpal.ai\/lv\/gramatika\/\">gramatikas prasmes<\/a>. Muga-muga sukses (veiksmi) sav\u0101 javas valodas ce\u013cojum\u0101 un izbaudiet m\u012bklaino, bet valdzino\u0161o javas gramatikas pasauli!<\/p>\n<\/div><\/div>\n\r\n<section class=\"learnNavigationSection\">\r\n            \r\n        <a href=\"https:\/\/talkpal.ai\/lv\/macities-javanu-valodu\/\">\r\n            <div class=\"learnNavigationWrapper\">\r\n                <div class=\"learnNavigationContent\">\r\n                    <img decoding=\"async\" src=\"https:\/\/talkpal.ai\/wp-content\/uploads\/2025\/11\/Javanese.png\" alt=\"Indonesian Flag\">\r\n                    <div>\r\n                        <h4>Par javas m\u0101c\u012b\u0161anos<\/h4>\r\n                        <p>Uzziniet visu par Javas gramatiku.<\/p>\r\n                    <\/div>\r\n                <\/div>\r\n            <\/div>\r\n        <\/a>\r\n\r\n        \r\n        <a href=\"https:\/\/talkpal.ai\/lv\/javas-gramatikas-vingrinajumi\/\">\r\n            <div class=\"learnNavigationWrapper\">\r\n                <div class=\"learnNavigationContent\">\r\n                    <img decoding=\"async\" src=\"https:\/\/talkpal.ai\/wp-content\/uploads\/2025\/11\/Javanese.png\" alt=\"Indonesian Flag\">\r\n                    <div>\r\n                        <h4>Javas gramatikas vingrin\u0101jums<\/h4>\r\n                        <p>Praktiz\u0113jiet javas gramatiku.<\/p>\r\n                    <\/div>\r\n                <\/div>\r\n            <\/div>\r\n        <\/a>\r\n\r\n            <\/section>","protected":false},"excerpt":{"rendered":"<p>Navig\u0101cija javas gramatikas sare\u017e\u0123\u012bjumos Javanie\u0161u valoda ar bag\u0101tu v\u0113sturi un kult\u016bras noz\u012bmi pied\u0101v\u0101 aizraujo\u0161u lingvistisko pieredzi tiem, kas v\u0113las izp\u0113t\u012bt t\u0101s unik\u0101lo gramatikas sist\u0113mu. Dodoties javas valst\u012bb\u0101, j\u016bs ne tikai bag\u0101tin\u0101siet savu valodu repertu\u0101ru, bet ar\u012b iesaist\u012bsieties aizraujo\u0161\u0101 kult\u016bras ce\u013cojum\u0101. Lai gan javas gramatika s\u0101kum\u0101 var \u0161\u0137ist sare\u017e\u0123\u012bta, t\u0101s sadal\u012b\u0161ana galvenaj\u0101s sast\u0101vda\u013c\u0101s padara valodas apguvi [&hellip;]<\/p>\n","protected":false},"author":20,"featured_media":0,"parent":0,"menu_order":0,"comment_status":"closed","ping_status":"closed","template":"LearningContentPage.php","meta":{"_acf_changed":false,"footnotes":""},"class_list":["post-1469205","page","type-page","status-publish","hentry"],"acf":[],"yoast_head":"<!-- This site is optimized with the Yoast SEO Premium plugin v27.2 (Yoast SEO v27.2) - https:\/\/yoast.com\/product\/yoast-seo-premium-wordpress\/ -->\n<title>J\u0101vu valodas gramatika - Talkpal<\/title>\n<meta name=\"description\" content=\"Apg\u016bstiet javie\u0161u valodas gramatikas noteikumus un teikumu strukt\u016bras \u0101tri, izmantojot m\u016bsu visaptvero\u0161o rokasgr\u0101matu, kas paredz\u0113ta efekt\u012bvai valodas apguvei.\" \/>\n<meta name=\"robots\" content=\"index, follow, max-snippet:-1, max-image-preview:large, max-video-preview:-1\" \/>\n<link rel=\"canonical\" href=\"https:\/\/talkpal.ai\/lv\/javu-valodas-gramatika\/\" \/>\n<meta property=\"og:locale\" content=\"lv_LV\" \/>\n<meta property=\"og:type\" content=\"article\" \/>\n<meta property=\"og:title\" content=\"J\u0101vu valodas gramatika\" \/>\n<meta property=\"og:description\" content=\"Navig\u0101cija javas gramatikas sare\u017e\u0123\u012bjumos Javanie\u0161u valoda ar bag\u0101tu v\u0113sturi un kult\u016bras noz\u012bmi pied\u0101v\u0101 aizraujo\u0161u lingvistisko pieredzi tiem, kas v\u0113las\" \/>\n<meta property=\"og:url\" content=\"https:\/\/talkpal.ai\/lv\/javu-valodas-gramatika\/\" \/>\n<meta property=\"og:site_name\" content=\"Talkpal\" \/>\n<meta property=\"article:publisher\" content=\"https:\/\/www.facebook.com\/profile.php?id=100090733639311\" \/>\n<meta property=\"article:modified_time\" content=\"2025-12-30T15:02:31+00:00\" \/>\n<meta property=\"og:image\" content=\"https:\/\/talkpal.ai\/wp-content\/uploads\/2025\/02\/Progress-tab-16_9.png\" \/>\n\t<meta property=\"og:image:width\" content=\"2880\" \/>\n\t<meta property=\"og:image:height\" content=\"1620\" \/>\n\t<meta property=\"og:image:type\" content=\"image\/png\" \/>\n<meta name=\"twitter:card\" content=\"summary_large_image\" \/>\n<meta name=\"twitter:site\" content=\"@talkpalai\" \/>\n<meta name=\"twitter:label1\" content=\"Est. reading time\" \/>\n\t<meta name=\"twitter:data1\" content=\"4 minutes\" \/>\n<script type=\"application\/ld+json\" class=\"yoast-schema-graph\">{\"@context\":\"https:\/\/schema.org\",\"@graph\":[{\"@type\":\"WebPage\",\"@id\":\"https:\/\/talkpal.ai\/lv\/javu-valodas-gramatika\/\",\"url\":\"https:\/\/talkpal.ai\/lv\/javu-valodas-gramatika\/\",\"name\":\"J\u0101vu valodas gramatika - Talkpal\",\"isPartOf\":{\"@id\":\"https:\/\/talkpal.ai\/lv\/#website\"},\"datePublished\":\"2025-11-12T10:09:38+00:00\",\"dateModified\":\"2025-12-30T15:02:31+00:00\",\"description\":\"Apg\u016bstiet javie\u0161u valodas gramatikas noteikumus un teikumu strukt\u016bras \u0101tri, izmantojot m\u016bsu visaptvero\u0161o rokasgr\u0101matu, kas paredz\u0113ta efekt\u012bvai valodas apguvei.\",\"breadcrumb\":{\"@id\":\"https:\/\/talkpal.ai\/lv\/javu-valodas-gramatika\/#breadcrumb\"},\"inLanguage\":\"lv-LV\",\"potentialAction\":[{\"@type\":\"ReadAction\",\"target\":[\"https:\/\/talkpal.ai\/lv\/javu-valodas-gramatika\/\"]}]},{\"@type\":\"BreadcrumbList\",\"@id\":\"https:\/\/talkpal.ai\/lv\/javu-valodas-gramatika\/#breadcrumb\",\"itemListElement\":[{\"@type\":\"ListItem\",\"position\":1,\"name\":\"Homepage\",\"item\":\"https:\/\/talkpal.ai\/lv\/\"},{\"@type\":\"ListItem\",\"position\":2,\"name\":\"J\u0101vu valodas gramatika\"}]},{\"@type\":\"WebSite\",\"@id\":\"https:\/\/talkpal.ai\/lv\/#website\",\"url\":\"https:\/\/talkpal.ai\/lv\/\",\"name\":\"Talkpal\",\"description\":\"AI Language Learning\",\"publisher\":{\"@id\":\"https:\/\/talkpal.ai\/lv\/#organization\"},\"alternateName\":\"Talkpal AI\",\"potentialAction\":[{\"@type\":\"SearchAction\",\"target\":{\"@type\":\"EntryPoint\",\"urlTemplate\":\"https:\/\/talkpal.ai\/lv\/?s={search_term_string}\"},\"query-input\":{\"@type\":\"PropertyValueSpecification\",\"valueRequired\":true,\"valueName\":\"search_term_string\"}}],\"inLanguage\":\"lv-LV\"},{\"@type\":\"Organization\",\"@id\":\"https:\/\/talkpal.ai\/lv\/#organization\",\"name\":\"Talkpal, Inc.\",\"alternateName\":\"Talkpal AI\",\"url\":\"https:\/\/talkpal.ai\/lv\/\",\"logo\":{\"@type\":\"ImageObject\",\"inLanguage\":\"lv-LV\",\"@id\":\"https:\/\/talkpal.ai\/lv\/#\/schema\/logo\/image\/\",\"url\":\"https:\/\/talkpal.ai\/wp-content\/uploads\/2024\/03\/Talkpal-Logo-Icon.png\",\"contentUrl\":\"https:\/\/talkpal.ai\/wp-content\/uploads\/2024\/03\/Talkpal-Logo-Icon.png\",\"width\":2880,\"height\":2880,\"caption\":\"Talkpal, Inc.\"},\"image\":{\"@id\":\"https:\/\/talkpal.ai\/lv\/#\/schema\/logo\/image\/\"},\"sameAs\":[\"https:\/\/www.facebook.com\/profile.php?id=100090733639311\",\"https:\/\/x.com\/talkpalai\",\"https:\/\/www.linkedin.com\/company\/talkpal\/\",\"https:\/\/www.youtube.com\/@TalkPal\/\",\"https:\/\/www.tiktok.com\/@talkpal\",\"https:\/\/www.instagram.com\/talkpal_ai\/\",\"https:\/\/www.crunchbase.com\/organization\/talkpal-9cde\",\"https:\/\/www.g2.com\/products\/talkpal-for-business\/\",\"https:\/\/www.trustpilot.com\/review\/talkpal.ai\",\"https:\/\/www.capterra.com\/p\/10006800\/TalkPal\/\"],\"description\":\"Talkpal is a language learning web and mobile education app, powered by the latest AI technologies, that provides engaging experiences to its customers in many different languages to help them improve their language skills. Users can chat about unlimited amount of topics with the app and use other modes to practice their language learning.\",\"email\":\"support@talkpal.ai\",\"legalName\":\"Talkpal, Inc.\",\"foundingDate\":\"2023-04-03\",\"duns\":\"118989042\",\"numberOfEmployees\":{\"@type\":\"QuantitativeValue\",\"minValue\":\"11\",\"maxValue\":\"50\"},\"publishingPrinciples\":\"https:\/\/talkpal.ai\/publishing-principles\/\",\"actionableFeedbackPolicy\":\"https:\/\/talkpal.ai\/actionable-feedback-policy\/\",\"correctionsPolicy\":\"https:\/\/talkpal.ai\/corrections-policy\/\",\"ethicsPolicy\":\"https:\/\/talkpal.ai\/ethics-policy\/\",\"diversityPolicy\":\"https:\/\/talkpal.ai\/diversity-policy\/\",\"diversityStaffingReport\":\"https:\/\/talkpal.ai\/diversity-policy\/\"}]}<\/script>\n<!-- \/ Yoast SEO Premium plugin. -->","yoast_head_json":{"title":"J\u0101vu valodas gramatika - Talkpal","description":"Apg\u016bstiet javie\u0161u valodas gramatikas noteikumus un teikumu strukt\u016bras \u0101tri, izmantojot m\u016bsu visaptvero\u0161o rokasgr\u0101matu, kas paredz\u0113ta efekt\u012bvai valodas apguvei.","robots":{"index":"index","follow":"follow","max-snippet":"max-snippet:-1","max-image-preview":"max-image-preview:large","max-video-preview":"max-video-preview:-1"},"canonical":"https:\/\/talkpal.ai\/lv\/javu-valodas-gramatika\/","og_locale":"lv_LV","og_type":"article","og_title":"J\u0101vu valodas gramatika","og_description":"Navig\u0101cija javas gramatikas sare\u017e\u0123\u012bjumos Javanie\u0161u valoda ar bag\u0101tu v\u0113sturi un kult\u016bras noz\u012bmi pied\u0101v\u0101 aizraujo\u0161u lingvistisko pieredzi tiem, kas v\u0113las","og_url":"https:\/\/talkpal.ai\/lv\/javu-valodas-gramatika\/","og_site_name":"Talkpal","article_publisher":"https:\/\/www.facebook.com\/profile.php?id=100090733639311","article_modified_time":"2025-12-30T15:02:31+00:00","og_image":[{"width":2880,"height":1620,"url":"https:\/\/talkpal.ai\/wp-content\/uploads\/2025\/02\/Progress-tab-16_9.png","type":"image\/png"}],"twitter_card":"summary_large_image","twitter_site":"@talkpalai","twitter_misc":{"Est. reading time":"4 minutes"},"schema":{"@context":"https:\/\/schema.org","@graph":[{"@type":"WebPage","@id":"https:\/\/talkpal.ai\/lv\/javu-valodas-gramatika\/","url":"https:\/\/talkpal.ai\/lv\/javu-valodas-gramatika\/","name":"J\u0101vu valodas gramatika - Talkpal","isPartOf":{"@id":"https:\/\/talkpal.ai\/lv\/#website"},"datePublished":"2025-11-12T10:09:38+00:00","dateModified":"2025-12-30T15:02:31+00:00","description":"Apg\u016bstiet javie\u0161u valodas gramatikas noteikumus un teikumu strukt\u016bras \u0101tri, izmantojot m\u016bsu visaptvero\u0161o rokasgr\u0101matu, kas paredz\u0113ta efekt\u012bvai valodas apguvei.","breadcrumb":{"@id":"https:\/\/talkpal.ai\/lv\/javu-valodas-gramatika\/#breadcrumb"},"inLanguage":"lv-LV","potentialAction":[{"@type":"ReadAction","target":["https:\/\/talkpal.ai\/lv\/javu-valodas-gramatika\/"]}]},{"@type":"BreadcrumbList","@id":"https:\/\/talkpal.ai\/lv\/javu-valodas-gramatika\/#breadcrumb","itemListElement":[{"@type":"ListItem","position":1,"name":"Homepage","item":"https:\/\/talkpal.ai\/lv\/"},{"@type":"ListItem","position":2,"name":"J\u0101vu valodas gramatika"}]},{"@type":"WebSite","@id":"https:\/\/talkpal.ai\/lv\/#website","url":"https:\/\/talkpal.ai\/lv\/","name":"Talkpal","description":"AI Language Learning","publisher":{"@id":"https:\/\/talkpal.ai\/lv\/#organization"},"alternateName":"Talkpal AI","potentialAction":[{"@type":"SearchAction","target":{"@type":"EntryPoint","urlTemplate":"https:\/\/talkpal.ai\/lv\/?s={search_term_string}"},"query-input":{"@type":"PropertyValueSpecification","valueRequired":true,"valueName":"search_term_string"}}],"inLanguage":"lv-LV"},{"@type":"Organization","@id":"https:\/\/talkpal.ai\/lv\/#organization","name":"Talkpal, Inc.","alternateName":"Talkpal AI","url":"https:\/\/talkpal.ai\/lv\/","logo":{"@type":"ImageObject","inLanguage":"lv-LV","@id":"https:\/\/talkpal.ai\/lv\/#\/schema\/logo\/image\/","url":"https:\/\/talkpal.ai\/wp-content\/uploads\/2024\/03\/Talkpal-Logo-Icon.png","contentUrl":"https:\/\/talkpal.ai\/wp-content\/uploads\/2024\/03\/Talkpal-Logo-Icon.png","width":2880,"height":2880,"caption":"Talkpal, Inc."},"image":{"@id":"https:\/\/talkpal.ai\/lv\/#\/schema\/logo\/image\/"},"sameAs":["https:\/\/www.facebook.com\/profile.php?id=100090733639311","https:\/\/x.com\/talkpalai","https:\/\/www.linkedin.com\/company\/talkpal\/","https:\/\/www.youtube.com\/@TalkPal\/","https:\/\/www.tiktok.com\/@talkpal","https:\/\/www.instagram.com\/talkpal_ai\/","https:\/\/www.crunchbase.com\/organization\/talkpal-9cde","https:\/\/www.g2.com\/products\/talkpal-for-business\/","https:\/\/www.trustpilot.com\/review\/talkpal.ai","https:\/\/www.capterra.com\/p\/10006800\/TalkPal\/"],"description":"Talkpal is a language learning web and mobile education app, powered by the latest AI technologies, that provides engaging experiences to its customers in many different languages to help them improve their language skills. Users can chat about unlimited amount of topics with the app and use other modes to practice their language learning.","email":"support@talkpal.ai","legalName":"Talkpal, Inc.","foundingDate":"2023-04-03","duns":"118989042","numberOfEmployees":{"@type":"QuantitativeValue","minValue":"11","maxValue":"50"},"publishingPrinciples":"https:\/\/talkpal.ai\/publishing-principles\/","actionableFeedbackPolicy":"https:\/\/talkpal.ai\/actionable-feedback-policy\/","correctionsPolicy":"https:\/\/talkpal.ai\/corrections-policy\/","ethicsPolicy":"https:\/\/talkpal.ai\/ethics-policy\/","diversityPolicy":"https:\/\/talkpal.ai\/diversity-policy\/","diversityStaffingReport":"https:\/\/talkpal.ai\/diversity-policy\/"}]}},"_links":{"self":[{"href":"https:\/\/talkpal.ai\/lv\/wp-json\/wp\/v2\/pages\/1469205","targetHints":{"allow":["GET"]}}],"collection":[{"href":"https:\/\/talkpal.ai\/lv\/wp-json\/wp\/v2\/pages"}],"about":[{"href":"https:\/\/talkpal.ai\/lv\/wp-json\/wp\/v2\/types\/page"}],"author":[{"embeddable":true,"href":"https:\/\/talkpal.ai\/lv\/wp-json\/wp\/v2\/users\/20"}],"replies":[{"embeddable":true,"href":"https:\/\/talkpal.ai\/lv\/wp-json\/wp\/v2\/comments?post=1469205"}],"version-history":[{"count":0,"href":"https:\/\/talkpal.ai\/lv\/wp-json\/wp\/v2\/pages\/1469205\/revisions"}],"wp:attachment":[{"href":"https:\/\/talkpal.ai\/lv\/wp-json\/wp\/v2\/media?parent=1469205"}],"curies":[{"name":"wp","href":"https:\/\/api.w.org\/{rel}","templated":true}]}}