{"id":1469113,"date":"2025-11-12T09:38:12","date_gmt":"2025-11-12T09:38:12","guid":{"rendered":"https:\/\/talkpal.ai\/gudzaratu-gramatikas-vingrinajumi\/"},"modified":"2025-12-30T14:46:06","modified_gmt":"2025-12-30T14:46:06","slug":"gudzaratu-gramatikas-vingrinajumi","status":"publish","type":"page","link":"https:\/\/talkpal.ai\/lv\/gudzaratu-gramatikas-vingrinajumi\/","title":{"rendered":"Gud\u017ear\u0101tu gramatikas vingrin\u0101jumi"},"content":{"rendered":"\r\n\r\n\r\n<section class=\"languageChallengeSection\">\r\n    <div class=\"languageInfoWrapper\">\r\n        \r\n        <h1>Gud\u017ear\u0101tu gramatikas vingrin\u0101jumi<\/h1>\r\n        <p>Vai esat gatavs ienirt <a href=\"https:\/\/talkpal.ai\/learn-gujarati\/\">gud\u017earatu<\/a> gramatik\u0101? Da\u017eu pamatprincipu apguve pal\u012bdz\u0113s jums \u0113rti apg\u016bt \u0161o unik\u0101lo un skaisto valodu. Izm\u0113\u0123iniet \u0161os vingrin\u0101jumus, lai vairotu pa\u0161apzi\u0146u un izklaid\u0113tos!<\/p>\r\n\r\n                            <a class=\"getStartedHidden\" href=\"https:\/\/app.talkpal.ai\/lv\/signup?lng=\">S\u0101c<\/a>\r\n        \r\n    <\/div>\r\n\r\n    <figure>\r\n    <img decoding=\"async\" width=\"768\" height=\"768\" src=\"https:\/\/talkpal.ai\/wp-content\/uploads\/2023\/06\/welsh-768x768.png\" class=\"languageImage no-lazy\" alt=\"Language learning for better cognitive abilities\" fetchpriority=\"high\" sizes=\"(max-width: 768px) 150px, 768px\" srcset=\"https:\/\/talkpal.ai\/wp-content\/uploads\/2023\/06\/welsh-768x768.png 768w, https:\/\/talkpal.ai\/wp-content\/uploads\/2023\/06\/welsh-300x300.png 300w\" \/>\r\n    \r\n\r\n    <\/figure>\r\n\r\n            <a class=\"getStartedVisible\" href=\"https:\/\/app.talkpal.ai\/lv\/signup?lng=\">S\u0101c<\/a>\r\n    \r\n<\/section><section class=\"promotionalBanner\">\r\n    <p class=\"promotionalText\">Visefekt\u012bv\u0101kais veids, k\u0101 apg\u016bt valodu<\/p>\r\n    <a class=\"promotionalLink\" href=\"https:\/\/app.talkpal.ai\/lv\/signup?lng=\">Izm\u0113\u0123iniet Talkpal bez maksas<\/a>\r\n<\/section>\n<div class=\"wp-block-group pageContainerStyle\"><div class=\"wp-block-group__inner-container is-layout-constrained wp-block-group-is-layout-constrained\">\n<h2 class=\"wp-block-heading\" id=\"h-gujarati-grammar-topics\">Gud\u017ear\u0101tu gramatikas t\u0113mas<\/h2>\n\n\n\n<p><a href=\"https:\/\/talkpal.ai\/lv\/lielakas-kludas-no-kuram-jaizvairas-macoties-jaunu-valodu\/\">Jaunas valodas apguve<\/a> var b\u016bt izaicino\u0161s, bet atalgojo\u0161s darbs. Gud\u017ear\u0101ti, indo-\u0101rie\u0161u valoda, kur\u0101 run\u0101 galvenok\u0101rt Indijas Gud\u017earatas \u0161tat\u0101 un diasporas kopien\u0101s vis\u0101 pasaul\u0113, nav iz\u0146\u0113mums. Ar sav\u0101m unik\u0101laj\u0101m iez\u012bm\u0113m un strukt\u016br\u0101m gud\u017earatu <a href=\"https:\/\/talkpal.ai\/what-language-is-spoken-on-the-international-space-station\/\">valodas<\/a> <a href=\"https:\/\/talkpal.ai\/lv\/talkpal-izglitibai\/\">apguvei<\/a> ir nepiecie\u0161ama sistem\u0101tiska pieeja t\u0101s gramatikas izpratnei. \u0160aj\u0101 rokasgr\u0101mat\u0101 ir izkl\u0101st\u012btas galven\u0101s <a href=\"https:\/\/talkpal.ai\/lv\/gudzaratu-gramatika\/\">gud\u017earatu gramatikas<\/a> jomas <a href=\"https:\/\/talkpal.ai\/lv\/ai-catbots-valodu-apguvei\/\">lo\u0123isk\u0101 sec\u012bb\u0101 valodas apguvei<\/a>, s\u0101kot no pamatiem, piem\u0113ram, lietv\u0101rdiem un rakstiem, un p\u0101rejot uz sare\u017e\u0123\u012bt\u0101k\u0101m jom\u0101m, piem\u0113ram, laikiem un teikumu uzb\u016bvi.<\/p>\n\n\n\n<h3 class=\"wp-block-heading\" id=\"h-1-nouns\">1. Lietv\u0101rdi:<\/h3>\n\n\n\n<p>S\u0101ciet savu gud\u017earatu valodas ce\u013cojumu, apg\u016bstot lietv\u0101rdus. Tas ietver izpratni par da\u017e\u0101d\u0101m lietv\u0101rdu kategorij\u0101m, piem\u0113ram, parastajiem un \u012bpa\u0161v\u0101rdiem, to dzimuma kategorij\u0101m un daudzskait\u013ca form\u0101m.<\/p>\n\n\n\n<h3 class=\"wp-block-heading\" id=\"h-2-articles\">2. Raksti:<\/h3>\n\n\n\n<p>Gud\u017ear\u0101ti nelieto noteiktus vai nenoteiktus rakstus t\u0101, k\u0101 <a href=\"https:\/\/talkpal.ai\/ai-english-speaking-practice\/\">to dara ang\u013cu valoda<\/a> . Noteikt\u012bba parasti tiek nodota caur kontekstu vai demonstrat\u012bviem, un skaitlis ek da\u017eos kontekstos var darboties k\u0101 nenoteikts raksts.<\/p>\n\n\n\n<h3 class=\"wp-block-heading\" id=\"h-3-adjectives\">3. \u012apa\u0161\u012bbas v\u0101rdi:<\/h3>\n\n\n\n<p>\u012apa\u0161\u012bbas v\u0101rdi gud\u017ear\u0101tu valod\u0101 parasti ir pirms vi\u0146u lietv\u0101rdiem. Uzziniet, k\u0101 \u012bpa\u0161\u012bbas v\u0101rdi sakr\u012bt ar lietv\u0101rdiem dzimt\u0113 un skaitl\u012b, ja piem\u0113rojams, un k\u0101 veidot sal\u012bdzin\u0101jumus un superlat\u012bvus.<\/p>\n\n\n\n<h3 class=\"wp-block-heading\" id=\"h-4-pronouns-determiners\">4. Vietniekv\u0101rdi\/noteic\u0113ji:<\/h3>\n\n\n\n<p>Vietniekv\u0101rdi un noteic\u0113ji ir b\u016btiski gud\u017ear\u0101tu valod\u0101; tie aizst\u0101j lietv\u0101rdus un sniedz inform\u0101ciju par daudzumu, vald\u012bjumu un daudz ko citu. Piev\u0113rsiet uzman\u012bbu goda at\u0161\u0137ir\u012bb\u0101m otr\u0101s personas vietniekv\u0101rdos un pirm\u0101s personas daudzskait\u013ca iek\u013caujo\u0161aj\u0101m un ekskluz\u012bvaj\u0101m form\u0101m. To pareiza lieto\u0161ana ir nepiecie\u0161ama efekt\u012bvai sazi\u0146ai.<\/p>\n\n\n\n<h3 class=\"wp-block-heading\" id=\"h-5-verbs\">5. Darb\u012bbas v\u0101rdi:<\/h3>\n\n\n\n<p>Gud\u017ear\u0101tu darb\u012bbas v\u0101rdi maina formu atkar\u012bb\u0101 no laika, aspekta, garast\u0101vok\u013ca un vieno\u0161an\u0101s. S\u0101ciet ar pa\u0161reiz\u0113j\u0101m form\u0101m un pal\u012bgdarb\u012bbas v\u0101rdu b\u016bt, p\u0113c tam pak\u0101peniski izp\u0113tiet pag\u0101tnes un n\u0101kotnes formas un to, k\u0101 darbojas vieno\u0161an\u0101s.<\/p>\n\n\n\n<h3 class=\"wp-block-heading\" id=\"h-6-tenses\">6. Sasprindzin\u0101jums:<\/h3>\n\n\n\n<p>P\u0113c darb\u012bbas v\u0101rdu formu apg\u016b\u0161anas iedzi\u013cinieties gud\u017earatu saspringt\u0101 aspekta sist\u0113m\u0101. Tas ietver izpratni par tagadni, pag\u0101tni un n\u0101kotni, k\u0101 ar\u012b to, k\u0101 aspekts un pal\u012bgdarb\u012bbas v\u0101rdi mijiedarbojas da\u017e\u0101dos kontekstos.<\/p>\n\n\n\n<h3 class=\"wp-block-heading\" id=\"h-7-tense-comparison\">7. Saspringts sal\u012bdzin\u0101jums:<\/h3>\n\n\n\n<p>Laika sal\u012bdzin\u0101\u0161ana gud\u017ear\u0101tu valod\u0101 pal\u012bdz izprast notikumu sec\u012bbu. Viena un t\u0101 pa\u0161a darb\u012bbas v\u0101rda sal\u012bdzin\u0101\u0161ana da\u017e\u0101dos laikos un aspektos nodro\u0161in\u0101s lab\u0101ku valodas izpratni.<\/p>\n\n\n\n<h3 class=\"wp-block-heading\" id=\"h-8-progressive\">8. Progres\u012bvs:<\/h3>\n\n\n\n<p>Progres\u012bvais gud\u017ear\u0101tu valod\u0101 tiek izmantots, lai izteiktu notieko\u0161\u0101s darb\u012bbas. Tas ir veidots ar galveno darb\u012bbas v\u0101rdu un aspektu mar\u0137ieri, kas balst\u012bts uz rah, kop\u0101 ar atbilsto\u0161u pal\u012bgl\u012bdzek\u013ca formu, vienojoties par dzimumu un numuru.<\/p>\n\n\n\n<h3 class=\"wp-block-heading\" id=\"h-9-perfect-progressive\">9. Ide\u0101ls progres\u012bvs:<\/h3>\n\n\n\n<p>\u0160o veidlapu izmanto, lai izteiktu darb\u012bbas, kas ir notiku\u0161as l\u012bdz noteiktam br\u012bdim. Gud\u017earati valod\u0101 tas tiek veidots ar progres\u012bvo dal\u012bbnieku un pal\u012bgl\u012bdzekli, lai b\u016btu perfekt\u0101 vai pag\u0101tn\u0113, ar atbilsto\u0161u vieno\u0161anos.<\/p>\n\n\n\n<h3 class=\"wp-block-heading\" id=\"h-10-conditionals\">10. Nosac\u012bjumi:<\/h3>\n\n\n\n<p>Nosac\u012bjumi izsaka hipot\u0113tiskas situ\u0101cijas un to iesp\u0113jamos rezult\u0101tus. Tie ir svar\u012bga gud\u017earatu gramatikas sast\u0101vda\u013ca un palielin\u0101s j\u016bsu valodas prasmju sare\u017e\u0123\u012bt\u012bbu un nianses.<\/p>\n\n\n\n<h3 class=\"wp-block-heading\" id=\"h-11-adverbs\">11. Adverbi:<\/h3>\n\n\n\n<p>Adverbi gud\u017earatu valod\u0101 modific\u0113 darb\u012bbas v\u0101rdus, \u012bpa\u0161\u012bbas v\u0101rdus vai citus adverbus. Tie sniedz inform\u0101ciju par veidu, vietu, laiku, gr\u0101du un daudz ko citu.<\/p>\n\n\n\n<h3 class=\"wp-block-heading\" id=\"h-12-prepositions\">12. Priev\u0101rdi:<\/h3>\n\n\n\n<p>Gud\u017ear\u0101tu valod\u0101 tiek izmantoti postpoz\u012bcijas, nevis priev\u0101rdi. Tie seko lietv\u0101rdam vai vietniekv\u0101rdam un savieno v\u0101rdus un fr\u0101zes, lai izteiktu laika, vietas, virziena, \u012bpa\u0161uma un daudz ko citu.<\/p>\n\n\n\n<h3 class=\"wp-block-heading\" id=\"h-13-sentences\">13. Teikumi:<\/h3>\n\n\n\n<p>Visbeidzot, praktiz\u0113jiet teikumu konstru\u0113\u0161anu. Gud\u017ear\u0101ti parasti iev\u0113ro subjekta-objekta-darb\u012bbas v\u0101rda sec\u012bbu un pla\u0161i izmanto postpoz\u012bcijas. Tas ietvers visu iepriek\u0161 apg\u016bto gramatikas punktu izmanto\u0161anu kontekst\u0101, t\u0101d\u0113j\u0101di nodro\u0161inot visaptvero\u0161u gud\u017earatu valodas izpratni.<\/p>\n<\/div><\/div>\n\r\n<section class=\"learnNavigationSection\">\r\n            \r\n        <a href=\"https:\/\/talkpal.ai\/lv\/macities-gudzaratu\/\">\r\n            <div class=\"learnNavigationWrapper\">\r\n                <div class=\"learnNavigationContent\">\r\n                    <img decoding=\"async\" src=\"https:\/\/talkpal.ai\/wp-content\/uploads\/2025\/11\/Gujarati.png\" alt=\"Indian Simplified Flag\">\r\n                    <div>\r\n                        <h4>Par gud\u017earatu m\u0101c\u012b\u0161anos<\/h4>\r\n                        <p>Uzziniet visu par gud\u017earatu gramatiku.<\/p>\r\n                    <\/div>\r\n                <\/div>\r\n            <\/div>\r\n        <\/a>\r\n\r\n        \r\n        <a href=\"https:\/\/talkpal.ai\/lv\/gudzaratu-gramatika\/\">\r\n            <div class=\"learnNavigationWrapper\">\r\n                <div class=\"learnNavigationContent\">\r\n                    <img decoding=\"async\" src=\"https:\/\/talkpal.ai\/wp-content\/uploads\/2025\/11\/Gujarati.png\" alt=\"Indian Simplified Flag\">\r\n                    <div>\r\n                        <h4>Gud\u017earatu gramatikas stundas<\/h4>\r\n                        <p>Praktiz\u0113jiet gud\u017earatu gramatiku.<\/p>\r\n                    <\/div>\r\n                <\/div>\r\n            <\/div>\r\n        <\/a>\r\n\r\n            <\/section>","protected":false},"excerpt":{"rendered":"<p>Gud\u017ear\u0101tu gramatikas t\u0113mas Jaunas valodas apguve var b\u016bt izaicino\u0161s, bet atalgojo\u0161s darbs. Gud\u017ear\u0101ti, indo-\u0101rie\u0161u valoda, kur\u0101 run\u0101 galvenok\u0101rt Indijas Gud\u017earatas \u0161tat\u0101 un diasporas kopien\u0101s vis\u0101 pasaul\u0113, nav iz\u0146\u0113mums. Ar sav\u0101m unik\u0101laj\u0101m iez\u012bm\u0113m un strukt\u016br\u0101m gud\u017earatu valodas apguvei ir nepiecie\u0161ama sistem\u0101tiska pieeja t\u0101s gramatikas izpratnei. \u0160aj\u0101 rokasgr\u0101mat\u0101 ir izkl\u0101st\u012btas galven\u0101s gud\u017earatu gramatikas jomas lo\u0123isk\u0101 sec\u012bb\u0101 valodas [&hellip;]<\/p>\n","protected":false},"author":20,"featured_media":0,"parent":0,"menu_order":0,"comment_status":"closed","ping_status":"closed","template":"LearningContentPage.php","meta":{"_acf_changed":false,"footnotes":""},"class_list":["post-1469113","page","type-page","status-publish","hentry"],"acf":[],"yoast_head":"<!-- This site is optimized with the Yoast SEO Premium plugin v27.2 (Yoast SEO v27.2) - https:\/\/yoast.com\/product\/yoast-seo-premium-wordpress\/ -->\n<title>Gud\u017ear\u0101tu gramatikas vingrin\u0101jumi - Talkpal<\/title>\n<meta name=\"description\" content=\"Apg\u016bstiet gujarati gramatikas pamatus, izmantojot interakt\u012bvus vingrin\u0101jumus, kas ietver lietv\u0101rdus, darb\u012bbas v\u0101rdus un laikus, lai uzlabotu valodas zin\u0101\u0161anas.\" \/>\n<meta name=\"robots\" content=\"index, follow, max-snippet:-1, max-image-preview:large, max-video-preview:-1\" \/>\n<link rel=\"canonical\" href=\"https:\/\/talkpal.ai\/lv\/gudzaratu-gramatikas-vingrinajumi\/\" \/>\n<meta property=\"og:locale\" content=\"lv_LV\" \/>\n<meta property=\"og:type\" content=\"article\" \/>\n<meta property=\"og:title\" content=\"Gud\u017ear\u0101tu gramatikas vingrin\u0101jumi\" \/>\n<meta property=\"og:description\" content=\"Gud\u017ear\u0101tu gramatikas t\u0113mas Jaunas valodas apguve var b\u016bt izaicino\u0161s, bet atalgojo\u0161s darbs. Gud\u017ear\u0101ti, indo-\u0101rie\u0161u valoda, kur\u0101 run\u0101 galvenok\u0101rt Indijas\" \/>\n<meta property=\"og:url\" content=\"https:\/\/talkpal.ai\/lv\/gudzaratu-gramatikas-vingrinajumi\/\" \/>\n<meta property=\"og:site_name\" content=\"Talkpal\" \/>\n<meta property=\"article:publisher\" content=\"https:\/\/www.facebook.com\/profile.php?id=100090733639311\" \/>\n<meta property=\"article:modified_time\" content=\"2025-12-30T14:46:06+00:00\" \/>\n<meta property=\"og:image\" content=\"https:\/\/talkpal.ai\/wp-content\/uploads\/2025\/02\/Progress-tab-16_9.png\" \/>\n\t<meta property=\"og:image:width\" content=\"2880\" \/>\n\t<meta property=\"og:image:height\" content=\"1620\" \/>\n\t<meta property=\"og:image:type\" content=\"image\/png\" \/>\n<meta name=\"twitter:card\" content=\"summary_large_image\" \/>\n<meta name=\"twitter:site\" content=\"@talkpalai\" \/>\n<meta name=\"twitter:label1\" content=\"Est. reading time\" \/>\n\t<meta name=\"twitter:data1\" content=\"4 minutes\" \/>\n<script type=\"application\/ld+json\" class=\"yoast-schema-graph\">{\"@context\":\"https:\/\/schema.org\",\"@graph\":[{\"@type\":\"WebPage\",\"@id\":\"https:\/\/talkpal.ai\/lv\/gudzaratu-gramatikas-vingrinajumi\/\",\"url\":\"https:\/\/talkpal.ai\/lv\/gudzaratu-gramatikas-vingrinajumi\/\",\"name\":\"Gud\u017ear\u0101tu gramatikas vingrin\u0101jumi - Talkpal\",\"isPartOf\":{\"@id\":\"https:\/\/talkpal.ai\/lv\/#website\"},\"datePublished\":\"2025-11-12T09:38:12+00:00\",\"dateModified\":\"2025-12-30T14:46:06+00:00\",\"description\":\"Apg\u016bstiet gujarati gramatikas pamatus, izmantojot interakt\u012bvus vingrin\u0101jumus, kas ietver lietv\u0101rdus, darb\u012bbas v\u0101rdus un laikus, lai uzlabotu valodas zin\u0101\u0161anas.\",\"breadcrumb\":{\"@id\":\"https:\/\/talkpal.ai\/lv\/gudzaratu-gramatikas-vingrinajumi\/#breadcrumb\"},\"inLanguage\":\"lv-LV\",\"potentialAction\":[{\"@type\":\"ReadAction\",\"target\":[\"https:\/\/talkpal.ai\/lv\/gudzaratu-gramatikas-vingrinajumi\/\"]}]},{\"@type\":\"BreadcrumbList\",\"@id\":\"https:\/\/talkpal.ai\/lv\/gudzaratu-gramatikas-vingrinajumi\/#breadcrumb\",\"itemListElement\":[{\"@type\":\"ListItem\",\"position\":1,\"name\":\"Homepage\",\"item\":\"https:\/\/talkpal.ai\/lv\/\"},{\"@type\":\"ListItem\",\"position\":2,\"name\":\"Gud\u017ear\u0101tu gramatikas vingrin\u0101jumi\"}]},{\"@type\":\"WebSite\",\"@id\":\"https:\/\/talkpal.ai\/lv\/#website\",\"url\":\"https:\/\/talkpal.ai\/lv\/\",\"name\":\"Talkpal\",\"description\":\"AI Language Learning\",\"publisher\":{\"@id\":\"https:\/\/talkpal.ai\/lv\/#organization\"},\"alternateName\":\"Talkpal AI\",\"potentialAction\":[{\"@type\":\"SearchAction\",\"target\":{\"@type\":\"EntryPoint\",\"urlTemplate\":\"https:\/\/talkpal.ai\/lv\/?s={search_term_string}\"},\"query-input\":{\"@type\":\"PropertyValueSpecification\",\"valueRequired\":true,\"valueName\":\"search_term_string\"}}],\"inLanguage\":\"lv-LV\"},{\"@type\":\"Organization\",\"@id\":\"https:\/\/talkpal.ai\/lv\/#organization\",\"name\":\"Talkpal, Inc.\",\"alternateName\":\"Talkpal AI\",\"url\":\"https:\/\/talkpal.ai\/lv\/\",\"logo\":{\"@type\":\"ImageObject\",\"inLanguage\":\"lv-LV\",\"@id\":\"https:\/\/talkpal.ai\/lv\/#\/schema\/logo\/image\/\",\"url\":\"https:\/\/talkpal.ai\/wp-content\/uploads\/2024\/03\/Talkpal-Logo-Icon.png\",\"contentUrl\":\"https:\/\/talkpal.ai\/wp-content\/uploads\/2024\/03\/Talkpal-Logo-Icon.png\",\"width\":2880,\"height\":2880,\"caption\":\"Talkpal, Inc.\"},\"image\":{\"@id\":\"https:\/\/talkpal.ai\/lv\/#\/schema\/logo\/image\/\"},\"sameAs\":[\"https:\/\/www.facebook.com\/profile.php?id=100090733639311\",\"https:\/\/x.com\/talkpalai\",\"https:\/\/www.linkedin.com\/company\/talkpal\/\",\"https:\/\/www.youtube.com\/@TalkPal\/\",\"https:\/\/www.tiktok.com\/@talkpal\",\"https:\/\/www.instagram.com\/talkpal_ai\/\",\"https:\/\/www.crunchbase.com\/organization\/talkpal-9cde\",\"https:\/\/www.g2.com\/products\/talkpal-for-business\/\",\"https:\/\/www.trustpilot.com\/review\/talkpal.ai\",\"https:\/\/www.capterra.com\/p\/10006800\/TalkPal\/\"],\"description\":\"Talkpal is a language learning web and mobile education app, powered by the latest AI technologies, that provides engaging experiences to its customers in many different languages to help them improve their language skills. Users can chat about unlimited amount of topics with the app and use other modes to practice their language learning.\",\"email\":\"support@talkpal.ai\",\"legalName\":\"Talkpal, Inc.\",\"foundingDate\":\"2023-04-03\",\"duns\":\"118989042\",\"numberOfEmployees\":{\"@type\":\"QuantitativeValue\",\"minValue\":\"11\",\"maxValue\":\"50\"},\"publishingPrinciples\":\"https:\/\/talkpal.ai\/publishing-principles\/\",\"actionableFeedbackPolicy\":\"https:\/\/talkpal.ai\/actionable-feedback-policy\/\",\"correctionsPolicy\":\"https:\/\/talkpal.ai\/corrections-policy\/\",\"ethicsPolicy\":\"https:\/\/talkpal.ai\/ethics-policy\/\",\"diversityPolicy\":\"https:\/\/talkpal.ai\/diversity-policy\/\",\"diversityStaffingReport\":\"https:\/\/talkpal.ai\/diversity-policy\/\"}]}<\/script>\n<!-- \/ Yoast SEO Premium plugin. -->","yoast_head_json":{"title":"Gud\u017ear\u0101tu gramatikas vingrin\u0101jumi - Talkpal","description":"Apg\u016bstiet gujarati gramatikas pamatus, izmantojot interakt\u012bvus vingrin\u0101jumus, kas ietver lietv\u0101rdus, darb\u012bbas v\u0101rdus un laikus, lai uzlabotu valodas zin\u0101\u0161anas.","robots":{"index":"index","follow":"follow","max-snippet":"max-snippet:-1","max-image-preview":"max-image-preview:large","max-video-preview":"max-video-preview:-1"},"canonical":"https:\/\/talkpal.ai\/lv\/gudzaratu-gramatikas-vingrinajumi\/","og_locale":"lv_LV","og_type":"article","og_title":"Gud\u017ear\u0101tu gramatikas vingrin\u0101jumi","og_description":"Gud\u017ear\u0101tu gramatikas t\u0113mas Jaunas valodas apguve var b\u016bt izaicino\u0161s, bet atalgojo\u0161s darbs. Gud\u017ear\u0101ti, indo-\u0101rie\u0161u valoda, kur\u0101 run\u0101 galvenok\u0101rt Indijas","og_url":"https:\/\/talkpal.ai\/lv\/gudzaratu-gramatikas-vingrinajumi\/","og_site_name":"Talkpal","article_publisher":"https:\/\/www.facebook.com\/profile.php?id=100090733639311","article_modified_time":"2025-12-30T14:46:06+00:00","og_image":[{"width":2880,"height":1620,"url":"https:\/\/talkpal.ai\/wp-content\/uploads\/2025\/02\/Progress-tab-16_9.png","type":"image\/png"}],"twitter_card":"summary_large_image","twitter_site":"@talkpalai","twitter_misc":{"Est. reading time":"4 minutes"},"schema":{"@context":"https:\/\/schema.org","@graph":[{"@type":"WebPage","@id":"https:\/\/talkpal.ai\/lv\/gudzaratu-gramatikas-vingrinajumi\/","url":"https:\/\/talkpal.ai\/lv\/gudzaratu-gramatikas-vingrinajumi\/","name":"Gud\u017ear\u0101tu gramatikas vingrin\u0101jumi - Talkpal","isPartOf":{"@id":"https:\/\/talkpal.ai\/lv\/#website"},"datePublished":"2025-11-12T09:38:12+00:00","dateModified":"2025-12-30T14:46:06+00:00","description":"Apg\u016bstiet gujarati gramatikas pamatus, izmantojot interakt\u012bvus vingrin\u0101jumus, kas ietver lietv\u0101rdus, darb\u012bbas v\u0101rdus un laikus, lai uzlabotu valodas zin\u0101\u0161anas.","breadcrumb":{"@id":"https:\/\/talkpal.ai\/lv\/gudzaratu-gramatikas-vingrinajumi\/#breadcrumb"},"inLanguage":"lv-LV","potentialAction":[{"@type":"ReadAction","target":["https:\/\/talkpal.ai\/lv\/gudzaratu-gramatikas-vingrinajumi\/"]}]},{"@type":"BreadcrumbList","@id":"https:\/\/talkpal.ai\/lv\/gudzaratu-gramatikas-vingrinajumi\/#breadcrumb","itemListElement":[{"@type":"ListItem","position":1,"name":"Homepage","item":"https:\/\/talkpal.ai\/lv\/"},{"@type":"ListItem","position":2,"name":"Gud\u017ear\u0101tu gramatikas vingrin\u0101jumi"}]},{"@type":"WebSite","@id":"https:\/\/talkpal.ai\/lv\/#website","url":"https:\/\/talkpal.ai\/lv\/","name":"Talkpal","description":"AI Language Learning","publisher":{"@id":"https:\/\/talkpal.ai\/lv\/#organization"},"alternateName":"Talkpal AI","potentialAction":[{"@type":"SearchAction","target":{"@type":"EntryPoint","urlTemplate":"https:\/\/talkpal.ai\/lv\/?s={search_term_string}"},"query-input":{"@type":"PropertyValueSpecification","valueRequired":true,"valueName":"search_term_string"}}],"inLanguage":"lv-LV"},{"@type":"Organization","@id":"https:\/\/talkpal.ai\/lv\/#organization","name":"Talkpal, Inc.","alternateName":"Talkpal AI","url":"https:\/\/talkpal.ai\/lv\/","logo":{"@type":"ImageObject","inLanguage":"lv-LV","@id":"https:\/\/talkpal.ai\/lv\/#\/schema\/logo\/image\/","url":"https:\/\/talkpal.ai\/wp-content\/uploads\/2024\/03\/Talkpal-Logo-Icon.png","contentUrl":"https:\/\/talkpal.ai\/wp-content\/uploads\/2024\/03\/Talkpal-Logo-Icon.png","width":2880,"height":2880,"caption":"Talkpal, Inc."},"image":{"@id":"https:\/\/talkpal.ai\/lv\/#\/schema\/logo\/image\/"},"sameAs":["https:\/\/www.facebook.com\/profile.php?id=100090733639311","https:\/\/x.com\/talkpalai","https:\/\/www.linkedin.com\/company\/talkpal\/","https:\/\/www.youtube.com\/@TalkPal\/","https:\/\/www.tiktok.com\/@talkpal","https:\/\/www.instagram.com\/talkpal_ai\/","https:\/\/www.crunchbase.com\/organization\/talkpal-9cde","https:\/\/www.g2.com\/products\/talkpal-for-business\/","https:\/\/www.trustpilot.com\/review\/talkpal.ai","https:\/\/www.capterra.com\/p\/10006800\/TalkPal\/"],"description":"Talkpal is a language learning web and mobile education app, powered by the latest AI technologies, that provides engaging experiences to its customers in many different languages to help them improve their language skills. Users can chat about unlimited amount of topics with the app and use other modes to practice their language learning.","email":"support@talkpal.ai","legalName":"Talkpal, Inc.","foundingDate":"2023-04-03","duns":"118989042","numberOfEmployees":{"@type":"QuantitativeValue","minValue":"11","maxValue":"50"},"publishingPrinciples":"https:\/\/talkpal.ai\/publishing-principles\/","actionableFeedbackPolicy":"https:\/\/talkpal.ai\/actionable-feedback-policy\/","correctionsPolicy":"https:\/\/talkpal.ai\/corrections-policy\/","ethicsPolicy":"https:\/\/talkpal.ai\/ethics-policy\/","diversityPolicy":"https:\/\/talkpal.ai\/diversity-policy\/","diversityStaffingReport":"https:\/\/talkpal.ai\/diversity-policy\/"}]}},"_links":{"self":[{"href":"https:\/\/talkpal.ai\/lv\/wp-json\/wp\/v2\/pages\/1469113","targetHints":{"allow":["GET"]}}],"collection":[{"href":"https:\/\/talkpal.ai\/lv\/wp-json\/wp\/v2\/pages"}],"about":[{"href":"https:\/\/talkpal.ai\/lv\/wp-json\/wp\/v2\/types\/page"}],"author":[{"embeddable":true,"href":"https:\/\/talkpal.ai\/lv\/wp-json\/wp\/v2\/users\/20"}],"replies":[{"embeddable":true,"href":"https:\/\/talkpal.ai\/lv\/wp-json\/wp\/v2\/comments?post=1469113"}],"version-history":[{"count":0,"href":"https:\/\/talkpal.ai\/lv\/wp-json\/wp\/v2\/pages\/1469113\/revisions"}],"wp:attachment":[{"href":"https:\/\/talkpal.ai\/lv\/wp-json\/wp\/v2\/media?parent=1469113"}],"curies":[{"name":"wp","href":"https:\/\/api.w.org\/{rel}","templated":true}]}}