{"id":1469058,"date":"2025-11-11T17:01:24","date_gmt":"2025-11-11T17:01:24","guid":{"rendered":"https:\/\/talkpal.ai\/gruzinu-gramatikas-vingrinajumi\/"},"modified":"2025-12-30T14:55:07","modified_gmt":"2025-12-30T14:55:07","slug":"gruzinu-gramatikas-vingrinajumi","status":"publish","type":"page","link":"https:\/\/talkpal.ai\/lv\/gruzinu-gramatikas-vingrinajumi\/","title":{"rendered":"Gruz\u012bnu gramatikas vingrin\u0101jumi"},"content":{"rendered":"\r\n\r\n\r\n<section class=\"languageChallengeSection\">\r\n    <div class=\"languageInfoWrapper\">\r\n        \r\n        <h1>Gruz\u012bnu gramatikas vingrin\u0101jumi<\/h1>\r\n        <p>Vai esat gatavs ienirt <a href=\"https:\/\/talkpal.ai\/learn-georgian\/\">gruz\u012bnu<\/a> gramatik\u0101? Da\u017eu pamatprincipu apguve pal\u012bdz\u0113s jums \u0113rti apg\u016bt \u0161o unik\u0101lo un skaisto valodu. Izm\u0113\u0123iniet \u0161os vingrin\u0101jumus, lai vairotu pa\u0161apzi\u0146u un izklaid\u0113tos!<\/p>\r\n\r\n                            <a class=\"getStartedHidden\" href=\"https:\/\/app.talkpal.ai\/lv\/signup?lng=\">S\u0101c<\/a>\r\n        \r\n    <\/div>\r\n\r\n    <figure>\r\n    <img decoding=\"async\" width=\"768\" height=\"768\" src=\"https:\/\/talkpal.ai\/wp-content\/uploads\/2023\/06\/welsh-768x768.png\" class=\"languageImage no-lazy\" alt=\"Language learning for better cognitive abilities\" fetchpriority=\"high\" sizes=\"(max-width: 768px) 150px, 768px\" srcset=\"https:\/\/talkpal.ai\/wp-content\/uploads\/2023\/06\/welsh-768x768.png 768w, https:\/\/talkpal.ai\/wp-content\/uploads\/2023\/06\/welsh-300x300.png 300w\" \/>\r\n    \r\n\r\n    <\/figure>\r\n\r\n            <a class=\"getStartedVisible\" href=\"https:\/\/app.talkpal.ai\/lv\/signup?lng=\">S\u0101c<\/a>\r\n    \r\n<\/section><section class=\"promotionalBanner\">\r\n    <p class=\"promotionalText\">Visefekt\u012bv\u0101kais veids, k\u0101 apg\u016bt valodu<\/p>\r\n    <a class=\"promotionalLink\" href=\"https:\/\/app.talkpal.ai\/lv\/signup?lng=\">Izm\u0113\u0123iniet Talkpal bez maksas<\/a>\r\n<\/section>\n<div class=\"wp-block-group pageContainerStyle\"><div class=\"wp-block-group__inner-container is-layout-constrained wp-block-group-is-layout-constrained\">\n<h2 class=\"wp-block-heading\" id=\"h-georgian-grammar-topics\">Gruz\u012bnu gramatikas t\u0113mas<\/h2>\n\n\n\n<p><a href=\"https:\/\/talkpal.ai\/lv\/lielakas-kludas-no-kuram-jaizvairas-macoties-jaunu-valodu\/\">Jaunas valodas apguve<\/a> var b\u016bt izaicino\u0161s, bet atalgojo\u0161s darbs. Gruz\u012bnu valoda, kartvelie\u0161u valoda, kur\u0101 run\u0101 galvenok\u0101rt Gruzij\u0101, nav iz\u0146\u0113mums. Ar sav\u0101m unik\u0101laj\u0101m iez\u012bm\u0113m un strukt\u016br\u0101m gruz\u012bnu <a href=\"https:\/\/talkpal.ai\/what-language-is-spoken-on-the-international-space-station\/\">valodas<\/a> <a href=\"https:\/\/talkpal.ai\/lv\/talkpal-izglitibai\/\">apguvei<\/a> ir nepiecie\u0161ama sistem\u0101tiska pieeja, lai izprastu t\u0101s sare\u017e\u0123\u012bto gramatiku. \u0160aj\u0101 rokasgr\u0101mat\u0101 ir izkl\u0101st\u012btas galven\u0101s <a href=\"https:\/\/talkpal.ai\/lv\/gruzinu-gramatika\/\">gruz\u012bnu valodas gramatikas<\/a> jomas <a href=\"https:\/\/talkpal.ai\/lv\/ai-catbots-valodu-apguvei\/\">lo\u0123isk\u0101 sec\u012bb\u0101 valodas apguvei<\/a>, s\u0101kot no pamatiem, piem\u0113ram, lietv\u0101rdiem un rakstiem, un p\u0101rejot uz sare\u017e\u0123\u012bt\u0101k\u0101m jom\u0101m, piem\u0113ram, laikiem un teikumu uzb\u016bvi.<\/p>\n\n\n\n<h3 class=\"wp-block-heading\" id=\"h-1-nouns\">1. Lietv\u0101rdi:<\/h3>\n\n\n\n<p>S\u0101ciet savu gruz\u012bnu valodas ce\u013cojumu, apg\u016bstot lietv\u0101rdus. Tas ietver izpratni par da\u017e\u0101d\u0101m lietv\u0101rdu kategorij\u0101m, piem\u0113ram, parastajiem un \u012bpa\u0161v\u0101rdiem, to daudzskait\u013ca form\u0101m un lietu sist\u0113mu, ko izmanto gramatisko attiec\u012bbu atz\u012bm\u0113\u0161anai.<\/p>\n\n\n\n<h3 class=\"wp-block-heading\" id=\"h-2-articles\">2. Raksti:<\/h3>\n\n\n\n<p>Gruz\u012bnu valod\u0101 nav noteiktu vai nenoteiktu rakstu. Izpratne par to, k\u0101 noteikt\u012bba un nenoteikt\u012bba tiek izteikta ar kontekstu vai demonstrat\u012bviem, ir iz\u0161\u0137iro\u0161a teikuma veido\u0161an\u0101.<\/p>\n\n\n\n<h3 class=\"wp-block-heading\" id=\"h-3-adjectives\">3. \u012apa\u0161\u012bbas v\u0101rdi:<\/h3>\n\n\n\n<p>\u012apa\u0161\u012bbas v\u0101rdi gruz\u012bnu valod\u0101 parasti ir pirms lietv\u0101rdiem un piekr\u012bt tiem gad\u012bjum\u0101. Uzziniet, k\u0101 veidot sal\u012bdzin\u0101jumus un superlat\u012bvus, izmantojot t\u0101dus v\u0101rdus k\u0101 &#8220;upro&#8221; vair\u0101k un &#8220;qvelaze&#8221; liel\u0101kajai da\u013cai.<\/p>\n\n\n\n<h3 class=\"wp-block-heading\" id=\"h-4-pronouns-determiners\">4. Vietniekv\u0101rdi\/noteic\u0113ji:<\/h3>\n\n\n\n<p>Vietniekv\u0101rdi un noteic\u0113ji ir b\u016btiski gruz\u012bnu valod\u0101; Vietniekv\u0101rdi bie\u017ei tiek atmesti, kad konteksts ir skaidrs, un \u012bpa\u0161uma formas, piem\u0113ram, &#8220;Chemi&#8221;, &#8220;Sheni&#8221; un &#8220;Misi&#8221;, modific\u0113 lietv\u0101rdus. Demonstrat\u012bvi, piem\u0113ram, &#8220;es&#8221;, &#8220;ir&#8221; un &#8220;igi&#8221;, skait\u013ci un kvantitat\u012bvie r\u0101d\u012bt\u0101ji darbojas k\u0101 noteic\u0113ji.<\/p>\n\n\n\n<h3 class=\"wp-block-heading\" id=\"h-5-verbs\">5. Darb\u012bbas v\u0101rdi:<\/h3>\n\n\n\n<p>Gruz\u012bnu darb\u012bbas v\u0101rdi ir bag\u0101ti ar morfolo\u0123iju, par\u0101dot vieno\u0161anos ar priek\u0161metiem un da\u017ereiz objektiem. S\u0101ciet ar pa\u0161reiz\u0113jo s\u0113riju, p\u0113c tam izp\u0113tiet, k\u0101 n\u0101kotne veidojas ar priev\u0101rdiem, un p\u0101rejiet uz pag\u0101tnes form\u0101m, piem\u0113ram, aoristu un nepiln\u012bgu.<\/p>\n\n\n\n<h3 class=\"wp-block-heading\" id=\"h-6-tenses\">6. Sasprindzin\u0101jums:<\/h3>\n\n\n\n<p>P\u0113c darb\u012bbas v\u0101rdu pamatformu apguves iedzi\u013cinieties gruz\u012bnu laik\u0101 un aspekt\u0101. Uzziniet, k\u0101 tagadnes, pag\u0101tnes un n\u0101kotnes laiks tiek izteikts tr\u012bs galvenaj\u0101s s\u0113rij\u0101s un kad da\u017e\u0101dos kontekstos izmantot nepiln\u012bgas, aoristas un ide\u0101las formas.<\/p>\n\n\n\n<h3 class=\"wp-block-heading\" id=\"h-7-tense-comparison\">7. Saspringts sal\u012bdzin\u0101jums:<\/h3>\n\n\n\n<p>Veidlapu sal\u012bdzin\u0101\u0161ana da\u017e\u0101d\u0101s s\u0113rij\u0101s pal\u012bdz izprast laiku, aspektu un l\u012bdzin\u0101jumu. Apl\u016bkojot vienu un to pa\u0161u darb\u012bbas v\u0101rdu da\u017e\u0101dos screeves, tiek noskaidrota notikumu sec\u012bba un gad\u012bjumu mar\u0137\u0113\u0161anas mode\u013ci.<\/p>\n\n\n\n<h3 class=\"wp-block-heading\" id=\"h-8-progressive\">8. Progres\u012bvs:<\/h3>\n\n\n\n<p>Gruz\u012bnu valodai nav \u012bpa\u0161a progres\u012bv\u0101 laika. Pa\u0161reiz\u0113j\u0101s darb\u012bbas tiek izteiktas ar tagadni vai nepiln\u012bgo, bie\u017ei vien to atbalsta laika izteicieni, piem\u0113ram, &#8220;akhla&#8221; \u0161obr\u012bd vai konteksts.<\/p>\n\n\n\n<h3 class=\"wp-block-heading\" id=\"h-9-perfect-progressive\">9. Ide\u0101ls progres\u012bvs:<\/h3>\n\n\n\n<p>Nav izteikta perfekta progres\u012bva. Notieko\u0161\u0101s darb\u012bbas l\u012bdz noteiktam punktam tiek nodotas caur perfektu s\u0113riju, lai ieg\u016btu rezult\u0101tu, vai ar nepiln\u012bg\u0101m un kontekstu\u0101l\u0101m nor\u0101d\u0113m.<\/p>\n\n\n\n<h3 class=\"wp-block-heading\" id=\"h-10-conditionals\">10. Nosac\u012bjumi:<\/h3>\n\n\n\n<p>Nosac\u012bjumi izsaka hipot\u0113tiskas situ\u0101cijas un to iesp\u0113jamos rezult\u0101tus. Gruz\u012bnu valod\u0101 tie parasti tiek veidoti ar subjunkt\u012bv\u0101m un optat\u012bv\u0101m form\u0101m, ko bie\u017ei ievada ar &#8220;tu&#8221;, kas noz\u012bm\u0113, ja, un var izmantot mod\u0101lus izteicienus, piem\u0113ram, &#8220;sheidzleba&#8221;.<\/p>\n\n\n\n<h3 class=\"wp-block-heading\" id=\"h-11-adverbs\">11. Adverbi:<\/h3>\n\n\n\n<p>Adverbi gruz\u012bnu valod\u0101 modific\u0113 darb\u012bbas v\u0101rdus, \u012bpa\u0161\u012bbas v\u0101rdus vai citus adverbus. Daudzi adverbi tiek veidoti ar pied\u0113kli &#8220;-ad&#8221;, un parastie pak\u0101pes v\u0101rdi ietver &#8220;dzalian&#8221; \u013coti un &#8220;upro&#8221; vair\u0101k.<\/p>\n\n\n\n<h3 class=\"wp-block-heading\" id=\"h-12-prepositions\">12. Priev\u0101rdi:<\/h3>\n\n\n\n<p>Gruz\u012bnu valod\u0101 tiek izmantoti postpoz\u012bcijas, nevis priev\u0101rdi. Tie seko lietv\u0101rdam un mijiedarbojas ar konkr\u0113tiem gad\u012bjumiem, un daudzas rel\u0101ciju noz\u012bmes tiek izteiktas tie\u0161i ar lietu galotn\u0113m.<\/p>\n\n\n\n<h3 class=\"wp-block-heading\" id=\"h-13-sentences\">13. Teikumi:<\/h3>\n\n\n\n<p>Visbeidzot, praktiz\u0113jiet teikumu konstru\u0113\u0161anu. Tas ietvers visu iepriek\u0161 apg\u016bto gramatikas punktu izmanto\u0161anu kontekst\u0101, elast\u012bgas v\u0101rdu sec\u012bbas p\u0101rvald\u012bbu ar SOV tendenci, gad\u012bjumu atz\u012bm\u0113\u0161anu un atbilsto\u0161\u0101m darb\u012bbas v\u0101rdu form\u0101m.<\/p>\n<\/div><\/div>\n\r\n<section class=\"learnNavigationSection\">\r\n            \r\n        <a href=\"https:\/\/talkpal.ai\/lv\/uzziniet-velsiesu-valodu\/\">\r\n            <div class=\"learnNavigationWrapper\">\r\n                <div class=\"learnNavigationContent\">\r\n                    <img decoding=\"async\" src=\"https:\/\/talkpal.ai\/wp-content\/uploads\/2025\/11\/Georgian.png\" alt=\"Georgian Flag\">\r\n                    <div>\r\n                        <h4>Par gruz\u012bnu valodas apguvi<\/h4>\r\n                        <p>Uzziniet visu par gruz\u012bnu gramatiku.<\/p>\r\n                    <\/div>\r\n                <\/div>\r\n            <\/div>\r\n        <\/a>\r\n\r\n        \r\n        <a href=\"https:\/\/talkpal.ai\/lv\/velsas-gramatika\/\">\r\n            <div class=\"learnNavigationWrapper\">\r\n                <div class=\"learnNavigationContent\">\r\n                    <img decoding=\"async\" src=\"https:\/\/talkpal.ai\/wp-content\/uploads\/2025\/11\/Georgian.png\" alt=\"Georgian Flag\">\r\n                    <div>\r\n                        <h4>Gruz\u012bnu valodas gramatikas stundas<\/h4>\r\n                        <p>Praktiz\u0113jiet gruz\u012bnu gramatiku.<\/p>\r\n                    <\/div>\r\n                <\/div>\r\n            <\/div>\r\n        <\/a>\r\n\r\n            <\/section>","protected":false},"excerpt":{"rendered":"<p>Gruz\u012bnu gramatikas t\u0113mas Jaunas valodas apguve var b\u016bt izaicino\u0161s, bet atalgojo\u0161s darbs. Gruz\u012bnu valoda, kartvelie\u0161u valoda, kur\u0101 run\u0101 galvenok\u0101rt Gruzij\u0101, nav iz\u0146\u0113mums. Ar sav\u0101m unik\u0101laj\u0101m iez\u012bm\u0113m un strukt\u016br\u0101m gruz\u012bnu valodas apguvei ir nepiecie\u0161ama sistem\u0101tiska pieeja, lai izprastu t\u0101s sare\u017e\u0123\u012bto gramatiku. \u0160aj\u0101 rokasgr\u0101mat\u0101 ir izkl\u0101st\u012btas galven\u0101s gruz\u012bnu valodas gramatikas jomas lo\u0123isk\u0101 sec\u012bb\u0101 valodas apguvei, s\u0101kot no [&hellip;]<\/p>\n","protected":false},"author":20,"featured_media":0,"parent":0,"menu_order":0,"comment_status":"closed","ping_status":"closed","template":"LearningContentPage.php","meta":{"_acf_changed":false,"footnotes":""},"class_list":["post-1469058","page","type-page","status-publish","hentry"],"acf":[],"yoast_head":"<!-- This site is optimized with the Yoast SEO Premium plugin v27.2 (Yoast SEO v27.2) - https:\/\/yoast.com\/product\/yoast-seo-premium-wordpress\/ -->\n<title>Gruz\u012bnu gramatikas vingrin\u0101jumi - Talkpal<\/title>\n<meta name=\"description\" content=\"Apg\u016bstiet gruz\u012bnu valodas gramatiku, izmantojot interakt\u012bvus vingrin\u0101jumus, kas paredz\u0113ti, lai pal\u012bdz\u0113tu jums apg\u016bt valodu un iemantot p\u0101rliec\u012bbu.\" \/>\n<meta name=\"robots\" content=\"index, follow, max-snippet:-1, max-image-preview:large, max-video-preview:-1\" \/>\n<link rel=\"canonical\" href=\"https:\/\/talkpal.ai\/lv\/gruzinu-gramatikas-vingrinajumi\/\" \/>\n<meta property=\"og:locale\" content=\"lv_LV\" \/>\n<meta property=\"og:type\" content=\"article\" \/>\n<meta property=\"og:title\" content=\"Gruz\u012bnu gramatikas vingrin\u0101jumi\" \/>\n<meta property=\"og:description\" content=\"Gruz\u012bnu gramatikas t\u0113mas Jaunas valodas apguve var b\u016bt izaicino\u0161s, bet atalgojo\u0161s darbs. Gruz\u012bnu valoda, kartvelie\u0161u valoda, kur\u0101 run\u0101 galvenok\u0101rt\" \/>\n<meta property=\"og:url\" content=\"https:\/\/talkpal.ai\/lv\/gruzinu-gramatikas-vingrinajumi\/\" \/>\n<meta property=\"og:site_name\" content=\"Talkpal\" \/>\n<meta property=\"article:publisher\" content=\"https:\/\/www.facebook.com\/profile.php?id=100090733639311\" \/>\n<meta property=\"article:modified_time\" content=\"2025-12-30T14:55:07+00:00\" \/>\n<meta property=\"og:image\" content=\"https:\/\/talkpal.ai\/wp-content\/uploads\/2025\/02\/Progress-tab-16_9.png\" \/>\n\t<meta property=\"og:image:width\" content=\"2880\" \/>\n\t<meta property=\"og:image:height\" content=\"1620\" \/>\n\t<meta property=\"og:image:type\" content=\"image\/png\" \/>\n<meta name=\"twitter:card\" content=\"summary_large_image\" \/>\n<meta name=\"twitter:site\" content=\"@talkpalai\" \/>\n<meta name=\"twitter:label1\" content=\"Est. reading time\" \/>\n\t<meta name=\"twitter:data1\" content=\"4 minutes\" \/>\n<script type=\"application\/ld+json\" class=\"yoast-schema-graph\">{\"@context\":\"https:\/\/schema.org\",\"@graph\":[{\"@type\":\"WebPage\",\"@id\":\"https:\/\/talkpal.ai\/lv\/gruzinu-gramatikas-vingrinajumi\/\",\"url\":\"https:\/\/talkpal.ai\/lv\/gruzinu-gramatikas-vingrinajumi\/\",\"name\":\"Gruz\u012bnu gramatikas vingrin\u0101jumi - Talkpal\",\"isPartOf\":{\"@id\":\"https:\/\/talkpal.ai\/lv\/#website\"},\"datePublished\":\"2025-11-11T17:01:24+00:00\",\"dateModified\":\"2025-12-30T14:55:07+00:00\",\"description\":\"Apg\u016bstiet gruz\u012bnu valodas gramatiku, izmantojot interakt\u012bvus vingrin\u0101jumus, kas paredz\u0113ti, lai pal\u012bdz\u0113tu jums apg\u016bt valodu un iemantot p\u0101rliec\u012bbu.\",\"breadcrumb\":{\"@id\":\"https:\/\/talkpal.ai\/lv\/gruzinu-gramatikas-vingrinajumi\/#breadcrumb\"},\"inLanguage\":\"lv-LV\",\"potentialAction\":[{\"@type\":\"ReadAction\",\"target\":[\"https:\/\/talkpal.ai\/lv\/gruzinu-gramatikas-vingrinajumi\/\"]}]},{\"@type\":\"BreadcrumbList\",\"@id\":\"https:\/\/talkpal.ai\/lv\/gruzinu-gramatikas-vingrinajumi\/#breadcrumb\",\"itemListElement\":[{\"@type\":\"ListItem\",\"position\":1,\"name\":\"Homepage\",\"item\":\"https:\/\/talkpal.ai\/lv\/\"},{\"@type\":\"ListItem\",\"position\":2,\"name\":\"Gruz\u012bnu gramatikas vingrin\u0101jumi\"}]},{\"@type\":\"WebSite\",\"@id\":\"https:\/\/talkpal.ai\/lv\/#website\",\"url\":\"https:\/\/talkpal.ai\/lv\/\",\"name\":\"Talkpal\",\"description\":\"AI Language Learning\",\"publisher\":{\"@id\":\"https:\/\/talkpal.ai\/lv\/#organization\"},\"alternateName\":\"Talkpal AI\",\"potentialAction\":[{\"@type\":\"SearchAction\",\"target\":{\"@type\":\"EntryPoint\",\"urlTemplate\":\"https:\/\/talkpal.ai\/lv\/?s={search_term_string}\"},\"query-input\":{\"@type\":\"PropertyValueSpecification\",\"valueRequired\":true,\"valueName\":\"search_term_string\"}}],\"inLanguage\":\"lv-LV\"},{\"@type\":\"Organization\",\"@id\":\"https:\/\/talkpal.ai\/lv\/#organization\",\"name\":\"Talkpal, Inc.\",\"alternateName\":\"Talkpal AI\",\"url\":\"https:\/\/talkpal.ai\/lv\/\",\"logo\":{\"@type\":\"ImageObject\",\"inLanguage\":\"lv-LV\",\"@id\":\"https:\/\/talkpal.ai\/lv\/#\/schema\/logo\/image\/\",\"url\":\"https:\/\/talkpal.ai\/wp-content\/uploads\/2024\/03\/Talkpal-Logo-Icon.png\",\"contentUrl\":\"https:\/\/talkpal.ai\/wp-content\/uploads\/2024\/03\/Talkpal-Logo-Icon.png\",\"width\":2880,\"height\":2880,\"caption\":\"Talkpal, Inc.\"},\"image\":{\"@id\":\"https:\/\/talkpal.ai\/lv\/#\/schema\/logo\/image\/\"},\"sameAs\":[\"https:\/\/www.facebook.com\/profile.php?id=100090733639311\",\"https:\/\/x.com\/talkpalai\",\"https:\/\/www.linkedin.com\/company\/talkpal\/\",\"https:\/\/www.youtube.com\/@TalkPal\/\",\"https:\/\/www.tiktok.com\/@talkpal\",\"https:\/\/www.instagram.com\/talkpal_ai\/\",\"https:\/\/www.crunchbase.com\/organization\/talkpal-9cde\",\"https:\/\/www.g2.com\/products\/talkpal-for-business\/\",\"https:\/\/www.trustpilot.com\/review\/talkpal.ai\",\"https:\/\/www.capterra.com\/p\/10006800\/TalkPal\/\"],\"description\":\"Talkpal is a language learning web and mobile education app, powered by the latest AI technologies, that provides engaging experiences to its customers in many different languages to help them improve their language skills. Users can chat about unlimited amount of topics with the app and use other modes to practice their language learning.\",\"email\":\"support@talkpal.ai\",\"legalName\":\"Talkpal, Inc.\",\"foundingDate\":\"2023-04-03\",\"duns\":\"118989042\",\"numberOfEmployees\":{\"@type\":\"QuantitativeValue\",\"minValue\":\"11\",\"maxValue\":\"50\"},\"publishingPrinciples\":\"https:\/\/talkpal.ai\/publishing-principles\/\",\"actionableFeedbackPolicy\":\"https:\/\/talkpal.ai\/actionable-feedback-policy\/\",\"correctionsPolicy\":\"https:\/\/talkpal.ai\/corrections-policy\/\",\"ethicsPolicy\":\"https:\/\/talkpal.ai\/ethics-policy\/\",\"diversityPolicy\":\"https:\/\/talkpal.ai\/diversity-policy\/\",\"diversityStaffingReport\":\"https:\/\/talkpal.ai\/diversity-policy\/\"}]}<\/script>\n<!-- \/ Yoast SEO Premium plugin. -->","yoast_head_json":{"title":"Gruz\u012bnu gramatikas vingrin\u0101jumi - Talkpal","description":"Apg\u016bstiet gruz\u012bnu valodas gramatiku, izmantojot interakt\u012bvus vingrin\u0101jumus, kas paredz\u0113ti, lai pal\u012bdz\u0113tu jums apg\u016bt valodu un iemantot p\u0101rliec\u012bbu.","robots":{"index":"index","follow":"follow","max-snippet":"max-snippet:-1","max-image-preview":"max-image-preview:large","max-video-preview":"max-video-preview:-1"},"canonical":"https:\/\/talkpal.ai\/lv\/gruzinu-gramatikas-vingrinajumi\/","og_locale":"lv_LV","og_type":"article","og_title":"Gruz\u012bnu gramatikas vingrin\u0101jumi","og_description":"Gruz\u012bnu gramatikas t\u0113mas Jaunas valodas apguve var b\u016bt izaicino\u0161s, bet atalgojo\u0161s darbs. Gruz\u012bnu valoda, kartvelie\u0161u valoda, kur\u0101 run\u0101 galvenok\u0101rt","og_url":"https:\/\/talkpal.ai\/lv\/gruzinu-gramatikas-vingrinajumi\/","og_site_name":"Talkpal","article_publisher":"https:\/\/www.facebook.com\/profile.php?id=100090733639311","article_modified_time":"2025-12-30T14:55:07+00:00","og_image":[{"width":2880,"height":1620,"url":"https:\/\/talkpal.ai\/wp-content\/uploads\/2025\/02\/Progress-tab-16_9.png","type":"image\/png"}],"twitter_card":"summary_large_image","twitter_site":"@talkpalai","twitter_misc":{"Est. reading time":"4 minutes"},"schema":{"@context":"https:\/\/schema.org","@graph":[{"@type":"WebPage","@id":"https:\/\/talkpal.ai\/lv\/gruzinu-gramatikas-vingrinajumi\/","url":"https:\/\/talkpal.ai\/lv\/gruzinu-gramatikas-vingrinajumi\/","name":"Gruz\u012bnu gramatikas vingrin\u0101jumi - Talkpal","isPartOf":{"@id":"https:\/\/talkpal.ai\/lv\/#website"},"datePublished":"2025-11-11T17:01:24+00:00","dateModified":"2025-12-30T14:55:07+00:00","description":"Apg\u016bstiet gruz\u012bnu valodas gramatiku, izmantojot interakt\u012bvus vingrin\u0101jumus, kas paredz\u0113ti, lai pal\u012bdz\u0113tu jums apg\u016bt valodu un iemantot p\u0101rliec\u012bbu.","breadcrumb":{"@id":"https:\/\/talkpal.ai\/lv\/gruzinu-gramatikas-vingrinajumi\/#breadcrumb"},"inLanguage":"lv-LV","potentialAction":[{"@type":"ReadAction","target":["https:\/\/talkpal.ai\/lv\/gruzinu-gramatikas-vingrinajumi\/"]}]},{"@type":"BreadcrumbList","@id":"https:\/\/talkpal.ai\/lv\/gruzinu-gramatikas-vingrinajumi\/#breadcrumb","itemListElement":[{"@type":"ListItem","position":1,"name":"Homepage","item":"https:\/\/talkpal.ai\/lv\/"},{"@type":"ListItem","position":2,"name":"Gruz\u012bnu gramatikas vingrin\u0101jumi"}]},{"@type":"WebSite","@id":"https:\/\/talkpal.ai\/lv\/#website","url":"https:\/\/talkpal.ai\/lv\/","name":"Talkpal","description":"AI Language Learning","publisher":{"@id":"https:\/\/talkpal.ai\/lv\/#organization"},"alternateName":"Talkpal AI","potentialAction":[{"@type":"SearchAction","target":{"@type":"EntryPoint","urlTemplate":"https:\/\/talkpal.ai\/lv\/?s={search_term_string}"},"query-input":{"@type":"PropertyValueSpecification","valueRequired":true,"valueName":"search_term_string"}}],"inLanguage":"lv-LV"},{"@type":"Organization","@id":"https:\/\/talkpal.ai\/lv\/#organization","name":"Talkpal, Inc.","alternateName":"Talkpal AI","url":"https:\/\/talkpal.ai\/lv\/","logo":{"@type":"ImageObject","inLanguage":"lv-LV","@id":"https:\/\/talkpal.ai\/lv\/#\/schema\/logo\/image\/","url":"https:\/\/talkpal.ai\/wp-content\/uploads\/2024\/03\/Talkpal-Logo-Icon.png","contentUrl":"https:\/\/talkpal.ai\/wp-content\/uploads\/2024\/03\/Talkpal-Logo-Icon.png","width":2880,"height":2880,"caption":"Talkpal, Inc."},"image":{"@id":"https:\/\/talkpal.ai\/lv\/#\/schema\/logo\/image\/"},"sameAs":["https:\/\/www.facebook.com\/profile.php?id=100090733639311","https:\/\/x.com\/talkpalai","https:\/\/www.linkedin.com\/company\/talkpal\/","https:\/\/www.youtube.com\/@TalkPal\/","https:\/\/www.tiktok.com\/@talkpal","https:\/\/www.instagram.com\/talkpal_ai\/","https:\/\/www.crunchbase.com\/organization\/talkpal-9cde","https:\/\/www.g2.com\/products\/talkpal-for-business\/","https:\/\/www.trustpilot.com\/review\/talkpal.ai","https:\/\/www.capterra.com\/p\/10006800\/TalkPal\/"],"description":"Talkpal is a language learning web and mobile education app, powered by the latest AI technologies, that provides engaging experiences to its customers in many different languages to help them improve their language skills. Users can chat about unlimited amount of topics with the app and use other modes to practice their language learning.","email":"support@talkpal.ai","legalName":"Talkpal, Inc.","foundingDate":"2023-04-03","duns":"118989042","numberOfEmployees":{"@type":"QuantitativeValue","minValue":"11","maxValue":"50"},"publishingPrinciples":"https:\/\/talkpal.ai\/publishing-principles\/","actionableFeedbackPolicy":"https:\/\/talkpal.ai\/actionable-feedback-policy\/","correctionsPolicy":"https:\/\/talkpal.ai\/corrections-policy\/","ethicsPolicy":"https:\/\/talkpal.ai\/ethics-policy\/","diversityPolicy":"https:\/\/talkpal.ai\/diversity-policy\/","diversityStaffingReport":"https:\/\/talkpal.ai\/diversity-policy\/"}]}},"_links":{"self":[{"href":"https:\/\/talkpal.ai\/lv\/wp-json\/wp\/v2\/pages\/1469058","targetHints":{"allow":["GET"]}}],"collection":[{"href":"https:\/\/talkpal.ai\/lv\/wp-json\/wp\/v2\/pages"}],"about":[{"href":"https:\/\/talkpal.ai\/lv\/wp-json\/wp\/v2\/types\/page"}],"author":[{"embeddable":true,"href":"https:\/\/talkpal.ai\/lv\/wp-json\/wp\/v2\/users\/20"}],"replies":[{"embeddable":true,"href":"https:\/\/talkpal.ai\/lv\/wp-json\/wp\/v2\/comments?post=1469058"}],"version-history":[{"count":0,"href":"https:\/\/talkpal.ai\/lv\/wp-json\/wp\/v2\/pages\/1469058\/revisions"}],"wp:attachment":[{"href":"https:\/\/talkpal.ai\/lv\/wp-json\/wp\/v2\/media?parent=1469058"}],"curies":[{"name":"wp","href":"https:\/\/api.w.org\/{rel}","templated":true}]}}