{"id":1468966,"date":"2025-11-11T16:16:27","date_gmt":"2025-11-11T16:16:27","guid":{"rendered":"https:\/\/talkpal.ai\/birmas-gramatika\/"},"modified":"2025-12-30T15:18:38","modified_gmt":"2025-12-30T15:18:38","slug":"birmas-gramatika","status":"publish","type":"page","link":"https:\/\/talkpal.ai\/lv\/birmas-gramatika\/","title":{"rendered":"Birmas gramatika"},"content":{"rendered":"\r\n\r\n\r\n<section class=\"languageChallengeSection\">\r\n    <div class=\"languageInfoWrapper\">\r\n        \r\n        <h1>Birmas gramatika<\/h1>\r\n        <p><a href=\"https:\/\/talkpal.ai\/learn-burmese\/\">Birmas<\/a> <a href=\"https:\/\/talkpal.ai\/sq\/gramatika\/\">gramatika<\/a> s\u0101kum\u0101 var \u0161\u0137ist izaicino\u0161s, ta\u010du t\u0101s unik\u0101l\u0101s iez\u012bmes padara <a href=\"https:\/\/talkpal.ai\/what-language-is-spoken-on-the-international-space-station\/\">valodas<\/a> apguvi par atalgojo\u0161u pieredzi. Izp\u0113tot t\u0101s alfab\u0113tu, mut\u0101cijas un gramatikas noteikumus, j\u016bs g\u016bsiet ieskatu bag\u0101t\u0101 valodas trad\u012bcij\u0101. S\u0101ciet savu ce\u013cojumu un atkl\u0101jiet Birmas skaistumu!<\/p>\r\n\r\n                            <a class=\"getStartedHidden\" href=\"https:\/\/app.talkpal.ai\/lv\/signup?lng=\">S\u0101c<\/a>\r\n        \r\n    <\/div>\r\n\r\n    <figure>\r\n    <img decoding=\"async\" width=\"768\" height=\"768\" src=\"https:\/\/talkpal.ai\/wp-content\/uploads\/2023\/06\/welsh-768x768.png\" class=\"languageImage no-lazy\" alt=\"Language learning for better cognitive abilities\" fetchpriority=\"high\" sizes=\"(max-width: 768px) 150px, 768px\" srcset=\"https:\/\/talkpal.ai\/wp-content\/uploads\/2023\/06\/welsh-768x768.png 768w, https:\/\/talkpal.ai\/wp-content\/uploads\/2023\/06\/welsh-300x300.png 300w\" \/>\r\n    \r\n\r\n    <\/figure>\r\n\r\n            <a class=\"getStartedVisible\" href=\"https:\/\/app.talkpal.ai\/lv\/signup?lng=\">S\u0101c<\/a>\r\n    \r\n<\/section><section class=\"promotionalBanner\">\r\n    <p class=\"promotionalText\">Visefekt\u012bv\u0101kais <a href=\"https:\/\/talkpal.ai\/best-way-to-learn\/\">veids<\/a>, k\u0101 apg\u016bt valodu<\/p>\r\n    <a class=\"promotionalLink\" href=\"https:\/\/app.talkpal.ai\/lv\/signup?lng=\">Izm\u0113\u0123iniet Talkpal bez maksas<\/a>\r\n<\/section>\n<div class=\"wp-block-group pageContainerStyle\"><div class=\"wp-block-group__inner-container is-layout-constrained wp-block-group-is-layout-constrained\">\n<h2 class=\"wp-block-heading\" id=\"h-navigating-the-intricacies-of-burmese-grammar\">Orient\u0113\u0161an\u0101s Birmas gramatikas sare\u017e\u0123\u012bjumos<\/h2>\n\n\n\n<p><a href=\"https:\/\/talkpal.ai\/lv\/macities-birmiesu-valodu\/\">Birmas<\/a>, tibetie\u0161u-birmie\u0161u valoda ar bag\u0101tu v\u0113sturi un kult\u016bras noz\u012bmi, pied\u0101v\u0101 aizraujo\u0161u lingvistisko pieredzi tiem, kas v\u0113las izp\u0113t\u012bt t\u0101s unik\u0101lo gramatikas sist\u0113mu. Dodoties uz Birmas valst\u012bbu, j\u016bs ne tikai bag\u0101tin\u0101siet savu valodu repertu\u0101ru, bet ar\u012b iesaist\u012bsieties aizraujo\u0161\u0101 kult\u016bras ce\u013cojum\u0101. Lai gan Birmas gramatika s\u0101kum\u0101 var \u0161\u0137ist nepaz\u012bstama, t\u0101s sadal\u012b\u0161ana galvenaj\u0101s sast\u0101vda\u013c\u0101s padara valodas apguvi pieejam\u0101ku. \u0160aj\u0101 rakst\u0101 m\u0113s izp\u0113t\u012bsim valdzino\u0161o Birmas gramatikas pasauli un sniegsim padomus, k\u0101 apg\u016bt t\u0101s sare\u017e\u0123\u012bt\u012bbu.<\/p>\n\n\n\n<h3 class=\"wp-block-heading\" id=\"h-1-welsh-alphabet-and-phonetics\">1. Velsie\u0161u alfab\u0113ts un fon\u0113tika<\/h3>\n\n\n\n<p>Birmas rakst\u012b\u0161anas sist\u0113ma ir abugida, kas izmanto 33 l\u012bdzska\u0146u burtus un patska\u0146u diakritisk\u0101s z\u012bmes, k\u0101 ar\u012b at\u0161\u0137ir\u012bgus medi\u0101lus, piem\u0113ram, \u103b,\u103c,\u103d,\u103e. Tonis un zilbes veids ir nor\u0101d\u012bts ar t\u0101d\u0101m z\u012bm\u0113m k\u0101 \u1037, \u1038 un \u103a. Lai apg\u016btu birmie\u0161u gramatiku, ir svar\u012bgi iepaz\u012bties ar \u0161o skriptu, praktiz\u0113jot las\u012b\u0161anu un rakst\u012b\u0161anu birmie\u0161u valod\u0101 un piev\u0113r\u0161ot \u012bpa\u0161u uzman\u012bbu tonim un ritmam.<\/p>\n\n\n\n<h3 class=\"wp-block-heading\" id=\"h-2-particles-a-distinctive-burmese-feature\">2. Da\u013ci\u0146as: at\u0161\u0137ir\u012bga Birmas iez\u012bme<\/h3>\n\n\n\n<p>Viens no p\u0101rsteidzo\u0161\u0101kajiem Birmas gramatikas aspektiem ir pla\u0161a da\u013ci\u0146u izmanto\u0161ana, kas iez\u012bm\u0113 laiku, aspektu, noska\u0146ojumu, piekl\u0101j\u012bbu un gad\u012bjumu attiec\u012bbas. Parast\u0101s teikuma gala da\u013ci\u0146as ir \u1010\u101a\u103a, \u1015\u102b, \u1019\u101a\u103a un \u101b\u1032\u1037, savuk\u0101rt gramatisk\u0101s da\u013ci\u0146as, piem\u0113ram, \u1000\u102d\u102f, \u1000, \u1019\u103e\u102c, \u1006\u102e, \u1014\u1032\u1037 nor\u0101da t\u0101das lomas k\u0101 objekts, a\u0123ents, atra\u0161an\u0101s vieta, m\u0113r\u0137is un instruments. Izpratne, kad un k\u0101 \u0161\u012bs da\u013ci\u0146as tiek izmantotas, ir \u013coti svar\u012bga prec\u012bzai sazi\u0146ai birmie\u0161u valod\u0101.<\/p>\n\n\n\n<h3 class=\"wp-block-heading\" id=\"h-3-nouns-and-pronouns-gender-and-cases\">3. Lietv\u0101rdi un vietniekv\u0101rdi: dzimums un gad\u012bjumi<\/h3>\n\n\n\n<p>Birmas lietv\u0101rdiem nav gramatisk\u0101s dzimtes, un daudzveid\u012bba bie\u017ei tiek atz\u012bm\u0113ta ar \u1010\u103d\u1031, ja nepiecie\u0161ams. Gad\u012bjumu attiec\u012bbas tiek izteiktas ar postpozicion\u0101l\u0101m da\u013ci\u0146\u0101m, nevis loc\u012bjumiem, piem\u0113ram, \u1000\u102d\u102f tie\u0161ajiem objektiem, \u1000 vai \u1019\u103e a\u0123entiem vai avotiem, \u1019\u103e\u102c vai \u1010\u103d\u1004\u103a atra\u0161an\u0101s viet\u0101m un \u1006\u102e sa\u0146\u0113m\u0113jiem. Vietniekv\u0101rdi birmie\u0161u valod\u0101 at\u0161\u0137iras atkar\u012bb\u0101 no personas, skaita un piekl\u0101j\u012bbas l\u012bme\u0146a, ieskaitot t\u0101das formas k\u0101 \u1000\u103b\u103d\u1014\u103a\u1010\u1031\u102c\u103a vai \u1000\u103b\u103d\u1014\u103a\u1019 es, \u101e\u1004\u103a vai \u101b\u103e\u1004\u103a jums un \u101e\u1030 vi\u0146am vai vi\u0146ai. Iepaz\u012bstoties ar \u0161iem vietniekv\u0101rdiem, to piekl\u0101j\u012bgajiem variantiem un da\u013ci\u0146u kombin\u0101cij\u0101m, j\u016bs iev\u0113rojami uzlabosiet Birmas gramatikas izpratni.<\/p>\n\n\n\n<h3 class=\"wp-block-heading\" id=\"h-4-verbs-structure-and-conjugation\">4. Darb\u012bbas v\u0101rdi: strukt\u016bra un konjug\u0101cija<\/h3>\n\n\n\n<p>Birmas darb\u012bbas v\u0101rdi netiek konjug\u0113ti personai vai skaitlim. T\u0101 viet\u0101 saspringums, aspekts un noska\u0146ojums tiek izteikti ar da\u013ci\u0146\u0101m un pal\u012bgelementiem. Pamatmode\u013ci ietver nepag\u0101tnes apgalvojumus ar \u1010\u101a\u103a, perfekt\u012bvu vai st\u0101vok\u013ca mai\u0146u ar \u1015\u103c\u102e, n\u0101kotni vai nodomu ar \u1019\u101a\u103a vai \u101c\u102d\u1019\u1037\u103a\u1019\u101a\u103a un pieredzes aspektu ar \u1016\u1030\u1038. Noliegum\u0101 parasti tiek izmantots \u1019 + darb\u012bbas v\u0101rds + \u1018\u1030\u1038 vai \u1019 + darb\u012bbas v\u0101rds + \u101e\u1031\u1038, un imperat\u012bvaj\u0101s vai piepras\u012bjuma form\u0101s bie\u017ei tiek izmantotas t\u0101das da\u013ci\u0146as k\u0101 \u1015\u102b vai \u1014\u1031\u102c\u103a. \u0160o da\u013ci\u0146u vad\u012btu mode\u013cu apg\u016b\u0161ana uzlabos j\u016bsu sp\u0113ju efekt\u012bvi sazin\u0101ties birmie\u0161u valod\u0101.<\/p>\n\n\n\n<h3 class=\"wp-block-heading\" id=\"h-5-adjectives-agreement-and-placement\">5. \u012apa\u0161\u012bbas v\u0101rdi: vieno\u0161an\u0101s un izvietojums<\/h3>\n\n\n\n<p>Vieno\u0161an\u0101s un izvietojums Birmas gramatik\u0101 \u012bpa\u0161\u012bbas v\u0101rdi parasti seko lietv\u0101rdam vienk\u0101r\u0161os lietv\u0101rdu un \u012bpa\u0161\u012bbas v\u0101rdu savienojumos, un nav vieno\u0161an\u0101s par skaitu vai dzimumu. \u012apa\u0161\u012bbas v\u0101rdu teikumi bie\u017ei ir pirms lietv\u0101rda, izmantojot mar\u0137ierus, piem\u0113ram, \u1010\u1032\u1037 sarunvalod\u0101 birmie\u0161u valod\u0101 vai \u1021&#8230; \u101e\u1031\u102c form\u0101l\u0101 stil\u0101. Sal\u012bdzino\u0161\u0101s un superlat\u012bvas noz\u012bmes parasti veidojas ar \u1015\u102d\u102f un \u1011\u1000\u103a sal\u012bdzin\u0101jumiem un \u1021&#8230; \u1006\u102f\u1036\u1038 superlat\u012bviem.<\/p>\n\n\n\n<p><strong>Piem\u0113ri:<\/strong><\/p>\n\n\n\n<p><strong>&#8211; \u1021\u1001\u103b\u1005\u103a\u1000\u103c\u102e\u1038 (liela m\u012blest\u012bba)<\/strong><\/p>\n\n\n\n<p><strong>\u2013 \u1000\u101c\u1031\u1038\u1004\u101a\u103a\u1010\u103d\u1031 (mazi b\u0113rni)<\/strong><\/p>\n\n\n\n<h3 class=\"wp-block-heading\" id=\"h-6-engaging-with-the-language\">6. Iesaist\u012b\u0161an\u0101s valod\u0101<\/h3>\n\n\n\n<p>Visefekt\u012bv\u0101kais veids, k\u0101 piln\u012bb\u0101 izprast un internaliz\u0113t birmie\u0161u gramatiku, ir konsekventi iesaist\u012bties valod\u0101. Lasot Birmas literat\u016bru, skatoties Birmas filmas vai telev\u012bzijas seri\u0101lus un akt\u012bvi sazinoties ar dzimt\u0101 valoda, j\u016bs nostiprin\u0101siet savu izpratni par gramatiku, vienlaikus papla\u0161inot v\u0101rdu kr\u0101jumu.<\/p>\n\n\n\n<h3 class=\"wp-block-heading\" id=\"h-conclusion\">Secin\u0101jums<\/h3>\n\n\n\n<p>Lai gan Birmas gramatika var \u0161\u0137ist sare\u017e\u0123\u012bta, j\u016bs varat apg\u016bt \u0161o skaisto valodu ar cent\u012bbu, praksi un entuziasmu. Koncentr\u0113joties uz pamatnoteikumiem un iesaistoties valod\u0101 da\u017e\u0101dos kontekstos, j\u016bs \u0101tri uzlabosiet savas Birmas <a href=\"https:\/\/talkpal.ai\/lv\/gramatika\/\">gramatikas prasmes<\/a>. \u1000\u1036\u1000\u1031\u102c\u1004\u103a\u1038\u1015\u102b\u1005\u1031 (veiksmi) sav\u0101 Birmas valodas ce\u013cojum\u0101 un izbaudiet m\u012bklain\u0101s, bet valdzino\u0161\u0101s Birmas gramatikas pasauli!<\/p>\n<\/div><\/div>\n\r\n<section class=\"learnNavigationSection\">\r\n            \r\n        <a href=\"https:\/\/talkpal.ai\/lv\/macities-birmiesu-valodu\/\">\r\n            <div class=\"learnNavigationWrapper\">\r\n                <div class=\"learnNavigationContent\">\r\n                    <img decoding=\"async\" src=\"https:\/\/talkpal.ai\/wp-content\/uploads\/2025\/11\/Myanmar.png\" alt=\"Myanmar Flag\">\r\n                    <div>\r\n                        <h4>Par Birmas m\u0101c\u012b\u0161anos<\/h4>\r\n                        <p>Uzziniet visu par Birmas gramatiku.<\/p>\r\n                    <\/div>\r\n                <\/div>\r\n            <\/div>\r\n        <\/a>\r\n\r\n        \r\n        <a href=\"https:\/\/talkpal.ai\/lv\/birmas-gramatikas-vingrinajumi\/\">\r\n            <div class=\"learnNavigationWrapper\">\r\n                <div class=\"learnNavigationContent\">\r\n                    <img decoding=\"async\" src=\"https:\/\/talkpal.ai\/wp-content\/uploads\/2025\/11\/Myanmar.png\" alt=\"Myanmar Flag\">\r\n                    <div>\r\n                        <h4>Birmas gramatikas vingrin\u0101jums<\/h4>\r\n                        <p>Praktiz\u0113jiet Birmas gramatiku.<\/p>\r\n                    <\/div>\r\n                <\/div>\r\n            <\/div>\r\n        <\/a>\r\n\r\n            <\/section>","protected":false},"excerpt":{"rendered":"<p>Orient\u0113\u0161an\u0101s Birmas gramatikas sare\u017e\u0123\u012bjumos Birmas, tibetie\u0161u-birmie\u0161u valoda ar bag\u0101tu v\u0113sturi un kult\u016bras noz\u012bmi, pied\u0101v\u0101 aizraujo\u0161u lingvistisko pieredzi tiem, kas v\u0113las izp\u0113t\u012bt t\u0101s unik\u0101lo gramatikas sist\u0113mu. Dodoties uz Birmas valst\u012bbu, j\u016bs ne tikai bag\u0101tin\u0101siet savu valodu repertu\u0101ru, bet ar\u012b iesaist\u012bsieties aizraujo\u0161\u0101 kult\u016bras ce\u013cojum\u0101. Lai gan Birmas gramatika s\u0101kum\u0101 var \u0161\u0137ist nepaz\u012bstama, t\u0101s sadal\u012b\u0161ana galvenaj\u0101s sast\u0101vda\u013c\u0101s padara [&hellip;]<\/p>\n","protected":false},"author":20,"featured_media":0,"parent":0,"menu_order":0,"comment_status":"closed","ping_status":"closed","template":"LearningContentPage.php","meta":{"_acf_changed":false,"footnotes":""},"class_list":["post-1468966","page","type-page","status-publish","hentry"],"acf":[],"yoast_head":"<!-- This site is optimized with the Yoast SEO Premium plugin v27.2 (Yoast SEO v27.2) - https:\/\/yoast.com\/product\/yoast-seo-premium-wordpress\/ -->\n<title>Birmas gramatika - Talkpal<\/title>\n<meta name=\"description\" content=\"Apg\u016bstiet birmie\u0161u valodas gramatikas noteikumus un teikumu strukt\u016bras, lai uzlabotu savu valodas prasmes, izmantojot m\u016bsu visaptvero\u0161o valodas apguves rokasgr\u0101matu.\" \/>\n<meta name=\"robots\" content=\"index, follow, max-snippet:-1, max-image-preview:large, max-video-preview:-1\" \/>\n<link rel=\"canonical\" href=\"https:\/\/talkpal.ai\/lv\/birmas-gramatika\/\" \/>\n<meta property=\"og:locale\" content=\"lv_LV\" \/>\n<meta property=\"og:type\" content=\"article\" \/>\n<meta property=\"og:title\" content=\"Birmas gramatika\" \/>\n<meta property=\"og:description\" content=\"Orient\u0113\u0161an\u0101s Birmas gramatikas sare\u017e\u0123\u012bjumos Birmas, tibetie\u0161u-birmie\u0161u valoda ar bag\u0101tu v\u0113sturi un kult\u016bras noz\u012bmi, pied\u0101v\u0101 aizraujo\u0161u lingvistisko\" \/>\n<meta property=\"og:url\" content=\"https:\/\/talkpal.ai\/lv\/birmas-gramatika\/\" \/>\n<meta property=\"og:site_name\" content=\"Talkpal\" \/>\n<meta property=\"article:publisher\" content=\"https:\/\/www.facebook.com\/profile.php?id=100090733639311\" \/>\n<meta property=\"article:modified_time\" content=\"2025-12-30T15:18:38+00:00\" \/>\n<meta property=\"og:image\" content=\"https:\/\/talkpal.ai\/wp-content\/uploads\/2025\/02\/Progress-tab-16_9.png\" \/>\n\t<meta property=\"og:image:width\" content=\"2880\" \/>\n\t<meta property=\"og:image:height\" content=\"1620\" \/>\n\t<meta property=\"og:image:type\" content=\"image\/png\" \/>\n<meta name=\"twitter:card\" content=\"summary_large_image\" \/>\n<meta name=\"twitter:site\" content=\"@talkpalai\" \/>\n<meta name=\"twitter:label1\" content=\"Est. reading time\" \/>\n\t<meta name=\"twitter:data1\" content=\"4 minutes\" \/>\n<script type=\"application\/ld+json\" class=\"yoast-schema-graph\">{\"@context\":\"https:\/\/schema.org\",\"@graph\":[{\"@type\":\"WebPage\",\"@id\":\"https:\/\/talkpal.ai\/lv\/birmas-gramatika\/\",\"url\":\"https:\/\/talkpal.ai\/lv\/birmas-gramatika\/\",\"name\":\"Birmas gramatika - Talkpal\",\"isPartOf\":{\"@id\":\"https:\/\/talkpal.ai\/lv\/#website\"},\"datePublished\":\"2025-11-11T16:16:27+00:00\",\"dateModified\":\"2025-12-30T15:18:38+00:00\",\"description\":\"Apg\u016bstiet birmie\u0161u valodas gramatikas noteikumus un teikumu strukt\u016bras, lai uzlabotu savu valodas prasmes, izmantojot m\u016bsu visaptvero\u0161o valodas apguves rokasgr\u0101matu.\",\"breadcrumb\":{\"@id\":\"https:\/\/talkpal.ai\/lv\/birmas-gramatika\/#breadcrumb\"},\"inLanguage\":\"lv-LV\",\"potentialAction\":[{\"@type\":\"ReadAction\",\"target\":[\"https:\/\/talkpal.ai\/lv\/birmas-gramatika\/\"]}]},{\"@type\":\"BreadcrumbList\",\"@id\":\"https:\/\/talkpal.ai\/lv\/birmas-gramatika\/#breadcrumb\",\"itemListElement\":[{\"@type\":\"ListItem\",\"position\":1,\"name\":\"Homepage\",\"item\":\"https:\/\/talkpal.ai\/lv\/\"},{\"@type\":\"ListItem\",\"position\":2,\"name\":\"Birmas gramatika\"}]},{\"@type\":\"WebSite\",\"@id\":\"https:\/\/talkpal.ai\/lv\/#website\",\"url\":\"https:\/\/talkpal.ai\/lv\/\",\"name\":\"Talkpal\",\"description\":\"AI Language Learning\",\"publisher\":{\"@id\":\"https:\/\/talkpal.ai\/lv\/#organization\"},\"alternateName\":\"Talkpal AI\",\"potentialAction\":[{\"@type\":\"SearchAction\",\"target\":{\"@type\":\"EntryPoint\",\"urlTemplate\":\"https:\/\/talkpal.ai\/lv\/?s={search_term_string}\"},\"query-input\":{\"@type\":\"PropertyValueSpecification\",\"valueRequired\":true,\"valueName\":\"search_term_string\"}}],\"inLanguage\":\"lv-LV\"},{\"@type\":\"Organization\",\"@id\":\"https:\/\/talkpal.ai\/lv\/#organization\",\"name\":\"Talkpal, Inc.\",\"alternateName\":\"Talkpal AI\",\"url\":\"https:\/\/talkpal.ai\/lv\/\",\"logo\":{\"@type\":\"ImageObject\",\"inLanguage\":\"lv-LV\",\"@id\":\"https:\/\/talkpal.ai\/lv\/#\/schema\/logo\/image\/\",\"url\":\"https:\/\/talkpal.ai\/wp-content\/uploads\/2024\/03\/Talkpal-Logo-Icon.png\",\"contentUrl\":\"https:\/\/talkpal.ai\/wp-content\/uploads\/2024\/03\/Talkpal-Logo-Icon.png\",\"width\":2880,\"height\":2880,\"caption\":\"Talkpal, Inc.\"},\"image\":{\"@id\":\"https:\/\/talkpal.ai\/lv\/#\/schema\/logo\/image\/\"},\"sameAs\":[\"https:\/\/www.facebook.com\/profile.php?id=100090733639311\",\"https:\/\/x.com\/talkpalai\",\"https:\/\/www.linkedin.com\/company\/talkpal\/\",\"https:\/\/www.youtube.com\/@TalkPal\/\",\"https:\/\/www.tiktok.com\/@talkpal\",\"https:\/\/www.instagram.com\/talkpal_ai\/\",\"https:\/\/www.crunchbase.com\/organization\/talkpal-9cde\",\"https:\/\/www.g2.com\/products\/talkpal-for-business\/\",\"https:\/\/www.trustpilot.com\/review\/talkpal.ai\",\"https:\/\/www.capterra.com\/p\/10006800\/TalkPal\/\"],\"description\":\"Talkpal is a language learning web and mobile education app, powered by the latest AI technologies, that provides engaging experiences to its customers in many different languages to help them improve their language skills. Users can chat about unlimited amount of topics with the app and use other modes to practice their language learning.\",\"email\":\"support@talkpal.ai\",\"legalName\":\"Talkpal, Inc.\",\"foundingDate\":\"2023-04-03\",\"duns\":\"118989042\",\"numberOfEmployees\":{\"@type\":\"QuantitativeValue\",\"minValue\":\"11\",\"maxValue\":\"50\"},\"publishingPrinciples\":\"https:\/\/talkpal.ai\/publishing-principles\/\",\"actionableFeedbackPolicy\":\"https:\/\/talkpal.ai\/actionable-feedback-policy\/\",\"correctionsPolicy\":\"https:\/\/talkpal.ai\/corrections-policy\/\",\"ethicsPolicy\":\"https:\/\/talkpal.ai\/ethics-policy\/\",\"diversityPolicy\":\"https:\/\/talkpal.ai\/diversity-policy\/\",\"diversityStaffingReport\":\"https:\/\/talkpal.ai\/diversity-policy\/\"}]}<\/script>\n<!-- \/ Yoast SEO Premium plugin. -->","yoast_head_json":{"title":"Birmas gramatika - Talkpal","description":"Apg\u016bstiet birmie\u0161u valodas gramatikas noteikumus un teikumu strukt\u016bras, lai uzlabotu savu valodas prasmes, izmantojot m\u016bsu visaptvero\u0161o valodas apguves rokasgr\u0101matu.","robots":{"index":"index","follow":"follow","max-snippet":"max-snippet:-1","max-image-preview":"max-image-preview:large","max-video-preview":"max-video-preview:-1"},"canonical":"https:\/\/talkpal.ai\/lv\/birmas-gramatika\/","og_locale":"lv_LV","og_type":"article","og_title":"Birmas gramatika","og_description":"Orient\u0113\u0161an\u0101s Birmas gramatikas sare\u017e\u0123\u012bjumos Birmas, tibetie\u0161u-birmie\u0161u valoda ar bag\u0101tu v\u0113sturi un kult\u016bras noz\u012bmi, pied\u0101v\u0101 aizraujo\u0161u lingvistisko","og_url":"https:\/\/talkpal.ai\/lv\/birmas-gramatika\/","og_site_name":"Talkpal","article_publisher":"https:\/\/www.facebook.com\/profile.php?id=100090733639311","article_modified_time":"2025-12-30T15:18:38+00:00","og_image":[{"width":2880,"height":1620,"url":"https:\/\/talkpal.ai\/wp-content\/uploads\/2025\/02\/Progress-tab-16_9.png","type":"image\/png"}],"twitter_card":"summary_large_image","twitter_site":"@talkpalai","twitter_misc":{"Est. reading time":"4 minutes"},"schema":{"@context":"https:\/\/schema.org","@graph":[{"@type":"WebPage","@id":"https:\/\/talkpal.ai\/lv\/birmas-gramatika\/","url":"https:\/\/talkpal.ai\/lv\/birmas-gramatika\/","name":"Birmas gramatika - Talkpal","isPartOf":{"@id":"https:\/\/talkpal.ai\/lv\/#website"},"datePublished":"2025-11-11T16:16:27+00:00","dateModified":"2025-12-30T15:18:38+00:00","description":"Apg\u016bstiet birmie\u0161u valodas gramatikas noteikumus un teikumu strukt\u016bras, lai uzlabotu savu valodas prasmes, izmantojot m\u016bsu visaptvero\u0161o valodas apguves rokasgr\u0101matu.","breadcrumb":{"@id":"https:\/\/talkpal.ai\/lv\/birmas-gramatika\/#breadcrumb"},"inLanguage":"lv-LV","potentialAction":[{"@type":"ReadAction","target":["https:\/\/talkpal.ai\/lv\/birmas-gramatika\/"]}]},{"@type":"BreadcrumbList","@id":"https:\/\/talkpal.ai\/lv\/birmas-gramatika\/#breadcrumb","itemListElement":[{"@type":"ListItem","position":1,"name":"Homepage","item":"https:\/\/talkpal.ai\/lv\/"},{"@type":"ListItem","position":2,"name":"Birmas gramatika"}]},{"@type":"WebSite","@id":"https:\/\/talkpal.ai\/lv\/#website","url":"https:\/\/talkpal.ai\/lv\/","name":"Talkpal","description":"AI Language Learning","publisher":{"@id":"https:\/\/talkpal.ai\/lv\/#organization"},"alternateName":"Talkpal AI","potentialAction":[{"@type":"SearchAction","target":{"@type":"EntryPoint","urlTemplate":"https:\/\/talkpal.ai\/lv\/?s={search_term_string}"},"query-input":{"@type":"PropertyValueSpecification","valueRequired":true,"valueName":"search_term_string"}}],"inLanguage":"lv-LV"},{"@type":"Organization","@id":"https:\/\/talkpal.ai\/lv\/#organization","name":"Talkpal, Inc.","alternateName":"Talkpal AI","url":"https:\/\/talkpal.ai\/lv\/","logo":{"@type":"ImageObject","inLanguage":"lv-LV","@id":"https:\/\/talkpal.ai\/lv\/#\/schema\/logo\/image\/","url":"https:\/\/talkpal.ai\/wp-content\/uploads\/2024\/03\/Talkpal-Logo-Icon.png","contentUrl":"https:\/\/talkpal.ai\/wp-content\/uploads\/2024\/03\/Talkpal-Logo-Icon.png","width":2880,"height":2880,"caption":"Talkpal, Inc."},"image":{"@id":"https:\/\/talkpal.ai\/lv\/#\/schema\/logo\/image\/"},"sameAs":["https:\/\/www.facebook.com\/profile.php?id=100090733639311","https:\/\/x.com\/talkpalai","https:\/\/www.linkedin.com\/company\/talkpal\/","https:\/\/www.youtube.com\/@TalkPal\/","https:\/\/www.tiktok.com\/@talkpal","https:\/\/www.instagram.com\/talkpal_ai\/","https:\/\/www.crunchbase.com\/organization\/talkpal-9cde","https:\/\/www.g2.com\/products\/talkpal-for-business\/","https:\/\/www.trustpilot.com\/review\/talkpal.ai","https:\/\/www.capterra.com\/p\/10006800\/TalkPal\/"],"description":"Talkpal is a language learning web and mobile education app, powered by the latest AI technologies, that provides engaging experiences to its customers in many different languages to help them improve their language skills. Users can chat about unlimited amount of topics with the app and use other modes to practice their language learning.","email":"support@talkpal.ai","legalName":"Talkpal, Inc.","foundingDate":"2023-04-03","duns":"118989042","numberOfEmployees":{"@type":"QuantitativeValue","minValue":"11","maxValue":"50"},"publishingPrinciples":"https:\/\/talkpal.ai\/publishing-principles\/","actionableFeedbackPolicy":"https:\/\/talkpal.ai\/actionable-feedback-policy\/","correctionsPolicy":"https:\/\/talkpal.ai\/corrections-policy\/","ethicsPolicy":"https:\/\/talkpal.ai\/ethics-policy\/","diversityPolicy":"https:\/\/talkpal.ai\/diversity-policy\/","diversityStaffingReport":"https:\/\/talkpal.ai\/diversity-policy\/"}]}},"_links":{"self":[{"href":"https:\/\/talkpal.ai\/lv\/wp-json\/wp\/v2\/pages\/1468966","targetHints":{"allow":["GET"]}}],"collection":[{"href":"https:\/\/talkpal.ai\/lv\/wp-json\/wp\/v2\/pages"}],"about":[{"href":"https:\/\/talkpal.ai\/lv\/wp-json\/wp\/v2\/types\/page"}],"author":[{"embeddable":true,"href":"https:\/\/talkpal.ai\/lv\/wp-json\/wp\/v2\/users\/20"}],"replies":[{"embeddable":true,"href":"https:\/\/talkpal.ai\/lv\/wp-json\/wp\/v2\/comments?post=1468966"}],"version-history":[{"count":0,"href":"https:\/\/talkpal.ai\/lv\/wp-json\/wp\/v2\/pages\/1468966\/revisions"}],"wp:attachment":[{"href":"https:\/\/talkpal.ai\/lv\/wp-json\/wp\/v2\/media?parent=1468966"}],"curies":[{"name":"wp","href":"https:\/\/api.w.org\/{rel}","templated":true}]}}