{"id":1468929,"date":"2025-11-11T15:54:57","date_gmt":"2025-11-11T15:54:57","guid":{"rendered":"https:\/\/talkpal.ai\/bengalu-gramatika\/"},"modified":"2025-12-30T15:13:55","modified_gmt":"2025-12-30T15:13:55","slug":"bengalu-gramatika","status":"publish","type":"page","link":"https:\/\/talkpal.ai\/lv\/bengalu-gramatika\/","title":{"rendered":"Beng\u0101\u013cu gramatika"},"content":{"rendered":"\r\n\r\n\r\n<section class=\"languageChallengeSection\">\r\n    <div class=\"languageInfoWrapper\">\r\n        \r\n        <h1>Beng\u0101\u013cu gramatika<\/h1>\r\n        <p><a href=\"https:\/\/talkpal.ai\/learn-bengali\/\">Beng\u0101\u013cu<\/a> <a href=\"https:\/\/talkpal.ai\/sq\/gramatika\/\">gramatika<\/a> s\u0101kum\u0101 var \u0161\u0137ist izaicino\u0161s, ta\u010du t\u0101s unik\u0101l\u0101s iez\u012bmes padara <a href=\"https:\/\/talkpal.ai\/what-language-is-spoken-on-the-international-space-station\/\">valodas<\/a> apguvi par atalgojo\u0161u pieredzi. Izp\u0113tot t\u0101s alfab\u0113tu, mut\u0101cijas un gramatikas noteikumus, j\u016bs g\u016bsiet ieskatu bag\u0101t\u0101 valodas trad\u012bcij\u0101. S\u0101ciet savu ce\u013cojumu un atkl\u0101jiet beng\u0101\u013cu skaistumu!<\/p>\r\n\r\n                            <a class=\"getStartedHidden\" href=\"https:\/\/app.talkpal.ai\/lv\/signup?lng=\">S\u0101c<\/a>\r\n        \r\n    <\/div>\r\n\r\n    <figure>\r\n    <img decoding=\"async\" width=\"768\" height=\"768\" src=\"https:\/\/talkpal.ai\/wp-content\/uploads\/2023\/06\/welsh-768x768.png\" class=\"languageImage no-lazy\" alt=\"Language learning for better cognitive abilities\" fetchpriority=\"high\" sizes=\"(max-width: 768px) 150px, 768px\" srcset=\"https:\/\/talkpal.ai\/wp-content\/uploads\/2023\/06\/welsh-768x768.png 768w, https:\/\/talkpal.ai\/wp-content\/uploads\/2023\/06\/welsh-300x300.png 300w\" \/>\r\n    \r\n\r\n    <\/figure>\r\n\r\n            <a class=\"getStartedVisible\" href=\"https:\/\/app.talkpal.ai\/lv\/signup?lng=\">S\u0101c<\/a>\r\n    \r\n<\/section><section class=\"promotionalBanner\">\r\n    <p class=\"promotionalText\">Visefekt\u012bv\u0101kais <a href=\"https:\/\/talkpal.ai\/best-way-to-learn\/\">veids<\/a>, k\u0101 apg\u016bt valodu<\/p>\r\n    <a class=\"promotionalLink\" href=\"https:\/\/app.talkpal.ai\/lv\/signup?lng=\">Izm\u0113\u0123iniet Talkpal bez maksas<\/a>\r\n<\/section>\n<div class=\"wp-block-group pageContainerStyle\"><div class=\"wp-block-group__inner-container is-layout-constrained wp-block-group-is-layout-constrained\">\n<h2 class=\"wp-block-heading\" id=\"h-navigating-the-intricacies-of-bengali-grammar\">Navig\u0101cija beng\u0101\u013cu gramatikas sare\u017e\u0123\u012bjumos<\/h2>\n\n\n\n<p><a href=\"https:\/\/talkpal.ai\/lv\/macities-bengalu-valodu\/\">Beng\u0101\u013cu<\/a> valoda, indo-\u0101rie\u0161u valoda ar bag\u0101tu v\u0113sturi un kult\u016bras noz\u012bmi, pied\u0101v\u0101 aizraujo\u0161u lingvistisko pieredzi tiem, kas v\u0113las izp\u0113t\u012bt t\u0101s unik\u0101lo gramatikas sist\u0113mu. Dodoties beng\u0101\u013cu valst\u012bb\u0101, j\u016bs ne tikai bag\u0101tin\u0101siet savu valodu repertu\u0101ru, bet ar\u012b iesaist\u012bsieties aizraujo\u0161\u0101 kult\u016bras ce\u013cojum\u0101. Lai gan beng\u0101\u013cu gramatika s\u0101kum\u0101 var \u0161\u0137ist sare\u017e\u0123\u012bta, t\u0101s sadal\u012b\u0161ana galvenaj\u0101s sast\u0101vda\u013c\u0101s padara valodas apguvi pieejam\u0101ku. \u0160aj\u0101 rakst\u0101 m\u0113s izp\u0113t\u012bsim aizraujo\u0161o beng\u0101\u013cu gramatikas pasauli un sniegsim padomus, k\u0101 apg\u016bt t\u0101s sare\u017e\u0123\u012bt\u012bbu.<\/p>\n\n\n\n<h3 class=\"wp-block-heading\" id=\"h-1-bengali-alphabet-and-phonetics\">1. Beng\u0101\u013cu alfab\u0113ts un fon\u0113tika<\/h3>\n\n\n\n<p>Beng\u0101\u013cu rakst\u012bb\u0101 tiek izmantota abugida ar 11 patska\u0146iem un 39 l\u012bdzska\u0146iem, k\u0101 ar\u012b t\u0101das z\u012bmes k\u0101 chandrabindu, visarga un anusvara. Lai apg\u016btu beng\u0101\u013cu gramatiku, ir svar\u012bgi iepaz\u012bties ar \u0161o at\u0161\u0137ir\u012bgo rakst\u012b\u0161anas sist\u0113mu, praktiz\u0113jot las\u012b\u0161anu un rakst\u012b\u0161anu beng\u0101\u013cu valod\u0101. Galven\u0101s fon\u0113tisk\u0101s iez\u012bmes ir rakstur\u012bgais patskanis, kontrasti starp zobu un retrofleksa ska\u0146\u0101m, k\u0101 ar\u012b aspir\u0113tie un neaspir\u0113tie l\u012bdzska\u0146i.<\/p>\n\n\n\n<h3 class=\"wp-block-heading\" id=\"h-2-sandhi-and-conjuncts-a-distinctive-bengali-feature\">2. Sandhi un konjunkcijas: at\u0161\u0137ir\u012bga beng\u0101\u013cu iez\u012bme<\/h3>\n\n\n\n<p>Viens no p\u0101rsteidzo\u0161\u0101kajiem beng\u0101\u013cu valodas aspektiem ir sandhi un l\u012bdzska\u0146u savienojumu izplat\u012bba, kas var main\u012bt izrunu un pareizrakst\u012bbu morf\u0113mas un v\u0101rdu robe\u017e\u0101s. Izplat\u012bt\u0101kie mode\u013ci ir patska\u0146u samazin\u0101\u0161ana vai elisija, asimil\u0101cija, nasaliz\u0101cija un ligat\u016bru veido\u0161an\u0101s rakstiski. Izpratne, kad un k\u0101 notiek \u0161\u012bs mai\u0146as, ir \u013coti svar\u012bga prec\u012bzai sazi\u0146ai beng\u0101\u013cu valod\u0101.<\/p>\n\n\n\n<h3 class=\"wp-block-heading\" id=\"h-3-nouns-and-pronouns-classifiers-and-cases\">3. Lietv\u0101rdi un vietniekv\u0101rdi: klasifikatori un gad\u012bjumi<\/h3>\n\n\n\n<p>Beng\u0101\u013cu lietv\u0101rdiem nav gramatisk\u0101s dzimtes, un daudzskait\u013ca mar\u0137\u0113\u0161ana bie\u017ei ietver klasifikatorus. Gad\u012bjuma mar\u0137ieri ir pievienoti k\u0101 sufiksi, piem\u0113ram, \u0123enit\u012bvs -r vai -er, objekt\u012bvs -ke un lokat\u012bvs -e. Lietv\u0101rdu skait\u012b\u0161anai vai nor\u0101d\u012b\u0161anai tiek izmantoti t\u0101di klasifikatori k\u0101 -ta vai -ti, -jon un -khana. Vietniekv\u0101rdi beng\u0101\u013cu valod\u0101 ietver personiskas, piedero\u0161as, refleks\u012bvas, demonstrat\u012bvas un jaut\u0101juma formas, un t\u0101s atspogu\u013co piekl\u0101j\u012bbas l\u012bme\u0146us, piem\u0113ram, <a href=\"https:\/\/talkpal.ai\/locations\/language-courses-in-ami\/\">ami<\/a>, tumi, apni, tui, vi\u0146a, tara. Iepaz\u012b\u0161an\u0101s ar \u0161iem vietniekv\u0101rdiem un to form\u0101m iev\u0113rojami uzlabos j\u016bsu izpratni par beng\u0101\u013cu gramatiku.<\/p>\n\n\n\n<h3 class=\"wp-block-heading\" id=\"h-4-verbs-structure-and-conjugation\">4. Darb\u012bbas v\u0101rdi: strukt\u016bra un konjug\u0101cija<\/h3>\n\n\n\n<p>Beng\u0101\u013cu darb\u012bbas v\u0101rdiem ir at\u0161\u0137ir\u012bga strukt\u016bra un konjug\u0101cijas modelis atkar\u012bb\u0101 no laika, aspekta, garast\u0101vok\u013ca un piekl\u0101j\u012bbas. B\u016btiskie laiki ir tagadne, pag\u0101tne un n\u0101kotne, ar papildu elementiem, piem\u0113ram, progres\u012bviem un perfektiem aspektiem, k\u0101 ar\u012b nosac\u012bt\u0101m un imperat\u012bv\u0101m noska\u0146\u0101m. Darb\u012bbas v\u0101rdu konjug\u0101cijas noteikumu apg\u016b\u0161ana, ieskaitot kop\u012bgus negat\u012bvos mode\u013cus ar na, uzlabos j\u016bsu sp\u0113ju efekt\u012bvi sazin\u0101ties beng\u0101\u013cu valod\u0101.<\/p>\n\n\n\n<h3 class=\"wp-block-heading\" id=\"h-5-adjectives-agreement-and-placement\">5. \u012apa\u0161\u012bbas v\u0101rdi: vieno\u0161an\u0101s un izvietojums<\/h3>\n\n\n\n<p>Vieno\u0161an\u0101s un izvietojums Beng\u0101\u013cu gramatik\u0101 \u012bpa\u0161\u012bbas v\u0101rdi parasti ir pirms lietv\u0101rda, ko tie modific\u0113, un nesakr\u012bt ar lietv\u0101rdu p\u0113c dzimuma vai skait\u013ca. Sal\u012bdzino\u0161\u0101s un superlat\u012bvas noz\u012bmes bie\u017ei tiek izteiktas anal\u012btiski, piem\u0113ram, ar beshi sal\u012bdzino\u0161o un shobcheye superlat\u012bvu, lai gan past\u0101v ar\u012b form\u0101li sufiksi, piem\u0113ram, -toro un -tomo.<\/p>\n\n\n\n<p><strong>Piem\u0113ri:<\/strong><\/p>\n\n\n\n<p><strong>&#8211; chhoto bachchara (mazi b\u0113rni)<\/strong><\/p>\n\n\n\n<p><strong>&#8211; Boro Bhalobasha (Liela m\u012blest\u012bba)<\/strong><\/p>\n\n\n\n<h3 class=\"wp-block-heading\" id=\"h-6-engaging-with-the-language\">6. Iesaist\u012b\u0161an\u0101s valod\u0101<\/h3>\n\n\n\n<p>Visefekt\u012bv\u0101kais veids, k\u0101 piln\u012bb\u0101 izprast un internaliz\u0113t beng\u0101\u013cu gramatiku, ir konsekventi iesaist\u012bties valod\u0101. Lasot beng\u0101\u013cu literat\u016bru, skatoties beng\u0101\u013cu filmas vai telev\u012bzijas seri\u0101lus un akt\u012bvi sazinoties ar dzimt\u0101 valoda, j\u016bs nostiprin\u0101siet savu izpratni par gramatiku, vienlaikus papla\u0161inot v\u0101rdu kr\u0101jumu.<\/p>\n\n\n\n<h3 class=\"wp-block-heading\" id=\"h-conclusion\">Secin\u0101jums<\/h3>\n\n\n\n<p>Lai gan beng\u0101\u013cu gramatika var \u0161\u0137ist sare\u017e\u0123\u012bta, j\u016bs varat apg\u016bt \u0161o skaisto valodu ar cent\u012bbu, praksi un entuziasmu. Koncentr\u0113joties uz pamatnoteikumiem un iesaistoties valod\u0101 da\u017e\u0101dos kontekstos, j\u016bs \u0101tri uzlabosiet savas beng\u0101\u013cu <a href=\"https:\/\/talkpal.ai\/lv\/gramatika\/\">gramatikas prasmes<\/a>. Shubho kamona (veiksmi) sav\u0101 beng\u0101\u013cu valodas ce\u013cojum\u0101 un izbaudiet m\u012bklaino, bet valdzino\u0161o beng\u0101\u013cu gramatikas pasauli!<\/p>\n<\/div><\/div>\n\r\n<section class=\"learnNavigationSection\">\r\n            \r\n        <a href=\"https:\/\/talkpal.ai\/lv\/macities-bengalu-valodu\/\">\r\n            <div class=\"learnNavigationWrapper\">\r\n                <div class=\"learnNavigationContent\">\r\n                    <img decoding=\"async\" src=\"https:\/\/talkpal.ai\/wp-content\/uploads\/2025\/11\/Bengali.png\" alt=\"Bengali Flag\">\r\n                    <div>\r\n                        <h4>Par beng\u0101\u013cu m\u0101c\u012b\u0161anos<\/h4>\r\n                        <p>Uzziniet visu par beng\u0101\u013cu gramatiku.<\/p>\r\n                    <\/div>\r\n                <\/div>\r\n            <\/div>\r\n        <\/a>\r\n\r\n        \r\n        <a href=\"https:\/\/talkpal.ai\/lv\/bengalu-gramatikas-vingrinajumi\/\">\r\n            <div class=\"learnNavigationWrapper\">\r\n                <div class=\"learnNavigationContent\">\r\n                    <img decoding=\"async\" src=\"https:\/\/talkpal.ai\/wp-content\/uploads\/2025\/11\/Bengali.png\" alt=\"Bengali Flag\">\r\n                    <div>\r\n                        <h4>Beng\u0101\u013cu gramatikas vingrin\u0101jums<\/h4>\r\n                        <p>Praktiz\u0113jiet beng\u0101\u013cu gramatiku.<\/p>\r\n                    <\/div>\r\n                <\/div>\r\n            <\/div>\r\n        <\/a>\r\n\r\n            <\/section>","protected":false},"excerpt":{"rendered":"<p>Navig\u0101cija beng\u0101\u013cu gramatikas sare\u017e\u0123\u012bjumos Beng\u0101\u013cu valoda, indo-\u0101rie\u0161u valoda ar bag\u0101tu v\u0113sturi un kult\u016bras noz\u012bmi, pied\u0101v\u0101 aizraujo\u0161u lingvistisko pieredzi tiem, kas v\u0113las izp\u0113t\u012bt t\u0101s unik\u0101lo gramatikas sist\u0113mu. Dodoties beng\u0101\u013cu valst\u012bb\u0101, j\u016bs ne tikai bag\u0101tin\u0101siet savu valodu repertu\u0101ru, bet ar\u012b iesaist\u012bsieties aizraujo\u0161\u0101 kult\u016bras ce\u013cojum\u0101. Lai gan beng\u0101\u013cu gramatika s\u0101kum\u0101 var \u0161\u0137ist sare\u017e\u0123\u012bta, t\u0101s sadal\u012b\u0161ana galvenaj\u0101s sast\u0101vda\u013c\u0101s padara [&hellip;]<\/p>\n","protected":false},"author":20,"featured_media":0,"parent":0,"menu_order":0,"comment_status":"closed","ping_status":"closed","template":"LearningContentPage.php","meta":{"_acf_changed":false,"footnotes":""},"class_list":["post-1468929","page","type-page","status-publish","hentry"],"acf":[],"yoast_head":"<!-- This site is optimized with the Yoast SEO Premium plugin v27.2 (Yoast SEO v27.2) - https:\/\/yoast.com\/product\/yoast-seo-premium-wordpress\/ -->\n<title>Beng\u0101\u013cu gramatika - Talkpal<\/title>\n<meta name=\"description\" content=\"Atkl\u0101jiet beng\u0101\u013cu valodas gramatikas nosl\u0113pumus un pa\u0101triniet savu m\u0101c\u012bbu ce\u013cu ar m\u016bsu uzlaboto AI valodas pasniedz\u0113ju.\" \/>\n<meta name=\"robots\" content=\"index, follow, max-snippet:-1, max-image-preview:large, max-video-preview:-1\" \/>\n<link rel=\"canonical\" href=\"https:\/\/talkpal.ai\/lv\/bengalu-gramatika\/\" \/>\n<meta property=\"og:locale\" content=\"lv_LV\" \/>\n<meta property=\"og:type\" content=\"article\" \/>\n<meta property=\"og:title\" content=\"Beng\u0101\u013cu gramatika\" \/>\n<meta property=\"og:description\" content=\"Navig\u0101cija beng\u0101\u013cu gramatikas sare\u017e\u0123\u012bjumos Beng\u0101\u013cu valoda, indo-\u0101rie\u0161u valoda ar bag\u0101tu v\u0113sturi un kult\u016bras noz\u012bmi, pied\u0101v\u0101 aizraujo\u0161u lingvistisko\" \/>\n<meta property=\"og:url\" content=\"https:\/\/talkpal.ai\/lv\/bengalu-gramatika\/\" \/>\n<meta property=\"og:site_name\" content=\"Talkpal\" \/>\n<meta property=\"article:publisher\" content=\"https:\/\/www.facebook.com\/profile.php?id=100090733639311\" \/>\n<meta property=\"article:modified_time\" content=\"2025-12-30T15:13:55+00:00\" \/>\n<meta property=\"og:image\" content=\"https:\/\/talkpal.ai\/wp-content\/uploads\/2025\/02\/Progress-tab-16_9.png\" \/>\n\t<meta property=\"og:image:width\" content=\"2880\" \/>\n\t<meta property=\"og:image:height\" content=\"1620\" \/>\n\t<meta property=\"og:image:type\" content=\"image\/png\" \/>\n<meta name=\"twitter:card\" content=\"summary_large_image\" \/>\n<meta name=\"twitter:site\" content=\"@talkpalai\" \/>\n<meta name=\"twitter:label1\" content=\"Est. reading time\" \/>\n\t<meta name=\"twitter:data1\" content=\"4 minutes\" \/>\n<script type=\"application\/ld+json\" class=\"yoast-schema-graph\">{\"@context\":\"https:\/\/schema.org\",\"@graph\":[{\"@type\":\"WebPage\",\"@id\":\"https:\/\/talkpal.ai\/lv\/bengalu-gramatika\/\",\"url\":\"https:\/\/talkpal.ai\/lv\/bengalu-gramatika\/\",\"name\":\"Beng\u0101\u013cu gramatika - Talkpal\",\"isPartOf\":{\"@id\":\"https:\/\/talkpal.ai\/lv\/#website\"},\"datePublished\":\"2025-11-11T15:54:57+00:00\",\"dateModified\":\"2025-12-30T15:13:55+00:00\",\"description\":\"Atkl\u0101jiet beng\u0101\u013cu valodas gramatikas nosl\u0113pumus un pa\u0101triniet savu m\u0101c\u012bbu ce\u013cu ar m\u016bsu uzlaboto AI valodas pasniedz\u0113ju.\",\"breadcrumb\":{\"@id\":\"https:\/\/talkpal.ai\/lv\/bengalu-gramatika\/#breadcrumb\"},\"inLanguage\":\"lv-LV\",\"potentialAction\":[{\"@type\":\"ReadAction\",\"target\":[\"https:\/\/talkpal.ai\/lv\/bengalu-gramatika\/\"]}]},{\"@type\":\"BreadcrumbList\",\"@id\":\"https:\/\/talkpal.ai\/lv\/bengalu-gramatika\/#breadcrumb\",\"itemListElement\":[{\"@type\":\"ListItem\",\"position\":1,\"name\":\"Homepage\",\"item\":\"https:\/\/talkpal.ai\/lv\/\"},{\"@type\":\"ListItem\",\"position\":2,\"name\":\"Beng\u0101\u013cu gramatika\"}]},{\"@type\":\"WebSite\",\"@id\":\"https:\/\/talkpal.ai\/lv\/#website\",\"url\":\"https:\/\/talkpal.ai\/lv\/\",\"name\":\"Talkpal\",\"description\":\"AI Language Learning\",\"publisher\":{\"@id\":\"https:\/\/talkpal.ai\/lv\/#organization\"},\"alternateName\":\"Talkpal AI\",\"potentialAction\":[{\"@type\":\"SearchAction\",\"target\":{\"@type\":\"EntryPoint\",\"urlTemplate\":\"https:\/\/talkpal.ai\/lv\/?s={search_term_string}\"},\"query-input\":{\"@type\":\"PropertyValueSpecification\",\"valueRequired\":true,\"valueName\":\"search_term_string\"}}],\"inLanguage\":\"lv-LV\"},{\"@type\":\"Organization\",\"@id\":\"https:\/\/talkpal.ai\/lv\/#organization\",\"name\":\"Talkpal, Inc.\",\"alternateName\":\"Talkpal AI\",\"url\":\"https:\/\/talkpal.ai\/lv\/\",\"logo\":{\"@type\":\"ImageObject\",\"inLanguage\":\"lv-LV\",\"@id\":\"https:\/\/talkpal.ai\/lv\/#\/schema\/logo\/image\/\",\"url\":\"https:\/\/talkpal.ai\/wp-content\/uploads\/2024\/03\/Talkpal-Logo-Icon.png\",\"contentUrl\":\"https:\/\/talkpal.ai\/wp-content\/uploads\/2024\/03\/Talkpal-Logo-Icon.png\",\"width\":2880,\"height\":2880,\"caption\":\"Talkpal, Inc.\"},\"image\":{\"@id\":\"https:\/\/talkpal.ai\/lv\/#\/schema\/logo\/image\/\"},\"sameAs\":[\"https:\/\/www.facebook.com\/profile.php?id=100090733639311\",\"https:\/\/x.com\/talkpalai\",\"https:\/\/www.linkedin.com\/company\/talkpal\/\",\"https:\/\/www.youtube.com\/@TalkPal\/\",\"https:\/\/www.tiktok.com\/@talkpal\",\"https:\/\/www.instagram.com\/talkpal_ai\/\",\"https:\/\/www.crunchbase.com\/organization\/talkpal-9cde\",\"https:\/\/www.g2.com\/products\/talkpal-for-business\/\",\"https:\/\/www.trustpilot.com\/review\/talkpal.ai\",\"https:\/\/www.capterra.com\/p\/10006800\/TalkPal\/\"],\"description\":\"Talkpal is a language learning web and mobile education app, powered by the latest AI technologies, that provides engaging experiences to its customers in many different languages to help them improve their language skills. Users can chat about unlimited amount of topics with the app and use other modes to practice their language learning.\",\"email\":\"support@talkpal.ai\",\"legalName\":\"Talkpal, Inc.\",\"foundingDate\":\"2023-04-03\",\"duns\":\"118989042\",\"numberOfEmployees\":{\"@type\":\"QuantitativeValue\",\"minValue\":\"11\",\"maxValue\":\"50\"},\"publishingPrinciples\":\"https:\/\/talkpal.ai\/publishing-principles\/\",\"actionableFeedbackPolicy\":\"https:\/\/talkpal.ai\/actionable-feedback-policy\/\",\"correctionsPolicy\":\"https:\/\/talkpal.ai\/corrections-policy\/\",\"ethicsPolicy\":\"https:\/\/talkpal.ai\/ethics-policy\/\",\"diversityPolicy\":\"https:\/\/talkpal.ai\/diversity-policy\/\",\"diversityStaffingReport\":\"https:\/\/talkpal.ai\/diversity-policy\/\"}]}<\/script>\n<!-- \/ Yoast SEO Premium plugin. -->","yoast_head_json":{"title":"Beng\u0101\u013cu gramatika - Talkpal","description":"Atkl\u0101jiet beng\u0101\u013cu valodas gramatikas nosl\u0113pumus un pa\u0101triniet savu m\u0101c\u012bbu ce\u013cu ar m\u016bsu uzlaboto AI valodas pasniedz\u0113ju.","robots":{"index":"index","follow":"follow","max-snippet":"max-snippet:-1","max-image-preview":"max-image-preview:large","max-video-preview":"max-video-preview:-1"},"canonical":"https:\/\/talkpal.ai\/lv\/bengalu-gramatika\/","og_locale":"lv_LV","og_type":"article","og_title":"Beng\u0101\u013cu gramatika","og_description":"Navig\u0101cija beng\u0101\u013cu gramatikas sare\u017e\u0123\u012bjumos Beng\u0101\u013cu valoda, indo-\u0101rie\u0161u valoda ar bag\u0101tu v\u0113sturi un kult\u016bras noz\u012bmi, pied\u0101v\u0101 aizraujo\u0161u lingvistisko","og_url":"https:\/\/talkpal.ai\/lv\/bengalu-gramatika\/","og_site_name":"Talkpal","article_publisher":"https:\/\/www.facebook.com\/profile.php?id=100090733639311","article_modified_time":"2025-12-30T15:13:55+00:00","og_image":[{"width":2880,"height":1620,"url":"https:\/\/talkpal.ai\/wp-content\/uploads\/2025\/02\/Progress-tab-16_9.png","type":"image\/png"}],"twitter_card":"summary_large_image","twitter_site":"@talkpalai","twitter_misc":{"Est. reading time":"4 minutes"},"schema":{"@context":"https:\/\/schema.org","@graph":[{"@type":"WebPage","@id":"https:\/\/talkpal.ai\/lv\/bengalu-gramatika\/","url":"https:\/\/talkpal.ai\/lv\/bengalu-gramatika\/","name":"Beng\u0101\u013cu gramatika - Talkpal","isPartOf":{"@id":"https:\/\/talkpal.ai\/lv\/#website"},"datePublished":"2025-11-11T15:54:57+00:00","dateModified":"2025-12-30T15:13:55+00:00","description":"Atkl\u0101jiet beng\u0101\u013cu valodas gramatikas nosl\u0113pumus un pa\u0101triniet savu m\u0101c\u012bbu ce\u013cu ar m\u016bsu uzlaboto AI valodas pasniedz\u0113ju.","breadcrumb":{"@id":"https:\/\/talkpal.ai\/lv\/bengalu-gramatika\/#breadcrumb"},"inLanguage":"lv-LV","potentialAction":[{"@type":"ReadAction","target":["https:\/\/talkpal.ai\/lv\/bengalu-gramatika\/"]}]},{"@type":"BreadcrumbList","@id":"https:\/\/talkpal.ai\/lv\/bengalu-gramatika\/#breadcrumb","itemListElement":[{"@type":"ListItem","position":1,"name":"Homepage","item":"https:\/\/talkpal.ai\/lv\/"},{"@type":"ListItem","position":2,"name":"Beng\u0101\u013cu gramatika"}]},{"@type":"WebSite","@id":"https:\/\/talkpal.ai\/lv\/#website","url":"https:\/\/talkpal.ai\/lv\/","name":"Talkpal","description":"AI Language Learning","publisher":{"@id":"https:\/\/talkpal.ai\/lv\/#organization"},"alternateName":"Talkpal AI","potentialAction":[{"@type":"SearchAction","target":{"@type":"EntryPoint","urlTemplate":"https:\/\/talkpal.ai\/lv\/?s={search_term_string}"},"query-input":{"@type":"PropertyValueSpecification","valueRequired":true,"valueName":"search_term_string"}}],"inLanguage":"lv-LV"},{"@type":"Organization","@id":"https:\/\/talkpal.ai\/lv\/#organization","name":"Talkpal, Inc.","alternateName":"Talkpal AI","url":"https:\/\/talkpal.ai\/lv\/","logo":{"@type":"ImageObject","inLanguage":"lv-LV","@id":"https:\/\/talkpal.ai\/lv\/#\/schema\/logo\/image\/","url":"https:\/\/talkpal.ai\/wp-content\/uploads\/2024\/03\/Talkpal-Logo-Icon.png","contentUrl":"https:\/\/talkpal.ai\/wp-content\/uploads\/2024\/03\/Talkpal-Logo-Icon.png","width":2880,"height":2880,"caption":"Talkpal, Inc."},"image":{"@id":"https:\/\/talkpal.ai\/lv\/#\/schema\/logo\/image\/"},"sameAs":["https:\/\/www.facebook.com\/profile.php?id=100090733639311","https:\/\/x.com\/talkpalai","https:\/\/www.linkedin.com\/company\/talkpal\/","https:\/\/www.youtube.com\/@TalkPal\/","https:\/\/www.tiktok.com\/@talkpal","https:\/\/www.instagram.com\/talkpal_ai\/","https:\/\/www.crunchbase.com\/organization\/talkpal-9cde","https:\/\/www.g2.com\/products\/talkpal-for-business\/","https:\/\/www.trustpilot.com\/review\/talkpal.ai","https:\/\/www.capterra.com\/p\/10006800\/TalkPal\/"],"description":"Talkpal is a language learning web and mobile education app, powered by the latest AI technologies, that provides engaging experiences to its customers in many different languages to help them improve their language skills. Users can chat about unlimited amount of topics with the app and use other modes to practice their language learning.","email":"support@talkpal.ai","legalName":"Talkpal, Inc.","foundingDate":"2023-04-03","duns":"118989042","numberOfEmployees":{"@type":"QuantitativeValue","minValue":"11","maxValue":"50"},"publishingPrinciples":"https:\/\/talkpal.ai\/publishing-principles\/","actionableFeedbackPolicy":"https:\/\/talkpal.ai\/actionable-feedback-policy\/","correctionsPolicy":"https:\/\/talkpal.ai\/corrections-policy\/","ethicsPolicy":"https:\/\/talkpal.ai\/ethics-policy\/","diversityPolicy":"https:\/\/talkpal.ai\/diversity-policy\/","diversityStaffingReport":"https:\/\/talkpal.ai\/diversity-policy\/"}]}},"_links":{"self":[{"href":"https:\/\/talkpal.ai\/lv\/wp-json\/wp\/v2\/pages\/1468929","targetHints":{"allow":["GET"]}}],"collection":[{"href":"https:\/\/talkpal.ai\/lv\/wp-json\/wp\/v2\/pages"}],"about":[{"href":"https:\/\/talkpal.ai\/lv\/wp-json\/wp\/v2\/types\/page"}],"author":[{"embeddable":true,"href":"https:\/\/talkpal.ai\/lv\/wp-json\/wp\/v2\/users\/20"}],"replies":[{"embeddable":true,"href":"https:\/\/talkpal.ai\/lv\/wp-json\/wp\/v2\/comments?post=1468929"}],"version-history":[{"count":0,"href":"https:\/\/talkpal.ai\/lv\/wp-json\/wp\/v2\/pages\/1468929\/revisions"}],"wp:attachment":[{"href":"https:\/\/talkpal.ai\/lv\/wp-json\/wp\/v2\/media?parent=1468929"}],"curies":[{"name":"wp","href":"https:\/\/api.w.org\/{rel}","templated":true}]}}