{"id":146883,"date":"2023-05-14T14:11:28","date_gmt":"2023-05-14T14:11:28","guid":{"rendered":"http:\/\/talkpal.ai\/makedoniesu-gramatika\/"},"modified":"2025-12-17T16:38:46","modified_gmt":"2025-12-17T16:38:46","slug":"makedoniesu-gramatika","status":"publish","type":"page","link":"https:\/\/talkpal.ai\/lv\/makedoniesu-gramatika\/","title":{"rendered":"Ma\u0137edonie\u0161u gramatika"},"content":{"rendered":"\r\n\r\n\r\n<section class=\"languageChallengeSection\">\r\n    <div class=\"languageInfoWrapper\">\r\n        \r\n        <h1>Ma\u0137edonie\u0161u gramatika<\/h1>\r\n        <p>Iegremd\u0113jieties aizraujo\u0161aj\u0101 <a href=\"https:\/\/talkpal.ai\/learn-macedonian\/\">ma\u0137edonie\u0161u<\/a> <a href=\"https:\/\/talkpal.ai\/what-language-is-spoken-on-the-international-space-station\/\">valodas<\/a> gramatikas pasaul\u0113 un atkl\u0101jiet \u0161\u012bs unik\u0101l\u0101s dienvidsl\u0101vu valodas strukt\u016bru. Apg\u016bstot <a href=\"https:\/\/talkpal.ai\/learn-macedonian\/\">ma\u0137edonie\u0161u<\/a> valodas gramatikas pamatus, j\u016bs var\u0113siet p\u0101rliecino\u0161\u0101k sazin\u0101ties un iepaz\u012bt Zieme\u013cma\u0137edonijas bag\u0101to kult\u016bru. S\u0101ciet jau \u0161odien un speriet pirmo soli ce\u013c\u0101 uz ma\u0137edonie\u0161u valodas apguvi!<\/p>\r\n\r\n                            <a class=\"getStartedHidden\" href=\"https:\/\/app.talkpal.ai\/lv\/signup?lng=\">S\u0101c<\/a>\r\n        \r\n    <\/div>\r\n\r\n    <figure>\r\n    <img decoding=\"async\" width=\"768\" height=\"768\" src=\"https:\/\/talkpal.ai\/wp-content\/uploads\/2023\/06\/macedonian-768x768.png\" class=\"languageImage no-lazy\" alt=\"Language learning through conversational practice\" fetchpriority=\"high\" sizes=\"(max-width: 768px) 150px, 768px\" srcset=\"https:\/\/talkpal.ai\/wp-content\/uploads\/2023\/06\/macedonian-768x768.png 768w, https:\/\/talkpal.ai\/wp-content\/uploads\/2023\/06\/macedonian-300x300.png 300w\" \/>\r\n    \r\n\r\n    <\/figure>\r\n\r\n            <a class=\"getStartedVisible\" href=\"https:\/\/app.talkpal.ai\/lv\/signup?lng=\">S\u0101c<\/a>\r\n    \r\n<\/section>\r\n<section class=\"promotionalBanner\">\r\n    <p class=\"promotionalText\">Visefekt\u012bv\u0101kais veids, k\u0101 apg\u016bt valodu<\/p>\r\n    <a class=\"promotionalLink\" href=\"https:\/\/app.talkpal.ai\/lv\/signup?lng=\">Izm\u0113\u0123iniet Talkpal bez maksas<\/a>\r\n<\/section>\n<div class=\"wp-block-group pageContainerStyle\"><div class=\"wp-block-group__inner-container is-layout-constrained wp-block-group-is-layout-constrained\">\n<h2 class=\"wp-block-heading\" id=\"h-unraveling-the-mysteries-of-macedonian-grammar\">Ma\u0137edonie\u0161u gramatikas nosl\u0113pumu at\u0161\u0137etin\u0101\u0161ana<\/h2>\n\n\n\n<p><a href=\"https:\/\/talkpal.ai\/macedonian-grammar\/\">Ma\u0137edonie\u0161u valodas gramatika<\/a> &#8211; sare\u017e\u0123\u012bta, bet saprotama, aizraujo\u0161a, bet gracioza, sare\u017e\u0123\u012bta, bet intri\u0123\u0113jo\u0161a. Uzs\u0101kot savu ce\u013cojumu ma\u0137edonie\u0161u valodas pasaul\u0113, j\u016bs var\u0113tu sajust satraukuma un iebied\u0113\u0161anas sajaukumu, kad runa ir par t\u0101s gramatisko m\u012bklas at\u0161ifr\u0113\u0161anu. Nebaidies, dedz\u012bgs valodas entuziasts! M\u0113s esam \u0161eit, lai j\u016bs atbalst\u012btu \u0161aj\u0101 valodas piedz\u012bvojum\u0101!<\/p>\n\n\n\n<p>\u0160aj\u0101 saisto\u0161aj\u0101 rakst\u0101 m\u0113s izgaismosim b\u016btiskus ma\u0137edonie\u0161u valodas gramatikas aspektus, sniedzot ieskatu, skaidrojumus un praktiskus piem\u0113rus. M\u0113s atkl\u0101sim, ka \u0161\u012b aizraujo\u0161\u0101 Balk\u0101nu valoda ir daudz pieejam\u0101ka, nek\u0101 j\u016bs dom\u0101jat! T\u0101p\u0113c piespr\u0101dz\u0113jieties un \u013caujiet mums vienk\u0101r\u0161ot un demistific\u0113t ma\u0137edonie\u0161u gramatiku j\u016bsu viet\u0101.<\/p>\n\n\n\n<h3 class=\"wp-block-heading\" id=\"h-1-delightful-declensions-noun-cases-made-easy\">1. Apburo\u0161as deklam\u0101cijas: lietv\u0101rdu gad\u012bjumi ir viegli<\/h3>\n\n\n\n<p>T\u0101pat k\u0101 cit\u0101s sl\u0101vu valod\u0101s, ma\u0137edonie\u0161u valod\u0101 ir sare\u017e\u0123\u012bta lietv\u0101rdu lietu sist\u0113ma, kas sast\u0101v no trim gad\u012bjumiem: nominat\u012bv\u0101, akuzat\u012bv\u0101 un dative. Lai gan maz\u0101k bied\u0113jo\u0161i nek\u0101 valodas ar vair\u0101k gad\u012bjumiem, \u0161o nian\u0161u apg\u016b\u0161ana ir b\u016btiska, lai pan\u0101ktu teko\u0161umu. \u0160ie gad\u012bjumi pie\u0161\u0137ir da\u017e\u0101das lomas lietv\u0101rdiem, vietniekv\u0101rdiem un \u012bpa\u0161\u012bbas v\u0101rdiem teikum\u0101. \u0160eit ir \u012bss p\u0101rskats:<\/p>\n\n\n\n<p><strong>&#8211; Nomin\u0101ls: teikuma priek\u0161mets<\/strong><\/p>\n\n\n\n<p><strong>&#8211; Aps\u016bdz\u0113t\u0101js: Darb\u012bbas tie\u0161ais objekts vai m\u0113r\u0137is<\/strong><\/p>\n\n\n\n<p><strong>&#8211; Dativs: Netie\u0161ais objekts vai darb\u012bbas virziena r\u0101d\u012bt\u0101js.<\/strong><\/p>\n\n\n\n<p>Lai ieg\u016btu \u0161os gad\u012bjumus, galvenais ir prakse. Ar laiku un saskarsmi ar valodu \u0161\u012bs at\u0161\u0137ir\u012bbas k\u013c\u016bs par otro dabu.<\/p>\n\n\n\n<h3 class=\"wp-block-heading\" id=\"h-2-amiable-adjectives-agreement-is-everything\">2. Draudz\u012bgi \u012bpa\u0161\u012bbas v\u0101rdi: vieno\u0161an\u0101s ir viss<\/h3>\n\n\n\n<p>\u012apa\u0161\u012bbas v\u0101rdi ma\u0137edonie\u0161u gramatik\u0101 ir radniec\u012bgi konformisti. Vi\u0146i piekr\u012bt vi\u0146u aprakst\u012bto lietv\u0101rdu dzimtei, skaitam un gad\u012bjumam. Tas noz\u012bm\u0113, ka jums b\u016bs j\u0101piel\u0101go katra \u012bpa\u0161\u012bbas v\u0101rda forma, lai t\u0101 atbilstu lietv\u0101rda \u012bpa\u0161\u012bb\u0101m.<\/p>\n\n\n\n<p>Lai padar\u012btu \u0161o procesu rait\u0101ku, koncentr\u0113jieties uz galveno \u012bpa\u0161\u012bbas v\u0101rdu formu \u2013 v\u012bri\u0161\u0137\u0101, sievi\u0161\u0137\u0101 un neitr\u0101l\u0101 \u2013 apguvi. Regul\u0101ri praktiz\u0113jot, \u012bpa\u0161\u012bbas v\u0101rdu vieno\u0161an\u0101s process dr\u012bz k\u013c\u016bs intuit\u012bvs.<\/p>\n\n\n\n<h3 class=\"wp-block-heading\" id=\"h-3-vigorous-verbs-conjugation-and-aspect-mastery\">3. Ener\u0123iski darb\u012bbas v\u0101rdi: konjug\u0101cija un aspektu meistar\u012bba<\/h3>\n\n\n\n<p>T\u0101pat k\u0101 cit\u0101s sl\u0101vu valod\u0101s, ma\u0137edonie\u0161u darb\u012bbas v\u0101rdi piedz\u012bvo b\u016btiskas at\u0161\u0137ir\u012bbas. Konjug\u0101cija ir atkar\u012bga no sasprindzin\u0101juma, garast\u0101vok\u013ca, cilv\u0113ka, skaita un, pats galvenais, aspekta.<\/p>\n\n\n\n<p>Ma\u0137edonie\u0161u darb\u012bbas v\u0101rdiem ir divi aspekti: perfekts un nepiln\u012bgs. Perfekti darb\u012bbas v\u0101rdi izsaka piln\u012bgu darb\u012bbu, savuk\u0101rt nepiln\u012bgi darb\u012bbas v\u0101rdi nodod notieko\u0161u vai atk\u0101rtotu darb\u012bbu. \u0160\u012b j\u0113dziena izpratne ir b\u016btiska, lai pilnveidotu savas gramatisk\u0101s zin\u0101\u0161anas.<\/p>\n\n\n\n<h3 class=\"wp-block-heading\" id=\"h-4-pitch-perfect-particles-mastering-stress-and-intonation\">4. Perfektas da\u013ci\u0146as: stresa un inton\u0101cijas apg\u016b\u0161ana<\/h3>\n\n\n\n<p>Unik\u0101ls ma\u0137edonie\u0161u izaicin\u0101jums valodu apguv\u0113jiem ir \u012bpatn\u0113j\u0101s pi\u0137a akcentu sist\u0113mas apg\u016b\u0161ana, kas zilb\u0113m pie\u0161\u0137ir stresu un inton\u0101ciju. \u0160\u012b sist\u0113ma var tie\u0161i ietekm\u0113t noz\u012bmi un izpratni.<\/p>\n\n\n\n<p>Lai pan\u0101ktu izrunas precizit\u0101ti un komunik\u0101cijas skaidr\u012bbu, piev\u0113rsiet lielu uzman\u012bbu inton\u0101cijas mode\u013ciem dzimt\u0101s ma\u0137edonie\u0161u valodas run\u0101t\u0101ju run\u0101. K\u0101 ies\u0101c\u0113js j\u016bs varat c\u012bn\u012bties, bet atcerieties, ka prakse rada p\u0101rliec\u012bbu un meistar\u012bbu.<\/p>\n\n\n\n<h3 class=\"wp-block-heading\" id=\"h-5-embrace-the-intricacies-persevere-and-prosper\">5. Pie\u0146emiet sare\u017e\u0123\u012bjumus: neatlaid\u012bgi un plauksto\u0161i<\/h3>\n\n\n\n<p>Ma\u0137edonie\u0161u <a href=\"https:\/\/talkpal.ai\/sq\/gramatika\/\">gramatika<\/a> no pirm\u0101 acu uzmetiena var \u0161\u0137ist sare\u017e\u0123\u012bta, ta\u010du paturiet pr\u0101t\u0101, ka paciet\u012bba, prakse un neatlaid\u012bba ir pan\u0101kumu nosl\u0113pumi. Mijiedarbojieties ar valodu, lasot, rakstot, klausoties un run\u0101jot. Pie\u0146emiet izaicin\u0101jumus un apbalvojiet sevi ar gandar\u012bjumu par progresu.<\/p>\n\n\n\n<p>T\u0101tad, vai esat gatavs ienirt apburo\u0161aj\u0101 ma\u0137edonie\u0161u gramatikas valst\u012bb\u0101? Pie\u0146emiet t\u0101s d\u012bvain\u012bbas un sare\u017e\u0123\u012bjumus, izbaudiet smalkumus un atcerieties, ka ar cent\u012bbu un entuziasmu j\u016bs varat atkl\u0101t ma\u0137edonie\u0161u valodas patieso skaistumu. \u0421\u043e \u0441\u0440\u0435\u045c\u0430! (Veiksmi!)<\/p>\n<\/div><\/div>\n\r\n<section class=\"learnNavigationSection\">\r\n            \r\n        <a href=\"https:\/\/talkpal.ai\/lv\/uzziniet-makedoniesu-valodu\/\">\r\n            <div class=\"learnNavigationWrapper\">\r\n                <div class=\"learnNavigationContent\">\r\n                    <img decoding=\"async\" src=\"https:\/\/talkpal.ai\/wp-content\/uploads\/2024\/08\/Macedonian.jpg\" alt=\"Macedonian Flag\">\r\n                    <div>\r\n                        <h4>Par makedonie\u0161u valodas apguvi<\/h4>\r\n                        <p>Uzziniet visu par ma\u0137edonie\u0161u gramatiku.<\/p>\r\n                    <\/div>\r\n                <\/div>\r\n            <\/div>\r\n        <\/a>\r\n\r\n        \r\n        <a href=\"https:\/\/talkpal.ai\/lv\/makedoniesu-gramatikas-vingrinajumi\/\">\r\n            <div class=\"learnNavigationWrapper\">\r\n                <div class=\"learnNavigationContent\">\r\n                    <img decoding=\"async\" src=\"https:\/\/talkpal.ai\/wp-content\/uploads\/2024\/08\/Macedonian.jpg\" alt=\"Macedonian Flag\">\r\n                    <div>\r\n                        <h4>Ma\u0137edonie\u0161u valodas gramatikas vingrin\u0101jums<\/h4>\r\n                        <p>Praktiz\u0113jiet ma\u0137edonie\u0161u gramatiku.<\/p>\r\n                    <\/div>\r\n                <\/div>\r\n            <\/div>\r\n        <\/a>\r\n\r\n        \r\n        <a href=\"https:\/\/talkpal.ai\/vocabulary_language\/macedonian\/\">\r\n            <div class=\"learnNavigationWrapper\">\r\n                <div class=\"learnNavigationContent\">\r\n                    <img decoding=\"async\" src=\"https:\/\/talkpal.ai\/wp-content\/uploads\/2024\/08\/Macedonian.jpg\" alt=\"Macedonian Flag\">\r\n                    <div>\r\n                        <h4>Ma\u0137edonie\u0161u valodas v\u0101rdn\u012bca<\/h4>\r\n                        <p>Papla\u0161iniet savu ma\u0137edonie\u0161u valodas v\u0101rdu kr\u0101jumu.<\/p>\r\n                    <\/div>\r\n                <\/div>\r\n            <\/div>\r\n        <\/a>\r\n\r\n            <\/section>","protected":false},"excerpt":{"rendered":"<p>Ma\u0137edonie\u0161u gramatikas nosl\u0113pumu at\u0161\u0137etin\u0101\u0161ana Ma\u0137edonie\u0161u valodas gramatika &#8211; sare\u017e\u0123\u012bta, bet saprotama, aizraujo\u0161a, bet gracioza, sare\u017e\u0123\u012bta, bet intri\u0123\u0113jo\u0161a. Uzs\u0101kot savu ce\u013cojumu ma\u0137edonie\u0161u valodas pasaul\u0113, j\u016bs var\u0113tu sajust satraukuma un iebied\u0113\u0161anas sajaukumu, kad runa ir par t\u0101s gramatisko m\u012bklas at\u0161ifr\u0113\u0161anu. Nebaidies, dedz\u012bgs valodas entuziasts! M\u0113s esam \u0161eit, lai j\u016bs atbalst\u012btu \u0161aj\u0101 valodas piedz\u012bvojum\u0101! \u0160aj\u0101 saisto\u0161aj\u0101 rakst\u0101 m\u0113s [&hellip;]<\/p>\n","protected":false},"author":1,"featured_media":115307,"parent":0,"menu_order":0,"comment_status":"closed","ping_status":"closed","template":"LearningContentPage.php","meta":{"_acf_changed":false,"footnotes":""},"class_list":["post-146883","page","type-page","status-publish","has-post-thumbnail","hentry"],"acf":[],"yoast_head":"<!-- This site is optimized with the Yoast SEO Premium plugin v27.2 (Yoast SEO v27.2) - https:\/\/yoast.com\/product\/yoast-seo-premium-wordpress\/ -->\n<title>Ma\u0137edonie\u0161u gramatika - Talkpal<\/title>\n<meta name=\"description\" content=\"Apg\u016bstiet ma\u0137edonie\u0161u valodas gramatiku bez piep\u016bles ar Talkpal, ar m\u0101ksl\u012bg\u0101 intelekta darbin\u0101mu valodas skolot\u0101ju. Uzlabojiet savas ma\u0137edonie\u0161u valodas gramatikas prasmes!\" \/>\n<meta name=\"robots\" content=\"index, follow, max-snippet:-1, max-image-preview:large, max-video-preview:-1\" \/>\n<link rel=\"canonical\" href=\"https:\/\/talkpal.ai\/lv\/makedoniesu-gramatika\/\" \/>\n<meta property=\"og:locale\" content=\"lv_LV\" \/>\n<meta property=\"og:type\" content=\"article\" \/>\n<meta property=\"og:title\" content=\"Ma\u0137edonie\u0161u gramatika\" \/>\n<meta property=\"og:description\" content=\"Ma\u0137edonie\u0161u gramatikas nosl\u0113pumu at\u0161\u0137etin\u0101\u0161ana Ma\u0137edonie\u0161u valodas gramatika - sare\u017e\u0123\u012bta, bet saprotama, aizraujo\u0161a, bet gracioza, sare\u017e\u0123\u012bta, bet\" \/>\n<meta property=\"og:url\" content=\"https:\/\/talkpal.ai\/lv\/makedoniesu-gramatika\/\" \/>\n<meta property=\"og:site_name\" content=\"Talkpal\" \/>\n<meta property=\"article:publisher\" content=\"https:\/\/www.facebook.com\/profile.php?id=100090733639311\" \/>\n<meta property=\"article:modified_time\" content=\"2025-12-17T16:38:46+00:00\" \/>\n<meta property=\"og:image\" content=\"https:\/\/talkpal.ai\/wp-content\/uploads\/2023\/05\/republic-of-macedonia.png\" \/>\n\t<meta property=\"og:image:width\" content=\"512\" \/>\n\t<meta property=\"og:image:height\" content=\"512\" \/>\n\t<meta property=\"og:image:type\" content=\"image\/png\" \/>\n<meta name=\"twitter:card\" content=\"summary_large_image\" \/>\n<meta name=\"twitter:site\" content=\"@talkpalai\" \/>\n<meta name=\"twitter:label1\" content=\"Est. reading time\" \/>\n\t<meta name=\"twitter:data1\" content=\"4 minutes\" \/>\n<script type=\"application\/ld+json\" class=\"yoast-schema-graph\">{\"@context\":\"https:\/\/schema.org\",\"@graph\":[{\"@type\":\"WebPage\",\"@id\":\"https:\/\/talkpal.ai\/lv\/makedoniesu-gramatika\/\",\"url\":\"https:\/\/talkpal.ai\/lv\/makedoniesu-gramatika\/\",\"name\":\"Ma\u0137edonie\u0161u gramatika - Talkpal\",\"isPartOf\":{\"@id\":\"https:\/\/talkpal.ai\/lv\/#website\"},\"primaryImageOfPage\":{\"@id\":\"https:\/\/talkpal.ai\/lv\/makedoniesu-gramatika\/#primaryimage\"},\"image\":{\"@id\":\"https:\/\/talkpal.ai\/lv\/makedoniesu-gramatika\/#primaryimage\"},\"thumbnailUrl\":\"https:\/\/talkpal.ai\/wp-content\/uploads\/2023\/05\/republic-of-macedonia.png\",\"datePublished\":\"2023-05-14T14:11:28+00:00\",\"dateModified\":\"2025-12-17T16:38:46+00:00\",\"description\":\"Apg\u016bstiet ma\u0137edonie\u0161u valodas gramatiku bez piep\u016bles ar Talkpal, ar m\u0101ksl\u012bg\u0101 intelekta darbin\u0101mu valodas skolot\u0101ju. Uzlabojiet savas ma\u0137edonie\u0161u valodas gramatikas prasmes!\",\"breadcrumb\":{\"@id\":\"https:\/\/talkpal.ai\/lv\/makedoniesu-gramatika\/#breadcrumb\"},\"inLanguage\":\"lv-LV\",\"potentialAction\":[{\"@type\":\"ReadAction\",\"target\":[\"https:\/\/talkpal.ai\/lv\/makedoniesu-gramatika\/\"]}]},{\"@type\":\"ImageObject\",\"inLanguage\":\"lv-LV\",\"@id\":\"https:\/\/talkpal.ai\/lv\/makedoniesu-gramatika\/#primaryimage\",\"url\":\"https:\/\/talkpal.ai\/wp-content\/uploads\/2023\/05\/republic-of-macedonia.png\",\"contentUrl\":\"https:\/\/talkpal.ai\/wp-content\/uploads\/2023\/05\/republic-of-macedonia.png\",\"width\":512,\"height\":512},{\"@type\":\"BreadcrumbList\",\"@id\":\"https:\/\/talkpal.ai\/lv\/makedoniesu-gramatika\/#breadcrumb\",\"itemListElement\":[{\"@type\":\"ListItem\",\"position\":1,\"name\":\"Homepage\",\"item\":\"https:\/\/talkpal.ai\/lv\/\"},{\"@type\":\"ListItem\",\"position\":2,\"name\":\"Ma\u0137edonie\u0161u gramatika\"}]},{\"@type\":\"WebSite\",\"@id\":\"https:\/\/talkpal.ai\/lv\/#website\",\"url\":\"https:\/\/talkpal.ai\/lv\/\",\"name\":\"Talkpal\",\"description\":\"AI Language Learning\",\"publisher\":{\"@id\":\"https:\/\/talkpal.ai\/lv\/#organization\"},\"alternateName\":\"Talkpal AI\",\"potentialAction\":[{\"@type\":\"SearchAction\",\"target\":{\"@type\":\"EntryPoint\",\"urlTemplate\":\"https:\/\/talkpal.ai\/lv\/?s={search_term_string}\"},\"query-input\":{\"@type\":\"PropertyValueSpecification\",\"valueRequired\":true,\"valueName\":\"search_term_string\"}}],\"inLanguage\":\"lv-LV\"},{\"@type\":\"Organization\",\"@id\":\"https:\/\/talkpal.ai\/lv\/#organization\",\"name\":\"Talkpal, Inc.\",\"alternateName\":\"Talkpal AI\",\"url\":\"https:\/\/talkpal.ai\/lv\/\",\"logo\":{\"@type\":\"ImageObject\",\"inLanguage\":\"lv-LV\",\"@id\":\"https:\/\/talkpal.ai\/lv\/#\/schema\/logo\/image\/\",\"url\":\"https:\/\/talkpal.ai\/wp-content\/uploads\/2024\/03\/Talkpal-Logo-Icon.png\",\"contentUrl\":\"https:\/\/talkpal.ai\/wp-content\/uploads\/2024\/03\/Talkpal-Logo-Icon.png\",\"width\":2880,\"height\":2880,\"caption\":\"Talkpal, Inc.\"},\"image\":{\"@id\":\"https:\/\/talkpal.ai\/lv\/#\/schema\/logo\/image\/\"},\"sameAs\":[\"https:\/\/www.facebook.com\/profile.php?id=100090733639311\",\"https:\/\/x.com\/talkpalai\",\"https:\/\/www.linkedin.com\/company\/talkpal\/\",\"https:\/\/www.youtube.com\/@TalkPal\/\",\"https:\/\/www.tiktok.com\/@talkpal\",\"https:\/\/www.instagram.com\/talkpal_ai\/\",\"https:\/\/www.crunchbase.com\/organization\/talkpal-9cde\",\"https:\/\/www.g2.com\/products\/talkpal-for-business\/\",\"https:\/\/www.trustpilot.com\/review\/talkpal.ai\",\"https:\/\/www.capterra.com\/p\/10006800\/TalkPal\/\"],\"description\":\"Talkpal is a language learning web and mobile education app, powered by the latest AI technologies, that provides engaging experiences to its customers in many different languages to help them improve their language skills. Users can chat about unlimited amount of topics with the app and use other modes to practice their language learning.\",\"email\":\"support@talkpal.ai\",\"legalName\":\"Talkpal, Inc.\",\"foundingDate\":\"2023-04-03\",\"duns\":\"118989042\",\"numberOfEmployees\":{\"@type\":\"QuantitativeValue\",\"minValue\":\"11\",\"maxValue\":\"50\"},\"publishingPrinciples\":\"https:\/\/talkpal.ai\/publishing-principles\/\",\"actionableFeedbackPolicy\":\"https:\/\/talkpal.ai\/actionable-feedback-policy\/\",\"correctionsPolicy\":\"https:\/\/talkpal.ai\/corrections-policy\/\",\"ethicsPolicy\":\"https:\/\/talkpal.ai\/ethics-policy\/\",\"diversityPolicy\":\"https:\/\/talkpal.ai\/diversity-policy\/\",\"diversityStaffingReport\":\"https:\/\/talkpal.ai\/diversity-policy\/\"}]}<\/script>\n<!-- \/ Yoast SEO Premium plugin. -->","yoast_head_json":{"title":"Ma\u0137edonie\u0161u gramatika - Talkpal","description":"Apg\u016bstiet ma\u0137edonie\u0161u valodas gramatiku bez piep\u016bles ar Talkpal, ar m\u0101ksl\u012bg\u0101 intelekta darbin\u0101mu valodas skolot\u0101ju. Uzlabojiet savas ma\u0137edonie\u0161u valodas gramatikas prasmes!","robots":{"index":"index","follow":"follow","max-snippet":"max-snippet:-1","max-image-preview":"max-image-preview:large","max-video-preview":"max-video-preview:-1"},"canonical":"https:\/\/talkpal.ai\/lv\/makedoniesu-gramatika\/","og_locale":"lv_LV","og_type":"article","og_title":"Ma\u0137edonie\u0161u gramatika","og_description":"Ma\u0137edonie\u0161u gramatikas nosl\u0113pumu at\u0161\u0137etin\u0101\u0161ana Ma\u0137edonie\u0161u valodas gramatika - sare\u017e\u0123\u012bta, bet saprotama, aizraujo\u0161a, bet gracioza, sare\u017e\u0123\u012bta, bet","og_url":"https:\/\/talkpal.ai\/lv\/makedoniesu-gramatika\/","og_site_name":"Talkpal","article_publisher":"https:\/\/www.facebook.com\/profile.php?id=100090733639311","article_modified_time":"2025-12-17T16:38:46+00:00","og_image":[{"width":512,"height":512,"url":"https:\/\/talkpal.ai\/wp-content\/uploads\/2023\/05\/republic-of-macedonia.png","type":"image\/png"}],"twitter_card":"summary_large_image","twitter_site":"@talkpalai","twitter_misc":{"Est. reading time":"4 minutes"},"schema":{"@context":"https:\/\/schema.org","@graph":[{"@type":"WebPage","@id":"https:\/\/talkpal.ai\/lv\/makedoniesu-gramatika\/","url":"https:\/\/talkpal.ai\/lv\/makedoniesu-gramatika\/","name":"Ma\u0137edonie\u0161u gramatika - Talkpal","isPartOf":{"@id":"https:\/\/talkpal.ai\/lv\/#website"},"primaryImageOfPage":{"@id":"https:\/\/talkpal.ai\/lv\/makedoniesu-gramatika\/#primaryimage"},"image":{"@id":"https:\/\/talkpal.ai\/lv\/makedoniesu-gramatika\/#primaryimage"},"thumbnailUrl":"https:\/\/talkpal.ai\/wp-content\/uploads\/2023\/05\/republic-of-macedonia.png","datePublished":"2023-05-14T14:11:28+00:00","dateModified":"2025-12-17T16:38:46+00:00","description":"Apg\u016bstiet ma\u0137edonie\u0161u valodas gramatiku bez piep\u016bles ar Talkpal, ar m\u0101ksl\u012bg\u0101 intelekta darbin\u0101mu valodas skolot\u0101ju. Uzlabojiet savas ma\u0137edonie\u0161u valodas gramatikas prasmes!","breadcrumb":{"@id":"https:\/\/talkpal.ai\/lv\/makedoniesu-gramatika\/#breadcrumb"},"inLanguage":"lv-LV","potentialAction":[{"@type":"ReadAction","target":["https:\/\/talkpal.ai\/lv\/makedoniesu-gramatika\/"]}]},{"@type":"ImageObject","inLanguage":"lv-LV","@id":"https:\/\/talkpal.ai\/lv\/makedoniesu-gramatika\/#primaryimage","url":"https:\/\/talkpal.ai\/wp-content\/uploads\/2023\/05\/republic-of-macedonia.png","contentUrl":"https:\/\/talkpal.ai\/wp-content\/uploads\/2023\/05\/republic-of-macedonia.png","width":512,"height":512},{"@type":"BreadcrumbList","@id":"https:\/\/talkpal.ai\/lv\/makedoniesu-gramatika\/#breadcrumb","itemListElement":[{"@type":"ListItem","position":1,"name":"Homepage","item":"https:\/\/talkpal.ai\/lv\/"},{"@type":"ListItem","position":2,"name":"Ma\u0137edonie\u0161u gramatika"}]},{"@type":"WebSite","@id":"https:\/\/talkpal.ai\/lv\/#website","url":"https:\/\/talkpal.ai\/lv\/","name":"Talkpal","description":"AI Language Learning","publisher":{"@id":"https:\/\/talkpal.ai\/lv\/#organization"},"alternateName":"Talkpal AI","potentialAction":[{"@type":"SearchAction","target":{"@type":"EntryPoint","urlTemplate":"https:\/\/talkpal.ai\/lv\/?s={search_term_string}"},"query-input":{"@type":"PropertyValueSpecification","valueRequired":true,"valueName":"search_term_string"}}],"inLanguage":"lv-LV"},{"@type":"Organization","@id":"https:\/\/talkpal.ai\/lv\/#organization","name":"Talkpal, Inc.","alternateName":"Talkpal AI","url":"https:\/\/talkpal.ai\/lv\/","logo":{"@type":"ImageObject","inLanguage":"lv-LV","@id":"https:\/\/talkpal.ai\/lv\/#\/schema\/logo\/image\/","url":"https:\/\/talkpal.ai\/wp-content\/uploads\/2024\/03\/Talkpal-Logo-Icon.png","contentUrl":"https:\/\/talkpal.ai\/wp-content\/uploads\/2024\/03\/Talkpal-Logo-Icon.png","width":2880,"height":2880,"caption":"Talkpal, Inc."},"image":{"@id":"https:\/\/talkpal.ai\/lv\/#\/schema\/logo\/image\/"},"sameAs":["https:\/\/www.facebook.com\/profile.php?id=100090733639311","https:\/\/x.com\/talkpalai","https:\/\/www.linkedin.com\/company\/talkpal\/","https:\/\/www.youtube.com\/@TalkPal\/","https:\/\/www.tiktok.com\/@talkpal","https:\/\/www.instagram.com\/talkpal_ai\/","https:\/\/www.crunchbase.com\/organization\/talkpal-9cde","https:\/\/www.g2.com\/products\/talkpal-for-business\/","https:\/\/www.trustpilot.com\/review\/talkpal.ai","https:\/\/www.capterra.com\/p\/10006800\/TalkPal\/"],"description":"Talkpal is a language learning web and mobile education app, powered by the latest AI technologies, that provides engaging experiences to its customers in many different languages to help them improve their language skills. Users can chat about unlimited amount of topics with the app and use other modes to practice their language learning.","email":"support@talkpal.ai","legalName":"Talkpal, Inc.","foundingDate":"2023-04-03","duns":"118989042","numberOfEmployees":{"@type":"QuantitativeValue","minValue":"11","maxValue":"50"},"publishingPrinciples":"https:\/\/talkpal.ai\/publishing-principles\/","actionableFeedbackPolicy":"https:\/\/talkpal.ai\/actionable-feedback-policy\/","correctionsPolicy":"https:\/\/talkpal.ai\/corrections-policy\/","ethicsPolicy":"https:\/\/talkpal.ai\/ethics-policy\/","diversityPolicy":"https:\/\/talkpal.ai\/diversity-policy\/","diversityStaffingReport":"https:\/\/talkpal.ai\/diversity-policy\/"}]}},"_links":{"self":[{"href":"https:\/\/talkpal.ai\/lv\/wp-json\/wp\/v2\/pages\/146883","targetHints":{"allow":["GET"]}}],"collection":[{"href":"https:\/\/talkpal.ai\/lv\/wp-json\/wp\/v2\/pages"}],"about":[{"href":"https:\/\/talkpal.ai\/lv\/wp-json\/wp\/v2\/types\/page"}],"author":[{"embeddable":true,"href":"https:\/\/talkpal.ai\/lv\/wp-json\/wp\/v2\/users\/1"}],"replies":[{"embeddable":true,"href":"https:\/\/talkpal.ai\/lv\/wp-json\/wp\/v2\/comments?post=146883"}],"version-history":[{"count":0,"href":"https:\/\/talkpal.ai\/lv\/wp-json\/wp\/v2\/pages\/146883\/revisions"}],"wp:featuredmedia":[{"embeddable":true,"href":"https:\/\/talkpal.ai\/lv\/wp-json\/wp\/v2\/media\/115307"}],"wp:attachment":[{"href":"https:\/\/talkpal.ai\/lv\/wp-json\/wp\/v2\/media?parent=146883"}],"curies":[{"name":"wp","href":"https:\/\/api.w.org\/{rel}","templated":true}]}}