{"id":1468824,"date":"2025-11-12T17:36:06","date_gmt":"2025-11-12T17:36:06","guid":{"rendered":"https:\/\/talkpal.ai\/zulu-gramatikas-vingrinajumi\/"},"modified":"2025-12-30T13:20:59","modified_gmt":"2025-12-30T13:20:59","slug":"zulu-gramatikas-vingrinajumi","status":"publish","type":"page","link":"https:\/\/talkpal.ai\/lv\/zulu-gramatikas-vingrinajumi\/","title":{"rendered":"Zulu gramatikas vingrin\u0101jumi"},"content":{"rendered":"\r\n\r\n\r\n<section class=\"languageChallengeSection\">\r\n    <div class=\"languageInfoWrapper\">\r\n        \r\n        <h1>Zulu gramatikas vingrin\u0101jumi<\/h1>\r\n        <p>Vai esat gatavs ienirt <a href=\"https:\/\/talkpal.ai\/learn-zulu\/\">zulu<\/a> gramatik\u0101? Da\u017eu pamatprincipu apguve pal\u012bdz\u0113s jums \u0113rti apg\u016bt \u0161o unik\u0101lo un skaisto valodu. Izm\u0113\u0123iniet \u0161os vingrin\u0101jumus, lai vairotu pa\u0161apzi\u0146u un izklaid\u0113tos!<\/p>\r\n\r\n                            <a class=\"getStartedHidden\" href=\"https:\/\/app.talkpal.ai\/lv\/signup?lng=\">S\u0101c<\/a>\r\n        \r\n    <\/div>\r\n\r\n    <figure>\r\n    <img decoding=\"async\" width=\"768\" height=\"768\" src=\"https:\/\/talkpal.ai\/wp-content\/uploads\/2023\/06\/welsh-768x768.png\" class=\"languageImage no-lazy\" alt=\"Language learning for better cognitive abilities\" fetchpriority=\"high\" sizes=\"(max-width: 768px) 150px, 768px\" srcset=\"https:\/\/talkpal.ai\/wp-content\/uploads\/2023\/06\/welsh-768x768.png 768w, https:\/\/talkpal.ai\/wp-content\/uploads\/2023\/06\/welsh-300x300.png 300w\" \/>\r\n    \r\n\r\n    <\/figure>\r\n\r\n            <a class=\"getStartedVisible\" href=\"https:\/\/app.talkpal.ai\/lv\/signup?lng=\">S\u0101c<\/a>\r\n    \r\n<\/section><section class=\"promotionalBanner\">\r\n    <p class=\"promotionalText\">Visefekt\u012bv\u0101kais veids, k\u0101 apg\u016bt valodu<\/p>\r\n    <a class=\"promotionalLink\" href=\"https:\/\/app.talkpal.ai\/lv\/signup?lng=\">Izm\u0113\u0123iniet Talkpal bez maksas<\/a>\r\n<\/section>\n<div class=\"wp-block-group pageContainerStyle\"><div class=\"wp-block-group__inner-container is-layout-constrained wp-block-group-is-layout-constrained\">\n<h2 class=\"wp-block-heading\" id=\"h-zulu-grammar-topics\">Zulu gramatikas t\u0113mas<\/h2>\n\n\n\n<p><a href=\"https:\/\/talkpal.ai\/lv\/lielakas-kludas-no-kuram-jaizvairas-macoties-jaunu-valodu\/\">Jaunas valodas apguve<\/a> var b\u016bt izaicino\u0161s, bet atalgojo\u0161s darbs. Zulu, bantu valoda, kur\u0101 run\u0101 galvenok\u0101rt Dienvid\u0101frik\u0101, nav iz\u0146\u0113mums. Ar sav\u0101m unik\u0101laj\u0101m iez\u012bm\u0113m un strukt\u016br\u0101m zulu <a href=\"https:\/\/talkpal.ai\/what-language-is-spoken-on-the-international-space-station\/\">valodas<\/a> <a href=\"https:\/\/talkpal.ai\/lv\/talkpal-izglitibai\/\">apguvei<\/a> ir nepiecie\u0161ama sistem\u0101tiska pieeja, lai izprastu t\u0101s bag\u0101t\u012bgo, aglutin\u0113jo\u0161o gramatiku. \u0160aj\u0101 rokasgr\u0101mat\u0101 ir izkl\u0101st\u012btas galven\u0101s <a href=\"https:\/\/talkpal.ai\/lv\/zulu-gramatika\/\">zulu gramatikas<\/a> jomas <a href=\"https:\/\/talkpal.ai\/lv\/talkpal-izglitibai\/\">lo\u0123isk\u0101 sec\u012bb\u0101 valodas apguvei<\/a>, s\u0101kot no pamatiem, piem\u0113ram, lietv\u0101rdiem un rakstiem, un p\u0101rejot uz sare\u017e\u0123\u012bt\u0101k\u0101m jom\u0101m, piem\u0113ram, laikiem un teikumu uzb\u016bvi.<\/p>\n\n\n\n<h3 class=\"wp-block-heading\" id=\"h-1-nouns\">1. Lietv\u0101rdi:<\/h3>\n\n\n\n<p>S\u0101ciet savu zulu valodas ce\u013cojumu, apg\u016bstot lietv\u0101rdus. Tas ietver izpratni par lietv\u0101rdu klases sist\u0113mu ar t\u0101s pried\u0113k\u013ciem, k\u0101 vieno\u0161an\u0101s darbojas teikum\u0101 un k\u0101 daudzskait\u013ca formas tiek veidotas, mainot lietv\u0101rdu klases prefiksu.<\/p>\n\n\n\n<h3 class=\"wp-block-heading\" id=\"h-2-articles\">2. Raksti:<\/h3>\n\n\n\n<p>Zulu valod\u0101 netiek izmantoti noteikti vai nenoteikti raksti, k\u0101 to dara <a href=\"https:\/\/talkpal.ai\/ai-english-speaking-practice\/\">ang\u013cu valoda<\/a> . Noteikt\u012bbu parasti nosaka konteksts, v\u0101rdu sec\u012bba vai demonstrat\u012bvi. Iem\u0101c\u012bties pareizi lietot demonstrat\u012bvus ir iz\u0161\u0137iro\u0161a teikuma veido\u0161an\u0101.<\/p>\n\n\n\n<h3 class=\"wp-block-heading\" id=\"h-3-adjectives\">3. \u012apa\u0161\u012bbas v\u0101rdi:<\/h3>\n\n\n\n<p>\u012apa\u0161\u012bbas v\u0101rdi zulu valod\u0101 parasti seko saviem lietv\u0101rdiem, un tiem j\u0101piekr\u012bt lietv\u0101rdu klasei, izmantojot \u012bpa\u0161\u012bbas v\u0101rdu saska\u0146as. Jums b\u016bs ar\u012b j\u0101iem\u0101c\u0101s veidot sal\u012bdzin\u0101jumus un superlat\u012bvus, bie\u017ei izmantojot konstrukcijas ar darb\u012bbas v\u0101rdu p\u0101rsp\u0113t vai da\u013ci\u0146u nek\u0101, un pastiprin\u0101t\u0101jus, piem\u0113ram, kakhulu.<\/p>\n\n\n\n<h3 class=\"wp-block-heading\" id=\"h-4-pronouns-determiners\">4. Vietniekv\u0101rdi\/noteic\u0113ji:<\/h3>\n\n\n\n<p>Vietniekv\u0101rdi un noteic\u0113ji ir b\u016btiski zulu valod\u0101; Tie ietver neatkar\u012bgus vietniekv\u0101rdus, subjekta un objekta saska\u0146as uz darb\u012bbas v\u0101rda, possess\u012bvus, kas veidoti ar klases pieder\u012bbas saska\u0146\u0101m, demonstrat\u012bvus un kvantitat\u012bvus r\u0101d\u012bt\u0101jus. Vi\u0146u pareiza, uz klasi balst\u012bta vieno\u0161an\u0101s ir nepiecie\u0161ama efekt\u012bvai komunik\u0101cijai.<\/p>\n\n\n\n<h3 class=\"wp-block-heading\" id=\"h-5-verbs\">5. Darb\u012bbas v\u0101rdi:<\/h3>\n\n\n\n<p>Zulu darb\u012bbas v\u0101rdi maina formu, izmantojot pried\u0113k\u013cus un sufiksus, kas apz\u012bm\u0113 subjektu, objektu, laiku, aspektu un noska\u0146ojumu. S\u0101ciet ar pa\u0161reiz\u0113j\u0101m form\u0101m, p\u0113c tam izp\u0113tiet pag\u0101tni un n\u0101kotni, k\u0101 ar\u012b kop\u012bgus papla\u0161in\u0101jumus, piem\u0113ram, c\u0113lo\u0146sakar\u012bbu, aplik\u0101ciju un pas\u012bvo.<\/p>\n\n\n\n<h3 class=\"wp-block-heading\" id=\"h-6-tenses\">6. Sasprindzin\u0101jums:<\/h3>\n\n\n\n<p>P\u0113c darb\u012bbas v\u0101rdu strukt\u016bras apg\u016b\u0161anas iedzi\u013cinieties zulu laikos. Tas ietver izpratni par tagadni, neseno pag\u0101tni, t\u0101lu pag\u0101tni un n\u0101kotni, k\u0101 ar\u012b pilnveidojo\u0161\u0101m form\u0101m un to, k\u0101 aspekts mijiedarbojas ar laiku da\u017e\u0101dos kontekstos.<\/p>\n\n\n\n<h3 class=\"wp-block-heading\" id=\"h-7-tense-comparison\">7. Saspringts sal\u012bdzin\u0101jums:<\/h3>\n\n\n\n<p>Laika sal\u012bdzin\u0101\u0161ana zulu valod\u0101 pal\u012bdz izprast sec\u012bbu un nianses. Sal\u012bdziniet viena un t\u0101 pa\u0161a darb\u012bbas v\u0101rda tagadnes, perfekt\u012bvo, nesen\u0101s pag\u0101tnes, att\u0101l\u0101s pag\u0101tnes un n\u0101kotnes formas, lai ieg\u016btu skaidr\u0101ku laika un aspekta izj\u016btu.<\/p>\n\n\n\n<h3 class=\"wp-block-heading\" id=\"h-8-progressive\">8. Progres\u012bvs:<\/h3>\n\n\n\n<p>Progres\u012bvais zulu valod\u0101 tiek izteikts ar tagadni, izmantojot -ya- mar\u0137ieru p\u0113c subjekta saska\u0146as, un ar t\u0101diem aspektu mar\u0137ieriem k\u0101 -sa still un se jau. Zulu \u0161im nol\u016bkam neizmanto pal\u012bgdarb\u012bbas v\u0101rdu.<\/p>\n\n\n\n<h3 class=\"wp-block-heading\" id=\"h-9-perfect-progressive\">9. Ide\u0101ls progres\u012bvs:<\/h3>\n\n\n\n<p>\u0160\u012b noz\u012bme ir izteikta ar pal\u012bgl\u012bdzekli kombin\u0101cij\u0101 ar progres\u012bvo, bie\u017ei nor\u0101dot uz darb\u012bbu, kas notiek l\u012bdz noteiktam punktam. Zulu parasti izmanto b\u016bt ar aspektu mar\u0137ieriem vai nep\u0101rtraukt\u012bbas adverbiem, lai nodotu ir dar\u012bju\u0161i.<\/p>\n\n\n\n<h3 class=\"wp-block-heading\" id=\"h-10-conditionals\">10. Nosac\u012bjumi:<\/h3>\n\n\n\n<p>Nosac\u012bjumi izsaka hipot\u0113tiskas situ\u0101cijas un to iesp\u0113jamos rezult\u0101tus. Zulu valod\u0101 tie tiek veidoti ar nosac\u012btiem garast\u0101vok\u013ca mar\u0137ieriem un savienojumiem, piem\u0113ram, uma, if, ar atbilsto\u0161\u0101m darb\u012bbas v\u0101rdu form\u0101m re\u0101liem un hipot\u0113tiskiem apst\u0101k\u013ciem.<\/p>\n\n\n\n<h3 class=\"wp-block-heading\" id=\"h-11-adverbs\">11. Adverbi:<\/h3>\n\n\n\n<p>Zulu valodas adverbi modific\u0113 darb\u012bbas v\u0101rdus, \u012bpa\u0161\u012bbas v\u0101rdus vai citus adverbus. Tie ietver adverbi\u0101l\u0101s da\u013ci\u0146as, ideofonus un laika vai manieres v\u0101rdus, un daudzas adverb\u0101l\u0101s noz\u012bmes tiek izteiktas ar\u012b ar lokat\u012bv\u0101m form\u0101m un fr\u0101z\u0113m.<\/p>\n\n\n\n<h3 class=\"wp-block-heading\" id=\"h-12-prepositions\">12. Priev\u0101rdi:<\/h3>\n\n\n\n<p>Laika, vietas un veida attiec\u012bbas bie\u017ei tiek izteiktas ar lokat\u012bv\u0101m lietv\u0101rdu form\u0101m un pried\u0113k\u013ciem, piem\u0113ram, ku, e, na un nga, kop\u0101 ar to vieno\u0161an\u0101s mode\u013ciem.<\/p>\n\n\n\n<h3 class=\"wp-block-heading\" id=\"h-13-sentences\">13. Teikumi:<\/h3>\n\n\n\n<p>Visbeidzot, praktiz\u0113jiet teikumu konstru\u0113\u0161anu. Tas ietvers visu iepriek\u0161 apg\u016bto gramatikas punktu izmanto\u0161anu kontekst\u0101, ieskaitot priek\u0161meta darb\u012bbas v\u0101rdu objektu sec\u012bbu, vieno\u0161anos starp lietv\u0101rdu klas\u0113m, nolieguma mode\u013cus un jaut\u0101jumu veido\u0161anu, t\u0101d\u0113j\u0101di nodro\u0161inot visaptvero\u0161u izpratni par <a href=\"https:\/\/talkpal.ai\/lv\/macities-zulu-valodu\/\">zulu valodu<\/a>.<\/p>\n<\/div><\/div>\n\r\n<section class=\"learnNavigationSection\">\r\n            \r\n        <a href=\"https:\/\/talkpal.ai\/lv\/macities-zulu-valodu\/\">\r\n            <div class=\"learnNavigationWrapper\">\r\n                <div class=\"learnNavigationContent\">\r\n                    <img decoding=\"async\" src=\"https:\/\/talkpal.ai\/wp-content\/uploads\/2025\/11\/Zulu.png\" alt=\"South African Flag\">\r\n                    <div>\r\n                        <h4>Par Zulu m\u0101c\u012b\u0161anos<\/h4>\r\n                        <p>Uzziniet visu par Zulu gramatiku.<\/p>\r\n                    <\/div>\r\n                <\/div>\r\n            <\/div>\r\n        <\/a>\r\n\r\n        \r\n        <a href=\"https:\/\/talkpal.ai\/lv\/zulu-gramatika\/\">\r\n            <div class=\"learnNavigationWrapper\">\r\n                <div class=\"learnNavigationContent\">\r\n                    <img decoding=\"async\" src=\"https:\/\/talkpal.ai\/wp-content\/uploads\/2025\/11\/Zulu.png\" alt=\"South African Flag\">\r\n                    <div>\r\n                        <h4>Zulu gramatikas stundas<\/h4>\r\n                        <p>Praktiz\u0113jiet zulu gramatiku.<\/p>\r\n                    <\/div>\r\n                <\/div>\r\n            <\/div>\r\n        <\/a>\r\n\r\n            <\/section>","protected":false},"excerpt":{"rendered":"<p>Zulu gramatikas t\u0113mas Jaunas valodas apguve var b\u016bt izaicino\u0161s, bet atalgojo\u0161s darbs. Zulu, bantu valoda, kur\u0101 run\u0101 galvenok\u0101rt Dienvid\u0101frik\u0101, nav iz\u0146\u0113mums. Ar sav\u0101m unik\u0101laj\u0101m iez\u012bm\u0113m un strukt\u016br\u0101m zulu valodas apguvei ir nepiecie\u0161ama sistem\u0101tiska pieeja, lai izprastu t\u0101s bag\u0101t\u012bgo, aglutin\u0113jo\u0161o gramatiku. \u0160aj\u0101 rokasgr\u0101mat\u0101 ir izkl\u0101st\u012btas galven\u0101s zulu gramatikas jomas lo\u0123isk\u0101 sec\u012bb\u0101 valodas apguvei, s\u0101kot no pamatiem, [&hellip;]<\/p>\n","protected":false},"author":20,"featured_media":0,"parent":0,"menu_order":0,"comment_status":"closed","ping_status":"closed","template":"LearningContentPage.php","meta":{"_acf_changed":false,"footnotes":""},"class_list":["post-1468824","page","type-page","status-publish","hentry"],"acf":[],"yoast_head":"<!-- This site is optimized with the Yoast SEO Premium plugin v27.2 (Yoast SEO v27.2) - https:\/\/yoast.com\/product\/yoast-seo-premium-wordpress\/ -->\n<title>Zulu gramatikas vingrin\u0101jumi - Talkpal<\/title>\n<meta name=\"description\" content=\"Apg\u016bstiet zulu valodas gramatiku, izmantojot interakt\u012bvus vingrin\u0101jumus, kas ietver lietv\u0101rdus, darb\u012bbas v\u0101rdus un laikus, lai uzlabotu valodas lieto\u0161anas prasmes un p\u0101rliec\u012bbu.\" \/>\n<meta name=\"robots\" content=\"index, follow, max-snippet:-1, max-image-preview:large, max-video-preview:-1\" \/>\n<link rel=\"canonical\" href=\"https:\/\/talkpal.ai\/lv\/zulu-gramatikas-vingrinajumi\/\" \/>\n<meta property=\"og:locale\" content=\"lv_LV\" \/>\n<meta property=\"og:type\" content=\"article\" \/>\n<meta property=\"og:title\" content=\"Zulu gramatikas vingrin\u0101jumi\" \/>\n<meta property=\"og:description\" content=\"Zulu gramatikas t\u0113mas Jaunas valodas apguve var b\u016bt izaicino\u0161s, bet atalgojo\u0161s darbs. Zulu, bantu valoda, kur\u0101 run\u0101 galvenok\u0101rt Dienvid\u0101frik\u0101, nav\" \/>\n<meta property=\"og:url\" content=\"https:\/\/talkpal.ai\/lv\/zulu-gramatikas-vingrinajumi\/\" \/>\n<meta property=\"og:site_name\" content=\"Talkpal\" \/>\n<meta property=\"article:publisher\" content=\"https:\/\/www.facebook.com\/profile.php?id=100090733639311\" \/>\n<meta property=\"article:modified_time\" content=\"2025-12-30T13:20:59+00:00\" \/>\n<meta property=\"og:image\" content=\"https:\/\/talkpal.ai\/wp-content\/uploads\/2025\/02\/Progress-tab-16_9.png\" \/>\n\t<meta property=\"og:image:width\" content=\"2880\" \/>\n\t<meta property=\"og:image:height\" content=\"1620\" \/>\n\t<meta property=\"og:image:type\" content=\"image\/png\" \/>\n<meta name=\"twitter:card\" content=\"summary_large_image\" \/>\n<meta name=\"twitter:site\" content=\"@talkpalai\" \/>\n<meta name=\"twitter:label1\" content=\"Est. reading time\" \/>\n\t<meta name=\"twitter:data1\" content=\"4 minutes\" \/>\n<script type=\"application\/ld+json\" class=\"yoast-schema-graph\">{\"@context\":\"https:\/\/schema.org\",\"@graph\":[{\"@type\":\"WebPage\",\"@id\":\"https:\/\/talkpal.ai\/lv\/zulu-gramatikas-vingrinajumi\/\",\"url\":\"https:\/\/talkpal.ai\/lv\/zulu-gramatikas-vingrinajumi\/\",\"name\":\"Zulu gramatikas vingrin\u0101jumi - Talkpal\",\"isPartOf\":{\"@id\":\"https:\/\/talkpal.ai\/lv\/#website\"},\"datePublished\":\"2025-11-12T17:36:06+00:00\",\"dateModified\":\"2025-12-30T13:20:59+00:00\",\"description\":\"Apg\u016bstiet zulu valodas gramatiku, izmantojot interakt\u012bvus vingrin\u0101jumus, kas ietver lietv\u0101rdus, darb\u012bbas v\u0101rdus un laikus, lai uzlabotu valodas lieto\u0161anas prasmes un p\u0101rliec\u012bbu.\",\"breadcrumb\":{\"@id\":\"https:\/\/talkpal.ai\/lv\/zulu-gramatikas-vingrinajumi\/#breadcrumb\"},\"inLanguage\":\"lv-LV\",\"potentialAction\":[{\"@type\":\"ReadAction\",\"target\":[\"https:\/\/talkpal.ai\/lv\/zulu-gramatikas-vingrinajumi\/\"]}]},{\"@type\":\"BreadcrumbList\",\"@id\":\"https:\/\/talkpal.ai\/lv\/zulu-gramatikas-vingrinajumi\/#breadcrumb\",\"itemListElement\":[{\"@type\":\"ListItem\",\"position\":1,\"name\":\"Homepage\",\"item\":\"https:\/\/talkpal.ai\/lv\/\"},{\"@type\":\"ListItem\",\"position\":2,\"name\":\"Zulu gramatikas vingrin\u0101jumi\"}]},{\"@type\":\"WebSite\",\"@id\":\"https:\/\/talkpal.ai\/lv\/#website\",\"url\":\"https:\/\/talkpal.ai\/lv\/\",\"name\":\"Talkpal\",\"description\":\"AI Language Learning\",\"publisher\":{\"@id\":\"https:\/\/talkpal.ai\/lv\/#organization\"},\"alternateName\":\"Talkpal AI\",\"potentialAction\":[{\"@type\":\"SearchAction\",\"target\":{\"@type\":\"EntryPoint\",\"urlTemplate\":\"https:\/\/talkpal.ai\/lv\/?s={search_term_string}\"},\"query-input\":{\"@type\":\"PropertyValueSpecification\",\"valueRequired\":true,\"valueName\":\"search_term_string\"}}],\"inLanguage\":\"lv-LV\"},{\"@type\":\"Organization\",\"@id\":\"https:\/\/talkpal.ai\/lv\/#organization\",\"name\":\"Talkpal, Inc.\",\"alternateName\":\"Talkpal AI\",\"url\":\"https:\/\/talkpal.ai\/lv\/\",\"logo\":{\"@type\":\"ImageObject\",\"inLanguage\":\"lv-LV\",\"@id\":\"https:\/\/talkpal.ai\/lv\/#\/schema\/logo\/image\/\",\"url\":\"https:\/\/talkpal.ai\/wp-content\/uploads\/2024\/03\/Talkpal-Logo-Icon.png\",\"contentUrl\":\"https:\/\/talkpal.ai\/wp-content\/uploads\/2024\/03\/Talkpal-Logo-Icon.png\",\"width\":2880,\"height\":2880,\"caption\":\"Talkpal, Inc.\"},\"image\":{\"@id\":\"https:\/\/talkpal.ai\/lv\/#\/schema\/logo\/image\/\"},\"sameAs\":[\"https:\/\/www.facebook.com\/profile.php?id=100090733639311\",\"https:\/\/x.com\/talkpalai\",\"https:\/\/www.linkedin.com\/company\/talkpal\/\",\"https:\/\/www.youtube.com\/@TalkPal\/\",\"https:\/\/www.tiktok.com\/@talkpal\",\"https:\/\/www.instagram.com\/talkpal_ai\/\",\"https:\/\/www.crunchbase.com\/organization\/talkpal-9cde\",\"https:\/\/www.g2.com\/products\/talkpal-for-business\/\",\"https:\/\/www.trustpilot.com\/review\/talkpal.ai\",\"https:\/\/www.capterra.com\/p\/10006800\/TalkPal\/\"],\"description\":\"Talkpal is a language learning web and mobile education app, powered by the latest AI technologies, that provides engaging experiences to its customers in many different languages to help them improve their language skills. Users can chat about unlimited amount of topics with the app and use other modes to practice their language learning.\",\"email\":\"support@talkpal.ai\",\"legalName\":\"Talkpal, Inc.\",\"foundingDate\":\"2023-04-03\",\"duns\":\"118989042\",\"numberOfEmployees\":{\"@type\":\"QuantitativeValue\",\"minValue\":\"11\",\"maxValue\":\"50\"},\"publishingPrinciples\":\"https:\/\/talkpal.ai\/publishing-principles\/\",\"actionableFeedbackPolicy\":\"https:\/\/talkpal.ai\/actionable-feedback-policy\/\",\"correctionsPolicy\":\"https:\/\/talkpal.ai\/corrections-policy\/\",\"ethicsPolicy\":\"https:\/\/talkpal.ai\/ethics-policy\/\",\"diversityPolicy\":\"https:\/\/talkpal.ai\/diversity-policy\/\",\"diversityStaffingReport\":\"https:\/\/talkpal.ai\/diversity-policy\/\"}]}<\/script>\n<!-- \/ Yoast SEO Premium plugin. -->","yoast_head_json":{"title":"Zulu gramatikas vingrin\u0101jumi - Talkpal","description":"Apg\u016bstiet zulu valodas gramatiku, izmantojot interakt\u012bvus vingrin\u0101jumus, kas ietver lietv\u0101rdus, darb\u012bbas v\u0101rdus un laikus, lai uzlabotu valodas lieto\u0161anas prasmes un p\u0101rliec\u012bbu.","robots":{"index":"index","follow":"follow","max-snippet":"max-snippet:-1","max-image-preview":"max-image-preview:large","max-video-preview":"max-video-preview:-1"},"canonical":"https:\/\/talkpal.ai\/lv\/zulu-gramatikas-vingrinajumi\/","og_locale":"lv_LV","og_type":"article","og_title":"Zulu gramatikas vingrin\u0101jumi","og_description":"Zulu gramatikas t\u0113mas Jaunas valodas apguve var b\u016bt izaicino\u0161s, bet atalgojo\u0161s darbs. Zulu, bantu valoda, kur\u0101 run\u0101 galvenok\u0101rt Dienvid\u0101frik\u0101, nav","og_url":"https:\/\/talkpal.ai\/lv\/zulu-gramatikas-vingrinajumi\/","og_site_name":"Talkpal","article_publisher":"https:\/\/www.facebook.com\/profile.php?id=100090733639311","article_modified_time":"2025-12-30T13:20:59+00:00","og_image":[{"width":2880,"height":1620,"url":"https:\/\/talkpal.ai\/wp-content\/uploads\/2025\/02\/Progress-tab-16_9.png","type":"image\/png"}],"twitter_card":"summary_large_image","twitter_site":"@talkpalai","twitter_misc":{"Est. reading time":"4 minutes"},"schema":{"@context":"https:\/\/schema.org","@graph":[{"@type":"WebPage","@id":"https:\/\/talkpal.ai\/lv\/zulu-gramatikas-vingrinajumi\/","url":"https:\/\/talkpal.ai\/lv\/zulu-gramatikas-vingrinajumi\/","name":"Zulu gramatikas vingrin\u0101jumi - Talkpal","isPartOf":{"@id":"https:\/\/talkpal.ai\/lv\/#website"},"datePublished":"2025-11-12T17:36:06+00:00","dateModified":"2025-12-30T13:20:59+00:00","description":"Apg\u016bstiet zulu valodas gramatiku, izmantojot interakt\u012bvus vingrin\u0101jumus, kas ietver lietv\u0101rdus, darb\u012bbas v\u0101rdus un laikus, lai uzlabotu valodas lieto\u0161anas prasmes un p\u0101rliec\u012bbu.","breadcrumb":{"@id":"https:\/\/talkpal.ai\/lv\/zulu-gramatikas-vingrinajumi\/#breadcrumb"},"inLanguage":"lv-LV","potentialAction":[{"@type":"ReadAction","target":["https:\/\/talkpal.ai\/lv\/zulu-gramatikas-vingrinajumi\/"]}]},{"@type":"BreadcrumbList","@id":"https:\/\/talkpal.ai\/lv\/zulu-gramatikas-vingrinajumi\/#breadcrumb","itemListElement":[{"@type":"ListItem","position":1,"name":"Homepage","item":"https:\/\/talkpal.ai\/lv\/"},{"@type":"ListItem","position":2,"name":"Zulu gramatikas vingrin\u0101jumi"}]},{"@type":"WebSite","@id":"https:\/\/talkpal.ai\/lv\/#website","url":"https:\/\/talkpal.ai\/lv\/","name":"Talkpal","description":"AI Language Learning","publisher":{"@id":"https:\/\/talkpal.ai\/lv\/#organization"},"alternateName":"Talkpal AI","potentialAction":[{"@type":"SearchAction","target":{"@type":"EntryPoint","urlTemplate":"https:\/\/talkpal.ai\/lv\/?s={search_term_string}"},"query-input":{"@type":"PropertyValueSpecification","valueRequired":true,"valueName":"search_term_string"}}],"inLanguage":"lv-LV"},{"@type":"Organization","@id":"https:\/\/talkpal.ai\/lv\/#organization","name":"Talkpal, Inc.","alternateName":"Talkpal AI","url":"https:\/\/talkpal.ai\/lv\/","logo":{"@type":"ImageObject","inLanguage":"lv-LV","@id":"https:\/\/talkpal.ai\/lv\/#\/schema\/logo\/image\/","url":"https:\/\/talkpal.ai\/wp-content\/uploads\/2024\/03\/Talkpal-Logo-Icon.png","contentUrl":"https:\/\/talkpal.ai\/wp-content\/uploads\/2024\/03\/Talkpal-Logo-Icon.png","width":2880,"height":2880,"caption":"Talkpal, Inc."},"image":{"@id":"https:\/\/talkpal.ai\/lv\/#\/schema\/logo\/image\/"},"sameAs":["https:\/\/www.facebook.com\/profile.php?id=100090733639311","https:\/\/x.com\/talkpalai","https:\/\/www.linkedin.com\/company\/talkpal\/","https:\/\/www.youtube.com\/@TalkPal\/","https:\/\/www.tiktok.com\/@talkpal","https:\/\/www.instagram.com\/talkpal_ai\/","https:\/\/www.crunchbase.com\/organization\/talkpal-9cde","https:\/\/www.g2.com\/products\/talkpal-for-business\/","https:\/\/www.trustpilot.com\/review\/talkpal.ai","https:\/\/www.capterra.com\/p\/10006800\/TalkPal\/"],"description":"Talkpal is a language learning web and mobile education app, powered by the latest AI technologies, that provides engaging experiences to its customers in many different languages to help them improve their language skills. Users can chat about unlimited amount of topics with the app and use other modes to practice their language learning.","email":"support@talkpal.ai","legalName":"Talkpal, Inc.","foundingDate":"2023-04-03","duns":"118989042","numberOfEmployees":{"@type":"QuantitativeValue","minValue":"11","maxValue":"50"},"publishingPrinciples":"https:\/\/talkpal.ai\/publishing-principles\/","actionableFeedbackPolicy":"https:\/\/talkpal.ai\/actionable-feedback-policy\/","correctionsPolicy":"https:\/\/talkpal.ai\/corrections-policy\/","ethicsPolicy":"https:\/\/talkpal.ai\/ethics-policy\/","diversityPolicy":"https:\/\/talkpal.ai\/diversity-policy\/","diversityStaffingReport":"https:\/\/talkpal.ai\/diversity-policy\/"}]}},"_links":{"self":[{"href":"https:\/\/talkpal.ai\/lv\/wp-json\/wp\/v2\/pages\/1468824","targetHints":{"allow":["GET"]}}],"collection":[{"href":"https:\/\/talkpal.ai\/lv\/wp-json\/wp\/v2\/pages"}],"about":[{"href":"https:\/\/talkpal.ai\/lv\/wp-json\/wp\/v2\/types\/page"}],"author":[{"embeddable":true,"href":"https:\/\/talkpal.ai\/lv\/wp-json\/wp\/v2\/users\/20"}],"replies":[{"embeddable":true,"href":"https:\/\/talkpal.ai\/lv\/wp-json\/wp\/v2\/comments?post=1468824"}],"version-history":[{"count":0,"href":"https:\/\/talkpal.ai\/lv\/wp-json\/wp\/v2\/pages\/1468824\/revisions"}],"wp:attachment":[{"href":"https:\/\/talkpal.ai\/lv\/wp-json\/wp\/v2\/media?parent=1468824"}],"curies":[{"name":"wp","href":"https:\/\/api.w.org\/{rel}","templated":true}]}}