{"id":1468732,"date":"2025-11-12T17:13:26","date_gmt":"2025-11-12T17:13:26","guid":{"rendered":"https:\/\/talkpal.ai\/telugu-gramatikas-vingrinajumi\/"},"modified":"2025-12-30T13:39:14","modified_gmt":"2025-12-30T13:39:14","slug":"telugu-gramatikas-vingrinajumi","status":"publish","type":"page","link":"https:\/\/talkpal.ai\/lv\/telugu-gramatikas-vingrinajumi\/","title":{"rendered":"Telugu gramatikas vingrin\u0101jumi"},"content":{"rendered":"\r\n\r\n\r\n<section class=\"languageChallengeSection\">\r\n    <div class=\"languageInfoWrapper\">\r\n        \r\n        <h1>Telugu gramatikas vingrin\u0101jumi<\/h1>\r\n        <p>Vai esat gatavs ienirt <a href=\"https:\/\/talkpal.ai\/learn-telugu\/\">telugu<\/a> gramatik\u0101? Da\u017eu pamatprincipu apguve pal\u012bdz\u0113s jums \u0113rti apg\u016bt \u0161o unik\u0101lo un skaisto valodu. Izm\u0113\u0123iniet \u0161os vingrin\u0101jumus, lai vairotu pa\u0161apzi\u0146u un izklaid\u0113tos!<\/p>\r\n\r\n                            <a class=\"getStartedHidden\" href=\"https:\/\/app.talkpal.ai\/lv\/signup?lng=\">S\u0101c<\/a>\r\n        \r\n    <\/div>\r\n\r\n    <figure>\r\n    <img decoding=\"async\" width=\"768\" height=\"768\" src=\"https:\/\/talkpal.ai\/wp-content\/uploads\/2023\/06\/welsh-768x768.png\" class=\"languageImage no-lazy\" alt=\"Language learning for better cognitive abilities\" fetchpriority=\"high\" sizes=\"(max-width: 768px) 150px, 768px\" srcset=\"https:\/\/talkpal.ai\/wp-content\/uploads\/2023\/06\/welsh-768x768.png 768w, https:\/\/talkpal.ai\/wp-content\/uploads\/2023\/06\/welsh-300x300.png 300w\" \/>\r\n    \r\n\r\n    <\/figure>\r\n\r\n            <a class=\"getStartedVisible\" href=\"https:\/\/app.talkpal.ai\/lv\/signup?lng=\">S\u0101c<\/a>\r\n    \r\n<\/section><section class=\"promotionalBanner\">\r\n    <p class=\"promotionalText\">Visefekt\u012bv\u0101kais veids, k\u0101 apg\u016bt valodu<\/p>\r\n    <a class=\"promotionalLink\" href=\"https:\/\/app.talkpal.ai\/lv\/signup?lng=\">Izm\u0113\u0123iniet Talkpal bez maksas<\/a>\r\n<\/section>\n<div class=\"wp-block-group pageContainerStyle\"><div class=\"wp-block-group__inner-container is-layout-constrained wp-block-group-is-layout-constrained\">\n<h2 class=\"wp-block-heading\" id=\"h-telugu-grammar-topics\">Telugu gramatikas t\u0113mas<\/h2>\n\n\n\n<p><a href=\"https:\/\/talkpal.ai\/lv\/lielakas-kludas-no-kuram-jaizvairas-macoties-jaunu-valodu\/\">Jaunas valodas apguve <\/a>var b\u016bt izaicino\u0161s, bet atalgojo\u0161s darbs. Telugu, dravidie\u0161u valoda, kur\u0101 run\u0101 galvenok\u0101rt Indijas \u0161tatos Andhra Pradesh un Telangana, nav iz\u0146\u0113mums. Ar sav\u0101m unik\u0101laj\u0101m iez\u012bm\u0113m un strukt\u016br\u0101m telugu <a href=\"https:\/\/talkpal.ai\/what-language-is-spoken-on-the-international-space-station\/\">valodas<\/a> <a href=\"https:\/\/talkpal.ai\/lv\/talkpal-izglitibai\/\">apguvei<\/a> ir nepiecie\u0161ama sistem\u0101tiska pieeja gramatikas izpratnei. \u0160aj\u0101 rokasgr\u0101mat\u0101 ir izkl\u0101st\u012btas galven\u0101s <a href=\"https:\/\/talkpal.ai\/lv\/telugu-gramatika\/\">telugu gramatikas<\/a> jomas <a href=\"https:\/\/talkpal.ai\/lv\/talkpal-izglitibai\/\">lo\u0123isk\u0101 sec\u012bb\u0101 valodas apguvei<\/a>, s\u0101kot no pamatiem, piem\u0113ram, lietv\u0101rdiem un rakstiem, un p\u0101rejot uz sare\u017e\u0123\u012bt\u0101k\u0101m jom\u0101m, piem\u0113ram, laikiem un teikumu uzb\u016bvi.<\/p>\n\n\n\n<h3 class=\"wp-block-heading\" id=\"h-1-nouns\">1. Lietv\u0101rdi:<\/h3>\n\n\n\n<p>S\u0101ciet savu telugu valodas ce\u013cojumu, apg\u016bstot lietv\u0101rdus. Tas ietver izpratni par da\u017e\u0101d\u0101m lietv\u0101rdu kategorij\u0101m, piem\u0113ram, parastajiem un \u012bpa\u0161v\u0101rdiem, to vienskait\u013ca un daudzskait\u013ca form\u0101m, un to, k\u0101 gad\u012bjuma mar\u0137ieri piesaista lietv\u0101rdus, lai par\u0101d\u012btu t\u0101das attiec\u012bbas k\u0101 objekts, vald\u012bjums, atra\u0161an\u0101s vieta un virziens.<\/p>\n\n\n\n<h3 class=\"wp-block-heading\" id=\"h-2-articles\">2. Raksti:<\/h3>\n\n\n\n<p>Telugu valod\u0101 netiek izmantoti noteikti vai nenoteikti raksti, k\u0101 to dara <a href=\"https:\/\/talkpal.ai\/ai-english-speaking-practice\/\">ang\u013cu valoda<\/a> . Noteikt\u012bba un nenoteikt\u012bba tiek izteikta kontekst\u0101 vai izmantojot t\u0101dus demonstrat\u012bvus k\u0101 \u0161is un tas, un cipars var darboties k\u0101 nenoteikts raksts.<\/p>\n\n\n\n<h3 class=\"wp-block-heading\" id=\"h-3-adjectives\">3. \u012apa\u0161\u012bbas v\u0101rdi:<\/h3>\n\n\n\n<p>Telugu valod\u0101 \u012bpa\u0161\u012bbas v\u0101rdi parasti ir pirms lietv\u0101rdiem, kurus tie modific\u0113. Uzziniet parast\u0101s \u012bpa\u0161\u012bbas v\u0101rdu formas, \u012bpa\u0161\u012bbas v\u0101rdu dal\u012bbniekus un to, k\u0101 veidot sal\u012bdzin\u0101jumus, izmantojot t\u0101dus v\u0101rdus k\u0101 vair\u0101k un nek\u0101, k\u0101 ar\u012b superlat\u012bvus, izmantojot t\u0101dus izteicienus k\u0101 \u013coti vai visvair\u0101k grup\u0101.<\/p>\n\n\n\n<h3 class=\"wp-block-heading\" id=\"h-4-pronouns-determiners\">4. Vietniekv\u0101rdi\/noteic\u0113ji:<\/h3>\n\n\n\n<p>Vietniekv\u0101rdi un noteic\u0113ji ir b\u016btiski telugu valod\u0101. Izp\u0113tiet personiskos, demonstrat\u012bvos un jaut\u0101juma vietniekv\u0101rdus, k\u0101 ar\u012b kvantitat\u012bvos un piedero\u0161os vietniekv\u0101rdus. Vald\u012bjums tiek par\u0101d\u012bts ar \u0123enit\u012bviem mar\u0137ieriem vai \u012bpa\u0161uma form\u0101m, un pareiza lieto\u0161ana ir nepiecie\u0161ama efekt\u012bvai komunik\u0101cijai un atbilsto\u0161iem goda l\u012bme\u0146iem.<\/p>\n\n\n\n<h3 class=\"wp-block-heading\" id=\"h-5-verbs\">5. Darb\u012bbas v\u0101rdi:<\/h3>\n\n\n\n<p>Telugu darb\u012bbas v\u0101rdi maina formu atkar\u012bb\u0101 no laika, aspekta, garast\u0101vok\u013ca, personas, skait\u013ca un da\u017ereiz dzimuma vai goda l\u012bme\u0146a. S\u0101ciet ar pamata darb\u012bbas v\u0101rdu k\u0101tiem un tagadnes, pag\u0101tnes un n\u0101kotnes form\u0101m, p\u0113c tam apg\u016bstiet kop\u012bgus imperat\u012bvus un verb\u0101los lietv\u0101rdus, kas tiek izmantoti bezgal\u012bgaj\u0101m funkcij\u0101m.<\/p>\n\n\n\n<h3 class=\"wp-block-heading\" id=\"h-6-tenses\">6. Sasprindzin\u0101jums:<\/h3>\n\n\n\n<p>P\u0113c darb\u012bbas v\u0101rdu pamatformu apguves iedzi\u013cinieties telugu laik\u0101 un aspekt\u0101. Saprast, k\u0101 darbojas tagadnes, pag\u0101tnes un n\u0101kotnes laiki, k\u0101 ar\u012b pilnveidojo\u0161\u0101s un parast\u0101s noz\u012bmes un k\u0101 pal\u012bgelementi veicina nianses.<\/p>\n\n\n\n<h3 class=\"wp-block-heading\" id=\"h-7-tense-comparison\">7. Saspringts sal\u012bdzin\u0101jums:<\/h3>\n\n\n\n<p>Laika sal\u012bdzin\u0101\u0161ana telugu valod\u0101 pal\u012bdz izprast notikumu sec\u012bbu un aspektu. Viena un t\u0101 pa\u0161a darb\u012bbas v\u0101rda konjug\u0101cija tagadn\u0113, pag\u0101tn\u0113, n\u0101kotn\u0113 un pilnveidojo\u0161os vai parastajos lietojumos sniegs skaidr\u0101ku izpratni par to, k\u0101 telugu valoda izsaka laiku.<\/p>\n\n\n\n<h3 class=\"wp-block-heading\" id=\"h-8-progressive\">8. Progres\u012bvs:<\/h3>\n\n\n\n<p>Progres\u012bvais telugu valod\u0101 izsaka nep\u0101rtrauktas darb\u012bbas un tiek veidots ar darb\u012bbas v\u0101rdu k\u0101tu, k\u0101 ar\u012b progres\u012bvo mar\u0137ieru un personiskaj\u0101m galotn\u0113m. Piem\u0113ram, es n\u0101ku veidojas ar progres\u012bvu k\u0101tu un atbilsto\u0161u galu.<\/p>\n\n\n\n<h3 class=\"wp-block-heading\" id=\"h-9-perfect-progressive\">9. Ide\u0101ls progres\u012bvs:<\/h3>\n\n\n\n<p>Darb\u012bbas, kas ir biju\u0161as l\u012bdz noteiktam punktam, parasti tiek izteiktas, izmantojot progres\u012bvo formu kop\u0101 ar laika izteiksm\u0113m, piem\u0113ram, kop\u0161 vai apvienojot progres\u012bvo ar pal\u012bgnoz\u012bmi, lai b\u016btu atbilsto\u0161\u0101 laik\u0101.<\/p>\n\n\n\n<h3 class=\"wp-block-heading\" id=\"h-10-conditionals\">10. Nosac\u012bjumi:<\/h3>\n\n\n\n<p>Nosac\u012bjumi izsaka hipot\u0113tiskas situ\u0101cijas un to iesp\u0113jamos rezult\u0101tus. Telugu valod\u0101 tiek izmantotas nosac\u012btas galotnes un da\u013ci\u0146as, kas noz\u012bm\u0113, ja, kas ir svar\u012bgi, lai veidotu nians\u0113t\u0101kus teikumus.<\/p>\n\n\n\n<h3 class=\"wp-block-heading\" id=\"h-11-adverbs\">11. Adverbi:<\/h3>\n\n\n\n<p>Telugu valodas adverbi modific\u0113 darb\u012bbas v\u0101rdus, \u012bpa\u0161\u012bbas v\u0101rdus vai citus adverbus. Tie sniedz inform\u0101ciju par veidu, vietu, laiku, gr\u0101du un daudz ko citu, un daudzi ir veidoti no \u012bpa\u0161\u012bbas v\u0101rdiem ar \u012bpa\u0161u adverb\u0101lu galotni.<\/p>\n\n\n\n<h3 class=\"wp-block-heading\" id=\"h-12-prepositions\">12. Priev\u0101rdi:<\/h3>\n\n\n\n<p>Telugu galvenok\u0101rt izmanto postpoz\u012bcijas, nevis priev\u0101rdus. Tie seko lietv\u0101rdam vai lietv\u0101rda fr\u0101zei un izsaka laika, vietas, virziena, pavad\u012bjuma un daudz ko citu, bie\u017ei vien kombin\u0101cij\u0101 ar gad\u012bjuma mar\u0137ieriem.<\/p>\n\n\n\n<h3 class=\"wp-block-heading\" id=\"h-13-sentences\">13. Teikumi:<\/h3>\n\n\n\n<p>Visbeidzot, praktiz\u0113jiet teikumu konstru\u0113\u0161anu. Telugu valoda parasti iev\u0113ro priek\u0161meta objekta darb\u012bbas v\u0101rdu sec\u012bbu, un teikumu veido\u0161ana ietvers visu iepriek\u0161 apg\u016bto gramatikas punktu izmanto\u0161anu kontekst\u0101, nodro\u0161inot visaptvero\u0161u valodas izpratni.<\/p>\n<\/div><\/div>\n\r\n<section class=\"learnNavigationSection\">\r\n            \r\n        <a href=\"https:\/\/talkpal.ai\/lv\/macities-telugu\/\">\r\n            <div class=\"learnNavigationWrapper\">\r\n                <div class=\"learnNavigationContent\">\r\n                    <img decoding=\"async\" src=\"https:\/\/talkpal.ai\/wp-content\/uploads\/2025\/11\/Telugu.png\" alt=\"Indian Simplified Flag\">\r\n                    <div>\r\n                        <h4>Par telugu m\u0101c\u012b\u0161anos<\/h4>\r\n                        <p>Uzziniet visu par telugu gramatiku.<\/p>\r\n                    <\/div>\r\n                <\/div>\r\n            <\/div>\r\n        <\/a>\r\n\r\n        \r\n        <a href=\"https:\/\/talkpal.ai\/lv\/telugu-gramatika\/\">\r\n            <div class=\"learnNavigationWrapper\">\r\n                <div class=\"learnNavigationContent\">\r\n                    <img decoding=\"async\" src=\"https:\/\/talkpal.ai\/wp-content\/uploads\/2025\/11\/Telugu.png\" alt=\"Indian Simplified Flag\">\r\n                    <div>\r\n                        <h4>Telugu gramatikas stundas<\/h4>\r\n                        <p>Praktiz\u0113jiet telugu gramatiku.<\/p>\r\n                    <\/div>\r\n                <\/div>\r\n            <\/div>\r\n        <\/a>\r\n\r\n            <\/section>","protected":false},"excerpt":{"rendered":"<p>Telugu gramatikas t\u0113mas Jaunas valodas apguve var b\u016bt izaicino\u0161s, bet atalgojo\u0161s darbs. Telugu, dravidie\u0161u valoda, kur\u0101 run\u0101 galvenok\u0101rt Indijas \u0161tatos Andhra Pradesh un Telangana, nav iz\u0146\u0113mums. Ar sav\u0101m unik\u0101laj\u0101m iez\u012bm\u0113m un strukt\u016br\u0101m telugu valodas apguvei ir nepiecie\u0161ama sistem\u0101tiska pieeja gramatikas izpratnei. \u0160aj\u0101 rokasgr\u0101mat\u0101 ir izkl\u0101st\u012btas galven\u0101s telugu gramatikas jomas lo\u0123isk\u0101 sec\u012bb\u0101 valodas apguvei, s\u0101kot no [&hellip;]<\/p>\n","protected":false},"author":20,"featured_media":0,"parent":0,"menu_order":0,"comment_status":"closed","ping_status":"closed","template":"LearningContentPage.php","meta":{"_acf_changed":false,"footnotes":""},"class_list":["post-1468732","page","type-page","status-publish","hentry"],"acf":[],"yoast_head":"<!-- This site is optimized with the Yoast SEO Premium plugin v27.2 (Yoast SEO v27.2) - https:\/\/yoast.com\/product\/yoast-seo-premium-wordpress\/ -->\n<title>Telugu gramatikas vingrin\u0101jumi - Talkpal<\/title>\n<meta name=\"description\" content=\"Apg\u016bstiet Telugu gramatiku, izmantojot m\u016bsu ar m\u0101ksl\u012bgo intelektu darbin\u0101mos vingrin\u0101jumus, kas aptver lietv\u0101rdus, darb\u012bbas v\u0101rdus, laikus un teikuma strukt\u016bru, lai efekt\u012bvi m\u0101c\u012btos.\" \/>\n<meta name=\"robots\" content=\"index, follow, max-snippet:-1, max-image-preview:large, max-video-preview:-1\" \/>\n<link rel=\"canonical\" href=\"https:\/\/talkpal.ai\/lv\/telugu-gramatikas-vingrinajumi\/\" \/>\n<meta property=\"og:locale\" content=\"lv_LV\" \/>\n<meta property=\"og:type\" content=\"article\" \/>\n<meta property=\"og:title\" content=\"Telugu gramatikas vingrin\u0101jumi\" \/>\n<meta property=\"og:description\" content=\"Telugu gramatikas t\u0113mas Jaunas valodas apguve var b\u016bt izaicino\u0161s, bet atalgojo\u0161s darbs. Telugu, dravidie\u0161u valoda, kur\u0101 run\u0101 galvenok\u0101rt Indijas \u0161tatos\" \/>\n<meta property=\"og:url\" content=\"https:\/\/talkpal.ai\/lv\/telugu-gramatikas-vingrinajumi\/\" \/>\n<meta property=\"og:site_name\" content=\"Talkpal\" \/>\n<meta property=\"article:publisher\" content=\"https:\/\/www.facebook.com\/profile.php?id=100090733639311\" \/>\n<meta property=\"article:modified_time\" content=\"2025-12-30T13:39:14+00:00\" \/>\n<meta property=\"og:image\" content=\"https:\/\/talkpal.ai\/wp-content\/uploads\/2025\/02\/Progress-tab-16_9.png\" \/>\n\t<meta property=\"og:image:width\" content=\"2880\" \/>\n\t<meta property=\"og:image:height\" content=\"1620\" \/>\n\t<meta property=\"og:image:type\" content=\"image\/png\" \/>\n<meta name=\"twitter:card\" content=\"summary_large_image\" \/>\n<meta name=\"twitter:site\" content=\"@talkpalai\" \/>\n<meta name=\"twitter:label1\" content=\"Est. reading time\" \/>\n\t<meta name=\"twitter:data1\" content=\"4 minutes\" \/>\n<script type=\"application\/ld+json\" class=\"yoast-schema-graph\">{\"@context\":\"https:\/\/schema.org\",\"@graph\":[{\"@type\":\"WebPage\",\"@id\":\"https:\/\/talkpal.ai\/lv\/telugu-gramatikas-vingrinajumi\/\",\"url\":\"https:\/\/talkpal.ai\/lv\/telugu-gramatikas-vingrinajumi\/\",\"name\":\"Telugu gramatikas vingrin\u0101jumi - Talkpal\",\"isPartOf\":{\"@id\":\"https:\/\/talkpal.ai\/lv\/#website\"},\"datePublished\":\"2025-11-12T17:13:26+00:00\",\"dateModified\":\"2025-12-30T13:39:14+00:00\",\"description\":\"Apg\u016bstiet Telugu gramatiku, izmantojot m\u016bsu ar m\u0101ksl\u012bgo intelektu darbin\u0101mos vingrin\u0101jumus, kas aptver lietv\u0101rdus, darb\u012bbas v\u0101rdus, laikus un teikuma strukt\u016bru, lai efekt\u012bvi m\u0101c\u012btos.\",\"breadcrumb\":{\"@id\":\"https:\/\/talkpal.ai\/lv\/telugu-gramatikas-vingrinajumi\/#breadcrumb\"},\"inLanguage\":\"lv-LV\",\"potentialAction\":[{\"@type\":\"ReadAction\",\"target\":[\"https:\/\/talkpal.ai\/lv\/telugu-gramatikas-vingrinajumi\/\"]}]},{\"@type\":\"BreadcrumbList\",\"@id\":\"https:\/\/talkpal.ai\/lv\/telugu-gramatikas-vingrinajumi\/#breadcrumb\",\"itemListElement\":[{\"@type\":\"ListItem\",\"position\":1,\"name\":\"Homepage\",\"item\":\"https:\/\/talkpal.ai\/lv\/\"},{\"@type\":\"ListItem\",\"position\":2,\"name\":\"Telugu gramatikas vingrin\u0101jumi\"}]},{\"@type\":\"WebSite\",\"@id\":\"https:\/\/talkpal.ai\/lv\/#website\",\"url\":\"https:\/\/talkpal.ai\/lv\/\",\"name\":\"Talkpal\",\"description\":\"AI Language Learning\",\"publisher\":{\"@id\":\"https:\/\/talkpal.ai\/lv\/#organization\"},\"alternateName\":\"Talkpal AI\",\"potentialAction\":[{\"@type\":\"SearchAction\",\"target\":{\"@type\":\"EntryPoint\",\"urlTemplate\":\"https:\/\/talkpal.ai\/lv\/?s={search_term_string}\"},\"query-input\":{\"@type\":\"PropertyValueSpecification\",\"valueRequired\":true,\"valueName\":\"search_term_string\"}}],\"inLanguage\":\"lv-LV\"},{\"@type\":\"Organization\",\"@id\":\"https:\/\/talkpal.ai\/lv\/#organization\",\"name\":\"Talkpal, Inc.\",\"alternateName\":\"Talkpal AI\",\"url\":\"https:\/\/talkpal.ai\/lv\/\",\"logo\":{\"@type\":\"ImageObject\",\"inLanguage\":\"lv-LV\",\"@id\":\"https:\/\/talkpal.ai\/lv\/#\/schema\/logo\/image\/\",\"url\":\"https:\/\/talkpal.ai\/wp-content\/uploads\/2024\/03\/Talkpal-Logo-Icon.png\",\"contentUrl\":\"https:\/\/talkpal.ai\/wp-content\/uploads\/2024\/03\/Talkpal-Logo-Icon.png\",\"width\":2880,\"height\":2880,\"caption\":\"Talkpal, Inc.\"},\"image\":{\"@id\":\"https:\/\/talkpal.ai\/lv\/#\/schema\/logo\/image\/\"},\"sameAs\":[\"https:\/\/www.facebook.com\/profile.php?id=100090733639311\",\"https:\/\/x.com\/talkpalai\",\"https:\/\/www.linkedin.com\/company\/talkpal\/\",\"https:\/\/www.youtube.com\/@TalkPal\/\",\"https:\/\/www.tiktok.com\/@talkpal\",\"https:\/\/www.instagram.com\/talkpal_ai\/\",\"https:\/\/www.crunchbase.com\/organization\/talkpal-9cde\",\"https:\/\/www.g2.com\/products\/talkpal-for-business\/\",\"https:\/\/www.trustpilot.com\/review\/talkpal.ai\",\"https:\/\/www.capterra.com\/p\/10006800\/TalkPal\/\"],\"description\":\"Talkpal is a language learning web and mobile education app, powered by the latest AI technologies, that provides engaging experiences to its customers in many different languages to help them improve their language skills. Users can chat about unlimited amount of topics with the app and use other modes to practice their language learning.\",\"email\":\"support@talkpal.ai\",\"legalName\":\"Talkpal, Inc.\",\"foundingDate\":\"2023-04-03\",\"duns\":\"118989042\",\"numberOfEmployees\":{\"@type\":\"QuantitativeValue\",\"minValue\":\"11\",\"maxValue\":\"50\"},\"publishingPrinciples\":\"https:\/\/talkpal.ai\/publishing-principles\/\",\"actionableFeedbackPolicy\":\"https:\/\/talkpal.ai\/actionable-feedback-policy\/\",\"correctionsPolicy\":\"https:\/\/talkpal.ai\/corrections-policy\/\",\"ethicsPolicy\":\"https:\/\/talkpal.ai\/ethics-policy\/\",\"diversityPolicy\":\"https:\/\/talkpal.ai\/diversity-policy\/\",\"diversityStaffingReport\":\"https:\/\/talkpal.ai\/diversity-policy\/\"}]}<\/script>\n<!-- \/ Yoast SEO Premium plugin. -->","yoast_head_json":{"title":"Telugu gramatikas vingrin\u0101jumi - Talkpal","description":"Apg\u016bstiet Telugu gramatiku, izmantojot m\u016bsu ar m\u0101ksl\u012bgo intelektu darbin\u0101mos vingrin\u0101jumus, kas aptver lietv\u0101rdus, darb\u012bbas v\u0101rdus, laikus un teikuma strukt\u016bru, lai efekt\u012bvi m\u0101c\u012btos.","robots":{"index":"index","follow":"follow","max-snippet":"max-snippet:-1","max-image-preview":"max-image-preview:large","max-video-preview":"max-video-preview:-1"},"canonical":"https:\/\/talkpal.ai\/lv\/telugu-gramatikas-vingrinajumi\/","og_locale":"lv_LV","og_type":"article","og_title":"Telugu gramatikas vingrin\u0101jumi","og_description":"Telugu gramatikas t\u0113mas Jaunas valodas apguve var b\u016bt izaicino\u0161s, bet atalgojo\u0161s darbs. Telugu, dravidie\u0161u valoda, kur\u0101 run\u0101 galvenok\u0101rt Indijas \u0161tatos","og_url":"https:\/\/talkpal.ai\/lv\/telugu-gramatikas-vingrinajumi\/","og_site_name":"Talkpal","article_publisher":"https:\/\/www.facebook.com\/profile.php?id=100090733639311","article_modified_time":"2025-12-30T13:39:14+00:00","og_image":[{"width":2880,"height":1620,"url":"https:\/\/talkpal.ai\/wp-content\/uploads\/2025\/02\/Progress-tab-16_9.png","type":"image\/png"}],"twitter_card":"summary_large_image","twitter_site":"@talkpalai","twitter_misc":{"Est. reading time":"4 minutes"},"schema":{"@context":"https:\/\/schema.org","@graph":[{"@type":"WebPage","@id":"https:\/\/talkpal.ai\/lv\/telugu-gramatikas-vingrinajumi\/","url":"https:\/\/talkpal.ai\/lv\/telugu-gramatikas-vingrinajumi\/","name":"Telugu gramatikas vingrin\u0101jumi - Talkpal","isPartOf":{"@id":"https:\/\/talkpal.ai\/lv\/#website"},"datePublished":"2025-11-12T17:13:26+00:00","dateModified":"2025-12-30T13:39:14+00:00","description":"Apg\u016bstiet Telugu gramatiku, izmantojot m\u016bsu ar m\u0101ksl\u012bgo intelektu darbin\u0101mos vingrin\u0101jumus, kas aptver lietv\u0101rdus, darb\u012bbas v\u0101rdus, laikus un teikuma strukt\u016bru, lai efekt\u012bvi m\u0101c\u012btos.","breadcrumb":{"@id":"https:\/\/talkpal.ai\/lv\/telugu-gramatikas-vingrinajumi\/#breadcrumb"},"inLanguage":"lv-LV","potentialAction":[{"@type":"ReadAction","target":["https:\/\/talkpal.ai\/lv\/telugu-gramatikas-vingrinajumi\/"]}]},{"@type":"BreadcrumbList","@id":"https:\/\/talkpal.ai\/lv\/telugu-gramatikas-vingrinajumi\/#breadcrumb","itemListElement":[{"@type":"ListItem","position":1,"name":"Homepage","item":"https:\/\/talkpal.ai\/lv\/"},{"@type":"ListItem","position":2,"name":"Telugu gramatikas vingrin\u0101jumi"}]},{"@type":"WebSite","@id":"https:\/\/talkpal.ai\/lv\/#website","url":"https:\/\/talkpal.ai\/lv\/","name":"Talkpal","description":"AI Language Learning","publisher":{"@id":"https:\/\/talkpal.ai\/lv\/#organization"},"alternateName":"Talkpal AI","potentialAction":[{"@type":"SearchAction","target":{"@type":"EntryPoint","urlTemplate":"https:\/\/talkpal.ai\/lv\/?s={search_term_string}"},"query-input":{"@type":"PropertyValueSpecification","valueRequired":true,"valueName":"search_term_string"}}],"inLanguage":"lv-LV"},{"@type":"Organization","@id":"https:\/\/talkpal.ai\/lv\/#organization","name":"Talkpal, Inc.","alternateName":"Talkpal AI","url":"https:\/\/talkpal.ai\/lv\/","logo":{"@type":"ImageObject","inLanguage":"lv-LV","@id":"https:\/\/talkpal.ai\/lv\/#\/schema\/logo\/image\/","url":"https:\/\/talkpal.ai\/wp-content\/uploads\/2024\/03\/Talkpal-Logo-Icon.png","contentUrl":"https:\/\/talkpal.ai\/wp-content\/uploads\/2024\/03\/Talkpal-Logo-Icon.png","width":2880,"height":2880,"caption":"Talkpal, Inc."},"image":{"@id":"https:\/\/talkpal.ai\/lv\/#\/schema\/logo\/image\/"},"sameAs":["https:\/\/www.facebook.com\/profile.php?id=100090733639311","https:\/\/x.com\/talkpalai","https:\/\/www.linkedin.com\/company\/talkpal\/","https:\/\/www.youtube.com\/@TalkPal\/","https:\/\/www.tiktok.com\/@talkpal","https:\/\/www.instagram.com\/talkpal_ai\/","https:\/\/www.crunchbase.com\/organization\/talkpal-9cde","https:\/\/www.g2.com\/products\/talkpal-for-business\/","https:\/\/www.trustpilot.com\/review\/talkpal.ai","https:\/\/www.capterra.com\/p\/10006800\/TalkPal\/"],"description":"Talkpal is a language learning web and mobile education app, powered by the latest AI technologies, that provides engaging experiences to its customers in many different languages to help them improve their language skills. Users can chat about unlimited amount of topics with the app and use other modes to practice their language learning.","email":"support@talkpal.ai","legalName":"Talkpal, Inc.","foundingDate":"2023-04-03","duns":"118989042","numberOfEmployees":{"@type":"QuantitativeValue","minValue":"11","maxValue":"50"},"publishingPrinciples":"https:\/\/talkpal.ai\/publishing-principles\/","actionableFeedbackPolicy":"https:\/\/talkpal.ai\/actionable-feedback-policy\/","correctionsPolicy":"https:\/\/talkpal.ai\/corrections-policy\/","ethicsPolicy":"https:\/\/talkpal.ai\/ethics-policy\/","diversityPolicy":"https:\/\/talkpal.ai\/diversity-policy\/","diversityStaffingReport":"https:\/\/talkpal.ai\/diversity-policy\/"}]}},"_links":{"self":[{"href":"https:\/\/talkpal.ai\/lv\/wp-json\/wp\/v2\/pages\/1468732","targetHints":{"allow":["GET"]}}],"collection":[{"href":"https:\/\/talkpal.ai\/lv\/wp-json\/wp\/v2\/pages"}],"about":[{"href":"https:\/\/talkpal.ai\/lv\/wp-json\/wp\/v2\/types\/page"}],"author":[{"embeddable":true,"href":"https:\/\/talkpal.ai\/lv\/wp-json\/wp\/v2\/users\/20"}],"replies":[{"embeddable":true,"href":"https:\/\/talkpal.ai\/lv\/wp-json\/wp\/v2\/comments?post=1468732"}],"version-history":[{"count":0,"href":"https:\/\/talkpal.ai\/lv\/wp-json\/wp\/v2\/pages\/1468732\/revisions"}],"wp:attachment":[{"href":"https:\/\/talkpal.ai\/lv\/wp-json\/wp\/v2\/media?parent=1468732"}],"curies":[{"name":"wp","href":"https:\/\/api.w.org\/{rel}","templated":true}]}}