{"id":1468685,"date":"2025-11-11T15:06:39","date_gmt":"2025-11-11T15:06:39","guid":{"rendered":"https:\/\/talkpal.ai\/asamiesu-valodas-gramatika\/"},"modified":"2025-12-30T15:41:54","modified_gmt":"2025-12-30T15:41:54","slug":"asamiesu-valodas-gramatika","status":"publish","type":"page","link":"https:\/\/talkpal.ai\/lv\/asamiesu-valodas-gramatika\/","title":{"rendered":"Asamie\u0161u valodas gramatika"},"content":{"rendered":"\r\n\r\n\r\n<section class=\"languageChallengeSection\">\r\n    <div class=\"languageInfoWrapper\">\r\n        \r\n        <h1>Asamie\u0161u valodas gramatika<\/h1>\r\n        <p><a href=\"https:\/\/talkpal.ai\/learn-assamese\/\">Asamie\u0161u<\/a> gramatika s\u0101kum\u0101 var \u0161\u0137ist izaicino\u0161s, ta\u010du t\u0101s unik\u0101l\u0101s iez\u012bmes padara <a href=\"https:\/\/talkpal.ai\/what-language-is-spoken-on-the-international-space-station\/\">valodas<\/a> apguvi par atalgojo\u0161u pieredzi. Izp\u0113tot t\u0101s alfab\u0113tu, mut\u0101cijas un gramatikas noteikumus, j\u016bs g\u016bsiet ieskatu bag\u0101t\u0101 valodas trad\u012bcij\u0101. S\u0101ciet savu ce\u013cojumu un atkl\u0101jiet asamie\u0161u skaistumu!<\/p>\r\n\r\n                            <a class=\"getStartedHidden\" href=\"https:\/\/app.talkpal.ai\/lv\/signup?lng=\">S\u0101c<\/a>\r\n        \r\n    <\/div>\r\n\r\n    <figure>\r\n    <img decoding=\"async\" width=\"768\" height=\"768\" src=\"https:\/\/talkpal.ai\/wp-content\/uploads\/2023\/06\/welsh-768x768.png\" class=\"languageImage no-lazy\" alt=\"Language learning for better cognitive abilities\" fetchpriority=\"high\" sizes=\"(max-width: 768px) 150px, 768px\" srcset=\"https:\/\/talkpal.ai\/wp-content\/uploads\/2023\/06\/welsh-768x768.png 768w, https:\/\/talkpal.ai\/wp-content\/uploads\/2023\/06\/welsh-300x300.png 300w\" \/>\r\n    \r\n\r\n    <\/figure>\r\n\r\n            <a class=\"getStartedVisible\" href=\"https:\/\/app.talkpal.ai\/lv\/signup?lng=\">S\u0101c<\/a>\r\n    \r\n<\/section><section class=\"promotionalBanner\">\r\n    <p class=\"promotionalText\">Visefekt\u012bv\u0101kais <a href=\"https:\/\/talkpal.ai\/best-way-to-learn\/\">veids<\/a>, k\u0101 apg\u016bt valodu<\/p>\r\n    <a class=\"promotionalLink\" href=\"https:\/\/app.talkpal.ai\/lv\/signup?lng=\">Izm\u0113\u0123iniet Talkpal bez maksas<\/a>\r\n<\/section>\n<div class=\"wp-block-group pageContainerStyle\"><div class=\"wp-block-group__inner-container is-layout-constrained wp-block-group-is-layout-constrained\">\n<h2 class=\"wp-block-heading\" id=\"h-navigating-the-intricacies-of-assamese-grammar\">Navig\u0101cija asamie\u0161u gramatikas sare\u017e\u0123\u012bjumos<\/h2>\n\n\n\n<p><a href=\"https:\/\/talkpal.ai\/lv\/macities-asamiesu-valodu\/\">Asamie\u0161u valoda<\/a>, indo\u0101rie\u0161u valoda ar bag\u0101tu v\u0113sturi un kult\u016bras noz\u012bmi, pied\u0101v\u0101 aizraujo\u0161u lingvistisko pieredzi tiem, kas v\u0113las izp\u0113t\u012bt t\u0101s unik\u0101lo gramatikas sist\u0113mu. Ieejot asamie\u0161u valst\u012bb\u0101, j\u016bs ne tikai bag\u0101tin\u0101siet savu lingvistisko repertu\u0101ru, bet ar\u012b iesaist\u012bsieties aizraujo\u0161\u0101 kult\u016bras ce\u013cojum\u0101. Lai gan <a href=\"https:\/\/talkpal.ai\/assamese-grammar\/\">asamie\u0161u gramatika<\/a> s\u0101kum\u0101 var \u0161\u0137ist sare\u017e\u0123\u012bta, t\u0101s sadal\u012b\u0161ana galvenaj\u0101s sast\u0101vda\u013c\u0101s padara valodas apguvi pieejam\u0101ku. \u0160aj\u0101 rakst\u0101 m\u0113s izp\u0113t\u012bsim aizraujo\u0161o asamie\u0161u gramatikas pasauli un sniegsim padomus, k\u0101 apg\u016bt t\u0101s sare\u017e\u0123\u012bt\u012bbu.<\/p>\n\n\n\n<h3 class=\"wp-block-heading\" id=\"h-1-assamese-alphabet-and-phonetics\">1. Asamie\u0161u alfab\u0113ts un fon\u0113tika<\/h3>\n\n\n\n<p>Asamie\u0161u rakst\u012bbas sist\u0113ma izmanto austrumu Nagari rakst\u012bbu un ietver at\u0161\u0137ir\u012bgas rakstz\u012bmes un ska\u0146as v\u0113rt\u012bbas, piem\u0113ram, \u09f0 ra un \u09f1 wa, k\u0101 ar\u012b l\u012bdzska\u0146u kopas un patska\u0146u diakritisk\u0101s z\u012bmes. Lai apg\u016btu asamie\u0161u gramatiku, ir svar\u012bgi iepaz\u012bties ar \u0161o rakst\u012bbu un t\u0101 fon\u0113tiku, praktiz\u0113jot las\u012b\u0161anu un rakst\u012b\u0161anu asamie\u0161u valod\u0101.<\/p>\n\n\n\n<h3 class=\"wp-block-heading\" id=\"h-2-sandhi-and-sound-changes-a-peculiar-assamese-feature\">2. Sandhi un ska\u0146as izmai\u0146as: savdab\u012bga asamie\u0161u iez\u012bme<\/h3>\n\n\n\n<p>P\u0101rsteidzo\u0161s asamie\u0161u valodas aspekts ir sandhi un fonolo\u0123isko mai\u0146u loma, kas rodas, kad v\u0101rdi apvienojas vai kad pievieno sufiksus. J\u016bs sastapsieties ar t\u0101diem procesiem k\u0101 schwa dz\u0113\u0161ana sarunvalod\u0101, sl\u012bd\u0113\u0161anas ievieto\u0161ana starp patska\u0146iem un main\u012bgas gad\u012bjumu mar\u0137ieru un sufiksu formas, piem\u0113ram, -or vai -ar \u0123enit\u012bvam un -ok vai -ak akuzat\u012bvam vai dat\u012bvam. Izpratne, kad un k\u0101 \u0161\u012bs izmai\u0146as notiek, ir \u013coti svar\u012bga prec\u012bzai un dabiskai sazi\u0146ai asamie\u0161u valod\u0101.<\/p>\n\n\n\n<h3 class=\"wp-block-heading\" id=\"h-3-nouns-and-pronouns-number-classifiers-and-cases\">3. Lietv\u0101rdi un vietniekv\u0101rdi: skaits, klasifikatori un gad\u012bjumi<\/h3>\n\n\n\n<p>Asamie\u0161u lietv\u0101rdiem nav gramatisk\u0101s dzimtes, bet skaitlis un noteikt\u012bba tiek izteikti ar daudzskait\u013ca mar\u0137ieriem un klasifikatoriem. Parastie daudzskait\u013ca mar\u0137ieri ir -bor un -bilak, savuk\u0101rt klasifikatori, piem\u0113ram, -ta, -khon un -zoni, ir bie\u017ei sastopami lietv\u0101rdu fr\u0101z\u0113s ar cipariem vai noteikt\u012bbu. Asamie\u0161u valod\u0101 tiek izmantoti postpoz\u012bcijas un gad\u012bjuma mar\u0137ieri, ieskaitot \u0123enit\u012bvu -vai -ar, akuzat\u012bvu vai dat\u012bvu -ok vai -ak, lokat\u012bvu -at vai -ot, instrument\u0101lu vai a\u0123entu -e, ablat\u012bvu -poru un komitat\u012bvu logotu. Vietniekv\u0101rdi ietver personisk\u0101s formas, piem\u0113ram, moi I, toi vai tumi vai apuni j\u016bs ar da\u017e\u0101diem paz\u012bstam\u012bbas un piekl\u0101j\u012bbas l\u012bme\u0146iem, un se vi\u0146\u0161 vai vi\u0146a, ar daudzskait\u013ciem, piem\u0113ram, <a href=\"https:\/\/talkpal.ai\/locations\/language-courses-in-ami\/\">ami<\/a> we un teolok vi\u0146i. \u012apa\u0161uma formas tiek veidotas ar \u0123enit\u012bvu, piem\u0113ram, mur my, tomar ur, apunar j\u016bsu piekl\u0101j\u012bba, darva vi\u0146a vai vi\u0146a. Refleks\u012bvie nij un nijeke, demonstrat\u012bvie eita to un seita to, un iztauj\u0101t\u0101ji, piem\u0113ram, kune kas, ki ko, kot kur un ketiya, kad ir b\u016btiski m\u0101c\u012bties.<\/p>\n\n\n\n<h3 class=\"wp-block-heading\" id=\"h-4-verbs-structure-and-conjugation\">4. Darb\u012bbas v\u0101rdi: strukt\u016bra un konjug\u0101cija<\/h3>\n\n\n\n<p>Asamie\u0161u darb\u012bbas v\u0101rdi ir atz\u012bm\u0113ti p\u0113c laika, aspekta, noska\u0146ojuma un polarit\u0101tes, bie\u017ei vien ar pal\u012bgl\u012bdzek\u013ciem, un tiem ir ierobe\u017eota vieno\u0161an\u0101s. B\u016btiskie laiki ir tagadne, pag\u0101tne un n\u0101kotne, k\u0101 ar\u012b t\u0101di aspekti k\u0101 progres\u012bvs un perfekts. Noliegums parasti izmanto na pirms darb\u012bbas v\u0101rda vai pal\u012bgv\u0101rda, un negat\u012bvais eksistenci\u0101ls ir nai. Imperat\u012bvi at\u0161\u0137iras atkar\u012bb\u0101 no piekl\u0101j\u012bbas l\u012bme\u0146a, piem\u0113ram, kor do, kora vai korun piekl\u0101j\u012bgs. Apg\u016bstot galvenos konjug\u0101cijas mode\u013cus un to, k\u0101 pal\u012bgl\u012bdzek\u013ci izsaka aspektu, iev\u0113rojami uzlabosies j\u016bsu sp\u0113ja efekt\u012bvi sazin\u0101ties asamie\u0161u valod\u0101.<\/p>\n\n\n\n<h3 class=\"wp-block-heading\" id=\"h-5-adjectives-agreement-and-placement\">5. \u012apa\u0161\u012bbas v\u0101rdi: vieno\u0161an\u0101s un izvietojums<\/h3>\n\n\n\n<p>n Asamie\u0161u gramatik\u0101 \u012bpa\u0161\u012bbas v\u0101rdi parasti ir pirms lietv\u0101rda, ko tie modific\u0113, un nesakr\u012bt ar lietv\u0101rdu p\u0113c dzimuma vai skait\u013ca. Sal\u012bdzin\u0101\u0161anas pak\u0101pes parasti veidojas ar adverbiem un perifrastisk\u0101m konstrukcij\u0101m, piem\u0113ram, izmantojot besi vair\u0101k un \u013coti mar\u0137ierus uzsvaram. Kop\u012bgu mode\u013cu apguve pal\u012bdz\u0113s jums izklaus\u012bties dabiski ikdienas run\u0101.  <\/p>\n\n\n\n<p><strong>Piem\u0113ri:<\/strong><\/p>\n\n\n\n<p><strong>&#8211; Dangor Morom (Liela m\u012blest\u012bba)<\/strong><\/p>\n\n\n\n<p><strong>&#8211; xoru sishu-bilak (mazi b\u0113rni)<\/strong><\/p>\n\n\n\n<h3 class=\"wp-block-heading\" id=\"h-6-engaging-with-the-language\">6. Iesaist\u012b\u0161an\u0101s valod\u0101<\/h3>\n\n\n\n<p>Visefekt\u012bv\u0101kais veids, k\u0101 piln\u012bb\u0101 izprast un internaliz\u0113t asamie\u0161u gramatiku, ir konsekventi iesaist\u012bties valod\u0101. Lasot asamie\u0161u literat\u016bru, skatoties asamie\u0161u filmas vai telev\u012bzijas seri\u0101lus, klausoties asamie\u0161u zi\u0146as vai radio un akt\u012bvi sazinoties ar dzimt\u0101 valoda, j\u016bs nostiprin\u0101siet savu izpratni par gramatiku, vienlaikus papla\u0161inot v\u0101rdu kr\u0101jumu.<\/p>\n\n\n\n<h3 class=\"wp-block-heading\" id=\"h-conclusion\">Secin\u0101jums<\/h3>\n\n\n\n<p>Lai gan asamie\u0161u gramatika var \u0161\u0137ist sare\u017e\u0123\u012bta, j\u016bs varat apg\u016bt \u0161o skaisto valodu ar cent\u012bbu, praksi un entuziasmu. Koncentr\u0113joties uz pamatnoteikumiem un iesaistoties valod\u0101 da\u017e\u0101dos kontekstos, j\u016bs \u0101tri uzlabosiet savas asamie\u0161u <a href=\"https:\/\/talkpal.ai\/lv\/gramatika\/\">gramatikas prasmes<\/a>. Xubheccha (veiksmi) sav\u0101 asamie\u0161u valodas ce\u013cojum\u0101 un izbaudiet bag\u0101t\u012bgo un valdzino\u0161o asamie\u0161u gramatikas pasauli!<\/p>\n<\/div><\/div>\n\r\n<section class=\"learnNavigationSection\">\r\n            \r\n        <a href=\"https:\/\/talkpal.ai\/lv\/macities-asamiesu-valodu\/\">\r\n            <div class=\"learnNavigationWrapper\">\r\n                <div class=\"learnNavigationContent\">\r\n                    <img decoding=\"async\" src=\"https:\/\/talkpal.ai\/wp-content\/uploads\/2025\/11\/Assamese.png\" alt=\"Indian Simplified Flag\">\r\n                    <div>\r\n                        <h4>Par asamie\u0161u valodas m\u0101c\u012b\u0161anos<\/h4>\r\n                        <p>Uzziniet visu par asamie\u0161u gramatiku.<\/p>\r\n                    <\/div>\r\n                <\/div>\r\n            <\/div>\r\n        <\/a>\r\n\r\n        \r\n        <a href=\"https:\/\/talkpal.ai\/lv\/asamiesu-gramatikas-vingrinajumi\/\">\r\n            <div class=\"learnNavigationWrapper\">\r\n                <div class=\"learnNavigationContent\">\r\n                    <img decoding=\"async\" src=\"https:\/\/talkpal.ai\/wp-content\/uploads\/2025\/11\/Assamese.png\" alt=\"Indian Simplified Flag\">\r\n                    <div>\r\n                        <h4>Asamie\u0161u gramatikas vingrin\u0101jums<\/h4>\r\n                        <p>Praktiz\u0113jiet asamie\u0161u gramatiku.<\/p>\r\n                    <\/div>\r\n                <\/div>\r\n            <\/div>\r\n        <\/a>\r\n\r\n            <\/section>","protected":false},"excerpt":{"rendered":"<p>Navig\u0101cija asamie\u0161u gramatikas sare\u017e\u0123\u012bjumos Asamie\u0161u valoda, indo\u0101rie\u0161u valoda ar bag\u0101tu v\u0113sturi un kult\u016bras noz\u012bmi, pied\u0101v\u0101 aizraujo\u0161u lingvistisko pieredzi tiem, kas v\u0113las izp\u0113t\u012bt t\u0101s unik\u0101lo gramatikas sist\u0113mu. Ieejot asamie\u0161u valst\u012bb\u0101, j\u016bs ne tikai bag\u0101tin\u0101siet savu lingvistisko repertu\u0101ru, bet ar\u012b iesaist\u012bsieties aizraujo\u0161\u0101 kult\u016bras ce\u013cojum\u0101. Lai gan asamie\u0161u gramatika s\u0101kum\u0101 var \u0161\u0137ist sare\u017e\u0123\u012bta, t\u0101s sadal\u012b\u0161ana galvenaj\u0101s sast\u0101vda\u013c\u0101s padara [&hellip;]<\/p>\n","protected":false},"author":20,"featured_media":0,"parent":0,"menu_order":0,"comment_status":"closed","ping_status":"closed","template":"LearningContentPage.php","meta":{"_acf_changed":false,"footnotes":""},"class_list":["post-1468685","page","type-page","status-publish","hentry"],"acf":[],"yoast_head":"<!-- This site is optimized with the Yoast SEO Premium plugin v27.2 (Yoast SEO v27.2) - https:\/\/yoast.com\/product\/yoast-seo-premium-wordpress\/ -->\n<title>Asamie\u0161u valodas gramatika - Talkpal<\/title>\n<meta name=\"description\" content=\"Apg\u016bstiet asamie\u0161u valodas gramatikas nianses ar Talkpal AI, lai uzlabotu savas zin\u0101\u0161anas un run\u0101tu piln\u012bgi dro\u0161i jau \u0161odien.\" \/>\n<meta name=\"robots\" content=\"index, follow, max-snippet:-1, max-image-preview:large, max-video-preview:-1\" \/>\n<link rel=\"canonical\" href=\"https:\/\/talkpal.ai\/lv\/asamiesu-valodas-gramatika\/\" \/>\n<meta property=\"og:locale\" content=\"lv_LV\" \/>\n<meta property=\"og:type\" content=\"article\" \/>\n<meta property=\"og:title\" content=\"Asamie\u0161u valodas gramatika\" \/>\n<meta property=\"og:description\" content=\"Navig\u0101cija asamie\u0161u gramatikas sare\u017e\u0123\u012bjumos Asamie\u0161u valoda, indo\u0101rie\u0161u valoda ar bag\u0101tu v\u0113sturi un kult\u016bras noz\u012bmi, pied\u0101v\u0101 aizraujo\u0161u lingvistisko\" \/>\n<meta property=\"og:url\" content=\"https:\/\/talkpal.ai\/lv\/asamiesu-valodas-gramatika\/\" \/>\n<meta property=\"og:site_name\" content=\"Talkpal\" \/>\n<meta property=\"article:publisher\" content=\"https:\/\/www.facebook.com\/profile.php?id=100090733639311\" \/>\n<meta property=\"article:modified_time\" content=\"2025-12-30T15:41:54+00:00\" \/>\n<meta property=\"og:image\" content=\"https:\/\/talkpal.ai\/wp-content\/uploads\/2025\/02\/Progress-tab-16_9.png\" \/>\n\t<meta property=\"og:image:width\" content=\"2880\" \/>\n\t<meta property=\"og:image:height\" content=\"1620\" \/>\n\t<meta property=\"og:image:type\" content=\"image\/png\" \/>\n<meta name=\"twitter:card\" content=\"summary_large_image\" \/>\n<meta name=\"twitter:site\" content=\"@talkpalai\" \/>\n<meta name=\"twitter:label1\" content=\"Est. reading time\" \/>\n\t<meta name=\"twitter:data1\" content=\"4 minutes\" \/>\n<script type=\"application\/ld+json\" class=\"yoast-schema-graph\">{\"@context\":\"https:\/\/schema.org\",\"@graph\":[{\"@type\":\"WebPage\",\"@id\":\"https:\/\/talkpal.ai\/lv\/asamiesu-valodas-gramatika\/\",\"url\":\"https:\/\/talkpal.ai\/lv\/asamiesu-valodas-gramatika\/\",\"name\":\"Asamie\u0161u valodas gramatika - Talkpal\",\"isPartOf\":{\"@id\":\"https:\/\/talkpal.ai\/lv\/#website\"},\"datePublished\":\"2025-11-11T15:06:39+00:00\",\"dateModified\":\"2025-12-30T15:41:54+00:00\",\"description\":\"Apg\u016bstiet asamie\u0161u valodas gramatikas nianses ar Talkpal AI, lai uzlabotu savas zin\u0101\u0161anas un run\u0101tu piln\u012bgi dro\u0161i jau \u0161odien.\",\"breadcrumb\":{\"@id\":\"https:\/\/talkpal.ai\/lv\/asamiesu-valodas-gramatika\/#breadcrumb\"},\"inLanguage\":\"lv-LV\",\"potentialAction\":[{\"@type\":\"ReadAction\",\"target\":[\"https:\/\/talkpal.ai\/lv\/asamiesu-valodas-gramatika\/\"]}]},{\"@type\":\"BreadcrumbList\",\"@id\":\"https:\/\/talkpal.ai\/lv\/asamiesu-valodas-gramatika\/#breadcrumb\",\"itemListElement\":[{\"@type\":\"ListItem\",\"position\":1,\"name\":\"Homepage\",\"item\":\"https:\/\/talkpal.ai\/lv\/\"},{\"@type\":\"ListItem\",\"position\":2,\"name\":\"Asamie\u0161u valodas gramatika\"}]},{\"@type\":\"WebSite\",\"@id\":\"https:\/\/talkpal.ai\/lv\/#website\",\"url\":\"https:\/\/talkpal.ai\/lv\/\",\"name\":\"Talkpal\",\"description\":\"AI Language Learning\",\"publisher\":{\"@id\":\"https:\/\/talkpal.ai\/lv\/#organization\"},\"alternateName\":\"Talkpal AI\",\"potentialAction\":[{\"@type\":\"SearchAction\",\"target\":{\"@type\":\"EntryPoint\",\"urlTemplate\":\"https:\/\/talkpal.ai\/lv\/?s={search_term_string}\"},\"query-input\":{\"@type\":\"PropertyValueSpecification\",\"valueRequired\":true,\"valueName\":\"search_term_string\"}}],\"inLanguage\":\"lv-LV\"},{\"@type\":\"Organization\",\"@id\":\"https:\/\/talkpal.ai\/lv\/#organization\",\"name\":\"Talkpal, Inc.\",\"alternateName\":\"Talkpal AI\",\"url\":\"https:\/\/talkpal.ai\/lv\/\",\"logo\":{\"@type\":\"ImageObject\",\"inLanguage\":\"lv-LV\",\"@id\":\"https:\/\/talkpal.ai\/lv\/#\/schema\/logo\/image\/\",\"url\":\"https:\/\/talkpal.ai\/wp-content\/uploads\/2024\/03\/Talkpal-Logo-Icon.png\",\"contentUrl\":\"https:\/\/talkpal.ai\/wp-content\/uploads\/2024\/03\/Talkpal-Logo-Icon.png\",\"width\":2880,\"height\":2880,\"caption\":\"Talkpal, Inc.\"},\"image\":{\"@id\":\"https:\/\/talkpal.ai\/lv\/#\/schema\/logo\/image\/\"},\"sameAs\":[\"https:\/\/www.facebook.com\/profile.php?id=100090733639311\",\"https:\/\/x.com\/talkpalai\",\"https:\/\/www.linkedin.com\/company\/talkpal\/\",\"https:\/\/www.youtube.com\/@TalkPal\/\",\"https:\/\/www.tiktok.com\/@talkpal\",\"https:\/\/www.instagram.com\/talkpal_ai\/\",\"https:\/\/www.crunchbase.com\/organization\/talkpal-9cde\",\"https:\/\/www.g2.com\/products\/talkpal-for-business\/\",\"https:\/\/www.trustpilot.com\/review\/talkpal.ai\",\"https:\/\/www.capterra.com\/p\/10006800\/TalkPal\/\"],\"description\":\"Talkpal is a language learning web and mobile education app, powered by the latest AI technologies, that provides engaging experiences to its customers in many different languages to help them improve their language skills. Users can chat about unlimited amount of topics with the app and use other modes to practice their language learning.\",\"email\":\"support@talkpal.ai\",\"legalName\":\"Talkpal, Inc.\",\"foundingDate\":\"2023-04-03\",\"duns\":\"118989042\",\"numberOfEmployees\":{\"@type\":\"QuantitativeValue\",\"minValue\":\"11\",\"maxValue\":\"50\"},\"publishingPrinciples\":\"https:\/\/talkpal.ai\/publishing-principles\/\",\"actionableFeedbackPolicy\":\"https:\/\/talkpal.ai\/actionable-feedback-policy\/\",\"correctionsPolicy\":\"https:\/\/talkpal.ai\/corrections-policy\/\",\"ethicsPolicy\":\"https:\/\/talkpal.ai\/ethics-policy\/\",\"diversityPolicy\":\"https:\/\/talkpal.ai\/diversity-policy\/\",\"diversityStaffingReport\":\"https:\/\/talkpal.ai\/diversity-policy\/\"}]}<\/script>\n<!-- \/ Yoast SEO Premium plugin. -->","yoast_head_json":{"title":"Asamie\u0161u valodas gramatika - Talkpal","description":"Apg\u016bstiet asamie\u0161u valodas gramatikas nianses ar Talkpal AI, lai uzlabotu savas zin\u0101\u0161anas un run\u0101tu piln\u012bgi dro\u0161i jau \u0161odien.","robots":{"index":"index","follow":"follow","max-snippet":"max-snippet:-1","max-image-preview":"max-image-preview:large","max-video-preview":"max-video-preview:-1"},"canonical":"https:\/\/talkpal.ai\/lv\/asamiesu-valodas-gramatika\/","og_locale":"lv_LV","og_type":"article","og_title":"Asamie\u0161u valodas gramatika","og_description":"Navig\u0101cija asamie\u0161u gramatikas sare\u017e\u0123\u012bjumos Asamie\u0161u valoda, indo\u0101rie\u0161u valoda ar bag\u0101tu v\u0113sturi un kult\u016bras noz\u012bmi, pied\u0101v\u0101 aizraujo\u0161u lingvistisko","og_url":"https:\/\/talkpal.ai\/lv\/asamiesu-valodas-gramatika\/","og_site_name":"Talkpal","article_publisher":"https:\/\/www.facebook.com\/profile.php?id=100090733639311","article_modified_time":"2025-12-30T15:41:54+00:00","og_image":[{"width":2880,"height":1620,"url":"https:\/\/talkpal.ai\/wp-content\/uploads\/2025\/02\/Progress-tab-16_9.png","type":"image\/png"}],"twitter_card":"summary_large_image","twitter_site":"@talkpalai","twitter_misc":{"Est. reading time":"4 minutes"},"schema":{"@context":"https:\/\/schema.org","@graph":[{"@type":"WebPage","@id":"https:\/\/talkpal.ai\/lv\/asamiesu-valodas-gramatika\/","url":"https:\/\/talkpal.ai\/lv\/asamiesu-valodas-gramatika\/","name":"Asamie\u0161u valodas gramatika - Talkpal","isPartOf":{"@id":"https:\/\/talkpal.ai\/lv\/#website"},"datePublished":"2025-11-11T15:06:39+00:00","dateModified":"2025-12-30T15:41:54+00:00","description":"Apg\u016bstiet asamie\u0161u valodas gramatikas nianses ar Talkpal AI, lai uzlabotu savas zin\u0101\u0161anas un run\u0101tu piln\u012bgi dro\u0161i jau \u0161odien.","breadcrumb":{"@id":"https:\/\/talkpal.ai\/lv\/asamiesu-valodas-gramatika\/#breadcrumb"},"inLanguage":"lv-LV","potentialAction":[{"@type":"ReadAction","target":["https:\/\/talkpal.ai\/lv\/asamiesu-valodas-gramatika\/"]}]},{"@type":"BreadcrumbList","@id":"https:\/\/talkpal.ai\/lv\/asamiesu-valodas-gramatika\/#breadcrumb","itemListElement":[{"@type":"ListItem","position":1,"name":"Homepage","item":"https:\/\/talkpal.ai\/lv\/"},{"@type":"ListItem","position":2,"name":"Asamie\u0161u valodas gramatika"}]},{"@type":"WebSite","@id":"https:\/\/talkpal.ai\/lv\/#website","url":"https:\/\/talkpal.ai\/lv\/","name":"Talkpal","description":"AI Language Learning","publisher":{"@id":"https:\/\/talkpal.ai\/lv\/#organization"},"alternateName":"Talkpal AI","potentialAction":[{"@type":"SearchAction","target":{"@type":"EntryPoint","urlTemplate":"https:\/\/talkpal.ai\/lv\/?s={search_term_string}"},"query-input":{"@type":"PropertyValueSpecification","valueRequired":true,"valueName":"search_term_string"}}],"inLanguage":"lv-LV"},{"@type":"Organization","@id":"https:\/\/talkpal.ai\/lv\/#organization","name":"Talkpal, Inc.","alternateName":"Talkpal AI","url":"https:\/\/talkpal.ai\/lv\/","logo":{"@type":"ImageObject","inLanguage":"lv-LV","@id":"https:\/\/talkpal.ai\/lv\/#\/schema\/logo\/image\/","url":"https:\/\/talkpal.ai\/wp-content\/uploads\/2024\/03\/Talkpal-Logo-Icon.png","contentUrl":"https:\/\/talkpal.ai\/wp-content\/uploads\/2024\/03\/Talkpal-Logo-Icon.png","width":2880,"height":2880,"caption":"Talkpal, Inc."},"image":{"@id":"https:\/\/talkpal.ai\/lv\/#\/schema\/logo\/image\/"},"sameAs":["https:\/\/www.facebook.com\/profile.php?id=100090733639311","https:\/\/x.com\/talkpalai","https:\/\/www.linkedin.com\/company\/talkpal\/","https:\/\/www.youtube.com\/@TalkPal\/","https:\/\/www.tiktok.com\/@talkpal","https:\/\/www.instagram.com\/talkpal_ai\/","https:\/\/www.crunchbase.com\/organization\/talkpal-9cde","https:\/\/www.g2.com\/products\/talkpal-for-business\/","https:\/\/www.trustpilot.com\/review\/talkpal.ai","https:\/\/www.capterra.com\/p\/10006800\/TalkPal\/"],"description":"Talkpal is a language learning web and mobile education app, powered by the latest AI technologies, that provides engaging experiences to its customers in many different languages to help them improve their language skills. Users can chat about unlimited amount of topics with the app and use other modes to practice their language learning.","email":"support@talkpal.ai","legalName":"Talkpal, Inc.","foundingDate":"2023-04-03","duns":"118989042","numberOfEmployees":{"@type":"QuantitativeValue","minValue":"11","maxValue":"50"},"publishingPrinciples":"https:\/\/talkpal.ai\/publishing-principles\/","actionableFeedbackPolicy":"https:\/\/talkpal.ai\/actionable-feedback-policy\/","correctionsPolicy":"https:\/\/talkpal.ai\/corrections-policy\/","ethicsPolicy":"https:\/\/talkpal.ai\/ethics-policy\/","diversityPolicy":"https:\/\/talkpal.ai\/diversity-policy\/","diversityStaffingReport":"https:\/\/talkpal.ai\/diversity-policy\/"}]}},"_links":{"self":[{"href":"https:\/\/talkpal.ai\/lv\/wp-json\/wp\/v2\/pages\/1468685","targetHints":{"allow":["GET"]}}],"collection":[{"href":"https:\/\/talkpal.ai\/lv\/wp-json\/wp\/v2\/pages"}],"about":[{"href":"https:\/\/talkpal.ai\/lv\/wp-json\/wp\/v2\/types\/page"}],"author":[{"embeddable":true,"href":"https:\/\/talkpal.ai\/lv\/wp-json\/wp\/v2\/users\/20"}],"replies":[{"embeddable":true,"href":"https:\/\/talkpal.ai\/lv\/wp-json\/wp\/v2\/comments?post=1468685"}],"version-history":[{"count":0,"href":"https:\/\/talkpal.ai\/lv\/wp-json\/wp\/v2\/pages\/1468685\/revisions"}],"wp:attachment":[{"href":"https:\/\/talkpal.ai\/lv\/wp-json\/wp\/v2\/media?parent=1468685"}],"curies":[{"name":"wp","href":"https:\/\/api.w.org\/{rel}","templated":true}]}}