{"id":1468665,"date":"2025-11-11T12:32:58","date_gmt":"2025-11-11T12:32:58","guid":{"rendered":"https:\/\/talkpal.ai\/albanu-valodas-gramatikas-vingrinajumi\/"},"modified":"2025-12-30T15:39:17","modified_gmt":"2025-12-30T15:39:17","slug":"albanu-valodas-gramatikas-vingrinajumi","status":"publish","type":"page","link":"https:\/\/talkpal.ai\/lv\/albanu-valodas-gramatikas-vingrinajumi\/","title":{"rendered":"Alb\u0101\u0146u valodas gramatikas vingrin\u0101jumi"},"content":{"rendered":"\r\n\r\n\r\n<section class=\"languageChallengeSection\">\r\n    <div class=\"languageInfoWrapper\">\r\n        \r\n        <h1>Alb\u0101\u0146u valodas gramatikas vingrin\u0101jumi<\/h1>\r\n        <p>Vai esat gatavs ienirt <a href=\"https:\/\/talkpal.ai\/learn-albanian\/\">alb\u0101\u0146u<\/a> gramatik\u0101? Da\u017eu pamatprincipu apguve pal\u012bdz\u0113s jums \u0113rti apg\u016bt \u0161o unik\u0101lo un skaisto valodu. Izm\u0113\u0123iniet \u0161os vingrin\u0101jumus, lai vairotu pa\u0161apzi\u0146u un izklaid\u0113tos!<\/p>\r\n\r\n                            <a class=\"getStartedHidden\" href=\"https:\/\/app.talkpal.ai\/lv\/signup?lng=\">S\u0101c<\/a>\r\n        \r\n    <\/div>\r\n\r\n    <figure>\r\n    <img decoding=\"async\" width=\"768\" height=\"768\" src=\"https:\/\/talkpal.ai\/wp-content\/uploads\/2023\/06\/welsh-768x768.png\" class=\"languageImage no-lazy\" alt=\"Language learning for better cognitive abilities\" fetchpriority=\"high\" sizes=\"(max-width: 768px) 150px, 768px\" srcset=\"https:\/\/talkpal.ai\/wp-content\/uploads\/2023\/06\/welsh-768x768.png 768w, https:\/\/talkpal.ai\/wp-content\/uploads\/2023\/06\/welsh-300x300.png 300w\" \/>\r\n    \r\n\r\n    <\/figure>\r\n\r\n            <a class=\"getStartedVisible\" href=\"https:\/\/app.talkpal.ai\/lv\/signup?lng=\">S\u0101c<\/a>\r\n    \r\n<\/section><section class=\"promotionalBanner\">\r\n    <p class=\"promotionalText\">Visefekt\u012bv\u0101kais veids, k\u0101 apg\u016bt valodu<\/p>\r\n    <a class=\"promotionalLink\" href=\"https:\/\/app.talkpal.ai\/lv\/signup?lng=\">Izm\u0113\u0123iniet Talkpal bez maksas<\/a>\r\n<\/section>\n<div class=\"wp-block-group pageContainerStyle\"><div class=\"wp-block-group__inner-container is-layout-constrained wp-block-group-is-layout-constrained\">\n<h2 class=\"wp-block-heading\" id=\"h-albanian-grammar-topics\">Alb\u0101\u0146u gramatikas t\u0113mas<\/h2>\n\n\n\n<p><a href=\"https:\/\/talkpal.ai\/lv\/lielakas-kludas-no-kuram-jaizvairas-macoties-jaunu-valodu\/\">Jaunas valodas apguve<\/a> var b\u016bt izaicino\u0161s, bet atalgojo\u0161s darbs. Alb\u0101\u0146u valoda, indoeiropie\u0161u valoda, kur\u0101 run\u0101 galvenok\u0101rt Alb\u0101nij\u0101, nav iz\u0146\u0113mums. Ar sav\u0101m unik\u0101laj\u0101m iez\u012bm\u0113m un strukt\u016br\u0101m alb\u0101\u0146u <a href=\"https:\/\/talkpal.ai\/what-language-is-spoken-on-the-international-space-station\/\">valodas<\/a> <a href=\"https:\/\/talkpal.ai\/lv\/talkpal-izglitibai\/\">apguvei<\/a> ir nepiecie\u0161ama sistem\u0101tiska pieeja, lai izprastu t\u0101s bag\u0101t\u012bgo gramatiku. \u0160aj\u0101 rokasgr\u0101mat\u0101 ir izkl\u0101st\u012btas galven\u0101s <a href=\"https:\/\/talkpal.ai\/lv\/albanu-gramatika\/\">alb\u0101\u0146u gramatikas<\/a> jomas <a href=\"https:\/\/talkpal.ai\/lv\/ai-catbots-valodu-apguvei\/\">lo\u0123isk\u0101 sec\u012bb\u0101 valodas apguvei<\/a>, s\u0101kot no pamatiem, piem\u0113ram, lietv\u0101rdiem un rakstiem, un p\u0101rejot uz sare\u017e\u0123\u012bt\u0101k\u0101m jom\u0101m, piem\u0113ram, laikiem un teikumu uzb\u016bvi.<\/p>\n\n\n\n<h3 class=\"wp-block-heading\" id=\"h-1-nouns\">1. Lietv\u0101rdi:<\/h3>\n\n\n\n<p>S\u0101ciet savu alb\u0101\u0146u valodas ce\u013cojumu, apg\u016bstot lietv\u0101rdus. Tas ietver izpratni par dzimumu un skaitli, parastajiem un \u012bpa\u0161v\u0101rdiem, k\u0101 ar\u012b to daudzskait\u013ca form\u0101m. Alb\u0101\u0146u lietv\u0101rdi ar\u012b loc\u012bjum\u0101 ir gan nenoteiktas, gan noteiktas formas, un noteikt\u012bba bie\u017ei tiek atz\u012bm\u0113ta ar lietv\u0101rdam pievienotu sufiksu.<\/p>\n\n\n\n<h3 class=\"wp-block-heading\" id=\"h-2-articles\">2. Raksti:<\/h3>\n\n\n\n<p>Raksti alb\u0101\u0146u valod\u0101 darbojas at\u0161\u0137ir\u012bgi no <a href=\"https:\/\/talkpal.ai\/ai-english-speaking-practice\/\">ang\u013cu valodas<\/a>. Noteiktais raksts parasti ir lietv\u0101rdam pievienots sufikss, bet nenoteiktais raksts ir atsevi\u0161\u0137s v\u0101rds nj\u00eb vienskaitl\u012b. Alb\u0101\u0146u valod\u0101 pirms \u012bpa\u0161\u012bbas v\u0101rdiem un da\u017e\u0101s \u0123enit\u012bvu konstrukcij\u0101s tiek izmantots ar\u012b saisto\u0161s raksts, kas sakr\u012bt ar dzimumu un skaitu.<\/p>\n\n\n\n<h3 class=\"wp-block-heading\" id=\"h-3-adjectives\">3. \u012apa\u0161\u012bbas v\u0101rdi:<\/h3>\n\n\n\n<p>\u012apa\u0161\u012bbas v\u0101rdi alb\u0101\u0146u valod\u0101 parasti seko vi\u0146u lietv\u0101rdiem. Vieno\u0161an\u0101s tiek par\u0101d\u012bta, izmantojot saisto\u0161o rakstu, kas novietots pirms \u012bpa\u0161\u012bbas v\u0101rda, atspogu\u013cojot lietv\u0101rda dzimumu, numuru un gad\u012bjumu. Uzziniet, k\u0101 veidot sal\u012bdzino\u0161os un superlat\u012bvus, parasti ar m\u00eb sal\u012bdzino\u0161o un noteikto formu superlat\u012bvam.<\/p>\n\n\n\n<h3 class=\"wp-block-heading\" id=\"h-4-pronouns-determiners\">4. Vietniekv\u0101rdi\/noteic\u0113ji:<\/h3>\n\n\n\n<p>Alb\u0101\u0146u valod\u0101 vietniekv\u0101rdi un noteic\u0113ji ir b\u016btiski; tie aizst\u0101j lietv\u0101rdus un sniedz inform\u0101ciju par personu, vald\u012bjumu, daudzumu un daudz ko citu. Piev\u0113rsiet \u012bpa\u0161u uzman\u012bbu klitiskajiem objekta vietniekv\u0101rdiem, kas bie\u017ei par\u0101d\u0101s pirms darb\u012bbas v\u0101rda, un \u012bpa\u0161uma noteic\u0113jiem, kas piekr\u012bt lietv\u0101rdam, ko tie modific\u0113.<\/p>\n\n\n\n<h3 class=\"wp-block-heading\" id=\"h-5-verbs\">5. Darb\u012bbas v\u0101rdi:<\/h3>\n\n\n\n<p>Alb\u0101\u0146u darb\u012bbas v\u0101rdi maina personas un skait\u013ca formu un tiek izmantoti vair\u0101k\u0101s noska\u0146\u0101s, piem\u0113ram, indikat\u012bvs, subjunkt\u012bvs, imperat\u012bvs, nosac\u012bts un apbr\u012bnojo\u0161s. S\u0101ciet ar tagadni un parastaj\u0101m pag\u0101tnes form\u0101m, p\u0113c tam papla\u0161iniet uz cit\u0101m noska\u0146\u0101m un bals\u012bm, ieskaitot pas\u012bvos veidojumus.<\/p>\n\n\n\n<h3 class=\"wp-block-heading\" id=\"h-6-tenses\">6. Sasprindzin\u0101jums:<\/h3>\n\n\n\n<p>P\u0113c darb\u012bbas v\u0101rdu formu apg\u016b\u0161anas iedzi\u013cinieties alb\u0101\u0146u laikos. Galvenie laiki ietver tagadni, nepiln\u012bgo, aoristu, tagadnes perfekto, pluperfekto un n\u0101kotnes formas. Uzziniet, k\u0101 katrs laiks tiek izmantots kontekst\u0101, lai izteiktu pabeigt\u0101s darb\u012bbas, notieko\u0161\u0101s pag\u0101tnes darb\u012bbas un n\u0101kotnes notikumus.<\/p>\n\n\n\n<h3 class=\"wp-block-heading\" id=\"h-7-tense-comparison\">7. Saspringts sal\u012bdzin\u0101jums:<\/h3>\n\n\n\n<p>Laika sal\u012bdzin\u0101\u0161ana alb\u0101\u0146u valod\u0101 pal\u012bdz izprast notikumu sec\u012bbu un aspektu. Sal\u012bdziniet aoristu ar tagadni perfektu un nepiln\u012bgo ar aoristu, lai redz\u0113tu, k\u0101 alb\u0101\u0146u valoda at\u0161\u0137ir atsevi\u0161\u0137as pabeigtas darb\u012bbas, notieko\u0161\u0101s pag\u0101tnes darb\u012bbas un tagadnes aktualit\u0101ti.<\/p>\n\n\n\n<h3 class=\"wp-block-heading\" id=\"h-8-progressive\">8. Progres\u012bvs:<\/h3>\n\n\n\n<p>Progres\u012bvais aspekts alb\u0101\u0146u valod\u0101 parasti tiek izteikts ar da\u013ci\u0146u po pirms ierobe\u017eot\u0101 darb\u012bbas v\u0101rda vai ar strukt\u016bru jam duke, kam seko verb\u0101lais lietv\u0101rds vai dal\u012bbnieks. Izmantojiet tos, lai izteiktu notieko\u0161\u0101s darb\u012bbas tagadn\u0113 vai pag\u0101tn\u0113.<\/p>\n\n\n\n<h3 class=\"wp-block-heading\" id=\"h-9-perfect-progressive\">9. Ide\u0101ls progres\u012bvs:<\/h3>\n\n\n\n<p>\u0160is aspekts tiek izmantots, lai izteiktu darb\u012bbas, kas ir notiku\u0161as l\u012bdz noteiktam br\u012bdim. Alb\u0101\u0146u valod\u0101 to veido kam qen\u00eb hercogs, kam seko dal\u012bbnieks pa\u0161reiz\u0113jam perfektam progres\u012bvajam un kisha qen\u00eb hercogs pag\u0101tnei perfektam progres\u012bvam.<\/p>\n\n\n\n<h3 class=\"wp-block-heading\" id=\"h-10-conditionals\">10. Nosac\u012bjumi:<\/h3>\n\n\n\n<p>Nosac\u012bjumi izsaka hipot\u0113tiskas situ\u0101cijas un to iesp\u0113jamos rezult\u0101tus. Alb\u0101\u0146u valod\u0101 tiek izmantotas formas ar do t\u00eb plus atbilsto\u0161u darb\u012bbas v\u0101rda formu potenci\u0101l\u0101m vai nere\u0101l\u0101m situ\u0101cij\u0101m, k\u0101 ar\u012b if-klauzulas, kas ieviestas ar n\u00ebse vai po t\u00eb. To apg\u016b\u0161ana papildin\u0101s j\u016bsu valodas prasmes.<\/p>\n\n\n\n<h3 class=\"wp-block-heading\" id=\"h-11-adverbs\">11. Adverbi:<\/h3>\n\n\n\n<p>Alb\u0101\u0146u valodas adverbi modific\u0113 darb\u012bbas v\u0101rdus, \u012bpa\u0161\u012bbas v\u0101rdus vai citus adverbus. Tie sniedz inform\u0101ciju par veidu, vietu, laiku, pak\u0101pi un daudz ko citu, bie\u017ei izmantojot formas, kas ir identiskas \u012bpa\u0161\u012bbas v\u0101rdiem vai fiks\u0113tiem adverb\u0101liem v\u0101rdiem, piem\u0113ram, tani, dje, k\u00ebtu un atje.<\/p>\n\n\n\n<h3 class=\"wp-block-heading\" id=\"h-12-prepositions\">12. Priev\u0101rdi:<\/h3>\n\n\n\n<p>Priev\u0101rdi saista v\u0101rdus un fr\u0101zes kop\u0101. Tie izsaka laika, vietas, virziena un daudz ko citu, izmantojot t\u0101dus kop\u012bgus priek\u0161metus k\u0101 n\u00eb, te, tek, me, pa, p\u00ebr, nga, mbi, n\u00ebn, para un pas. Uzziniet, k\u0101 tie apvienojas ar gad\u012bjumiem un sai\u0161u rakstu lietv\u0101rdu fr\u0101z\u0113s.<\/p>\n\n\n\n<h3 class=\"wp-block-heading\" id=\"h-13-sentences\">13. Teikumi:<\/h3>\n\n\n\n<p>Visbeidzot, praktiz\u0113jiet teikumu konstru\u0113\u0161anu. Alb\u0101\u0146u valod\u0101 parasti ir elast\u012bga v\u0101rdu sec\u012bba ar kop\u012bgu SVO modeli, pirms darb\u012bbas v\u0101rda izmanto klitiskus vietniekv\u0101rdus, noliedz ar nuk un veido jaut\u0101jumus ar inton\u0101ciju vai ar a. Visu iepriek\u0161 apg\u016bto gramatikas punktu izmanto\u0161ana kontekst\u0101 nodro\u0161in\u0101s visaptvero\u0161u izpratni par <a href=\"https:\/\/talkpal.ai\/lv\/macities-albanu-valodu\/\">alb\u0101\u0146u valodu<\/a>.<\/p>\n<\/div><\/div>\n\r\n<section class=\"learnNavigationSection\">\r\n            \r\n        <a href=\"https:\/\/talkpal.ai\/lv\/macities-albanu-valodu\/\">\r\n            <div class=\"learnNavigationWrapper\">\r\n                <div class=\"learnNavigationContent\">\r\n                    <img decoding=\"async\" src=\"https:\/\/talkpal.ai\/wp-content\/uploads\/2025\/11\/Albanian.png\" alt=\"Albanian Flag\">\r\n                    <div>\r\n                        <h4>Par alb\u0101\u0146u valodas apguvi<\/h4>\r\n                        <p>Uzziniet visu par alb\u0101\u0146u gramatiku.<\/p>\r\n                    <\/div>\r\n                <\/div>\r\n            <\/div>\r\n        <\/a>\r\n\r\n        \r\n        <a href=\"https:\/\/talkpal.ai\/lv\/albanu-gramatika\/\">\r\n            <div class=\"learnNavigationWrapper\">\r\n                <div class=\"learnNavigationContent\">\r\n                    <img decoding=\"async\" src=\"https:\/\/talkpal.ai\/wp-content\/uploads\/2025\/11\/Albanian.png\" alt=\"Albanian Flag\">\r\n                    <div>\r\n                        <h4>Alb\u0101\u0146u valodas gramatikas stundas<\/h4>\r\n                        <p>Praktiz\u0113jiet alb\u0101\u0146u gramatiku.<\/p>\r\n                    <\/div>\r\n                <\/div>\r\n            <\/div>\r\n        <\/a>\r\n\r\n            <\/section>","protected":false},"excerpt":{"rendered":"<p>Alb\u0101\u0146u gramatikas t\u0113mas Jaunas valodas apguve var b\u016bt izaicino\u0161s, bet atalgojo\u0161s darbs. Alb\u0101\u0146u valoda, indoeiropie\u0161u valoda, kur\u0101 run\u0101 galvenok\u0101rt Alb\u0101nij\u0101, nav iz\u0146\u0113mums. Ar sav\u0101m unik\u0101laj\u0101m iez\u012bm\u0113m un strukt\u016br\u0101m alb\u0101\u0146u valodas apguvei ir nepiecie\u0161ama sistem\u0101tiska pieeja, lai izprastu t\u0101s bag\u0101t\u012bgo gramatiku. \u0160aj\u0101 rokasgr\u0101mat\u0101 ir izkl\u0101st\u012btas galven\u0101s alb\u0101\u0146u gramatikas jomas lo\u0123isk\u0101 sec\u012bb\u0101 valodas apguvei, s\u0101kot no pamatiem, [&hellip;]<\/p>\n","protected":false},"author":20,"featured_media":0,"parent":0,"menu_order":0,"comment_status":"closed","ping_status":"closed","template":"LearningContentPage.php","meta":{"_acf_changed":false,"footnotes":""},"class_list":["post-1468665","page","type-page","status-publish","hentry"],"acf":[],"yoast_head":"<!-- This site is optimized with the Yoast SEO Premium plugin v27.2 (Yoast SEO v27.2) - https:\/\/yoast.com\/product\/yoast-seo-premium-wordpress\/ -->\n<title>Alb\u0101\u0146u valodas gramatikas vingrin\u0101jumi - Talkpal<\/title>\n<meta name=\"description\" content=\"Uzlabojiet savu alb\u0101\u0146u valodas zin\u0101\u0161anas ar Talkpal interakt\u012bvajiem gramatikas vingrin\u0101jumiem, kas ietver lietv\u0101rdus, darb\u012bbas v\u0101rdus, laikus un teikumu strukt\u016bras.\" \/>\n<meta name=\"robots\" content=\"index, follow, max-snippet:-1, max-image-preview:large, max-video-preview:-1\" \/>\n<link rel=\"canonical\" href=\"https:\/\/talkpal.ai\/lv\/albanu-valodas-gramatikas-vingrinajumi\/\" \/>\n<meta property=\"og:locale\" content=\"lv_LV\" \/>\n<meta property=\"og:type\" content=\"article\" \/>\n<meta property=\"og:title\" content=\"Alb\u0101\u0146u valodas gramatikas vingrin\u0101jumi\" \/>\n<meta property=\"og:description\" content=\"Alb\u0101\u0146u gramatikas t\u0113mas Jaunas valodas apguve var b\u016bt izaicino\u0161s, bet atalgojo\u0161s darbs. Alb\u0101\u0146u valoda, indoeiropie\u0161u valoda, kur\u0101 run\u0101 galvenok\u0101rt\" \/>\n<meta property=\"og:url\" content=\"https:\/\/talkpal.ai\/lv\/albanu-valodas-gramatikas-vingrinajumi\/\" \/>\n<meta property=\"og:site_name\" content=\"Talkpal\" \/>\n<meta property=\"article:publisher\" content=\"https:\/\/www.facebook.com\/profile.php?id=100090733639311\" \/>\n<meta property=\"article:modified_time\" content=\"2025-12-30T15:39:17+00:00\" \/>\n<meta property=\"og:image\" content=\"https:\/\/talkpal.ai\/wp-content\/uploads\/2025\/02\/Progress-tab-16_9.png\" \/>\n\t<meta property=\"og:image:width\" content=\"2880\" \/>\n\t<meta property=\"og:image:height\" content=\"1620\" \/>\n\t<meta property=\"og:image:type\" content=\"image\/png\" \/>\n<meta name=\"twitter:card\" content=\"summary_large_image\" \/>\n<meta name=\"twitter:site\" content=\"@talkpalai\" \/>\n<meta name=\"twitter:label1\" content=\"Est. reading time\" \/>\n\t<meta name=\"twitter:data1\" content=\"4 minutes\" \/>\n<script type=\"application\/ld+json\" class=\"yoast-schema-graph\">{\"@context\":\"https:\/\/schema.org\",\"@graph\":[{\"@type\":\"WebPage\",\"@id\":\"https:\/\/talkpal.ai\/lv\/albanu-valodas-gramatikas-vingrinajumi\/\",\"url\":\"https:\/\/talkpal.ai\/lv\/albanu-valodas-gramatikas-vingrinajumi\/\",\"name\":\"Alb\u0101\u0146u valodas gramatikas vingrin\u0101jumi - Talkpal\",\"isPartOf\":{\"@id\":\"https:\/\/talkpal.ai\/lv\/#website\"},\"datePublished\":\"2025-11-11T12:32:58+00:00\",\"dateModified\":\"2025-12-30T15:39:17+00:00\",\"description\":\"Uzlabojiet savu alb\u0101\u0146u valodas zin\u0101\u0161anas ar Talkpal interakt\u012bvajiem gramatikas vingrin\u0101jumiem, kas ietver lietv\u0101rdus, darb\u012bbas v\u0101rdus, laikus un teikumu strukt\u016bras.\",\"breadcrumb\":{\"@id\":\"https:\/\/talkpal.ai\/lv\/albanu-valodas-gramatikas-vingrinajumi\/#breadcrumb\"},\"inLanguage\":\"lv-LV\",\"potentialAction\":[{\"@type\":\"ReadAction\",\"target\":[\"https:\/\/talkpal.ai\/lv\/albanu-valodas-gramatikas-vingrinajumi\/\"]}]},{\"@type\":\"BreadcrumbList\",\"@id\":\"https:\/\/talkpal.ai\/lv\/albanu-valodas-gramatikas-vingrinajumi\/#breadcrumb\",\"itemListElement\":[{\"@type\":\"ListItem\",\"position\":1,\"name\":\"Homepage\",\"item\":\"https:\/\/talkpal.ai\/lv\/\"},{\"@type\":\"ListItem\",\"position\":2,\"name\":\"Alb\u0101\u0146u valodas gramatikas vingrin\u0101jumi\"}]},{\"@type\":\"WebSite\",\"@id\":\"https:\/\/talkpal.ai\/lv\/#website\",\"url\":\"https:\/\/talkpal.ai\/lv\/\",\"name\":\"Talkpal\",\"description\":\"AI Language Learning\",\"publisher\":{\"@id\":\"https:\/\/talkpal.ai\/lv\/#organization\"},\"alternateName\":\"Talkpal AI\",\"potentialAction\":[{\"@type\":\"SearchAction\",\"target\":{\"@type\":\"EntryPoint\",\"urlTemplate\":\"https:\/\/talkpal.ai\/lv\/?s={search_term_string}\"},\"query-input\":{\"@type\":\"PropertyValueSpecification\",\"valueRequired\":true,\"valueName\":\"search_term_string\"}}],\"inLanguage\":\"lv-LV\"},{\"@type\":\"Organization\",\"@id\":\"https:\/\/talkpal.ai\/lv\/#organization\",\"name\":\"Talkpal, Inc.\",\"alternateName\":\"Talkpal AI\",\"url\":\"https:\/\/talkpal.ai\/lv\/\",\"logo\":{\"@type\":\"ImageObject\",\"inLanguage\":\"lv-LV\",\"@id\":\"https:\/\/talkpal.ai\/lv\/#\/schema\/logo\/image\/\",\"url\":\"https:\/\/talkpal.ai\/wp-content\/uploads\/2024\/03\/Talkpal-Logo-Icon.png\",\"contentUrl\":\"https:\/\/talkpal.ai\/wp-content\/uploads\/2024\/03\/Talkpal-Logo-Icon.png\",\"width\":2880,\"height\":2880,\"caption\":\"Talkpal, Inc.\"},\"image\":{\"@id\":\"https:\/\/talkpal.ai\/lv\/#\/schema\/logo\/image\/\"},\"sameAs\":[\"https:\/\/www.facebook.com\/profile.php?id=100090733639311\",\"https:\/\/x.com\/talkpalai\",\"https:\/\/www.linkedin.com\/company\/talkpal\/\",\"https:\/\/www.youtube.com\/@TalkPal\/\",\"https:\/\/www.tiktok.com\/@talkpal\",\"https:\/\/www.instagram.com\/talkpal_ai\/\",\"https:\/\/www.crunchbase.com\/organization\/talkpal-9cde\",\"https:\/\/www.g2.com\/products\/talkpal-for-business\/\",\"https:\/\/www.trustpilot.com\/review\/talkpal.ai\",\"https:\/\/www.capterra.com\/p\/10006800\/TalkPal\/\"],\"description\":\"Talkpal is a language learning web and mobile education app, powered by the latest AI technologies, that provides engaging experiences to its customers in many different languages to help them improve their language skills. Users can chat about unlimited amount of topics with the app and use other modes to practice their language learning.\",\"email\":\"support@talkpal.ai\",\"legalName\":\"Talkpal, Inc.\",\"foundingDate\":\"2023-04-03\",\"duns\":\"118989042\",\"numberOfEmployees\":{\"@type\":\"QuantitativeValue\",\"minValue\":\"11\",\"maxValue\":\"50\"},\"publishingPrinciples\":\"https:\/\/talkpal.ai\/publishing-principles\/\",\"actionableFeedbackPolicy\":\"https:\/\/talkpal.ai\/actionable-feedback-policy\/\",\"correctionsPolicy\":\"https:\/\/talkpal.ai\/corrections-policy\/\",\"ethicsPolicy\":\"https:\/\/talkpal.ai\/ethics-policy\/\",\"diversityPolicy\":\"https:\/\/talkpal.ai\/diversity-policy\/\",\"diversityStaffingReport\":\"https:\/\/talkpal.ai\/diversity-policy\/\"}]}<\/script>\n<!-- \/ Yoast SEO Premium plugin. -->","yoast_head_json":{"title":"Alb\u0101\u0146u valodas gramatikas vingrin\u0101jumi - Talkpal","description":"Uzlabojiet savu alb\u0101\u0146u valodas zin\u0101\u0161anas ar Talkpal interakt\u012bvajiem gramatikas vingrin\u0101jumiem, kas ietver lietv\u0101rdus, darb\u012bbas v\u0101rdus, laikus un teikumu strukt\u016bras.","robots":{"index":"index","follow":"follow","max-snippet":"max-snippet:-1","max-image-preview":"max-image-preview:large","max-video-preview":"max-video-preview:-1"},"canonical":"https:\/\/talkpal.ai\/lv\/albanu-valodas-gramatikas-vingrinajumi\/","og_locale":"lv_LV","og_type":"article","og_title":"Alb\u0101\u0146u valodas gramatikas vingrin\u0101jumi","og_description":"Alb\u0101\u0146u gramatikas t\u0113mas Jaunas valodas apguve var b\u016bt izaicino\u0161s, bet atalgojo\u0161s darbs. Alb\u0101\u0146u valoda, indoeiropie\u0161u valoda, kur\u0101 run\u0101 galvenok\u0101rt","og_url":"https:\/\/talkpal.ai\/lv\/albanu-valodas-gramatikas-vingrinajumi\/","og_site_name":"Talkpal","article_publisher":"https:\/\/www.facebook.com\/profile.php?id=100090733639311","article_modified_time":"2025-12-30T15:39:17+00:00","og_image":[{"width":2880,"height":1620,"url":"https:\/\/talkpal.ai\/wp-content\/uploads\/2025\/02\/Progress-tab-16_9.png","type":"image\/png"}],"twitter_card":"summary_large_image","twitter_site":"@talkpalai","twitter_misc":{"Est. reading time":"4 minutes"},"schema":{"@context":"https:\/\/schema.org","@graph":[{"@type":"WebPage","@id":"https:\/\/talkpal.ai\/lv\/albanu-valodas-gramatikas-vingrinajumi\/","url":"https:\/\/talkpal.ai\/lv\/albanu-valodas-gramatikas-vingrinajumi\/","name":"Alb\u0101\u0146u valodas gramatikas vingrin\u0101jumi - Talkpal","isPartOf":{"@id":"https:\/\/talkpal.ai\/lv\/#website"},"datePublished":"2025-11-11T12:32:58+00:00","dateModified":"2025-12-30T15:39:17+00:00","description":"Uzlabojiet savu alb\u0101\u0146u valodas zin\u0101\u0161anas ar Talkpal interakt\u012bvajiem gramatikas vingrin\u0101jumiem, kas ietver lietv\u0101rdus, darb\u012bbas v\u0101rdus, laikus un teikumu strukt\u016bras.","breadcrumb":{"@id":"https:\/\/talkpal.ai\/lv\/albanu-valodas-gramatikas-vingrinajumi\/#breadcrumb"},"inLanguage":"lv-LV","potentialAction":[{"@type":"ReadAction","target":["https:\/\/talkpal.ai\/lv\/albanu-valodas-gramatikas-vingrinajumi\/"]}]},{"@type":"BreadcrumbList","@id":"https:\/\/talkpal.ai\/lv\/albanu-valodas-gramatikas-vingrinajumi\/#breadcrumb","itemListElement":[{"@type":"ListItem","position":1,"name":"Homepage","item":"https:\/\/talkpal.ai\/lv\/"},{"@type":"ListItem","position":2,"name":"Alb\u0101\u0146u valodas gramatikas vingrin\u0101jumi"}]},{"@type":"WebSite","@id":"https:\/\/talkpal.ai\/lv\/#website","url":"https:\/\/talkpal.ai\/lv\/","name":"Talkpal","description":"AI Language Learning","publisher":{"@id":"https:\/\/talkpal.ai\/lv\/#organization"},"alternateName":"Talkpal AI","potentialAction":[{"@type":"SearchAction","target":{"@type":"EntryPoint","urlTemplate":"https:\/\/talkpal.ai\/lv\/?s={search_term_string}"},"query-input":{"@type":"PropertyValueSpecification","valueRequired":true,"valueName":"search_term_string"}}],"inLanguage":"lv-LV"},{"@type":"Organization","@id":"https:\/\/talkpal.ai\/lv\/#organization","name":"Talkpal, Inc.","alternateName":"Talkpal AI","url":"https:\/\/talkpal.ai\/lv\/","logo":{"@type":"ImageObject","inLanguage":"lv-LV","@id":"https:\/\/talkpal.ai\/lv\/#\/schema\/logo\/image\/","url":"https:\/\/talkpal.ai\/wp-content\/uploads\/2024\/03\/Talkpal-Logo-Icon.png","contentUrl":"https:\/\/talkpal.ai\/wp-content\/uploads\/2024\/03\/Talkpal-Logo-Icon.png","width":2880,"height":2880,"caption":"Talkpal, Inc."},"image":{"@id":"https:\/\/talkpal.ai\/lv\/#\/schema\/logo\/image\/"},"sameAs":["https:\/\/www.facebook.com\/profile.php?id=100090733639311","https:\/\/x.com\/talkpalai","https:\/\/www.linkedin.com\/company\/talkpal\/","https:\/\/www.youtube.com\/@TalkPal\/","https:\/\/www.tiktok.com\/@talkpal","https:\/\/www.instagram.com\/talkpal_ai\/","https:\/\/www.crunchbase.com\/organization\/talkpal-9cde","https:\/\/www.g2.com\/products\/talkpal-for-business\/","https:\/\/www.trustpilot.com\/review\/talkpal.ai","https:\/\/www.capterra.com\/p\/10006800\/TalkPal\/"],"description":"Talkpal is a language learning web and mobile education app, powered by the latest AI technologies, that provides engaging experiences to its customers in many different languages to help them improve their language skills. Users can chat about unlimited amount of topics with the app and use other modes to practice their language learning.","email":"support@talkpal.ai","legalName":"Talkpal, Inc.","foundingDate":"2023-04-03","duns":"118989042","numberOfEmployees":{"@type":"QuantitativeValue","minValue":"11","maxValue":"50"},"publishingPrinciples":"https:\/\/talkpal.ai\/publishing-principles\/","actionableFeedbackPolicy":"https:\/\/talkpal.ai\/actionable-feedback-policy\/","correctionsPolicy":"https:\/\/talkpal.ai\/corrections-policy\/","ethicsPolicy":"https:\/\/talkpal.ai\/ethics-policy\/","diversityPolicy":"https:\/\/talkpal.ai\/diversity-policy\/","diversityStaffingReport":"https:\/\/talkpal.ai\/diversity-policy\/"}]}},"_links":{"self":[{"href":"https:\/\/talkpal.ai\/lv\/wp-json\/wp\/v2\/pages\/1468665","targetHints":{"allow":["GET"]}}],"collection":[{"href":"https:\/\/talkpal.ai\/lv\/wp-json\/wp\/v2\/pages"}],"about":[{"href":"https:\/\/talkpal.ai\/lv\/wp-json\/wp\/v2\/types\/page"}],"author":[{"embeddable":true,"href":"https:\/\/talkpal.ai\/lv\/wp-json\/wp\/v2\/users\/20"}],"replies":[{"embeddable":true,"href":"https:\/\/talkpal.ai\/lv\/wp-json\/wp\/v2\/comments?post=1468665"}],"version-history":[{"count":0,"href":"https:\/\/talkpal.ai\/lv\/wp-json\/wp\/v2\/pages\/1468665\/revisions"}],"wp:attachment":[{"href":"https:\/\/talkpal.ai\/lv\/wp-json\/wp\/v2\/media?parent=1468665"}],"curies":[{"name":"wp","href":"https:\/\/api.w.org\/{rel}","templated":true}]}}