{"id":1468506,"date":"2025-11-12T16:44:57","date_gmt":"2025-11-12T16:44:57","guid":{"rendered":"https:\/\/talkpal.ai\/singalu-gramatika\/"},"modified":"2025-12-30T11:17:33","modified_gmt":"2025-12-30T11:17:33","slug":"singalu-gramatika","status":"publish","type":"page","link":"https:\/\/talkpal.ai\/lv\/singalu-gramatika\/","title":{"rendered":"Sing\u0101\u013cu gramatika"},"content":{"rendered":"\r\n\r\n\r\n<section class=\"languageChallengeSection\">\r\n    <div class=\"languageInfoWrapper\">\r\n        \r\n        <h1>Sing\u0101\u013cu gramatika<\/h1>\r\n        <p>Sing\u0101lu <a href=\"https:\/\/talkpal.ai\/sq\/gramatika\/\">gramatika<\/a> s\u0101kum\u0101 var \u0161\u0137ist izaicino\u0161s, ta\u010du t\u0101s unik\u0101l\u0101s iez\u012bmes padara <a href=\"https:\/\/talkpal.ai\/what-language-is-spoken-on-the-international-space-station\/\">valodas<\/a> apguvi par atalgojo\u0161u pieredzi. Izp\u0113tot t\u0101s alfab\u0113tu, mut\u0101cijas un gramatikas noteikumus, j\u016bs g\u016bsiet ieskatu bag\u0101t\u0101 valodas trad\u012bcij\u0101. S\u0101ciet savu ce\u013cojumu un atkl\u0101jiet Sing\u0101las skaistumu!<\/p>\r\n\r\n                            <a class=\"getStartedHidden\" href=\"https:\/\/app.talkpal.ai\/lv\/signup?lng=\">S\u0101c<\/a>\r\n        \r\n    <\/div>\r\n\r\n    <figure>\r\n    <img decoding=\"async\" width=\"768\" height=\"768\" src=\"https:\/\/talkpal.ai\/wp-content\/uploads\/2023\/06\/welsh-768x768.png\" class=\"languageImage no-lazy\" alt=\"Language learning for better cognitive abilities\" fetchpriority=\"high\" sizes=\"(max-width: 768px) 150px, 768px\" srcset=\"https:\/\/talkpal.ai\/wp-content\/uploads\/2023\/06\/welsh-768x768.png 768w, https:\/\/talkpal.ai\/wp-content\/uploads\/2023\/06\/welsh-300x300.png 300w\" \/>\r\n    \r\n\r\n    <\/figure>\r\n\r\n            <a class=\"getStartedVisible\" href=\"https:\/\/app.talkpal.ai\/lv\/signup?lng=\">S\u0101c<\/a>\r\n    \r\n<\/section><section class=\"promotionalBanner\">\r\n    <p class=\"promotionalText\">Visefekt\u012bv\u0101kais <a href=\"https:\/\/talkpal.ai\/best-way-to-learn\/\">veids<\/a>, k\u0101 apg\u016bt valodu<\/p>\r\n    <a class=\"promotionalLink\" href=\"https:\/\/app.talkpal.ai\/lv\/signup?lng=\">Izm\u0113\u0123iniet Talkpal bez maksas<\/a>\r\n<\/section>\n<div class=\"wp-block-group pageContainerStyle\"><div class=\"wp-block-group__inner-container is-layout-constrained wp-block-group-is-layout-constrained\">\n<h2 class=\"wp-block-heading\" id=\"h-navigating-the-intricacies-of-sinhala-grammar\">Navig\u0101cija sing\u0101lu gramatikas sare\u017e\u0123\u012bjumos<\/h2>\n\n\n\n<p><a href=\"https:\/\/talkpal.ai\/lv\/macities-singalu\/\">Sinhala<\/a>, \u0160rilankas indo-\u0101rie\u0161u valoda ar bag\u0101tu v\u0113sturi un kult\u016bras noz\u012bmi, pied\u0101v\u0101 aizraujo\u0161u lingvistisko pieredzi tiem, kas v\u0113las izp\u0113t\u012bt t\u0101s unik\u0101lo gramatikas sist\u0113mu. Iebraucot sing\u0101lu valst\u012bb\u0101, j\u016bs ne tikai bag\u0101tin\u0101siet savu lingvistisko repertu\u0101ru, bet ar\u012b iesaist\u012bsieties aizraujo\u0161\u0101 kult\u016bras ce\u013cojum\u0101. Lai gan sing\u0101lu gramatika s\u0101kum\u0101 var \u0161\u0137ist sare\u017e\u0123\u012bta, t\u0101s sadal\u012b\u0161ana galvenaj\u0101s sast\u0101vda\u013c\u0101s padara valodas apguvi pieejam\u0101ku. \u0160aj\u0101 rakst\u0101 m\u0113s izp\u0113t\u012bsim aizraujo\u0161o sing\u0101\u013cu gramatikas pasauli un sniegsim padomus, k\u0101 apg\u016bt t\u0101s sare\u017e\u0123\u012bt\u012bbu.<\/p>\n\n\n\n<h3 class=\"wp-block-heading\" id=\"h-1-sinhala-alphabet-and-phonetics\">1. Sing\u0101lu alfab\u0113ts un fon\u0113tika<\/h3>\n\n\n\n<p>Sing\u0101lu rakst\u012b\u0161anas sist\u0113ma ir abugida ar savu l\u012bdzska\u0146u un patska\u0146u kopumu, kas rakst\u012bts no kreis\u0101s uz labo. L\u012bdzska\u0146iem ir rakstur\u012bgs patskanis, ko modific\u0113 diakritisk\u0101s z\u012bmes, un skript\u0101 ir at\u0161\u0137ir\u012bgi elementi, piem\u0113ram, rakaransaya un yansaya, k\u0101 ar\u012b valodai unik\u0101li prenasaliz\u0113ti un retrofleksi l\u012bdzska\u0146i. Lai apg\u016btu sing\u0101\u013cu gramatiku, ir svar\u012bgi iepaz\u012bties ar \u0161o at\u0161\u0137ir\u012bgo rakst\u012b\u0161anas sist\u0113mu, praktiz\u0113jot las\u012b\u0161anu un rakst\u012b\u0161anu sing\u0101\u013cu valod\u0101.<\/p>\n\n\n\n<h3 class=\"wp-block-heading\" id=\"h-2-mutations-a-peculiar-sinhala-feature\">2. Mut\u0101cijas: savdab\u012bga sing\u0101lu iez\u012bme<\/h3>\n\n\n\n<p><a href=\"https:\/\/talkpal.ai\/learn-sinhala\/\">Sinhala<\/a> neizmanto s\u0101kotn\u0113j\u0101s l\u012bdzska\u0146u mut\u0101cijas. T\u0101 viet\u0101 iev\u0113rojama iez\u012bme ir fonolo\u0123isk\u0101 sandhi un asimil\u0101cija, ieskaitot patska\u0146u sapl\u016b\u0161anu un l\u012bdzska\u0146u gemin\u0101ciju p\u0101ri morf\u0113mai un v\u0101rdu robe\u017e\u0101m. J\u016bs ar\u012b sastapsieties ar konjunkt\u016bras burtiem un sistem\u0101tisk\u0101m p\u0101rmai\u0146\u0101m run\u0101taj\u0101 sing\u0101lie\u0161u valod\u0101, kas ietekm\u0113 izrunu un ritmu. Izpratne, kad un k\u0101 \u0161\u012bs ska\u0146as izmai\u0146as notiek, ir \u013coti svar\u012bga prec\u012bzai sazi\u0146ai sing\u0101lu valod\u0101.<\/p>\n\n\n\n<h3 class=\"wp-block-heading\" id=\"h-3-nouns-and-pronouns-gender-and-cases\">3. Lietv\u0101rdi un vietniekv\u0101rdi: dzimums un gad\u012bjumi<\/h3>\n\n\n\n<p>Sing\u0101lie\u0161u lietv\u0101rdi neapz\u012bm\u0113 gramatisko dzimti t\u0101, k\u0101 to dara daudzas Eiropas valodas, bet tie at\u0161\u0137ir dz\u012bv\u012bbu un izmanto da\u017e\u0101das daudzskait\u013ca strat\u0113\u0123ijas, piem\u0113ram, -l\u0101 dz\u012bvajiem un -val daudziem nedz\u012bviem. Gad\u012bjumu attiec\u012bbas tiek izteiktas ar sufiksiem un postpoz\u012bcij\u0101m, piem\u0113ram, -\u1e6da dat\u012bvs, -ge \u0123enit\u012bvam un -in instrument\u0101l\u0101m vai ablat\u012bvaj\u0101m funkcij\u0101m. Vietniekv\u0101rdi sing\u0101\u013cu valod\u0101 ietver personisk\u0101s formas ar formalit\u0101tes un cie\u0146as l\u012bme\u0146iem (piem\u0113ram, mama I, oy\u0101 vai ob\u0101 you), possess\u012bviem (mage my, ob\u0113 your), refleks\u012bviem (tamange savu), demonstrat\u012bviem (me this, e that) un pratin\u0101\u0161anas (kavuda kas, mokakda ko). Iepaz\u012b\u0161an\u0101s ar \u0161iem vietniekv\u0101rdiem un to form\u0101m iev\u0113rojami uzlabos j\u016bsu izpratni par sing\u0101lu gramatiku.<\/p>\n\n\n\n<h3 class=\"wp-block-heading\" id=\"h-4-verbs-structure-and-conjugation\">4. Darb\u012bbas v\u0101rdi: strukt\u016bra un konjug\u0101cija<\/h3>\n\n\n\n<p>Sing\u0101lie\u0161u valoda galvenok\u0101rt ir SOV, un sarunvalod\u0101 darb\u012bbas v\u0101rdi konjug\u0113 laikam un polarit\u0101tei, nevis personai vai skaitlim. Pamatlaiki ietver tagadni, pag\u0101tni un n\u0101kotni, k\u0101 ar\u012b nosac\u012btas un imperat\u012bvas noska\u0146as. Tagadne parasti tiek veidota ar -nava, daudzas pag\u0101tnes formas ir balst\u012btas uz stumbriem, un negat\u012bvi tiek veidoti anal\u012btiski. Darb\u012bbas v\u0101rdu konjug\u0101cijas mode\u013cu un dal\u012bbnieku un pal\u012bgl\u012bdzek\u013cu lomas apg\u016b\u0161ana uzlabos j\u016bsu sp\u0113ju efekt\u012bvi sazin\u0101ties sing\u0101lu valod\u0101.<\/p>\n\n\n\n<h3 class=\"wp-block-heading\" id=\"h-5-adjectives-agreement-and-placement\">5. \u012apa\u0161\u012bbas v\u0101rdi: vieno\u0161an\u0101s un izvietojums<\/h3>\n\n\n\n<p>Sing\u0101lu gramatik\u0101 \u012bpa\u0161\u012bbas v\u0101rdi parasti ir pirms lietv\u0101rda, ko tie modific\u0113, un nesakr\u012bt ar lietv\u0101rdu skaitu vai dzimumu. Sal\u012bdzin\u0101jumi bie\u017ei tiek veidoti ar vada vair\u0101k un superlat\u012bvi ar klitiku -ma, kas ir b\u016btiski, lai iem\u0101c\u012btos sazin\u0101ties dabisk\u0101k.<\/p>\n\n\n\n<p><strong>Piem\u0113ri:<\/strong><\/p>\n\n\n\n<p><strong>\u2013 loku ad\u0101re (liela m\u012blest\u012bba)<\/strong><\/p>\n\n\n\n<p><strong>&#8211; podi lamayi (mazi b\u0113rni)<\/strong><\/p>\n\n\n\n<h3 class=\"wp-block-heading\" id=\"h-6-engaging-with-the-language\">6. Iesaist\u012b\u0161an\u0101s valod\u0101<\/h3>\n\n\n\n<p>Visefekt\u012bv\u0101kais veids, k\u0101 piln\u012bb\u0101 izprast un internaliz\u0113t sing\u0101lu gramatiku, ir konsekventi iesaist\u012bties valod\u0101. Lasot sing\u0101lu literat\u016bru, skatoties sing\u0101\u013cu filmas vai telev\u012bzijas seri\u0101lus un akt\u012bvi sazinoties ar dzimt\u0101 valoda, j\u016bs nostiprin\u0101siet savu izpratni par gramatiku, vienlaikus papla\u0161inot v\u0101rdu kr\u0101jumu.<\/p>\n\n\n\n<h3 class=\"wp-block-heading\" id=\"h-conclusion\">Secin\u0101jums<\/h3>\n\n\n\n<p>Lai gan sing\u0101lu gramatika var \u0161\u0137ist sare\u017e\u0123\u012bta, j\u016bs varat apg\u016bt \u0161o skaisto valodu ar cent\u012bbu, praksi un entuziasmu. Koncentr\u0113joties uz pamatnoteikumiem un iesaistoties valod\u0101 da\u017e\u0101dos kontekstos, j\u016bs \u0101tri uzlabosiet savas sing\u0101\u013cu <a href=\"https:\/\/talkpal.ai\/lv\/gramatika\/\">gramatikas prasmes<\/a>. Subha pathum (veiksmi) sav\u0101 sing\u0101\u013cu valodas ce\u013cojum\u0101 un izbaudiet m\u012bklaino, bet valdzino\u0161o sing\u0101lu gramatikas pasauli!<\/p>\n<\/div><\/div>\n\r\n<section class=\"learnNavigationSection\">\r\n            \r\n        <a href=\"https:\/\/talkpal.ai\/lv\/macities-singalu\/\">\r\n            <div class=\"learnNavigationWrapper\">\r\n                <div class=\"learnNavigationContent\">\r\n                    <img decoding=\"async\" src=\"https:\/\/talkpal.ai\/wp-content\/uploads\/2025\/11\/Sinhala.png\" alt=\"Sri Lankan Flag\">\r\n                    <div>\r\n                        <h4>Par sing\u0101lu m\u0101c\u012b\u0161anos<\/h4>\r\n                        <p>Uzziniet visu par sing\u0101lu gramatiku.<\/p>\r\n                    <\/div>\r\n                <\/div>\r\n            <\/div>\r\n        <\/a>\r\n\r\n        \r\n        <a href=\"https:\/\/talkpal.ai\/lv\/singalu-gramatikas-vingrinajumi\/\">\r\n            <div class=\"learnNavigationWrapper\">\r\n                <div class=\"learnNavigationContent\">\r\n                    <img decoding=\"async\" src=\"https:\/\/talkpal.ai\/wp-content\/uploads\/2025\/11\/Sinhala.png\" alt=\"Sri Lankan Flag\">\r\n                    <div>\r\n                        <h4>Sing\u0101lu gramatikas vingrin\u0101jums<\/h4>\r\n                        <p>Praktiz\u0113jiet sing\u0101lu gramatiku.<\/p>\r\n                    <\/div>\r\n                <\/div>\r\n            <\/div>\r\n        <\/a>\r\n\r\n            <\/section>","protected":false},"excerpt":{"rendered":"<p>Navig\u0101cija sing\u0101lu gramatikas sare\u017e\u0123\u012bjumos Sinhala, \u0160rilankas indo-\u0101rie\u0161u valoda ar bag\u0101tu v\u0113sturi un kult\u016bras noz\u012bmi, pied\u0101v\u0101 aizraujo\u0161u lingvistisko pieredzi tiem, kas v\u0113las izp\u0113t\u012bt t\u0101s unik\u0101lo gramatikas sist\u0113mu. Iebraucot sing\u0101lu valst\u012bb\u0101, j\u016bs ne tikai bag\u0101tin\u0101siet savu lingvistisko repertu\u0101ru, bet ar\u012b iesaist\u012bsieties aizraujo\u0161\u0101 kult\u016bras ce\u013cojum\u0101. Lai gan sing\u0101lu gramatika s\u0101kum\u0101 var \u0161\u0137ist sare\u017e\u0123\u012bta, t\u0101s sadal\u012b\u0161ana galvenaj\u0101s sast\u0101vda\u013c\u0101s padara [&hellip;]<\/p>\n","protected":false},"author":20,"featured_media":0,"parent":0,"menu_order":0,"comment_status":"closed","ping_status":"closed","template":"LearningContentPage.php","meta":{"_acf_changed":false,"footnotes":""},"class_list":["post-1468506","page","type-page","status-publish","hentry"],"acf":[],"yoast_head":"<!-- This site is optimized with the Yoast SEO Premium plugin v27.2 (Yoast SEO v27.2) - https:\/\/yoast.com\/product\/yoast-seo-premium-wordpress\/ -->\n<title>Sing\u0101\u013cu gramatika - Talkpal<\/title>\n<meta name=\"description\" content=\"Apg\u016bstiet sinh\u0101lie\u0161u valodas gramatikas noteikumus un uzlabojiet savu valodas prasmi, izmantojot Talkpal AI visaptvero\u0161o un interakt\u012bvo valodas ce\u013cvedi.\" \/>\n<meta name=\"robots\" content=\"index, follow, max-snippet:-1, max-image-preview:large, max-video-preview:-1\" \/>\n<link rel=\"canonical\" href=\"https:\/\/talkpal.ai\/lv\/singalu-gramatika\/\" \/>\n<meta property=\"og:locale\" content=\"lv_LV\" \/>\n<meta property=\"og:type\" content=\"article\" \/>\n<meta property=\"og:title\" content=\"Sing\u0101\u013cu gramatika\" \/>\n<meta property=\"og:description\" content=\"Navig\u0101cija sing\u0101lu gramatikas sare\u017e\u0123\u012bjumos Sinhala, \u0160rilankas indo-\u0101rie\u0161u valoda ar bag\u0101tu v\u0113sturi un kult\u016bras noz\u012bmi, pied\u0101v\u0101 aizraujo\u0161u lingvistisko\" \/>\n<meta property=\"og:url\" content=\"https:\/\/talkpal.ai\/lv\/singalu-gramatika\/\" \/>\n<meta property=\"og:site_name\" content=\"Talkpal\" \/>\n<meta property=\"article:publisher\" content=\"https:\/\/www.facebook.com\/profile.php?id=100090733639311\" \/>\n<meta property=\"article:modified_time\" content=\"2025-12-30T11:17:33+00:00\" \/>\n<meta property=\"og:image\" content=\"https:\/\/talkpal.ai\/wp-content\/uploads\/2025\/02\/Progress-tab-16_9.png\" \/>\n\t<meta property=\"og:image:width\" content=\"2880\" \/>\n\t<meta property=\"og:image:height\" content=\"1620\" \/>\n\t<meta property=\"og:image:type\" content=\"image\/png\" \/>\n<meta name=\"twitter:card\" content=\"summary_large_image\" \/>\n<meta name=\"twitter:site\" content=\"@talkpalai\" \/>\n<meta name=\"twitter:label1\" content=\"Est. reading time\" \/>\n\t<meta name=\"twitter:data1\" content=\"4 minutes\" \/>\n<script type=\"application\/ld+json\" class=\"yoast-schema-graph\">{\"@context\":\"https:\/\/schema.org\",\"@graph\":[{\"@type\":\"WebPage\",\"@id\":\"https:\/\/talkpal.ai\/lv\/singalu-gramatika\/\",\"url\":\"https:\/\/talkpal.ai\/lv\/singalu-gramatika\/\",\"name\":\"Sing\u0101\u013cu gramatika - Talkpal\",\"isPartOf\":{\"@id\":\"https:\/\/talkpal.ai\/lv\/#website\"},\"datePublished\":\"2025-11-12T16:44:57+00:00\",\"dateModified\":\"2025-12-30T11:17:33+00:00\",\"description\":\"Apg\u016bstiet sinh\u0101lie\u0161u valodas gramatikas noteikumus un uzlabojiet savu valodas prasmi, izmantojot Talkpal AI visaptvero\u0161o un interakt\u012bvo valodas ce\u013cvedi.\",\"breadcrumb\":{\"@id\":\"https:\/\/talkpal.ai\/lv\/singalu-gramatika\/#breadcrumb\"},\"inLanguage\":\"lv-LV\",\"potentialAction\":[{\"@type\":\"ReadAction\",\"target\":[\"https:\/\/talkpal.ai\/lv\/singalu-gramatika\/\"]}]},{\"@type\":\"BreadcrumbList\",\"@id\":\"https:\/\/talkpal.ai\/lv\/singalu-gramatika\/#breadcrumb\",\"itemListElement\":[{\"@type\":\"ListItem\",\"position\":1,\"name\":\"Homepage\",\"item\":\"https:\/\/talkpal.ai\/lv\/\"},{\"@type\":\"ListItem\",\"position\":2,\"name\":\"Sing\u0101\u013cu gramatika\"}]},{\"@type\":\"WebSite\",\"@id\":\"https:\/\/talkpal.ai\/lv\/#website\",\"url\":\"https:\/\/talkpal.ai\/lv\/\",\"name\":\"Talkpal\",\"description\":\"AI Language Learning\",\"publisher\":{\"@id\":\"https:\/\/talkpal.ai\/lv\/#organization\"},\"alternateName\":\"Talkpal AI\",\"potentialAction\":[{\"@type\":\"SearchAction\",\"target\":{\"@type\":\"EntryPoint\",\"urlTemplate\":\"https:\/\/talkpal.ai\/lv\/?s={search_term_string}\"},\"query-input\":{\"@type\":\"PropertyValueSpecification\",\"valueRequired\":true,\"valueName\":\"search_term_string\"}}],\"inLanguage\":\"lv-LV\"},{\"@type\":\"Organization\",\"@id\":\"https:\/\/talkpal.ai\/lv\/#organization\",\"name\":\"Talkpal, Inc.\",\"alternateName\":\"Talkpal AI\",\"url\":\"https:\/\/talkpal.ai\/lv\/\",\"logo\":{\"@type\":\"ImageObject\",\"inLanguage\":\"lv-LV\",\"@id\":\"https:\/\/talkpal.ai\/lv\/#\/schema\/logo\/image\/\",\"url\":\"https:\/\/talkpal.ai\/wp-content\/uploads\/2024\/03\/Talkpal-Logo-Icon.png\",\"contentUrl\":\"https:\/\/talkpal.ai\/wp-content\/uploads\/2024\/03\/Talkpal-Logo-Icon.png\",\"width\":2880,\"height\":2880,\"caption\":\"Talkpal, Inc.\"},\"image\":{\"@id\":\"https:\/\/talkpal.ai\/lv\/#\/schema\/logo\/image\/\"},\"sameAs\":[\"https:\/\/www.facebook.com\/profile.php?id=100090733639311\",\"https:\/\/x.com\/talkpalai\",\"https:\/\/www.linkedin.com\/company\/talkpal\/\",\"https:\/\/www.youtube.com\/@TalkPal\/\",\"https:\/\/www.tiktok.com\/@talkpal\",\"https:\/\/www.instagram.com\/talkpal_ai\/\",\"https:\/\/www.crunchbase.com\/organization\/talkpal-9cde\",\"https:\/\/www.g2.com\/products\/talkpal-for-business\/\",\"https:\/\/www.trustpilot.com\/review\/talkpal.ai\",\"https:\/\/www.capterra.com\/p\/10006800\/TalkPal\/\"],\"description\":\"Talkpal is a language learning web and mobile education app, powered by the latest AI technologies, that provides engaging experiences to its customers in many different languages to help them improve their language skills. Users can chat about unlimited amount of topics with the app and use other modes to practice their language learning.\",\"email\":\"support@talkpal.ai\",\"legalName\":\"Talkpal, Inc.\",\"foundingDate\":\"2023-04-03\",\"duns\":\"118989042\",\"numberOfEmployees\":{\"@type\":\"QuantitativeValue\",\"minValue\":\"11\",\"maxValue\":\"50\"},\"publishingPrinciples\":\"https:\/\/talkpal.ai\/publishing-principles\/\",\"actionableFeedbackPolicy\":\"https:\/\/talkpal.ai\/actionable-feedback-policy\/\",\"correctionsPolicy\":\"https:\/\/talkpal.ai\/corrections-policy\/\",\"ethicsPolicy\":\"https:\/\/talkpal.ai\/ethics-policy\/\",\"diversityPolicy\":\"https:\/\/talkpal.ai\/diversity-policy\/\",\"diversityStaffingReport\":\"https:\/\/talkpal.ai\/diversity-policy\/\"}]}<\/script>\n<!-- \/ Yoast SEO Premium plugin. -->","yoast_head_json":{"title":"Sing\u0101\u013cu gramatika - Talkpal","description":"Apg\u016bstiet sinh\u0101lie\u0161u valodas gramatikas noteikumus un uzlabojiet savu valodas prasmi, izmantojot Talkpal AI visaptvero\u0161o un interakt\u012bvo valodas ce\u013cvedi.","robots":{"index":"index","follow":"follow","max-snippet":"max-snippet:-1","max-image-preview":"max-image-preview:large","max-video-preview":"max-video-preview:-1"},"canonical":"https:\/\/talkpal.ai\/lv\/singalu-gramatika\/","og_locale":"lv_LV","og_type":"article","og_title":"Sing\u0101\u013cu gramatika","og_description":"Navig\u0101cija sing\u0101lu gramatikas sare\u017e\u0123\u012bjumos Sinhala, \u0160rilankas indo-\u0101rie\u0161u valoda ar bag\u0101tu v\u0113sturi un kult\u016bras noz\u012bmi, pied\u0101v\u0101 aizraujo\u0161u lingvistisko","og_url":"https:\/\/talkpal.ai\/lv\/singalu-gramatika\/","og_site_name":"Talkpal","article_publisher":"https:\/\/www.facebook.com\/profile.php?id=100090733639311","article_modified_time":"2025-12-30T11:17:33+00:00","og_image":[{"width":2880,"height":1620,"url":"https:\/\/talkpal.ai\/wp-content\/uploads\/2025\/02\/Progress-tab-16_9.png","type":"image\/png"}],"twitter_card":"summary_large_image","twitter_site":"@talkpalai","twitter_misc":{"Est. reading time":"4 minutes"},"schema":{"@context":"https:\/\/schema.org","@graph":[{"@type":"WebPage","@id":"https:\/\/talkpal.ai\/lv\/singalu-gramatika\/","url":"https:\/\/talkpal.ai\/lv\/singalu-gramatika\/","name":"Sing\u0101\u013cu gramatika - Talkpal","isPartOf":{"@id":"https:\/\/talkpal.ai\/lv\/#website"},"datePublished":"2025-11-12T16:44:57+00:00","dateModified":"2025-12-30T11:17:33+00:00","description":"Apg\u016bstiet sinh\u0101lie\u0161u valodas gramatikas noteikumus un uzlabojiet savu valodas prasmi, izmantojot Talkpal AI visaptvero\u0161o un interakt\u012bvo valodas ce\u013cvedi.","breadcrumb":{"@id":"https:\/\/talkpal.ai\/lv\/singalu-gramatika\/#breadcrumb"},"inLanguage":"lv-LV","potentialAction":[{"@type":"ReadAction","target":["https:\/\/talkpal.ai\/lv\/singalu-gramatika\/"]}]},{"@type":"BreadcrumbList","@id":"https:\/\/talkpal.ai\/lv\/singalu-gramatika\/#breadcrumb","itemListElement":[{"@type":"ListItem","position":1,"name":"Homepage","item":"https:\/\/talkpal.ai\/lv\/"},{"@type":"ListItem","position":2,"name":"Sing\u0101\u013cu gramatika"}]},{"@type":"WebSite","@id":"https:\/\/talkpal.ai\/lv\/#website","url":"https:\/\/talkpal.ai\/lv\/","name":"Talkpal","description":"AI Language Learning","publisher":{"@id":"https:\/\/talkpal.ai\/lv\/#organization"},"alternateName":"Talkpal AI","potentialAction":[{"@type":"SearchAction","target":{"@type":"EntryPoint","urlTemplate":"https:\/\/talkpal.ai\/lv\/?s={search_term_string}"},"query-input":{"@type":"PropertyValueSpecification","valueRequired":true,"valueName":"search_term_string"}}],"inLanguage":"lv-LV"},{"@type":"Organization","@id":"https:\/\/talkpal.ai\/lv\/#organization","name":"Talkpal, Inc.","alternateName":"Talkpal AI","url":"https:\/\/talkpal.ai\/lv\/","logo":{"@type":"ImageObject","inLanguage":"lv-LV","@id":"https:\/\/talkpal.ai\/lv\/#\/schema\/logo\/image\/","url":"https:\/\/talkpal.ai\/wp-content\/uploads\/2024\/03\/Talkpal-Logo-Icon.png","contentUrl":"https:\/\/talkpal.ai\/wp-content\/uploads\/2024\/03\/Talkpal-Logo-Icon.png","width":2880,"height":2880,"caption":"Talkpal, Inc."},"image":{"@id":"https:\/\/talkpal.ai\/lv\/#\/schema\/logo\/image\/"},"sameAs":["https:\/\/www.facebook.com\/profile.php?id=100090733639311","https:\/\/x.com\/talkpalai","https:\/\/www.linkedin.com\/company\/talkpal\/","https:\/\/www.youtube.com\/@TalkPal\/","https:\/\/www.tiktok.com\/@talkpal","https:\/\/www.instagram.com\/talkpal_ai\/","https:\/\/www.crunchbase.com\/organization\/talkpal-9cde","https:\/\/www.g2.com\/products\/talkpal-for-business\/","https:\/\/www.trustpilot.com\/review\/talkpal.ai","https:\/\/www.capterra.com\/p\/10006800\/TalkPal\/"],"description":"Talkpal is a language learning web and mobile education app, powered by the latest AI technologies, that provides engaging experiences to its customers in many different languages to help them improve their language skills. Users can chat about unlimited amount of topics with the app and use other modes to practice their language learning.","email":"support@talkpal.ai","legalName":"Talkpal, Inc.","foundingDate":"2023-04-03","duns":"118989042","numberOfEmployees":{"@type":"QuantitativeValue","minValue":"11","maxValue":"50"},"publishingPrinciples":"https:\/\/talkpal.ai\/publishing-principles\/","actionableFeedbackPolicy":"https:\/\/talkpal.ai\/actionable-feedback-policy\/","correctionsPolicy":"https:\/\/talkpal.ai\/corrections-policy\/","ethicsPolicy":"https:\/\/talkpal.ai\/ethics-policy\/","diversityPolicy":"https:\/\/talkpal.ai\/diversity-policy\/","diversityStaffingReport":"https:\/\/talkpal.ai\/diversity-policy\/"}]}},"_links":{"self":[{"href":"https:\/\/talkpal.ai\/lv\/wp-json\/wp\/v2\/pages\/1468506","targetHints":{"allow":["GET"]}}],"collection":[{"href":"https:\/\/talkpal.ai\/lv\/wp-json\/wp\/v2\/pages"}],"about":[{"href":"https:\/\/talkpal.ai\/lv\/wp-json\/wp\/v2\/types\/page"}],"author":[{"embeddable":true,"href":"https:\/\/talkpal.ai\/lv\/wp-json\/wp\/v2\/users\/20"}],"replies":[{"embeddable":true,"href":"https:\/\/talkpal.ai\/lv\/wp-json\/wp\/v2\/comments?post=1468506"}],"version-history":[{"count":0,"href":"https:\/\/talkpal.ai\/lv\/wp-json\/wp\/v2\/pages\/1468506\/revisions"}],"wp:attachment":[{"href":"https:\/\/talkpal.ai\/lv\/wp-json\/wp\/v2\/media?parent=1468506"}],"curies":[{"name":"wp","href":"https:\/\/api.w.org\/{rel}","templated":true}]}}