{"id":1468446,"date":"2025-11-12T16:31:52","date_gmt":"2025-11-12T16:31:52","guid":{"rendered":"https:\/\/talkpal.ai\/pandzabu-gramatika\/"},"modified":"2025-12-30T11:37:57","modified_gmt":"2025-12-30T11:37:57","slug":"pandzabu-gramatika","status":"publish","type":"page","link":"https:\/\/talkpal.ai\/lv\/pandzabu-gramatika\/","title":{"rendered":"Pand\u017eabu gramatika"},"content":{"rendered":"\r\n\r\n\r\n<section class=\"languageChallengeSection\">\r\n    <div class=\"languageInfoWrapper\">\r\n        \r\n        <h1>Pand\u017eabu gramatika<\/h1>\r\n        <p><a href=\"https:\/\/talkpal.ai\/learn-punjabi\/\">Pand\u017eabu<\/a> <a href=\"https:\/\/talkpal.ai\/sq\/gramatika\/\">gramatika<\/a> s\u0101kum\u0101 var \u0161\u0137ist izaicino\u0161s, ta\u010du t\u0101s unik\u0101l\u0101s iez\u012bmes padara <a href=\"https:\/\/talkpal.ai\/what-language-is-spoken-on-the-international-space-station\/\">valodas<\/a> apguvi par atalgojo\u0161u pieredzi. Izp\u0113tot t\u0101s alfab\u0113tu, mut\u0101cijas un gramatikas noteikumus, j\u016bs g\u016bsiet ieskatu bag\u0101t\u0101 valodas trad\u012bcij\u0101. S\u0101ciet savu ce\u013cojumu un atkl\u0101jiet Pend\u017eabi skaistumu!<\/p>\r\n\r\n                            <a class=\"getStartedHidden\" href=\"https:\/\/app.talkpal.ai\/lv\/signup?lng=\">S\u0101c<\/a>\r\n        \r\n    <\/div>\r\n\r\n    <figure>\r\n    <img decoding=\"async\" width=\"768\" height=\"768\" src=\"https:\/\/talkpal.ai\/wp-content\/uploads\/2023\/06\/welsh-768x768.png\" class=\"languageImage no-lazy\" alt=\"Language learning for better cognitive abilities\" fetchpriority=\"high\" sizes=\"(max-width: 768px) 150px, 768px\" srcset=\"https:\/\/talkpal.ai\/wp-content\/uploads\/2023\/06\/welsh-768x768.png 768w, https:\/\/talkpal.ai\/wp-content\/uploads\/2023\/06\/welsh-300x300.png 300w\" \/>\r\n    \r\n\r\n    <\/figure>\r\n\r\n            <a class=\"getStartedVisible\" href=\"https:\/\/app.talkpal.ai\/lv\/signup?lng=\">S\u0101c<\/a>\r\n    \r\n<\/section><section class=\"promotionalBanner\">\r\n    <p class=\"promotionalText\">Visefekt\u012bv\u0101kais <a href=\"https:\/\/talkpal.ai\/best-way-to-learn\/\">veids<\/a>, k\u0101 apg\u016bt valodu<\/p>\r\n    <a class=\"promotionalLink\" href=\"https:\/\/app.talkpal.ai\/lv\/signup?lng=\">Izm\u0113\u0123iniet Talkpal bez maksas<\/a>\r\n<\/section>\n<div class=\"wp-block-group pageContainerStyle\"><div class=\"wp-block-group__inner-container is-layout-constrained wp-block-group-is-layout-constrained\">\n<h2 class=\"wp-block-heading\" id=\"h-navigating-the-intricacies-of-punjabi-grammar\">Navig\u0101cija Pend\u017eabu gramatikas sare\u017e\u0123\u012bjumos<\/h2>\n\n\n\n<p><a href=\"https:\/\/talkpal.ai\/lv\/macieties-pendzabu-valodu\/\">Pend\u017eabi<\/a>, indo\u0101rie\u0161u valoda ar bag\u0101tu v\u0113sturi un kult\u016bras noz\u012bmi, pied\u0101v\u0101 aizraujo\u0161u lingvistisko pieredzi tiem, kas v\u0113las izp\u0113t\u012bt t\u0101s unik\u0101lo gramatikas sist\u0113mu. Dodoties Pend\u017eabi valst\u012bb\u0101, j\u016bs ne tikai bag\u0101tin\u0101siet savu valodu repertu\u0101ru, bet ar\u012b iesaist\u012bsieties aizraujo\u0161\u0101 kult\u016bras ce\u013cojum\u0101. Lai gan pand\u017eabu gramatika s\u0101kum\u0101 var \u0161\u0137ist sare\u017e\u0123\u012bta, t\u0101s sadal\u012b\u0161ana galvenaj\u0101s sast\u0101vda\u013c\u0101s padara valodas apguvi pieejam\u0101ku. \u0160aj\u0101 rakst\u0101 m\u0113s izp\u0113t\u012bsim valdzino\u0161o pand\u017eabu gramatikas pasauli un sniegsim padomus, k\u0101 apg\u016bt t\u0101s sare\u017e\u0123\u012bt\u012bbu.<\/p>\n\n\n\n<h3 class=\"wp-block-heading\" id=\"h-1-punjabi-alphabet-and-phonetics\">1. Pend\u017eabu alfab\u0113ts un fon\u0113tika<\/h3>\n\n\n\n<p>Pand\u017eabu rakst\u012b\u0161anas sist\u0113m\u0101 galvenok\u0101rt tiek izmantots Gurmukhi raksts, kas ietver neatkar\u012bgus patska\u0146us, l\u012bdzska\u0146us, patska\u0146u z\u012bmes, ko sauc par matras, nasaliz\u0101cijas z\u012bmes, piem\u0113ram, bind\u012b un \u1e6dipp\u012b, un addhak, kas nor\u0101da l\u012bdzska\u0146u dubulto\u0161anos. Pand\u017eabi ir rakst\u012bts ar\u012b Shahmukhi rakst\u012bb\u0101 Pakist\u0101n\u0101. Lai apg\u016btu pund\u017eabu gramatiku, ir svar\u012bgi iepaz\u012bties ar Gurmukhi, praktiz\u0113jot las\u012b\u0161anu un rakst\u012b\u0161anu pend\u017eabu valod\u0101.<\/p>\n\n\n\n<h3 class=\"wp-block-heading\" id=\"h-2-tones-a-distinctive-punjabi-feature\">2. To\u0146i: at\u0161\u0137ir\u012bga pand\u017eabu iez\u012bme<\/h3>\n\n\n\n<p>Viens no spilgt\u0101kajiem pand\u017eabu aspektiem ir to\u0146a izmanto\u0161ana, kas var main\u012bt v\u0101rdu noz\u012bmi. Pand\u017eabi parasti tiek aprakst\u012bts k\u0101 ar trim to\u0146iem, un tie bie\u017ei ir saist\u012bti ar v\u0113sturisk\u0101m ska\u0146as izmai\u0146\u0101m, kas nav tie\u0161i iez\u012bm\u0113tas m\u016bsdienu pareizrakst\u012bb\u0101. Izpratne par to\u0146a funkcij\u0101m un prec\u012bzas izrunas praktiz\u0113\u0161ana ir \u013coti svar\u012bga skaidrai un prec\u012bzai sazi\u0146ai Pend\u017eabi valod\u0101.<\/p>\n\n\n\n<h3 class=\"wp-block-heading\" id=\"h-3-nouns-and-pronouns-gender-and-cases\">3. Lietv\u0101rdi un vietniekv\u0101rdi: dzimums un gad\u012bjumi<\/h3>\n\n\n\n<p>Pand\u017eabu lietv\u0101rdiem ir gramatisks dzimums, v\u012bri\u0161\u0137ais vai sievi\u0161\u0137ais, un daudzskait\u013ci seko mode\u013ciem, kas at\u0161\u0137iras atkar\u012bb\u0101 no lietv\u0101rda veida. Daudzi v\u012brie\u0161u dzimuma lietv\u0101rdi veido daudzskaitli -e un daudzi sievi\u0161\u0137ie lietv\u0101rdi -\u0101\u1e41, lai gan ir p\u0101rk\u0101pumi. Pend\u017eabi izmanto sl\u012bpu gad\u012bjumu pirms postpoz\u012bcij\u0101m, kas seko lietv\u0101rdam vai vietniekv\u0101rdam. Vietniekv\u0101rdi ietver personiskas, piedero\u0161as, refleks\u012bvas, demonstrat\u012bvas un jaut\u0101juma kopas, piem\u0113ram, \u0a2e\u0a48\u0a02, \u0a24\u0a42\u0a70, \u0a09\u0a39, \u0a2e\u0a47\u0a30\u0a3e, \u0a06\u0a2a\u0a23\u0a3e, \u0a07\u0a39, \u0a09\u0a39, \u0a15\u0a4c\u0a23 un \u0a15\u0a40. Iepaz\u012b\u0161an\u0101s ar \u0161iem vietniekv\u0101rdiem un to form\u0101m iev\u0113rojami uzlabos j\u016bsu izpratni par pand\u017eabu gramatiku.<\/p>\n\n\n\n<h3 class=\"wp-block-heading\" id=\"h-4-verbs-structure-and-conjugation\">4. Darb\u012bbas v\u0101rdi: strukt\u016bra un konjug\u0101cija<\/h3>\n\n\n\n<p>Pand\u017eabu darb\u012bbas v\u0101rdi par\u0101da aspektu un vieno\u0161anos un parasti izmanto dal\u012bbniekus kop\u0101 ar pal\u012bgdarb\u012bbas v\u0101rdu \u0a39\u0a4b\u0a23\u0a3e, lai izteiktu laiku un noska\u0146ojumu. Galven\u0101s at\u0161\u0137ir\u012bbas ietver pa\u0161reiz\u0113jo past\u0101v\u012bgo, pag\u0101tnes perfekt\u012bvo un n\u0101kotni, k\u0101 ar\u012b nosac\u012btas un imperat\u012bvas noska\u0146as. Vieno\u0161an\u0101s bie\u017ei ir atkar\u012bga no dzimuma un skaita, un daudzos perfekt\u012bvos p\u0101rejas teikumos pund\u017eabi apz\u012bm\u0113 subjektu ar \u0a28\u0a47, bet darb\u012bbas v\u0101rds piekr\u012bt objektam. Apg\u016bstot galvenos konjug\u0101cijas mode\u013cus un pal\u012bglietojumu, uzlabosies j\u016bsu sp\u0113ja efekt\u012bvi sazin\u0101ties Pend\u017eabi valod\u0101.<\/p>\n\n\n\n<h3 class=\"wp-block-heading\" id=\"h-5-adjectives-agreement-and-placement\">5. \u012apa\u0161\u012bbas v\u0101rdi: vieno\u0161an\u0101s un izvietojums<\/h3>\n\n\n\n<p>Pand\u017eabu gramatik\u0101 \u012bpa\u0161\u012bbas v\u0101rdi parasti ir pirms lietv\u0101rda, ko tie modific\u0113, un, atz\u012bm\u0113jot, tie sakr\u012bt ar lietv\u0101rdu p\u0113c dzimuma un skait\u013ca. Daudzi \u012bpa\u0161\u012bbas v\u0101rdi ir nemain\u012bgi, bet parastie apraksto\u0161ie \u012bpa\u0161\u012bbas v\u0101rdi par\u0101da v\u012brie\u0161u, sievi\u0161\u0137o un daudzskait\u013ca formas. Sal\u012bdzino\u0161\u0101s un superlat\u012bvas noz\u012bmes bie\u017ei tiek veidotas anal\u012btiski ar \u0a39\u0a4b\u0a30 vair\u0101k un \u0a38\u0a2d \u0a24\u0a4b\u0a02 liel\u0101kajai da\u013cai.<\/p>\n\n\n\n<p><strong>Piem\u0113ri:<\/strong><\/p>\n\n\n\n<p><strong>&#8211; \u0a35\u0a71\u0a21\u0a3e \u0a2a\u0a3f\u0a06\u0a30 (liela m\u012blest\u012bba)<\/strong><\/p>\n\n\n\n<p><strong>\u2013 \u0a1b\u0a4b\u0a1f\u0a47 \u0a2c\u0a71\u0a1a\u0a47 (mazi b\u0113rni)<\/strong><\/p>\n\n\n\n<h3 class=\"wp-block-heading\" id=\"h-6-engaging-with-the-language\">6. Iesaist\u012b\u0161an\u0101s valod\u0101<\/h3>\n\n\n\n<p>Visefekt\u012bv\u0101kais veids, k\u0101 piln\u012bb\u0101 izprast un internaliz\u0113t pand\u017eabu gramatiku, ir konsekventi iesaist\u012bties valod\u0101. Lasot pand\u017eabu literat\u016bru, skatoties pand\u017eabu filmas vai telev\u012bzijas seri\u0101lus, klausoties m\u016bziku un dzeju un akt\u012bvi sazinoties ar dzimt\u0101 valoda, j\u016bs nostiprin\u0101siet savu izpratni par gramatiku, vienlaikus papla\u0161inot v\u0101rdu kr\u0101jumu.<\/p>\n\n\n\n<h3 class=\"wp-block-heading\" id=\"h-conclusion\">Secin\u0101jums<\/h3>\n\n\n\n<p>Lai gan pand\u017eabu gramatika var \u0161\u0137ist sare\u017e\u0123\u012bta, j\u016bs varat apg\u016bt \u0161o skaisto valodu ar cent\u012bbu, praksi un entuziasmu. Koncentr\u0113joties uz pamatnoteikumiem un iesaistoties valod\u0101 da\u017e\u0101dos kontekstos, j\u016bs \u0101tri uzlabosiet savas pand\u017eabu <a href=\"https:\/\/talkpal.ai\/lv\/gramatika\/\">gramatikas prasmes<\/a>. \u0a38\u0a3c\u0a41\u0a2d \u0a15\u0a3e\u0a2e\u0a28\u0a3e\u0a35\u0a3e\u0a02 (veiksmi) sav\u0101 pand\u017eabu valodas ce\u013cojum\u0101 un izbaudiet dinamisko un valdzino\u0161o pand\u017eabu gramatikas pasauli!<\/p>\n<\/div><\/div>\n\r\n<section class=\"learnNavigationSection\">\r\n            \r\n        <a href=\"https:\/\/talkpal.ai\/lv\/macieties-pendzabu-valodu\/\">\r\n            <div class=\"learnNavigationWrapper\">\r\n                <div class=\"learnNavigationContent\">\r\n                    <img decoding=\"async\" src=\"https:\/\/talkpal.ai\/wp-content\/uploads\/2025\/11\/Punjabi.png\" alt=\"Indian Simplified Flag\">\r\n                    <div>\r\n                        <h4>Par pand\u017eabu m\u0101c\u012b\u0161anos<\/h4>\r\n                        <p>Uzziniet visu par Pend\u017eabu gramatiku.<\/p>\r\n                    <\/div>\r\n                <\/div>\r\n            <\/div>\r\n        <\/a>\r\n\r\n        \r\n        <a href=\"https:\/\/talkpal.ai\/lv\/pandzabu-gramatikas-vingrinajumi\/\">\r\n            <div class=\"learnNavigationWrapper\">\r\n                <div class=\"learnNavigationContent\">\r\n                    <img decoding=\"async\" src=\"https:\/\/talkpal.ai\/wp-content\/uploads\/2025\/11\/Punjabi.png\" alt=\"Indian Simplified Flag\">\r\n                    <div>\r\n                        <h4>Pand\u017eabu gramatikas vingrin\u0101jums<\/h4>\r\n                        <p>Praktiz\u0113jiet pand\u017eabu gramatiku.<\/p>\r\n                    <\/div>\r\n                <\/div>\r\n            <\/div>\r\n        <\/a>\r\n\r\n            <\/section>","protected":false},"excerpt":{"rendered":"<p>Navig\u0101cija Pend\u017eabu gramatikas sare\u017e\u0123\u012bjumos Pend\u017eabi, indo\u0101rie\u0161u valoda ar bag\u0101tu v\u0113sturi un kult\u016bras noz\u012bmi, pied\u0101v\u0101 aizraujo\u0161u lingvistisko pieredzi tiem, kas v\u0113las izp\u0113t\u012bt t\u0101s unik\u0101lo gramatikas sist\u0113mu. Dodoties Pend\u017eabi valst\u012bb\u0101, j\u016bs ne tikai bag\u0101tin\u0101siet savu valodu repertu\u0101ru, bet ar\u012b iesaist\u012bsieties aizraujo\u0161\u0101 kult\u016bras ce\u013cojum\u0101. Lai gan pand\u017eabu gramatika s\u0101kum\u0101 var \u0161\u0137ist sare\u017e\u0123\u012bta, t\u0101s sadal\u012b\u0161ana galvenaj\u0101s sast\u0101vda\u013c\u0101s padara valodas [&hellip;]<\/p>\n","protected":false},"author":20,"featured_media":0,"parent":0,"menu_order":0,"comment_status":"closed","ping_status":"closed","template":"LearningContentPage.php","meta":{"_acf_changed":false,"footnotes":""},"class_list":["post-1468446","page","type-page","status-publish","hentry"],"acf":[],"yoast_head":"<!-- This site is optimized with the Yoast SEO Premium plugin v27.2 (Yoast SEO v27.2) - https:\/\/yoast.com\/product\/yoast-seo-premium-wordpress\/ -->\n<title>Pand\u017eabu gramatika - Talkpal<\/title>\n<meta name=\"description\" content=\"Apg\u016bstiet pend\u017eabi gramatikas pamatus, izmantojot m\u016bsu visaptvero\u0161o ce\u013cvedi, lai uzlabotu savas valodas zin\u0101\u0161anas jau \u0161odien.\" \/>\n<meta name=\"robots\" content=\"index, follow, max-snippet:-1, max-image-preview:large, max-video-preview:-1\" \/>\n<link rel=\"canonical\" href=\"https:\/\/talkpal.ai\/lv\/pandzabu-gramatika\/\" \/>\n<meta property=\"og:locale\" content=\"lv_LV\" \/>\n<meta property=\"og:type\" content=\"article\" \/>\n<meta property=\"og:title\" content=\"Pand\u017eabu gramatika\" \/>\n<meta property=\"og:description\" content=\"Navig\u0101cija Pend\u017eabu gramatikas sare\u017e\u0123\u012bjumos Pend\u017eabi, indo\u0101rie\u0161u valoda ar bag\u0101tu v\u0113sturi un kult\u016bras noz\u012bmi, pied\u0101v\u0101 aizraujo\u0161u lingvistisko pieredzi\" \/>\n<meta property=\"og:url\" content=\"https:\/\/talkpal.ai\/lv\/pandzabu-gramatika\/\" \/>\n<meta property=\"og:site_name\" content=\"Talkpal\" \/>\n<meta property=\"article:publisher\" content=\"https:\/\/www.facebook.com\/profile.php?id=100090733639311\" \/>\n<meta property=\"article:modified_time\" content=\"2025-12-30T11:37:57+00:00\" \/>\n<meta property=\"og:image\" content=\"https:\/\/talkpal.ai\/wp-content\/uploads\/2025\/02\/Progress-tab-16_9.png\" \/>\n\t<meta property=\"og:image:width\" content=\"2880\" \/>\n\t<meta property=\"og:image:height\" content=\"1620\" \/>\n\t<meta property=\"og:image:type\" content=\"image\/png\" \/>\n<meta name=\"twitter:card\" content=\"summary_large_image\" \/>\n<meta name=\"twitter:site\" content=\"@talkpalai\" \/>\n<meta name=\"twitter:label1\" content=\"Est. reading time\" \/>\n\t<meta name=\"twitter:data1\" content=\"4 minutes\" \/>\n<script type=\"application\/ld+json\" class=\"yoast-schema-graph\">{\"@context\":\"https:\/\/schema.org\",\"@graph\":[{\"@type\":\"WebPage\",\"@id\":\"https:\/\/talkpal.ai\/lv\/pandzabu-gramatika\/\",\"url\":\"https:\/\/talkpal.ai\/lv\/pandzabu-gramatika\/\",\"name\":\"Pand\u017eabu gramatika - Talkpal\",\"isPartOf\":{\"@id\":\"https:\/\/talkpal.ai\/lv\/#website\"},\"datePublished\":\"2025-11-12T16:31:52+00:00\",\"dateModified\":\"2025-12-30T11:37:57+00:00\",\"description\":\"Apg\u016bstiet pend\u017eabi gramatikas pamatus, izmantojot m\u016bsu visaptvero\u0161o ce\u013cvedi, lai uzlabotu savas valodas zin\u0101\u0161anas jau \u0161odien.\",\"breadcrumb\":{\"@id\":\"https:\/\/talkpal.ai\/lv\/pandzabu-gramatika\/#breadcrumb\"},\"inLanguage\":\"lv-LV\",\"potentialAction\":[{\"@type\":\"ReadAction\",\"target\":[\"https:\/\/talkpal.ai\/lv\/pandzabu-gramatika\/\"]}]},{\"@type\":\"BreadcrumbList\",\"@id\":\"https:\/\/talkpal.ai\/lv\/pandzabu-gramatika\/#breadcrumb\",\"itemListElement\":[{\"@type\":\"ListItem\",\"position\":1,\"name\":\"Homepage\",\"item\":\"https:\/\/talkpal.ai\/lv\/\"},{\"@type\":\"ListItem\",\"position\":2,\"name\":\"Pand\u017eabu gramatika\"}]},{\"@type\":\"WebSite\",\"@id\":\"https:\/\/talkpal.ai\/lv\/#website\",\"url\":\"https:\/\/talkpal.ai\/lv\/\",\"name\":\"Talkpal\",\"description\":\"AI Language Learning\",\"publisher\":{\"@id\":\"https:\/\/talkpal.ai\/lv\/#organization\"},\"alternateName\":\"Talkpal AI\",\"potentialAction\":[{\"@type\":\"SearchAction\",\"target\":{\"@type\":\"EntryPoint\",\"urlTemplate\":\"https:\/\/talkpal.ai\/lv\/?s={search_term_string}\"},\"query-input\":{\"@type\":\"PropertyValueSpecification\",\"valueRequired\":true,\"valueName\":\"search_term_string\"}}],\"inLanguage\":\"lv-LV\"},{\"@type\":\"Organization\",\"@id\":\"https:\/\/talkpal.ai\/lv\/#organization\",\"name\":\"Talkpal, Inc.\",\"alternateName\":\"Talkpal AI\",\"url\":\"https:\/\/talkpal.ai\/lv\/\",\"logo\":{\"@type\":\"ImageObject\",\"inLanguage\":\"lv-LV\",\"@id\":\"https:\/\/talkpal.ai\/lv\/#\/schema\/logo\/image\/\",\"url\":\"https:\/\/talkpal.ai\/wp-content\/uploads\/2024\/03\/Talkpal-Logo-Icon.png\",\"contentUrl\":\"https:\/\/talkpal.ai\/wp-content\/uploads\/2024\/03\/Talkpal-Logo-Icon.png\",\"width\":2880,\"height\":2880,\"caption\":\"Talkpal, Inc.\"},\"image\":{\"@id\":\"https:\/\/talkpal.ai\/lv\/#\/schema\/logo\/image\/\"},\"sameAs\":[\"https:\/\/www.facebook.com\/profile.php?id=100090733639311\",\"https:\/\/x.com\/talkpalai\",\"https:\/\/www.linkedin.com\/company\/talkpal\/\",\"https:\/\/www.youtube.com\/@TalkPal\/\",\"https:\/\/www.tiktok.com\/@talkpal\",\"https:\/\/www.instagram.com\/talkpal_ai\/\",\"https:\/\/www.crunchbase.com\/organization\/talkpal-9cde\",\"https:\/\/www.g2.com\/products\/talkpal-for-business\/\",\"https:\/\/www.trustpilot.com\/review\/talkpal.ai\",\"https:\/\/www.capterra.com\/p\/10006800\/TalkPal\/\"],\"description\":\"Talkpal is a language learning web and mobile education app, powered by the latest AI technologies, that provides engaging experiences to its customers in many different languages to help them improve their language skills. Users can chat about unlimited amount of topics with the app and use other modes to practice their language learning.\",\"email\":\"support@talkpal.ai\",\"legalName\":\"Talkpal, Inc.\",\"foundingDate\":\"2023-04-03\",\"duns\":\"118989042\",\"numberOfEmployees\":{\"@type\":\"QuantitativeValue\",\"minValue\":\"11\",\"maxValue\":\"50\"},\"publishingPrinciples\":\"https:\/\/talkpal.ai\/publishing-principles\/\",\"actionableFeedbackPolicy\":\"https:\/\/talkpal.ai\/actionable-feedback-policy\/\",\"correctionsPolicy\":\"https:\/\/talkpal.ai\/corrections-policy\/\",\"ethicsPolicy\":\"https:\/\/talkpal.ai\/ethics-policy\/\",\"diversityPolicy\":\"https:\/\/talkpal.ai\/diversity-policy\/\",\"diversityStaffingReport\":\"https:\/\/talkpal.ai\/diversity-policy\/\"}]}<\/script>\n<!-- \/ Yoast SEO Premium plugin. -->","yoast_head_json":{"title":"Pand\u017eabu gramatika - Talkpal","description":"Apg\u016bstiet pend\u017eabi gramatikas pamatus, izmantojot m\u016bsu visaptvero\u0161o ce\u013cvedi, lai uzlabotu savas valodas zin\u0101\u0161anas jau \u0161odien.","robots":{"index":"index","follow":"follow","max-snippet":"max-snippet:-1","max-image-preview":"max-image-preview:large","max-video-preview":"max-video-preview:-1"},"canonical":"https:\/\/talkpal.ai\/lv\/pandzabu-gramatika\/","og_locale":"lv_LV","og_type":"article","og_title":"Pand\u017eabu gramatika","og_description":"Navig\u0101cija Pend\u017eabu gramatikas sare\u017e\u0123\u012bjumos Pend\u017eabi, indo\u0101rie\u0161u valoda ar bag\u0101tu v\u0113sturi un kult\u016bras noz\u012bmi, pied\u0101v\u0101 aizraujo\u0161u lingvistisko pieredzi","og_url":"https:\/\/talkpal.ai\/lv\/pandzabu-gramatika\/","og_site_name":"Talkpal","article_publisher":"https:\/\/www.facebook.com\/profile.php?id=100090733639311","article_modified_time":"2025-12-30T11:37:57+00:00","og_image":[{"width":2880,"height":1620,"url":"https:\/\/talkpal.ai\/wp-content\/uploads\/2025\/02\/Progress-tab-16_9.png","type":"image\/png"}],"twitter_card":"summary_large_image","twitter_site":"@talkpalai","twitter_misc":{"Est. reading time":"4 minutes"},"schema":{"@context":"https:\/\/schema.org","@graph":[{"@type":"WebPage","@id":"https:\/\/talkpal.ai\/lv\/pandzabu-gramatika\/","url":"https:\/\/talkpal.ai\/lv\/pandzabu-gramatika\/","name":"Pand\u017eabu gramatika - Talkpal","isPartOf":{"@id":"https:\/\/talkpal.ai\/lv\/#website"},"datePublished":"2025-11-12T16:31:52+00:00","dateModified":"2025-12-30T11:37:57+00:00","description":"Apg\u016bstiet pend\u017eabi gramatikas pamatus, izmantojot m\u016bsu visaptvero\u0161o ce\u013cvedi, lai uzlabotu savas valodas zin\u0101\u0161anas jau \u0161odien.","breadcrumb":{"@id":"https:\/\/talkpal.ai\/lv\/pandzabu-gramatika\/#breadcrumb"},"inLanguage":"lv-LV","potentialAction":[{"@type":"ReadAction","target":["https:\/\/talkpal.ai\/lv\/pandzabu-gramatika\/"]}]},{"@type":"BreadcrumbList","@id":"https:\/\/talkpal.ai\/lv\/pandzabu-gramatika\/#breadcrumb","itemListElement":[{"@type":"ListItem","position":1,"name":"Homepage","item":"https:\/\/talkpal.ai\/lv\/"},{"@type":"ListItem","position":2,"name":"Pand\u017eabu gramatika"}]},{"@type":"WebSite","@id":"https:\/\/talkpal.ai\/lv\/#website","url":"https:\/\/talkpal.ai\/lv\/","name":"Talkpal","description":"AI Language Learning","publisher":{"@id":"https:\/\/talkpal.ai\/lv\/#organization"},"alternateName":"Talkpal AI","potentialAction":[{"@type":"SearchAction","target":{"@type":"EntryPoint","urlTemplate":"https:\/\/talkpal.ai\/lv\/?s={search_term_string}"},"query-input":{"@type":"PropertyValueSpecification","valueRequired":true,"valueName":"search_term_string"}}],"inLanguage":"lv-LV"},{"@type":"Organization","@id":"https:\/\/talkpal.ai\/lv\/#organization","name":"Talkpal, Inc.","alternateName":"Talkpal AI","url":"https:\/\/talkpal.ai\/lv\/","logo":{"@type":"ImageObject","inLanguage":"lv-LV","@id":"https:\/\/talkpal.ai\/lv\/#\/schema\/logo\/image\/","url":"https:\/\/talkpal.ai\/wp-content\/uploads\/2024\/03\/Talkpal-Logo-Icon.png","contentUrl":"https:\/\/talkpal.ai\/wp-content\/uploads\/2024\/03\/Talkpal-Logo-Icon.png","width":2880,"height":2880,"caption":"Talkpal, Inc."},"image":{"@id":"https:\/\/talkpal.ai\/lv\/#\/schema\/logo\/image\/"},"sameAs":["https:\/\/www.facebook.com\/profile.php?id=100090733639311","https:\/\/x.com\/talkpalai","https:\/\/www.linkedin.com\/company\/talkpal\/","https:\/\/www.youtube.com\/@TalkPal\/","https:\/\/www.tiktok.com\/@talkpal","https:\/\/www.instagram.com\/talkpal_ai\/","https:\/\/www.crunchbase.com\/organization\/talkpal-9cde","https:\/\/www.g2.com\/products\/talkpal-for-business\/","https:\/\/www.trustpilot.com\/review\/talkpal.ai","https:\/\/www.capterra.com\/p\/10006800\/TalkPal\/"],"description":"Talkpal is a language learning web and mobile education app, powered by the latest AI technologies, that provides engaging experiences to its customers in many different languages to help them improve their language skills. Users can chat about unlimited amount of topics with the app and use other modes to practice their language learning.","email":"support@talkpal.ai","legalName":"Talkpal, Inc.","foundingDate":"2023-04-03","duns":"118989042","numberOfEmployees":{"@type":"QuantitativeValue","minValue":"11","maxValue":"50"},"publishingPrinciples":"https:\/\/talkpal.ai\/publishing-principles\/","actionableFeedbackPolicy":"https:\/\/talkpal.ai\/actionable-feedback-policy\/","correctionsPolicy":"https:\/\/talkpal.ai\/corrections-policy\/","ethicsPolicy":"https:\/\/talkpal.ai\/ethics-policy\/","diversityPolicy":"https:\/\/talkpal.ai\/diversity-policy\/","diversityStaffingReport":"https:\/\/talkpal.ai\/diversity-policy\/"}]}},"_links":{"self":[{"href":"https:\/\/talkpal.ai\/lv\/wp-json\/wp\/v2\/pages\/1468446","targetHints":{"allow":["GET"]}}],"collection":[{"href":"https:\/\/talkpal.ai\/lv\/wp-json\/wp\/v2\/pages"}],"about":[{"href":"https:\/\/talkpal.ai\/lv\/wp-json\/wp\/v2\/types\/page"}],"author":[{"embeddable":true,"href":"https:\/\/talkpal.ai\/lv\/wp-json\/wp\/v2\/users\/20"}],"replies":[{"embeddable":true,"href":"https:\/\/talkpal.ai\/lv\/wp-json\/wp\/v2\/comments?post=1468446"}],"version-history":[{"count":0,"href":"https:\/\/talkpal.ai\/lv\/wp-json\/wp\/v2\/pages\/1468446\/revisions"}],"wp:attachment":[{"href":"https:\/\/talkpal.ai\/lv\/wp-json\/wp\/v2\/media?parent=1468446"}],"curies":[{"name":"wp","href":"https:\/\/api.w.org\/{rel}","templated":true}]}}