{"id":1468399,"date":"2025-11-12T16:20:16","date_gmt":"2025-11-12T16:20:16","guid":{"rendered":"https:\/\/talkpal.ai\/pustu-gramatika\/"},"modified":"2025-12-30T11:43:06","modified_gmt":"2025-12-30T11:43:06","slug":"pustu-gramatika","status":"publish","type":"page","link":"https:\/\/talkpal.ai\/lv\/pustu-gramatika\/","title":{"rendered":"Pu\u0161tu gramatika"},"content":{"rendered":"\r\n\r\n\r\n<section class=\"languageChallengeSection\">\r\n    <div class=\"languageInfoWrapper\">\r\n        \r\n        <h1>Pu\u0161tu gramatika<\/h1>\r\n        <p><a href=\"https:\/\/talkpal.ai\/learn-pashto\/\">Pu\u0161tu<\/a> <a href=\"https:\/\/talkpal.ai\/sq\/gramatika\/\">gramatika<\/a> s\u0101kum\u0101 var \u0161\u0137ist izaicino\u0161s, ta\u010du t\u0101s unik\u0101l\u0101s iez\u012bmes padara <a href=\"https:\/\/talkpal.ai\/what-language-is-spoken-on-the-international-space-station\/\">valodas<\/a> apguvi par atalgojo\u0161u pieredzi. Izp\u0113tot t\u0101s alfab\u0113tu, mut\u0101cijas un gramatikas noteikumus, j\u016bs g\u016bsiet ieskatu bag\u0101t\u0101 valodas trad\u012bcij\u0101. S\u0101ciet savu ce\u013cojumu un atkl\u0101jiet pu\u0161tu skaistumu!<\/p>\r\n\r\n                            <a class=\"getStartedHidden\" href=\"https:\/\/app.talkpal.ai\/lv\/signup?lng=\">S\u0101c<\/a>\r\n        \r\n    <\/div>\r\n\r\n    <figure>\r\n    <img decoding=\"async\" width=\"768\" height=\"768\" src=\"https:\/\/talkpal.ai\/wp-content\/uploads\/2023\/06\/welsh-768x768.png\" class=\"languageImage no-lazy\" alt=\"Language learning for better cognitive abilities\" fetchpriority=\"high\" sizes=\"(max-width: 768px) 150px, 768px\" srcset=\"https:\/\/talkpal.ai\/wp-content\/uploads\/2023\/06\/welsh-768x768.png 768w, https:\/\/talkpal.ai\/wp-content\/uploads\/2023\/06\/welsh-300x300.png 300w\" \/>\r\n    \r\n\r\n    <\/figure>\r\n\r\n            <a class=\"getStartedVisible\" href=\"https:\/\/app.talkpal.ai\/lv\/signup?lng=\">S\u0101c<\/a>\r\n    \r\n<\/section><section class=\"promotionalBanner\">\r\n    <p class=\"promotionalText\">Visefekt\u012bv\u0101kais <a href=\"https:\/\/talkpal.ai\/best-way-to-learn\/\">veids<\/a>, k\u0101 apg\u016bt valodu<\/p>\r\n    <a class=\"promotionalLink\" href=\"https:\/\/app.talkpal.ai\/lv\/signup?lng=\">Izm\u0113\u0123iniet Talkpal bez maksas<\/a>\r\n<\/section>\n<div class=\"wp-block-group pageContainerStyle\"><div class=\"wp-block-group__inner-container is-layout-constrained wp-block-group-is-layout-constrained\">\n<h2 class=\"wp-block-heading\" id=\"h-navigating-the-intricacies-of-pashto-grammar\">Navig\u0101cija pu\u0161tu gramatikas sare\u017e\u0123\u012bjumos<\/h2>\n\n\n\n<p><a href=\"https:\/\/talkpal.ai\/lv\/macities-pustu\/\">Pu\u0161tu,<\/a> Austrumir\u0101nas valoda ar bag\u0101tu v\u0113sturi un kult\u016bras noz\u012bmi Afganist\u0101n\u0101 un Pakist\u0101n\u0101, pied\u0101v\u0101 aizraujo\u0161u lingvistisko pieredzi tiem, kas v\u0113las izp\u0113t\u012bt t\u0101s unik\u0101lo gramatikas sist\u0113mu. Dodoties pu\u0161tu valst\u012bb\u0101, j\u016bs ne tikai bag\u0101tin\u0101siet savu lingvistisko repertu\u0101ru, bet ar\u012b iesaist\u012bsieties aizraujo\u0161\u0101 kult\u016bras ce\u013cojum\u0101. Lai gan pu\u0161tu gramatika s\u0101kum\u0101 var \u0161\u0137ist sare\u017e\u0123\u012bta, t\u0101s sadal\u012b\u0161ana galvenaj\u0101s sast\u0101vda\u013c\u0101s padara valodas apguvi pieejam\u0101ku. \u0160aj\u0101 rakst\u0101 m\u0113s izp\u0113t\u012bsim aizraujo\u0161o pu\u0161tu gramatikas pasauli un sniegsim padomus, k\u0101 apg\u016bt t\u0101s sare\u017e\u0123\u012bt\u012bbu.<\/p>\n\n\n\n<h3 class=\"wp-block-heading\" id=\"h-1-pashto-alphabet-and-phonetics\">1. Pu\u0161tu alfab\u0113ts un fon\u0113tika<\/h3>\n\n\n\n<p>Pu\u0161tu rakst\u012b\u0161anas sist\u0113ma ir balst\u012bta uz perso-ar\u0101bu rakst\u012bbu un ietver papildu burtus, kas ir unik\u0101li pu\u0161tu, piem\u0113ram, \u067c, \u0689, \u0693, \u06bc, \u0685, \u0681, \u069a, \u0696 un \u06ab. Lai apg\u016btu pu\u0161tu gramatiku, ir svar\u012bgi iepaz\u012bties ar \u0161o at\u0161\u0137ir\u012bgo rakst\u012bbu un pu\u0161tu ska\u0146u sist\u0113mu, kur\u0101 ir retrofleksi un aspir\u0113tie l\u012bdzska\u0146i, k\u0101 ar\u012b rakstur\u012bgi patska\u0146u kontrasti.<\/p>\n\n\n\n<h3 class=\"wp-block-heading\" id=\"h-2-split-ergativity-a-peculiar-pashto-feature\">2. Sadal\u012bta ergativit\u0101te: savdab\u012bga pu\u0161tu iez\u012bme<\/h3>\n\n\n\n<p>Viens no spilgt\u0101kajiem pu\u0161tu gramatikas aspektiem ir t\u0101s sadal\u012bt\u0101 ergativit\u0101te daudzos pag\u0101tnes p\u0101rejas teikumos. \u0160ajos kontekstos a\u0123ents par\u0101d\u0101s sl\u012bp\u0101 gad\u012bjum\u0101, un darb\u012bbas v\u0101rds m\u0113dz piekrist tie\u0161ajam objektam dzimum\u0101 un skait\u0101, nevis a\u0123entam. Izpratne, kad \u0161is izl\u012bdzin\u0101\u0161anas modelis ir piem\u0113rojams un k\u0101 darbojas vieno\u0161an\u0101s, ir \u013coti svar\u012bga prec\u012bzai sazi\u0146ai pu\u0161tu valod\u0101.<\/p>\n\n\n\n<h3 class=\"wp-block-heading\" id=\"h-3-nouns-and-pronouns-gender-and-cases\">3. Lietv\u0101rdi un vietniekv\u0101rdi: dzimums un gad\u012bjumi<\/h3>\n\n\n\n<p>Pu\u0161tu lietv\u0101rdiem ir gramatisk\u0101 dzimte (v\u012brie\u0161u vai sievi\u0161\u0137o) un tie atbilst vair\u0101kiem daudzskait\u013ca veido\u0161an\u0101s mode\u013ciem, kas at\u0161\u0137iras atkar\u012bb\u0101 no lietv\u0101rdu klases. Pashto ar\u012b no\u0161\u0137ir tie\u0161us un sl\u012bpus gad\u012bjumus, kas ietekm\u0113 lietv\u0101rdu un vietniekv\u0101rdu uzved\u012bbu ar postpoz\u012bcij\u0101m un noteikt\u0101s darb\u012bbas v\u0101rdu konstrukcij\u0101s. Vietniekv\u0101rdi pu\u0161tu valod\u0101 ietver personiskas, piedero\u0161as, refleks\u012bvas, demonstrat\u012bvas un jaut\u0101juma formas ar neatkar\u012bgiem un enclitiskiem variantiem. Iepaz\u012b\u0161an\u0101s ar \u0161\u012bm form\u0101m un to gad\u012bjumu at\u0161\u0137ir\u012bb\u0101m iev\u0113rojami uzlabos j\u016bsu izpratni par pu\u0161tu gramatiku.<\/p>\n\n\n\n<h3 class=\"wp-block-heading\" id=\"h-4-verbs-structure-and-conjugation\">4. Darb\u012bbas v\u0101rdi: strukt\u016bra un konjug\u0101cija<\/h3>\n\n\n\n<p>Pu\u0161tu darb\u012bbas v\u0101rdi seko at\u0161\u0137ir\u012bgai sist\u0113mai, kas organiz\u0113ta ap aspektu un laiku, ar personas un skait\u013ca vieno\u0161anos. Pamatlaiki ietver tagadni, pag\u0101tni un n\u0101kotni, un n\u0101kotne parasti tiek atz\u012bm\u0113ta, izmantojot da\u013ci\u0146u ba. Pu\u0161tu valoda ar\u012b stingri izmanto t\u0101dus noska\u0146ojumus k\u0101 nosac\u012bts, subjunkt\u012bvs un imperat\u012bvs, un izmanto nolieguma da\u013ci\u0146as, kas at\u0161\u0137iras starp apgalvojumiem un komand\u0101m. Konjug\u0101cijas mode\u013cu apg\u016b\u0161ana, ieskaitot perfekt\u012bvus un nepiln\u012bgus stubl\u0101jus, uzlabos j\u016bsu sp\u0113ju efekt\u012bvi sazin\u0101ties pu\u0161tu valod\u0101.<\/p>\n\n\n\n<h3 class=\"wp-block-heading\" id=\"h-5-adjectives-agreement-and-placement\">5. \u012apa\u0161\u012bbas v\u0101rdi: vieno\u0161an\u0101s un izvietojums<\/h3>\n\n\n\n<p>Pu\u0161tu gramatik\u0101 \u012bpa\u0161\u012bbas v\u0101rdi parasti ir pirms lietv\u0101rda, ko tie modific\u0113, un daudzi \u012bpa\u0161\u012bbas v\u0101rdi nemaina dzimuma vai skait\u013ca formu. Da\u017ei \u012bpa\u0161\u012bbas v\u0101rdi veido sal\u012bdzino\u0161as un superlat\u012bvas noz\u012bmes neregul\u0101ri vai ar noteiktiem izteicieniem, kas ir b\u016btiski, lai iem\u0101c\u012btos sazin\u0101ties dabisk\u0101k.<\/p>\n\n\n\n<p><strong>Piem\u0113ri:<\/strong><\/p>\n\n\n\n<p><strong>&#8211; Loy Kor (Liel\u0101 m\u0101ja)<\/strong><\/p>\n\n\n\n<p><strong>&#8211; Kuchni Mashuman (mazi b\u0113rni)<\/strong><\/p>\n\n\n\n<h3 class=\"wp-block-heading\" id=\"h-6-engaging-with-the-language\">6. Iesaist\u012b\u0161an\u0101s valod\u0101<\/h3>\n\n\n\n<p>Visefekt\u012bv\u0101kais veids, k\u0101 piln\u012bb\u0101 izprast un internaliz\u0113t pu\u0161tu gramatiku, ir konsekventi iesaist\u012bties valod\u0101. Lasot pu\u0161tu literat\u016bru, skatoties pu\u0161tu filmas vai telev\u012bzijas seri\u0101lus, klausoties radio un m\u016bziku un akt\u012bvi sazinoties ar dzimt\u0101 valoda, j\u016bs pastiprin\u0101siet savu izpratni par gramatiku, vienlaikus papla\u0161inot v\u0101rdu kr\u0101jumu.<\/p>\n\n\n\n<h3 class=\"wp-block-heading\" id=\"h-conclusion\">Secin\u0101jums<\/h3>\n\n\n\n<p>Lai gan pu\u0161tu gramatika var \u0161\u0137ist sare\u017e\u0123\u012bta, j\u016bs varat apg\u016bt \u0161o skaisto valodu ar cent\u012bbu, praksi un entuziasmu. Koncentr\u0113joties uz pamatnoteikumiem un iesaistoties valod\u0101 da\u017e\u0101dos kontekstos, j\u016bs \u0101tri uzlabosiet savas pu\u0161tu <a href=\"https:\/\/talkpal.ai\/lv\/gramatika\/\">gramatikas prasmes<\/a>. Kha bakht (veiksmi) sav\u0101 pu\u0161tu valodas ce\u013cojum\u0101 un izbaudiet m\u012bklaino, bet valdzino\u0161o pu\u0161tu gramatikas pasauli!<\/p>\n<\/div><\/div>\n\r\n<section class=\"learnNavigationSection\">\r\n            \r\n        <a href=\"https:\/\/talkpal.ai\/lv\/macities-pustu\/\">\r\n            <div class=\"learnNavigationWrapper\">\r\n                <div class=\"learnNavigationContent\">\r\n                    <img decoding=\"async\" src=\"https:\/\/talkpal.ai\/wp-content\/uploads\/2025\/11\/Pashto.png\" alt=\"Afghan Flag\">\r\n                    <div>\r\n                        <h4>Par pu\u0161tu m\u0101c\u012b\u0161anos<\/h4>\r\n                        <p>Uzziniet visu par pu\u0161tu gramatiku.<\/p>\r\n                    <\/div>\r\n                <\/div>\r\n            <\/div>\r\n        <\/a>\r\n\r\n        \r\n        <a href=\"https:\/\/talkpal.ai\/lv\/pustu-gramatikas-vingrinajumi\/\">\r\n            <div class=\"learnNavigationWrapper\">\r\n                <div class=\"learnNavigationContent\">\r\n                    <img decoding=\"async\" src=\"https:\/\/talkpal.ai\/wp-content\/uploads\/2025\/11\/Pashto.png\" alt=\"Afghan Flag\">\r\n                    <div>\r\n                        <h4>Pu\u0161tu gramatikas vingrin\u0101jums<\/h4>\r\n                        <p>Praktiz\u0113jiet pu\u0161tu.<\/p>\r\n                    <\/div>\r\n                <\/div>\r\n            <\/div>\r\n        <\/a>\r\n\r\n            <\/section>","protected":false},"excerpt":{"rendered":"<p>Navig\u0101cija pu\u0161tu gramatikas sare\u017e\u0123\u012bjumos Pu\u0161tu, Austrumir\u0101nas valoda ar bag\u0101tu v\u0113sturi un kult\u016bras noz\u012bmi Afganist\u0101n\u0101 un Pakist\u0101n\u0101, pied\u0101v\u0101 aizraujo\u0161u lingvistisko pieredzi tiem, kas v\u0113las izp\u0113t\u012bt t\u0101s unik\u0101lo gramatikas sist\u0113mu. Dodoties pu\u0161tu valst\u012bb\u0101, j\u016bs ne tikai bag\u0101tin\u0101siet savu lingvistisko repertu\u0101ru, bet ar\u012b iesaist\u012bsieties aizraujo\u0161\u0101 kult\u016bras ce\u013cojum\u0101. Lai gan pu\u0161tu gramatika s\u0101kum\u0101 var \u0161\u0137ist sare\u017e\u0123\u012bta, t\u0101s sadal\u012b\u0161ana galvenaj\u0101s [&hellip;]<\/p>\n","protected":false},"author":20,"featured_media":0,"parent":0,"menu_order":0,"comment_status":"closed","ping_status":"closed","template":"LearningContentPage.php","meta":{"_acf_changed":false,"footnotes":""},"class_list":["post-1468399","page","type-page","status-publish","hentry"],"acf":[],"yoast_head":"<!-- This site is optimized with the Yoast SEO Premium plugin v27.2 (Yoast SEO v27.2) - https:\/\/yoast.com\/product\/yoast-seo-premium-wordpress\/ -->\n<title>Pu\u0161tu gramatika - Talkpal<\/title>\n<meta name=\"description\" content=\"Apg\u016bstiet pu\u0161tu valodas gramatiku ar \u0161o visaptvero\u0161o rokasgr\u0101matu, kas ietver alfab\u0113tu, fon\u0113tiku, ergativit\u0101tes sadal\u012b\u0161anu, lietv\u0101rdus, vietniekv\u0101rdus, darb\u012bbas v\u0101rdus un \u012bpa\u0161\u012bbas v\u0101rdus.\" \/>\n<meta name=\"robots\" content=\"index, follow, max-snippet:-1, max-image-preview:large, max-video-preview:-1\" \/>\n<link rel=\"canonical\" href=\"https:\/\/talkpal.ai\/lv\/pustu-gramatika\/\" \/>\n<meta property=\"og:locale\" content=\"lv_LV\" \/>\n<meta property=\"og:type\" content=\"article\" \/>\n<meta property=\"og:title\" content=\"Pu\u0161tu gramatika\" \/>\n<meta property=\"og:description\" content=\"Navig\u0101cija pu\u0161tu gramatikas sare\u017e\u0123\u012bjumos Pu\u0161tu, Austrumir\u0101nas valoda ar bag\u0101tu v\u0113sturi un kult\u016bras noz\u012bmi Afganist\u0101n\u0101 un Pakist\u0101n\u0101, pied\u0101v\u0101 aizraujo\u0161u\" \/>\n<meta property=\"og:url\" content=\"https:\/\/talkpal.ai\/lv\/pustu-gramatika\/\" \/>\n<meta property=\"og:site_name\" content=\"Talkpal\" \/>\n<meta property=\"article:publisher\" content=\"https:\/\/www.facebook.com\/profile.php?id=100090733639311\" \/>\n<meta property=\"article:modified_time\" content=\"2025-12-30T11:43:06+00:00\" \/>\n<meta property=\"og:image\" content=\"https:\/\/talkpal.ai\/wp-content\/uploads\/2025\/02\/Progress-tab-16_9.png\" \/>\n\t<meta property=\"og:image:width\" content=\"2880\" \/>\n\t<meta property=\"og:image:height\" content=\"1620\" \/>\n\t<meta property=\"og:image:type\" content=\"image\/png\" \/>\n<meta name=\"twitter:card\" content=\"summary_large_image\" \/>\n<meta name=\"twitter:site\" content=\"@talkpalai\" \/>\n<meta name=\"twitter:label1\" content=\"Est. reading time\" \/>\n\t<meta name=\"twitter:data1\" content=\"4 minutes\" \/>\n<script type=\"application\/ld+json\" class=\"yoast-schema-graph\">{\"@context\":\"https:\/\/schema.org\",\"@graph\":[{\"@type\":\"WebPage\",\"@id\":\"https:\/\/talkpal.ai\/lv\/pustu-gramatika\/\",\"url\":\"https:\/\/talkpal.ai\/lv\/pustu-gramatika\/\",\"name\":\"Pu\u0161tu gramatika - Talkpal\",\"isPartOf\":{\"@id\":\"https:\/\/talkpal.ai\/lv\/#website\"},\"datePublished\":\"2025-11-12T16:20:16+00:00\",\"dateModified\":\"2025-12-30T11:43:06+00:00\",\"description\":\"Apg\u016bstiet pu\u0161tu valodas gramatiku ar \u0161o visaptvero\u0161o rokasgr\u0101matu, kas ietver alfab\u0113tu, fon\u0113tiku, ergativit\u0101tes sadal\u012b\u0161anu, lietv\u0101rdus, vietniekv\u0101rdus, darb\u012bbas v\u0101rdus un \u012bpa\u0161\u012bbas v\u0101rdus.\",\"breadcrumb\":{\"@id\":\"https:\/\/talkpal.ai\/lv\/pustu-gramatika\/#breadcrumb\"},\"inLanguage\":\"lv-LV\",\"potentialAction\":[{\"@type\":\"ReadAction\",\"target\":[\"https:\/\/talkpal.ai\/lv\/pustu-gramatika\/\"]}]},{\"@type\":\"BreadcrumbList\",\"@id\":\"https:\/\/talkpal.ai\/lv\/pustu-gramatika\/#breadcrumb\",\"itemListElement\":[{\"@type\":\"ListItem\",\"position\":1,\"name\":\"Homepage\",\"item\":\"https:\/\/talkpal.ai\/lv\/\"},{\"@type\":\"ListItem\",\"position\":2,\"name\":\"Pu\u0161tu gramatika\"}]},{\"@type\":\"WebSite\",\"@id\":\"https:\/\/talkpal.ai\/lv\/#website\",\"url\":\"https:\/\/talkpal.ai\/lv\/\",\"name\":\"Talkpal\",\"description\":\"AI Language Learning\",\"publisher\":{\"@id\":\"https:\/\/talkpal.ai\/lv\/#organization\"},\"alternateName\":\"Talkpal AI\",\"potentialAction\":[{\"@type\":\"SearchAction\",\"target\":{\"@type\":\"EntryPoint\",\"urlTemplate\":\"https:\/\/talkpal.ai\/lv\/?s={search_term_string}\"},\"query-input\":{\"@type\":\"PropertyValueSpecification\",\"valueRequired\":true,\"valueName\":\"search_term_string\"}}],\"inLanguage\":\"lv-LV\"},{\"@type\":\"Organization\",\"@id\":\"https:\/\/talkpal.ai\/lv\/#organization\",\"name\":\"Talkpal, Inc.\",\"alternateName\":\"Talkpal AI\",\"url\":\"https:\/\/talkpal.ai\/lv\/\",\"logo\":{\"@type\":\"ImageObject\",\"inLanguage\":\"lv-LV\",\"@id\":\"https:\/\/talkpal.ai\/lv\/#\/schema\/logo\/image\/\",\"url\":\"https:\/\/talkpal.ai\/wp-content\/uploads\/2024\/03\/Talkpal-Logo-Icon.png\",\"contentUrl\":\"https:\/\/talkpal.ai\/wp-content\/uploads\/2024\/03\/Talkpal-Logo-Icon.png\",\"width\":2880,\"height\":2880,\"caption\":\"Talkpal, Inc.\"},\"image\":{\"@id\":\"https:\/\/talkpal.ai\/lv\/#\/schema\/logo\/image\/\"},\"sameAs\":[\"https:\/\/www.facebook.com\/profile.php?id=100090733639311\",\"https:\/\/x.com\/talkpalai\",\"https:\/\/www.linkedin.com\/company\/talkpal\/\",\"https:\/\/www.youtube.com\/@TalkPal\/\",\"https:\/\/www.tiktok.com\/@talkpal\",\"https:\/\/www.instagram.com\/talkpal_ai\/\",\"https:\/\/www.crunchbase.com\/organization\/talkpal-9cde\",\"https:\/\/www.g2.com\/products\/talkpal-for-business\/\",\"https:\/\/www.trustpilot.com\/review\/talkpal.ai\",\"https:\/\/www.capterra.com\/p\/10006800\/TalkPal\/\"],\"description\":\"Talkpal is a language learning web and mobile education app, powered by the latest AI technologies, that provides engaging experiences to its customers in many different languages to help them improve their language skills. Users can chat about unlimited amount of topics with the app and use other modes to practice their language learning.\",\"email\":\"support@talkpal.ai\",\"legalName\":\"Talkpal, Inc.\",\"foundingDate\":\"2023-04-03\",\"duns\":\"118989042\",\"numberOfEmployees\":{\"@type\":\"QuantitativeValue\",\"minValue\":\"11\",\"maxValue\":\"50\"},\"publishingPrinciples\":\"https:\/\/talkpal.ai\/publishing-principles\/\",\"actionableFeedbackPolicy\":\"https:\/\/talkpal.ai\/actionable-feedback-policy\/\",\"correctionsPolicy\":\"https:\/\/talkpal.ai\/corrections-policy\/\",\"ethicsPolicy\":\"https:\/\/talkpal.ai\/ethics-policy\/\",\"diversityPolicy\":\"https:\/\/talkpal.ai\/diversity-policy\/\",\"diversityStaffingReport\":\"https:\/\/talkpal.ai\/diversity-policy\/\"}]}<\/script>\n<!-- \/ Yoast SEO Premium plugin. -->","yoast_head_json":{"title":"Pu\u0161tu gramatika - Talkpal","description":"Apg\u016bstiet pu\u0161tu valodas gramatiku ar \u0161o visaptvero\u0161o rokasgr\u0101matu, kas ietver alfab\u0113tu, fon\u0113tiku, ergativit\u0101tes sadal\u012b\u0161anu, lietv\u0101rdus, vietniekv\u0101rdus, darb\u012bbas v\u0101rdus un \u012bpa\u0161\u012bbas v\u0101rdus.","robots":{"index":"index","follow":"follow","max-snippet":"max-snippet:-1","max-image-preview":"max-image-preview:large","max-video-preview":"max-video-preview:-1"},"canonical":"https:\/\/talkpal.ai\/lv\/pustu-gramatika\/","og_locale":"lv_LV","og_type":"article","og_title":"Pu\u0161tu gramatika","og_description":"Navig\u0101cija pu\u0161tu gramatikas sare\u017e\u0123\u012bjumos Pu\u0161tu, Austrumir\u0101nas valoda ar bag\u0101tu v\u0113sturi un kult\u016bras noz\u012bmi Afganist\u0101n\u0101 un Pakist\u0101n\u0101, pied\u0101v\u0101 aizraujo\u0161u","og_url":"https:\/\/talkpal.ai\/lv\/pustu-gramatika\/","og_site_name":"Talkpal","article_publisher":"https:\/\/www.facebook.com\/profile.php?id=100090733639311","article_modified_time":"2025-12-30T11:43:06+00:00","og_image":[{"width":2880,"height":1620,"url":"https:\/\/talkpal.ai\/wp-content\/uploads\/2025\/02\/Progress-tab-16_9.png","type":"image\/png"}],"twitter_card":"summary_large_image","twitter_site":"@talkpalai","twitter_misc":{"Est. reading time":"4 minutes"},"schema":{"@context":"https:\/\/schema.org","@graph":[{"@type":"WebPage","@id":"https:\/\/talkpal.ai\/lv\/pustu-gramatika\/","url":"https:\/\/talkpal.ai\/lv\/pustu-gramatika\/","name":"Pu\u0161tu gramatika - Talkpal","isPartOf":{"@id":"https:\/\/talkpal.ai\/lv\/#website"},"datePublished":"2025-11-12T16:20:16+00:00","dateModified":"2025-12-30T11:43:06+00:00","description":"Apg\u016bstiet pu\u0161tu valodas gramatiku ar \u0161o visaptvero\u0161o rokasgr\u0101matu, kas ietver alfab\u0113tu, fon\u0113tiku, ergativit\u0101tes sadal\u012b\u0161anu, lietv\u0101rdus, vietniekv\u0101rdus, darb\u012bbas v\u0101rdus un \u012bpa\u0161\u012bbas v\u0101rdus.","breadcrumb":{"@id":"https:\/\/talkpal.ai\/lv\/pustu-gramatika\/#breadcrumb"},"inLanguage":"lv-LV","potentialAction":[{"@type":"ReadAction","target":["https:\/\/talkpal.ai\/lv\/pustu-gramatika\/"]}]},{"@type":"BreadcrumbList","@id":"https:\/\/talkpal.ai\/lv\/pustu-gramatika\/#breadcrumb","itemListElement":[{"@type":"ListItem","position":1,"name":"Homepage","item":"https:\/\/talkpal.ai\/lv\/"},{"@type":"ListItem","position":2,"name":"Pu\u0161tu gramatika"}]},{"@type":"WebSite","@id":"https:\/\/talkpal.ai\/lv\/#website","url":"https:\/\/talkpal.ai\/lv\/","name":"Talkpal","description":"AI Language Learning","publisher":{"@id":"https:\/\/talkpal.ai\/lv\/#organization"},"alternateName":"Talkpal AI","potentialAction":[{"@type":"SearchAction","target":{"@type":"EntryPoint","urlTemplate":"https:\/\/talkpal.ai\/lv\/?s={search_term_string}"},"query-input":{"@type":"PropertyValueSpecification","valueRequired":true,"valueName":"search_term_string"}}],"inLanguage":"lv-LV"},{"@type":"Organization","@id":"https:\/\/talkpal.ai\/lv\/#organization","name":"Talkpal, Inc.","alternateName":"Talkpal AI","url":"https:\/\/talkpal.ai\/lv\/","logo":{"@type":"ImageObject","inLanguage":"lv-LV","@id":"https:\/\/talkpal.ai\/lv\/#\/schema\/logo\/image\/","url":"https:\/\/talkpal.ai\/wp-content\/uploads\/2024\/03\/Talkpal-Logo-Icon.png","contentUrl":"https:\/\/talkpal.ai\/wp-content\/uploads\/2024\/03\/Talkpal-Logo-Icon.png","width":2880,"height":2880,"caption":"Talkpal, Inc."},"image":{"@id":"https:\/\/talkpal.ai\/lv\/#\/schema\/logo\/image\/"},"sameAs":["https:\/\/www.facebook.com\/profile.php?id=100090733639311","https:\/\/x.com\/talkpalai","https:\/\/www.linkedin.com\/company\/talkpal\/","https:\/\/www.youtube.com\/@TalkPal\/","https:\/\/www.tiktok.com\/@talkpal","https:\/\/www.instagram.com\/talkpal_ai\/","https:\/\/www.crunchbase.com\/organization\/talkpal-9cde","https:\/\/www.g2.com\/products\/talkpal-for-business\/","https:\/\/www.trustpilot.com\/review\/talkpal.ai","https:\/\/www.capterra.com\/p\/10006800\/TalkPal\/"],"description":"Talkpal is a language learning web and mobile education app, powered by the latest AI technologies, that provides engaging experiences to its customers in many different languages to help them improve their language skills. Users can chat about unlimited amount of topics with the app and use other modes to practice their language learning.","email":"support@talkpal.ai","legalName":"Talkpal, Inc.","foundingDate":"2023-04-03","duns":"118989042","numberOfEmployees":{"@type":"QuantitativeValue","minValue":"11","maxValue":"50"},"publishingPrinciples":"https:\/\/talkpal.ai\/publishing-principles\/","actionableFeedbackPolicy":"https:\/\/talkpal.ai\/actionable-feedback-policy\/","correctionsPolicy":"https:\/\/talkpal.ai\/corrections-policy\/","ethicsPolicy":"https:\/\/talkpal.ai\/ethics-policy\/","diversityPolicy":"https:\/\/talkpal.ai\/diversity-policy\/","diversityStaffingReport":"https:\/\/talkpal.ai\/diversity-policy\/"}]}},"_links":{"self":[{"href":"https:\/\/talkpal.ai\/lv\/wp-json\/wp\/v2\/pages\/1468399","targetHints":{"allow":["GET"]}}],"collection":[{"href":"https:\/\/talkpal.ai\/lv\/wp-json\/wp\/v2\/pages"}],"about":[{"href":"https:\/\/talkpal.ai\/lv\/wp-json\/wp\/v2\/types\/page"}],"author":[{"embeddable":true,"href":"https:\/\/talkpal.ai\/lv\/wp-json\/wp\/v2\/users\/20"}],"replies":[{"embeddable":true,"href":"https:\/\/talkpal.ai\/lv\/wp-json\/wp\/v2\/comments?post=1468399"}],"version-history":[{"count":0,"href":"https:\/\/talkpal.ai\/lv\/wp-json\/wp\/v2\/pages\/1468399\/revisions"}],"wp:attachment":[{"href":"https:\/\/talkpal.ai\/lv\/wp-json\/wp\/v2\/media?parent=1468399"}],"curies":[{"name":"wp","href":"https:\/\/api.w.org\/{rel}","templated":true}]}}