{"id":1468264,"date":"2025-11-12T15:41:46","date_gmt":"2025-11-12T15:41:46","guid":{"rendered":"https:\/\/talkpal.ai\/maltiesu-gramatikas-vingrinajumi\/"},"modified":"2025-12-30T13:40:29","modified_gmt":"2025-12-30T13:40:29","slug":"maltiesu-gramatikas-vingrinajumi","status":"publish","type":"page","link":"https:\/\/talkpal.ai\/lv\/maltiesu-gramatikas-vingrinajumi\/","title":{"rendered":"Maltie\u0161u gramatikas vingrin\u0101jumi"},"content":{"rendered":"\r\n\r\n\r\n<section class=\"languageChallengeSection\">\r\n    <div class=\"languageInfoWrapper\">\r\n        \r\n        <h1>Maltie\u0161u gramatikas vingrin\u0101jumi<\/h1>\r\n        <p>Vai esat gatavs ienirt <a href=\"https:\/\/talkpal.ai\/learn-maltese\/\">maltie\u0161u<\/a> gramatik\u0101? Da\u017eu pamatprincipu apguve pal\u012bdz\u0113s jums \u0113rti apg\u016bt \u0161o unik\u0101lo un skaisto valodu. Izm\u0113\u0123iniet \u0161os vingrin\u0101jumus, lai vairotu pa\u0161apzi\u0146u un izklaid\u0113tos!<\/p>\r\n\r\n                            <a class=\"getStartedHidden\" href=\"https:\/\/app.talkpal.ai\/lv\/signup?lng=\">S\u0101c<\/a>\r\n        \r\n    <\/div>\r\n\r\n    <figure>\r\n    <img decoding=\"async\" width=\"768\" height=\"768\" src=\"https:\/\/talkpal.ai\/wp-content\/uploads\/2023\/06\/welsh-768x768.png\" class=\"languageImage no-lazy\" alt=\"Language learning for better cognitive abilities\" fetchpriority=\"high\" sizes=\"(max-width: 768px) 150px, 768px\" srcset=\"https:\/\/talkpal.ai\/wp-content\/uploads\/2023\/06\/welsh-768x768.png 768w, https:\/\/talkpal.ai\/wp-content\/uploads\/2023\/06\/welsh-300x300.png 300w\" \/>\r\n    \r\n\r\n    <\/figure>\r\n\r\n            <a class=\"getStartedVisible\" href=\"https:\/\/app.talkpal.ai\/lv\/signup?lng=\">S\u0101c<\/a>\r\n    \r\n<\/section><section class=\"promotionalBanner\">\r\n    <p class=\"promotionalText\">Visefekt\u012bv\u0101kais veids, k\u0101 apg\u016bt valodu<\/p>\r\n    <a class=\"promotionalLink\" href=\"https:\/\/app.talkpal.ai\/lv\/signup?lng=\">Izm\u0113\u0123iniet Talkpal bez maksas<\/a>\r\n<\/section>\n<div class=\"wp-block-group pageContainerStyle\"><div class=\"wp-block-group__inner-container is-layout-constrained wp-block-group-is-layout-constrained\">\n<h2 class=\"wp-block-heading\" id=\"h-maltese-grammar-topics\">Maltie\u0161u gramatikas t\u0113mas<\/h2>\n\n\n\n<p><a href=\"https:\/\/talkpal.ai\/lv\/lielakas-kludas-no-kuram-jaizvairas-macoties-jaunu-valodu\/\">Jaunas valodas apguve<\/a> var b\u016bt izaicino\u0161s, bet atalgojo\u0161s darbs. Maltie\u0161u valoda, sem\u012btu valoda ar sp\u0113c\u012bgu rom\u0101\u0146u un <a href=\"https:\/\/talkpal.ai\/learn-english-with-ai\/\">ang\u013cu<\/a> ietekmi, ko run\u0101 galvenok\u0101rt Malt\u0101, nav iz\u0146\u0113mums. <a href=\"https:\/\/talkpal.ai\/lv\/maltiesu-valodas-gramatika\/\">Maltie\u0161u valodas<\/a> <a href=\"https:\/\/talkpal.ai\/lv\/talkpal-izglitibai\/\">apguvei<\/a> ir nepiecie\u0161ama sistem\u0101tiska pieeja gramatikas izpratnei. \u0160aj\u0101 rokasgr\u0101mat\u0101 ir izkl\u0101st\u012btas <a href=\"https:\/\/talkpal.ai\/lv\/maltiesu-valodas-gramatika\/\">galven\u0101s maltie\u0161u valodas gramatikas<\/a> jomas <a href=\"https:\/\/talkpal.ai\/lv\/talkpal-izglitibai\/\">lo\u0123isk\u0101 sec\u012bb\u0101 valodas apguvei<\/a>, s\u0101kot no pamatiem, piem\u0113ram, lietv\u0101rdiem un rakstiem, un p\u0101rejot uz sare\u017e\u0123\u012bt\u0101k\u0101m jom\u0101m, piem\u0113ram, laikiem un teikumu uzb\u016bvi.<\/p>\n\n\n\n<h3 class=\"wp-block-heading\" id=\"h-1-nouns\">1. Lietv\u0101rdi:<\/h3>\n\n\n\n<p>S\u0101ciet savu <a href=\"https:\/\/talkpal.ai\/lv\/maltiesu-valodas-gramatika\/\">maltie\u0161u valodas<\/a> ce\u013cojumu, apg\u016bstot lietv\u0101rdus. Tas ietver izpratni par da\u017e\u0101d\u0101m lietv\u0101rdu kategorij\u0101m, piem\u0113ram, parastajiem un \u012bpa\u0161v\u0101rdiem, k\u0101 ar\u012b to daudzskait\u013ca form\u0101m.<\/p>\n\n\n\n<h3 class=\"wp-block-heading\" id=\"h-2-articles\">2. Raksti:<\/h3>\n\n\n\n<p>Raksti maltie\u0161u valod\u0101 tiek lietoti cit\u0101di nek\u0101 <a href=\"https:\/\/talkpal.ai\/ai-english-speaking-practice\/\">ang\u013cu valod\u0101<\/a>. Izpratne par to, k\u0101 pareizi lietot noteikto rakstu il, ieskaitot t\u0101 asimil\u0101ciju un nenoteikta raksta tr\u016bkumu, ir iz\u0161\u0137iro\u0161a teikuma konstrukcij\u0101.<\/p>\n\n\n\n<h3 class=\"wp-block-heading\" id=\"h-3-adjectives\">3. \u012apa\u0161\u012bbas v\u0101rdi:<\/h3>\n\n\n\n<p>\u012apa\u0161\u012bbas v\u0101rdi maltie\u0161u valod\u0101 seko vi\u0146u lietv\u0101rdiem, kas at\u0161\u0137iras no ang\u013cu <a href=\"https:\/\/talkpal.ai\/what-language-is-spoken-on-the-international-space-station\/\">valodas<\/a>. Jums b\u016bs ar\u012b j\u0101apg\u016bst vieno\u0161an\u0101s mode\u013ci un k\u0101 veidot sal\u012bdzin\u0101jumus un superlat\u012bvus ar aktar vai iktar un fiks\u0113t\u0101m form\u0101m, piem\u0113ram, a\u0127jar.<\/p>\n\n\n\n<h3 class=\"wp-block-heading\" id=\"h-4-pronouns-determiners\">4. Vietniekv\u0101rdi\/noteic\u0113ji:<\/h3>\n\n\n\n<p>Maltie\u0161u valod\u0101 vietniekv\u0101rdi un noteic\u0113ji ir b\u016btiski; tie aizst\u0101j lietv\u0101rdus un sniedz inform\u0101ciju par daudzumu, vald\u012bjumu un daudz ko citu. To pareizais lietojums ietver neatkar\u012bgas formas, objektu klitiku, possess\u012bvus, kas balst\u012bti uz ta&#8217;, un pronomin\u0101l\u0101s galotnes uz priev\u0101rdiem.<\/p>\n\n\n\n<h3 class=\"wp-block-heading\" id=\"h-5-verbs\">5. Darb\u012bbas v\u0101rdi:<\/h3>\n\n\n\n<p>Maltas darb\u012bbas v\u0101rdiem ir da\u017e\u0101das formas atkar\u012bb\u0101 no laika, aspekta, garast\u0101vok\u013ca un balss. S\u0101ciet ar nepiln\u012bgo tagadnes noz\u012bmi un n\u0101kotnes mar\u0137ieri, p\u0113c tam izp\u0113tiet ide\u0101lo pag\u0101tn\u0113 un imperat\u012bvu.<\/p>\n\n\n\n<h3 class=\"wp-block-heading\" id=\"h-6-tenses\">6. Sasprindzin\u0101jums:<\/h3>\n\n\n\n<p>P\u0113c darb\u012bbas v\u0101rdu formu apg\u016b\u0161anas iedzi\u013cinieties maltie\u0161u laikos un aspektos. Tas ietver izpratni par at\u0161\u0137ir\u012bb\u0101m starp ide\u0101lo un nepiln\u012bgo, k\u0101 tiek iez\u012bm\u0113ta n\u0101kotne un k\u0101 t\u0101s tiek izmantotas da\u017e\u0101dos kontekstos.<\/p>\n\n\n\n<h3 class=\"wp-block-heading\" id=\"h-7-tense-comparison\">7. Saspringts sal\u012bdzin\u0101jums:<\/h3>\n\n\n\n<p>Laika sal\u012bdzin\u0101\u0161ana maltie\u0161u valod\u0101 pal\u012bdz izprast notikumu sec\u012bbu. Sal\u012bdzinot vienu un to pa\u0161u darb\u012bbas v\u0101rdu perfekt\u0101, nepiln\u012bg\u0101 un n\u0101kotn\u0113, tiks lab\u0101k izprasta maltie\u0161u valoda.<\/p>\n\n\n\n<h3 class=\"wp-block-heading\" id=\"h-8-progressive\">8. Progres\u012bvs:<\/h3>\n\n\n\n<p>Progres\u012bvais maltie\u0161u valod\u0101 tiek izmantots, lai izteiktu notieko\u0161\u0101s darb\u012bbas. To veido, izmantojot qed, kam seko nepiln\u012bgais.<\/p>\n\n\n\n<h3 class=\"wp-block-heading\" id=\"h-9-perfect-progressive\">9. Ide\u0101ls progres\u012bvs:<\/h3>\n\n\n\n<p>\u0160o sasprindzin\u0101jumu izmanto, lai izteiktu darb\u012bbas, kas ir turpin\u0101ju\u0161\u0101s l\u012bdz konkr\u0113tam br\u012bdim. Maltie\u0161u valod\u0101 to parasti izsaka ar ilni vai ilna plus ilgumu un qed ar nepiln\u012bgo.<\/p>\n\n\n\n<h3 class=\"wp-block-heading\" id=\"h-10-conditionals\">10. Nosac\u012bjumi:<\/h3>\n\n\n\n<p>Nosac\u012bjumi izsaka hipot\u0113tiskas situ\u0101cijas un to iesp\u0113jamos rezult\u0101tus. Tie ir svar\u012bga maltie\u0161u gramatikas sast\u0101vda\u013ca un bie\u017ei izmanto <a href=\"https:\/\/talkpal.ai\/culture\/how-do-you-use-the-word-jekk-if-in-maltese\/\">jekk if<\/a> un kieku kontrfaktiem.<\/p>\n\n\n\n<h3 class=\"wp-block-heading\" id=\"h-11-adverbs\">11. Adverbi:<\/h3>\n\n\n\n<p>Maltie\u0161u valodas adverbi modific\u0113 darb\u012bbas v\u0101rdus, \u012bpa\u0161\u012bbas v\u0101rdus vai citus adverbus. Tie sniedz inform\u0101ciju par veidu, vietu, laiku, gr\u0101du un daudz ko citu.<\/p>\n\n\n\n<h3 class=\"wp-block-heading\" id=\"h-12-prepositions\">12. Priev\u0101rdi:<\/h3>\n\n\n\n<p>Priev\u0101rdi saista v\u0101rdus un fr\u0101zes kop\u0101. Tie izsaka laika, vietas, virziena un daudz ko citu, un maltie\u0161u valod\u0101 tie izmanto pronomin\u0101las galotnes un bie\u017ei nosl\u0113dzas ar noteikto pantu.<\/p>\n\n\n\n<h3 class=\"wp-block-heading\" id=\"h-13-sentences\">13. Teikumi:<\/h3>\n\n\n\n<p>Visbeidzot, praktiz\u0113jiet teikumu konstru\u0113\u0161anu. Tas ietvers visu iepriek\u0161 apg\u016bto gramatikas punktu izmanto\u0161anu kontekst\u0101, t\u0101d\u0113j\u0101di nodro\u0161inot visaptvero\u0161u izpratni par maltie\u0161u valodu.<\/p>\n<\/div><\/div>\n\r\n<section class=\"learnNavigationSection\">\r\n            \r\n        <a href=\"https:\/\/talkpal.ai\/lv\/macities-maltiesu-valodu\/\">\r\n            <div class=\"learnNavigationWrapper\">\r\n                <div class=\"learnNavigationContent\">\r\n                    <img decoding=\"async\" src=\"https:\/\/talkpal.ai\/wp-content\/uploads\/2025\/11\/Maltese.png\" alt=\"Maltese Flag\">\r\n                    <div>\r\n                        <h4>Par maltie\u0161u valodas m\u0101c\u012b\u0161anos<\/h4>\r\n                        <p>Uzziniet visu par maltie\u0161u gramatiku.<\/p>\r\n                    <\/div>\r\n                <\/div>\r\n            <\/div>\r\n        <\/a>\r\n\r\n        \r\n        <a href=\"https:\/\/talkpal.ai\/lv\/maltiesu-valodas-gramatika\/\">\r\n            <div class=\"learnNavigationWrapper\">\r\n                <div class=\"learnNavigationContent\">\r\n                    <img decoding=\"async\" src=\"https:\/\/talkpal.ai\/wp-content\/uploads\/2025\/11\/Maltese.png\" alt=\"Maltese Flag\">\r\n                    <div>\r\n                        <h4>Maltie\u0161u valodas gramatikas stundas<\/h4>\r\n                        <p>Praktiz\u0113jiet maltie\u0161u gramatiku.<\/p>\r\n                    <\/div>\r\n                <\/div>\r\n            <\/div>\r\n        <\/a>\r\n\r\n            <\/section>","protected":false},"excerpt":{"rendered":"<p>Maltie\u0161u gramatikas t\u0113mas Jaunas valodas apguve var b\u016bt izaicino\u0161s, bet atalgojo\u0161s darbs. Maltie\u0161u valoda, sem\u012btu valoda ar sp\u0113c\u012bgu rom\u0101\u0146u un ang\u013cu ietekmi, ko run\u0101 galvenok\u0101rt Malt\u0101, nav iz\u0146\u0113mums. Maltie\u0161u valodas apguvei ir nepiecie\u0161ama sistem\u0101tiska pieeja gramatikas izpratnei. \u0160aj\u0101 rokasgr\u0101mat\u0101 ir izkl\u0101st\u012btas galven\u0101s maltie\u0161u valodas gramatikas jomas lo\u0123isk\u0101 sec\u012bb\u0101 valodas apguvei, s\u0101kot no pamatiem, piem\u0113ram, lietv\u0101rdiem [&hellip;]<\/p>\n","protected":false},"author":20,"featured_media":0,"parent":0,"menu_order":0,"comment_status":"closed","ping_status":"closed","template":"LearningContentPage.php","meta":{"_acf_changed":false,"footnotes":""},"class_list":["post-1468264","page","type-page","status-publish","hentry"],"acf":[],"yoast_head":"<!-- This site is optimized with the Yoast SEO Premium plugin v27.2 (Yoast SEO v27.2) - https:\/\/yoast.com\/product\/yoast-seo-premium-wordpress\/ -->\n<title>Maltie\u0161u gramatikas vingrin\u0101jumi - Talkpal<\/title>\n<meta name=\"description\" content=\"Apg\u016bstiet maltie\u0161u valodas gramatiku, izmantojot struktur\u0113tus vingrin\u0101jumus, kas ietver lietv\u0101rdus, darb\u012bbas v\u0101rdus un laikus, lai uzlabotu j\u016bsu p\u0101rliec\u012bbu un raitumu.\" \/>\n<meta name=\"robots\" content=\"index, follow, max-snippet:-1, max-image-preview:large, max-video-preview:-1\" \/>\n<link rel=\"canonical\" href=\"https:\/\/talkpal.ai\/lv\/maltiesu-gramatikas-vingrinajumi\/\" \/>\n<meta property=\"og:locale\" content=\"lv_LV\" \/>\n<meta property=\"og:type\" content=\"article\" \/>\n<meta property=\"og:title\" content=\"Maltie\u0161u gramatikas vingrin\u0101jumi\" \/>\n<meta property=\"og:description\" content=\"Maltie\u0161u gramatikas t\u0113mas Jaunas valodas apguve var b\u016bt izaicino\u0161s, bet atalgojo\u0161s darbs. Maltie\u0161u valoda, sem\u012btu valoda ar sp\u0113c\u012bgu rom\u0101\u0146u un ang\u013cu\" \/>\n<meta property=\"og:url\" content=\"https:\/\/talkpal.ai\/lv\/maltiesu-gramatikas-vingrinajumi\/\" \/>\n<meta property=\"og:site_name\" content=\"Talkpal\" \/>\n<meta property=\"article:publisher\" content=\"https:\/\/www.facebook.com\/profile.php?id=100090733639311\" \/>\n<meta property=\"article:modified_time\" content=\"2025-12-30T13:40:29+00:00\" \/>\n<meta property=\"og:image\" content=\"https:\/\/talkpal.ai\/wp-content\/uploads\/2025\/02\/Progress-tab-16_9.png\" \/>\n\t<meta property=\"og:image:width\" content=\"2880\" \/>\n\t<meta property=\"og:image:height\" content=\"1620\" \/>\n\t<meta property=\"og:image:type\" content=\"image\/png\" \/>\n<meta name=\"twitter:card\" content=\"summary_large_image\" \/>\n<meta name=\"twitter:site\" content=\"@talkpalai\" \/>\n<meta name=\"twitter:label1\" content=\"Est. reading time\" \/>\n\t<meta name=\"twitter:data1\" content=\"3 minutes\" \/>\n<script type=\"application\/ld+json\" class=\"yoast-schema-graph\">{\"@context\":\"https:\/\/schema.org\",\"@graph\":[{\"@type\":\"WebPage\",\"@id\":\"https:\/\/talkpal.ai\/lv\/maltiesu-gramatikas-vingrinajumi\/\",\"url\":\"https:\/\/talkpal.ai\/lv\/maltiesu-gramatikas-vingrinajumi\/\",\"name\":\"Maltie\u0161u gramatikas vingrin\u0101jumi - Talkpal\",\"isPartOf\":{\"@id\":\"https:\/\/talkpal.ai\/lv\/#website\"},\"datePublished\":\"2025-11-12T15:41:46+00:00\",\"dateModified\":\"2025-12-30T13:40:29+00:00\",\"description\":\"Apg\u016bstiet maltie\u0161u valodas gramatiku, izmantojot struktur\u0113tus vingrin\u0101jumus, kas ietver lietv\u0101rdus, darb\u012bbas v\u0101rdus un laikus, lai uzlabotu j\u016bsu p\u0101rliec\u012bbu un raitumu.\",\"breadcrumb\":{\"@id\":\"https:\/\/talkpal.ai\/lv\/maltiesu-gramatikas-vingrinajumi\/#breadcrumb\"},\"inLanguage\":\"lv-LV\",\"potentialAction\":[{\"@type\":\"ReadAction\",\"target\":[\"https:\/\/talkpal.ai\/lv\/maltiesu-gramatikas-vingrinajumi\/\"]}]},{\"@type\":\"BreadcrumbList\",\"@id\":\"https:\/\/talkpal.ai\/lv\/maltiesu-gramatikas-vingrinajumi\/#breadcrumb\",\"itemListElement\":[{\"@type\":\"ListItem\",\"position\":1,\"name\":\"Homepage\",\"item\":\"https:\/\/talkpal.ai\/lv\/\"},{\"@type\":\"ListItem\",\"position\":2,\"name\":\"Maltie\u0161u gramatikas vingrin\u0101jumi\"}]},{\"@type\":\"WebSite\",\"@id\":\"https:\/\/talkpal.ai\/lv\/#website\",\"url\":\"https:\/\/talkpal.ai\/lv\/\",\"name\":\"Talkpal\",\"description\":\"AI Language Learning\",\"publisher\":{\"@id\":\"https:\/\/talkpal.ai\/lv\/#organization\"},\"alternateName\":\"Talkpal AI\",\"potentialAction\":[{\"@type\":\"SearchAction\",\"target\":{\"@type\":\"EntryPoint\",\"urlTemplate\":\"https:\/\/talkpal.ai\/lv\/?s={search_term_string}\"},\"query-input\":{\"@type\":\"PropertyValueSpecification\",\"valueRequired\":true,\"valueName\":\"search_term_string\"}}],\"inLanguage\":\"lv-LV\"},{\"@type\":\"Organization\",\"@id\":\"https:\/\/talkpal.ai\/lv\/#organization\",\"name\":\"Talkpal, Inc.\",\"alternateName\":\"Talkpal AI\",\"url\":\"https:\/\/talkpal.ai\/lv\/\",\"logo\":{\"@type\":\"ImageObject\",\"inLanguage\":\"lv-LV\",\"@id\":\"https:\/\/talkpal.ai\/lv\/#\/schema\/logo\/image\/\",\"url\":\"https:\/\/talkpal.ai\/wp-content\/uploads\/2024\/03\/Talkpal-Logo-Icon.png\",\"contentUrl\":\"https:\/\/talkpal.ai\/wp-content\/uploads\/2024\/03\/Talkpal-Logo-Icon.png\",\"width\":2880,\"height\":2880,\"caption\":\"Talkpal, Inc.\"},\"image\":{\"@id\":\"https:\/\/talkpal.ai\/lv\/#\/schema\/logo\/image\/\"},\"sameAs\":[\"https:\/\/www.facebook.com\/profile.php?id=100090733639311\",\"https:\/\/x.com\/talkpalai\",\"https:\/\/www.linkedin.com\/company\/talkpal\/\",\"https:\/\/www.youtube.com\/@TalkPal\/\",\"https:\/\/www.tiktok.com\/@talkpal\",\"https:\/\/www.instagram.com\/talkpal_ai\/\",\"https:\/\/www.crunchbase.com\/organization\/talkpal-9cde\",\"https:\/\/www.g2.com\/products\/talkpal-for-business\/\",\"https:\/\/www.trustpilot.com\/review\/talkpal.ai\",\"https:\/\/www.capterra.com\/p\/10006800\/TalkPal\/\"],\"description\":\"Talkpal is a language learning web and mobile education app, powered by the latest AI technologies, that provides engaging experiences to its customers in many different languages to help them improve their language skills. Users can chat about unlimited amount of topics with the app and use other modes to practice their language learning.\",\"email\":\"support@talkpal.ai\",\"legalName\":\"Talkpal, Inc.\",\"foundingDate\":\"2023-04-03\",\"duns\":\"118989042\",\"numberOfEmployees\":{\"@type\":\"QuantitativeValue\",\"minValue\":\"11\",\"maxValue\":\"50\"},\"publishingPrinciples\":\"https:\/\/talkpal.ai\/publishing-principles\/\",\"actionableFeedbackPolicy\":\"https:\/\/talkpal.ai\/actionable-feedback-policy\/\",\"correctionsPolicy\":\"https:\/\/talkpal.ai\/corrections-policy\/\",\"ethicsPolicy\":\"https:\/\/talkpal.ai\/ethics-policy\/\",\"diversityPolicy\":\"https:\/\/talkpal.ai\/diversity-policy\/\",\"diversityStaffingReport\":\"https:\/\/talkpal.ai\/diversity-policy\/\"}]}<\/script>\n<!-- \/ Yoast SEO Premium plugin. -->","yoast_head_json":{"title":"Maltie\u0161u gramatikas vingrin\u0101jumi - Talkpal","description":"Apg\u016bstiet maltie\u0161u valodas gramatiku, izmantojot struktur\u0113tus vingrin\u0101jumus, kas ietver lietv\u0101rdus, darb\u012bbas v\u0101rdus un laikus, lai uzlabotu j\u016bsu p\u0101rliec\u012bbu un raitumu.","robots":{"index":"index","follow":"follow","max-snippet":"max-snippet:-1","max-image-preview":"max-image-preview:large","max-video-preview":"max-video-preview:-1"},"canonical":"https:\/\/talkpal.ai\/lv\/maltiesu-gramatikas-vingrinajumi\/","og_locale":"lv_LV","og_type":"article","og_title":"Maltie\u0161u gramatikas vingrin\u0101jumi","og_description":"Maltie\u0161u gramatikas t\u0113mas Jaunas valodas apguve var b\u016bt izaicino\u0161s, bet atalgojo\u0161s darbs. Maltie\u0161u valoda, sem\u012btu valoda ar sp\u0113c\u012bgu rom\u0101\u0146u un ang\u013cu","og_url":"https:\/\/talkpal.ai\/lv\/maltiesu-gramatikas-vingrinajumi\/","og_site_name":"Talkpal","article_publisher":"https:\/\/www.facebook.com\/profile.php?id=100090733639311","article_modified_time":"2025-12-30T13:40:29+00:00","og_image":[{"width":2880,"height":1620,"url":"https:\/\/talkpal.ai\/wp-content\/uploads\/2025\/02\/Progress-tab-16_9.png","type":"image\/png"}],"twitter_card":"summary_large_image","twitter_site":"@talkpalai","twitter_misc":{"Est. reading time":"3 minutes"},"schema":{"@context":"https:\/\/schema.org","@graph":[{"@type":"WebPage","@id":"https:\/\/talkpal.ai\/lv\/maltiesu-gramatikas-vingrinajumi\/","url":"https:\/\/talkpal.ai\/lv\/maltiesu-gramatikas-vingrinajumi\/","name":"Maltie\u0161u gramatikas vingrin\u0101jumi - Talkpal","isPartOf":{"@id":"https:\/\/talkpal.ai\/lv\/#website"},"datePublished":"2025-11-12T15:41:46+00:00","dateModified":"2025-12-30T13:40:29+00:00","description":"Apg\u016bstiet maltie\u0161u valodas gramatiku, izmantojot struktur\u0113tus vingrin\u0101jumus, kas ietver lietv\u0101rdus, darb\u012bbas v\u0101rdus un laikus, lai uzlabotu j\u016bsu p\u0101rliec\u012bbu un raitumu.","breadcrumb":{"@id":"https:\/\/talkpal.ai\/lv\/maltiesu-gramatikas-vingrinajumi\/#breadcrumb"},"inLanguage":"lv-LV","potentialAction":[{"@type":"ReadAction","target":["https:\/\/talkpal.ai\/lv\/maltiesu-gramatikas-vingrinajumi\/"]}]},{"@type":"BreadcrumbList","@id":"https:\/\/talkpal.ai\/lv\/maltiesu-gramatikas-vingrinajumi\/#breadcrumb","itemListElement":[{"@type":"ListItem","position":1,"name":"Homepage","item":"https:\/\/talkpal.ai\/lv\/"},{"@type":"ListItem","position":2,"name":"Maltie\u0161u gramatikas vingrin\u0101jumi"}]},{"@type":"WebSite","@id":"https:\/\/talkpal.ai\/lv\/#website","url":"https:\/\/talkpal.ai\/lv\/","name":"Talkpal","description":"AI Language Learning","publisher":{"@id":"https:\/\/talkpal.ai\/lv\/#organization"},"alternateName":"Talkpal AI","potentialAction":[{"@type":"SearchAction","target":{"@type":"EntryPoint","urlTemplate":"https:\/\/talkpal.ai\/lv\/?s={search_term_string}"},"query-input":{"@type":"PropertyValueSpecification","valueRequired":true,"valueName":"search_term_string"}}],"inLanguage":"lv-LV"},{"@type":"Organization","@id":"https:\/\/talkpal.ai\/lv\/#organization","name":"Talkpal, Inc.","alternateName":"Talkpal AI","url":"https:\/\/talkpal.ai\/lv\/","logo":{"@type":"ImageObject","inLanguage":"lv-LV","@id":"https:\/\/talkpal.ai\/lv\/#\/schema\/logo\/image\/","url":"https:\/\/talkpal.ai\/wp-content\/uploads\/2024\/03\/Talkpal-Logo-Icon.png","contentUrl":"https:\/\/talkpal.ai\/wp-content\/uploads\/2024\/03\/Talkpal-Logo-Icon.png","width":2880,"height":2880,"caption":"Talkpal, Inc."},"image":{"@id":"https:\/\/talkpal.ai\/lv\/#\/schema\/logo\/image\/"},"sameAs":["https:\/\/www.facebook.com\/profile.php?id=100090733639311","https:\/\/x.com\/talkpalai","https:\/\/www.linkedin.com\/company\/talkpal\/","https:\/\/www.youtube.com\/@TalkPal\/","https:\/\/www.tiktok.com\/@talkpal","https:\/\/www.instagram.com\/talkpal_ai\/","https:\/\/www.crunchbase.com\/organization\/talkpal-9cde","https:\/\/www.g2.com\/products\/talkpal-for-business\/","https:\/\/www.trustpilot.com\/review\/talkpal.ai","https:\/\/www.capterra.com\/p\/10006800\/TalkPal\/"],"description":"Talkpal is a language learning web and mobile education app, powered by the latest AI technologies, that provides engaging experiences to its customers in many different languages to help them improve their language skills. Users can chat about unlimited amount of topics with the app and use other modes to practice their language learning.","email":"support@talkpal.ai","legalName":"Talkpal, Inc.","foundingDate":"2023-04-03","duns":"118989042","numberOfEmployees":{"@type":"QuantitativeValue","minValue":"11","maxValue":"50"},"publishingPrinciples":"https:\/\/talkpal.ai\/publishing-principles\/","actionableFeedbackPolicy":"https:\/\/talkpal.ai\/actionable-feedback-policy\/","correctionsPolicy":"https:\/\/talkpal.ai\/corrections-policy\/","ethicsPolicy":"https:\/\/talkpal.ai\/ethics-policy\/","diversityPolicy":"https:\/\/talkpal.ai\/diversity-policy\/","diversityStaffingReport":"https:\/\/talkpal.ai\/diversity-policy\/"}]}},"_links":{"self":[{"href":"https:\/\/talkpal.ai\/lv\/wp-json\/wp\/v2\/pages\/1468264","targetHints":{"allow":["GET"]}}],"collection":[{"href":"https:\/\/talkpal.ai\/lv\/wp-json\/wp\/v2\/pages"}],"about":[{"href":"https:\/\/talkpal.ai\/lv\/wp-json\/wp\/v2\/types\/page"}],"author":[{"embeddable":true,"href":"https:\/\/talkpal.ai\/lv\/wp-json\/wp\/v2\/users\/20"}],"replies":[{"embeddable":true,"href":"https:\/\/talkpal.ai\/lv\/wp-json\/wp\/v2\/comments?post=1468264"}],"version-history":[{"count":0,"href":"https:\/\/talkpal.ai\/lv\/wp-json\/wp\/v2\/pages\/1468264\/revisions"}],"wp:attachment":[{"href":"https:\/\/talkpal.ai\/lv\/wp-json\/wp\/v2\/media?parent=1468264"}],"curies":[{"name":"wp","href":"https:\/\/api.w.org\/{rel}","templated":true}]}}