{"id":1468243,"date":"2025-11-12T12:14:54","date_gmt":"2025-11-12T12:14:54","guid":{"rendered":"https:\/\/talkpal.ai\/laosas-gramatikas-vingrinajumi\/"},"modified":"2025-12-30T14:08:12","modified_gmt":"2025-12-30T14:08:12","slug":"laosas-gramatikas-vingrinajumi","status":"publish","type":"page","link":"https:\/\/talkpal.ai\/lv\/laosas-gramatikas-vingrinajumi\/","title":{"rendered":"Laosas gramatikas vingrin\u0101jumi"},"content":{"rendered":"\r\n\r\n\r\n<section class=\"languageChallengeSection\">\r\n    <div class=\"languageInfoWrapper\">\r\n        \r\n        <h1>Laosas gramatikas vingrin\u0101jumi<\/h1>\r\n        <p>Vai esat gatavs ienirt Laosas gramatik\u0101? Da\u017eu pamatprincipu apguve pal\u012bdz\u0113s jums \u0113rti apg\u016bt \u0161o unik\u0101lo un skaisto valodu. Izm\u0113\u0123iniet \u0161os vingrin\u0101jumus, lai vairotu pa\u0161apzi\u0146u un izklaid\u0113tos!<\/p>\r\n\r\n                            <a class=\"getStartedHidden\" href=\"https:\/\/app.talkpal.ai\/lv\/signup?lng=\">S\u0101c<\/a>\r\n        \r\n    <\/div>\r\n\r\n    <figure>\r\n    <img decoding=\"async\" width=\"768\" height=\"768\" src=\"https:\/\/talkpal.ai\/wp-content\/uploads\/2023\/06\/welsh-768x768.png\" class=\"languageImage no-lazy\" alt=\"Language learning for better cognitive abilities\" fetchpriority=\"high\" sizes=\"(max-width: 768px) 150px, 768px\" srcset=\"https:\/\/talkpal.ai\/wp-content\/uploads\/2023\/06\/welsh-768x768.png 768w, https:\/\/talkpal.ai\/wp-content\/uploads\/2023\/06\/welsh-300x300.png 300w\" \/>\r\n    \r\n\r\n    <\/figure>\r\n\r\n            <a class=\"getStartedVisible\" href=\"https:\/\/app.talkpal.ai\/lv\/signup?lng=\">S\u0101c<\/a>\r\n    \r\n<\/section><section class=\"promotionalBanner\">\r\n    <p class=\"promotionalText\">Visefekt\u012bv\u0101kais veids, k\u0101 apg\u016bt valodu<\/p>\r\n    <a class=\"promotionalLink\" href=\"https:\/\/app.talkpal.ai\/lv\/signup?lng=\">Izm\u0113\u0123iniet Talkpal bez maksas<\/a>\r\n<\/section>\n<div class=\"wp-block-group pageContainerStyle\"><div class=\"wp-block-group__inner-container is-layout-constrained wp-block-group-is-layout-constrained\">\n<h2 class=\"wp-block-heading\" id=\"h-lao-grammar-topics\">Laosas gramatikas t\u0113mas<\/h2>\n\n\n\n<p><a href=\"https:\/\/talkpal.ai\/lv\/lielakas-kludas-no-kuram-jaizvairas-macoties-jaunu-valodu\/\">Jaunas valodas apguve<\/a> var b\u016bt izaicino\u0161s, bet atalgojo\u0161s darbs. Laosa, Tai-Kadai valoda, kur\u0101 run\u0101 galvenok\u0101rt Laos\u0101, nav iz\u0146\u0113mums. Ar sav\u0101m unik\u0101laj\u0101m iez\u012bm\u0113m un strukt\u016br\u0101m, <a href=\"https:\/\/talkpal.ai\/lv\/talkpal-izglitibai\/\">Lao valodas apguvei<\/a> ir nepiecie\u0161ama sistem\u0101tiska pieeja, lai saprastu, k\u0101 noz\u012bme tiek veidota ar da\u013ci\u0146\u0101m, v\u0101rdu sec\u012bbu un klasifikatoriem, nevis loc\u012bjumiem. \u0160aj\u0101 rokasgr\u0101mat\u0101 ir izkl\u0101st\u012btas galven\u0101s <a href=\"https:\/\/talkpal.ai\/lv\/laosas-gramatika\/\">Laosas gramatikas<\/a> jomas <a href=\"https:\/\/talkpal.ai\/lv\/ai-catbots-valodu-apguvei\/\">lo\u0123isk\u0101 sec\u012bb\u0101 valodas apguvei<\/a>, s\u0101kot no pamatiem, piem\u0113ram, lietv\u0101rdiem un klasifikatoriem, un p\u0101rejot uz sare\u017e\u0123\u012bt\u0101k\u0101m jom\u0101m, piem\u0113ram, aspektu mar\u0137ieriem un teikumu uzb\u016bvi.<\/p>\n\n\n\n<h3 class=\"wp-block-heading\" id=\"h-1-nouns\">1. Lietv\u0101rdi:<\/h3>\n\n\n\n<p>S\u0101ciet savu Laosas <a href=\"https:\/\/talkpal.ai\/what-language-is-spoken-on-the-international-space-station\/\">valodas<\/a> ce\u013cojumu, apg\u016bstot lietv\u0101rdus. Tas ietver izpratni par parastajiem un \u012bpa\u0161v\u0101rdiem, to, k\u0101 daudzveid\u012bba tiek par\u0101d\u012bta, izmantojot kontekstu, ciparus un v\u0101rdus, k\u0101 ar\u012b klasifikatoru b\u016btisko lomu p\u0113c skait\u013ciem un kvantitat\u012bvajiem r\u0101d\u012bt\u0101jiem.<\/p>\n\n\n\n<h3 class=\"wp-block-heading\" id=\"h-2-articles\">2. Raksti:<\/h3>\n\n\n\n<p>Laosa neizmanto noteiktus vai nenoteiktus pantus. T\u0101 viet\u0101 noteikt\u012bba un specifika tiek izteikta ar kontekstu, demonstrat\u012bviem, piem\u0113ram, \u0161o un to, un klasifikatoru konstrukcij\u0101m.<\/p>\n\n\n\n<h3 class=\"wp-block-heading\" id=\"h-3-adjectives\">3. \u012apa\u0161\u012bbas v\u0101rdi:<\/h3>\n\n\n\n<p>\u012apa\u0161\u012bbas v\u0101rdi Laos\u0101 parasti seko lietv\u0101rdiem, kurus tie modific\u0113. Uzziniet, k\u0101 \u012bpa\u0161\u012bbas v\u0101rdi var darboties ar\u012b k\u0101 predik\u0101ti un k\u0101 veidot sal\u012bdzin\u0101jumus, izmantojot mar\u0137ierus vair\u0101k un nek\u0101, k\u0101 ar\u012b superlat\u012bvus ar visvair\u0101k.<\/p>\n\n\n\n<h3 class=\"wp-block-heading\" id=\"h-4-pronouns-determiners\">4. Vietniekv\u0101rdi\/noteic\u0113ji:<\/h3>\n\n\n\n<p>Vietniekv\u0101rdi un noteic\u0113ji ir b\u016btiski Laos\u0101; Vietniekv\u0101rdi at\u0161\u0137iras atkar\u012bb\u0101 no piekl\u0101j\u012bbas, vecuma un soci\u0101l\u0101 konteksta. Noteic\u0113ji ietver demonstrat\u012bvus un kvantitat\u012bvus r\u0101d\u012bt\u0101jus, un vald\u012bjums parasti tiek apz\u012bm\u0113ts ar v\u0101rdu &#8220;of&#8221; starp vald\u012bt\u0101ju un lietv\u0101rdu.<\/p>\n\n\n\n<h3 class=\"wp-block-heading\" id=\"h-5-verbs\">5. Darb\u012bbas v\u0101rdi:<\/h3>\n\n\n\n<p>Laosas darb\u012bbas v\u0101rdi nemaina formu laikam, personai vai skaitlim. Laiks, aspekts un noska\u0146ojums tiek par\u0101d\u012bti ar da\u013ci\u0146\u0101m un pal\u012bgv\u0101rdiem. S\u0101ciet ar pamata darb\u012bbas v\u0101rdu mode\u013ciem un apg\u016bstiet kop\u012bgus pag\u0101tnes, pabeig\u0161anas, notieko\u0161\u0101s darb\u012bbas un nodoma mar\u0137ierus.<\/p>\n\n\n\n<h3 class=\"wp-block-heading\" id=\"h-6-tenses\">6. Sasprindzin\u0101jums:<\/h3>\n\n\n\n<p>P\u0113c darb\u012bbas v\u0101rdu pamatmode\u013cu apg\u016b\u0161anas iedzi\u013cinieties taj\u0101, k\u0101 <a href=\"https:\/\/talkpal.ai\/learn-lao\/\">Lao<\/a> izsaka laiku bez loc\u012btiem laikiem. Tas ietver laika v\u0101rdu un aspektu mar\u0137ieru izmanto\u0161anu, lai at\u0161\u0137irtu pa\u0161reiz\u0113j\u0101s situ\u0101cijas, pabeigtos notikumus un n\u0101kotnes vai paredz\u0113t\u0101s darb\u012bbas da\u017e\u0101dos kontekstos.<\/p>\n\n\n\n<h3 class=\"wp-block-heading\" id=\"h-7-tense-comparison\">7. Saspringts sal\u012bdzin\u0101jums:<\/h3>\n\n\n\n<p>Laika un aspektu mar\u0137\u0113\u0161anas sal\u012bdzin\u0101\u0161ana Laos\u0101 pal\u012bdz izprast notikumu sec\u012bbu un viedokli. Sal\u012bdziniet vienu un to pa\u0161u klauzulu ar da\u017e\u0101d\u0101m da\u013ci\u0146\u0101m, lai redz\u0113tu, k\u0101 noz\u012bme main\u0101s starp pabeigtiem, nep\u0101rtrauktiem, parastiem un perspekt\u012bviem las\u012bjumiem.<\/p>\n\n\n\n<h3 class=\"wp-block-heading\" id=\"h-8-progressive\">8. Progres\u012bvs:<\/h3>\n\n\n\n<p>Progres\u012bvais Laos\u0101 tiek izmantots, lai izteiktu notieko\u0161\u0101s darb\u012bbas. To parasti veido ar pirmsverb\u0101lo mar\u0137ieri, kas notiek, un to var pastiprin\u0101t ar teikuma beigu vai p\u0113cverb\u0101lo mar\u0137ieri, kas nor\u0101da uz pa\u0161reiz\u0113jo st\u0101vokli.<\/p>\n\n\n\n<h3 class=\"wp-block-heading\" id=\"h-9-perfect-progressive\">9. Ide\u0101ls progres\u012bvs:<\/h3>\n\n\n\n<p>\u0160\u012b noz\u012bme ir izteikta ar kombin\u0101cij\u0101m, kas par\u0101da ilgumu l\u012bdz atskaites punktam. Lao izmanto aspektu mar\u0137ierus, laika izteiksmes un da\u013ci\u0146as, kas nor\u0101da jau vai l\u012bdz \u0161im, lai nodotu, ir dar\u012bju\u0161i jau k\u0101du laiku.<\/p>\n\n\n\n<h3 class=\"wp-block-heading\" id=\"h-10-conditionals\">10. Nosac\u012bjumi:<\/h3>\n\n\n\n<p>Nosac\u012bjumi izsaka hipot\u0113tiskas situ\u0101cijas un to iesp\u0113jamos rezult\u0101tus. Tie tiek veidoti ar if klauzulu, kam seko rezult\u0101ta klauzula, bie\u017ei izmantojot mod\u0101las da\u013ci\u0146as, lai nor\u0101d\u012btu varb\u016bt\u012bbu vai nodomu, nevis saspringtas izmai\u0146as.<\/p>\n\n\n\n<h3 class=\"wp-block-heading\" id=\"h-11-adverbs\">11. Adverbi:<\/h3>\n\n\n\n<p>Adverbi laosie\u0161u valod\u0101 modific\u0113 darb\u012bbas v\u0101rdus, \u012bpa\u0161\u012bbas v\u0101rdus vai citus adverbus. Tie parasti par\u0101d\u0101s p\u0113c darb\u012bbas v\u0101rda vai klauzulas beig\u0101s un sniedz inform\u0101ciju par veidu, vietu, laiku, pak\u0101pi un daudz ko citu.<\/p>\n\n\n\n<h3 class=\"wp-block-heading\" id=\"h-12-prepositions\">12. Priev\u0101rdi:<\/h3>\n\n\n\n<p>Priev\u0101rdi saista v\u0101rdus un fr\u0101zes kop\u0101. Laos\u0101 daudzi no tiem ir v\u0101ki, kas rodas pirms lietv\u0101rda vai s\u0113rijveida darb\u012bbas v\u0101rdu konstrukcij\u0101s, lai izteiktu laika, vietas, virziena un pavad\u012bjuma attiec\u012bbas.<\/p>\n\n\n\n<h3 class=\"wp-block-heading\" id=\"h-13-sentences\">13. Teikumi:<\/h3>\n\n\n\n<p>Visbeidzot, praktiz\u0113jiet teikumu konstru\u0113\u0161anu. Lao galvenok\u0101rt ir subjekta darb\u012bbas v\u0101rda objekts, ar noliegumu pirms darb\u012bbas v\u0101rda un jaut\u0101juma da\u013ci\u0146\u0101m vai jaut\u0101juma v\u0101rdiem poz\u012bcij\u0101. Izmantojiet visus iepriek\u0161 apg\u016btos gramatikas punktus kontekst\u0101, ieskaitot klasifikatorus, aspektu mar\u0137ierus un s\u0113rijveida darb\u012bbas v\u0101rdus, lai nodro\u0161in\u0101tu visaptvero\u0161u izpratni par laosie\u0161u valodu.<\/p>\n<\/div><\/div>\n\r\n<section class=\"learnNavigationSection\">\r\n            \r\n        <a href=\"https:\/\/talkpal.ai\/lv\/macities-lao\/\">\r\n            <div class=\"learnNavigationWrapper\">\r\n                <div class=\"learnNavigationContent\">\r\n                    <img decoding=\"async\" src=\"https:\/\/talkpal.ai\/wp-content\/uploads\/2025\/11\/Lao-1.png\" alt=\"Laotian Flag\">\r\n                    <div>\r\n                        <h4>Par Laosas m\u0101c\u012b\u0161anos<\/h4>\r\n                        <p>Uzziniet visu par Laosas gramatiku.<\/p>\r\n                    <\/div>\r\n                <\/div>\r\n            <\/div>\r\n        <\/a>\r\n\r\n        \r\n        <a href=\"https:\/\/talkpal.ai\/lv\/laosas-gramatika\/\">\r\n            <div class=\"learnNavigationWrapper\">\r\n                <div class=\"learnNavigationContent\">\r\n                    <img decoding=\"async\" src=\"https:\/\/talkpal.ai\/wp-content\/uploads\/2025\/11\/Lao-1.png\" alt=\"Laotian Flag\">\r\n                    <div>\r\n                        <h4>Laosas gramatikas stundas<\/h4>\r\n                        <p>Praktiz\u0113jiet Laosas gramatiku.<\/p>\r\n                    <\/div>\r\n                <\/div>\r\n            <\/div>\r\n        <\/a>\r\n\r\n            <\/section>","protected":false},"excerpt":{"rendered":"<p>Laosas gramatikas t\u0113mas Jaunas valodas apguve var b\u016bt izaicino\u0161s, bet atalgojo\u0161s darbs. Laosa, Tai-Kadai valoda, kur\u0101 run\u0101 galvenok\u0101rt Laos\u0101, nav iz\u0146\u0113mums. Ar sav\u0101m unik\u0101laj\u0101m iez\u012bm\u0113m un strukt\u016br\u0101m, Lao valodas apguvei ir nepiecie\u0161ama sistem\u0101tiska pieeja, lai saprastu, k\u0101 noz\u012bme tiek veidota ar da\u013ci\u0146\u0101m, v\u0101rdu sec\u012bbu un klasifikatoriem, nevis loc\u012bjumiem. \u0160aj\u0101 rokasgr\u0101mat\u0101 ir izkl\u0101st\u012btas galven\u0101s Laosas gramatikas [&hellip;]<\/p>\n","protected":false},"author":20,"featured_media":0,"parent":0,"menu_order":0,"comment_status":"closed","ping_status":"closed","template":"LearningContentPage.php","meta":{"_acf_changed":false,"footnotes":""},"class_list":["post-1468243","page","type-page","status-publish","hentry"],"acf":[],"yoast_head":"<!-- This site is optimized with the Yoast SEO Premium plugin v27.2 (Yoast SEO v27.2) - https:\/\/yoast.com\/product\/yoast-seo-premium-wordpress\/ -->\n<title>Laosas gramatikas vingrin\u0101jumi - Talkpal<\/title>\n<meta name=\"description\" content=\"Apg\u016bstiet lao valodas gramatiku, izmantojot interakt\u012bvus vingrin\u0101jumus, kas paredz\u0113ti, lai pal\u012bdz\u0113tu jums apg\u016bt valodu un iemantot p\u0101rliec\u012bbu.\" \/>\n<meta name=\"robots\" content=\"index, follow, max-snippet:-1, max-image-preview:large, max-video-preview:-1\" \/>\n<link rel=\"canonical\" href=\"https:\/\/talkpal.ai\/lv\/laosas-gramatikas-vingrinajumi\/\" \/>\n<meta property=\"og:locale\" content=\"lv_LV\" \/>\n<meta property=\"og:type\" content=\"article\" \/>\n<meta property=\"og:title\" content=\"Laosas gramatikas vingrin\u0101jumi\" \/>\n<meta property=\"og:description\" content=\"Laosas gramatikas t\u0113mas Jaunas valodas apguve var b\u016bt izaicino\u0161s, bet atalgojo\u0161s darbs. Laosa, Tai-Kadai valoda, kur\u0101 run\u0101 galvenok\u0101rt Laos\u0101, nav\" \/>\n<meta property=\"og:url\" content=\"https:\/\/talkpal.ai\/lv\/laosas-gramatikas-vingrinajumi\/\" \/>\n<meta property=\"og:site_name\" content=\"Talkpal\" \/>\n<meta property=\"article:publisher\" content=\"https:\/\/www.facebook.com\/profile.php?id=100090733639311\" \/>\n<meta property=\"article:modified_time\" content=\"2025-12-30T14:08:12+00:00\" \/>\n<meta property=\"og:image\" content=\"https:\/\/talkpal.ai\/wp-content\/uploads\/2025\/02\/Progress-tab-16_9.png\" \/>\n\t<meta property=\"og:image:width\" content=\"2880\" \/>\n\t<meta property=\"og:image:height\" content=\"1620\" \/>\n\t<meta property=\"og:image:type\" content=\"image\/png\" \/>\n<meta name=\"twitter:card\" content=\"summary_large_image\" \/>\n<meta name=\"twitter:site\" content=\"@talkpalai\" \/>\n<meta name=\"twitter:label1\" content=\"Est. reading time\" \/>\n\t<meta name=\"twitter:data1\" content=\"4 minutes\" \/>\n<script type=\"application\/ld+json\" class=\"yoast-schema-graph\">{\"@context\":\"https:\/\/schema.org\",\"@graph\":[{\"@type\":\"WebPage\",\"@id\":\"https:\/\/talkpal.ai\/lv\/laosas-gramatikas-vingrinajumi\/\",\"url\":\"https:\/\/talkpal.ai\/lv\/laosas-gramatikas-vingrinajumi\/\",\"name\":\"Laosas gramatikas vingrin\u0101jumi - Talkpal\",\"isPartOf\":{\"@id\":\"https:\/\/talkpal.ai\/lv\/#website\"},\"datePublished\":\"2025-11-12T12:14:54+00:00\",\"dateModified\":\"2025-12-30T14:08:12+00:00\",\"description\":\"Apg\u016bstiet lao valodas gramatiku, izmantojot interakt\u012bvus vingrin\u0101jumus, kas paredz\u0113ti, lai pal\u012bdz\u0113tu jums apg\u016bt valodu un iemantot p\u0101rliec\u012bbu.\",\"breadcrumb\":{\"@id\":\"https:\/\/talkpal.ai\/lv\/laosas-gramatikas-vingrinajumi\/#breadcrumb\"},\"inLanguage\":\"lv-LV\",\"potentialAction\":[{\"@type\":\"ReadAction\",\"target\":[\"https:\/\/talkpal.ai\/lv\/laosas-gramatikas-vingrinajumi\/\"]}]},{\"@type\":\"BreadcrumbList\",\"@id\":\"https:\/\/talkpal.ai\/lv\/laosas-gramatikas-vingrinajumi\/#breadcrumb\",\"itemListElement\":[{\"@type\":\"ListItem\",\"position\":1,\"name\":\"Homepage\",\"item\":\"https:\/\/talkpal.ai\/lv\/\"},{\"@type\":\"ListItem\",\"position\":2,\"name\":\"Laosas gramatikas vingrin\u0101jumi\"}]},{\"@type\":\"WebSite\",\"@id\":\"https:\/\/talkpal.ai\/lv\/#website\",\"url\":\"https:\/\/talkpal.ai\/lv\/\",\"name\":\"Talkpal\",\"description\":\"AI Language Learning\",\"publisher\":{\"@id\":\"https:\/\/talkpal.ai\/lv\/#organization\"},\"alternateName\":\"Talkpal AI\",\"potentialAction\":[{\"@type\":\"SearchAction\",\"target\":{\"@type\":\"EntryPoint\",\"urlTemplate\":\"https:\/\/talkpal.ai\/lv\/?s={search_term_string}\"},\"query-input\":{\"@type\":\"PropertyValueSpecification\",\"valueRequired\":true,\"valueName\":\"search_term_string\"}}],\"inLanguage\":\"lv-LV\"},{\"@type\":\"Organization\",\"@id\":\"https:\/\/talkpal.ai\/lv\/#organization\",\"name\":\"Talkpal, Inc.\",\"alternateName\":\"Talkpal AI\",\"url\":\"https:\/\/talkpal.ai\/lv\/\",\"logo\":{\"@type\":\"ImageObject\",\"inLanguage\":\"lv-LV\",\"@id\":\"https:\/\/talkpal.ai\/lv\/#\/schema\/logo\/image\/\",\"url\":\"https:\/\/talkpal.ai\/wp-content\/uploads\/2024\/03\/Talkpal-Logo-Icon.png\",\"contentUrl\":\"https:\/\/talkpal.ai\/wp-content\/uploads\/2024\/03\/Talkpal-Logo-Icon.png\",\"width\":2880,\"height\":2880,\"caption\":\"Talkpal, Inc.\"},\"image\":{\"@id\":\"https:\/\/talkpal.ai\/lv\/#\/schema\/logo\/image\/\"},\"sameAs\":[\"https:\/\/www.facebook.com\/profile.php?id=100090733639311\",\"https:\/\/x.com\/talkpalai\",\"https:\/\/www.linkedin.com\/company\/talkpal\/\",\"https:\/\/www.youtube.com\/@TalkPal\/\",\"https:\/\/www.tiktok.com\/@talkpal\",\"https:\/\/www.instagram.com\/talkpal_ai\/\",\"https:\/\/www.crunchbase.com\/organization\/talkpal-9cde\",\"https:\/\/www.g2.com\/products\/talkpal-for-business\/\",\"https:\/\/www.trustpilot.com\/review\/talkpal.ai\",\"https:\/\/www.capterra.com\/p\/10006800\/TalkPal\/\"],\"description\":\"Talkpal is a language learning web and mobile education app, powered by the latest AI technologies, that provides engaging experiences to its customers in many different languages to help them improve their language skills. Users can chat about unlimited amount of topics with the app and use other modes to practice their language learning.\",\"email\":\"support@talkpal.ai\",\"legalName\":\"Talkpal, Inc.\",\"foundingDate\":\"2023-04-03\",\"duns\":\"118989042\",\"numberOfEmployees\":{\"@type\":\"QuantitativeValue\",\"minValue\":\"11\",\"maxValue\":\"50\"},\"publishingPrinciples\":\"https:\/\/talkpal.ai\/publishing-principles\/\",\"actionableFeedbackPolicy\":\"https:\/\/talkpal.ai\/actionable-feedback-policy\/\",\"correctionsPolicy\":\"https:\/\/talkpal.ai\/corrections-policy\/\",\"ethicsPolicy\":\"https:\/\/talkpal.ai\/ethics-policy\/\",\"diversityPolicy\":\"https:\/\/talkpal.ai\/diversity-policy\/\",\"diversityStaffingReport\":\"https:\/\/talkpal.ai\/diversity-policy\/\"}]}<\/script>\n<!-- \/ Yoast SEO Premium plugin. -->","yoast_head_json":{"title":"Laosas gramatikas vingrin\u0101jumi - Talkpal","description":"Apg\u016bstiet lao valodas gramatiku, izmantojot interakt\u012bvus vingrin\u0101jumus, kas paredz\u0113ti, lai pal\u012bdz\u0113tu jums apg\u016bt valodu un iemantot p\u0101rliec\u012bbu.","robots":{"index":"index","follow":"follow","max-snippet":"max-snippet:-1","max-image-preview":"max-image-preview:large","max-video-preview":"max-video-preview:-1"},"canonical":"https:\/\/talkpal.ai\/lv\/laosas-gramatikas-vingrinajumi\/","og_locale":"lv_LV","og_type":"article","og_title":"Laosas gramatikas vingrin\u0101jumi","og_description":"Laosas gramatikas t\u0113mas Jaunas valodas apguve var b\u016bt izaicino\u0161s, bet atalgojo\u0161s darbs. Laosa, Tai-Kadai valoda, kur\u0101 run\u0101 galvenok\u0101rt Laos\u0101, nav","og_url":"https:\/\/talkpal.ai\/lv\/laosas-gramatikas-vingrinajumi\/","og_site_name":"Talkpal","article_publisher":"https:\/\/www.facebook.com\/profile.php?id=100090733639311","article_modified_time":"2025-12-30T14:08:12+00:00","og_image":[{"width":2880,"height":1620,"url":"https:\/\/talkpal.ai\/wp-content\/uploads\/2025\/02\/Progress-tab-16_9.png","type":"image\/png"}],"twitter_card":"summary_large_image","twitter_site":"@talkpalai","twitter_misc":{"Est. reading time":"4 minutes"},"schema":{"@context":"https:\/\/schema.org","@graph":[{"@type":"WebPage","@id":"https:\/\/talkpal.ai\/lv\/laosas-gramatikas-vingrinajumi\/","url":"https:\/\/talkpal.ai\/lv\/laosas-gramatikas-vingrinajumi\/","name":"Laosas gramatikas vingrin\u0101jumi - Talkpal","isPartOf":{"@id":"https:\/\/talkpal.ai\/lv\/#website"},"datePublished":"2025-11-12T12:14:54+00:00","dateModified":"2025-12-30T14:08:12+00:00","description":"Apg\u016bstiet lao valodas gramatiku, izmantojot interakt\u012bvus vingrin\u0101jumus, kas paredz\u0113ti, lai pal\u012bdz\u0113tu jums apg\u016bt valodu un iemantot p\u0101rliec\u012bbu.","breadcrumb":{"@id":"https:\/\/talkpal.ai\/lv\/laosas-gramatikas-vingrinajumi\/#breadcrumb"},"inLanguage":"lv-LV","potentialAction":[{"@type":"ReadAction","target":["https:\/\/talkpal.ai\/lv\/laosas-gramatikas-vingrinajumi\/"]}]},{"@type":"BreadcrumbList","@id":"https:\/\/talkpal.ai\/lv\/laosas-gramatikas-vingrinajumi\/#breadcrumb","itemListElement":[{"@type":"ListItem","position":1,"name":"Homepage","item":"https:\/\/talkpal.ai\/lv\/"},{"@type":"ListItem","position":2,"name":"Laosas gramatikas vingrin\u0101jumi"}]},{"@type":"WebSite","@id":"https:\/\/talkpal.ai\/lv\/#website","url":"https:\/\/talkpal.ai\/lv\/","name":"Talkpal","description":"AI Language Learning","publisher":{"@id":"https:\/\/talkpal.ai\/lv\/#organization"},"alternateName":"Talkpal AI","potentialAction":[{"@type":"SearchAction","target":{"@type":"EntryPoint","urlTemplate":"https:\/\/talkpal.ai\/lv\/?s={search_term_string}"},"query-input":{"@type":"PropertyValueSpecification","valueRequired":true,"valueName":"search_term_string"}}],"inLanguage":"lv-LV"},{"@type":"Organization","@id":"https:\/\/talkpal.ai\/lv\/#organization","name":"Talkpal, Inc.","alternateName":"Talkpal AI","url":"https:\/\/talkpal.ai\/lv\/","logo":{"@type":"ImageObject","inLanguage":"lv-LV","@id":"https:\/\/talkpal.ai\/lv\/#\/schema\/logo\/image\/","url":"https:\/\/talkpal.ai\/wp-content\/uploads\/2024\/03\/Talkpal-Logo-Icon.png","contentUrl":"https:\/\/talkpal.ai\/wp-content\/uploads\/2024\/03\/Talkpal-Logo-Icon.png","width":2880,"height":2880,"caption":"Talkpal, Inc."},"image":{"@id":"https:\/\/talkpal.ai\/lv\/#\/schema\/logo\/image\/"},"sameAs":["https:\/\/www.facebook.com\/profile.php?id=100090733639311","https:\/\/x.com\/talkpalai","https:\/\/www.linkedin.com\/company\/talkpal\/","https:\/\/www.youtube.com\/@TalkPal\/","https:\/\/www.tiktok.com\/@talkpal","https:\/\/www.instagram.com\/talkpal_ai\/","https:\/\/www.crunchbase.com\/organization\/talkpal-9cde","https:\/\/www.g2.com\/products\/talkpal-for-business\/","https:\/\/www.trustpilot.com\/review\/talkpal.ai","https:\/\/www.capterra.com\/p\/10006800\/TalkPal\/"],"description":"Talkpal is a language learning web and mobile education app, powered by the latest AI technologies, that provides engaging experiences to its customers in many different languages to help them improve their language skills. Users can chat about unlimited amount of topics with the app and use other modes to practice their language learning.","email":"support@talkpal.ai","legalName":"Talkpal, Inc.","foundingDate":"2023-04-03","duns":"118989042","numberOfEmployees":{"@type":"QuantitativeValue","minValue":"11","maxValue":"50"},"publishingPrinciples":"https:\/\/talkpal.ai\/publishing-principles\/","actionableFeedbackPolicy":"https:\/\/talkpal.ai\/actionable-feedback-policy\/","correctionsPolicy":"https:\/\/talkpal.ai\/corrections-policy\/","ethicsPolicy":"https:\/\/talkpal.ai\/ethics-policy\/","diversityPolicy":"https:\/\/talkpal.ai\/diversity-policy\/","diversityStaffingReport":"https:\/\/talkpal.ai\/diversity-policy\/"}]}},"_links":{"self":[{"href":"https:\/\/talkpal.ai\/lv\/wp-json\/wp\/v2\/pages\/1468243","targetHints":{"allow":["GET"]}}],"collection":[{"href":"https:\/\/talkpal.ai\/lv\/wp-json\/wp\/v2\/pages"}],"about":[{"href":"https:\/\/talkpal.ai\/lv\/wp-json\/wp\/v2\/types\/page"}],"author":[{"embeddable":true,"href":"https:\/\/talkpal.ai\/lv\/wp-json\/wp\/v2\/users\/20"}],"replies":[{"embeddable":true,"href":"https:\/\/talkpal.ai\/lv\/wp-json\/wp\/v2\/comments?post=1468243"}],"version-history":[{"count":0,"href":"https:\/\/talkpal.ai\/lv\/wp-json\/wp\/v2\/pages\/1468243\/revisions"}],"wp:attachment":[{"href":"https:\/\/talkpal.ai\/lv\/wp-json\/wp\/v2\/media?parent=1468243"}],"curies":[{"name":"wp","href":"https:\/\/api.w.org\/{rel}","templated":true}]}}