{"id":1468183,"date":"2025-11-12T11:25:18","date_gmt":"2025-11-12T11:25:18","guid":{"rendered":"https:\/\/talkpal.ai\/khmeru-gramatikas-vingrinajumi\/"},"modified":"2025-12-30T14:43:41","modified_gmt":"2025-12-30T14:43:41","slug":"khmeru-gramatikas-vingrinajumi","status":"publish","type":"page","link":"https:\/\/talkpal.ai\/lv\/khmeru-gramatikas-vingrinajumi\/","title":{"rendered":"Khmeru gramatikas vingrin\u0101jumi"},"content":{"rendered":"\r\n\r\n\r\n<section class=\"languageChallengeSection\">\r\n    <div class=\"languageInfoWrapper\">\r\n        \r\n        <h1>Khmeru gramatikas vingrin\u0101jumi<\/h1>\r\n        <p>Vai esat gatavs ienirt <a href=\"https:\/\/talkpal.ai\/learn-khmer\/\">khmeru<\/a> gramatik\u0101? Da\u017eu pamatprincipu apguve pal\u012bdz\u0113s jums \u0113rti apg\u016bt \u0161o unik\u0101lo un skaisto valodu. Izm\u0113\u0123iniet \u0161os vingrin\u0101jumus, lai vairotu pa\u0161apzi\u0146u un izklaid\u0113tos!<\/p>\r\n\r\n                            <a class=\"getStartedHidden\" href=\"https:\/\/app.talkpal.ai\/lv\/signup?lng=\">S\u0101c<\/a>\r\n        \r\n    <\/div>\r\n\r\n    <figure>\r\n    <img decoding=\"async\" width=\"768\" height=\"768\" src=\"https:\/\/talkpal.ai\/wp-content\/uploads\/2023\/06\/welsh-768x768.png\" class=\"languageImage no-lazy\" alt=\"Language learning for better cognitive abilities\" fetchpriority=\"high\" sizes=\"(max-width: 768px) 150px, 768px\" srcset=\"https:\/\/talkpal.ai\/wp-content\/uploads\/2023\/06\/welsh-768x768.png 768w, https:\/\/talkpal.ai\/wp-content\/uploads\/2023\/06\/welsh-300x300.png 300w\" \/>\r\n    \r\n\r\n    <\/figure>\r\n\r\n            <a class=\"getStartedVisible\" href=\"https:\/\/app.talkpal.ai\/lv\/signup?lng=\">S\u0101c<\/a>\r\n    \r\n<\/section><section class=\"promotionalBanner\">\r\n    <p class=\"promotionalText\">Visefekt\u012bv\u0101kais veids, k\u0101 apg\u016bt valodu<\/p>\r\n    <a class=\"promotionalLink\" href=\"https:\/\/app.talkpal.ai\/lv\/signup?lng=\">Izm\u0113\u0123iniet Talkpal bez maksas<\/a>\r\n<\/section>\n<div class=\"wp-block-group pageContainerStyle\"><div class=\"wp-block-group__inner-container is-layout-constrained wp-block-group-is-layout-constrained\">\n<h2 class=\"wp-block-heading\" id=\"h-khmer-grammar-topics\">Khmeru gramatikas t\u0113mas<\/h2>\n\n\n\n<p><a href=\"https:\/\/talkpal.ai\/lv\/lielakas-kludas-no-kuram-jaizvairas-macoties-jaunu-valodu\/\">Jaunas valodas apguve<\/a> var b\u016bt izaicino\u0161s, bet atalgojo\u0161s darbs. Khmeru, austro\u0101zijas valoda, kur\u0101 run\u0101 galvenok\u0101rt Kambod\u017e\u0101, nav iz\u0146\u0113mums. Ar anal\u012btisko strukt\u016bru un at\u0161\u0137ir\u012bgaj\u0101m da\u013ci\u0146\u0101m khmeru <a href=\"https:\/\/talkpal.ai\/what-language-is-spoken-on-the-international-space-station\/\">valodas<\/a> <a href=\"https:\/\/talkpal.ai\/lv\/talkpal-izglitibai\/\">apguvei<\/a> ir nepiecie\u0161ama sistem\u0101tiska pieeja, lai saprastu, k\u0101 noz\u012bme tiek veidota bez loc\u012bjuma. \u0160aj\u0101 rokasgr\u0101mat\u0101 ir izkl\u0101st\u012btas galven\u0101s <a href=\"https:\/\/talkpal.ai\/lv\/khmeru-gramatika\/\">khmeru gramatikas<\/a> jomas <a href=\"https:\/\/talkpal.ai\/lv\/ai-catbots-valodu-apguvei\/\">lo\u0123isk\u0101 sec\u012bb\u0101 valodas apguvei<\/a>, s\u0101kot no pamatiem, piem\u0113ram, lietv\u0101rdiem un rakstiem, un p\u0101rejot uz sare\u017e\u0123\u012bt\u0101k\u0101m jom\u0101m, piem\u0113ram, laikiem un teikumu uzb\u016bvi.<\/p>\n\n\n\n<h3 class=\"wp-block-heading\" id=\"h-1-nouns\">1. Lietv\u0101rdi:<\/h3>\n\n\n\n<p>S\u0101ciet savu khmeru valodas ce\u013cojumu, apg\u016bstot lietv\u0101rdus. Tas ietver izpratni par parastajiem un \u012bpa\u0161v\u0101rdiem, to, k\u0101 daudzveid\u012bba bie\u017ei tiek par\u0101d\u012bta ar kvantific\u0113t\u0101jiem, klasifikatoriem vai reduplik\u0101ciju, nevis loc\u012bjumu, un gramatisk\u0101s dzimuma vai gad\u012bjuma neesam\u012bbu.<\/p>\n\n\n\n<h3 class=\"wp-block-heading\" id=\"h-2-articles\">2. Raksti:<\/h3>\n\n\n\n<p>Khmeru valod\u0101 netiek izmantoti noteikti vai nenoteikti raksti k\u0101 <a href=\"https:\/\/talkpal.ai\/ai-english-speaking-practice\/\">ang\u013cu valod\u0101<\/a>. Noteikt\u012bba tiek izteikta ar kontekstu vai demonstrat\u012bviem, piem\u0113ram, \u1793\u17c1\u17c7 \u0161o un \u1793\u17c4\u17c7, ka, lai gan nenoteikt\u012bbu var par\u0101d\u012bt ar ciparu \u1798\u17bd\u1799 vienu vai t\u0101diem v\u0101rdiem k\u0101 \u1798\u17bd\u1799\u1785\u17c6\u1793\u17bd\u1793 da\u017ei.<\/p>\n\n\n\n<h3 class=\"wp-block-heading\" id=\"h-3-adjectives\">3. \u012apa\u0161\u012bbas v\u0101rdi:<\/h3>\n\n\n\n<p>\u012apa\u0161\u012bbas v\u0101rdi khmeru valod\u0101 parasti seko vi\u0146u lietv\u0101rdiem un var darboties k\u0101 stat\u012bvi darb\u012bbas v\u0101rdi predik\u0101tos. Apg\u016bstiet gr\u0101du mar\u0137ierus un sal\u012bdzin\u0101jumu, piem\u0113ram, \u178e\u17b6\u179f\u17cb \u013coti, \u1787\u17b6\u1784 sal\u012bdzin\u0101jumam un \u1787\u17b6\u1784\u1782\u17c1 superlat\u012bvam, k\u0101 ar\u012b atk\u0101rtotu dubl\u0113\u0161anu uzsvaram.<\/p>\n\n\n\n<h3 class=\"wp-block-heading\" id=\"h-4-pronouns-determiners\">4. Vietniekv\u0101rdi\/noteic\u0113ji:<\/h3>\n\n\n\n<p>Vietniekv\u0101rdi un noteic\u0113ji ir b\u016btiski khmeru valod\u0101 un atspogu\u013co formalit\u0101tes un soci\u0101lo attiec\u012bbu l\u012bme\u0146us. Apg\u016bstiet personiskos vietniekv\u0101rdus, demonstrat\u012bvus, kvantitat\u012bvos r\u0101d\u012bt\u0101jus, ciparus ar klasifikatoriem un vald\u012bjumu, izmantojot \u179a\u1794\u179f\u17cb vai lietv\u0101rdu sec\u012bbas skaidrai un atbilsto\u0161ai sazi\u0146ai.<\/p>\n\n\n\n<h3 class=\"wp-block-heading\" id=\"h-5-verbs\">5. Darb\u012bbas v\u0101rdi:<\/h3>\n\n\n\n<p>Khmeru darb\u012bbas v\u0101rdi nav konjug\u0113ti personai vai laikam. Aspekts, laiks un noska\u0146ojums tiek par\u0101d\u012bti ar da\u013ci\u0146\u0101m un adverbiem, piem\u0113ram, \u1780\u17c6\u1796\u17bb\u1784 progres\u012bvs, \u1794\u17b6\u1793 pabeigts vai pag\u0101tne, \u1793\u17b9\u1784 n\u0101kotne vai nodoms, \u1791\u17be\u1794 tikai un \u178f\u17c2\u1784 parasts, k\u0101 ar\u012b s\u0113rijveida darb\u012bbas v\u0101rdu konstrukcijas un ierobe\u017eota kopulu izmanto\u0161ana, piem\u0113ram, \u1787\u17b6 klasifik\u0101cijai un \u1793\u17c5 atra\u0161an\u0101s vietai.<\/p>\n\n\n\n<h3 class=\"wp-block-heading\" id=\"h-6-tenses\">6. Sasprindzin\u0101jums:<\/h3>\n\n\n\n<p>P\u0113c darb\u012bbas v\u0101rdu lieto\u0161anas apguves izp\u0113tiet, k\u0101 khmeru valoda izsaka laiku bez loc\u012bjuma laikiem. Tagadne bie\u017ei ir neiez\u012bm\u0113ta, pag\u0101tne parasti tiek apz\u012bm\u0113ta ar \u1794\u17b6\u1793 vai laika izteiksm\u0113m, un n\u0101kotne vai nodoms tiek par\u0101d\u012bts ar \u1793\u17b9\u1784 vai kontekstu, ar piln\u012bgu niansi, kas bie\u017ei vien jau ir atz\u012bm\u0113ta ar \u17a0\u17be\u1799.<\/p>\n\n\n\n<h3 class=\"wp-block-heading\" id=\"h-7-tense-comparison\">7. Saspringts sal\u012bdzin\u0101jums:<\/h3>\n\n\n\n<p>Laika un aspekta sal\u012bdzin\u0101\u0161ana khmeru valod\u0101 koncentr\u0113jas uz da\u013ci\u0146\u0101m un adverbiem, nevis darb\u012bbas v\u0101rdu izmai\u0146\u0101m. Izmantojot vienu un to pa\u0161u darb\u012bbas v\u0101rdu ar t\u0101d\u0101m da\u013ci\u0146\u0101m k\u0101 \u1794\u17b6\u1793, \u1793\u17b9\u1784 un \u1780\u17c6\u1796\u17bb\u1784 da\u017e\u0101dos kontekstos, tiks noskaidrots, k\u0101 tiek izteiktas notikumu sec\u012bbas.<\/p>\n\n\n\n<h3 class=\"wp-block-heading\" id=\"h-8-progressive\">8. Progres\u012bvs:<\/h3>\n\n\n\n<p>Progres\u012bvais khmeru valod\u0101 tiek izmantots, lai izteiktu notieko\u0161\u0101s darb\u012bbas. To veido, novietojot \u1780\u17c6\u1796\u17bb\u1784 pirms galven\u0101 darb\u012bbas v\u0101rda, ar izv\u0113les \u178f\u17c2 uzsvaram, un skaidr\u012bbas labad to var apvienot ar laika izteiksm\u0113m.<\/p>\n\n\n\n<h3 class=\"wp-block-heading\" id=\"h-9-perfect-progressive\">9. Ide\u0101ls progres\u012bvs:<\/h3>\n\n\n\n<p>To izmanto, lai izteiktu darb\u012bbas, kas ir notiku\u0161as l\u012bdz noteiktam punktam. Khmeru valod\u0101 nep\u0101rtraukt\u012bbu l\u012bdz \u0161im var par\u0101d\u012bt ar \u1780\u17c6\u1796\u17bb\u1784 &#8230; \u1798\u1780 vai \u1794\u17b6\u1793 + darb\u012bbas v\u0101rds + \u1798\u1780 kop\u0101 ar ilguma fr\u0101z\u0113m atkar\u012bb\u0101 no konteksta un uzsvara.<\/p>\n\n\n\n<h3 class=\"wp-block-heading\" id=\"h-10-conditionals\">10. Nosac\u012bjumi:<\/h3>\n\n\n\n<p>Nosac\u012bjumi izsaka hipot\u0113tiskas situ\u0101cijas un rezult\u0101tus. Khmeri parasti izmanto \u1794\u17be vai \u1794\u17d2\u179a\u179f\u17b7\u1793\u1794\u17be ja nosac\u012bjuma klauzul\u0101, un rezult\u0101ts bie\u017ei tiek atz\u012bm\u0113ts ar t\u0101d\u0101m da\u013ci\u0146\u0101m k\u0101 \u1793\u17c4\u17c7 vai atbilsto\u0161iem nianses mod\u0101liem.<\/p>\n\n\n\n<h3 class=\"wp-block-heading\" id=\"h-11-adverbs\">11. Adverbi:<\/h3>\n\n\n\n<p>Khmeru valodas adverbi modific\u0113 darb\u012bbas v\u0101rdus, \u012bpa\u0161\u012bbas v\u0101rdus vai citus adverbus un ietver veidu, vietu, laiku un pak\u0101pi. Poz\u012bcija ir elast\u012bga, ar laika adverbiem bie\u017ei s\u0101kum\u0101, veidu bie\u017ei p\u0113c darb\u012bbas v\u0101rda un pak\u0101pes v\u0101rdiem, piem\u0113ram, \u178e\u17b6\u179f\u17cb un \u1794\u1793\u17d2\u178f\u17b7\u1785, kas veido intensit\u0101ti.<\/p>\n\n\n\n<h3 class=\"wp-block-heading\" id=\"h-12-prepositions\">12. Priev\u0101rdi:<\/h3>\n\n\n\n<p>Priev\u0101rdi saista v\u0101rdus un fr\u0101zes, lai par\u0101d\u012btu laika, vietas un virziena attiec\u012bbas. Khmeru valod\u0101 tiek izmantoti t\u0101di priek\u0161meti k\u0101 \u1793\u17c5 at vai in, \u1791\u17c5 to, \u1796\u17b8 from un rel\u0101ciju formas, piem\u0113ram, \u1781\u17b6\u1784\u1780\u17d2\u179a\u17c4\u1799 aiz un \u179b\u17be on, bie\u017ei kombin\u0101cij\u0101 ar atra\u0161an\u0101s vietas lietv\u0101rdiem.<\/p>\n\n\n\n<h3 class=\"wp-block-heading\" id=\"h-13-sentences\">13. Teikumi:<\/h3>\n\n\n\n<p>Visbeidzot, praktiz\u0113jiet teikumu konstru\u0113\u0161anu. Khmeru valoda tiecas uz SVO k\u0101rt\u012bbu ar bie\u017e\u0101m t\u0113mu koment\u0101ru strukt\u016br\u0101m. Apg\u016bstiet noliegumu ar \u1798\u17b7\u1793 &#8230; \u1791\u17c1 standarta lietojum\u0101 un parastaj\u0101s sarunvalodas form\u0101s, imperat\u012bvi ar t\u0101d\u0101m da\u013ci\u0146\u0101m k\u0101 \u179f\u17bc\u1798 un visu iepriek\u0161 apg\u016bto gramatikas punktu integr\u0101cija kontekst\u0101.<\/p>\n<\/div><\/div>\n\r\n<section class=\"learnNavigationSection\">\r\n            \r\n        <a href=\"https:\/\/talkpal.ai\/lv\/uzziniet-velsiesu-valodu\/\">\r\n            <div class=\"learnNavigationWrapper\">\r\n                <div class=\"learnNavigationContent\">\r\n                    <img decoding=\"async\" src=\"https:\/\/talkpal.ai\/wp-content\/uploads\/2025\/11\/Khmer.png\" alt=\"Cambodian Flag\">\r\n                    <div>\r\n                        <h4>Par khmeru m\u0101c\u012b\u0161anos<\/h4>\r\n                        <p>Uzziniet visu par khmeru gramatiku.<\/p>\r\n                    <\/div>\r\n                <\/div>\r\n            <\/div>\r\n        <\/a>\r\n\r\n        \r\n        <a href=\"https:\/\/talkpal.ai\/lv\/khmeru-gramatika\/\">\r\n            <div class=\"learnNavigationWrapper\">\r\n                <div class=\"learnNavigationContent\">\r\n                    <img decoding=\"async\" src=\"https:\/\/talkpal.ai\/wp-content\/uploads\/2025\/11\/Khmer.png\" alt=\"Cambodian Flag\">\r\n                    <div>\r\n                        <h4>Khmeru gramatikas stundas<\/h4>\r\n                        <p>Praktiz\u0113jiet khmeru gramatiku.<\/p>\r\n                    <\/div>\r\n                <\/div>\r\n            <\/div>\r\n        <\/a>\r\n\r\n            <\/section>","protected":false},"excerpt":{"rendered":"<p>Khmeru gramatikas t\u0113mas Jaunas valodas apguve var b\u016bt izaicino\u0161s, bet atalgojo\u0161s darbs. Khmeru, austro\u0101zijas valoda, kur\u0101 run\u0101 galvenok\u0101rt Kambod\u017e\u0101, nav iz\u0146\u0113mums. Ar anal\u012btisko strukt\u016bru un at\u0161\u0137ir\u012bgaj\u0101m da\u013ci\u0146\u0101m khmeru valodas apguvei ir nepiecie\u0161ama sistem\u0101tiska pieeja, lai saprastu, k\u0101 noz\u012bme tiek veidota bez loc\u012bjuma. \u0160aj\u0101 rokasgr\u0101mat\u0101 ir izkl\u0101st\u012btas galven\u0101s khmeru gramatikas jomas lo\u0123isk\u0101 sec\u012bb\u0101 valodas apguvei, s\u0101kot [&hellip;]<\/p>\n","protected":false},"author":20,"featured_media":0,"parent":0,"menu_order":0,"comment_status":"closed","ping_status":"closed","template":"LearningContentPage.php","meta":{"_acf_changed":false,"footnotes":""},"class_list":["post-1468183","page","type-page","status-publish","hentry"],"acf":[],"yoast_head":"<!-- This site is optimized with the Yoast SEO Premium plugin v27.2 (Yoast SEO v27.2) - https:\/\/yoast.com\/product\/yoast-seo-premium-wordpress\/ -->\n<title>Khmeru gramatikas vingrin\u0101jumi - Talkpal<\/title>\n<meta name=\"description\" content=\"Uzlabojiet savas zin\u0101\u0161anas, izmantojot interakt\u012bvus khmeru gramatikas vingrin\u0101jumus, kas paredz\u0113ti, lai pal\u012bdz\u0113tu jums run\u0101t un rakst\u012bt ar p\u0101rliec\u012bbu.\" \/>\n<meta name=\"robots\" content=\"index, follow, max-snippet:-1, max-image-preview:large, max-video-preview:-1\" \/>\n<link rel=\"canonical\" href=\"https:\/\/talkpal.ai\/lv\/khmeru-gramatikas-vingrinajumi\/\" \/>\n<meta property=\"og:locale\" content=\"lv_LV\" \/>\n<meta property=\"og:type\" content=\"article\" \/>\n<meta property=\"og:title\" content=\"Khmeru gramatikas vingrin\u0101jumi\" \/>\n<meta property=\"og:description\" content=\"Khmeru gramatikas t\u0113mas Jaunas valodas apguve var b\u016bt izaicino\u0161s, bet atalgojo\u0161s darbs. Khmeru, austro\u0101zijas valoda, kur\u0101 run\u0101 galvenok\u0101rt Kambod\u017e\u0101, nav\" \/>\n<meta property=\"og:url\" content=\"https:\/\/talkpal.ai\/lv\/khmeru-gramatikas-vingrinajumi\/\" \/>\n<meta property=\"og:site_name\" content=\"Talkpal\" \/>\n<meta property=\"article:publisher\" content=\"https:\/\/www.facebook.com\/profile.php?id=100090733639311\" \/>\n<meta property=\"article:modified_time\" content=\"2025-12-30T14:43:41+00:00\" \/>\n<meta property=\"og:image\" content=\"https:\/\/talkpal.ai\/wp-content\/uploads\/2025\/02\/Progress-tab-16_9.png\" \/>\n\t<meta property=\"og:image:width\" content=\"2880\" \/>\n\t<meta property=\"og:image:height\" content=\"1620\" \/>\n\t<meta property=\"og:image:type\" content=\"image\/png\" \/>\n<meta name=\"twitter:card\" content=\"summary_large_image\" \/>\n<meta name=\"twitter:site\" content=\"@talkpalai\" \/>\n<meta name=\"twitter:label1\" content=\"Est. reading time\" \/>\n\t<meta name=\"twitter:data1\" content=\"4 minutes\" \/>\n<script type=\"application\/ld+json\" class=\"yoast-schema-graph\">{\"@context\":\"https:\/\/schema.org\",\"@graph\":[{\"@type\":\"WebPage\",\"@id\":\"https:\/\/talkpal.ai\/lv\/khmeru-gramatikas-vingrinajumi\/\",\"url\":\"https:\/\/talkpal.ai\/lv\/khmeru-gramatikas-vingrinajumi\/\",\"name\":\"Khmeru gramatikas vingrin\u0101jumi - Talkpal\",\"isPartOf\":{\"@id\":\"https:\/\/talkpal.ai\/lv\/#website\"},\"datePublished\":\"2025-11-12T11:25:18+00:00\",\"dateModified\":\"2025-12-30T14:43:41+00:00\",\"description\":\"Uzlabojiet savas zin\u0101\u0161anas, izmantojot interakt\u012bvus khmeru gramatikas vingrin\u0101jumus, kas paredz\u0113ti, lai pal\u012bdz\u0113tu jums run\u0101t un rakst\u012bt ar p\u0101rliec\u012bbu.\",\"breadcrumb\":{\"@id\":\"https:\/\/talkpal.ai\/lv\/khmeru-gramatikas-vingrinajumi\/#breadcrumb\"},\"inLanguage\":\"lv-LV\",\"potentialAction\":[{\"@type\":\"ReadAction\",\"target\":[\"https:\/\/talkpal.ai\/lv\/khmeru-gramatikas-vingrinajumi\/\"]}]},{\"@type\":\"BreadcrumbList\",\"@id\":\"https:\/\/talkpal.ai\/lv\/khmeru-gramatikas-vingrinajumi\/#breadcrumb\",\"itemListElement\":[{\"@type\":\"ListItem\",\"position\":1,\"name\":\"Homepage\",\"item\":\"https:\/\/talkpal.ai\/lv\/\"},{\"@type\":\"ListItem\",\"position\":2,\"name\":\"Khmeru gramatikas vingrin\u0101jumi\"}]},{\"@type\":\"WebSite\",\"@id\":\"https:\/\/talkpal.ai\/lv\/#website\",\"url\":\"https:\/\/talkpal.ai\/lv\/\",\"name\":\"Talkpal\",\"description\":\"AI Language Learning\",\"publisher\":{\"@id\":\"https:\/\/talkpal.ai\/lv\/#organization\"},\"alternateName\":\"Talkpal AI\",\"potentialAction\":[{\"@type\":\"SearchAction\",\"target\":{\"@type\":\"EntryPoint\",\"urlTemplate\":\"https:\/\/talkpal.ai\/lv\/?s={search_term_string}\"},\"query-input\":{\"@type\":\"PropertyValueSpecification\",\"valueRequired\":true,\"valueName\":\"search_term_string\"}}],\"inLanguage\":\"lv-LV\"},{\"@type\":\"Organization\",\"@id\":\"https:\/\/talkpal.ai\/lv\/#organization\",\"name\":\"Talkpal, Inc.\",\"alternateName\":\"Talkpal AI\",\"url\":\"https:\/\/talkpal.ai\/lv\/\",\"logo\":{\"@type\":\"ImageObject\",\"inLanguage\":\"lv-LV\",\"@id\":\"https:\/\/talkpal.ai\/lv\/#\/schema\/logo\/image\/\",\"url\":\"https:\/\/talkpal.ai\/wp-content\/uploads\/2024\/03\/Talkpal-Logo-Icon.png\",\"contentUrl\":\"https:\/\/talkpal.ai\/wp-content\/uploads\/2024\/03\/Talkpal-Logo-Icon.png\",\"width\":2880,\"height\":2880,\"caption\":\"Talkpal, Inc.\"},\"image\":{\"@id\":\"https:\/\/talkpal.ai\/lv\/#\/schema\/logo\/image\/\"},\"sameAs\":[\"https:\/\/www.facebook.com\/profile.php?id=100090733639311\",\"https:\/\/x.com\/talkpalai\",\"https:\/\/www.linkedin.com\/company\/talkpal\/\",\"https:\/\/www.youtube.com\/@TalkPal\/\",\"https:\/\/www.tiktok.com\/@talkpal\",\"https:\/\/www.instagram.com\/talkpal_ai\/\",\"https:\/\/www.crunchbase.com\/organization\/talkpal-9cde\",\"https:\/\/www.g2.com\/products\/talkpal-for-business\/\",\"https:\/\/www.trustpilot.com\/review\/talkpal.ai\",\"https:\/\/www.capterra.com\/p\/10006800\/TalkPal\/\"],\"description\":\"Talkpal is a language learning web and mobile education app, powered by the latest AI technologies, that provides engaging experiences to its customers in many different languages to help them improve their language skills. Users can chat about unlimited amount of topics with the app and use other modes to practice their language learning.\",\"email\":\"support@talkpal.ai\",\"legalName\":\"Talkpal, Inc.\",\"foundingDate\":\"2023-04-03\",\"duns\":\"118989042\",\"numberOfEmployees\":{\"@type\":\"QuantitativeValue\",\"minValue\":\"11\",\"maxValue\":\"50\"},\"publishingPrinciples\":\"https:\/\/talkpal.ai\/publishing-principles\/\",\"actionableFeedbackPolicy\":\"https:\/\/talkpal.ai\/actionable-feedback-policy\/\",\"correctionsPolicy\":\"https:\/\/talkpal.ai\/corrections-policy\/\",\"ethicsPolicy\":\"https:\/\/talkpal.ai\/ethics-policy\/\",\"diversityPolicy\":\"https:\/\/talkpal.ai\/diversity-policy\/\",\"diversityStaffingReport\":\"https:\/\/talkpal.ai\/diversity-policy\/\"}]}<\/script>\n<!-- \/ Yoast SEO Premium plugin. -->","yoast_head_json":{"title":"Khmeru gramatikas vingrin\u0101jumi - Talkpal","description":"Uzlabojiet savas zin\u0101\u0161anas, izmantojot interakt\u012bvus khmeru gramatikas vingrin\u0101jumus, kas paredz\u0113ti, lai pal\u012bdz\u0113tu jums run\u0101t un rakst\u012bt ar p\u0101rliec\u012bbu.","robots":{"index":"index","follow":"follow","max-snippet":"max-snippet:-1","max-image-preview":"max-image-preview:large","max-video-preview":"max-video-preview:-1"},"canonical":"https:\/\/talkpal.ai\/lv\/khmeru-gramatikas-vingrinajumi\/","og_locale":"lv_LV","og_type":"article","og_title":"Khmeru gramatikas vingrin\u0101jumi","og_description":"Khmeru gramatikas t\u0113mas Jaunas valodas apguve var b\u016bt izaicino\u0161s, bet atalgojo\u0161s darbs. Khmeru, austro\u0101zijas valoda, kur\u0101 run\u0101 galvenok\u0101rt Kambod\u017e\u0101, nav","og_url":"https:\/\/talkpal.ai\/lv\/khmeru-gramatikas-vingrinajumi\/","og_site_name":"Talkpal","article_publisher":"https:\/\/www.facebook.com\/profile.php?id=100090733639311","article_modified_time":"2025-12-30T14:43:41+00:00","og_image":[{"width":2880,"height":1620,"url":"https:\/\/talkpal.ai\/wp-content\/uploads\/2025\/02\/Progress-tab-16_9.png","type":"image\/png"}],"twitter_card":"summary_large_image","twitter_site":"@talkpalai","twitter_misc":{"Est. reading time":"4 minutes"},"schema":{"@context":"https:\/\/schema.org","@graph":[{"@type":"WebPage","@id":"https:\/\/talkpal.ai\/lv\/khmeru-gramatikas-vingrinajumi\/","url":"https:\/\/talkpal.ai\/lv\/khmeru-gramatikas-vingrinajumi\/","name":"Khmeru gramatikas vingrin\u0101jumi - Talkpal","isPartOf":{"@id":"https:\/\/talkpal.ai\/lv\/#website"},"datePublished":"2025-11-12T11:25:18+00:00","dateModified":"2025-12-30T14:43:41+00:00","description":"Uzlabojiet savas zin\u0101\u0161anas, izmantojot interakt\u012bvus khmeru gramatikas vingrin\u0101jumus, kas paredz\u0113ti, lai pal\u012bdz\u0113tu jums run\u0101t un rakst\u012bt ar p\u0101rliec\u012bbu.","breadcrumb":{"@id":"https:\/\/talkpal.ai\/lv\/khmeru-gramatikas-vingrinajumi\/#breadcrumb"},"inLanguage":"lv-LV","potentialAction":[{"@type":"ReadAction","target":["https:\/\/talkpal.ai\/lv\/khmeru-gramatikas-vingrinajumi\/"]}]},{"@type":"BreadcrumbList","@id":"https:\/\/talkpal.ai\/lv\/khmeru-gramatikas-vingrinajumi\/#breadcrumb","itemListElement":[{"@type":"ListItem","position":1,"name":"Homepage","item":"https:\/\/talkpal.ai\/lv\/"},{"@type":"ListItem","position":2,"name":"Khmeru gramatikas vingrin\u0101jumi"}]},{"@type":"WebSite","@id":"https:\/\/talkpal.ai\/lv\/#website","url":"https:\/\/talkpal.ai\/lv\/","name":"Talkpal","description":"AI Language Learning","publisher":{"@id":"https:\/\/talkpal.ai\/lv\/#organization"},"alternateName":"Talkpal AI","potentialAction":[{"@type":"SearchAction","target":{"@type":"EntryPoint","urlTemplate":"https:\/\/talkpal.ai\/lv\/?s={search_term_string}"},"query-input":{"@type":"PropertyValueSpecification","valueRequired":true,"valueName":"search_term_string"}}],"inLanguage":"lv-LV"},{"@type":"Organization","@id":"https:\/\/talkpal.ai\/lv\/#organization","name":"Talkpal, Inc.","alternateName":"Talkpal AI","url":"https:\/\/talkpal.ai\/lv\/","logo":{"@type":"ImageObject","inLanguage":"lv-LV","@id":"https:\/\/talkpal.ai\/lv\/#\/schema\/logo\/image\/","url":"https:\/\/talkpal.ai\/wp-content\/uploads\/2024\/03\/Talkpal-Logo-Icon.png","contentUrl":"https:\/\/talkpal.ai\/wp-content\/uploads\/2024\/03\/Talkpal-Logo-Icon.png","width":2880,"height":2880,"caption":"Talkpal, Inc."},"image":{"@id":"https:\/\/talkpal.ai\/lv\/#\/schema\/logo\/image\/"},"sameAs":["https:\/\/www.facebook.com\/profile.php?id=100090733639311","https:\/\/x.com\/talkpalai","https:\/\/www.linkedin.com\/company\/talkpal\/","https:\/\/www.youtube.com\/@TalkPal\/","https:\/\/www.tiktok.com\/@talkpal","https:\/\/www.instagram.com\/talkpal_ai\/","https:\/\/www.crunchbase.com\/organization\/talkpal-9cde","https:\/\/www.g2.com\/products\/talkpal-for-business\/","https:\/\/www.trustpilot.com\/review\/talkpal.ai","https:\/\/www.capterra.com\/p\/10006800\/TalkPal\/"],"description":"Talkpal is a language learning web and mobile education app, powered by the latest AI technologies, that provides engaging experiences to its customers in many different languages to help them improve their language skills. Users can chat about unlimited amount of topics with the app and use other modes to practice their language learning.","email":"support@talkpal.ai","legalName":"Talkpal, Inc.","foundingDate":"2023-04-03","duns":"118989042","numberOfEmployees":{"@type":"QuantitativeValue","minValue":"11","maxValue":"50"},"publishingPrinciples":"https:\/\/talkpal.ai\/publishing-principles\/","actionableFeedbackPolicy":"https:\/\/talkpal.ai\/actionable-feedback-policy\/","correctionsPolicy":"https:\/\/talkpal.ai\/corrections-policy\/","ethicsPolicy":"https:\/\/talkpal.ai\/ethics-policy\/","diversityPolicy":"https:\/\/talkpal.ai\/diversity-policy\/","diversityStaffingReport":"https:\/\/talkpal.ai\/diversity-policy\/"}]}},"_links":{"self":[{"href":"https:\/\/talkpal.ai\/lv\/wp-json\/wp\/v2\/pages\/1468183","targetHints":{"allow":["GET"]}}],"collection":[{"href":"https:\/\/talkpal.ai\/lv\/wp-json\/wp\/v2\/pages"}],"about":[{"href":"https:\/\/talkpal.ai\/lv\/wp-json\/wp\/v2\/types\/page"}],"author":[{"embeddable":true,"href":"https:\/\/talkpal.ai\/lv\/wp-json\/wp\/v2\/users\/20"}],"replies":[{"embeddable":true,"href":"https:\/\/talkpal.ai\/lv\/wp-json\/wp\/v2\/comments?post=1468183"}],"version-history":[{"count":0,"href":"https:\/\/talkpal.ai\/lv\/wp-json\/wp\/v2\/pages\/1468183\/revisions"}],"wp:attachment":[{"href":"https:\/\/talkpal.ai\/lv\/wp-json\/wp\/v2\/media?parent=1468183"}],"curies":[{"name":"wp","href":"https:\/\/api.w.org\/{rel}","templated":true}]}}