{"id":1468171,"date":"2025-11-12T11:25:16","date_gmt":"2025-11-12T11:25:16","guid":{"rendered":"https:\/\/talkpal.ai\/khmeru-gramatika\/"},"modified":"2025-12-30T14:41:15","modified_gmt":"2025-12-30T14:41:15","slug":"khmeru-gramatika","status":"publish","type":"page","link":"https:\/\/talkpal.ai\/lv\/khmeru-gramatika\/","title":{"rendered":"Khmeru gramatika"},"content":{"rendered":"\r\n\r\n\r\n<section class=\"languageChallengeSection\">\r\n    <div class=\"languageInfoWrapper\">\r\n        \r\n        <h1>Khmeru gramatika<\/h1>\r\n        <p><a href=\"https:\/\/talkpal.ai\/learn-khmer\/\">Khmeru<\/a> gramatika s\u0101kum\u0101 var \u0161\u0137ist izaicino\u0161s, ta\u010du t\u0101s unik\u0101l\u0101s iez\u012bmes padara <a href=\"https:\/\/talkpal.ai\/what-language-is-spoken-on-the-international-space-station\/\">valodas<\/a> apguvi par atalgojo\u0161u pieredzi. Izp\u0113tot t\u0101s alfab\u0113tu, mut\u0101cijas un gramatikas noteikumus, j\u016bs g\u016bsiet ieskatu bag\u0101t\u0101 valodas trad\u012bcij\u0101. S\u0101ciet savu ce\u013cojumu un atkl\u0101jiet <a href=\"https:\/\/talkpal.ai\/learn-khmer\/\">khmeru<\/a> skaistumu!<\/p>\r\n\r\n                            <a class=\"getStartedHidden\" href=\"https:\/\/app.talkpal.ai\/lv\/signup?lng=\">S\u0101c<\/a>\r\n        \r\n    <\/div>\r\n\r\n    <figure>\r\n    <img decoding=\"async\" width=\"768\" height=\"768\" src=\"https:\/\/talkpal.ai\/wp-content\/uploads\/2023\/06\/welsh-768x768.png\" class=\"languageImage no-lazy\" alt=\"Language learning for better cognitive abilities\" fetchpriority=\"high\" sizes=\"(max-width: 768px) 150px, 768px\" srcset=\"https:\/\/talkpal.ai\/wp-content\/uploads\/2023\/06\/welsh-768x768.png 768w, https:\/\/talkpal.ai\/wp-content\/uploads\/2023\/06\/welsh-300x300.png 300w\" \/>\r\n    \r\n\r\n    <\/figure>\r\n\r\n            <a class=\"getStartedVisible\" href=\"https:\/\/app.talkpal.ai\/lv\/signup?lng=\">S\u0101c<\/a>\r\n    \r\n<\/section><section class=\"promotionalBanner\">\r\n    <p class=\"promotionalText\">Visefekt\u012bv\u0101kais <a href=\"https:\/\/talkpal.ai\/best-way-to-learn\/\">veids<\/a>, k\u0101 apg\u016bt valodu<\/p>\r\n    <a class=\"promotionalLink\" href=\"https:\/\/app.talkpal.ai\/lv\/signup?lng=\">Izm\u0113\u0123iniet Talkpal bez maksas<\/a>\r\n<\/section>\n<div class=\"wp-block-group pageContainerStyle\"><div class=\"wp-block-group__inner-container is-layout-constrained wp-block-group-is-layout-constrained\">\n<h2 class=\"wp-block-heading\" id=\"h-navigating-the-intricacies-of-khmer-grammar\">Navig\u0101cija khmeru gramatikas sare\u017e\u0123\u012bjumos<\/h2>\n\n\n\n<p><a href=\"https:\/\/talkpal.ai\/lv\/macities-khmeru\/\">Khmeru<\/a>, Kambod\u017eas valsts valoda un galven\u0101 Austro\u0101zijas valoda ar dzi\u013c\u0101m liter\u0101r\u0101m trad\u012bcij\u0101m, pied\u0101v\u0101 aizraujo\u0161u lingvistisko pieredzi tiem, kas v\u0113las izp\u0113t\u012bt t\u0101s unik\u0101lo gramatikas sist\u0113mu. Dodoties khmeru valst\u012bb\u0101, j\u016bs ne tikai bag\u0101tin\u0101siet savu lingvistisko repertu\u0101ru, bet ar\u012b iesaist\u012bsieties aizraujo\u0161\u0101 kult\u016bras ce\u013cojum\u0101. Lai gan <a href=\"https:\/\/talkpal.ai\/khmer-grammar\/\">khmeru gramatika<\/a> s\u0101kum\u0101 var \u0161\u0137ist nepaz\u012bstama, t\u0101s sadal\u012b\u0161ana galvenaj\u0101s sast\u0101vda\u013c\u0101s padara valodas apguvi pieejam\u0101ku. \u0160aj\u0101 rakst\u0101 m\u0113s izp\u0113t\u012bsim aizraujo\u0161o <a href=\"https:\/\/talkpal.ai\/lv\/khmeru-gramatikas-vingrinajumi\/\">khmeru gramatikas<\/a> pasauli un sniegsim padomus, k\u0101 apg\u016bt t\u0101s sare\u017e\u0123\u012bt\u012bbu.<\/p>\n\n\n\n<h3 class=\"wp-block-heading\" id=\"h-1-khmer-alphabet-and-phonetics\">1. Khmeru alfab\u0113ts un fon\u0113tika<\/h3>\n\n\n\n<p>Khmeru rakst\u012b\u0161anas sist\u0113ma ir abugida, kas sast\u0101v no 33 l\u012bdzska\u0146iem, 23 atkar\u012bgiem patska\u0146iem un 12 neatkar\u012bgiem patska\u0146iem. L\u012bdzska\u0146i ir div\u0101s s\u0113rij\u0101s, kas ietekm\u0113 patska\u0146u kvalit\u0101ti, un patska\u0146u simboli maina savu izrunu atkar\u012bb\u0101 no l\u012bdzska\u0146u s\u0113rijas. Lai apg\u016btu khmeru gramatiku, ir svar\u012bgi iepaz\u012bties ar \u0161o at\u0161\u0137ir\u012bgo skriptu, praktiz\u0113jot las\u012b\u0161anu un rakst\u012b\u0161anu khmeru valod\u0101.<\/p>\n\n\n\n<h3 class=\"wp-block-heading\" id=\"h-2-consonant-series-a-peculiar-khmer-feature\">2. L\u012bdzska\u0146u s\u0113rija: savdab\u012bga khmeru iez\u012bme<\/h3>\n\n\n\n<p>Viens no spilgt\u0101kajiem khmeru valodas aspektiem ir t\u0101s divas l\u012bdzska\u0146u s\u0113rijas, ko bie\u017ei sauc par re\u0123istriem, kas ietekm\u0113 to, k\u0101 tiek izrun\u0101ti atkar\u012bgie patska\u0146i. A s\u0113rijas un O s\u0113rijas l\u012bdzska\u0146i liek vienam un tam pa\u0161am patska\u0146a simbolam las\u012bt at\u0161\u0137ir\u012bgi. Izpratne par \u0161o s\u0113riju darb\u012bbu kop\u0101 ar parastaj\u0101m diakritiskaj\u0101m z\u012bm\u0113m ir \u013coti svar\u012bga, lai prec\u012bzi izrun\u0101tu un rakst\u012btu khmeru valod\u0101.<\/p>\n\n\n\n<h3 class=\"wp-block-heading\" id=\"h-3-nouns-and-pronouns-gender-and-cases\">3. Lietv\u0101rdi un vietniekv\u0101rdi: dzimums un gad\u012bjumi<\/h3>\n\n\n\n<p>Khmeru lietv\u0101rdiem nav gramatisk\u0101s dzimtes un tie nav loc\u012bjumi. Daudzveid\u012bba bie\u017ei tiek nor\u0101d\u012bta ar kontekstu, dubl\u0113\u0161anu vai t\u0101diem v\u0101rdiem k\u0101 \u1785\u17d2\u179a\u17be\u1793. Vietniekv\u0101rdi khmeru valod\u0101 ietver personiskas, piedero\u0161as, refleks\u012bvas, demonstrat\u012bvas un jaut\u0101juma formas, un t\u0101s at\u0161\u0137iras atkar\u012bb\u0101 no piekl\u0101j\u012bbas un soci\u0101l\u0101 konteksta. Iepaz\u012bstoties ar \u0161iem vietniekv\u0101rdiem un da\u013ci\u0146\u0101m, piem\u0113ram, \u179a\u1794\u179f\u17cb vald\u012bjumam, iev\u0113rojami uzlabosies j\u016bsu izpratne par khmeru gramatiku.<\/p>\n\n\n\n<h3 class=\"wp-block-heading\" id=\"h-4-verbs-structure-and-conjugation\">4. Darb\u012bbas v\u0101rdi: strukt\u016bra un konjug\u0101cija<\/h3>\n\n\n\n<p>Khmeru darb\u012bbas v\u0101rdi nekonjug\u0113 laiku, personu vai skaitli. T\u0101 viet\u0101 laiks un aspekts tiek izteikti ar da\u013ci\u0146\u0101m un adverbiem, piem\u0113ram, \u1780\u17c6\u1796\u17bb\u1784 progres\u012bvai, \u1794\u17b6\u1793 pabeigtai pag\u0101tnei un \u1793\u17b9\u1784 n\u0101kotnei. Noska\u0146ojumu var nor\u0101d\u012bt ar t\u0101diem v\u0101rdiem k\u0101 \u179f\u17bc\u1798 vai \u1785\u17bc\u179a piekl\u0101j\u012bgiem imperat\u012bviem un \u1780\u17bb\u17c6 aizliegumiem. \u0160o da\u013ci\u0146u un parasto s\u0113rijveida darb\u012bbas v\u0101rdu konstrukciju apg\u016b\u0161ana uzlabos j\u016bsu sp\u0113ju efekt\u012bvi sazin\u0101ties khmeru valod\u0101.<\/p>\n\n\n\n<h3 class=\"wp-block-heading\" id=\"h-5-adjectives-agreement-and-placement\">5. \u012apa\u0161\u012bbas v\u0101rdi: vieno\u0161an\u0101s un izvietojums<\/h3>\n\n\n\n<p>Khmeru gramatik\u0101 \u012bpa\u0161\u012bbas v\u0101rdi parasti seko lietv\u0101rdam, ko tie modific\u0113, un nepiekr\u012bt skaitam vai dzimumam. Sal\u012bdzino\u0161ie un superlat\u012bvi tiek veidoti anal\u012btiski, bie\u017ei izmantojot \u1787\u17b6\u1784 sal\u012bdzin\u0101\u0161anai un \u1787\u17b6\u1784\u1782\u17c1 vai \u1794\u17c6\u1795\u17bb\u178f superlat\u012bviem.<\/p>\n\n\n\n<p><strong>Piem\u0113ri:<\/strong><\/p>\n\n\n\n<p><strong>&#8211; \u179f\u17c1\u1785\u1780\u17d2\u178f\u17b8\u179f\u17d2\u179a\u17a1\u17b6\u1789\u17cb \u1792\u17c6 (liela m\u012blest\u012bba)<\/strong><\/p>\n\n\n\n<p><strong>&#8211; \u1780\u17bc\u1793\u1780\u17d2\u1798\u17c1\u1784 \u178f\u17bc\u1785 (mazi b\u0113rni)<\/strong><\/p>\n\n\n\n<h3 class=\"wp-block-heading\" id=\"h-6-engaging-with-the-language\">6. Iesaist\u012b\u0161an\u0101s valod\u0101<\/h3>\n\n\n\n<p>Visefekt\u012bv\u0101kais veids, k\u0101 piln\u012bb\u0101 izprast un internaliz\u0113t khmeru gramatiku, ir konsekventi iesaist\u012bties valod\u0101. Lasot khmeru literat\u016bru, skatoties khmeru filmas vai telev\u012bzijas seri\u0101lus, klausoties khmeru m\u016bziku un akt\u012bvi sazinoties ar dzimt\u0101 valoda, j\u016bs nostiprin\u0101siet savu izpratni par gramatiku, vienlaikus papla\u0161inot v\u0101rdu kr\u0101jumu.<\/p>\n\n\n\n<h3 class=\"wp-block-heading\" id=\"h-conclusion\">Secin\u0101jums<\/h3>\n\n\n\n<p>Lai gan khmeru gramatika var \u0161\u0137ist sare\u017e\u0123\u012bta, j\u016bs varat apg\u016bt \u0161o skaisto valodu ar cent\u012bbu, praksi un entuziasmu. Koncentr\u0113joties uz pamatnoteikumiem un iesaistoties valod\u0101 da\u017e\u0101dos kontekstos, j\u016bs \u0101tri uzlabosiet savas khmeru <a href=\"https:\/\/talkpal.ai\/lv\/gramatika\/\">gramatikas prasmes<\/a>. Somnang laor (veiksmi) sav\u0101 khmeru valodas ce\u013cojum\u0101 un izbaudiet m\u012bklaino, bet valdzino\u0161o khmeru gramatikas pasauli!<\/p>\n<\/div><\/div>\n\r\n<section class=\"learnNavigationSection\">\r\n            \r\n        <a href=\"https:\/\/talkpal.ai\/lv\/macities-khmeru\/\">\r\n            <div class=\"learnNavigationWrapper\">\r\n                <div class=\"learnNavigationContent\">\r\n                    <img decoding=\"async\" src=\"https:\/\/talkpal.ai\/wp-content\/uploads\/2025\/11\/Khmer.png\" alt=\"Cambodian Flag\">\r\n                    <div>\r\n                        <h4>Par khmeru m\u0101c\u012b\u0161anos<\/h4>\r\n                        <p>Uzziniet visu par khmeru gramatiku.<\/p>\r\n                    <\/div>\r\n                <\/div>\r\n            <\/div>\r\n        <\/a>\r\n\r\n        \r\n        <a href=\"https:\/\/talkpal.ai\/lv\/khmeru-gramatikas-vingrinajumi\/\">\r\n            <div class=\"learnNavigationWrapper\">\r\n                <div class=\"learnNavigationContent\">\r\n                    <img decoding=\"async\" src=\"https:\/\/talkpal.ai\/wp-content\/uploads\/2025\/11\/Khmer.png\" alt=\"Cambodian Flag\">\r\n                    <div>\r\n                        <h4>Khmeru gramatikas vingrin\u0101jums<\/h4>\r\n                        <p>Praktiz\u0113jiet khmeru gramatiku.<\/p>\r\n                    <\/div>\r\n                <\/div>\r\n            <\/div>\r\n        <\/a>\r\n\r\n            <\/section>","protected":false},"excerpt":{"rendered":"<p>Navig\u0101cija khmeru gramatikas sare\u017e\u0123\u012bjumos Khmeru, Kambod\u017eas valsts valoda un galven\u0101 Austro\u0101zijas valoda ar dzi\u013c\u0101m liter\u0101r\u0101m trad\u012bcij\u0101m, pied\u0101v\u0101 aizraujo\u0161u lingvistisko pieredzi tiem, kas v\u0113las izp\u0113t\u012bt t\u0101s unik\u0101lo gramatikas sist\u0113mu. Dodoties khmeru valst\u012bb\u0101, j\u016bs ne tikai bag\u0101tin\u0101siet savu lingvistisko repertu\u0101ru, bet ar\u012b iesaist\u012bsieties aizraujo\u0161\u0101 kult\u016bras ce\u013cojum\u0101. Lai gan khmeru gramatika s\u0101kum\u0101 var \u0161\u0137ist nepaz\u012bstama, t\u0101s sadal\u012b\u0161ana galvenaj\u0101s [&hellip;]<\/p>\n","protected":false},"author":20,"featured_media":0,"parent":0,"menu_order":0,"comment_status":"closed","ping_status":"closed","template":"LearningContentPage.php","meta":{"_acf_changed":false,"footnotes":""},"class_list":["post-1468171","page","type-page","status-publish","hentry"],"acf":[],"yoast_head":"<!-- This site is optimized with the Yoast SEO Premium plugin v27.2 (Yoast SEO v27.2) - https:\/\/yoast.com\/product\/yoast-seo-premium-wordpress\/ -->\n<title>Khmeru gramatika - Talkpal<\/title>\n<meta name=\"description\" content=\"Apg\u016bstiet khmeru gramatikas pamatus, tostarp alfab\u0113tu, fon\u0113tiku un teikuma strukt\u016bru, izmantojot m\u016bsu visaptvero\u0161o valodas m\u0101c\u012bbu rokasgr\u0101matu.\" \/>\n<meta name=\"robots\" content=\"index, follow, max-snippet:-1, max-image-preview:large, max-video-preview:-1\" \/>\n<link rel=\"canonical\" href=\"https:\/\/talkpal.ai\/lv\/khmeru-gramatika\/\" \/>\n<meta property=\"og:locale\" content=\"lv_LV\" \/>\n<meta property=\"og:type\" content=\"article\" \/>\n<meta property=\"og:title\" content=\"Khmeru gramatika\" \/>\n<meta property=\"og:description\" content=\"Navig\u0101cija khmeru gramatikas sare\u017e\u0123\u012bjumos Khmeru, Kambod\u017eas valsts valoda un galven\u0101 Austro\u0101zijas valoda ar dzi\u013c\u0101m liter\u0101r\u0101m trad\u012bcij\u0101m, pied\u0101v\u0101\" \/>\n<meta property=\"og:url\" content=\"https:\/\/talkpal.ai\/lv\/khmeru-gramatika\/\" \/>\n<meta property=\"og:site_name\" content=\"Talkpal\" \/>\n<meta property=\"article:publisher\" content=\"https:\/\/www.facebook.com\/profile.php?id=100090733639311\" \/>\n<meta property=\"article:modified_time\" content=\"2025-12-30T14:41:15+00:00\" \/>\n<meta property=\"og:image\" content=\"https:\/\/talkpal.ai\/wp-content\/uploads\/2025\/02\/Progress-tab-16_9.png\" \/>\n\t<meta property=\"og:image:width\" content=\"2880\" \/>\n\t<meta property=\"og:image:height\" content=\"1620\" \/>\n\t<meta property=\"og:image:type\" content=\"image\/png\" \/>\n<meta name=\"twitter:card\" content=\"summary_large_image\" \/>\n<meta name=\"twitter:site\" content=\"@talkpalai\" \/>\n<meta name=\"twitter:label1\" content=\"Est. reading time\" \/>\n\t<meta name=\"twitter:data1\" content=\"3 minutes\" \/>\n<script type=\"application\/ld+json\" class=\"yoast-schema-graph\">{\"@context\":\"https:\/\/schema.org\",\"@graph\":[{\"@type\":\"WebPage\",\"@id\":\"https:\/\/talkpal.ai\/lv\/khmeru-gramatika\/\",\"url\":\"https:\/\/talkpal.ai\/lv\/khmeru-gramatika\/\",\"name\":\"Khmeru gramatika - Talkpal\",\"isPartOf\":{\"@id\":\"https:\/\/talkpal.ai\/lv\/#website\"},\"datePublished\":\"2025-11-12T11:25:16+00:00\",\"dateModified\":\"2025-12-30T14:41:15+00:00\",\"description\":\"Apg\u016bstiet khmeru gramatikas pamatus, tostarp alfab\u0113tu, fon\u0113tiku un teikuma strukt\u016bru, izmantojot m\u016bsu visaptvero\u0161o valodas m\u0101c\u012bbu rokasgr\u0101matu.\",\"breadcrumb\":{\"@id\":\"https:\/\/talkpal.ai\/lv\/khmeru-gramatika\/#breadcrumb\"},\"inLanguage\":\"lv-LV\",\"potentialAction\":[{\"@type\":\"ReadAction\",\"target\":[\"https:\/\/talkpal.ai\/lv\/khmeru-gramatika\/\"]}]},{\"@type\":\"BreadcrumbList\",\"@id\":\"https:\/\/talkpal.ai\/lv\/khmeru-gramatika\/#breadcrumb\",\"itemListElement\":[{\"@type\":\"ListItem\",\"position\":1,\"name\":\"Homepage\",\"item\":\"https:\/\/talkpal.ai\/lv\/\"},{\"@type\":\"ListItem\",\"position\":2,\"name\":\"Khmeru gramatika\"}]},{\"@type\":\"WebSite\",\"@id\":\"https:\/\/talkpal.ai\/lv\/#website\",\"url\":\"https:\/\/talkpal.ai\/lv\/\",\"name\":\"Talkpal\",\"description\":\"AI Language Learning\",\"publisher\":{\"@id\":\"https:\/\/talkpal.ai\/lv\/#organization\"},\"alternateName\":\"Talkpal AI\",\"potentialAction\":[{\"@type\":\"SearchAction\",\"target\":{\"@type\":\"EntryPoint\",\"urlTemplate\":\"https:\/\/talkpal.ai\/lv\/?s={search_term_string}\"},\"query-input\":{\"@type\":\"PropertyValueSpecification\",\"valueRequired\":true,\"valueName\":\"search_term_string\"}}],\"inLanguage\":\"lv-LV\"},{\"@type\":\"Organization\",\"@id\":\"https:\/\/talkpal.ai\/lv\/#organization\",\"name\":\"Talkpal, Inc.\",\"alternateName\":\"Talkpal AI\",\"url\":\"https:\/\/talkpal.ai\/lv\/\",\"logo\":{\"@type\":\"ImageObject\",\"inLanguage\":\"lv-LV\",\"@id\":\"https:\/\/talkpal.ai\/lv\/#\/schema\/logo\/image\/\",\"url\":\"https:\/\/talkpal.ai\/wp-content\/uploads\/2024\/03\/Talkpal-Logo-Icon.png\",\"contentUrl\":\"https:\/\/talkpal.ai\/wp-content\/uploads\/2024\/03\/Talkpal-Logo-Icon.png\",\"width\":2880,\"height\":2880,\"caption\":\"Talkpal, Inc.\"},\"image\":{\"@id\":\"https:\/\/talkpal.ai\/lv\/#\/schema\/logo\/image\/\"},\"sameAs\":[\"https:\/\/www.facebook.com\/profile.php?id=100090733639311\",\"https:\/\/x.com\/talkpalai\",\"https:\/\/www.linkedin.com\/company\/talkpal\/\",\"https:\/\/www.youtube.com\/@TalkPal\/\",\"https:\/\/www.tiktok.com\/@talkpal\",\"https:\/\/www.instagram.com\/talkpal_ai\/\",\"https:\/\/www.crunchbase.com\/organization\/talkpal-9cde\",\"https:\/\/www.g2.com\/products\/talkpal-for-business\/\",\"https:\/\/www.trustpilot.com\/review\/talkpal.ai\",\"https:\/\/www.capterra.com\/p\/10006800\/TalkPal\/\"],\"description\":\"Talkpal is a language learning web and mobile education app, powered by the latest AI technologies, that provides engaging experiences to its customers in many different languages to help them improve their language skills. Users can chat about unlimited amount of topics with the app and use other modes to practice their language learning.\",\"email\":\"support@talkpal.ai\",\"legalName\":\"Talkpal, Inc.\",\"foundingDate\":\"2023-04-03\",\"duns\":\"118989042\",\"numberOfEmployees\":{\"@type\":\"QuantitativeValue\",\"minValue\":\"11\",\"maxValue\":\"50\"},\"publishingPrinciples\":\"https:\/\/talkpal.ai\/publishing-principles\/\",\"actionableFeedbackPolicy\":\"https:\/\/talkpal.ai\/actionable-feedback-policy\/\",\"correctionsPolicy\":\"https:\/\/talkpal.ai\/corrections-policy\/\",\"ethicsPolicy\":\"https:\/\/talkpal.ai\/ethics-policy\/\",\"diversityPolicy\":\"https:\/\/talkpal.ai\/diversity-policy\/\",\"diversityStaffingReport\":\"https:\/\/talkpal.ai\/diversity-policy\/\"}]}<\/script>\n<!-- \/ Yoast SEO Premium plugin. -->","yoast_head_json":{"title":"Khmeru gramatika - Talkpal","description":"Apg\u016bstiet khmeru gramatikas pamatus, tostarp alfab\u0113tu, fon\u0113tiku un teikuma strukt\u016bru, izmantojot m\u016bsu visaptvero\u0161o valodas m\u0101c\u012bbu rokasgr\u0101matu.","robots":{"index":"index","follow":"follow","max-snippet":"max-snippet:-1","max-image-preview":"max-image-preview:large","max-video-preview":"max-video-preview:-1"},"canonical":"https:\/\/talkpal.ai\/lv\/khmeru-gramatika\/","og_locale":"lv_LV","og_type":"article","og_title":"Khmeru gramatika","og_description":"Navig\u0101cija khmeru gramatikas sare\u017e\u0123\u012bjumos Khmeru, Kambod\u017eas valsts valoda un galven\u0101 Austro\u0101zijas valoda ar dzi\u013c\u0101m liter\u0101r\u0101m trad\u012bcij\u0101m, pied\u0101v\u0101","og_url":"https:\/\/talkpal.ai\/lv\/khmeru-gramatika\/","og_site_name":"Talkpal","article_publisher":"https:\/\/www.facebook.com\/profile.php?id=100090733639311","article_modified_time":"2025-12-30T14:41:15+00:00","og_image":[{"width":2880,"height":1620,"url":"https:\/\/talkpal.ai\/wp-content\/uploads\/2025\/02\/Progress-tab-16_9.png","type":"image\/png"}],"twitter_card":"summary_large_image","twitter_site":"@talkpalai","twitter_misc":{"Est. reading time":"3 minutes"},"schema":{"@context":"https:\/\/schema.org","@graph":[{"@type":"WebPage","@id":"https:\/\/talkpal.ai\/lv\/khmeru-gramatika\/","url":"https:\/\/talkpal.ai\/lv\/khmeru-gramatika\/","name":"Khmeru gramatika - Talkpal","isPartOf":{"@id":"https:\/\/talkpal.ai\/lv\/#website"},"datePublished":"2025-11-12T11:25:16+00:00","dateModified":"2025-12-30T14:41:15+00:00","description":"Apg\u016bstiet khmeru gramatikas pamatus, tostarp alfab\u0113tu, fon\u0113tiku un teikuma strukt\u016bru, izmantojot m\u016bsu visaptvero\u0161o valodas m\u0101c\u012bbu rokasgr\u0101matu.","breadcrumb":{"@id":"https:\/\/talkpal.ai\/lv\/khmeru-gramatika\/#breadcrumb"},"inLanguage":"lv-LV","potentialAction":[{"@type":"ReadAction","target":["https:\/\/talkpal.ai\/lv\/khmeru-gramatika\/"]}]},{"@type":"BreadcrumbList","@id":"https:\/\/talkpal.ai\/lv\/khmeru-gramatika\/#breadcrumb","itemListElement":[{"@type":"ListItem","position":1,"name":"Homepage","item":"https:\/\/talkpal.ai\/lv\/"},{"@type":"ListItem","position":2,"name":"Khmeru gramatika"}]},{"@type":"WebSite","@id":"https:\/\/talkpal.ai\/lv\/#website","url":"https:\/\/talkpal.ai\/lv\/","name":"Talkpal","description":"AI Language Learning","publisher":{"@id":"https:\/\/talkpal.ai\/lv\/#organization"},"alternateName":"Talkpal AI","potentialAction":[{"@type":"SearchAction","target":{"@type":"EntryPoint","urlTemplate":"https:\/\/talkpal.ai\/lv\/?s={search_term_string}"},"query-input":{"@type":"PropertyValueSpecification","valueRequired":true,"valueName":"search_term_string"}}],"inLanguage":"lv-LV"},{"@type":"Organization","@id":"https:\/\/talkpal.ai\/lv\/#organization","name":"Talkpal, Inc.","alternateName":"Talkpal AI","url":"https:\/\/talkpal.ai\/lv\/","logo":{"@type":"ImageObject","inLanguage":"lv-LV","@id":"https:\/\/talkpal.ai\/lv\/#\/schema\/logo\/image\/","url":"https:\/\/talkpal.ai\/wp-content\/uploads\/2024\/03\/Talkpal-Logo-Icon.png","contentUrl":"https:\/\/talkpal.ai\/wp-content\/uploads\/2024\/03\/Talkpal-Logo-Icon.png","width":2880,"height":2880,"caption":"Talkpal, Inc."},"image":{"@id":"https:\/\/talkpal.ai\/lv\/#\/schema\/logo\/image\/"},"sameAs":["https:\/\/www.facebook.com\/profile.php?id=100090733639311","https:\/\/x.com\/talkpalai","https:\/\/www.linkedin.com\/company\/talkpal\/","https:\/\/www.youtube.com\/@TalkPal\/","https:\/\/www.tiktok.com\/@talkpal","https:\/\/www.instagram.com\/talkpal_ai\/","https:\/\/www.crunchbase.com\/organization\/talkpal-9cde","https:\/\/www.g2.com\/products\/talkpal-for-business\/","https:\/\/www.trustpilot.com\/review\/talkpal.ai","https:\/\/www.capterra.com\/p\/10006800\/TalkPal\/"],"description":"Talkpal is a language learning web and mobile education app, powered by the latest AI technologies, that provides engaging experiences to its customers in many different languages to help them improve their language skills. Users can chat about unlimited amount of topics with the app and use other modes to practice their language learning.","email":"support@talkpal.ai","legalName":"Talkpal, Inc.","foundingDate":"2023-04-03","duns":"118989042","numberOfEmployees":{"@type":"QuantitativeValue","minValue":"11","maxValue":"50"},"publishingPrinciples":"https:\/\/talkpal.ai\/publishing-principles\/","actionableFeedbackPolicy":"https:\/\/talkpal.ai\/actionable-feedback-policy\/","correctionsPolicy":"https:\/\/talkpal.ai\/corrections-policy\/","ethicsPolicy":"https:\/\/talkpal.ai\/ethics-policy\/","diversityPolicy":"https:\/\/talkpal.ai\/diversity-policy\/","diversityStaffingReport":"https:\/\/talkpal.ai\/diversity-policy\/"}]}},"_links":{"self":[{"href":"https:\/\/talkpal.ai\/lv\/wp-json\/wp\/v2\/pages\/1468171","targetHints":{"allow":["GET"]}}],"collection":[{"href":"https:\/\/talkpal.ai\/lv\/wp-json\/wp\/v2\/pages"}],"about":[{"href":"https:\/\/talkpal.ai\/lv\/wp-json\/wp\/v2\/types\/page"}],"author":[{"embeddable":true,"href":"https:\/\/talkpal.ai\/lv\/wp-json\/wp\/v2\/users\/20"}],"replies":[{"embeddable":true,"href":"https:\/\/talkpal.ai\/lv\/wp-json\/wp\/v2\/comments?post=1468171"}],"version-history":[{"count":0,"href":"https:\/\/talkpal.ai\/lv\/wp-json\/wp\/v2\/pages\/1468171\/revisions"}],"wp:attachment":[{"href":"https:\/\/talkpal.ai\/lv\/wp-json\/wp\/v2\/media?parent=1468171"}],"curies":[{"name":"wp","href":"https:\/\/api.w.org\/{rel}","templated":true}]}}