{"id":1468151,"date":"2025-11-12T15:39:07","date_gmt":"2025-11-12T15:39:07","guid":{"rendered":"https:\/\/talkpal.ai\/maltiesu-valodas-gramatika\/"},"modified":"2025-12-30T13:59:55","modified_gmt":"2025-12-30T13:59:55","slug":"maltiesu-valodas-gramatika","status":"publish","type":"page","link":"https:\/\/talkpal.ai\/lv\/maltiesu-valodas-gramatika\/","title":{"rendered":"Maltie\u0161u valodas gramatika"},"content":{"rendered":"\r\n\r\n\r\n<section class=\"languageChallengeSection\">\r\n    <div class=\"languageInfoWrapper\">\r\n        \r\n        <h1>Maltie\u0161u valodas gramatika<\/h1>\r\n        <p><a href=\"https:\/\/talkpal.ai\/learn-maltese\/\">Maltie\u0161u<\/a> <a href=\"https:\/\/talkpal.ai\/what-language-is-spoken-on-the-international-space-station\/\">valodas<\/a> <a href=\"https:\/\/talkpal.ai\/sq\/gramatika\/\">gramatika<\/a> s\u0101kum\u0101 var \u0161\u0137ist sare\u017e\u0123\u012bta, ta\u010du t\u0101s unik\u0101l\u0101s iez\u012bmes padara valodas apguvi par atalgojo\u0161u pieredzi. Izp\u0113tot t\u0101s alfab\u0113tu, mut\u0101cijas un gramatikas noteikumus, j\u016bs g\u016bsiet ieskatu bag\u0101t\u0101 valodas trad\u012bcij\u0101. S\u0101ciet savu ce\u013cojumu un atkl\u0101jiet maltie\u0161u skaistumu!<\/p>\r\n\r\n                            <a class=\"getStartedHidden\" href=\"https:\/\/app.talkpal.ai\/lv\/signup?lng=\">S\u0101c<\/a>\r\n        \r\n    <\/div>\r\n\r\n    <figure>\r\n    <img decoding=\"async\" width=\"768\" height=\"768\" src=\"https:\/\/talkpal.ai\/wp-content\/uploads\/2023\/06\/welsh-768x768.png\" class=\"languageImage no-lazy\" alt=\"Language learning for better cognitive abilities\" fetchpriority=\"high\" sizes=\"(max-width: 768px) 150px, 768px\" srcset=\"https:\/\/talkpal.ai\/wp-content\/uploads\/2023\/06\/welsh-768x768.png 768w, https:\/\/talkpal.ai\/wp-content\/uploads\/2023\/06\/welsh-300x300.png 300w\" \/>\r\n    \r\n\r\n    <\/figure>\r\n\r\n            <a class=\"getStartedVisible\" href=\"https:\/\/app.talkpal.ai\/lv\/signup?lng=\">S\u0101c<\/a>\r\n    \r\n<\/section><section class=\"promotionalBanner\">\r\n    <p class=\"promotionalText\">Visefekt\u012bv\u0101kais <a href=\"https:\/\/talkpal.ai\/best-way-to-learn\/\">veids<\/a>, k\u0101 apg\u016bt valodu<\/p>\r\n    <a class=\"promotionalLink\" href=\"https:\/\/app.talkpal.ai\/lv\/signup?lng=\">Izm\u0113\u0123iniet Talkpal bez maksas<\/a>\r\n<\/section>\n<div class=\"wp-block-group pageContainerStyle\"><div class=\"wp-block-group__inner-container is-layout-constrained wp-block-group-is-layout-constrained\">\n<h2 class=\"wp-block-heading\" id=\"h-navigating-the-intricacies-of-maltese-grammar\">Navig\u0101cija maltie\u0161u gramatikas sare\u017e\u0123\u012bjumos<\/h2>\n\n\n\n<p><a href=\"https:\/\/talkpal.ai\/lv\/macities-maltiesu-valodu\/\">Maltie\u0161u valoda<\/a>, sem\u012btu valoda ar dzi\u013c\u0101m Vidusj\u016bras sakn\u0113m un dinamisku kult\u016bras noz\u012bmi, pied\u0101v\u0101 aizraujo\u0161u lingvistisko pieredzi tiem, kas v\u0113las izp\u0113t\u012bt t\u0101s unik\u0101lo gramatikas sist\u0113mu. Dodoties maltie\u0161u valst\u012bb\u0101, j\u016bs ne tikai bag\u0101tin\u0101siet savu valodu repertu\u0101ru, bet ar\u012b iesaist\u012bsieties aizraujo\u0161\u0101 kult\u016bras ce\u013cojum\u0101. Lai gan maltie\u0161u gramatika s\u0101kum\u0101 var \u0161\u0137ist sare\u017e\u0123\u012bta, t\u0101s sadal\u012b\u0161ana galvenaj\u0101s sast\u0101vda\u013c\u0101s padara valodas apguvi pieejam\u0101ku. \u0160aj\u0101 rakst\u0101 m\u0113s izp\u0113t\u012bsim valdzino\u0161o <a href=\"https:\/\/talkpal.ai\/lv\/maltiesu-gramatikas-vingrinajumi\/\">maltie\u0161u gramatikas<\/a> pasauli un sniegsim padomus, k\u0101 apg\u016bt t\u0101s sare\u017e\u0123\u012bt\u012bbu.<\/p>\n\n\n\n<h3 class=\"wp-block-heading\" id=\"h-1-maltese-alphabet-and-phonetics\">1. Maltie\u0161u alfab\u0113ts un fon\u0113tika<\/h3>\n\n\n\n<p>Maltas alfab\u0113ts sast\u0101v no 30 burtiem, no kuriem vair\u0101ki ir unik\u0101li valodai, piem\u0113ram, &#8220;g\u0127&#8221;, &#8220;\u0127&#8221;, &#8220;q&#8221;, &#8220;\u010b&#8221;, &#8220;\u0121&#8221;, &#8220;\u017c&#8221; un &#8220;x&#8221;. Lai apg\u016btu maltie\u0161u valodas gramatiku, ir svar\u012bgi iepaz\u012bties ar \u0161o at\u0161\u0137ir\u012bgo rakst\u012b\u0161anas sist\u0113mu, praktiz\u0113jot las\u012b\u0161anu un rakst\u012b\u0161anu maltie\u0161u valod\u0101.<\/p>\n\n\n\n<h3 class=\"wp-block-heading\" id=\"h-2-assimilation-a-peculiar-maltese-feature\">2. Asimil\u0101cija: savdab\u012bga Maltas iez\u012bme<\/h3>\n\n\n\n<p>Viens no maltie\u0161u gramatikas at\u0161\u0137ir\u012bgiem aspektiem ir noteikt\u0101 raksta asimil\u0101cija un ar to saist\u012bt\u0101s ska\u0146as izmai\u0146as. Raksts &#8220;il-&#8221; vai &#8220;l-&#8221; bie\u017ei piel\u012bdzin\u0101s da\u017eu lietv\u0101rdu s\u0101kotn\u0113jam l\u012bdzska\u0146am, radot dubultu ska\u0146u, piem\u0113ram, il + ra\u0121el = ir-ra\u0121el un il + sieg\u0127a = is-sieg\u0127a. Priev\u0101rdi un raksts ar\u012b veido kontrakcijas, piem\u0113ram, ta&#8217; + il = tal. Izpratne, kad un k\u0101 notiek \u0161\u012bs asimil\u0101cijas un kontrakcijas, ir \u013coti svar\u012bga prec\u012bzai sazi\u0146ai maltie\u0161u valod\u0101.<\/p>\n\n\n\n<h3 class=\"wp-block-heading\" id=\"h-3-nouns-and-pronouns-gender-and-cases\">3. Lietv\u0101rdi un vietniekv\u0101rdi: dzimums un gad\u012bjumi<\/h3>\n\n\n\n<p>Maltas lietv\u0101rdiem ir gramatisk\u0101 dzimte (v\u012brie\u0161u vai sievi\u0161\u0137o) un tiek izmantotas da\u017e\u0101das daudzskait\u013ca veido\u0161anas strat\u0113\u0123ijas, ieskaitot t\u0101dus sufiksus k\u0101 -i un -ijiet, k\u0101 ar\u012b lauztus daudzskait\u013cus, ko veido iek\u0161\u0113jo patska\u0146u mai\u0146a. Vietniekv\u0101rdi maltie\u0161u valod\u0101 ietver personiskos (jien, inti, hu, hi, a\u0127na, intom, huma), \u012bpa\u0161uma formas, kas bie\u017ei veidotas ar ta&#8217; vai pronomin\u0101liem sufiksiem, refleks\u012bvas un emp\u0101tiskas formas, demonstrat\u012bvus (dan, din, dawn, dak, dik, dawk) un jaut\u0101juma (min, x&#8217;, fejn, meta). Iepaz\u012b\u0161an\u0101s ar \u0161iem vietniekv\u0101rdiem un to form\u0101m iev\u0113rojami uzlabos j\u016bsu izpratni par maltie\u0161u gramatiku.<\/p>\n\n\n\n<h3 class=\"wp-block-heading\" id=\"h-4-verbs-structure-and-conjugation\">4. Darb\u012bbas v\u0101rdi: strukt\u016bra un konjug\u0101cija<\/h3>\n\n\n\n<p>Maltie\u0161u darb\u012bbas v\u0101rdi ir balst\u012bti uz sakn\u0113m un mode\u013ciem un konjug\u0113 personu, skaitli un da\u017ereiz dzimumu. Kodola stubl\u0101ji iez\u012bm\u0113 pag\u0101tni un nepag\u0101tni, un n\u0101kotni bie\u017ei nor\u0101da da\u013ci\u0146a se. Papildu elementi ietver nosac\u012bto ar kieku un imperat\u012bvaj\u0101m form\u0101m. Objekta vietniekv\u0101rdi var pievienot darb\u012bbas v\u0101rdiem, piem\u0113ram, rajtek (es tevi redz\u0113ju). Darb\u012bbas v\u0101rdu konjug\u0101cijas mode\u013cu, da\u013ci\u0146u un nolieguma apguve ar ma &#8230; x uzlabos j\u016bsu sp\u0113ju efekt\u012bvi sazin\u0101ties maltie\u0161u valod\u0101.<\/p>\n\n\n\n<h3 class=\"wp-block-heading\" id=\"h-5-adjectives-agreement-and-placement\">5. \u012apa\u0161\u012bbas v\u0101rdi: vieno\u0161an\u0101s un izvietojums<\/h3>\n\n\n\n<p>Maltie\u0161u gramatik\u0101 \u012bpa\u0161\u012bbas v\u0101rdi parasti seko lietv\u0101rdam, ko tie modific\u0113, un sakr\u012bt ar lietv\u0101rdu p\u0113c dzimuma un skait\u013ca. Daudzi \u012bpa\u0161\u012bbas v\u0101rdi veido sievi\u0161\u0137os un daudzskait\u013ca variantus, un sal\u012bdzino\u0161ie un superlat\u012bvi parasti tiek izteikti ar aktar vai i\u017cjed, k\u0101 ar\u012b da\u017eas neregul\u0101ras formas, piem\u0113ram, a\u0127jar un ag\u0127ar, kas ir b\u016btiski, lai iem\u0101c\u012btos sazin\u0101ties dabisk\u0101k.<\/p>\n\n\n\n<p><strong>Piem\u0113ri:<\/strong><\/p>\n\n\n\n<p><strong>&#8211; Im\u0127abba Kbira (Liela m\u012blest\u012bba)<\/strong><\/p>\n\n\n\n<p><strong>\u2013 tfal \u017cg\u0127ar (mazi b\u0113rni)<\/strong><\/p>\n\n\n\n<h3 class=\"wp-block-heading\" id=\"h-6-engaging-with-the-language\">6. Iesaist\u012b\u0161an\u0101s valod\u0101<\/h3>\n\n\n\n<p>Visefekt\u012bv\u0101kais veids, k\u0101 piln\u012bb\u0101 izprast un internaliz\u0113t maltie\u0161u gramatiku, ir konsekventi iesaist\u012bties valod\u0101. Lasot maltie\u0161u literat\u016bru, skatoties maltie\u0161u filmas vai telev\u012bzijas seri\u0101lus un akt\u012bvi sazinoties ar dzimt\u0101 valoda, j\u016bs nostiprin\u0101siet savu izpratni par gramatiku, vienlaikus papla\u0161inot v\u0101rdu kr\u0101jumu.<\/p>\n\n\n\n<h3 class=\"wp-block-heading\" id=\"h-conclusion\">Secin\u0101jums<\/h3>\n\n\n\n<p>Lai gan maltie\u0161u gramatika var \u0161\u0137ist sare\u017e\u0123\u012bta, j\u016bs varat apg\u016bt \u0161o skaisto valodu ar cent\u012bbu, praksi un entuziasmu. Koncentr\u0113joties uz pamatnoteikumiem un iesaistoties valod\u0101 da\u017e\u0101dos kontekstos, j\u016bs \u0101tri uzlabosiet savas maltie\u0161u <a href=\"https:\/\/talkpal.ai\/lv\/gramatika\/\">gramatikas prasmes<\/a>. Xorti tajba (veiksmi) maltie\u0161u valodas ce\u013cojum\u0101 un izbaudiet m\u012bklaino, bet valdzino\u0161o maltie\u0161u gramatikas pasauli!<\/p>\n<\/div><\/div>\n\r\n<section class=\"learnNavigationSection\">\r\n            \r\n        <a href=\"https:\/\/talkpal.ai\/lv\/macities-maltiesu-valodu\/\">\r\n            <div class=\"learnNavigationWrapper\">\r\n                <div class=\"learnNavigationContent\">\r\n                    <img decoding=\"async\" src=\"https:\/\/talkpal.ai\/wp-content\/uploads\/2025\/11\/Maltese.png\" alt=\"Maltese Flag\">\r\n                    <div>\r\n                        <h4>Par maltie\u0161u valodas m\u0101c\u012b\u0161anos<\/h4>\r\n                        <p>Uzziniet visu par maltie\u0161u gramatiku.<\/p>\r\n                    <\/div>\r\n                <\/div>\r\n            <\/div>\r\n        <\/a>\r\n\r\n        \r\n        <a href=\"https:\/\/talkpal.ai\/lv\/maltiesu-gramatikas-vingrinajumi\/\">\r\n            <div class=\"learnNavigationWrapper\">\r\n                <div class=\"learnNavigationContent\">\r\n                    <img decoding=\"async\" src=\"https:\/\/talkpal.ai\/wp-content\/uploads\/2025\/11\/Maltese.png\" alt=\"Maltese Flag\">\r\n                    <div>\r\n                        <h4>Maltie\u0161u gramatikas vingrin\u0101jums<\/h4>\r\n                        <p>Praktiz\u0113jiet maltie\u0161u gramatiku.<\/p>\r\n                    <\/div>\r\n                <\/div>\r\n            <\/div>\r\n        <\/a>\r\n\r\n            <\/section>","protected":false},"excerpt":{"rendered":"<p>Navig\u0101cija maltie\u0161u gramatikas sare\u017e\u0123\u012bjumos Maltie\u0161u valoda, sem\u012btu valoda ar dzi\u013c\u0101m Vidusj\u016bras sakn\u0113m un dinamisku kult\u016bras noz\u012bmi, pied\u0101v\u0101 aizraujo\u0161u lingvistisko pieredzi tiem, kas v\u0113las izp\u0113t\u012bt t\u0101s unik\u0101lo gramatikas sist\u0113mu. Dodoties maltie\u0161u valst\u012bb\u0101, j\u016bs ne tikai bag\u0101tin\u0101siet savu valodu repertu\u0101ru, bet ar\u012b iesaist\u012bsieties aizraujo\u0161\u0101 kult\u016bras ce\u013cojum\u0101. Lai gan maltie\u0161u gramatika s\u0101kum\u0101 var \u0161\u0137ist sare\u017e\u0123\u012bta, t\u0101s sadal\u012b\u0161ana galvenaj\u0101s [&hellip;]<\/p>\n","protected":false},"author":20,"featured_media":0,"parent":0,"menu_order":0,"comment_status":"closed","ping_status":"closed","template":"LearningContentPage.php","meta":{"_acf_changed":false,"footnotes":""},"class_list":["post-1468151","page","type-page","status-publish","hentry"],"acf":[],"yoast_head":"<!-- This site is optimized with the Yoast SEO Premium plugin v27.2 (Yoast SEO v27.2) - https:\/\/yoast.com\/product\/yoast-seo-premium-wordpress\/ -->\n<title>Maltie\u0161u valodas gramatika - Talkpal<\/title>\n<meta name=\"description\" content=\"Atkl\u0101jiet maltie\u0161u valodas gramatikas nosl\u0113pumus, apg\u016bstot alfab\u0113tu, fon\u0113tiku, darb\u012bbas v\u0101rdu veidus un b\u016btiskus noteikumus, kas nepiecie\u0161ami teko\u0161ai valodas lieto\u0161anai.\" \/>\n<meta name=\"robots\" content=\"index, follow, max-snippet:-1, max-image-preview:large, max-video-preview:-1\" \/>\n<link rel=\"canonical\" href=\"https:\/\/talkpal.ai\/lv\/maltiesu-valodas-gramatika\/\" \/>\n<meta property=\"og:locale\" content=\"lv_LV\" \/>\n<meta property=\"og:type\" content=\"article\" \/>\n<meta property=\"og:title\" content=\"Maltie\u0161u valodas gramatika\" \/>\n<meta property=\"og:description\" content=\"Navig\u0101cija maltie\u0161u gramatikas sare\u017e\u0123\u012bjumos Maltie\u0161u valoda, sem\u012btu valoda ar dzi\u013c\u0101m Vidusj\u016bras sakn\u0113m un dinamisku kult\u016bras noz\u012bmi, pied\u0101v\u0101 aizraujo\u0161u\" \/>\n<meta property=\"og:url\" content=\"https:\/\/talkpal.ai\/lv\/maltiesu-valodas-gramatika\/\" \/>\n<meta property=\"og:site_name\" content=\"Talkpal\" \/>\n<meta property=\"article:publisher\" content=\"https:\/\/www.facebook.com\/profile.php?id=100090733639311\" \/>\n<meta property=\"article:modified_time\" content=\"2025-12-30T13:59:55+00:00\" \/>\n<meta property=\"og:image\" content=\"https:\/\/talkpal.ai\/wp-content\/uploads\/2025\/02\/Progress-tab-16_9.png\" \/>\n\t<meta property=\"og:image:width\" content=\"2880\" \/>\n\t<meta property=\"og:image:height\" content=\"1620\" \/>\n\t<meta property=\"og:image:type\" content=\"image\/png\" \/>\n<meta name=\"twitter:card\" content=\"summary_large_image\" \/>\n<meta name=\"twitter:site\" content=\"@talkpalai\" \/>\n<meta name=\"twitter:label1\" content=\"Est. reading time\" \/>\n\t<meta name=\"twitter:data1\" content=\"4 minutes\" \/>\n<script type=\"application\/ld+json\" class=\"yoast-schema-graph\">{\"@context\":\"https:\/\/schema.org\",\"@graph\":[{\"@type\":\"WebPage\",\"@id\":\"https:\/\/talkpal.ai\/lv\/maltiesu-valodas-gramatika\/\",\"url\":\"https:\/\/talkpal.ai\/lv\/maltiesu-valodas-gramatika\/\",\"name\":\"Maltie\u0161u valodas gramatika - Talkpal\",\"isPartOf\":{\"@id\":\"https:\/\/talkpal.ai\/lv\/#website\"},\"datePublished\":\"2025-11-12T15:39:07+00:00\",\"dateModified\":\"2025-12-30T13:59:55+00:00\",\"description\":\"Atkl\u0101jiet maltie\u0161u valodas gramatikas nosl\u0113pumus, apg\u016bstot alfab\u0113tu, fon\u0113tiku, darb\u012bbas v\u0101rdu veidus un b\u016btiskus noteikumus, kas nepiecie\u0161ami teko\u0161ai valodas lieto\u0161anai.\",\"breadcrumb\":{\"@id\":\"https:\/\/talkpal.ai\/lv\/maltiesu-valodas-gramatika\/#breadcrumb\"},\"inLanguage\":\"lv-LV\",\"potentialAction\":[{\"@type\":\"ReadAction\",\"target\":[\"https:\/\/talkpal.ai\/lv\/maltiesu-valodas-gramatika\/\"]}]},{\"@type\":\"BreadcrumbList\",\"@id\":\"https:\/\/talkpal.ai\/lv\/maltiesu-valodas-gramatika\/#breadcrumb\",\"itemListElement\":[{\"@type\":\"ListItem\",\"position\":1,\"name\":\"Homepage\",\"item\":\"https:\/\/talkpal.ai\/lv\/\"},{\"@type\":\"ListItem\",\"position\":2,\"name\":\"Maltie\u0161u valodas gramatika\"}]},{\"@type\":\"WebSite\",\"@id\":\"https:\/\/talkpal.ai\/lv\/#website\",\"url\":\"https:\/\/talkpal.ai\/lv\/\",\"name\":\"Talkpal\",\"description\":\"AI Language Learning\",\"publisher\":{\"@id\":\"https:\/\/talkpal.ai\/lv\/#organization\"},\"alternateName\":\"Talkpal AI\",\"potentialAction\":[{\"@type\":\"SearchAction\",\"target\":{\"@type\":\"EntryPoint\",\"urlTemplate\":\"https:\/\/talkpal.ai\/lv\/?s={search_term_string}\"},\"query-input\":{\"@type\":\"PropertyValueSpecification\",\"valueRequired\":true,\"valueName\":\"search_term_string\"}}],\"inLanguage\":\"lv-LV\"},{\"@type\":\"Organization\",\"@id\":\"https:\/\/talkpal.ai\/lv\/#organization\",\"name\":\"Talkpal, Inc.\",\"alternateName\":\"Talkpal AI\",\"url\":\"https:\/\/talkpal.ai\/lv\/\",\"logo\":{\"@type\":\"ImageObject\",\"inLanguage\":\"lv-LV\",\"@id\":\"https:\/\/talkpal.ai\/lv\/#\/schema\/logo\/image\/\",\"url\":\"https:\/\/talkpal.ai\/wp-content\/uploads\/2024\/03\/Talkpal-Logo-Icon.png\",\"contentUrl\":\"https:\/\/talkpal.ai\/wp-content\/uploads\/2024\/03\/Talkpal-Logo-Icon.png\",\"width\":2880,\"height\":2880,\"caption\":\"Talkpal, Inc.\"},\"image\":{\"@id\":\"https:\/\/talkpal.ai\/lv\/#\/schema\/logo\/image\/\"},\"sameAs\":[\"https:\/\/www.facebook.com\/profile.php?id=100090733639311\",\"https:\/\/x.com\/talkpalai\",\"https:\/\/www.linkedin.com\/company\/talkpal\/\",\"https:\/\/www.youtube.com\/@TalkPal\/\",\"https:\/\/www.tiktok.com\/@talkpal\",\"https:\/\/www.instagram.com\/talkpal_ai\/\",\"https:\/\/www.crunchbase.com\/organization\/talkpal-9cde\",\"https:\/\/www.g2.com\/products\/talkpal-for-business\/\",\"https:\/\/www.trustpilot.com\/review\/talkpal.ai\",\"https:\/\/www.capterra.com\/p\/10006800\/TalkPal\/\"],\"description\":\"Talkpal is a language learning web and mobile education app, powered by the latest AI technologies, that provides engaging experiences to its customers in many different languages to help them improve their language skills. Users can chat about unlimited amount of topics with the app and use other modes to practice their language learning.\",\"email\":\"support@talkpal.ai\",\"legalName\":\"Talkpal, Inc.\",\"foundingDate\":\"2023-04-03\",\"duns\":\"118989042\",\"numberOfEmployees\":{\"@type\":\"QuantitativeValue\",\"minValue\":\"11\",\"maxValue\":\"50\"},\"publishingPrinciples\":\"https:\/\/talkpal.ai\/publishing-principles\/\",\"actionableFeedbackPolicy\":\"https:\/\/talkpal.ai\/actionable-feedback-policy\/\",\"correctionsPolicy\":\"https:\/\/talkpal.ai\/corrections-policy\/\",\"ethicsPolicy\":\"https:\/\/talkpal.ai\/ethics-policy\/\",\"diversityPolicy\":\"https:\/\/talkpal.ai\/diversity-policy\/\",\"diversityStaffingReport\":\"https:\/\/talkpal.ai\/diversity-policy\/\"}]}<\/script>\n<!-- \/ Yoast SEO Premium plugin. -->","yoast_head_json":{"title":"Maltie\u0161u valodas gramatika - Talkpal","description":"Atkl\u0101jiet maltie\u0161u valodas gramatikas nosl\u0113pumus, apg\u016bstot alfab\u0113tu, fon\u0113tiku, darb\u012bbas v\u0101rdu veidus un b\u016btiskus noteikumus, kas nepiecie\u0161ami teko\u0161ai valodas lieto\u0161anai.","robots":{"index":"index","follow":"follow","max-snippet":"max-snippet:-1","max-image-preview":"max-image-preview:large","max-video-preview":"max-video-preview:-1"},"canonical":"https:\/\/talkpal.ai\/lv\/maltiesu-valodas-gramatika\/","og_locale":"lv_LV","og_type":"article","og_title":"Maltie\u0161u valodas gramatika","og_description":"Navig\u0101cija maltie\u0161u gramatikas sare\u017e\u0123\u012bjumos Maltie\u0161u valoda, sem\u012btu valoda ar dzi\u013c\u0101m Vidusj\u016bras sakn\u0113m un dinamisku kult\u016bras noz\u012bmi, pied\u0101v\u0101 aizraujo\u0161u","og_url":"https:\/\/talkpal.ai\/lv\/maltiesu-valodas-gramatika\/","og_site_name":"Talkpal","article_publisher":"https:\/\/www.facebook.com\/profile.php?id=100090733639311","article_modified_time":"2025-12-30T13:59:55+00:00","og_image":[{"width":2880,"height":1620,"url":"https:\/\/talkpal.ai\/wp-content\/uploads\/2025\/02\/Progress-tab-16_9.png","type":"image\/png"}],"twitter_card":"summary_large_image","twitter_site":"@talkpalai","twitter_misc":{"Est. reading time":"4 minutes"},"schema":{"@context":"https:\/\/schema.org","@graph":[{"@type":"WebPage","@id":"https:\/\/talkpal.ai\/lv\/maltiesu-valodas-gramatika\/","url":"https:\/\/talkpal.ai\/lv\/maltiesu-valodas-gramatika\/","name":"Maltie\u0161u valodas gramatika - Talkpal","isPartOf":{"@id":"https:\/\/talkpal.ai\/lv\/#website"},"datePublished":"2025-11-12T15:39:07+00:00","dateModified":"2025-12-30T13:59:55+00:00","description":"Atkl\u0101jiet maltie\u0161u valodas gramatikas nosl\u0113pumus, apg\u016bstot alfab\u0113tu, fon\u0113tiku, darb\u012bbas v\u0101rdu veidus un b\u016btiskus noteikumus, kas nepiecie\u0161ami teko\u0161ai valodas lieto\u0161anai.","breadcrumb":{"@id":"https:\/\/talkpal.ai\/lv\/maltiesu-valodas-gramatika\/#breadcrumb"},"inLanguage":"lv-LV","potentialAction":[{"@type":"ReadAction","target":["https:\/\/talkpal.ai\/lv\/maltiesu-valodas-gramatika\/"]}]},{"@type":"BreadcrumbList","@id":"https:\/\/talkpal.ai\/lv\/maltiesu-valodas-gramatika\/#breadcrumb","itemListElement":[{"@type":"ListItem","position":1,"name":"Homepage","item":"https:\/\/talkpal.ai\/lv\/"},{"@type":"ListItem","position":2,"name":"Maltie\u0161u valodas gramatika"}]},{"@type":"WebSite","@id":"https:\/\/talkpal.ai\/lv\/#website","url":"https:\/\/talkpal.ai\/lv\/","name":"Talkpal","description":"AI Language Learning","publisher":{"@id":"https:\/\/talkpal.ai\/lv\/#organization"},"alternateName":"Talkpal AI","potentialAction":[{"@type":"SearchAction","target":{"@type":"EntryPoint","urlTemplate":"https:\/\/talkpal.ai\/lv\/?s={search_term_string}"},"query-input":{"@type":"PropertyValueSpecification","valueRequired":true,"valueName":"search_term_string"}}],"inLanguage":"lv-LV"},{"@type":"Organization","@id":"https:\/\/talkpal.ai\/lv\/#organization","name":"Talkpal, Inc.","alternateName":"Talkpal AI","url":"https:\/\/talkpal.ai\/lv\/","logo":{"@type":"ImageObject","inLanguage":"lv-LV","@id":"https:\/\/talkpal.ai\/lv\/#\/schema\/logo\/image\/","url":"https:\/\/talkpal.ai\/wp-content\/uploads\/2024\/03\/Talkpal-Logo-Icon.png","contentUrl":"https:\/\/talkpal.ai\/wp-content\/uploads\/2024\/03\/Talkpal-Logo-Icon.png","width":2880,"height":2880,"caption":"Talkpal, Inc."},"image":{"@id":"https:\/\/talkpal.ai\/lv\/#\/schema\/logo\/image\/"},"sameAs":["https:\/\/www.facebook.com\/profile.php?id=100090733639311","https:\/\/x.com\/talkpalai","https:\/\/www.linkedin.com\/company\/talkpal\/","https:\/\/www.youtube.com\/@TalkPal\/","https:\/\/www.tiktok.com\/@talkpal","https:\/\/www.instagram.com\/talkpal_ai\/","https:\/\/www.crunchbase.com\/organization\/talkpal-9cde","https:\/\/www.g2.com\/products\/talkpal-for-business\/","https:\/\/www.trustpilot.com\/review\/talkpal.ai","https:\/\/www.capterra.com\/p\/10006800\/TalkPal\/"],"description":"Talkpal is a language learning web and mobile education app, powered by the latest AI technologies, that provides engaging experiences to its customers in many different languages to help them improve their language skills. Users can chat about unlimited amount of topics with the app and use other modes to practice their language learning.","email":"support@talkpal.ai","legalName":"Talkpal, Inc.","foundingDate":"2023-04-03","duns":"118989042","numberOfEmployees":{"@type":"QuantitativeValue","minValue":"11","maxValue":"50"},"publishingPrinciples":"https:\/\/talkpal.ai\/publishing-principles\/","actionableFeedbackPolicy":"https:\/\/talkpal.ai\/actionable-feedback-policy\/","correctionsPolicy":"https:\/\/talkpal.ai\/corrections-policy\/","ethicsPolicy":"https:\/\/talkpal.ai\/ethics-policy\/","diversityPolicy":"https:\/\/talkpal.ai\/diversity-policy\/","diversityStaffingReport":"https:\/\/talkpal.ai\/diversity-policy\/"}]}},"_links":{"self":[{"href":"https:\/\/talkpal.ai\/lv\/wp-json\/wp\/v2\/pages\/1468151","targetHints":{"allow":["GET"]}}],"collection":[{"href":"https:\/\/talkpal.ai\/lv\/wp-json\/wp\/v2\/pages"}],"about":[{"href":"https:\/\/talkpal.ai\/lv\/wp-json\/wp\/v2\/types\/page"}],"author":[{"embeddable":true,"href":"https:\/\/talkpal.ai\/lv\/wp-json\/wp\/v2\/users\/20"}],"replies":[{"embeddable":true,"href":"https:\/\/talkpal.ai\/lv\/wp-json\/wp\/v2\/comments?post=1468151"}],"version-history":[{"count":0,"href":"https:\/\/talkpal.ai\/lv\/wp-json\/wp\/v2\/pages\/1468151\/revisions"}],"wp:attachment":[{"href":"https:\/\/talkpal.ai\/lv\/wp-json\/wp\/v2\/media?parent=1468151"}],"curies":[{"name":"wp","href":"https:\/\/api.w.org\/{rel}","templated":true}]}}