{"id":1468035,"date":"2025-11-12T15:57:04","date_gmt":"2025-11-12T15:57:04","guid":{"rendered":"https:\/\/talkpal.ai\/mongolu-gramatika\/"},"modified":"2025-12-30T13:41:52","modified_gmt":"2025-12-30T13:41:52","slug":"mongolu-gramatika","status":"publish","type":"page","link":"https:\/\/talkpal.ai\/lv\/mongolu-gramatika\/","title":{"rendered":"Mongo\u013cu gramatika"},"content":{"rendered":"\r\n\r\n\r\n<section class=\"languageChallengeSection\">\r\n    <div class=\"languageInfoWrapper\">\r\n        \r\n        <h1>Mongo\u013cu gramatika<\/h1>\r\n        <p><a href=\"https:\/\/talkpal.ai\/learn-mongolian\/\">Mongo\u013cu<\/a> <a href=\"https:\/\/talkpal.ai\/what-language-is-spoken-on-the-international-space-station\/\">valodas<\/a> gramatika s\u0101kum\u0101 var \u0161\u0137ist izaicino\u0161s, ta\u010du t\u0101s unik\u0101l\u0101s iez\u012bmes padara valodas apguvi par atalgojo\u0161u pieredzi. Izp\u0113tot t\u0101s alfab\u0113tu, mut\u0101cijas un gramatikas noteikumus, j\u016bs g\u016bsiet ieskatu bag\u0101t\u0101 valodas trad\u012bcij\u0101. S\u0101ciet savu ce\u013cojumu un atkl\u0101jiet mongo\u013cu skaistumu!<\/p>\r\n\r\n                            <a class=\"getStartedHidden\" href=\"https:\/\/app.talkpal.ai\/lv\/signup?lng=\">S\u0101c<\/a>\r\n        \r\n    <\/div>\r\n\r\n    <figure>\r\n    <img decoding=\"async\" width=\"768\" height=\"768\" src=\"https:\/\/talkpal.ai\/wp-content\/uploads\/2023\/06\/welsh-768x768.png\" class=\"languageImage no-lazy\" alt=\"Language learning for better cognitive abilities\" fetchpriority=\"high\" sizes=\"(max-width: 768px) 150px, 768px\" srcset=\"https:\/\/talkpal.ai\/wp-content\/uploads\/2023\/06\/welsh-768x768.png 768w, https:\/\/talkpal.ai\/wp-content\/uploads\/2023\/06\/welsh-300x300.png 300w\" \/>\r\n    \r\n\r\n    <\/figure>\r\n\r\n            <a class=\"getStartedVisible\" href=\"https:\/\/app.talkpal.ai\/lv\/signup?lng=\">S\u0101c<\/a>\r\n    \r\n<\/section><section class=\"promotionalBanner\">\r\n    <p class=\"promotionalText\">Visefekt\u012bv\u0101kais <a href=\"https:\/\/talkpal.ai\/best-way-to-learn\/\">veids<\/a>, k\u0101 apg\u016bt valodu<\/p>\r\n    <a class=\"promotionalLink\" href=\"https:\/\/app.talkpal.ai\/lv\/signup?lng=\">Izm\u0113\u0123iniet Talkpal bez maksas<\/a>\r\n<\/section>\n<div class=\"wp-block-group pageContainerStyle\"><div class=\"wp-block-group__inner-container is-layout-constrained wp-block-group-is-layout-constrained\">\n<h2 class=\"wp-block-heading\" id=\"h-navigating-the-intricacies-of-mongolian-grammar\">Navig\u0101cija mongo\u013cu gramatikas sare\u017e\u0123\u012bjumos<\/h2>\n\n\n\n<p><a href=\"https:\/\/talkpal.ai\/lv\/macities-mongolu-valodu\/\">Mongo\u013cu valoda<\/a> ar bag\u0101tu v\u0113sturi un kult\u016bras noz\u012bmi pied\u0101v\u0101 aizraujo\u0161u lingvistisko pieredzi tiem, kas v\u0113las izp\u0113t\u012bt t\u0101s unik\u0101lo gramatikas sist\u0113mu. Dodoties mongo\u013cu valst\u012bb\u0101, j\u016bs ne tikai bag\u0101tin\u0101siet savu valodu repertu\u0101ru, bet ar\u012b iesaist\u012bsieties aizraujo\u0161\u0101 kult\u016bras ce\u013cojum\u0101. Lai gan <a href=\"https:\/\/talkpal.ai\/mongolian-grammar\/\">mongo\u013cu gramatika<\/a> s\u0101kum\u0101 var \u0161\u0137ist sare\u017e\u0123\u012bta, t\u0101s sadal\u012b\u0161ana galvenaj\u0101s sast\u0101vda\u013c\u0101s padara valodas apguvi pieejam\u0101ku. \u0160aj\u0101 rakst\u0101 m\u0113s izp\u0113t\u012bsim valdzino\u0161o mongo\u013cu gramatikas pasauli un sniegsim padomus, k\u0101 apg\u016bt t\u0101s sare\u017e\u0123\u012bt\u012bbu.<\/p>\n\n\n\n<h3 class=\"wp-block-heading\" id=\"h-1-mongolian-alphabet-and-phonetics\">1. Mongo\u013cu alfab\u0113ts un fon\u0113tika<\/h3>\n\n\n\n<p>M\u016bsdienu Mongolij\u0101 izmantotais mongo\u013cu alfab\u0113ts ir kirilica un sast\u0101v no 35 burtiem, ieskaitot valodai unik\u0101las rakstz\u012bmes, piem\u0113ram, \u04e8 \u04e9 un \u04ae \u04af. Iek\u0161\u0113j\u0101 Mongolij\u0101 tiek izmantota ar\u012b tradicion\u0101l\u0101 vertik\u0101l\u0101 mongo\u013cu rakst\u012bba. Lai apg\u016btu mongo\u013cu gramatiku, ir svar\u012bgi iepaz\u012bties ar \u0161\u012bm rakst\u012b\u0161anas sist\u0113m\u0101m, praktiz\u0113jot las\u012b\u0161anu un rakst\u012b\u0161anu mongo\u013cu valod\u0101.<\/p>\n\n\n\n<h3 class=\"wp-block-heading\" id=\"h-2-vowel-harmony-a-peculiar-mongolian-feature\">2. Patska\u0146u harmonija: savdab\u012bga mongo\u013cu iez\u012bme<\/h3>\n\n\n\n<p>Viens no p\u0101rsteidzo\u0161\u0101kajiem mongo\u013cu gramatikas aspektiem ir patska\u0146u harmonija, kas regul\u0113, k\u0101 sufiksi main\u0101s, lai atbilstu saknes patska\u0146iem. Sufiksi parasti ir priek\u0161\u0113jo un aizmugur\u0113jo patska\u0146u variantos, un da\u017ei l\u012bdzska\u0146i vai patska\u0146i sufiksos main\u0101s, pamatojoties uz fonolo\u0123isko kontekstu. Izpratne, kad un k\u0101 notiek \u0161\u012bs harmonijas un mai\u0146as, ir \u013coti svar\u012bga prec\u012bzai sazi\u0146ai mongo\u013cu valod\u0101.<\/p>\n\n\n\n<h3 class=\"wp-block-heading\" id=\"h-3-nouns-and-pronouns-gender-and-cases\">3. Lietv\u0101rdi un vietniekv\u0101rdi: dzimums un gad\u012bjumi<\/h3>\n\n\n\n<p>Mongo\u013cu lietv\u0101rdiem nav gramatisk\u0101s dzimtes, bet tie izmanto bag\u0101t\u012bgu gad\u012bjumu galot\u0146u kopumu, lai atz\u012bm\u0113tu t\u0101das attiec\u012bbas k\u0101 vald\u012bjums, virziens, atra\u0161an\u0101s vieta un instruments. Daudzskait\u013ca veidojums at\u0161\u0137iras, parasti lietojot -\u0443\u0443\u0434 vai -\u04af\u04af\u0434 atbilsto\u0161i patska\u0146u harmonijai, un -\u043d\u0430\u0440 bie\u017ei tiek izmantots cilv\u0113kiem. Vietniekv\u0101rdi mongo\u013cu valod\u0101 ietver personiskus, piedero\u0161us, refleks\u012bvus, demonstrat\u012bvus un jaut\u0101juma vietniekv\u0101rdus. Iepaz\u012b\u0161an\u0101s ar \u0161iem vietniekv\u0101rdiem un to form\u0101m iev\u0113rojami uzlabos j\u016bsu izpratni par mongo\u013cu gramatiku.<\/p>\n\n\n\n<h3 class=\"wp-block-heading\" id=\"h-4-verbs-structure-and-conjugation\">4. Darb\u012bbas v\u0101rdi: strukt\u016bra un konjug\u0101cija<\/h3>\n\n\n\n<p>Mongo\u013cu darb\u012bbas v\u0101rdi veido laiku, aspektu, noska\u0146ojumu un pier\u0101d\u012bjumu, izmantojot sufiksus, nevis pla\u0161u personas vieno\u0161anos. B\u016btiskas ierobe\u017eotas formas ir -\u043d\u0430 ne-pag\u0101tnei, -\u0441\u0430\u043d vai -\u0441\u044d\u043d pag\u0101tnei un -\u0434\u0430\u0433 vai -\u0434\u044d\u0433 parastajam, ar progres\u012bvu aspektu, kas parasti izteikts ar \u0431\u0430\u0439\u043d\u0430 konstrukcij\u0101m. Valod\u0101 tiek izmantotas ar\u012b nosac\u012btas, imperat\u012bvas un hortat\u012bvas formas. Darb\u012bbas v\u0101rdu veido\u0161anas noteikumu un pal\u012bgmode\u013cu apg\u016b\u0161ana uzlabos j\u016bsu sp\u0113ju efekt\u012bvi sazin\u0101ties mongo\u013cu valod\u0101.<\/p>\n\n\n\n<h3 class=\"wp-block-heading\" id=\"h-5-adjectives-agreement-and-placement\">5. \u012apa\u0161\u012bbas v\u0101rdi: vieno\u0161an\u0101s un izvietojums<\/h3>\n\n\n\n<p>Mongo\u013cu gramatik\u0101 \u012bpa\u0161\u012bbas v\u0101rdi parasti ir pirms lietv\u0101rda, ko tie modific\u0113, un nesakr\u012bt ar lietv\u0101rdu skaitu vai dzimumu. Sal\u012bdzin\u0101jums bie\u017ei tiek izteikts anal\u012btiski, izmantojot \u0438\u043b\u04af\u04af sal\u012bdzino\u0161ajam un \u0445\u0430\u043c\u0433\u0438\u0439\u043d superlat\u012bvam, kas ir b\u016btiski, lai iem\u0101c\u012btos sazin\u0101ties dabisk\u0101k.<\/p>\n\n\n\n<p><strong>Piem\u0113ri:<\/strong><\/p>\n\n\n\n<p><strong>\u2013 \u0438\u0445 \u0445\u0430\u0439\u0440 (liela m\u012blest\u012bba)  <\/strong><\/p>\n\n\n\n<p><strong>&#8211; \u0436\u0438\u0436\u0438\u0433 \u0445\u04af\u04af\u0445\u0434\u04af\u04af\u04af\u0434 (mazi b\u0113rni)<\/strong><\/p>\n\n\n\n<h3 class=\"wp-block-heading\" id=\"h-6-engaging-with-the-language\">6. Iesaist\u012b\u0161an\u0101s valod\u0101<\/h3>\n\n\n\n<p>Visefekt\u012bv\u0101kais veids, k\u0101 piln\u012bb\u0101 izprast un internaliz\u0113t mongo\u013cu gramatiku, ir konsekventi iesaist\u012bties valod\u0101. Lasot mongo\u013cu literat\u016bru, skatoties mongo\u013cu filmas vai telev\u012bzijas seri\u0101lus un akt\u012bvi sazinoties ar dzimt\u0101 valoda, j\u016bs nostiprin\u0101siet savu izpratni par gramatiku, vienlaikus papla\u0161inot v\u0101rdu kr\u0101jumu.<\/p>\n\n\n\n<h3 class=\"wp-block-heading\" id=\"h-conclusion\">Secin\u0101jums<\/h3>\n\n\n\n<p>Lai gan mongo\u013cu gramatika var \u0161\u0137ist sare\u017e\u0123\u012bta, j\u016bs varat apg\u016bt \u0161o skaisto valodu ar cent\u012bbu, praksi un entuziasmu. Koncentr\u0113joties uz pamatnoteikumiem un iesaistoties valod\u0101 da\u017e\u0101dos kontekstos, j\u016bs \u0101tri uzlabosiet savas mongo\u013cu valodas <a href=\"https:\/\/talkpal.ai\/lv\/gramatika\/\">gramatikas prasmes<\/a>. \u0410\u043c\u0436\u0438\u043b\u0442 \u0445\u04af\u0441\u044c\u0435 (veiksmi) sav\u0101 mongo\u013cu valodas ce\u013cojum\u0101 un izbaudiet m\u012bklaino, bet valdzino\u0161o mongo\u013cu gramatikas pasauli!<\/p>\n<\/div><\/div>\n\r\n<section class=\"learnNavigationSection\">\r\n            \r\n        <a href=\"https:\/\/talkpal.ai\/lv\/macities-mongolu-valodu\/\">\r\n            <div class=\"learnNavigationWrapper\">\r\n                <div class=\"learnNavigationContent\">\r\n                    <img decoding=\"async\" src=\"https:\/\/talkpal.ai\/wp-content\/uploads\/2025\/11\/Mongolian.png\" alt=\"Mongolian Flag\">\r\n                    <div>\r\n                        <h4>Par mongo\u013cu m\u0101c\u012b\u0161anos<\/h4>\r\n                        <p>Uzziniet visu par mongo\u013cu gramatiku.<\/p>\r\n                    <\/div>\r\n                <\/div>\r\n            <\/div>\r\n        <\/a>\r\n\r\n        \r\n        <a href=\"https:\/\/talkpal.ai\/lv\/mongolu-gramatikas-vingrinajumi\/\">\r\n            <div class=\"learnNavigationWrapper\">\r\n                <div class=\"learnNavigationContent\">\r\n                    <img decoding=\"async\" src=\"https:\/\/talkpal.ai\/wp-content\/uploads\/2025\/11\/Mongolian.png\" alt=\"Mongolian Flag\">\r\n                    <div>\r\n                        <h4>Mongo\u013cu gramatikas vingrin\u0101jums<\/h4>\r\n                        <p>Praktiz\u0113jiet mongo\u013cu gramatiku.<\/p>\r\n                    <\/div>\r\n                <\/div>\r\n            <\/div>\r\n        <\/a>\r\n\r\n            <\/section>","protected":false},"excerpt":{"rendered":"<p>Navig\u0101cija mongo\u013cu gramatikas sare\u017e\u0123\u012bjumos Mongo\u013cu valoda ar bag\u0101tu v\u0113sturi un kult\u016bras noz\u012bmi pied\u0101v\u0101 aizraujo\u0161u lingvistisko pieredzi tiem, kas v\u0113las izp\u0113t\u012bt t\u0101s unik\u0101lo gramatikas sist\u0113mu. Dodoties mongo\u013cu valst\u012bb\u0101, j\u016bs ne tikai bag\u0101tin\u0101siet savu valodu repertu\u0101ru, bet ar\u012b iesaist\u012bsieties aizraujo\u0161\u0101 kult\u016bras ce\u013cojum\u0101. Lai gan mongo\u013cu gramatika s\u0101kum\u0101 var \u0161\u0137ist sare\u017e\u0123\u012bta, t\u0101s sadal\u012b\u0161ana galvenaj\u0101s sast\u0101vda\u013c\u0101s padara valodas apguvi [&hellip;]<\/p>\n","protected":false},"author":20,"featured_media":0,"parent":0,"menu_order":0,"comment_status":"closed","ping_status":"closed","template":"LearningContentPage.php","meta":{"_acf_changed":false,"footnotes":""},"class_list":["post-1468035","page","type-page","status-publish","hentry"],"acf":[],"yoast_head":"<!-- This site is optimized with the Yoast SEO Premium plugin v27.2 (Yoast SEO v27.2) - https:\/\/yoast.com\/product\/yoast-seo-premium-wordpress\/ -->\n<title>Mongo\u013cu gramatika - Talkpal<\/title>\n<meta name=\"description\" content=\"Apg\u016bstiet mongo\u013cu valodas gramatikas noteikumus, tostarp patska\u0146u harmoniju un darb\u012bbas v\u0101rdu konjug\u0101ciju, izmantojot Talkpal AI visaptvero\u0161o valodas m\u0101c\u012bbu rokasgr\u0101matu.\" \/>\n<meta name=\"robots\" content=\"index, follow, max-snippet:-1, max-image-preview:large, max-video-preview:-1\" \/>\n<link rel=\"canonical\" href=\"https:\/\/talkpal.ai\/lv\/mongolu-gramatika\/\" \/>\n<meta property=\"og:locale\" content=\"lv_LV\" \/>\n<meta property=\"og:type\" content=\"article\" \/>\n<meta property=\"og:title\" content=\"Mongo\u013cu gramatika\" \/>\n<meta property=\"og:description\" content=\"Navig\u0101cija mongo\u013cu gramatikas sare\u017e\u0123\u012bjumos Mongo\u013cu valoda ar bag\u0101tu v\u0113sturi un kult\u016bras noz\u012bmi pied\u0101v\u0101 aizraujo\u0161u lingvistisko pieredzi tiem, kas v\u0113las\" \/>\n<meta property=\"og:url\" content=\"https:\/\/talkpal.ai\/lv\/mongolu-gramatika\/\" \/>\n<meta property=\"og:site_name\" content=\"Talkpal\" \/>\n<meta property=\"article:publisher\" content=\"https:\/\/www.facebook.com\/profile.php?id=100090733639311\" \/>\n<meta property=\"article:modified_time\" content=\"2025-12-30T13:41:52+00:00\" \/>\n<meta property=\"og:image\" content=\"https:\/\/talkpal.ai\/wp-content\/uploads\/2025\/02\/Progress-tab-16_9.png\" \/>\n\t<meta property=\"og:image:width\" content=\"2880\" \/>\n\t<meta property=\"og:image:height\" content=\"1620\" \/>\n\t<meta property=\"og:image:type\" content=\"image\/png\" \/>\n<meta name=\"twitter:card\" content=\"summary_large_image\" \/>\n<meta name=\"twitter:site\" content=\"@talkpalai\" \/>\n<meta name=\"twitter:label1\" content=\"Est. reading time\" \/>\n\t<meta name=\"twitter:data1\" content=\"3 minutes\" \/>\n<script type=\"application\/ld+json\" class=\"yoast-schema-graph\">{\"@context\":\"https:\/\/schema.org\",\"@graph\":[{\"@type\":\"WebPage\",\"@id\":\"https:\/\/talkpal.ai\/lv\/mongolu-gramatika\/\",\"url\":\"https:\/\/talkpal.ai\/lv\/mongolu-gramatika\/\",\"name\":\"Mongo\u013cu gramatika - Talkpal\",\"isPartOf\":{\"@id\":\"https:\/\/talkpal.ai\/lv\/#website\"},\"datePublished\":\"2025-11-12T15:57:04+00:00\",\"dateModified\":\"2025-12-30T13:41:52+00:00\",\"description\":\"Apg\u016bstiet mongo\u013cu valodas gramatikas noteikumus, tostarp patska\u0146u harmoniju un darb\u012bbas v\u0101rdu konjug\u0101ciju, izmantojot Talkpal AI visaptvero\u0161o valodas m\u0101c\u012bbu rokasgr\u0101matu.\",\"breadcrumb\":{\"@id\":\"https:\/\/talkpal.ai\/lv\/mongolu-gramatika\/#breadcrumb\"},\"inLanguage\":\"lv-LV\",\"potentialAction\":[{\"@type\":\"ReadAction\",\"target\":[\"https:\/\/talkpal.ai\/lv\/mongolu-gramatika\/\"]}]},{\"@type\":\"BreadcrumbList\",\"@id\":\"https:\/\/talkpal.ai\/lv\/mongolu-gramatika\/#breadcrumb\",\"itemListElement\":[{\"@type\":\"ListItem\",\"position\":1,\"name\":\"Homepage\",\"item\":\"https:\/\/talkpal.ai\/lv\/\"},{\"@type\":\"ListItem\",\"position\":2,\"name\":\"Mongo\u013cu gramatika\"}]},{\"@type\":\"WebSite\",\"@id\":\"https:\/\/talkpal.ai\/lv\/#website\",\"url\":\"https:\/\/talkpal.ai\/lv\/\",\"name\":\"Talkpal\",\"description\":\"AI Language Learning\",\"publisher\":{\"@id\":\"https:\/\/talkpal.ai\/lv\/#organization\"},\"alternateName\":\"Talkpal AI\",\"potentialAction\":[{\"@type\":\"SearchAction\",\"target\":{\"@type\":\"EntryPoint\",\"urlTemplate\":\"https:\/\/talkpal.ai\/lv\/?s={search_term_string}\"},\"query-input\":{\"@type\":\"PropertyValueSpecification\",\"valueRequired\":true,\"valueName\":\"search_term_string\"}}],\"inLanguage\":\"lv-LV\"},{\"@type\":\"Organization\",\"@id\":\"https:\/\/talkpal.ai\/lv\/#organization\",\"name\":\"Talkpal, Inc.\",\"alternateName\":\"Talkpal AI\",\"url\":\"https:\/\/talkpal.ai\/lv\/\",\"logo\":{\"@type\":\"ImageObject\",\"inLanguage\":\"lv-LV\",\"@id\":\"https:\/\/talkpal.ai\/lv\/#\/schema\/logo\/image\/\",\"url\":\"https:\/\/talkpal.ai\/wp-content\/uploads\/2024\/03\/Talkpal-Logo-Icon.png\",\"contentUrl\":\"https:\/\/talkpal.ai\/wp-content\/uploads\/2024\/03\/Talkpal-Logo-Icon.png\",\"width\":2880,\"height\":2880,\"caption\":\"Talkpal, Inc.\"},\"image\":{\"@id\":\"https:\/\/talkpal.ai\/lv\/#\/schema\/logo\/image\/\"},\"sameAs\":[\"https:\/\/www.facebook.com\/profile.php?id=100090733639311\",\"https:\/\/x.com\/talkpalai\",\"https:\/\/www.linkedin.com\/company\/talkpal\/\",\"https:\/\/www.youtube.com\/@TalkPal\/\",\"https:\/\/www.tiktok.com\/@talkpal\",\"https:\/\/www.instagram.com\/talkpal_ai\/\",\"https:\/\/www.crunchbase.com\/organization\/talkpal-9cde\",\"https:\/\/www.g2.com\/products\/talkpal-for-business\/\",\"https:\/\/www.trustpilot.com\/review\/talkpal.ai\",\"https:\/\/www.capterra.com\/p\/10006800\/TalkPal\/\"],\"description\":\"Talkpal is a language learning web and mobile education app, powered by the latest AI technologies, that provides engaging experiences to its customers in many different languages to help them improve their language skills. Users can chat about unlimited amount of topics with the app and use other modes to practice their language learning.\",\"email\":\"support@talkpal.ai\",\"legalName\":\"Talkpal, Inc.\",\"foundingDate\":\"2023-04-03\",\"duns\":\"118989042\",\"numberOfEmployees\":{\"@type\":\"QuantitativeValue\",\"minValue\":\"11\",\"maxValue\":\"50\"},\"publishingPrinciples\":\"https:\/\/talkpal.ai\/publishing-principles\/\",\"actionableFeedbackPolicy\":\"https:\/\/talkpal.ai\/actionable-feedback-policy\/\",\"correctionsPolicy\":\"https:\/\/talkpal.ai\/corrections-policy\/\",\"ethicsPolicy\":\"https:\/\/talkpal.ai\/ethics-policy\/\",\"diversityPolicy\":\"https:\/\/talkpal.ai\/diversity-policy\/\",\"diversityStaffingReport\":\"https:\/\/talkpal.ai\/diversity-policy\/\"}]}<\/script>\n<!-- \/ Yoast SEO Premium plugin. -->","yoast_head_json":{"title":"Mongo\u013cu gramatika - Talkpal","description":"Apg\u016bstiet mongo\u013cu valodas gramatikas noteikumus, tostarp patska\u0146u harmoniju un darb\u012bbas v\u0101rdu konjug\u0101ciju, izmantojot Talkpal AI visaptvero\u0161o valodas m\u0101c\u012bbu rokasgr\u0101matu.","robots":{"index":"index","follow":"follow","max-snippet":"max-snippet:-1","max-image-preview":"max-image-preview:large","max-video-preview":"max-video-preview:-1"},"canonical":"https:\/\/talkpal.ai\/lv\/mongolu-gramatika\/","og_locale":"lv_LV","og_type":"article","og_title":"Mongo\u013cu gramatika","og_description":"Navig\u0101cija mongo\u013cu gramatikas sare\u017e\u0123\u012bjumos Mongo\u013cu valoda ar bag\u0101tu v\u0113sturi un kult\u016bras noz\u012bmi pied\u0101v\u0101 aizraujo\u0161u lingvistisko pieredzi tiem, kas v\u0113las","og_url":"https:\/\/talkpal.ai\/lv\/mongolu-gramatika\/","og_site_name":"Talkpal","article_publisher":"https:\/\/www.facebook.com\/profile.php?id=100090733639311","article_modified_time":"2025-12-30T13:41:52+00:00","og_image":[{"width":2880,"height":1620,"url":"https:\/\/talkpal.ai\/wp-content\/uploads\/2025\/02\/Progress-tab-16_9.png","type":"image\/png"}],"twitter_card":"summary_large_image","twitter_site":"@talkpalai","twitter_misc":{"Est. reading time":"3 minutes"},"schema":{"@context":"https:\/\/schema.org","@graph":[{"@type":"WebPage","@id":"https:\/\/talkpal.ai\/lv\/mongolu-gramatika\/","url":"https:\/\/talkpal.ai\/lv\/mongolu-gramatika\/","name":"Mongo\u013cu gramatika - Talkpal","isPartOf":{"@id":"https:\/\/talkpal.ai\/lv\/#website"},"datePublished":"2025-11-12T15:57:04+00:00","dateModified":"2025-12-30T13:41:52+00:00","description":"Apg\u016bstiet mongo\u013cu valodas gramatikas noteikumus, tostarp patska\u0146u harmoniju un darb\u012bbas v\u0101rdu konjug\u0101ciju, izmantojot Talkpal AI visaptvero\u0161o valodas m\u0101c\u012bbu rokasgr\u0101matu.","breadcrumb":{"@id":"https:\/\/talkpal.ai\/lv\/mongolu-gramatika\/#breadcrumb"},"inLanguage":"lv-LV","potentialAction":[{"@type":"ReadAction","target":["https:\/\/talkpal.ai\/lv\/mongolu-gramatika\/"]}]},{"@type":"BreadcrumbList","@id":"https:\/\/talkpal.ai\/lv\/mongolu-gramatika\/#breadcrumb","itemListElement":[{"@type":"ListItem","position":1,"name":"Homepage","item":"https:\/\/talkpal.ai\/lv\/"},{"@type":"ListItem","position":2,"name":"Mongo\u013cu gramatika"}]},{"@type":"WebSite","@id":"https:\/\/talkpal.ai\/lv\/#website","url":"https:\/\/talkpal.ai\/lv\/","name":"Talkpal","description":"AI Language Learning","publisher":{"@id":"https:\/\/talkpal.ai\/lv\/#organization"},"alternateName":"Talkpal AI","potentialAction":[{"@type":"SearchAction","target":{"@type":"EntryPoint","urlTemplate":"https:\/\/talkpal.ai\/lv\/?s={search_term_string}"},"query-input":{"@type":"PropertyValueSpecification","valueRequired":true,"valueName":"search_term_string"}}],"inLanguage":"lv-LV"},{"@type":"Organization","@id":"https:\/\/talkpal.ai\/lv\/#organization","name":"Talkpal, Inc.","alternateName":"Talkpal AI","url":"https:\/\/talkpal.ai\/lv\/","logo":{"@type":"ImageObject","inLanguage":"lv-LV","@id":"https:\/\/talkpal.ai\/lv\/#\/schema\/logo\/image\/","url":"https:\/\/talkpal.ai\/wp-content\/uploads\/2024\/03\/Talkpal-Logo-Icon.png","contentUrl":"https:\/\/talkpal.ai\/wp-content\/uploads\/2024\/03\/Talkpal-Logo-Icon.png","width":2880,"height":2880,"caption":"Talkpal, Inc."},"image":{"@id":"https:\/\/talkpal.ai\/lv\/#\/schema\/logo\/image\/"},"sameAs":["https:\/\/www.facebook.com\/profile.php?id=100090733639311","https:\/\/x.com\/talkpalai","https:\/\/www.linkedin.com\/company\/talkpal\/","https:\/\/www.youtube.com\/@TalkPal\/","https:\/\/www.tiktok.com\/@talkpal","https:\/\/www.instagram.com\/talkpal_ai\/","https:\/\/www.crunchbase.com\/organization\/talkpal-9cde","https:\/\/www.g2.com\/products\/talkpal-for-business\/","https:\/\/www.trustpilot.com\/review\/talkpal.ai","https:\/\/www.capterra.com\/p\/10006800\/TalkPal\/"],"description":"Talkpal is a language learning web and mobile education app, powered by the latest AI technologies, that provides engaging experiences to its customers in many different languages to help them improve their language skills. Users can chat about unlimited amount of topics with the app and use other modes to practice their language learning.","email":"support@talkpal.ai","legalName":"Talkpal, Inc.","foundingDate":"2023-04-03","duns":"118989042","numberOfEmployees":{"@type":"QuantitativeValue","minValue":"11","maxValue":"50"},"publishingPrinciples":"https:\/\/talkpal.ai\/publishing-principles\/","actionableFeedbackPolicy":"https:\/\/talkpal.ai\/actionable-feedback-policy\/","correctionsPolicy":"https:\/\/talkpal.ai\/corrections-policy\/","ethicsPolicy":"https:\/\/talkpal.ai\/ethics-policy\/","diversityPolicy":"https:\/\/talkpal.ai\/diversity-policy\/","diversityStaffingReport":"https:\/\/talkpal.ai\/diversity-policy\/"}]}},"_links":{"self":[{"href":"https:\/\/talkpal.ai\/lv\/wp-json\/wp\/v2\/pages\/1468035","targetHints":{"allow":["GET"]}}],"collection":[{"href":"https:\/\/talkpal.ai\/lv\/wp-json\/wp\/v2\/pages"}],"about":[{"href":"https:\/\/talkpal.ai\/lv\/wp-json\/wp\/v2\/types\/page"}],"author":[{"embeddable":true,"href":"https:\/\/talkpal.ai\/lv\/wp-json\/wp\/v2\/users\/20"}],"replies":[{"embeddable":true,"href":"https:\/\/talkpal.ai\/lv\/wp-json\/wp\/v2\/comments?post=1468035"}],"version-history":[{"count":0,"href":"https:\/\/talkpal.ai\/lv\/wp-json\/wp\/v2\/pages\/1468035\/revisions"}],"wp:attachment":[{"href":"https:\/\/talkpal.ai\/lv\/wp-json\/wp\/v2\/media?parent=1468035"}],"curies":[{"name":"wp","href":"https:\/\/api.w.org\/{rel}","templated":true}]}}