{"id":146567,"date":"2023-05-14T14:11:00","date_gmt":"2023-05-14T14:11:00","guid":{"rendered":"http:\/\/talkpal.ai\/kazahstanas-gramatika\/"},"modified":"2025-12-17T16:58:58","modified_gmt":"2025-12-17T16:58:58","slug":"kazahstanas-gramatika","status":"publish","type":"page","link":"https:\/\/talkpal.ai\/lv\/kazahstanas-gramatika\/","title":{"rendered":"Kazahst\u0101nas gramatika"},"content":{"rendered":"\r\n\r\n\r\n<section class=\"languageChallengeSection\">\r\n    <div class=\"languageInfoWrapper\">\r\n        \r\n        <h1>Kazahst\u0101nas gramatika<\/h1>\r\n        <p>Kazahu <a href=\"https:\/\/talkpal.ai\/what-language-is-spoken-on-the-international-space-station\/\">valodas<\/a> apguve paver durvis uz valodu ar bag\u0101tu v\u0113sturi un kult\u016bru, un t\u0101s pamat\u0101 ir aizraujo\u0161a gramatikas sist\u0113ma. Lai gan s\u0101kum\u0101 kazahu valodas gramatika var \u0161\u0137ist sare\u017e\u0123\u012bta, t\u0101s galveno iez\u012bmju &#8211; patska\u0146u harmonijas, lietv\u0101rdu loc\u012bjumu un darb\u012bbas v\u0101rdu laiku &#8211; izpratne padara valodas apguvi gan sasniedzamu, gan lietder\u012bgu. Iegremd\u0113jieties un atkl\u0101jiet, kas padara <a href=\"https:\/\/talkpal.ai\/lv\/uzziniet-kazahu-valodu\/\">kazahu valodu<\/a> unik\u0101lu!<\/p>\r\n\r\n                            <a class=\"getStartedHidden\" href=\"https:\/\/app.talkpal.ai\/lv\/signup?lng=\">S\u0101c<\/a>\r\n        \r\n    <\/div>\r\n\r\n    <figure>\r\n    <img decoding=\"async\" width=\"768\" height=\"768\" src=\"https:\/\/talkpal.ai\/wp-content\/uploads\/2023\/06\/Khazak-768x768.png\" class=\"languageImage no-lazy\" alt=\"Language learning for increased negotiation skills\" fetchpriority=\"high\" sizes=\"(max-width: 768px) 150px, 768px\" srcset=\"https:\/\/talkpal.ai\/wp-content\/uploads\/2023\/06\/Khazak-768x768.png 768w, https:\/\/talkpal.ai\/wp-content\/uploads\/2023\/06\/Khazak-300x300.png 300w\" \/>\r\n    \r\n\r\n    <\/figure>\r\n\r\n            <a class=\"getStartedVisible\" href=\"https:\/\/app.talkpal.ai\/lv\/signup?lng=\">S\u0101c<\/a>\r\n    \r\n<\/section>\r\n<section class=\"promotionalBanner\">\r\n    <p class=\"promotionalText\">Visefekt\u012bv\u0101kais veids, k\u0101 apg\u016bt valodu<\/p>\r\n    <a class=\"promotionalLink\" href=\"https:\/\/app.talkpal.ai\/lv\/signup?lng=\">Izm\u0113\u0123iniet Talkpal bez maksas<\/a>\r\n<\/section>\n<div class=\"wp-block-group pageContainerStyle\"><div class=\"wp-block-group__inner-container is-layout-constrained wp-block-group-is-layout-constrained\">\n<h2 class=\"wp-block-heading\" id=\"h-kazakh-grammar-unlocking-the-secrets-of-the-kazakh-language\">Kazahst\u0101nas gramatika: Kazahst\u0101nas valodas nosl\u0113pumu atblo\u0137\u0113\u0161ana<\/h2>\n\n\n\n<p>Kad runa ir par kazahu valodas apguvi, <a href=\"https:\/\/talkpal.ai\/learn-kazakh\/\">Kazahst\u0101nas<\/a> gramatikas pamatu izpratne ir b\u016btiska, lai atkl\u0101tu t\u0101s nosl\u0113pumus. Lai gan s\u0101kum\u0101 tas var \u0161\u0137ist bied\u0113jo\u0161i, gramatikas sist\u0113ma lepojas ar unik\u0101l\u0101m iez\u012bm\u0113m, kas padara valodu aizraujo\u0161u. \u0160aj\u0101 rakst\u0101 m\u0113\u0123in\u0101ts izgaismot kazahu valodas gramatikas galvenos aspektus, sniedzot sarunvalodas un neform\u0101lu ievadu valodas bag\u0101t\u012bgaj\u0101 strukt\u016br\u0101.<\/p>\n\n\n\n<h3 class=\"wp-block-heading\" id=\"h-1-nouns-harmony-in-cases-and-declensions\">1. Lietv\u0101rdi \u2013 harmonija liet\u0101s un deklam\u0101cij\u0101s<\/h3>\n\n\n\n<p>Viena no pirmaj\u0101m liet\u0101m, kas j\u0101\u0146em v\u0113r\u0101 kazahu valodas gramatik\u0101, ir lietv\u0101rda strukt\u016bra. Valod\u0101 tiek izmantota patska\u0146u harmonijas sist\u0113ma, kur patska\u0146i ir vai nu priek\u0161\u0101, vai aizmugur\u0113, un priek\u0161roka tiek dota harmonisk\u0101m kombin\u0101cij\u0101m. \u0160\u012b sist\u0113ma saist\u0101s ar lietv\u0101rdu daudzskait\u013ciem, kas veidojas, izmantojot da\u017e\u0101dus sufiksus, kas atbilst s\u0101kotn\u0113j\u0101 lietv\u0101rda harmoniskajai grupai.<\/p>\n\n\n\n<p>Kazahst\u0101nas lietv\u0101rdi atbilst septi\u0146iem gad\u012bjumiem: nominat\u012bvs, \u0123enit\u012bvs, dat\u012bvs, akuzat\u012bvs, lokat\u012bvs, ablat\u012bvs un instrument\u0101ls. Lai gan s\u0101kum\u0101 tas ir bied\u0113jo\u0161i, \u0161o gad\u012bjumu meistar\u012bbai ir iz\u0161\u0137iro\u0161a noz\u012bme prec\u012bzu teikumu strukt\u016bru veido\u0161an\u0101. Gad\u012bjumi nosaka attiec\u012bbas starp v\u0101rdiem, \u013caujot elast\u012bgi izmantot v\u0101rdu sec\u012bbu, nezaud\u0113jot noz\u012bmi.<\/p>\n\n\n\n<h3 class=\"wp-block-heading\" id=\"h-2-adjectives-agreement-and-comparison\">2. \u012apa\u0161\u012bbas v\u0101rdi \u2013 vieno\u0161an\u0101s un sal\u012bdzin\u0101jums<\/h3>\n\n\n\n<p>Kazahst\u0101nas \u012bpa\u0161\u012bbas v\u0101rdi tiek izmantoti, lai aprakst\u012btu un sniegtu vair\u0101k inform\u0101cijas par lietv\u0101rdiem. Vi\u0146iem ir j\u0101piekr\u012bt lietv\u0101rdam, ko vi\u0146i maina gad\u012bjuma un numura zi\u0146\u0101. Turkl\u0101t \u012bpa\u0161\u012bbas v\u0101rdus var sal\u012bdzin\u0101t, izmantojot sal\u012bdzino\u0161os un superlat\u012bvos gr\u0101dus, kas pan\u0101kti, pievienojot atbilsto\u0161us sufiksus, lai izteiktu da\u017e\u0101dus uzsvara l\u012bme\u0146us.<\/p>\n\n\n\n<p>Piem\u0113ram, v\u0101rds &#8220;skaists&#8221; kazahu valod\u0101 ir &#8220;\u0441\u044b\u04a3\u0448\u044b&#8221;. Raksturojot skaistu d\u0101rzu (\u0431\u0430\u049b), fr\u0101ze b\u016btu &#8220;\u0441\u044b\u04a3\u0448\u044b \u0431\u0430\u049b&#8221;. Lai pateiktu &#8220;skaist\u0101ks&#8221;, j\u016bs lietotu &#8220;\u0441\u044b\u04a3\u0448\u044b\u0440\u0430\u049b&#8221;, bet &#8220;skaist\u0101kais&#8221; veidotos, izmantojot &#8220;\u0441\u044b\u04a3\u0448\u044b&#8221;. Lai pateiktu &#8220;visskaist\u0101kais d\u0101rzs&#8221;, j\u016bs lietotu &#8220;\u0441\u044b\u04a3\u0448\u044b \u0431\u0430\u049b&#8221;.<\/p>\n\n\n\n<h3 class=\"wp-block-heading\" id=\"h-3-verbs-tense-mood-and-aspect\">3. Darb\u012bbas v\u0101rdi &#8211; sasprindzin\u0101jums, noska\u0146ojums un aspekts<\/h3>\n\n\n\n<p>Darb\u012bbas v\u0101rdi kazahu valod\u0101 att\u0113lo sasprindzin\u0101jumu, noska\u0146ojumu un aspektu. Valoda satur tr\u012bs galvenos laikus: pag\u0101tni, tagadni un n\u0101kotni. Katram sasprindzin\u0101jumam ir at\u0161\u0137ir\u012bgas formas, kuru pamat\u0101 ir subjekta vietniekv\u0101rds, noska\u0146ojums (piem\u0113ram, imperat\u012bvs vai nosac\u012bts) un aspekts (neatkar\u012bgi no t\u0101, vai darb\u012bba ir perfekta, atspogu\u013cojot pabeigtu darb\u012bbu, vai nepiln\u012bga, nor\u0101dot uz notieko\u0161u vai past\u0101v\u012bgu darb\u012bbu).<\/p>\n\n\n\n<h3 class=\"wp-block-heading\" id=\"h-4-pronouns-personal-and-demonstrative\">4. Vietniekv\u0101rdi \u2013 personiskie un demonstrat\u012bvie<\/h3>\n\n\n\n<p>Vietniekv\u0101rdi Kazahst\u0101nas gramatik\u0101 ietver personiskas, piedero\u0161as, demonstrat\u012bvas, aizdom\u012bgas un relat\u012bvas \u0161\u0137irnes. Vi\u0146iem ir j\u0101vienojas gad\u012bjum\u0101 un numur\u0101 ar lietv\u0101rdu, uz kuru vi\u0146i atsaucas vai aizst\u0101j. Piem\u0113ram, demonstrat\u012bviem vietniekv\u0101rdiem ir tr\u012bs formas: proksim\u0101lais (\u0431\u04b1\u043b), medi\u0101lais (\u043e\u0441\u044b) un dist\u0101lais (\u0430\u043d\u0430\u0443) atkar\u012bb\u0101 no att\u0101luma l\u012bdz run\u0101t\u0101jam.<\/p>\n\n\n\n<h3 class=\"wp-block-heading\" id=\"h-5-embracing-the-uniqueness-of-kazakh-grammar\">5. Kazahst\u0101nas gramatikas unikalit\u0101tes pie\u0146em\u0161ana<\/h3>\n\n\n\n<p>Ies\u0101kot savu ce\u013cojumu kazahu valod\u0101, atcerieties, ka <a href=\"https:\/\/talkpal.ai\/culture\/how-do-you-say-it-doesnt-matter-in-latvian\/\">nav svar\u012bgi<\/a> apg\u016bt visas nianses uzreiz. Prieks atkl\u0101t unik\u0101lo gramatikas sist\u0113mu, kas at\u0161\u0137ir kazahu valodu un velta laiku, lai to saprastu, nej\u016btoties satriekts.<\/p>\n\n\n\n<p>Nov\u0113rt\u0113jot un p\u0113tot kazahu valodas gramatikas \u012bpatn\u012bbas, j\u016bs varat patiesi atkl\u0101t \u0161\u012bs valodas skaistumu, ieg\u016bstot pla\u0161\u0101ku piek\u013cuvi bag\u0101t\u012bgajam kult\u016bras mantojumam, ko t\u0101 iemieso. \u0421\u04d9\u0442\u0442\u0456 \u043e\u049b\u0443 \u2013 Laim\u012bgu m\u0101c\u012b\u0161anos!<\/p>\n<\/div><\/div>\n\r\n<section class=\"learnNavigationSection\">\r\n            \r\n        <a href=\"https:\/\/talkpal.ai\/lv\/uzziniet-kazahu-valodu\/\">\r\n            <div class=\"learnNavigationWrapper\">\r\n                <div class=\"learnNavigationContent\">\r\n                    <img decoding=\"async\" src=\"https:\/\/talkpal.ai\/wp-content\/uploads\/2024\/08\/Kazakh.jpg\" alt=\"Kazakh Flag\">\r\n                    <div>\r\n                        <h4>Par kazahu valodas apguvi<\/h4>\r\n                        <p>Uzziniet visu par kazahu gramatiku.<\/p>\r\n                    <\/div>\r\n                <\/div>\r\n            <\/div>\r\n        <\/a>\r\n\r\n        \r\n        <a href=\"https:\/\/talkpal.ai\/lv\/kazahstanas-gramatikas-vingrinajumi\/\">\r\n            <div class=\"learnNavigationWrapper\">\r\n                <div class=\"learnNavigationContent\">\r\n                    <img decoding=\"async\" src=\"https:\/\/talkpal.ai\/wp-content\/uploads\/2024\/08\/Kazakh.jpg\" alt=\"Kazakh Flag\">\r\n                    <div>\r\n                        <h4>Kazahu valodas gramatikas vingrin\u0101jums<\/h4>\r\n                        <p>Praktiz\u0113jiet Kazahst\u0101nas gramatiku.<\/p>\r\n                    <\/div>\r\n                <\/div>\r\n            <\/div>\r\n        <\/a>\r\n\r\n        \r\n        <a href=\"https:\/\/talkpal.ai\/vocabulary_language\/kazakh\/\">\r\n            <div class=\"learnNavigationWrapper\">\r\n                <div class=\"learnNavigationContent\">\r\n                    <img decoding=\"async\" src=\"https:\/\/talkpal.ai\/wp-content\/uploads\/2024\/08\/Kazakh.jpg\" alt=\"Kazakh Flag\">\r\n                    <div>\r\n                        <h4>Kazahu valodas v\u0101rdn\u012bca<\/h4>\r\n                        <p>Papla\u0161iniet savu kazahu valodas v\u0101rdu kr\u0101jumu.<\/p>\r\n                    <\/div>\r\n                <\/div>\r\n            <\/div>\r\n        <\/a>\r\n\r\n            <\/section>","protected":false},"excerpt":{"rendered":"<p>Kazahst\u0101nas gramatika: Kazahst\u0101nas valodas nosl\u0113pumu atblo\u0137\u0113\u0161ana Kad runa ir par kazahu valodas apguvi, Kazahst\u0101nas gramatikas pamatu izpratne ir b\u016btiska, lai atkl\u0101tu t\u0101s nosl\u0113pumus. Lai gan s\u0101kum\u0101 tas var \u0161\u0137ist bied\u0113jo\u0161i, gramatikas sist\u0113ma lepojas ar unik\u0101l\u0101m iez\u012bm\u0113m, kas padara valodu aizraujo\u0161u. \u0160aj\u0101 rakst\u0101 m\u0113\u0123in\u0101ts izgaismot kazahu valodas gramatikas galvenos aspektus, sniedzot sarunvalodas un neform\u0101lu ievadu valodas [&hellip;]<\/p>\n","protected":false},"author":1,"featured_media":114182,"parent":0,"menu_order":0,"comment_status":"closed","ping_status":"closed","template":"LearningContentPage.php","meta":{"_acf_changed":false,"footnotes":""},"class_list":["post-146567","page","type-page","status-publish","has-post-thumbnail","hentry"],"acf":[],"yoast_head":"<!-- This site is optimized with the Yoast SEO Premium plugin v27.2 (Yoast SEO v27.2) - https:\/\/yoast.com\/product\/yoast-seo-premium-wordpress\/ -->\n<title>Kazahst\u0101nas gramatika - Talkpal<\/title>\n<meta name=\"description\" content=\"Apg\u016bstiet kazahu valodas gramatiku bez piep\u016bles - apg\u016bstiet svar\u012bg\u0101kos noteikumus, praktiz\u0113jiet teikuma strukt\u016bru un \u0101tri uzlabojiet savu valodas pl\u016bsmu\" \/>\n<meta name=\"robots\" content=\"index, follow, max-snippet:-1, max-image-preview:large, max-video-preview:-1\" \/>\n<link rel=\"canonical\" href=\"https:\/\/talkpal.ai\/lv\/kazahstanas-gramatika\/\" \/>\n<meta property=\"og:locale\" content=\"lv_LV\" \/>\n<meta property=\"og:type\" content=\"article\" \/>\n<meta property=\"og:title\" content=\"Kazahst\u0101nas gramatika\" \/>\n<meta property=\"og:description\" content=\"Kazahst\u0101nas gramatika: Kazahst\u0101nas valodas nosl\u0113pumu atblo\u0137\u0113\u0161ana Kad runa ir par kazahu valodas apguvi, Kazahst\u0101nas gramatikas pamatu izpratne ir b\u016btiska,\" \/>\n<meta property=\"og:url\" content=\"https:\/\/talkpal.ai\/lv\/kazahstanas-gramatika\/\" \/>\n<meta property=\"og:site_name\" content=\"Talkpal\" \/>\n<meta property=\"article:publisher\" content=\"https:\/\/www.facebook.com\/profile.php?id=100090733639311\" \/>\n<meta property=\"article:modified_time\" content=\"2025-12-17T16:58:58+00:00\" \/>\n<meta property=\"og:image\" content=\"https:\/\/talkpal.ai\/wp-content\/uploads\/2023\/05\/kazakhstan.png\" \/>\n\t<meta property=\"og:image:width\" content=\"512\" \/>\n\t<meta property=\"og:image:height\" content=\"512\" \/>\n\t<meta property=\"og:image:type\" content=\"image\/png\" \/>\n<meta name=\"twitter:card\" content=\"summary_large_image\" \/>\n<meta name=\"twitter:site\" content=\"@talkpalai\" \/>\n<meta name=\"twitter:label1\" content=\"Est. reading time\" \/>\n\t<meta name=\"twitter:data1\" content=\"3 minutes\" \/>\n<script type=\"application\/ld+json\" class=\"yoast-schema-graph\">{\"@context\":\"https:\/\/schema.org\",\"@graph\":[{\"@type\":\"WebPage\",\"@id\":\"https:\/\/talkpal.ai\/lv\/kazahstanas-gramatika\/\",\"url\":\"https:\/\/talkpal.ai\/lv\/kazahstanas-gramatika\/\",\"name\":\"Kazahst\u0101nas gramatika - Talkpal\",\"isPartOf\":{\"@id\":\"https:\/\/talkpal.ai\/lv\/#website\"},\"primaryImageOfPage\":{\"@id\":\"https:\/\/talkpal.ai\/lv\/kazahstanas-gramatika\/#primaryimage\"},\"image\":{\"@id\":\"https:\/\/talkpal.ai\/lv\/kazahstanas-gramatika\/#primaryimage\"},\"thumbnailUrl\":\"https:\/\/talkpal.ai\/wp-content\/uploads\/2023\/05\/kazakhstan.png\",\"datePublished\":\"2023-05-14T14:11:00+00:00\",\"dateModified\":\"2025-12-17T16:58:58+00:00\",\"description\":\"Apg\u016bstiet kazahu valodas gramatiku bez piep\u016bles - apg\u016bstiet svar\u012bg\u0101kos noteikumus, praktiz\u0113jiet teikuma strukt\u016bru un \u0101tri uzlabojiet savu valodas pl\u016bsmu\",\"breadcrumb\":{\"@id\":\"https:\/\/talkpal.ai\/lv\/kazahstanas-gramatika\/#breadcrumb\"},\"inLanguage\":\"lv-LV\",\"potentialAction\":[{\"@type\":\"ReadAction\",\"target\":[\"https:\/\/talkpal.ai\/lv\/kazahstanas-gramatika\/\"]}]},{\"@type\":\"ImageObject\",\"inLanguage\":\"lv-LV\",\"@id\":\"https:\/\/talkpal.ai\/lv\/kazahstanas-gramatika\/#primaryimage\",\"url\":\"https:\/\/talkpal.ai\/wp-content\/uploads\/2023\/05\/kazakhstan.png\",\"contentUrl\":\"https:\/\/talkpal.ai\/wp-content\/uploads\/2023\/05\/kazakhstan.png\",\"width\":512,\"height\":512},{\"@type\":\"BreadcrumbList\",\"@id\":\"https:\/\/talkpal.ai\/lv\/kazahstanas-gramatika\/#breadcrumb\",\"itemListElement\":[{\"@type\":\"ListItem\",\"position\":1,\"name\":\"Homepage\",\"item\":\"https:\/\/talkpal.ai\/lv\/\"},{\"@type\":\"ListItem\",\"position\":2,\"name\":\"Kazahst\u0101nas gramatika\"}]},{\"@type\":\"WebSite\",\"@id\":\"https:\/\/talkpal.ai\/lv\/#website\",\"url\":\"https:\/\/talkpal.ai\/lv\/\",\"name\":\"Talkpal\",\"description\":\"AI Language Learning\",\"publisher\":{\"@id\":\"https:\/\/talkpal.ai\/lv\/#organization\"},\"alternateName\":\"Talkpal AI\",\"potentialAction\":[{\"@type\":\"SearchAction\",\"target\":{\"@type\":\"EntryPoint\",\"urlTemplate\":\"https:\/\/talkpal.ai\/lv\/?s={search_term_string}\"},\"query-input\":{\"@type\":\"PropertyValueSpecification\",\"valueRequired\":true,\"valueName\":\"search_term_string\"}}],\"inLanguage\":\"lv-LV\"},{\"@type\":\"Organization\",\"@id\":\"https:\/\/talkpal.ai\/lv\/#organization\",\"name\":\"Talkpal, Inc.\",\"alternateName\":\"Talkpal AI\",\"url\":\"https:\/\/talkpal.ai\/lv\/\",\"logo\":{\"@type\":\"ImageObject\",\"inLanguage\":\"lv-LV\",\"@id\":\"https:\/\/talkpal.ai\/lv\/#\/schema\/logo\/image\/\",\"url\":\"https:\/\/talkpal.ai\/wp-content\/uploads\/2024\/03\/Talkpal-Logo-Icon.png\",\"contentUrl\":\"https:\/\/talkpal.ai\/wp-content\/uploads\/2024\/03\/Talkpal-Logo-Icon.png\",\"width\":2880,\"height\":2880,\"caption\":\"Talkpal, Inc.\"},\"image\":{\"@id\":\"https:\/\/talkpal.ai\/lv\/#\/schema\/logo\/image\/\"},\"sameAs\":[\"https:\/\/www.facebook.com\/profile.php?id=100090733639311\",\"https:\/\/x.com\/talkpalai\",\"https:\/\/www.linkedin.com\/company\/talkpal\/\",\"https:\/\/www.youtube.com\/@TalkPal\/\",\"https:\/\/www.tiktok.com\/@talkpal\",\"https:\/\/www.instagram.com\/talkpal_ai\/\",\"https:\/\/www.crunchbase.com\/organization\/talkpal-9cde\",\"https:\/\/www.g2.com\/products\/talkpal-for-business\/\",\"https:\/\/www.trustpilot.com\/review\/talkpal.ai\",\"https:\/\/www.capterra.com\/p\/10006800\/TalkPal\/\"],\"description\":\"Talkpal is a language learning web and mobile education app, powered by the latest AI technologies, that provides engaging experiences to its customers in many different languages to help them improve their language skills. Users can chat about unlimited amount of topics with the app and use other modes to practice their language learning.\",\"email\":\"support@talkpal.ai\",\"legalName\":\"Talkpal, Inc.\",\"foundingDate\":\"2023-04-03\",\"duns\":\"118989042\",\"numberOfEmployees\":{\"@type\":\"QuantitativeValue\",\"minValue\":\"11\",\"maxValue\":\"50\"},\"publishingPrinciples\":\"https:\/\/talkpal.ai\/publishing-principles\/\",\"actionableFeedbackPolicy\":\"https:\/\/talkpal.ai\/actionable-feedback-policy\/\",\"correctionsPolicy\":\"https:\/\/talkpal.ai\/corrections-policy\/\",\"ethicsPolicy\":\"https:\/\/talkpal.ai\/ethics-policy\/\",\"diversityPolicy\":\"https:\/\/talkpal.ai\/diversity-policy\/\",\"diversityStaffingReport\":\"https:\/\/talkpal.ai\/diversity-policy\/\"}]}<\/script>\n<!-- \/ Yoast SEO Premium plugin. -->","yoast_head_json":{"title":"Kazahst\u0101nas gramatika - Talkpal","description":"Apg\u016bstiet kazahu valodas gramatiku bez piep\u016bles - apg\u016bstiet svar\u012bg\u0101kos noteikumus, praktiz\u0113jiet teikuma strukt\u016bru un \u0101tri uzlabojiet savu valodas pl\u016bsmu","robots":{"index":"index","follow":"follow","max-snippet":"max-snippet:-1","max-image-preview":"max-image-preview:large","max-video-preview":"max-video-preview:-1"},"canonical":"https:\/\/talkpal.ai\/lv\/kazahstanas-gramatika\/","og_locale":"lv_LV","og_type":"article","og_title":"Kazahst\u0101nas gramatika","og_description":"Kazahst\u0101nas gramatika: Kazahst\u0101nas valodas nosl\u0113pumu atblo\u0137\u0113\u0161ana Kad runa ir par kazahu valodas apguvi, Kazahst\u0101nas gramatikas pamatu izpratne ir b\u016btiska,","og_url":"https:\/\/talkpal.ai\/lv\/kazahstanas-gramatika\/","og_site_name":"Talkpal","article_publisher":"https:\/\/www.facebook.com\/profile.php?id=100090733639311","article_modified_time":"2025-12-17T16:58:58+00:00","og_image":[{"width":512,"height":512,"url":"https:\/\/talkpal.ai\/wp-content\/uploads\/2023\/05\/kazakhstan.png","type":"image\/png"}],"twitter_card":"summary_large_image","twitter_site":"@talkpalai","twitter_misc":{"Est. reading time":"3 minutes"},"schema":{"@context":"https:\/\/schema.org","@graph":[{"@type":"WebPage","@id":"https:\/\/talkpal.ai\/lv\/kazahstanas-gramatika\/","url":"https:\/\/talkpal.ai\/lv\/kazahstanas-gramatika\/","name":"Kazahst\u0101nas gramatika - Talkpal","isPartOf":{"@id":"https:\/\/talkpal.ai\/lv\/#website"},"primaryImageOfPage":{"@id":"https:\/\/talkpal.ai\/lv\/kazahstanas-gramatika\/#primaryimage"},"image":{"@id":"https:\/\/talkpal.ai\/lv\/kazahstanas-gramatika\/#primaryimage"},"thumbnailUrl":"https:\/\/talkpal.ai\/wp-content\/uploads\/2023\/05\/kazakhstan.png","datePublished":"2023-05-14T14:11:00+00:00","dateModified":"2025-12-17T16:58:58+00:00","description":"Apg\u016bstiet kazahu valodas gramatiku bez piep\u016bles - apg\u016bstiet svar\u012bg\u0101kos noteikumus, praktiz\u0113jiet teikuma strukt\u016bru un \u0101tri uzlabojiet savu valodas pl\u016bsmu","breadcrumb":{"@id":"https:\/\/talkpal.ai\/lv\/kazahstanas-gramatika\/#breadcrumb"},"inLanguage":"lv-LV","potentialAction":[{"@type":"ReadAction","target":["https:\/\/talkpal.ai\/lv\/kazahstanas-gramatika\/"]}]},{"@type":"ImageObject","inLanguage":"lv-LV","@id":"https:\/\/talkpal.ai\/lv\/kazahstanas-gramatika\/#primaryimage","url":"https:\/\/talkpal.ai\/wp-content\/uploads\/2023\/05\/kazakhstan.png","contentUrl":"https:\/\/talkpal.ai\/wp-content\/uploads\/2023\/05\/kazakhstan.png","width":512,"height":512},{"@type":"BreadcrumbList","@id":"https:\/\/talkpal.ai\/lv\/kazahstanas-gramatika\/#breadcrumb","itemListElement":[{"@type":"ListItem","position":1,"name":"Homepage","item":"https:\/\/talkpal.ai\/lv\/"},{"@type":"ListItem","position":2,"name":"Kazahst\u0101nas gramatika"}]},{"@type":"WebSite","@id":"https:\/\/talkpal.ai\/lv\/#website","url":"https:\/\/talkpal.ai\/lv\/","name":"Talkpal","description":"AI Language Learning","publisher":{"@id":"https:\/\/talkpal.ai\/lv\/#organization"},"alternateName":"Talkpal AI","potentialAction":[{"@type":"SearchAction","target":{"@type":"EntryPoint","urlTemplate":"https:\/\/talkpal.ai\/lv\/?s={search_term_string}"},"query-input":{"@type":"PropertyValueSpecification","valueRequired":true,"valueName":"search_term_string"}}],"inLanguage":"lv-LV"},{"@type":"Organization","@id":"https:\/\/talkpal.ai\/lv\/#organization","name":"Talkpal, Inc.","alternateName":"Talkpal AI","url":"https:\/\/talkpal.ai\/lv\/","logo":{"@type":"ImageObject","inLanguage":"lv-LV","@id":"https:\/\/talkpal.ai\/lv\/#\/schema\/logo\/image\/","url":"https:\/\/talkpal.ai\/wp-content\/uploads\/2024\/03\/Talkpal-Logo-Icon.png","contentUrl":"https:\/\/talkpal.ai\/wp-content\/uploads\/2024\/03\/Talkpal-Logo-Icon.png","width":2880,"height":2880,"caption":"Talkpal, Inc."},"image":{"@id":"https:\/\/talkpal.ai\/lv\/#\/schema\/logo\/image\/"},"sameAs":["https:\/\/www.facebook.com\/profile.php?id=100090733639311","https:\/\/x.com\/talkpalai","https:\/\/www.linkedin.com\/company\/talkpal\/","https:\/\/www.youtube.com\/@TalkPal\/","https:\/\/www.tiktok.com\/@talkpal","https:\/\/www.instagram.com\/talkpal_ai\/","https:\/\/www.crunchbase.com\/organization\/talkpal-9cde","https:\/\/www.g2.com\/products\/talkpal-for-business\/","https:\/\/www.trustpilot.com\/review\/talkpal.ai","https:\/\/www.capterra.com\/p\/10006800\/TalkPal\/"],"description":"Talkpal is a language learning web and mobile education app, powered by the latest AI technologies, that provides engaging experiences to its customers in many different languages to help them improve their language skills. Users can chat about unlimited amount of topics with the app and use other modes to practice their language learning.","email":"support@talkpal.ai","legalName":"Talkpal, Inc.","foundingDate":"2023-04-03","duns":"118989042","numberOfEmployees":{"@type":"QuantitativeValue","minValue":"11","maxValue":"50"},"publishingPrinciples":"https:\/\/talkpal.ai\/publishing-principles\/","actionableFeedbackPolicy":"https:\/\/talkpal.ai\/actionable-feedback-policy\/","correctionsPolicy":"https:\/\/talkpal.ai\/corrections-policy\/","ethicsPolicy":"https:\/\/talkpal.ai\/ethics-policy\/","diversityPolicy":"https:\/\/talkpal.ai\/diversity-policy\/","diversityStaffingReport":"https:\/\/talkpal.ai\/diversity-policy\/"}]}},"_links":{"self":[{"href":"https:\/\/talkpal.ai\/lv\/wp-json\/wp\/v2\/pages\/146567","targetHints":{"allow":["GET"]}}],"collection":[{"href":"https:\/\/talkpal.ai\/lv\/wp-json\/wp\/v2\/pages"}],"about":[{"href":"https:\/\/talkpal.ai\/lv\/wp-json\/wp\/v2\/types\/page"}],"author":[{"embeddable":true,"href":"https:\/\/talkpal.ai\/lv\/wp-json\/wp\/v2\/users\/1"}],"replies":[{"embeddable":true,"href":"https:\/\/talkpal.ai\/lv\/wp-json\/wp\/v2\/comments?post=146567"}],"version-history":[{"count":0,"href":"https:\/\/talkpal.ai\/lv\/wp-json\/wp\/v2\/pages\/146567\/revisions"}],"wp:featuredmedia":[{"embeddable":true,"href":"https:\/\/talkpal.ai\/lv\/wp-json\/wp\/v2\/media\/114182"}],"wp:attachment":[{"href":"https:\/\/talkpal.ai\/lv\/wp-json\/wp\/v2\/media?parent=146567"}],"curies":[{"name":"wp","href":"https:\/\/api.w.org\/{rel}","templated":true}]}}