{"id":146230,"date":"2023-05-14T14:10:42","date_gmt":"2023-05-14T14:10:42","guid":{"rendered":"http:\/\/talkpal.ai\/lietuviesu-valodas-gramatika\/"},"modified":"2025-12-12T10:43:21","modified_gmt":"2025-12-12T10:43:21","slug":"lietuviesu-valodas-gramatika","status":"publish","type":"page","link":"https:\/\/talkpal.ai\/lv\/lietuviesu-valodas-gramatika\/","title":{"rendered":"Lietuvie\u0161u valodas gramatika"},"content":{"rendered":"\r\n\r\n\r\n<section class=\"languageChallengeSection\">\r\n    <div class=\"languageInfoWrapper\">\r\n        \r\n        <h1>Lietuvie\u0161u valodas gramatika<\/h1>\r\n        <p>S\u0101ciet savu ce\u013cojumu <a href=\"https:\/\/talkpal.ai\/learn-lithuanian\/\">lietuvie\u0161u<\/a> <a href=\"https:\/\/talkpal.ai\/what-language-is-spoken-on-the-international-space-station\/\">valodas<\/a> gramatik\u0101 un atkl\u0101jiet vienu no sen\u0101kaj\u0101m un aizraujo\u0161\u0101kaj\u0101m valod\u0101m Eirop\u0101. Apg\u016bstiet b\u016btiskus noteikumus un mode\u013cus, lai izveidotu sp\u0113c\u012bgu valodas pamatu. Iegremd\u0113jieties jau tagad un s\u0101ciet apg\u016bt <a href=\"https:\/\/talkpal.ai\/lv\/uzziniet-lietuviesu-valodu\/\">lietuvie\u0161u valodu<\/a> jau \u0161odien!<\/p>\r\n\r\n                            <a class=\"getStartedHidden\" href=\"https:\/\/app.talkpal.ai\/lv\/signup?lng=\">S\u0101c<\/a>\r\n        \r\n    <\/div>\r\n\r\n    <figure>\r\n    <img decoding=\"async\" width=\"768\" height=\"768\" src=\"https:\/\/talkpal.ai\/wp-content\/uploads\/2023\/06\/lithuenian-768x768.png\" class=\"languageImage no-lazy\" alt=\"Language learning for boosting creativity\" fetchpriority=\"high\" sizes=\"(max-width: 768px) 150px, 768px\" srcset=\"https:\/\/talkpal.ai\/wp-content\/uploads\/2023\/06\/lithuenian-768x768.png 768w, https:\/\/talkpal.ai\/wp-content\/uploads\/2023\/06\/lithuenian-300x300.png 300w\" \/>\r\n    \r\n\r\n    <\/figure>\r\n\r\n            <a class=\"getStartedVisible\" href=\"https:\/\/app.talkpal.ai\/lv\/signup?lng=\">S\u0101c<\/a>\r\n    \r\n<\/section>\r\n<section class=\"promotionalBanner\">\r\n    <p class=\"promotionalText\">Visefekt\u012bv\u0101kais veids, k\u0101 apg\u016bt valodu<\/p>\r\n    <a class=\"promotionalLink\" href=\"https:\/\/app.talkpal.ai\/lv\/signup?lng=\">Izm\u0113\u0123iniet Talkpal bez maksas<\/a>\r\n<\/section>\n<div class=\"wp-block-group pageContainerStyle\"><div class=\"wp-block-group__inner-container is-layout-constrained wp-block-group-is-layout-constrained\">\n<h2 class=\"wp-block-heading\" id=\"h-lithuanian-grammar-a-fascinating-journey-through-language\">Lietuvie\u0161u valodas gramatika: aizraujo\u0161s ce\u013cojums caur valodu<\/h2>\n\n\n\n<p>Vai esat k\u0101dreiz apsv\u0113ris iesp\u0113ju <a href=\"https:\/\/talkpal.ai\/learn-lithuanian\/\">m\u0101c\u012bties lietuvie\u0161u valodu<\/a> vai vienk\u0101r\u0161i esat ieintri\u0123\u0113jis ar t\u0101s unik\u0101lo gramatiku? Nu, j\u016bs esat par \u0101rst\u0113t! <a href=\"https:\/\/talkpal.ai\/lithuanian-grammar\/\">Lietuvie\u0161u valodas gramatika<\/a> s\u0101kum\u0101 var\u0113tu \u0161\u0137ist savdab\u012bga, ta\u010du nek\u013c\u016bdieties \u2013 t\u0101 demonstr\u0113 izsmalcin\u0101tu lingvistisko lo\u0123iku. \u0160aj\u0101 rakst\u0101 m\u0113s atkl\u0101sim da\u017e\u0101dus lietuvie\u0161u valodas gramatikas aspektus, \u013caujot jums nov\u0113rt\u0113t t\u0101s \u0161armu.<\/p>\n\n\n\n<p>Pirmk\u0101rt, \u012bss priek\u0161stats: lietuvie\u0161u valoda ir baltu valoda, kur\u0101 galvenok\u0101rt run\u0101 Lietuv\u0101, bet ir sastopama ar\u012b kaimi\u0146valst\u012bs. K\u0101 viena no vec\u0101kaj\u0101m dz\u012bvaj\u0101m indoeiropie\u0161u valod\u0101m t\u0101 saglab\u0101 arhaiskas iez\u012bmes, sniedzot ieskatu citu valodu att\u012bst\u012bb\u0101 valodu saim\u0113. \u0160\u012b v\u0113sturisk\u0101 noz\u012bme padara lietuvie\u0161u valodu \u012bpa\u0161i valdzino\u0161u valodas cien\u012bt\u0101jiem.<\/p>\n\n\n\n<p>Apskat\u012bsim da\u017eus svar\u012bg\u0101kos lietuvie\u0161u valodas gramatikas aspektus.<\/p>\n\n\n\n<h3 class=\"wp-block-heading\" id=\"h-1-nouns-cases-and-declensions\">1. Lietv\u0101rdi, gad\u012bjumi un deklam\u0101cijas<\/h3>\n\n\n\n<p>Viena no iev\u0113rojam\u0101kaj\u0101m lietuvie\u0161u valodas gramatikas iez\u012bm\u0113m ir t\u0101s sare\u017e\u0123\u012bt\u0101 lietu sist\u0113ma. Lietv\u0101rdi pie\u0146em da\u017e\u0101das formas atkar\u012bb\u0101 no to funkcijas teikum\u0101 un no t\u0101, vai tie atspogu\u013co darb\u012bbas priek\u0161metu, objektu vai sa\u0146\u0113m\u0113ju. Lietuvie\u0161u valod\u0101 ir septi\u0146i gad\u012bjumi: nominat\u012bvs, \u0123enit\u012bvs, dat\u012bvs, akuzat\u012bvs, instrument\u0101ls, lokat\u012bvs un vokat\u012bvs.<\/p>\n\n\n\n<p>K\u0101 piem\u0113ru var min\u0113t lietv\u0101rdu &#8220;b\u0113rns&#8221;. Atkar\u012bb\u0101 no t\u0101, k\u0101da loma teikum\u0101 tam ir, tas var p\u0101rveidoties par &#8220;vaiko&#8221;, &#8220;vaikui&#8221;, &#8220;vaik\u0105&#8221; utt. Turkl\u0101t galotnes ir atkar\u012bgas no lietv\u0101rda dzimtes (v\u012brie\u0161u vai sievie\u0161u dzimt\u0113) un tiek iedal\u012btas deklin\u0101cij\u0101s, padarot valodu v\u0113l daudzpus\u012bg\u0101ku.<\/p>\n\n\n\n<h3 class=\"wp-block-heading\" id=\"h-2-verb-conjugation-and-tenses\">2. Darb\u012bbas v\u0101rdu konjug\u0101cija un sasprindzin\u0101jums<\/h3>\n\n\n\n<p>Lietuvie\u0161u darb\u012bbas v\u0101rdi maina galotnes atkar\u012bb\u0101 no subjekta personas un skaita (vienskait\u013ca vai daudzskait\u013ca). Piem\u0113ram, darb\u012bbas v\u0101rds &#8220;iet&#8221; (iet) var k\u013c\u016bt par &#8220;einu&#8221; (es eju), &#8220;einate&#8221; (tu &#8211; daudzskaitl\u012b &#8211; ej), &#8220;eina&#8221; (vi\u0146i iet) un cit\u0101m form\u0101m.<\/p>\n\n\n\n<p>Lietuvie\u0161u valodai ir \u010detri galvenie sasprindzin\u0101jumi: tagadne, pag\u0101tne, pag\u0101tne un n\u0101kotne. Interesanti, ka valodai ir ar\u012b aspektu mar\u0137ieri: perfekts un nepiln\u012bgs. \u0160ie mar\u0137ieri sniedz papildinform\u0101ciju par to, vai darb\u012bba ir pabeigta vai turpin\u0101s. Piem\u0113ram, &#8220;ne\u0161ti&#8221; (nest &#8211; imperfekts) pret &#8220;nat&#8221; (nest &#8211; perfektivi).<\/p>\n\n\n\n<h3 class=\"wp-block-heading\" id=\"h-3-sentence-structure-and-word-order\">3. Teikuma strukt\u016bra un v\u0101rdu sec\u012bba<\/h3>\n\n\n\n<p>Lai gan lietuvie\u0161u valoda parasti iev\u0113ro SVO (subjekts-verbs-objekts) v\u0101rdu sec\u012bbu, t\u0101s lietu sist\u0113ma pie\u013cauj iev\u0113rojamu elast\u012bbu. At\u0161\u0137ir\u012bb\u0101 no <a href=\"https:\/\/talkpal.ai\/learn-english-with-ai\/\">ang\u013cu<\/a> valodas, kur v\u0101rdu sec\u012bba parasti nosaka teikuma noz\u012bmi, lietuvie\u0161u valod\u0101 v\u0101rdu mai\u0146a nemaina teikuma noz\u012bmi. Piem\u0113ram, &#8220;kat\u0117 valgo ziv\u012f&#8221; (ka\u0137is \u0113d zivi) var b\u016bt ar\u012b &#8220;\u017euv\u012f valgo kat\u0117&#8221;, nezaud\u0113jot vai nemainot noz\u012bmi.<\/p>\n\n\n\n<p>\u0160\u012b elast\u012bba \u013cauj sp\u0113l\u0113ties ar teikuma strukt\u016bru, uzsv\u0113rt noteiktus elementus vai rad\u012bt nianses, k\u013c\u016bstot prasm\u012bg\u0101kam valod\u0101.<\/p>\n\n\n\n<h3 class=\"wp-block-heading\" id=\"h-4-adjectives-adverbs-and-agreement-rules\">4. \u012apa\u0161\u012bbas v\u0101rdi, adverbi un l\u012bguma noteikumi<\/h3>\n\n\n\n<p>T\u0101pat k\u0101 daudz\u0101s valod\u0101s, \u012bpa\u0161\u012bbas v\u0101rdi un adverbi lietuvie\u0161u valod\u0101 apraksta lietv\u0101rdus un darb\u012bbas v\u0101rdus, bet tie ar\u012b iev\u0113ro \u012bpa\u0161us l\u012bguma noteikumus. Jo \u012bpa\u0161i \u012bpa\u0161\u012bbas v\u0101rdiem ir j\u0101piekr\u012bt lietv\u0101rdam, ko tie maina gad\u012bjum\u0101, dzimums un numurs. Kad esat sapratis lietv\u0101rdu gad\u012bjumus un darb\u012bbas v\u0101rdu konjug\u0101cijas, \u0161ie noteikumi n\u0101ks dabisk\u0101k.<\/p>\n\n\n\n<p>T\u0101tad, vai esat gatavs ienirt lietuvie\u0161u gramatik\u0101? Ar neatlaid\u012bbu, cent\u012bbu un pien\u0101c\u012bgiem resursiem lietuvie\u0161u valodas apguve, kas bag\u0101ta ar v\u0113sturi un kult\u016bras mantojumu, ir \u0101rk\u0101rt\u012bgi v\u0113rt\u012bga pieredze. Soli pa solim risiniet valodu, konsekventi praktiz\u0113jiet un esiet atv\u0113rts m\u0101c\u012bb\u0101m no sav\u0101m k\u013c\u016bd\u0101m. S\u0117km\u0117s! (Veiksmi!)<\/p>\n<\/div><\/div>\n\r\n<section class=\"learnNavigationSection\">\r\n            \r\n        <a href=\"https:\/\/talkpal.ai\/lv\/uzziniet-lietuviesu-valodu\/\">\r\n            <div class=\"learnNavigationWrapper\">\r\n                <div class=\"learnNavigationContent\">\r\n                    <img decoding=\"async\" src=\"https:\/\/talkpal.ai\/wp-content\/uploads\/2024\/08\/Lithuanian.jpg\" alt=\"Lithuanian Flag\">\r\n                    <div>\r\n                        <h4>Par lietuvie\u0161u valodas apguvi<\/h4>\r\n                        <p>Uzziniet visu par lietuvie\u0161u valodas gramatiku.<\/p>\r\n                    <\/div>\r\n                <\/div>\r\n            <\/div>\r\n        <\/a>\r\n\r\n        \r\n        <a href=\"https:\/\/talkpal.ai\/lv\/lietuviesu-valodas-gramatikas-vingrinajumi\/\">\r\n            <div class=\"learnNavigationWrapper\">\r\n                <div class=\"learnNavigationContent\">\r\n                    <img decoding=\"async\" src=\"https:\/\/talkpal.ai\/wp-content\/uploads\/2024\/08\/Lithuanian.jpg\" alt=\"Lithuanian Flag\">\r\n                    <div>\r\n                        <h4>Lietuvie\u0161u valodas gramatikas vingrin\u0101jums<\/h4>\r\n                        <p>Praktiz\u0113jiet lietuvie\u0161u gramatiku.<\/p>\r\n                    <\/div>\r\n                <\/div>\r\n            <\/div>\r\n        <\/a>\r\n\r\n        \r\n        <a href=\"https:\/\/talkpal.ai\/vocabulary_language\/lithuanian\/\">\r\n            <div class=\"learnNavigationWrapper\">\r\n                <div class=\"learnNavigationContent\">\r\n                    <img decoding=\"async\" src=\"https:\/\/talkpal.ai\/wp-content\/uploads\/2024\/08\/Lithuanian.jpg\" alt=\"Lithuanian Flag\">\r\n                    <div>\r\n                        <h4>Lietuvie\u0161u valodas v\u0101rdn\u012bca<\/h4>\r\n                        <p>Papla\u0161iniet savu lietuvie\u0161u valodas v\u0101rdu kr\u0101jumu.<\/p>\r\n                    <\/div>\r\n                <\/div>\r\n            <\/div>\r\n        <\/a>\r\n\r\n            <\/section>","protected":false},"excerpt":{"rendered":"<p>Lietuvie\u0161u valodas gramatika: aizraujo\u0161s ce\u013cojums caur valodu Vai esat k\u0101dreiz apsv\u0113ris iesp\u0113ju m\u0101c\u012bties lietuvie\u0161u valodu vai vienk\u0101r\u0161i esat ieintri\u0123\u0113jis ar t\u0101s unik\u0101lo gramatiku? Nu, j\u016bs esat par \u0101rst\u0113t! Lietuvie\u0161u valodas gramatika s\u0101kum\u0101 var\u0113tu \u0161\u0137ist savdab\u012bga, ta\u010du nek\u013c\u016bdieties \u2013 t\u0101 demonstr\u0113 izsmalcin\u0101tu lingvistisko lo\u0123iku. \u0160aj\u0101 rakst\u0101 m\u0113s atkl\u0101sim da\u017e\u0101dus lietuvie\u0161u valodas gramatikas aspektus, \u013caujot jums nov\u0113rt\u0113t [&hellip;]<\/p>\n","protected":false},"author":1,"featured_media":114746,"parent":0,"menu_order":0,"comment_status":"closed","ping_status":"closed","template":"LearningContentPage.php","meta":{"_acf_changed":false,"footnotes":""},"class_list":["post-146230","page","type-page","status-publish","has-post-thumbnail","hentry"],"acf":[],"yoast_head":"<!-- This site is optimized with the Yoast SEO Premium plugin v27.2 (Yoast SEO v27.2) - https:\/\/yoast.com\/product\/yoast-seo-premium-wordpress\/ -->\n<title>Lietuvie\u0161u valodas gramatika - Talkpal<\/title>\n<meta name=\"description\" content=\"Atkl\u0101jiet, k\u0101 lietuvie\u0161u valodas gramatika atspogu\u013co v\u0113sturisko bag\u0101t\u012bbu un lo\u0123iku, padarot to par lielisku m\u0101c\u012bbu valodu m\u012b\u013cot\u0101jiem.\" \/>\n<meta name=\"robots\" content=\"index, follow, max-snippet:-1, max-image-preview:large, max-video-preview:-1\" \/>\n<link rel=\"canonical\" href=\"https:\/\/talkpal.ai\/lv\/lietuviesu-valodas-gramatika\/\" \/>\n<meta property=\"og:locale\" content=\"lv_LV\" \/>\n<meta property=\"og:type\" content=\"article\" \/>\n<meta property=\"og:title\" content=\"Lietuvie\u0161u valodas gramatika\" \/>\n<meta property=\"og:description\" content=\"Lietuvie\u0161u valodas gramatika: aizraujo\u0161s ce\u013cojums caur valodu Vai esat k\u0101dreiz apsv\u0113ris iesp\u0113ju m\u0101c\u012bties lietuvie\u0161u valodu vai vienk\u0101r\u0161i esat ieintri\u0123\u0113jis\" \/>\n<meta property=\"og:url\" content=\"https:\/\/talkpal.ai\/lv\/lietuviesu-valodas-gramatika\/\" \/>\n<meta property=\"og:site_name\" content=\"Talkpal\" \/>\n<meta property=\"article:publisher\" content=\"https:\/\/www.facebook.com\/profile.php?id=100090733639311\" \/>\n<meta property=\"article:modified_time\" content=\"2025-12-12T10:43:21+00:00\" \/>\n<meta property=\"og:image\" content=\"https:\/\/talkpal.ai\/wp-content\/uploads\/2023\/05\/Lithuanian.png\" \/>\n\t<meta property=\"og:image:width\" content=\"512\" \/>\n\t<meta property=\"og:image:height\" content=\"512\" \/>\n\t<meta property=\"og:image:type\" content=\"image\/png\" \/>\n<meta name=\"twitter:card\" content=\"summary_large_image\" \/>\n<meta name=\"twitter:site\" content=\"@talkpalai\" \/>\n<meta name=\"twitter:label1\" content=\"Est. reading time\" \/>\n\t<meta name=\"twitter:data1\" content=\"3 minutes\" \/>\n<script type=\"application\/ld+json\" class=\"yoast-schema-graph\">{\"@context\":\"https:\/\/schema.org\",\"@graph\":[{\"@type\":\"WebPage\",\"@id\":\"https:\/\/talkpal.ai\/lv\/lietuviesu-valodas-gramatika\/\",\"url\":\"https:\/\/talkpal.ai\/lv\/lietuviesu-valodas-gramatika\/\",\"name\":\"Lietuvie\u0161u valodas gramatika - Talkpal\",\"isPartOf\":{\"@id\":\"https:\/\/talkpal.ai\/lv\/#website\"},\"primaryImageOfPage\":{\"@id\":\"https:\/\/talkpal.ai\/lv\/lietuviesu-valodas-gramatika\/#primaryimage\"},\"image\":{\"@id\":\"https:\/\/talkpal.ai\/lv\/lietuviesu-valodas-gramatika\/#primaryimage\"},\"thumbnailUrl\":\"https:\/\/talkpal.ai\/wp-content\/uploads\/2023\/05\/Lithuanian.png\",\"datePublished\":\"2023-05-14T14:10:42+00:00\",\"dateModified\":\"2025-12-12T10:43:21+00:00\",\"description\":\"Atkl\u0101jiet, k\u0101 lietuvie\u0161u valodas gramatika atspogu\u013co v\u0113sturisko bag\u0101t\u012bbu un lo\u0123iku, padarot to par lielisku m\u0101c\u012bbu valodu m\u012b\u013cot\u0101jiem.\",\"breadcrumb\":{\"@id\":\"https:\/\/talkpal.ai\/lv\/lietuviesu-valodas-gramatika\/#breadcrumb\"},\"inLanguage\":\"lv-LV\",\"potentialAction\":[{\"@type\":\"ReadAction\",\"target\":[\"https:\/\/talkpal.ai\/lv\/lietuviesu-valodas-gramatika\/\"]}]},{\"@type\":\"ImageObject\",\"inLanguage\":\"lv-LV\",\"@id\":\"https:\/\/talkpal.ai\/lv\/lietuviesu-valodas-gramatika\/#primaryimage\",\"url\":\"https:\/\/talkpal.ai\/wp-content\/uploads\/2023\/05\/Lithuanian.png\",\"contentUrl\":\"https:\/\/talkpal.ai\/wp-content\/uploads\/2023\/05\/Lithuanian.png\",\"width\":512,\"height\":512},{\"@type\":\"BreadcrumbList\",\"@id\":\"https:\/\/talkpal.ai\/lv\/lietuviesu-valodas-gramatika\/#breadcrumb\",\"itemListElement\":[{\"@type\":\"ListItem\",\"position\":1,\"name\":\"Homepage\",\"item\":\"https:\/\/talkpal.ai\/lv\/\"},{\"@type\":\"ListItem\",\"position\":2,\"name\":\"Lietuvie\u0161u valodas gramatika\"}]},{\"@type\":\"WebSite\",\"@id\":\"https:\/\/talkpal.ai\/lv\/#website\",\"url\":\"https:\/\/talkpal.ai\/lv\/\",\"name\":\"Talkpal\",\"description\":\"AI Language Learning\",\"publisher\":{\"@id\":\"https:\/\/talkpal.ai\/lv\/#organization\"},\"alternateName\":\"Talkpal AI\",\"potentialAction\":[{\"@type\":\"SearchAction\",\"target\":{\"@type\":\"EntryPoint\",\"urlTemplate\":\"https:\/\/talkpal.ai\/lv\/?s={search_term_string}\"},\"query-input\":{\"@type\":\"PropertyValueSpecification\",\"valueRequired\":true,\"valueName\":\"search_term_string\"}}],\"inLanguage\":\"lv-LV\"},{\"@type\":\"Organization\",\"@id\":\"https:\/\/talkpal.ai\/lv\/#organization\",\"name\":\"Talkpal, Inc.\",\"alternateName\":\"Talkpal AI\",\"url\":\"https:\/\/talkpal.ai\/lv\/\",\"logo\":{\"@type\":\"ImageObject\",\"inLanguage\":\"lv-LV\",\"@id\":\"https:\/\/talkpal.ai\/lv\/#\/schema\/logo\/image\/\",\"url\":\"https:\/\/talkpal.ai\/wp-content\/uploads\/2024\/03\/Talkpal-Logo-Icon.png\",\"contentUrl\":\"https:\/\/talkpal.ai\/wp-content\/uploads\/2024\/03\/Talkpal-Logo-Icon.png\",\"width\":2880,\"height\":2880,\"caption\":\"Talkpal, Inc.\"},\"image\":{\"@id\":\"https:\/\/talkpal.ai\/lv\/#\/schema\/logo\/image\/\"},\"sameAs\":[\"https:\/\/www.facebook.com\/profile.php?id=100090733639311\",\"https:\/\/x.com\/talkpalai\",\"https:\/\/www.linkedin.com\/company\/talkpal\/\",\"https:\/\/www.youtube.com\/@TalkPal\/\",\"https:\/\/www.tiktok.com\/@talkpal\",\"https:\/\/www.instagram.com\/talkpal_ai\/\",\"https:\/\/www.crunchbase.com\/organization\/talkpal-9cde\",\"https:\/\/www.g2.com\/products\/talkpal-for-business\/\",\"https:\/\/www.trustpilot.com\/review\/talkpal.ai\",\"https:\/\/www.capterra.com\/p\/10006800\/TalkPal\/\"],\"description\":\"Talkpal is a language learning web and mobile education app, powered by the latest AI technologies, that provides engaging experiences to its customers in many different languages to help them improve their language skills. Users can chat about unlimited amount of topics with the app and use other modes to practice their language learning.\",\"email\":\"support@talkpal.ai\",\"legalName\":\"Talkpal, Inc.\",\"foundingDate\":\"2023-04-03\",\"duns\":\"118989042\",\"numberOfEmployees\":{\"@type\":\"QuantitativeValue\",\"minValue\":\"11\",\"maxValue\":\"50\"},\"publishingPrinciples\":\"https:\/\/talkpal.ai\/publishing-principles\/\",\"actionableFeedbackPolicy\":\"https:\/\/talkpal.ai\/actionable-feedback-policy\/\",\"correctionsPolicy\":\"https:\/\/talkpal.ai\/corrections-policy\/\",\"ethicsPolicy\":\"https:\/\/talkpal.ai\/ethics-policy\/\",\"diversityPolicy\":\"https:\/\/talkpal.ai\/diversity-policy\/\",\"diversityStaffingReport\":\"https:\/\/talkpal.ai\/diversity-policy\/\"}]}<\/script>\n<!-- \/ Yoast SEO Premium plugin. -->","yoast_head_json":{"title":"Lietuvie\u0161u valodas gramatika - Talkpal","description":"Atkl\u0101jiet, k\u0101 lietuvie\u0161u valodas gramatika atspogu\u013co v\u0113sturisko bag\u0101t\u012bbu un lo\u0123iku, padarot to par lielisku m\u0101c\u012bbu valodu m\u012b\u013cot\u0101jiem.","robots":{"index":"index","follow":"follow","max-snippet":"max-snippet:-1","max-image-preview":"max-image-preview:large","max-video-preview":"max-video-preview:-1"},"canonical":"https:\/\/talkpal.ai\/lv\/lietuviesu-valodas-gramatika\/","og_locale":"lv_LV","og_type":"article","og_title":"Lietuvie\u0161u valodas gramatika","og_description":"Lietuvie\u0161u valodas gramatika: aizraujo\u0161s ce\u013cojums caur valodu Vai esat k\u0101dreiz apsv\u0113ris iesp\u0113ju m\u0101c\u012bties lietuvie\u0161u valodu vai vienk\u0101r\u0161i esat ieintri\u0123\u0113jis","og_url":"https:\/\/talkpal.ai\/lv\/lietuviesu-valodas-gramatika\/","og_site_name":"Talkpal","article_publisher":"https:\/\/www.facebook.com\/profile.php?id=100090733639311","article_modified_time":"2025-12-12T10:43:21+00:00","og_image":[{"width":512,"height":512,"url":"https:\/\/talkpal.ai\/wp-content\/uploads\/2023\/05\/Lithuanian.png","type":"image\/png"}],"twitter_card":"summary_large_image","twitter_site":"@talkpalai","twitter_misc":{"Est. reading time":"3 minutes"},"schema":{"@context":"https:\/\/schema.org","@graph":[{"@type":"WebPage","@id":"https:\/\/talkpal.ai\/lv\/lietuviesu-valodas-gramatika\/","url":"https:\/\/talkpal.ai\/lv\/lietuviesu-valodas-gramatika\/","name":"Lietuvie\u0161u valodas gramatika - Talkpal","isPartOf":{"@id":"https:\/\/talkpal.ai\/lv\/#website"},"primaryImageOfPage":{"@id":"https:\/\/talkpal.ai\/lv\/lietuviesu-valodas-gramatika\/#primaryimage"},"image":{"@id":"https:\/\/talkpal.ai\/lv\/lietuviesu-valodas-gramatika\/#primaryimage"},"thumbnailUrl":"https:\/\/talkpal.ai\/wp-content\/uploads\/2023\/05\/Lithuanian.png","datePublished":"2023-05-14T14:10:42+00:00","dateModified":"2025-12-12T10:43:21+00:00","description":"Atkl\u0101jiet, k\u0101 lietuvie\u0161u valodas gramatika atspogu\u013co v\u0113sturisko bag\u0101t\u012bbu un lo\u0123iku, padarot to par lielisku m\u0101c\u012bbu valodu m\u012b\u013cot\u0101jiem.","breadcrumb":{"@id":"https:\/\/talkpal.ai\/lv\/lietuviesu-valodas-gramatika\/#breadcrumb"},"inLanguage":"lv-LV","potentialAction":[{"@type":"ReadAction","target":["https:\/\/talkpal.ai\/lv\/lietuviesu-valodas-gramatika\/"]}]},{"@type":"ImageObject","inLanguage":"lv-LV","@id":"https:\/\/talkpal.ai\/lv\/lietuviesu-valodas-gramatika\/#primaryimage","url":"https:\/\/talkpal.ai\/wp-content\/uploads\/2023\/05\/Lithuanian.png","contentUrl":"https:\/\/talkpal.ai\/wp-content\/uploads\/2023\/05\/Lithuanian.png","width":512,"height":512},{"@type":"BreadcrumbList","@id":"https:\/\/talkpal.ai\/lv\/lietuviesu-valodas-gramatika\/#breadcrumb","itemListElement":[{"@type":"ListItem","position":1,"name":"Homepage","item":"https:\/\/talkpal.ai\/lv\/"},{"@type":"ListItem","position":2,"name":"Lietuvie\u0161u valodas gramatika"}]},{"@type":"WebSite","@id":"https:\/\/talkpal.ai\/lv\/#website","url":"https:\/\/talkpal.ai\/lv\/","name":"Talkpal","description":"AI Language Learning","publisher":{"@id":"https:\/\/talkpal.ai\/lv\/#organization"},"alternateName":"Talkpal AI","potentialAction":[{"@type":"SearchAction","target":{"@type":"EntryPoint","urlTemplate":"https:\/\/talkpal.ai\/lv\/?s={search_term_string}"},"query-input":{"@type":"PropertyValueSpecification","valueRequired":true,"valueName":"search_term_string"}}],"inLanguage":"lv-LV"},{"@type":"Organization","@id":"https:\/\/talkpal.ai\/lv\/#organization","name":"Talkpal, Inc.","alternateName":"Talkpal AI","url":"https:\/\/talkpal.ai\/lv\/","logo":{"@type":"ImageObject","inLanguage":"lv-LV","@id":"https:\/\/talkpal.ai\/lv\/#\/schema\/logo\/image\/","url":"https:\/\/talkpal.ai\/wp-content\/uploads\/2024\/03\/Talkpal-Logo-Icon.png","contentUrl":"https:\/\/talkpal.ai\/wp-content\/uploads\/2024\/03\/Talkpal-Logo-Icon.png","width":2880,"height":2880,"caption":"Talkpal, Inc."},"image":{"@id":"https:\/\/talkpal.ai\/lv\/#\/schema\/logo\/image\/"},"sameAs":["https:\/\/www.facebook.com\/profile.php?id=100090733639311","https:\/\/x.com\/talkpalai","https:\/\/www.linkedin.com\/company\/talkpal\/","https:\/\/www.youtube.com\/@TalkPal\/","https:\/\/www.tiktok.com\/@talkpal","https:\/\/www.instagram.com\/talkpal_ai\/","https:\/\/www.crunchbase.com\/organization\/talkpal-9cde","https:\/\/www.g2.com\/products\/talkpal-for-business\/","https:\/\/www.trustpilot.com\/review\/talkpal.ai","https:\/\/www.capterra.com\/p\/10006800\/TalkPal\/"],"description":"Talkpal is a language learning web and mobile education app, powered by the latest AI technologies, that provides engaging experiences to its customers in many different languages to help them improve their language skills. Users can chat about unlimited amount of topics with the app and use other modes to practice their language learning.","email":"support@talkpal.ai","legalName":"Talkpal, Inc.","foundingDate":"2023-04-03","duns":"118989042","numberOfEmployees":{"@type":"QuantitativeValue","minValue":"11","maxValue":"50"},"publishingPrinciples":"https:\/\/talkpal.ai\/publishing-principles\/","actionableFeedbackPolicy":"https:\/\/talkpal.ai\/actionable-feedback-policy\/","correctionsPolicy":"https:\/\/talkpal.ai\/corrections-policy\/","ethicsPolicy":"https:\/\/talkpal.ai\/ethics-policy\/","diversityPolicy":"https:\/\/talkpal.ai\/diversity-policy\/","diversityStaffingReport":"https:\/\/talkpal.ai\/diversity-policy\/"}]}},"_links":{"self":[{"href":"https:\/\/talkpal.ai\/lv\/wp-json\/wp\/v2\/pages\/146230","targetHints":{"allow":["GET"]}}],"collection":[{"href":"https:\/\/talkpal.ai\/lv\/wp-json\/wp\/v2\/pages"}],"about":[{"href":"https:\/\/talkpal.ai\/lv\/wp-json\/wp\/v2\/types\/page"}],"author":[{"embeddable":true,"href":"https:\/\/talkpal.ai\/lv\/wp-json\/wp\/v2\/users\/1"}],"replies":[{"embeddable":true,"href":"https:\/\/talkpal.ai\/lv\/wp-json\/wp\/v2\/comments?post=146230"}],"version-history":[{"count":0,"href":"https:\/\/talkpal.ai\/lv\/wp-json\/wp\/v2\/pages\/146230\/revisions"}],"wp:featuredmedia":[{"embeddable":true,"href":"https:\/\/talkpal.ai\/lv\/wp-json\/wp\/v2\/media\/114746"}],"wp:attachment":[{"href":"https:\/\/talkpal.ai\/lv\/wp-json\/wp\/v2\/media?parent=146230"}],"curies":[{"name":"wp","href":"https:\/\/api.w.org\/{rel}","templated":true}]}}