{"id":1461955,"date":"2025-10-22T12:21:47","date_gmt":"2025-10-22T12:21:47","guid":{"rendered":"https:\/\/talkpal.ai\/talkpal-atlaide-studentiem\/"},"modified":"2026-01-22T14:57:08","modified_gmt":"2026-01-22T14:57:08","slug":"talkpal-atlaide-studentiem","status":"publish","type":"page","link":"https:\/\/talkpal.ai\/lv\/talkpal-atlaide-studentiem\/","title":{"rendered":"Talkpal atlaide studentiem"},"content":{"rendered":"<section class=\"languageChallengeSection\">\r\n    <div class=\"languageInfoWrapper\">\r\n        \r\n        <h1>Talkpal atlaide studentiem<\/h1>\r\n        <p>Vai esat students, kas v\u0113las uzlabot savas valodu prasmes? Talkpal pied\u0101v\u0101 ekskluz\u012bvu 79% studentu atlaidi, lai pal\u012bdz\u0113tu jums m\u0101c\u012bties \u0101tr\u0101k un gudr\u0101k. Piek\u013c\u016bstiet vis\u0101m augst\u0101k\u0101s kvalit\u0101tes funkcij\u0101m, praktiz\u0113jiet re\u0101las sarunas ar AI un sasniedziet br\u012bv\u012bbu par pusi cenas.<\/p>\r\n\r\n                    <a class=\"getStartedHidden\" href=\"https:\/\/app.talkpal.ai\/signup?discount=50\">\r\n                Sa\u0146emt atlaidi            <\/a>\r\n            <\/div>\r\n\r\n            <figure>\r\n            <img decoding=\"async\" class=\"no-lazy\" src=\"https:\/\/talkpal.ai\/wp-content\/uploads\/2026\/01\/group-with-phone-in-circle.webp\" alt=\"\" fetchpriority=\"high\" \/>\r\n        <\/figure>\r\n        \r\n                    <a class=\"getStartedVisible\" href=\"https:\/\/app.talkpal.ai\/signup?discount=50\">\r\n                Sa\u0146emt atlaidi            <\/a>\r\n        <\/section><section class=\"featureSection\">\r\n    <div class=\"featureIntroduce\">\r\n        <a class=\"introduceLink\" href=\"https:\/\/app.talkpal.ai\/lv\/signup?lng=\">\r\n            <img decoding=\"async\" src=\"https:\/\/talkpal.ai\/wp-content\/themes\/talkpal\/assets\/img\/Sparkle.svg\" alt=\"\" \/>vismodern\u0101kais\n  AI<\/a>\r\n        <h3 class=\"featureTitle\">Talkpal at\u0161\u0137ir\u012bba<\/h3>\r\n    <\/div>\r\n            <div class=\"introduceWrapper\">\r\n                            <a class=\"introducCard\" href=\"https:\/\/app.talkpal.ai\/lv\/signup?lng=\">\r\n\r\n                    \r\n                                                <img decoding=\"async\" src=\"https:\/\/talkpal.ai\/wp-content\/uploads\/2025\/05\/Immersive_conversations.png\" alt=\"Immersive Conversation Screenshot\" \/>\r\n                        <h4 class=\"introduceTitle\">Personaliz\u0113t\u0101 izgl\u012bt\u012bba<\/h4>\r\n                        <p class=\"cardText\">Katrs skol\u0113ns m\u0101c\u0101s at\u0161\u0137ir\u012bgi, t\u0101pat k\u0101 vi\u0146u ce\u013c\u0161 uz jaunas valodas apguvi. Talkpal m\u0113s izmantojam progres\u012bvu m\u0101ksl\u012bg\u0101 intelekta tehnolo\u0123iju, lai saprastu, k\u0101 miljoniem studentu katru dienu apg\u016bst valodas. Tas pal\u012bdz mums izveidot personaliz\u0113tu, efekt\u012bvu un saisto\u0161u m\u0101c\u012bbu pieredzi, kas \u012bpa\u0161i izstr\u0101d\u0101ta t\u0101diem studentiem k\u0101 j\u016bs.<\/p>\r\n                    \r\n                <\/a>\r\n                            <a class=\"introducCard\" href=\"https:\/\/app.talkpal.ai\/lv\/signup?lng=\">\r\n\r\n                    \r\n                                                <img decoding=\"async\" src=\"https:\/\/talkpal.ai\/wp-content\/uploads\/2025\/05\/Realtime_feedback.png\" alt=\"Feedback Screenshot\" \/>\r\n                        <h4 class=\"introduceTitle\">Modern\u0101k\u0101s tehnolo\u0123ijas<\/h4>\r\n                        <p class=\"cardText\">M\u016bsu misija ir padar\u012bt personaliz\u0113tu valodu apguvi pieejamu visiem skol\u0113niem, apvienojot jaun\u0101k\u0101s inov\u0101cijas m\u0101ksl\u012bg\u0101 intelekta jom\u0101 ar p\u0101rbaud\u012bt\u0101m izgl\u012bt\u012bbas metod\u0113m. Izmantojot Talkpal, j\u016bs ne tikai apmekl\u0113jat nodarb\u012bbas, bet ar\u012b piedz\u012bvojat piel\u0101gotu ce\u013cojumu, kas piel\u0101gojas j\u016bsu tempam, stilam un m\u0113r\u0137iem.<\/p>\r\n                    \r\n                <\/a>\r\n                            <a class=\"introducCard\" href=\"https:\/\/app.talkpal.ai\/lv\/signup?lng=\">\r\n\r\n                    \r\n                                                <img decoding=\"async\" src=\"https:\/\/talkpal.ai\/wp-content\/uploads\/2025\/05\/Personalization.png\" alt=\"Personalization Screenshot\" \/>\r\n                        <h4 class=\"introduceTitle\">M\u0101c\u012b\u0161an\u0101s k\u013c\u016bst aizraujo\u0161a<\/h4>\r\n                        <p class=\"cardText\">M\u0113s uzskat\u0101m, ka valodas apguvei j\u0101b\u016bt jautrai un motiv\u0113jo\u0161ai. T\u0101p\u0113c Talkpal ir izveidots, lai skol\u0113ni b\u016btu iesaist\u012bti un iedvesmoti, padarot m\u0101c\u012b\u0161anos maz\u0101k k\u0101 studijas un vair\u0101k k\u0101 aizraujo\u0161u piedz\u012bvojumu. Pievienojieties t\u016bksto\u0161iem studentu vis\u0101 pasaul\u0113 un s\u0101ciet apg\u016bt savu n\u0101kamo valodu ar Talkpal!<\/p>\r\n                    \r\n                <\/a>\r\n                            <\/div>\r\n                     <a class=\"featureSectionLink\" href=\"https:\/\/app.talkpal.ai\/signup?discount=50\">\r\n                Sa\u0146emt atlaidi            <\/a>\r\n                \r\n<\/section>\r\n\r\n\r\n<section class=\"smartFunSection\">\r\n            \r\n            <div class=\"smartFunCard\">\r\n                <div class=\"smartFunWrapper\"><img decoding=\"async\" src=\"https:\/\/talkpal.ai\/wp-content\/uploads\/2025\/05\/1.png\" alt=\"Learning Stats Screenshot\"><\/div>\r\n                <h3>Piel\u0101gots jums<\/h3>\r\n                <p>Talkpal izmanto m\u0101ksl\u012bg\u0101 intelekta vad\u012btu tehnolo\u0123iju, lai nodro\u0161in\u0101tu personaliz\u0113tas valodu apguves sesijas, kas piel\u0101gotas katra studenta l\u012bmenim un tempam. Katra nodarb\u012bba ir izstr\u0101d\u0101ta, lai apmierin\u0101tu j\u016bsu individu\u0101l\u0101s m\u0101c\u012b\u0161an\u0101s vajadz\u012bbas un pal\u012bdz\u0113tu jums g\u016bt stabilu progresu.<\/p>\r\n            <\/div>\r\n\r\n        \r\n            <div class=\"smartFunCard\">\r\n                <div class=\"smartFunWrapper\"><img decoding=\"async\" src=\"https:\/\/talkpal.ai\/wp-content\/uploads\/2025\/05\/2.png\" alt=\"Pronunciation Score Screenshot\"><\/div>\r\n                <h3>Efekt\u012bva un lietder\u012bga<\/h3>\r\n                <p>Efekt\u012bvi uzlabojiet las\u012b\u0161anas, klaus\u012b\u0161an\u0101s un run\u0101\u0161anas prasmes, izmantojot Talkpal. M\u016bsu inovat\u012bvie m\u0101c\u012bbu r\u012bki ir veidoti, lai padar\u012btu valodu apguvi gan efekt\u012bvu, gan pat\u012bkamu studentiem ar visu izcelsmi.<\/p>\r\n            <\/div>\r\n\r\n        \r\n            <div class=\"smartFunCard\">\r\n                <div class=\"smartFunWrapper\"><img decoding=\"async\" src=\"https:\/\/talkpal.ai\/wp-content\/uploads\/2025\/05\/3.png\" alt=\"Chat Topics Screenshot\"><\/div>\r\n                <h3>Uzturiet iesaisti<\/h3>\r\n                <p>Platforma apvieno sp\u0113l\u0113tus elementus, saisto\u0161us izaicin\u0101jumus un p\u0101rdomas rosino\u0161us jaut\u0101jumus, lai skol\u0113ni b\u016btu motiv\u0113ti un konsekventi. Izmantojot Talkpal, valodu apguve k\u013c\u016bst par jautru ikdienas ieradumu, nevis uzdevumu.<\/p>\r\n            <\/div>\r\n\r\n        \r\n            <div class=\"smartFunCard\">\r\n                <div class=\"smartFunWrapper\"><img decoding=\"async\" src=\"https:\/\/talkpal.ai\/wp-content\/uploads\/2025\/05\/4.png\" alt=\"Dashboard Screenshot\"><\/div>\r\n                <h3>Izbaudiet m\u0101c\u012b\u0161anos<\/h3>\r\n                <p>Jaunas valodas apguvei nav j\u0101b\u016bt garlaic\u012bgai. Talkpal pied\u0101v\u0101 interakt\u012bvus vingrin\u0101jumus, dz\u012bv\u012bgus varo\u0146us un pat humoristiskas AI sarunas, lai m\u0101c\u012b\u0161an\u0101s b\u016btu pat\u012bkama un iedvesmojo\u0161a katra skol\u0113na dienas da\u013ca.<\/p>\r\n            <\/div>\r\n\r\n            \r\n<\/section>\r\n\r\n<section class=\"promotionalBanner\">\r\n    <p class=\"promotionalText\">Talkpal studentiem &#8211; s\u0101ciet m\u0101c\u012bties ar atlaidi<\/p>\r\n                <a class=\"promotionalLink\" href=\"https:\/\/app.talkpal.ai\/signup?discount=50\">\r\n                Sa\u0146emt atlaidi            <\/a>\r\n            \r\n<\/section>","protected":false},"excerpt":{"rendered":"","protected":false},"author":10,"featured_media":0,"parent":0,"menu_order":0,"comment_status":"closed","ping_status":"closed","template":"LearningContentPage.php","meta":{"_acf_changed":false,"footnotes":""},"class_list":["post-1461955","page","type-page","status-publish","hentry"],"acf":[],"yoast_head":"<!-- This site is optimized with the Yoast SEO Premium plugin v27.2 (Yoast SEO v27.2) - https:\/\/yoast.com\/product\/yoast-seo-premium-wordpress\/ -->\n<title>Talkpal atlaide studentiem - Talkpal<\/title>\n<meta name=\"description\" content=\"Sa\u0146emiet ekskluz\u012bvu 79% studentu atlaidi Talkpal, lai \u0101tr\u0101k apg\u016btu valodas, izmantojot personaliz\u0113tu AI sarunu praksi.\" \/>\n<meta name=\"robots\" content=\"index, follow, max-snippet:-1, max-image-preview:large, max-video-preview:-1\" \/>\n<link rel=\"canonical\" href=\"https:\/\/talkpal.ai\/lv\/talkpal-atlaide-studentiem\/\" \/>\n<meta property=\"og:locale\" content=\"lv_LV\" \/>\n<meta property=\"og:type\" content=\"article\" \/>\n<meta property=\"og:title\" content=\"Talkpal atlaide studentiem\" \/>\n<meta property=\"og:url\" content=\"https:\/\/talkpal.ai\/lv\/talkpal-atlaide-studentiem\/\" \/>\n<meta property=\"og:site_name\" content=\"Talkpal\" \/>\n<meta property=\"article:publisher\" content=\"https:\/\/www.facebook.com\/profile.php?id=100090733639311\" \/>\n<meta property=\"article:modified_time\" content=\"2026-01-22T14:57:08+00:00\" \/>\n<meta property=\"og:image\" content=\"https:\/\/talkpal.ai\/wp-content\/uploads\/2025\/02\/Progress-tab-16_9.png\" \/>\n\t<meta property=\"og:image:width\" content=\"2880\" \/>\n\t<meta property=\"og:image:height\" content=\"1620\" \/>\n\t<meta property=\"og:image:type\" content=\"image\/png\" \/>\n<meta name=\"twitter:card\" content=\"summary_large_image\" \/>\n<meta name=\"twitter:site\" content=\"@talkpalai\" \/>\n<script type=\"application\/ld+json\" class=\"yoast-schema-graph\">{\"@context\":\"https:\/\/schema.org\",\"@graph\":[{\"@type\":\"WebPage\",\"@id\":\"https:\/\/talkpal.ai\/lv\/talkpal-atlaide-studentiem\/\",\"url\":\"https:\/\/talkpal.ai\/lv\/talkpal-atlaide-studentiem\/\",\"name\":\"Talkpal atlaide studentiem - Talkpal\",\"isPartOf\":{\"@id\":\"https:\/\/talkpal.ai\/lv\/#website\"},\"datePublished\":\"2025-10-22T12:21:47+00:00\",\"dateModified\":\"2026-01-22T14:57:08+00:00\",\"description\":\"Sa\u0146emiet ekskluz\u012bvu 79% studentu atlaidi Talkpal, lai \u0101tr\u0101k apg\u016btu valodas, izmantojot personaliz\u0113tu AI sarunu praksi.\",\"breadcrumb\":{\"@id\":\"https:\/\/talkpal.ai\/lv\/talkpal-atlaide-studentiem\/#breadcrumb\"},\"inLanguage\":\"lv-LV\",\"potentialAction\":[{\"@type\":\"ReadAction\",\"target\":[\"https:\/\/talkpal.ai\/lv\/talkpal-atlaide-studentiem\/\"]}]},{\"@type\":\"BreadcrumbList\",\"@id\":\"https:\/\/talkpal.ai\/lv\/talkpal-atlaide-studentiem\/#breadcrumb\",\"itemListElement\":[{\"@type\":\"ListItem\",\"position\":1,\"name\":\"Homepage\",\"item\":\"https:\/\/talkpal.ai\/lv\/\"},{\"@type\":\"ListItem\",\"position\":2,\"name\":\"Talkpal atlaide studentiem\"}]},{\"@type\":\"WebSite\",\"@id\":\"https:\/\/talkpal.ai\/lv\/#website\",\"url\":\"https:\/\/talkpal.ai\/lv\/\",\"name\":\"Talkpal\",\"description\":\"AI Language Learning\",\"publisher\":{\"@id\":\"https:\/\/talkpal.ai\/lv\/#organization\"},\"alternateName\":\"Talkpal AI\",\"potentialAction\":[{\"@type\":\"SearchAction\",\"target\":{\"@type\":\"EntryPoint\",\"urlTemplate\":\"https:\/\/talkpal.ai\/lv\/?s={search_term_string}\"},\"query-input\":{\"@type\":\"PropertyValueSpecification\",\"valueRequired\":true,\"valueName\":\"search_term_string\"}}],\"inLanguage\":\"lv-LV\"},{\"@type\":\"Organization\",\"@id\":\"https:\/\/talkpal.ai\/lv\/#organization\",\"name\":\"Talkpal, Inc.\",\"alternateName\":\"Talkpal AI\",\"url\":\"https:\/\/talkpal.ai\/lv\/\",\"logo\":{\"@type\":\"ImageObject\",\"inLanguage\":\"lv-LV\",\"@id\":\"https:\/\/talkpal.ai\/lv\/#\/schema\/logo\/image\/\",\"url\":\"https:\/\/talkpal.ai\/wp-content\/uploads\/2024\/03\/Talkpal-Logo-Icon.png\",\"contentUrl\":\"https:\/\/talkpal.ai\/wp-content\/uploads\/2024\/03\/Talkpal-Logo-Icon.png\",\"width\":2880,\"height\":2880,\"caption\":\"Talkpal, Inc.\"},\"image\":{\"@id\":\"https:\/\/talkpal.ai\/lv\/#\/schema\/logo\/image\/\"},\"sameAs\":[\"https:\/\/www.facebook.com\/profile.php?id=100090733639311\",\"https:\/\/x.com\/talkpalai\",\"https:\/\/www.linkedin.com\/company\/talkpal\/\",\"https:\/\/www.youtube.com\/@TalkPal\/\",\"https:\/\/www.tiktok.com\/@talkpal\",\"https:\/\/www.instagram.com\/talkpal_ai\/\",\"https:\/\/www.crunchbase.com\/organization\/talkpal-9cde\",\"https:\/\/www.g2.com\/products\/talkpal-for-business\/\",\"https:\/\/www.trustpilot.com\/review\/talkpal.ai\",\"https:\/\/www.capterra.com\/p\/10006800\/TalkPal\/\"],\"description\":\"Talkpal is a language learning web and mobile education app, powered by the latest AI technologies, that provides engaging experiences to its customers in many different languages to help them improve their language skills. Users can chat about unlimited amount of topics with the app and use other modes to practice their language learning.\",\"email\":\"support@talkpal.ai\",\"legalName\":\"Talkpal, Inc.\",\"foundingDate\":\"2023-04-03\",\"duns\":\"118989042\",\"numberOfEmployees\":{\"@type\":\"QuantitativeValue\",\"minValue\":\"11\",\"maxValue\":\"50\"},\"publishingPrinciples\":\"https:\/\/talkpal.ai\/publishing-principles\/\",\"actionableFeedbackPolicy\":\"https:\/\/talkpal.ai\/actionable-feedback-policy\/\",\"correctionsPolicy\":\"https:\/\/talkpal.ai\/corrections-policy\/\",\"ethicsPolicy\":\"https:\/\/talkpal.ai\/ethics-policy\/\",\"diversityPolicy\":\"https:\/\/talkpal.ai\/diversity-policy\/\",\"diversityStaffingReport\":\"https:\/\/talkpal.ai\/diversity-policy\/\"}]}<\/script>\n<!-- \/ Yoast SEO Premium plugin. -->","yoast_head_json":{"title":"Talkpal atlaide studentiem - Talkpal","description":"Sa\u0146emiet ekskluz\u012bvu 79% studentu atlaidi Talkpal, lai \u0101tr\u0101k apg\u016btu valodas, izmantojot personaliz\u0113tu AI sarunu praksi.","robots":{"index":"index","follow":"follow","max-snippet":"max-snippet:-1","max-image-preview":"max-image-preview:large","max-video-preview":"max-video-preview:-1"},"canonical":"https:\/\/talkpal.ai\/lv\/talkpal-atlaide-studentiem\/","og_locale":"lv_LV","og_type":"article","og_title":"Talkpal atlaide studentiem","og_url":"https:\/\/talkpal.ai\/lv\/talkpal-atlaide-studentiem\/","og_site_name":"Talkpal","article_publisher":"https:\/\/www.facebook.com\/profile.php?id=100090733639311","article_modified_time":"2026-01-22T14:57:08+00:00","og_image":[{"width":2880,"height":1620,"url":"https:\/\/talkpal.ai\/wp-content\/uploads\/2025\/02\/Progress-tab-16_9.png","type":"image\/png"}],"twitter_card":"summary_large_image","twitter_site":"@talkpalai","schema":{"@context":"https:\/\/schema.org","@graph":[{"@type":"WebPage","@id":"https:\/\/talkpal.ai\/lv\/talkpal-atlaide-studentiem\/","url":"https:\/\/talkpal.ai\/lv\/talkpal-atlaide-studentiem\/","name":"Talkpal atlaide studentiem - Talkpal","isPartOf":{"@id":"https:\/\/talkpal.ai\/lv\/#website"},"datePublished":"2025-10-22T12:21:47+00:00","dateModified":"2026-01-22T14:57:08+00:00","description":"Sa\u0146emiet ekskluz\u012bvu 79% studentu atlaidi Talkpal, lai \u0101tr\u0101k apg\u016btu valodas, izmantojot personaliz\u0113tu AI sarunu praksi.","breadcrumb":{"@id":"https:\/\/talkpal.ai\/lv\/talkpal-atlaide-studentiem\/#breadcrumb"},"inLanguage":"lv-LV","potentialAction":[{"@type":"ReadAction","target":["https:\/\/talkpal.ai\/lv\/talkpal-atlaide-studentiem\/"]}]},{"@type":"BreadcrumbList","@id":"https:\/\/talkpal.ai\/lv\/talkpal-atlaide-studentiem\/#breadcrumb","itemListElement":[{"@type":"ListItem","position":1,"name":"Homepage","item":"https:\/\/talkpal.ai\/lv\/"},{"@type":"ListItem","position":2,"name":"Talkpal atlaide studentiem"}]},{"@type":"WebSite","@id":"https:\/\/talkpal.ai\/lv\/#website","url":"https:\/\/talkpal.ai\/lv\/","name":"Talkpal","description":"AI Language Learning","publisher":{"@id":"https:\/\/talkpal.ai\/lv\/#organization"},"alternateName":"Talkpal AI","potentialAction":[{"@type":"SearchAction","target":{"@type":"EntryPoint","urlTemplate":"https:\/\/talkpal.ai\/lv\/?s={search_term_string}"},"query-input":{"@type":"PropertyValueSpecification","valueRequired":true,"valueName":"search_term_string"}}],"inLanguage":"lv-LV"},{"@type":"Organization","@id":"https:\/\/talkpal.ai\/lv\/#organization","name":"Talkpal, Inc.","alternateName":"Talkpal AI","url":"https:\/\/talkpal.ai\/lv\/","logo":{"@type":"ImageObject","inLanguage":"lv-LV","@id":"https:\/\/talkpal.ai\/lv\/#\/schema\/logo\/image\/","url":"https:\/\/talkpal.ai\/wp-content\/uploads\/2024\/03\/Talkpal-Logo-Icon.png","contentUrl":"https:\/\/talkpal.ai\/wp-content\/uploads\/2024\/03\/Talkpal-Logo-Icon.png","width":2880,"height":2880,"caption":"Talkpal, Inc."},"image":{"@id":"https:\/\/talkpal.ai\/lv\/#\/schema\/logo\/image\/"},"sameAs":["https:\/\/www.facebook.com\/profile.php?id=100090733639311","https:\/\/x.com\/talkpalai","https:\/\/www.linkedin.com\/company\/talkpal\/","https:\/\/www.youtube.com\/@TalkPal\/","https:\/\/www.tiktok.com\/@talkpal","https:\/\/www.instagram.com\/talkpal_ai\/","https:\/\/www.crunchbase.com\/organization\/talkpal-9cde","https:\/\/www.g2.com\/products\/talkpal-for-business\/","https:\/\/www.trustpilot.com\/review\/talkpal.ai","https:\/\/www.capterra.com\/p\/10006800\/TalkPal\/"],"description":"Talkpal is a language learning web and mobile education app, powered by the latest AI technologies, that provides engaging experiences to its customers in many different languages to help them improve their language skills. Users can chat about unlimited amount of topics with the app and use other modes to practice their language learning.","email":"support@talkpal.ai","legalName":"Talkpal, Inc.","foundingDate":"2023-04-03","duns":"118989042","numberOfEmployees":{"@type":"QuantitativeValue","minValue":"11","maxValue":"50"},"publishingPrinciples":"https:\/\/talkpal.ai\/publishing-principles\/","actionableFeedbackPolicy":"https:\/\/talkpal.ai\/actionable-feedback-policy\/","correctionsPolicy":"https:\/\/talkpal.ai\/corrections-policy\/","ethicsPolicy":"https:\/\/talkpal.ai\/ethics-policy\/","diversityPolicy":"https:\/\/talkpal.ai\/diversity-policy\/","diversityStaffingReport":"https:\/\/talkpal.ai\/diversity-policy\/"}]}},"_links":{"self":[{"href":"https:\/\/talkpal.ai\/lv\/wp-json\/wp\/v2\/pages\/1461955","targetHints":{"allow":["GET"]}}],"collection":[{"href":"https:\/\/talkpal.ai\/lv\/wp-json\/wp\/v2\/pages"}],"about":[{"href":"https:\/\/talkpal.ai\/lv\/wp-json\/wp\/v2\/types\/page"}],"author":[{"embeddable":true,"href":"https:\/\/talkpal.ai\/lv\/wp-json\/wp\/v2\/users\/10"}],"replies":[{"embeddable":true,"href":"https:\/\/talkpal.ai\/lv\/wp-json\/wp\/v2\/comments?post=1461955"}],"version-history":[{"count":0,"href":"https:\/\/talkpal.ai\/lv\/wp-json\/wp\/v2\/pages\/1461955\/revisions"}],"wp:attachment":[{"href":"https:\/\/talkpal.ai\/lv\/wp-json\/wp\/v2\/media?parent=1461955"}],"curies":[{"name":"wp","href":"https:\/\/api.w.org\/{rel}","templated":true}]}}