{"id":145564,"date":"2023-05-14T14:09:47","date_gmt":"2023-05-14T14:09:47","guid":{"rendered":"http:\/\/talkpal.ai\/kannada-gramatika\/"},"modified":"2025-12-11T16:22:41","modified_gmt":"2025-12-11T16:22:41","slug":"kannada-gramatika","status":"publish","type":"page","link":"https:\/\/talkpal.ai\/lv\/kannada-gramatika\/","title":{"rendered":"Kannada gramatika"},"content":{"rendered":"\r\n\r\n\r\n<section class=\"languageChallengeSection\">\r\n    <div class=\"languageInfoWrapper\">\r\n        \r\n        <h1>Kannada gramatika<\/h1>\r\n        <p>V\u0113laties iepaz\u012bt <a href=\"https:\/\/talkpal.ai\/learn-kannada\/\">Kannadu<\/a>? Iepaz\u012bstieties ar kann\u0101das <a href=\"https:\/\/talkpal.ai\/what-language-is-spoken-on-the-international-space-station\/\">valodas<\/a> gramatiku, kur\u0101 ir bag\u0101t\u012bga darb\u012bbas v\u0101rdu loc\u012b\u0161ana, lietv\u0101rdu dzimtes un lo\u0123iska paju sist\u0113ma, kas atdz\u012bvina valodu. S\u0101ciet m\u0101c\u012bties jau \u0161odien &#8211; Kann\u0101das gramatikas apguve sniegs jums r\u012bkus, kas \u013caus dzi\u013ci iepaz\u012bt Karnataka dz\u012bv\u012bgo kult\u016bru un dro\u0161i sazin\u0101ties vien\u0101 no Dienvidindijas izteiksm\u012bg\u0101kaj\u0101m valod\u0101m!<\/p>\r\n\r\n                            <a class=\"getStartedHidden\" href=\"https:\/\/app.talkpal.ai\/lv\/signup?lng=\">S\u0101c<\/a>\r\n        \r\n    <\/div>\r\n\r\n    <figure>\r\n    <img decoding=\"async\" width=\"768\" height=\"768\" src=\"https:\/\/talkpal.ai\/wp-content\/uploads\/2023\/06\/Kannada-768x768.png\" class=\"languageImage no-lazy\" alt=\"Language learning for increased mental flexibility\" fetchpriority=\"high\" sizes=\"(max-width: 768px) 150px, 768px\" srcset=\"https:\/\/talkpal.ai\/wp-content\/uploads\/2023\/06\/Kannada-768x768.png 768w, https:\/\/talkpal.ai\/wp-content\/uploads\/2023\/06\/Kannada-300x300.png 300w\" \/>\r\n    \r\n\r\n    <\/figure>\r\n\r\n            <a class=\"getStartedVisible\" href=\"https:\/\/app.talkpal.ai\/lv\/signup?lng=\">S\u0101c<\/a>\r\n    \r\n<\/section>\r\n<section class=\"promotionalBanner\">\r\n    <p class=\"promotionalText\">Visefekt\u012bv\u0101kais <a href=\"https:\/\/talkpal.ai\/best-way-to-learn\/\">veids<\/a>, k\u0101 apg\u016bt valodu<\/p>\r\n    <a class=\"promotionalLink\" href=\"https:\/\/app.talkpal.ai\/lv\/signup?lng=\">Izm\u0113\u0123iniet Talkpal bez maksas<\/a>\r\n<\/section>\n<div class=\"wp-block-group pageContainerStyle\"><div class=\"wp-block-group__inner-container is-layout-constrained wp-block-group-is-layout-constrained\">\n<h2 class=\"wp-block-heading\" id=\"h-kannada-grammar-an-insight-into-the-richness-of-the-dravidian-language\">Kannada gramatika: ieskats dravidie\u0161u valodas bag\u0101t\u012bb\u0101<\/h2>\n\n\n\n<p>Vai esat k\u0101dreiz dom\u0101ju\u0161i par Indijas valodu daudzveid\u012bbu? K\u0101 valodas entuziasts vai zi\u0146k\u0101r\u012bgs valodas apguv\u0113js j\u016bs var\u0113tu b\u016bt ieinteres\u0113ts tuv\u0101k apskat\u012bt vienu no Indijas klasiskaj\u0101m valod\u0101m &#8211; kannadu. <a href=\"https:\/\/talkpal.ai\/learn-kannada\/\">Kannada<\/a> ir dravidie\u0161u valoda, kur\u0101 run\u0101 galvenok\u0101rt Karnatakas dienvidu \u0161tat\u0101. T\u0101 ir dzimt\u0101 valoda aptuveni 44 miljoniem cilv\u0113ku, padarot to par vienu no galvenaj\u0101m Indijas valod\u0101m. Iegremd\u0113simies aizraujo\u0161aj\u0101 kann\u0101das gramatikas pasaul\u0113 un uzzin\u0101sim vair\u0101k par \u0161o skaisto valodu.<\/p>\n\n\n\n<h3 class=\"wp-block-heading\" id=\"h-the-linguistic-alphabet-kannada-script\">Lingvistiskais alfab\u0113ts: Kannada skripts<\/h3>\n\n\n\n<p>Kannada rakst\u012bba, paz\u012bstama ar\u012b k\u0101 &#8220;\u0c95\u0ca8\u0ccd\u0ca8\u0ca1 \u0cb2\u0cbf\u0caa\u0cbf&#8221; (Kannada Lipi), ir abugida &#8211; rakst\u012bbas sist\u0113ma ar zilbiskiem alfab\u0113tiem. Katrs burts apz\u012bm\u0113 at\u0161\u0137ir\u012bgu l\u012bdzska\u0146u un patska\u0146u kombin\u0101ciju. Skripts sast\u0101v no 49 rakstz\u012bm\u0113m, ieskaitot 34 l\u012bdzska\u0146us un 13 patska\u0146us. Kann\u0101das rakst\u012bba ar vizu\u0101li at\u0161\u0137ir\u012bgu izskatu ir lielisks un unik\u0101ls veids, k\u0101 nodot valodas ska\u0146as un noz\u012bmes.<\/p>\n\n\n\n<h3 class=\"wp-block-heading\" id=\"h-nouns-pronouns-and-cases-more-than-meets-the-eye\">Lietv\u0101rdi, vietniekv\u0101rdi un gad\u012bjumi &#8211; vair\u0101k nek\u0101 satiekas ar aci<\/h3>\n\n\n\n<p>Kannadu lietv\u0101rdi ir unik\u0101li, pateicoties to deklin\u0101cijas sist\u0113mai \u2013 tie seko lietu sist\u0113mai, l\u012bdz\u012bgi k\u0101 citas dravidie\u0161u valodas. Kannad\u0101 ir asto\u0146i gad\u012bjumi, kas pal\u012bdz defin\u0113t attiec\u012bbas starp lietv\u0101rdu un citiem v\u0101rdiem teikum\u0101: nominat\u012bvs, akuzat\u012bvs, instrument\u0101ls, dat\u012bvs, ablat\u012bvs, \u0123enit\u012bvs, lokat\u012bvs un vokat\u012bvs. Lietv\u0101rdi kannad\u0101 tiek klasific\u0113ti ar\u012b p\u0113c dzimuma (v\u012bri\u0161\u0137ais, sievi\u0161\u0137ais un neitr\u0101ls) un skaita (vienskaitlis, daudzskaitlis un divk\u0101r\u0161s &#8211; reta iez\u012bme indie\u0161u valod\u0101s).<\/p>\n\n\n\n<p>Ar\u012b vietniekv\u0101rdi Kannad\u0101 ir aizraujo\u0161i. Vi\u0146iem ir at\u0161\u0137ir\u012bbas katram cilv\u0113kam (pirmajam, otrajam un tre\u0161ajam), skaitlim (vienskaitlim, daudzskaitlim un du\u0101lam) un dzimumam (v\u012bri\u0161\u0137\u012bgam, sievi\u0161\u0137\u012bgam un neitr\u0101lam). Turkl\u0101t kan\u0101die\u0161u valod\u0101 ir vair\u0101kas goda uzrunas formas, kas liecina par valodas kult\u016bras aspektiem &#8211; cie\u0146u un piekl\u0101j\u012bbu.<\/p>\n\n\n\n<h3 class=\"wp-block-heading\" id=\"h-venturing-into-verbs-tenses-aspects-and-moods\">Iedzi\u013cin\u0101\u0161an\u0101s darb\u012bbas v\u0101rdos: sasprindzin\u0101jums, aspekti un noska\u0146as<\/h3>\n\n\n\n<p>Kannada darb\u012bbas v\u0101rdus raksturo bag\u0101ta konjug\u0101cijas sist\u0113ma. Darb\u012bbas v\u0101rdi ir konjug\u0113ti atbilsto\u0161i sasprindzin\u0101jumam (pag\u0101tne, tagadne un n\u0101kotne), aspektam (perfekcioniskam vai nepiln\u012bgam) un noska\u0146ojumam (indikat\u012bvs, imperat\u012bvs un nosac\u012bts). Papildu sare\u017e\u0123\u012bt\u012bba tiek pievienota ar c\u0113lo\u0146u darb\u012bbas v\u0101rdu un pas\u012bvo un akt\u012bvo balsu kl\u0101tb\u016btni. Konjug\u0101cija ir atkar\u012bga no personas, skaita un dzimuma, padarot Kannada darb\u012bbas v\u0101rda formas \u013coti inflekt\u0113tas un sare\u017e\u0123\u012btas.<\/p>\n\n\n\n<h3 class=\"wp-block-heading\" id=\"h-adjectives-adverbs-and-more\">\u012apa\u0161\u012bbas v\u0101rdi, adverbi un citi<\/h3>\n\n\n\n<p>Kannada \u012bpa\u0161\u012bbas v\u0101rdi un cipari sakr\u012bt ar lietv\u0101rdiem, kurus tie maina dzimuma, skaita un gad\u012bjuma zi\u0146\u0101. \u012apa\u0161\u012bbas v\u0101rdus var inflekt\u0113t t\u0101pat k\u0101 lietv\u0101rdus, un tos var pat apvienot, lai veidotu adverbus. Valoda izmanto ar\u012b da\u017e\u0101dus savienojumus, da\u013ci\u0146as un priev\u0101rdus, lai apvienotu teikumus un to sast\u0101vda\u013cas vienot\u0101 un izteiksm\u012bg\u0101 veselum\u0101.<\/p>\n\n\n\n<h3 class=\"wp-block-heading\" id=\"h-embracing-the-beauty-of-kannada-grammar\">Kannada gramatikas skaistuma aptver\u0161ana<\/h3>\n\n\n\n<p>Kannada gramatikas pasaule ir tikpat aizraujo\u0161a, cik sare\u017e\u0123\u012bta. Sare\u017e\u0123\u012bt\u0101 lietu sist\u0113ma, unik\u0101lais skripts un \u013coti inflekt\u0113t\u0101s darb\u012bbas v\u0101rdu formas pie\u0161\u0137ir Kannadai t\u0101s \u0161armu un bag\u0101t\u012bbu. Iedzi\u013cinoties \u0161\u012bs izsmalcin\u0101t\u0101s valodas sf\u0113r\u0101s, j\u016bs ieg\u016bstat dzi\u013c\u0101ku izpratni par Indijas valodu un kult\u016bru daudzveid\u012bbu.<\/p>\n\n\n\n<p>T\u0101tad, k\u0101p\u0113c gan neizp\u0113t\u012bt Kannadas skaistumu t\u0101l\u0101k? Ar aizraut\u012bbu un zin\u0101tk\u0101ri j\u016bs dr\u012bz var\u0113tu izbaud\u012bt lielisko literat\u016bru, kino un m\u016bziku \u0161aj\u0101 majest\u0101tiskaj\u0101 valod\u0101. Priec\u012bgu m\u0101c\u012b\u0161anos!<\/p>\n<\/div><\/div>\n\r\n<section class=\"learnNavigationSection\">\r\n            \r\n        <a href=\"https:\/\/talkpal.ai\/lv\/uzziniet-kannadu\/\">\r\n            <div class=\"learnNavigationWrapper\">\r\n                <div class=\"learnNavigationContent\">\r\n                    <img decoding=\"async\" src=\"https:\/\/talkpal.ai\/wp-content\/uploads\/2024\/08\/Kannada.jpg\" alt=\"Indian Simplified Flag\">\r\n                    <div>\r\n                        <h4>Par Kannada m\u0101c\u012b\u0161anos<\/h4>\r\n                        <p>Uzziniet visu par Kannada gramatiku.<\/p>\r\n                    <\/div>\r\n                <\/div>\r\n            <\/div>\r\n        <\/a>\r\n\r\n        \r\n        <a href=\"https:\/\/talkpal.ai\/lv\/kannada-gramatikas-vingrinajumi\/\">\r\n            <div class=\"learnNavigationWrapper\">\r\n                <div class=\"learnNavigationContent\">\r\n                    <img decoding=\"async\" src=\"https:\/\/talkpal.ai\/wp-content\/uploads\/2024\/08\/Kannada.jpg\" alt=\"Indian Simplified Flag\">\r\n                    <div>\r\n                        <h4>Kannada gramatikas vingrin\u0101jums<\/h4>\r\n                        <p>Praktiz\u0113jiet Kannada gramatiku.<\/p>\r\n                    <\/div>\r\n                <\/div>\r\n            <\/div>\r\n        <\/a>\r\n\r\n        \r\n        <a href=\"https:\/\/talkpal.ai\/vocabulary_language\/kannada\/\">\r\n            <div class=\"learnNavigationWrapper\">\r\n                <div class=\"learnNavigationContent\">\r\n                    <img decoding=\"async\" src=\"https:\/\/talkpal.ai\/wp-content\/uploads\/2024\/08\/Kannada.jpg\" alt=\"Indian Simplified Flag\">\r\n                    <div>\r\n                        <h4>Kannada v\u0101rdn\u012bca<\/h4>\r\n                        <p>Papla\u0161iniet savu kan\u0101die\u0161u valodas v\u0101rdu kr\u0101jumu.<\/p>\r\n                    <\/div>\r\n                <\/div>\r\n            <\/div>\r\n        <\/a>\r\n\r\n            <\/section>","protected":false},"excerpt":{"rendered":"<p>Kannada gramatika: ieskats dravidie\u0161u valodas bag\u0101t\u012bb\u0101 Vai esat k\u0101dreiz dom\u0101ju\u0161i par Indijas valodu daudzveid\u012bbu? K\u0101 valodas entuziasts vai zi\u0146k\u0101r\u012bgs valodas apguv\u0113js j\u016bs var\u0113tu b\u016bt ieinteres\u0113ts tuv\u0101k apskat\u012bt vienu no Indijas klasiskaj\u0101m valod\u0101m &#8211; kannadu. Kannada ir dravidie\u0161u valoda, kur\u0101 run\u0101 galvenok\u0101rt Karnatakas dienvidu \u0161tat\u0101. T\u0101 ir dzimt\u0101 valoda aptuveni 44 miljoniem cilv\u0113ku, padarot to par [&hellip;]<\/p>\n","protected":false},"author":1,"featured_media":113646,"parent":0,"menu_order":0,"comment_status":"closed","ping_status":"closed","template":"LearningContentPage.php","meta":{"_acf_changed":false,"footnotes":""},"class_list":["post-145564","page","type-page","status-publish","has-post-thumbnail","hentry"],"acf":[],"yoast_head":"<!-- This site is optimized with the Yoast SEO Premium plugin v27.2 (Yoast SEO v27.2) - https:\/\/yoast.com\/product\/yoast-seo-premium-wordpress\/ -->\n<title>Kannada gramatika - Talkpal<\/title>\n<meta name=\"description\" content=\"Uzziniet Kannada gramatiku p\u0101rliecino\u0161i - izprotiet galvenos noteikumus, uzlabojiet teikumu uzb\u016bvi un veiciniet teikuma pl\u016bdumu\" \/>\n<meta name=\"robots\" content=\"index, follow, max-snippet:-1, max-image-preview:large, max-video-preview:-1\" \/>\n<link rel=\"canonical\" href=\"https:\/\/talkpal.ai\/lv\/kannada-gramatika\/\" \/>\n<meta property=\"og:locale\" content=\"lv_LV\" \/>\n<meta property=\"og:type\" content=\"article\" \/>\n<meta property=\"og:title\" content=\"Kannada gramatika\" \/>\n<meta property=\"og:description\" content=\"Kannada gramatika: ieskats dravidie\u0161u valodas bag\u0101t\u012bb\u0101 Vai esat k\u0101dreiz dom\u0101ju\u0161i par Indijas valodu daudzveid\u012bbu? K\u0101 valodas entuziasts vai zi\u0146k\u0101r\u012bgs\" \/>\n<meta property=\"og:url\" content=\"https:\/\/talkpal.ai\/lv\/kannada-gramatika\/\" \/>\n<meta property=\"og:site_name\" content=\"Talkpal\" \/>\n<meta property=\"article:publisher\" content=\"https:\/\/www.facebook.com\/profile.php?id=100090733639311\" \/>\n<meta property=\"article:modified_time\" content=\"2025-12-11T16:22:41+00:00\" \/>\n<meta property=\"og:image\" content=\"https:\/\/talkpal.ai\/wp-content\/uploads\/2023\/05\/Kannada-india.png\" \/>\n\t<meta property=\"og:image:width\" content=\"512\" \/>\n\t<meta property=\"og:image:height\" content=\"512\" \/>\n\t<meta property=\"og:image:type\" content=\"image\/png\" \/>\n<meta name=\"twitter:card\" content=\"summary_large_image\" \/>\n<meta name=\"twitter:site\" content=\"@talkpalai\" \/>\n<meta name=\"twitter:label1\" content=\"Est. reading time\" \/>\n\t<meta name=\"twitter:data1\" content=\"3 minutes\" \/>\n<script type=\"application\/ld+json\" class=\"yoast-schema-graph\">{\"@context\":\"https:\/\/schema.org\",\"@graph\":[{\"@type\":\"WebPage\",\"@id\":\"https:\/\/talkpal.ai\/lv\/kannada-gramatika\/\",\"url\":\"https:\/\/talkpal.ai\/lv\/kannada-gramatika\/\",\"name\":\"Kannada gramatika - Talkpal\",\"isPartOf\":{\"@id\":\"https:\/\/talkpal.ai\/lv\/#website\"},\"primaryImageOfPage\":{\"@id\":\"https:\/\/talkpal.ai\/lv\/kannada-gramatika\/#primaryimage\"},\"image\":{\"@id\":\"https:\/\/talkpal.ai\/lv\/kannada-gramatika\/#primaryimage\"},\"thumbnailUrl\":\"https:\/\/talkpal.ai\/wp-content\/uploads\/2023\/05\/Kannada-india.png\",\"datePublished\":\"2023-05-14T14:09:47+00:00\",\"dateModified\":\"2025-12-11T16:22:41+00:00\",\"description\":\"Uzziniet Kannada gramatiku p\u0101rliecino\u0161i - izprotiet galvenos noteikumus, uzlabojiet teikumu uzb\u016bvi un veiciniet teikuma pl\u016bdumu\",\"breadcrumb\":{\"@id\":\"https:\/\/talkpal.ai\/lv\/kannada-gramatika\/#breadcrumb\"},\"inLanguage\":\"lv-LV\",\"potentialAction\":[{\"@type\":\"ReadAction\",\"target\":[\"https:\/\/talkpal.ai\/lv\/kannada-gramatika\/\"]}]},{\"@type\":\"ImageObject\",\"inLanguage\":\"lv-LV\",\"@id\":\"https:\/\/talkpal.ai\/lv\/kannada-gramatika\/#primaryimage\",\"url\":\"https:\/\/talkpal.ai\/wp-content\/uploads\/2023\/05\/Kannada-india.png\",\"contentUrl\":\"https:\/\/talkpal.ai\/wp-content\/uploads\/2023\/05\/Kannada-india.png\",\"width\":512,\"height\":512},{\"@type\":\"BreadcrumbList\",\"@id\":\"https:\/\/talkpal.ai\/lv\/kannada-gramatika\/#breadcrumb\",\"itemListElement\":[{\"@type\":\"ListItem\",\"position\":1,\"name\":\"Homepage\",\"item\":\"https:\/\/talkpal.ai\/lv\/\"},{\"@type\":\"ListItem\",\"position\":2,\"name\":\"Kannada gramatika\"}]},{\"@type\":\"WebSite\",\"@id\":\"https:\/\/talkpal.ai\/lv\/#website\",\"url\":\"https:\/\/talkpal.ai\/lv\/\",\"name\":\"Talkpal\",\"description\":\"AI Language Learning\",\"publisher\":{\"@id\":\"https:\/\/talkpal.ai\/lv\/#organization\"},\"alternateName\":\"Talkpal AI\",\"potentialAction\":[{\"@type\":\"SearchAction\",\"target\":{\"@type\":\"EntryPoint\",\"urlTemplate\":\"https:\/\/talkpal.ai\/lv\/?s={search_term_string}\"},\"query-input\":{\"@type\":\"PropertyValueSpecification\",\"valueRequired\":true,\"valueName\":\"search_term_string\"}}],\"inLanguage\":\"lv-LV\"},{\"@type\":\"Organization\",\"@id\":\"https:\/\/talkpal.ai\/lv\/#organization\",\"name\":\"Talkpal, Inc.\",\"alternateName\":\"Talkpal AI\",\"url\":\"https:\/\/talkpal.ai\/lv\/\",\"logo\":{\"@type\":\"ImageObject\",\"inLanguage\":\"lv-LV\",\"@id\":\"https:\/\/talkpal.ai\/lv\/#\/schema\/logo\/image\/\",\"url\":\"https:\/\/talkpal.ai\/wp-content\/uploads\/2024\/03\/Talkpal-Logo-Icon.png\",\"contentUrl\":\"https:\/\/talkpal.ai\/wp-content\/uploads\/2024\/03\/Talkpal-Logo-Icon.png\",\"width\":2880,\"height\":2880,\"caption\":\"Talkpal, Inc.\"},\"image\":{\"@id\":\"https:\/\/talkpal.ai\/lv\/#\/schema\/logo\/image\/\"},\"sameAs\":[\"https:\/\/www.facebook.com\/profile.php?id=100090733639311\",\"https:\/\/x.com\/talkpalai\",\"https:\/\/www.linkedin.com\/company\/talkpal\/\",\"https:\/\/www.youtube.com\/@TalkPal\/\",\"https:\/\/www.tiktok.com\/@talkpal\",\"https:\/\/www.instagram.com\/talkpal_ai\/\",\"https:\/\/www.crunchbase.com\/organization\/talkpal-9cde\",\"https:\/\/www.g2.com\/products\/talkpal-for-business\/\",\"https:\/\/www.trustpilot.com\/review\/talkpal.ai\",\"https:\/\/www.capterra.com\/p\/10006800\/TalkPal\/\"],\"description\":\"Talkpal is a language learning web and mobile education app, powered by the latest AI technologies, that provides engaging experiences to its customers in many different languages to help them improve their language skills. Users can chat about unlimited amount of topics with the app and use other modes to practice their language learning.\",\"email\":\"support@talkpal.ai\",\"legalName\":\"Talkpal, Inc.\",\"foundingDate\":\"2023-04-03\",\"duns\":\"118989042\",\"numberOfEmployees\":{\"@type\":\"QuantitativeValue\",\"minValue\":\"11\",\"maxValue\":\"50\"},\"publishingPrinciples\":\"https:\/\/talkpal.ai\/publishing-principles\/\",\"actionableFeedbackPolicy\":\"https:\/\/talkpal.ai\/actionable-feedback-policy\/\",\"correctionsPolicy\":\"https:\/\/talkpal.ai\/corrections-policy\/\",\"ethicsPolicy\":\"https:\/\/talkpal.ai\/ethics-policy\/\",\"diversityPolicy\":\"https:\/\/talkpal.ai\/diversity-policy\/\",\"diversityStaffingReport\":\"https:\/\/talkpal.ai\/diversity-policy\/\"}]}<\/script>\n<!-- \/ Yoast SEO Premium plugin. -->","yoast_head_json":{"title":"Kannada gramatika - Talkpal","description":"Uzziniet Kannada gramatiku p\u0101rliecino\u0161i - izprotiet galvenos noteikumus, uzlabojiet teikumu uzb\u016bvi un veiciniet teikuma pl\u016bdumu","robots":{"index":"index","follow":"follow","max-snippet":"max-snippet:-1","max-image-preview":"max-image-preview:large","max-video-preview":"max-video-preview:-1"},"canonical":"https:\/\/talkpal.ai\/lv\/kannada-gramatika\/","og_locale":"lv_LV","og_type":"article","og_title":"Kannada gramatika","og_description":"Kannada gramatika: ieskats dravidie\u0161u valodas bag\u0101t\u012bb\u0101 Vai esat k\u0101dreiz dom\u0101ju\u0161i par Indijas valodu daudzveid\u012bbu? K\u0101 valodas entuziasts vai zi\u0146k\u0101r\u012bgs","og_url":"https:\/\/talkpal.ai\/lv\/kannada-gramatika\/","og_site_name":"Talkpal","article_publisher":"https:\/\/www.facebook.com\/profile.php?id=100090733639311","article_modified_time":"2025-12-11T16:22:41+00:00","og_image":[{"width":512,"height":512,"url":"https:\/\/talkpal.ai\/wp-content\/uploads\/2023\/05\/Kannada-india.png","type":"image\/png"}],"twitter_card":"summary_large_image","twitter_site":"@talkpalai","twitter_misc":{"Est. reading time":"3 minutes"},"schema":{"@context":"https:\/\/schema.org","@graph":[{"@type":"WebPage","@id":"https:\/\/talkpal.ai\/lv\/kannada-gramatika\/","url":"https:\/\/talkpal.ai\/lv\/kannada-gramatika\/","name":"Kannada gramatika - Talkpal","isPartOf":{"@id":"https:\/\/talkpal.ai\/lv\/#website"},"primaryImageOfPage":{"@id":"https:\/\/talkpal.ai\/lv\/kannada-gramatika\/#primaryimage"},"image":{"@id":"https:\/\/talkpal.ai\/lv\/kannada-gramatika\/#primaryimage"},"thumbnailUrl":"https:\/\/talkpal.ai\/wp-content\/uploads\/2023\/05\/Kannada-india.png","datePublished":"2023-05-14T14:09:47+00:00","dateModified":"2025-12-11T16:22:41+00:00","description":"Uzziniet Kannada gramatiku p\u0101rliecino\u0161i - izprotiet galvenos noteikumus, uzlabojiet teikumu uzb\u016bvi un veiciniet teikuma pl\u016bdumu","breadcrumb":{"@id":"https:\/\/talkpal.ai\/lv\/kannada-gramatika\/#breadcrumb"},"inLanguage":"lv-LV","potentialAction":[{"@type":"ReadAction","target":["https:\/\/talkpal.ai\/lv\/kannada-gramatika\/"]}]},{"@type":"ImageObject","inLanguage":"lv-LV","@id":"https:\/\/talkpal.ai\/lv\/kannada-gramatika\/#primaryimage","url":"https:\/\/talkpal.ai\/wp-content\/uploads\/2023\/05\/Kannada-india.png","contentUrl":"https:\/\/talkpal.ai\/wp-content\/uploads\/2023\/05\/Kannada-india.png","width":512,"height":512},{"@type":"BreadcrumbList","@id":"https:\/\/talkpal.ai\/lv\/kannada-gramatika\/#breadcrumb","itemListElement":[{"@type":"ListItem","position":1,"name":"Homepage","item":"https:\/\/talkpal.ai\/lv\/"},{"@type":"ListItem","position":2,"name":"Kannada gramatika"}]},{"@type":"WebSite","@id":"https:\/\/talkpal.ai\/lv\/#website","url":"https:\/\/talkpal.ai\/lv\/","name":"Talkpal","description":"AI Language Learning","publisher":{"@id":"https:\/\/talkpal.ai\/lv\/#organization"},"alternateName":"Talkpal AI","potentialAction":[{"@type":"SearchAction","target":{"@type":"EntryPoint","urlTemplate":"https:\/\/talkpal.ai\/lv\/?s={search_term_string}"},"query-input":{"@type":"PropertyValueSpecification","valueRequired":true,"valueName":"search_term_string"}}],"inLanguage":"lv-LV"},{"@type":"Organization","@id":"https:\/\/talkpal.ai\/lv\/#organization","name":"Talkpal, Inc.","alternateName":"Talkpal AI","url":"https:\/\/talkpal.ai\/lv\/","logo":{"@type":"ImageObject","inLanguage":"lv-LV","@id":"https:\/\/talkpal.ai\/lv\/#\/schema\/logo\/image\/","url":"https:\/\/talkpal.ai\/wp-content\/uploads\/2024\/03\/Talkpal-Logo-Icon.png","contentUrl":"https:\/\/talkpal.ai\/wp-content\/uploads\/2024\/03\/Talkpal-Logo-Icon.png","width":2880,"height":2880,"caption":"Talkpal, Inc."},"image":{"@id":"https:\/\/talkpal.ai\/lv\/#\/schema\/logo\/image\/"},"sameAs":["https:\/\/www.facebook.com\/profile.php?id=100090733639311","https:\/\/x.com\/talkpalai","https:\/\/www.linkedin.com\/company\/talkpal\/","https:\/\/www.youtube.com\/@TalkPal\/","https:\/\/www.tiktok.com\/@talkpal","https:\/\/www.instagram.com\/talkpal_ai\/","https:\/\/www.crunchbase.com\/organization\/talkpal-9cde","https:\/\/www.g2.com\/products\/talkpal-for-business\/","https:\/\/www.trustpilot.com\/review\/talkpal.ai","https:\/\/www.capterra.com\/p\/10006800\/TalkPal\/"],"description":"Talkpal is a language learning web and mobile education app, powered by the latest AI technologies, that provides engaging experiences to its customers in many different languages to help them improve their language skills. Users can chat about unlimited amount of topics with the app and use other modes to practice their language learning.","email":"support@talkpal.ai","legalName":"Talkpal, Inc.","foundingDate":"2023-04-03","duns":"118989042","numberOfEmployees":{"@type":"QuantitativeValue","minValue":"11","maxValue":"50"},"publishingPrinciples":"https:\/\/talkpal.ai\/publishing-principles\/","actionableFeedbackPolicy":"https:\/\/talkpal.ai\/actionable-feedback-policy\/","correctionsPolicy":"https:\/\/talkpal.ai\/corrections-policy\/","ethicsPolicy":"https:\/\/talkpal.ai\/ethics-policy\/","diversityPolicy":"https:\/\/talkpal.ai\/diversity-policy\/","diversityStaffingReport":"https:\/\/talkpal.ai\/diversity-policy\/"}]}},"_links":{"self":[{"href":"https:\/\/talkpal.ai\/lv\/wp-json\/wp\/v2\/pages\/145564","targetHints":{"allow":["GET"]}}],"collection":[{"href":"https:\/\/talkpal.ai\/lv\/wp-json\/wp\/v2\/pages"}],"about":[{"href":"https:\/\/talkpal.ai\/lv\/wp-json\/wp\/v2\/types\/page"}],"author":[{"embeddable":true,"href":"https:\/\/talkpal.ai\/lv\/wp-json\/wp\/v2\/users\/1"}],"replies":[{"embeddable":true,"href":"https:\/\/talkpal.ai\/lv\/wp-json\/wp\/v2\/comments?post=145564"}],"version-history":[{"count":0,"href":"https:\/\/talkpal.ai\/lv\/wp-json\/wp\/v2\/pages\/145564\/revisions"}],"wp:featuredmedia":[{"embeddable":true,"href":"https:\/\/talkpal.ai\/lv\/wp-json\/wp\/v2\/media\/113646"}],"wp:attachment":[{"href":"https:\/\/talkpal.ai\/lv\/wp-json\/wp\/v2\/media?parent=145564"}],"curies":[{"name":"wp","href":"https:\/\/api.w.org\/{rel}","templated":true}]}}