{"id":145168,"date":"2023-05-14T14:09:29","date_gmt":"2023-05-14T14:09:29","guid":{"rendered":"http:\/\/talkpal.ai\/indoneziesu-gramatika\/"},"modified":"2025-12-13T15:42:34","modified_gmt":"2025-12-13T15:42:34","slug":"indoneziesu-gramatika","status":"publish","type":"page","link":"https:\/\/talkpal.ai\/lv\/indoneziesu-gramatika\/","title":{"rendered":"Indon\u0113zie\u0161u gramatika"},"content":{"rendered":"\r\n\r\n\r\n<section class=\"languageChallengeSection\">\r\n    <div class=\"languageInfoWrapper\">\r\n        \r\n        <h1>Indon\u0113zie\u0161u gramatika<\/h1>\r\n        <p>Vai v\u0113laties apg\u016bt <a href=\"https:\/\/talkpal.ai\/learn-indonesian\/\">indon\u0113zie\u0161u<\/a> valodu? <a href=\"https:\/\/talkpal.ai\/learn-indonesian\/\">Indon\u0113zie\u0161u<\/a> valoda ar t\u0101s vienk\u0101r\u0161o gramatiku &#8211; bez darb\u012bbas v\u0101rdu loc\u012b\u0161anas, bez lietv\u0101rdu dzimtes un vienk\u0101r\u0161u teikuma strukt\u016bru &#8211; ir viena no skol\u0113niem draudz\u012bg\u0101kaj\u0101m valod\u0101m. S\u0101ciet savu ce\u013cojumu jau \u0161odien un uzziniet, k\u0101 indon\u0113zie\u0161u <a href=\"https:\/\/talkpal.ai\/what-language-is-spoken-on-the-international-space-station\/\">valodas<\/a> gramatikas izpratne var \u0101tri pav\u0113rt pla\u0161\u0101kas saskarsmes un spilgtas kult\u016bras pieredzes pasauli!<\/p>\r\n\r\n                            <a class=\"getStartedHidden\" href=\"https:\/\/app.talkpal.ai\/lv\/signup?lng=\">S\u0101c<\/a>\r\n        \r\n    <\/div>\r\n\r\n    <figure>\r\n    <img decoding=\"async\" width=\"768\" height=\"768\" src=\"https:\/\/talkpal.ai\/wp-content\/uploads\/2023\/06\/indonesia-768x768.png\" class=\"languageImage no-lazy\" alt=\"Language learning for personal achievement\" fetchpriority=\"high\" sizes=\"(max-width: 768px) 150px, 768px\" srcset=\"https:\/\/talkpal.ai\/wp-content\/uploads\/2023\/06\/indonesia-768x768.png 768w, https:\/\/talkpal.ai\/wp-content\/uploads\/2023\/06\/indonesia-300x300.png 300w\" \/>\r\n    \r\n\r\n    <\/figure>\r\n\r\n            <a class=\"getStartedVisible\" href=\"https:\/\/app.talkpal.ai\/lv\/signup?lng=\">S\u0101c<\/a>\r\n    \r\n<\/section>\r\n<section class=\"promotionalBanner\">\r\n    <p class=\"promotionalText\"><\/p>\r\n    <a class=\"promotionalLink\" href=\"https:\/\/app.talkpal.ai\/lv\/signup?lng=\"><\/a>\r\n<\/section>\n<div class=\"wp-block-group pageContainerStyle\"><div class=\"wp-block-group__inner-container is-layout-constrained wp-block-group-is-layout-constrained\">\n<h2 class=\"wp-block-heading\" id=\"h-the-wonders-of-indonesian-grammar-a-guide-for-language-learners\">Indon\u0113zie\u0161u gramatikas br\u012bnumi: ce\u013cvedis valodu apguv\u0113jiem<\/h2>\n\n\n\n<p><a href=\"https:\/\/talkpal.ai\/indonesian-grammar\/\">Indon\u0113zie\u0161u valodas gramatika<\/a> &#8211; vienk\u0101r\u0161a, bet eleganta, viesm\u012bl\u012bga, bet saisto\u0161a, pieejama, bet aizraujo\u0161a. Uzs\u0101kot savu ce\u013cojumu, lai apg\u016btu indon\u0113zie\u0161u valodu, esiet dro\u0161i, ka t\u0101s gramatikas pie\u0146em\u0161ana b\u016bs pat\u012bkama pieredze. Ar \u0161o rakstu m\u016bsu m\u0113r\u0137is ir sniegt jums izpratni par indon\u0113zijas gramatikas galvenajiem aspektiem un pal\u012bdz\u0113t jums aptvert \u0161\u012bs Dienvidaustrum\u0101zijas valodas skaistumu.<\/p>\n\n\n\n<p>Iepaz\u012bsim indon\u0113zie\u0161u valodas gramatikas pamatelementus ar skaidrojumiem un piem\u0113riem, kas padara noteikumus un j\u0113dzienus apburo\u0161i skaidrus. T\u0101tad, aps\u0113dieties, atp\u016btieties un \u013caujiet mums jums at\u0161\u0137etin\u0101t aizraujo\u0161os Indon\u0113zijas gramatikas nosl\u0113pumus.<\/p>\n\n\n\n<h3 class=\"wp-block-heading\" id=\"h-1-nouns-no-genders-no-plurals-no-stress\">1. Lietv\u0101rdi: nav dzimtu, nav daudzskait\u013ca, nav stresa!<\/h3>\n\n\n\n<p>Viens no atsvaidzino\u0161\u0101kajiem Indon\u0113zijas gramatikas aspektiem ir t\u0101s lietv\u0101rdu sist\u0113mas vienk\u0101r\u0161\u012bba. Indon\u0113zie\u0161u lietv\u0101rdiem nav dzimtes vai daudzskait\u013ca formu. Tas noz\u012bm\u0113, ka j\u016bs sak\u0101t &#8220;anjing&#8221; (suns) neatkar\u012bgi no t\u0101, vai runa ir par vienu kuc\u0113nu vai pieaugu\u0161o su\u0146u grupu.<\/p>\n\n\n\n<p>Lai nor\u0101d\u012btu daudzskait\u013ca formu, varat vai nu atk\u0101rtot lietv\u0101rdu (piem\u0113ram, &#8220;anak-anak&#8221; &#8211; &#8220;b\u0113rni&#8221;), vai ar\u012b lietot daudzskait\u013ca formu, piem\u0113ram, &#8220;banyak&#8221; (daudzi) vai &#8220;beberapa&#8221; (da\u017ei). Tas ir viss! Vai tas nav k\u0101 svaiga gaisa malks sal\u012bdzin\u0101jum\u0101 ar cit\u0101m valod\u0101m?<\/p>\n\n\n\n<h3 class=\"wp-block-heading\" id=\"h-2-pronouns-staying-humble-and-respectful\">2. Vietniekv\u0101rdi: palikt pazem\u012bgam un cie\u0146pilnam<\/h3>\n\n\n\n<p>Indon\u0113zie\u0161u gramatik\u0101 tiek izmantoti da\u017e\u0101di vietniekv\u0101rdi, kuru pamat\u0101 ir da\u017e\u0101di formalit\u0101tes l\u012bme\u0146i. Atbilsto\u0161a vietniekv\u0101rda lieto\u0161ana, uzrun\u0101jot k\u0101du, ir b\u016btiska, lai par\u0101d\u012btu cie\u0146u un pazem\u012bbu. Piem\u0113ram, &#8220;aku&#8221; (es\/man) ir nepiespiests un int\u012bms, &#8220;saya&#8221; ir piekl\u0101j\u012bgs un neitr\u0101ls, bet &#8220;saya&#8221; ir form\u0101ls un pazem\u012bgs. T\u0101pat &#8220;kamu&#8221; (j\u016bs) ir neform\u0101ls, &#8220;Anda&#8221; ir piekl\u0101j\u012bgs, bet &#8220;Bapak\/Ibu&#8221; (kungs\/\u013cipena kungs) tiek lietots tikai \u013coti form\u0101l\u0101s situ\u0101cij\u0101s.<\/p>\n\n\n\n<p>Atcerieties, ka jaunaj\u0101s vai neskaidraj\u0101s situ\u0101cij\u0101s vienm\u0113r ir ieteicams b\u016bt piekl\u0101j\u012bgam.<\/p>\n\n\n\n<h3 class=\"wp-block-heading\" id=\"h-3-verbs-no-conjugations-but-prefixes-and-suffixes-galore\">3. Darb\u012bbas v\u0101rdi: Nav konjug\u0101ciju, bet prefiksi un sufiksi Galore!<\/h3>\n\n\n\n<p>Indon\u0113zie\u0161u darb\u012bbas v\u0101rdi paliek nemain\u012bgi neatkar\u012bgi no sasprindzin\u0101juma, garast\u0101vok\u013ca vai priek\u0161meta, padarot tos daudz vienk\u0101r\u0161\u0101kus nek\u0101 darb\u012bbas v\u0101rdi daudz\u0101s cit\u0101s valod\u0101s. Tom\u0113r jums b\u016bs j\u0101p\u0101rzina pried\u0113k\u013cu un pried\u0113k\u013cu lietojums, lai main\u012btu darb\u012bbas v\u0101rda noz\u012bmi.<\/p>\n\n\n\n<p>Da\u017eas izplat\u012bt\u0101k\u0101s pried\u0113k\u013cu formas ir &#8220;me-&#8221; (akt\u012bvie darb\u012bbas v\u0101rdi), &#8220;di-&#8221; (pas\u012bvie darb\u012bbas v\u0101rdi) un &#8220;ber-&#8221; (<a href=\"https:\/\/talkpal.ai\/lv\/grammar\/stativie-darbibas-vardi-anglu-valodas-gramatika\/\">stat\u012bvie darb\u012bbas v\u0101rdi<\/a>). Bie\u017ei sastopamie sufiksi ir &#8220;-kan&#8221; (c\u0113lo\u0146darb\u012bbas v\u0101rdi) un &#8220;-i&#8221; (p\u0101rejas darb\u012bbas v\u0101rdi). Piem\u0113ram, &#8220;makan&#8221; noz\u012bm\u0113 &#8220;\u0113st&#8221;, &#8220;memakan&#8221; noz\u012bm\u0113 &#8220;pat\u0113r\u0113t&#8221;, bet &#8220;dimakan&#8221; noz\u012bm\u0113 &#8220;tikt ap\u0113stam&#8221;.<\/p>\n\n\n\n<h3 class=\"wp-block-heading\" id=\"h-4-word-order-subject-verb-object-simplicity\">4. V\u0101rdu sec\u012bba: subjekta-darb\u012bbas v\u0101rda-objekta vienk\u0101r\u0161\u012bba!<\/h3>\n\n\n\n<p>Indon\u0113zie\u0161u valodas gramatika atbilst vienk\u0101r\u0161ai subjekta-verba-objekta (SVO) v\u0101rdu sec\u012bbai, l\u012bdz\u012bgi k\u0101 <a href=\"https:\/\/talkpal.ai\/learn-english-with-ai\/\">ang\u013cu<\/a> valod\u0101. Tas padara teikumu veido\u0161anu un izpratni daudz viegl\u0101ku angliski run\u0101jo\u0161ajiem. Piem\u0113ram, &#8220;Saya memakan pisang&#8221; tie\u0161i tulkojams k\u0101 &#8220;Es (subjekts) \u0113du (darb\u012bbas v\u0101rds) ban\u0101nu (objekts)&#8221;.<\/p>\n\n\n\n<h3 class=\"wp-block-heading\" id=\"h-5-immerse-yourself-in-indonesian-practice-makes-perfect\">5. Iegremd\u0113jieties indon\u0113zie\u0161u valod\u0101: prakse padara perfektu<\/h3>\n\n\n\n<p>Indon\u0113zie\u0161u gramatikas skaistums sl\u0113pjas t\u0101s vienk\u0101r\u0161\u012bb\u0101 un pieejam\u012bb\u0101. Regul\u0101ra prakse, lasot, rakstot, klausoties un run\u0101jot, pal\u012bdz\u0113s apg\u016bt valodu un t\u0101s gramatiku. Pie\u0146emiet izaicin\u0101jumus, p\u0101rvariet sare\u017e\u0123\u012bjumus un atraisiet indon\u0113zie\u0161u valodas patieso \u0161armu.<\/p>\n\n\n\n<p>T\u0101tad, vai esat gatavs ienirt Indon\u0113zijas gramatikas br\u012bnumos? Tuvojieties <a href=\"https:\/\/talkpal.ai\/learn-thai\/\">tai<\/a> ar p\u0101rliec\u012bbu un zin\u0101tk\u0101ri, un ar ap\u0146em\u0161anos un aizraut\u012bbu j\u016bs dr\u012bz varat k\u013c\u016bt par dai\u013crun\u012bgu indon\u0113zie\u0161u run\u0101t\u0101ju. Selamat belajar! (Priec\u012bgu stud\u0113\u0161anu!)<\/p>\n<\/div><\/div>\n\r\n<section class=\"learnNavigationSection\">\r\n            \r\n        <a href=\"https:\/\/talkpal.ai\/lv\/uzziniet-indoneziesu-valodu\/\">\r\n            <div class=\"learnNavigationWrapper\">\r\n                <div class=\"learnNavigationContent\">\r\n                    <img decoding=\"async\" src=\"https:\/\/talkpal.ai\/wp-content\/uploads\/2024\/08\/Indonesian.jpg\" alt=\"Indonesian Flag\">\r\n                    <div>\r\n                        <h4>Par indon\u0113zie\u0161u valodas apguvi<\/h4>\r\n                        <p>Uzziniet visu par indon\u0113zie\u0161u gramatiku.<\/p>\r\n                    <\/div>\r\n                <\/div>\r\n            <\/div>\r\n        <\/a>\r\n\r\n        \r\n        <a href=\"https:\/\/talkpal.ai\/lv\/indoneziesu-gramatikas-vingrinajumi\/\">\r\n            <div class=\"learnNavigationWrapper\">\r\n                <div class=\"learnNavigationContent\">\r\n                    <img decoding=\"async\" src=\"https:\/\/talkpal.ai\/wp-content\/uploads\/2024\/08\/Indonesian.jpg\" alt=\"Indonesian Flag\">\r\n                    <div>\r\n                        <h4>Indon\u0113zie\u0161u valodas gramatikas vingrin\u0101jums<\/h4>\r\n                        <p>Praktiz\u0113jiet indon\u0113zie\u0161u gramatiku.<\/p>\r\n                    <\/div>\r\n                <\/div>\r\n            <\/div>\r\n        <\/a>\r\n\r\n        \r\n        <a href=\"https:\/\/talkpal.ai\/vocabulary_language\/indonesian\/\">\r\n            <div class=\"learnNavigationWrapper\">\r\n                <div class=\"learnNavigationContent\">\r\n                    <img decoding=\"async\" src=\"https:\/\/talkpal.ai\/wp-content\/uploads\/2024\/08\/Indonesian.jpg\" alt=\"Indonesian Flag\">\r\n                    <div>\r\n                        <h4>Indon\u0113zie\u0161u valodas v\u0101rdn\u012bca<\/h4>\r\n                        <p>Papla\u0161iniet savu indon\u0113zie\u0161u valodas v\u0101rdu kr\u0101jumu.<\/p>\r\n                    <\/div>\r\n                <\/div>\r\n            <\/div>\r\n        <\/a>\r\n\r\n            <\/section>","protected":false},"excerpt":{"rendered":"<p>Indon\u0113zie\u0161u gramatikas br\u012bnumi: ce\u013cvedis valodu apguv\u0113jiem Indon\u0113zie\u0161u valodas gramatika &#8211; vienk\u0101r\u0161a, bet eleganta, viesm\u012bl\u012bga, bet saisto\u0161a, pieejama, bet aizraujo\u0161a. Uzs\u0101kot savu ce\u013cojumu, lai apg\u016btu indon\u0113zie\u0161u valodu, esiet dro\u0161i, ka t\u0101s gramatikas pie\u0146em\u0161ana b\u016bs pat\u012bkama pieredze. Ar \u0161o rakstu m\u016bsu m\u0113r\u0137is ir sniegt jums izpratni par indon\u0113zijas gramatikas galvenajiem aspektiem un pal\u012bdz\u0113t jums aptvert \u0161\u012bs Dienvidaustrum\u0101zijas [&hellip;]<\/p>\n","protected":false},"author":1,"featured_media":114022,"parent":0,"menu_order":0,"comment_status":"closed","ping_status":"closed","template":"LearningContentPage.php","meta":{"_acf_changed":false,"footnotes":""},"class_list":["post-145168","page","type-page","status-publish","has-post-thumbnail","hentry"],"acf":[],"yoast_head":"<!-- This site is optimized with the Yoast SEO Premium plugin v27.2 (Yoast SEO v27.2) - https:\/\/yoast.com\/product\/yoast-seo-premium-wordpress\/ -->\n<title>Indon\u0113zie\u0161u gramatika - Talkpal<\/title>\n<meta name=\"description\" content=\"Apg\u016bstiet indon\u0113zie\u0161u valodas gramatiku bez piep\u016bles, izmantojot Talkpal&#039;s AI valodas apguves lietotni. P\u0101rliecino\u0161i sazin\u0101ties, izmantojot Talkpalm\u0101ksl\u012bg\u0101 intelekta vad\u012bbu.\" \/>\n<meta name=\"robots\" content=\"index, follow, max-snippet:-1, max-image-preview:large, max-video-preview:-1\" \/>\n<link rel=\"canonical\" href=\"https:\/\/talkpal.ai\/lv\/indoneziesu-gramatika\/\" \/>\n<meta property=\"og:locale\" content=\"lv_LV\" \/>\n<meta property=\"og:type\" content=\"article\" \/>\n<meta property=\"og:title\" content=\"Indon\u0113zie\u0161u gramatika\" \/>\n<meta property=\"og:description\" content=\"Indon\u0113zie\u0161u gramatikas br\u012bnumi: ce\u013cvedis valodu apguv\u0113jiem Indon\u0113zie\u0161u valodas gramatika - vienk\u0101r\u0161a, bet eleganta, viesm\u012bl\u012bga, bet saisto\u0161a, pieejama,\" \/>\n<meta property=\"og:url\" content=\"https:\/\/talkpal.ai\/lv\/indoneziesu-gramatika\/\" \/>\n<meta property=\"og:site_name\" content=\"Talkpal\" \/>\n<meta property=\"article:publisher\" content=\"https:\/\/www.facebook.com\/profile.php?id=100090733639311\" \/>\n<meta property=\"article:modified_time\" content=\"2025-12-13T15:42:34+00:00\" \/>\n<meta property=\"og:image\" content=\"https:\/\/talkpal.ai\/wp-content\/uploads\/2023\/05\/indonesia.png\" \/>\n\t<meta property=\"og:image:width\" content=\"512\" \/>\n\t<meta property=\"og:image:height\" content=\"512\" \/>\n\t<meta property=\"og:image:type\" content=\"image\/png\" \/>\n<meta name=\"twitter:card\" content=\"summary_large_image\" \/>\n<meta name=\"twitter:site\" content=\"@talkpalai\" \/>\n<meta name=\"twitter:label1\" content=\"Est. reading time\" \/>\n\t<meta name=\"twitter:data1\" content=\"3 minutes\" \/>\n<script type=\"application\/ld+json\" class=\"yoast-schema-graph\">{\"@context\":\"https:\/\/schema.org\",\"@graph\":[{\"@type\":\"WebPage\",\"@id\":\"https:\/\/talkpal.ai\/lv\/indoneziesu-gramatika\/\",\"url\":\"https:\/\/talkpal.ai\/lv\/indoneziesu-gramatika\/\",\"name\":\"Indon\u0113zie\u0161u gramatika - Talkpal\",\"isPartOf\":{\"@id\":\"https:\/\/talkpal.ai\/lv\/#website\"},\"primaryImageOfPage\":{\"@id\":\"https:\/\/talkpal.ai\/lv\/indoneziesu-gramatika\/#primaryimage\"},\"image\":{\"@id\":\"https:\/\/talkpal.ai\/lv\/indoneziesu-gramatika\/#primaryimage\"},\"thumbnailUrl\":\"https:\/\/talkpal.ai\/wp-content\/uploads\/2023\/05\/indonesia.png\",\"datePublished\":\"2023-05-14T14:09:29+00:00\",\"dateModified\":\"2025-12-13T15:42:34+00:00\",\"description\":\"Apg\u016bstiet indon\u0113zie\u0161u valodas gramatiku bez piep\u016bles, izmantojot Talkpal's AI valodas apguves lietotni. P\u0101rliecino\u0161i sazin\u0101ties, izmantojot Talkpalm\u0101ksl\u012bg\u0101 intelekta vad\u012bbu.\",\"breadcrumb\":{\"@id\":\"https:\/\/talkpal.ai\/lv\/indoneziesu-gramatika\/#breadcrumb\"},\"inLanguage\":\"lv-LV\",\"potentialAction\":[{\"@type\":\"ReadAction\",\"target\":[\"https:\/\/talkpal.ai\/lv\/indoneziesu-gramatika\/\"]}]},{\"@type\":\"ImageObject\",\"inLanguage\":\"lv-LV\",\"@id\":\"https:\/\/talkpal.ai\/lv\/indoneziesu-gramatika\/#primaryimage\",\"url\":\"https:\/\/talkpal.ai\/wp-content\/uploads\/2023\/05\/indonesia.png\",\"contentUrl\":\"https:\/\/talkpal.ai\/wp-content\/uploads\/2023\/05\/indonesia.png\",\"width\":512,\"height\":512},{\"@type\":\"BreadcrumbList\",\"@id\":\"https:\/\/talkpal.ai\/lv\/indoneziesu-gramatika\/#breadcrumb\",\"itemListElement\":[{\"@type\":\"ListItem\",\"position\":1,\"name\":\"Homepage\",\"item\":\"https:\/\/talkpal.ai\/lv\/\"},{\"@type\":\"ListItem\",\"position\":2,\"name\":\"Indon\u0113zie\u0161u gramatika\"}]},{\"@type\":\"WebSite\",\"@id\":\"https:\/\/talkpal.ai\/lv\/#website\",\"url\":\"https:\/\/talkpal.ai\/lv\/\",\"name\":\"Talkpal\",\"description\":\"AI Language Learning\",\"publisher\":{\"@id\":\"https:\/\/talkpal.ai\/lv\/#organization\"},\"alternateName\":\"Talkpal AI\",\"potentialAction\":[{\"@type\":\"SearchAction\",\"target\":{\"@type\":\"EntryPoint\",\"urlTemplate\":\"https:\/\/talkpal.ai\/lv\/?s={search_term_string}\"},\"query-input\":{\"@type\":\"PropertyValueSpecification\",\"valueRequired\":true,\"valueName\":\"search_term_string\"}}],\"inLanguage\":\"lv-LV\"},{\"@type\":\"Organization\",\"@id\":\"https:\/\/talkpal.ai\/lv\/#organization\",\"name\":\"Talkpal, Inc.\",\"alternateName\":\"Talkpal AI\",\"url\":\"https:\/\/talkpal.ai\/lv\/\",\"logo\":{\"@type\":\"ImageObject\",\"inLanguage\":\"lv-LV\",\"@id\":\"https:\/\/talkpal.ai\/lv\/#\/schema\/logo\/image\/\",\"url\":\"https:\/\/talkpal.ai\/wp-content\/uploads\/2024\/03\/Talkpal-Logo-Icon.png\",\"contentUrl\":\"https:\/\/talkpal.ai\/wp-content\/uploads\/2024\/03\/Talkpal-Logo-Icon.png\",\"width\":2880,\"height\":2880,\"caption\":\"Talkpal, Inc.\"},\"image\":{\"@id\":\"https:\/\/talkpal.ai\/lv\/#\/schema\/logo\/image\/\"},\"sameAs\":[\"https:\/\/www.facebook.com\/profile.php?id=100090733639311\",\"https:\/\/x.com\/talkpalai\",\"https:\/\/www.linkedin.com\/company\/talkpal\/\",\"https:\/\/www.youtube.com\/@TalkPal\/\",\"https:\/\/www.tiktok.com\/@talkpal\",\"https:\/\/www.instagram.com\/talkpal_ai\/\",\"https:\/\/www.crunchbase.com\/organization\/talkpal-9cde\",\"https:\/\/www.g2.com\/products\/talkpal-for-business\/\",\"https:\/\/www.trustpilot.com\/review\/talkpal.ai\",\"https:\/\/www.capterra.com\/p\/10006800\/TalkPal\/\"],\"description\":\"Talkpal is a language learning web and mobile education app, powered by the latest AI technologies, that provides engaging experiences to its customers in many different languages to help them improve their language skills. Users can chat about unlimited amount of topics with the app and use other modes to practice their language learning.\",\"email\":\"support@talkpal.ai\",\"legalName\":\"Talkpal, Inc.\",\"foundingDate\":\"2023-04-03\",\"duns\":\"118989042\",\"numberOfEmployees\":{\"@type\":\"QuantitativeValue\",\"minValue\":\"11\",\"maxValue\":\"50\"},\"publishingPrinciples\":\"https:\/\/talkpal.ai\/publishing-principles\/\",\"actionableFeedbackPolicy\":\"https:\/\/talkpal.ai\/actionable-feedback-policy\/\",\"correctionsPolicy\":\"https:\/\/talkpal.ai\/corrections-policy\/\",\"ethicsPolicy\":\"https:\/\/talkpal.ai\/ethics-policy\/\",\"diversityPolicy\":\"https:\/\/talkpal.ai\/diversity-policy\/\",\"diversityStaffingReport\":\"https:\/\/talkpal.ai\/diversity-policy\/\"}]}<\/script>\n<!-- \/ Yoast SEO Premium plugin. -->","yoast_head_json":{"title":"Indon\u0113zie\u0161u gramatika - Talkpal","description":"Apg\u016bstiet indon\u0113zie\u0161u valodas gramatiku bez piep\u016bles, izmantojot Talkpal's AI valodas apguves lietotni. P\u0101rliecino\u0161i sazin\u0101ties, izmantojot Talkpalm\u0101ksl\u012bg\u0101 intelekta vad\u012bbu.","robots":{"index":"index","follow":"follow","max-snippet":"max-snippet:-1","max-image-preview":"max-image-preview:large","max-video-preview":"max-video-preview:-1"},"canonical":"https:\/\/talkpal.ai\/lv\/indoneziesu-gramatika\/","og_locale":"lv_LV","og_type":"article","og_title":"Indon\u0113zie\u0161u gramatika","og_description":"Indon\u0113zie\u0161u gramatikas br\u012bnumi: ce\u013cvedis valodu apguv\u0113jiem Indon\u0113zie\u0161u valodas gramatika - vienk\u0101r\u0161a, bet eleganta, viesm\u012bl\u012bga, bet saisto\u0161a, pieejama,","og_url":"https:\/\/talkpal.ai\/lv\/indoneziesu-gramatika\/","og_site_name":"Talkpal","article_publisher":"https:\/\/www.facebook.com\/profile.php?id=100090733639311","article_modified_time":"2025-12-13T15:42:34+00:00","og_image":[{"width":512,"height":512,"url":"https:\/\/talkpal.ai\/wp-content\/uploads\/2023\/05\/indonesia.png","type":"image\/png"}],"twitter_card":"summary_large_image","twitter_site":"@talkpalai","twitter_misc":{"Est. reading time":"3 minutes"},"schema":{"@context":"https:\/\/schema.org","@graph":[{"@type":"WebPage","@id":"https:\/\/talkpal.ai\/lv\/indoneziesu-gramatika\/","url":"https:\/\/talkpal.ai\/lv\/indoneziesu-gramatika\/","name":"Indon\u0113zie\u0161u gramatika - Talkpal","isPartOf":{"@id":"https:\/\/talkpal.ai\/lv\/#website"},"primaryImageOfPage":{"@id":"https:\/\/talkpal.ai\/lv\/indoneziesu-gramatika\/#primaryimage"},"image":{"@id":"https:\/\/talkpal.ai\/lv\/indoneziesu-gramatika\/#primaryimage"},"thumbnailUrl":"https:\/\/talkpal.ai\/wp-content\/uploads\/2023\/05\/indonesia.png","datePublished":"2023-05-14T14:09:29+00:00","dateModified":"2025-12-13T15:42:34+00:00","description":"Apg\u016bstiet indon\u0113zie\u0161u valodas gramatiku bez piep\u016bles, izmantojot Talkpal's AI valodas apguves lietotni. P\u0101rliecino\u0161i sazin\u0101ties, izmantojot Talkpalm\u0101ksl\u012bg\u0101 intelekta vad\u012bbu.","breadcrumb":{"@id":"https:\/\/talkpal.ai\/lv\/indoneziesu-gramatika\/#breadcrumb"},"inLanguage":"lv-LV","potentialAction":[{"@type":"ReadAction","target":["https:\/\/talkpal.ai\/lv\/indoneziesu-gramatika\/"]}]},{"@type":"ImageObject","inLanguage":"lv-LV","@id":"https:\/\/talkpal.ai\/lv\/indoneziesu-gramatika\/#primaryimage","url":"https:\/\/talkpal.ai\/wp-content\/uploads\/2023\/05\/indonesia.png","contentUrl":"https:\/\/talkpal.ai\/wp-content\/uploads\/2023\/05\/indonesia.png","width":512,"height":512},{"@type":"BreadcrumbList","@id":"https:\/\/talkpal.ai\/lv\/indoneziesu-gramatika\/#breadcrumb","itemListElement":[{"@type":"ListItem","position":1,"name":"Homepage","item":"https:\/\/talkpal.ai\/lv\/"},{"@type":"ListItem","position":2,"name":"Indon\u0113zie\u0161u gramatika"}]},{"@type":"WebSite","@id":"https:\/\/talkpal.ai\/lv\/#website","url":"https:\/\/talkpal.ai\/lv\/","name":"Talkpal","description":"AI Language Learning","publisher":{"@id":"https:\/\/talkpal.ai\/lv\/#organization"},"alternateName":"Talkpal AI","potentialAction":[{"@type":"SearchAction","target":{"@type":"EntryPoint","urlTemplate":"https:\/\/talkpal.ai\/lv\/?s={search_term_string}"},"query-input":{"@type":"PropertyValueSpecification","valueRequired":true,"valueName":"search_term_string"}}],"inLanguage":"lv-LV"},{"@type":"Organization","@id":"https:\/\/talkpal.ai\/lv\/#organization","name":"Talkpal, Inc.","alternateName":"Talkpal AI","url":"https:\/\/talkpal.ai\/lv\/","logo":{"@type":"ImageObject","inLanguage":"lv-LV","@id":"https:\/\/talkpal.ai\/lv\/#\/schema\/logo\/image\/","url":"https:\/\/talkpal.ai\/wp-content\/uploads\/2024\/03\/Talkpal-Logo-Icon.png","contentUrl":"https:\/\/talkpal.ai\/wp-content\/uploads\/2024\/03\/Talkpal-Logo-Icon.png","width":2880,"height":2880,"caption":"Talkpal, Inc."},"image":{"@id":"https:\/\/talkpal.ai\/lv\/#\/schema\/logo\/image\/"},"sameAs":["https:\/\/www.facebook.com\/profile.php?id=100090733639311","https:\/\/x.com\/talkpalai","https:\/\/www.linkedin.com\/company\/talkpal\/","https:\/\/www.youtube.com\/@TalkPal\/","https:\/\/www.tiktok.com\/@talkpal","https:\/\/www.instagram.com\/talkpal_ai\/","https:\/\/www.crunchbase.com\/organization\/talkpal-9cde","https:\/\/www.g2.com\/products\/talkpal-for-business\/","https:\/\/www.trustpilot.com\/review\/talkpal.ai","https:\/\/www.capterra.com\/p\/10006800\/TalkPal\/"],"description":"Talkpal is a language learning web and mobile education app, powered by the latest AI technologies, that provides engaging experiences to its customers in many different languages to help them improve their language skills. Users can chat about unlimited amount of topics with the app and use other modes to practice their language learning.","email":"support@talkpal.ai","legalName":"Talkpal, Inc.","foundingDate":"2023-04-03","duns":"118989042","numberOfEmployees":{"@type":"QuantitativeValue","minValue":"11","maxValue":"50"},"publishingPrinciples":"https:\/\/talkpal.ai\/publishing-principles\/","actionableFeedbackPolicy":"https:\/\/talkpal.ai\/actionable-feedback-policy\/","correctionsPolicy":"https:\/\/talkpal.ai\/corrections-policy\/","ethicsPolicy":"https:\/\/talkpal.ai\/ethics-policy\/","diversityPolicy":"https:\/\/talkpal.ai\/diversity-policy\/","diversityStaffingReport":"https:\/\/talkpal.ai\/diversity-policy\/"}]}},"_links":{"self":[{"href":"https:\/\/talkpal.ai\/lv\/wp-json\/wp\/v2\/pages\/145168","targetHints":{"allow":["GET"]}}],"collection":[{"href":"https:\/\/talkpal.ai\/lv\/wp-json\/wp\/v2\/pages"}],"about":[{"href":"https:\/\/talkpal.ai\/lv\/wp-json\/wp\/v2\/types\/page"}],"author":[{"embeddable":true,"href":"https:\/\/talkpal.ai\/lv\/wp-json\/wp\/v2\/users\/1"}],"replies":[{"embeddable":true,"href":"https:\/\/talkpal.ai\/lv\/wp-json\/wp\/v2\/comments?post=145168"}],"version-history":[{"count":0,"href":"https:\/\/talkpal.ai\/lv\/wp-json\/wp\/v2\/pages\/145168\/revisions"}],"wp:featuredmedia":[{"embeddable":true,"href":"https:\/\/talkpal.ai\/lv\/wp-json\/wp\/v2\/media\/114022"}],"wp:attachment":[{"href":"https:\/\/talkpal.ai\/lv\/wp-json\/wp\/v2\/media?parent=145168"}],"curies":[{"name":"wp","href":"https:\/\/api.w.org\/{rel}","templated":true}]}}