{"id":144858,"date":"2023-05-14T14:09:11","date_gmt":"2023-05-14T14:09:11","guid":{"rendered":"http:\/\/talkpal.ai\/islandiesu-gramatika\/"},"modified":"2025-12-12T10:50:56","modified_gmt":"2025-12-12T10:50:56","slug":"islandiesu-gramatika","status":"publish","type":"page","link":"https:\/\/talkpal.ai\/lv\/islandiesu-gramatika\/","title":{"rendered":"Islandie\u0161u gramatika"},"content":{"rendered":"\r\n\r\n\r\n<section class=\"languageChallengeSection\">\r\n    <div class=\"languageInfoWrapper\">\r\n        \r\n        <h1>Islandie\u0161u gramatika<\/h1>\r\n        <p>Izp\u0113tiet aizraujo\u0161o <a href=\"https:\/\/talkpal.ai\/learn-icelandic\/\">islandie\u0161u<\/a> <a href=\"https:\/\/talkpal.ai\/what-language-is-spoken-on-the-international-space-station\/\">valodas<\/a> strukt\u016bru, apg\u016bstot t\u0101s gramatikas pamatnoteikumus. <a href=\"https:\/\/talkpal.ai\/learn-icelandic\/\">Islandie\u0161u<\/a> valodas gramatikas apguve pal\u012bdz\u0113s jums efekt\u012bvi sazin\u0101ties un dzi\u013c\u0101k iepaz\u012bt Islandes unik\u0101lo kult\u016bru un v\u0113sturi. S\u0101ciet apg\u016bt islandie\u0161u valodas gramatiku jau \u0161odien un speriet pirmo soli ce\u013c\u0101 uz valodas prasmes apguvi!<\/p>\r\n\r\n                            <a class=\"getStartedHidden\" href=\"https:\/\/app.talkpal.ai\/lv\/signup?lng=\">S\u0101c<\/a>\r\n        \r\n    <\/div>\r\n\r\n    <figure>\r\n    <img decoding=\"async\" width=\"768\" height=\"768\" src=\"https:\/\/talkpal.ai\/wp-content\/uploads\/2023\/06\/Icelandic-768x768.png\" class=\"languageImage no-lazy\" alt=\"Language learning for better job opportunities\" fetchpriority=\"high\" sizes=\"(max-width: 768px) 150px, 768px\" srcset=\"https:\/\/talkpal.ai\/wp-content\/uploads\/2023\/06\/Icelandic-768x768.png 768w, https:\/\/talkpal.ai\/wp-content\/uploads\/2023\/06\/Icelandic-300x300.png 300w\" \/>\r\n    \r\n\r\n    <\/figure>\r\n\r\n            <a class=\"getStartedVisible\" href=\"https:\/\/app.talkpal.ai\/lv\/signup?lng=\">S\u0101c<\/a>\r\n    \r\n<\/section>\r\n<section class=\"promotionalBanner\">\r\n    <p class=\"promotionalText\">Visefekt\u012bv\u0101kais veids, k\u0101 apg\u016bt valodu<\/p>\r\n    <a class=\"promotionalLink\" href=\"https:\/\/app.talkpal.ai\/lv\/signup?lng=\">Izm\u0113\u0123iniet Talkpal bez maksas<\/a>\r\n<\/section>\n<div class=\"wp-block-group pageContainerStyle\"><div class=\"wp-block-group__inner-container is-layout-constrained wp-block-group-is-layout-constrained\">\n<h2 class=\"wp-block-heading\" id=\"h-the-magic-of-icelandic-grammar-unlocking-the-secrets-of-the-viking-tongue\">Islandes gramatikas burv\u012bba: vikingu m\u0113les nosl\u0113pumu atkl\u0101\u0161ana<\/h2>\n\n\n\n<h3 class=\"wp-block-heading\" id=\"h-introduction-icelandic-the-land-of-fire-and-ice\">Ievads: islandie\u0161u, uguns un ledus zeme<\/h3>\n\n\n\n<p>Islandie\u0161u valoda, kur\u0101 run\u0101 satrieco\u0161\u0101s Islandes salu tautas iedz\u012bvot\u0101ji, ir slavena ar savu bag\u0101to v\u0113sturi, valdzino\u0161o po\u0113tisko trad\u012bciju un izcilo sp\u0113ju piel\u0101goties un att\u012bst\u012bties l\u012bdzi laikam. C\u0113lies no sennorv\u0113\u0123u valodas, islandie\u0161u valodai piem\u012bt \u012bpa\u0161s \u0161arms, kas aizrauj valodas cien\u012bt\u0101jus un topo\u0161os poliglotus. T\u0101tad, piespr\u0101dz\u0113jiet dro\u0161\u012bbas jostas, \u013caudis! M\u0113s gras\u0101mies ienirt skaistaj\u0101 un sare\u017e\u0123\u012btaj\u0101 Islandes gramatikas pasaul\u0113, atkl\u0101jot t\u0101s nosl\u0113pumus un atkl\u0101jot apsl\u0113ptos d\u0101rgumus.<\/p>\n\n\n\n<h3 class=\"wp-block-heading\" id=\"h-1-runic-scripts-to-latin-alphabet-a-story-of-transformation\">1. R\u016bnu skripti lat\u012b\u0146u alfab\u0113tam: transform\u0101cijas st\u0101sts<\/h3>\n\n\n\n<p>Islandie\u0161u alfab\u0113ts pats par sevi ir piedz\u012bvojums, kas sast\u0101v no 32 rakstz\u012bm\u0113m, kuru izcelsme ir da\u017e\u0101das v\u0113sturiskas saknes. Lai gan alfab\u0113ta pamat\u0101 galvenok\u0101rt ir lat\u012b\u0146u rakst\u012bba, taj\u0101 ir saglab\u0101tas da\u017eas at\u0161\u0137ir\u012bbas no sen\u0101s <a href=\"https:\/\/talkpal.ai\/learn-norwegian\/\">norv\u0113\u0123u<\/a> valodas priek\u0161te\u010du r\u016bnu rakst\u012bbas. \u0160o rakstz\u012bmju apg\u016b\u0161ana ir pirmais <a href=\"https:\/\/talkpal.ai\/lv\/portugalu-valodas-apguves-nodarbibas\/\">valodas apguves<\/a> \u0161\u0137\u0113rslis, ta\u010du, praktiz\u0113joties, j\u016bs \u0101tri vien k\u013c\u016bsiet par meistaru!<\/p>\n\n\n\n<h3 class=\"wp-block-heading\" id=\"h-2-noun-mastery-getting-to-the-roots-of-icelandic-grammar\">2. Lietv\u0101rdu meistar\u012bba: nok\u013c\u016b\u0161ana islandie\u0161u gramatikas sakn\u0113s<\/h3>\n\n\n\n<p>Viena no islandie\u0161u gramatikas pamatiez\u012bm\u0113m ir lietv\u0101rdu l\u0113ciens p\u0113c dzimuma, skaita un gad\u012bjuma. Islandie\u0161u lietv\u0101rdi var b\u016bt sievi\u0161\u0137\u012bgi, v\u012bri\u0161\u0137\u012bgi vai kastr\u0113ti, un katram dzimumam ir savs unik\u0101lais deklin\u0101cijas noteikumu kopums. Lai gan tas var\u0113tu \u0161\u0137ist lingvistisks brauciens ar amerik\u0101\u0146u kalni\u0146iem, \u0161o sare\u017e\u0123\u012bjumu izpratne ir b\u016btiska, lai aptvertu valodu kopum\u0101. Ieg\u016bt\u0101s zin\u0101\u0161anas pav\u0113rs jums pasauli, kur\u0101 var\u0113siet izteikt da\u017e\u0101das smalkas un sare\u017e\u0123\u012btas noz\u012bmes &#8211; \u012bst\u0101 islandie\u0161u valodas gramatikas kr\u0101\u0161\u0146ums!<\/p>\n\n\n\n<h3 class=\"wp-block-heading\" id=\"h-3-the-mighty-verb-icelandic-s-unsung-hero\">3. Sp\u0113c\u012bgais darb\u012bbas v\u0101rds: Islandie\u0161u valodas neapdzied\u0101tais varonis<\/h3>\n\n\n\n<p>T\u0101pat k\u0101 lietv\u0101rdi, ar\u012b islandie\u0161u valodas darb\u012bbas v\u0101rdi tiek pla\u0161i p\u0101rveidoti atkar\u012bb\u0101 no to laika, noska\u0146as, personas un skait\u013ca. \u0160\u012b sare\u017e\u0123\u012bt\u0101 sist\u0113ma s\u0101kum\u0101 var b\u016bt bied\u0113jo\u0161a, bet paliec ar mani! Apg\u016bstot regul\u0101rus un neregul\u0101rus veidus, j\u016bs s\u0101ksiet saprast, cik eleganta un daudzpus\u012bga var b\u016bt islandie\u0161u valodas darb\u012bbas v\u0101rdu loc\u012b\u0161ana. Islandie\u0161u darb\u012bbas v\u0101rdu iekaro\u0161ana atrais\u012bs sp\u0113ku prec\u012bzi un rado\u0161i izteikt domas, j\u016btas un darb\u012bbas.<\/p>\n\n\n\n<h3 class=\"wp-block-heading\" id=\"h-4-word-order-icelandic-s-flexible-backbone\">4. V\u0101rdu k\u0101rt\u012bba: \u012aslandie\u0161u valodas elast\u012bgais mugurkauls<\/h3>\n\n\n\n<p>At\u0161\u0137ir\u012bb\u0101 no da\u017eu islandie\u0161u gramatikas elementu stingr\u012bbas, valoda pied\u0101v\u0101 elast\u012bbu v\u0101rdu sak\u0101rto\u0161an\u0101. Tas noz\u012bm\u0113, ka varat da\u017e\u0101di izk\u0101rtot priek\u0161metu, darb\u012bbas v\u0101rdu un priek\u0161metu, ja vien saglab\u0101jat dzimtes, skait\u013ca, <a href=\"https:\/\/talkpal.ai\/locations\/language-courses-in-paju\/\">paju<\/a> un citus apst\u0101k\u013cus &#8211; j\u016bs atkl\u0101siet sev\u012b m\u0101kslinieka sp\u0113jas! Teikumu piel\u0101go\u0161ana \u0161\u0101d\u0101 rota\u013c\u012bg\u0101 veid\u0101 var pal\u012bdz\u0113t rad\u012bt uzsvaru, niansi un sarunvalodas toni, padarot j\u016bsu runu saisto\u0161\u0101ku un pat\u012bkam\u0101ku.<\/p>\n\n\n\n<h3 class=\"wp-block-heading\" id=\"h-5-embrace-the-culture-discover-the-pulse-of-the-icelandic-language\">5. Pie\u0146emiet kult\u016bru: atkl\u0101jiet islandie\u0161u valodas pulsu<\/h3>\n\n\n\n<p><a href=\"https:\/\/talkpal.ai\/lv\/apgustiet-islandiesu-valodu\/\">Islandie\u0161u valodu<\/a> nevar atdal\u012bt no t\u0101s kult\u016bras sakn\u0113m, jo t\u0101 ir cie\u0161i saist\u012bta ar s\u0101g\u0101m, Edd\u0101m un unik\u0101lo tautas v\u0113sturi un pasaules uzskatu. Lai patiesi iegremd\u0113tos valod\u0101, no visas sirds aptveriet t\u0101s kontekstu. Ienirstiet t\u0101s folklor\u0101, ap\u0113diet t\u0101s liter\u0101ros d\u0101rgumus un sazinieties ar dzimt\u0101s valodas run\u0101t\u0101jiem. \u0160\u012b pieeja ir b\u016btiska, lai pan\u0101ktu gan valodu prasmi, gan dzi\u013c\u0101ku saikni ar Islandes tautu un t\u0101s bag\u0101to kult\u016bras mantojumu.<\/p>\n\n\n\n<h3 class=\"wp-block-heading\" id=\"h-conclusion-an-icelandic-grammar-journey-worth-taking\">Secin\u0101jums: Islandes gramatikas ce\u013cojums, kuru v\u0113rts veikt<\/h3>\n\n\n\n<p>Lai gan <a href=\"https:\/\/talkpal.ai\/icelandic-grammar\/\">islandie\u0161u gramatika<\/a> var \u0161\u0137ist milz\u012bgs izaicin\u0101jums, atl\u012bdz\u012bba ir bag\u0101t\u012bga tiem, kas ienirst. Ar neatlaid\u012bbu, lielu interesi par kult\u016bru un zin\u0101tk\u0101ri j\u016bs sp\u0113siet ieraudz\u012bt islandie\u0161u valodas nianses. T\u0101p\u0113c pievienojieties mums \u0161aj\u0101 piedz\u012bvojum\u0101 un atkl\u0101jiet islandie\u0161u gramatikas burv\u012bbu, pa vienam aizraujo\u0161am solim.<\/p>\n<\/div><\/div>\n\r\n<section class=\"learnNavigationSection\">\r\n            \r\n        <a href=\"https:\/\/talkpal.ai\/lv\/apgustiet-islandiesu-valodu\/\">\r\n            <div class=\"learnNavigationWrapper\">\r\n                <div class=\"learnNavigationContent\">\r\n                    <img decoding=\"async\" src=\"https:\/\/talkpal.ai\/wp-content\/uploads\/2024\/08\/Icelandic.jpg\" alt=\"Iceland Flag\">\r\n                    <div>\r\n                        <h4>Par islandie\u0161u valodas apguvi<\/h4>\r\n                        <p>Uzziniet visu par islandie\u0161u gramatiku.<\/p>\r\n                    <\/div>\r\n                <\/div>\r\n            <\/div>\r\n        <\/a>\r\n\r\n        \r\n        <a href=\"https:\/\/talkpal.ai\/lv\/islandiesu-gramatikas-vingrinajumi\/\">\r\n            <div class=\"learnNavigationWrapper\">\r\n                <div class=\"learnNavigationContent\">\r\n                    <img decoding=\"async\" src=\"https:\/\/talkpal.ai\/wp-content\/uploads\/2024\/08\/Icelandic.jpg\" alt=\"Iceland Flag\">\r\n                    <div>\r\n                        <h4>Islandie\u0161u valodas gramatikas vingrin\u0101jums<\/h4>\r\n                        <p>Praktiz\u0113jiet islandie\u0161u gramatiku.<\/p>\r\n                    <\/div>\r\n                <\/div>\r\n            <\/div>\r\n        <\/a>\r\n\r\n        \r\n        <a href=\"https:\/\/talkpal.ai\/vocabulary_language\/icelandic\/\">\r\n            <div class=\"learnNavigationWrapper\">\r\n                <div class=\"learnNavigationContent\">\r\n                    <img decoding=\"async\" src=\"https:\/\/talkpal.ai\/wp-content\/uploads\/2024\/08\/Icelandic.jpg\" alt=\"Iceland Flag\">\r\n                    <div>\r\n                        <h4>Islandie\u0161u valodas v\u0101rdn\u012bca<\/h4>\r\n                        <p>Papla\u0161iniet savu islandie\u0161u valodas v\u0101rdu kr\u0101jumu.<\/p>\r\n                    <\/div>\r\n                <\/div>\r\n            <\/div>\r\n        <\/a>\r\n\r\n            <\/section>","protected":false},"excerpt":{"rendered":"<p>Islandes gramatikas burv\u012bba: vikingu m\u0113les nosl\u0113pumu atkl\u0101\u0161ana Ievads: islandie\u0161u, uguns un ledus zeme Islandie\u0161u valoda, kur\u0101 run\u0101 satrieco\u0161\u0101s Islandes salu tautas iedz\u012bvot\u0101ji, ir slavena ar savu bag\u0101to v\u0113sturi, valdzino\u0161o po\u0113tisko trad\u012bciju un izcilo sp\u0113ju piel\u0101goties un att\u012bst\u012bties l\u012bdzi laikam. C\u0113lies no sennorv\u0113\u0123u valodas, islandie\u0161u valodai piem\u012bt \u012bpa\u0161s \u0161arms, kas aizrauj valodas cien\u012bt\u0101jus un topo\u0161os poliglotus. [&hellip;]<\/p>\n","protected":false},"author":1,"featured_media":113524,"parent":0,"menu_order":0,"comment_status":"closed","ping_status":"closed","template":"LearningContentPage.php","meta":{"_acf_changed":false,"footnotes":""},"class_list":["post-144858","page","type-page","status-publish","has-post-thumbnail","hentry"],"acf":[],"yoast_head":"<!-- This site is optimized with the Yoast SEO Premium plugin v27.2 (Yoast SEO v27.2) - https:\/\/yoast.com\/product\/yoast-seo-premium-wordpress\/ -->\n<title>Islandie\u0161u gramatika - Talkpal<\/title>\n<meta name=\"description\" content=\"Uzziniet skaidri islandie\u0161u valodas gramatiku - izprotiet galvenos gramatikas noteikumus, veidojiet pareizus teikumus un \u0101tri palieliniet p\u0101rliec\u012bbu, izmantojot Talkpalm\u0101ksl\u012bg\u0101 intelekta nodarb\u012bbas.\" \/>\n<meta name=\"robots\" content=\"index, follow, max-snippet:-1, max-image-preview:large, max-video-preview:-1\" \/>\n<link rel=\"canonical\" href=\"https:\/\/talkpal.ai\/lv\/islandiesu-gramatika\/\" \/>\n<meta property=\"og:locale\" content=\"lv_LV\" \/>\n<meta property=\"og:type\" content=\"article\" \/>\n<meta property=\"og:title\" content=\"Islandie\u0161u gramatika\" \/>\n<meta property=\"og:description\" content=\"Islandes gramatikas burv\u012bba: vikingu m\u0113les nosl\u0113pumu atkl\u0101\u0161ana Ievads: islandie\u0161u, uguns un ledus zeme Islandie\u0161u valoda, kur\u0101 run\u0101 satrieco\u0161\u0101s Islandes\" \/>\n<meta property=\"og:url\" content=\"https:\/\/talkpal.ai\/lv\/islandiesu-gramatika\/\" \/>\n<meta property=\"og:site_name\" content=\"Talkpal\" \/>\n<meta property=\"article:publisher\" content=\"https:\/\/www.facebook.com\/profile.php?id=100090733639311\" \/>\n<meta property=\"article:modified_time\" content=\"2025-12-12T10:50:56+00:00\" \/>\n<meta property=\"og:image\" content=\"https:\/\/talkpal.ai\/wp-content\/uploads\/2023\/05\/iceland.png\" \/>\n\t<meta property=\"og:image:width\" content=\"512\" \/>\n\t<meta property=\"og:image:height\" content=\"512\" \/>\n\t<meta property=\"og:image:type\" content=\"image\/png\" \/>\n<meta name=\"twitter:card\" content=\"summary_large_image\" \/>\n<meta name=\"twitter:site\" content=\"@talkpalai\" \/>\n<meta name=\"twitter:label1\" content=\"Est. reading time\" \/>\n\t<meta name=\"twitter:data1\" content=\"4 minutes\" \/>\n<script type=\"application\/ld+json\" class=\"yoast-schema-graph\">{\"@context\":\"https:\/\/schema.org\",\"@graph\":[{\"@type\":\"WebPage\",\"@id\":\"https:\/\/talkpal.ai\/lv\/islandiesu-gramatika\/\",\"url\":\"https:\/\/talkpal.ai\/lv\/islandiesu-gramatika\/\",\"name\":\"Islandie\u0161u gramatika - Talkpal\",\"isPartOf\":{\"@id\":\"https:\/\/talkpal.ai\/lv\/#website\"},\"primaryImageOfPage\":{\"@id\":\"https:\/\/talkpal.ai\/lv\/islandiesu-gramatika\/#primaryimage\"},\"image\":{\"@id\":\"https:\/\/talkpal.ai\/lv\/islandiesu-gramatika\/#primaryimage\"},\"thumbnailUrl\":\"https:\/\/talkpal.ai\/wp-content\/uploads\/2023\/05\/iceland.png\",\"datePublished\":\"2023-05-14T14:09:11+00:00\",\"dateModified\":\"2025-12-12T10:50:56+00:00\",\"description\":\"Uzziniet skaidri islandie\u0161u valodas gramatiku - izprotiet galvenos gramatikas noteikumus, veidojiet pareizus teikumus un \u0101tri palieliniet p\u0101rliec\u012bbu, izmantojot Talkpalm\u0101ksl\u012bg\u0101 intelekta nodarb\u012bbas.\",\"breadcrumb\":{\"@id\":\"https:\/\/talkpal.ai\/lv\/islandiesu-gramatika\/#breadcrumb\"},\"inLanguage\":\"lv-LV\",\"potentialAction\":[{\"@type\":\"ReadAction\",\"target\":[\"https:\/\/talkpal.ai\/lv\/islandiesu-gramatika\/\"]}]},{\"@type\":\"ImageObject\",\"inLanguage\":\"lv-LV\",\"@id\":\"https:\/\/talkpal.ai\/lv\/islandiesu-gramatika\/#primaryimage\",\"url\":\"https:\/\/talkpal.ai\/wp-content\/uploads\/2023\/05\/iceland.png\",\"contentUrl\":\"https:\/\/talkpal.ai\/wp-content\/uploads\/2023\/05\/iceland.png\",\"width\":512,\"height\":512},{\"@type\":\"BreadcrumbList\",\"@id\":\"https:\/\/talkpal.ai\/lv\/islandiesu-gramatika\/#breadcrumb\",\"itemListElement\":[{\"@type\":\"ListItem\",\"position\":1,\"name\":\"Homepage\",\"item\":\"https:\/\/talkpal.ai\/lv\/\"},{\"@type\":\"ListItem\",\"position\":2,\"name\":\"Islandie\u0161u gramatika\"}]},{\"@type\":\"WebSite\",\"@id\":\"https:\/\/talkpal.ai\/lv\/#website\",\"url\":\"https:\/\/talkpal.ai\/lv\/\",\"name\":\"Talkpal\",\"description\":\"AI Language Learning\",\"publisher\":{\"@id\":\"https:\/\/talkpal.ai\/lv\/#organization\"},\"alternateName\":\"Talkpal AI\",\"potentialAction\":[{\"@type\":\"SearchAction\",\"target\":{\"@type\":\"EntryPoint\",\"urlTemplate\":\"https:\/\/talkpal.ai\/lv\/?s={search_term_string}\"},\"query-input\":{\"@type\":\"PropertyValueSpecification\",\"valueRequired\":true,\"valueName\":\"search_term_string\"}}],\"inLanguage\":\"lv-LV\"},{\"@type\":\"Organization\",\"@id\":\"https:\/\/talkpal.ai\/lv\/#organization\",\"name\":\"Talkpal, Inc.\",\"alternateName\":\"Talkpal AI\",\"url\":\"https:\/\/talkpal.ai\/lv\/\",\"logo\":{\"@type\":\"ImageObject\",\"inLanguage\":\"lv-LV\",\"@id\":\"https:\/\/talkpal.ai\/lv\/#\/schema\/logo\/image\/\",\"url\":\"https:\/\/talkpal.ai\/wp-content\/uploads\/2024\/03\/Talkpal-Logo-Icon.png\",\"contentUrl\":\"https:\/\/talkpal.ai\/wp-content\/uploads\/2024\/03\/Talkpal-Logo-Icon.png\",\"width\":2880,\"height\":2880,\"caption\":\"Talkpal, Inc.\"},\"image\":{\"@id\":\"https:\/\/talkpal.ai\/lv\/#\/schema\/logo\/image\/\"},\"sameAs\":[\"https:\/\/www.facebook.com\/profile.php?id=100090733639311\",\"https:\/\/x.com\/talkpalai\",\"https:\/\/www.linkedin.com\/company\/talkpal\/\",\"https:\/\/www.youtube.com\/@TalkPal\/\",\"https:\/\/www.tiktok.com\/@talkpal\",\"https:\/\/www.instagram.com\/talkpal_ai\/\",\"https:\/\/www.crunchbase.com\/organization\/talkpal-9cde\",\"https:\/\/www.g2.com\/products\/talkpal-for-business\/\",\"https:\/\/www.trustpilot.com\/review\/talkpal.ai\",\"https:\/\/www.capterra.com\/p\/10006800\/TalkPal\/\"],\"description\":\"Talkpal is a language learning web and mobile education app, powered by the latest AI technologies, that provides engaging experiences to its customers in many different languages to help them improve their language skills. Users can chat about unlimited amount of topics with the app and use other modes to practice their language learning.\",\"email\":\"support@talkpal.ai\",\"legalName\":\"Talkpal, Inc.\",\"foundingDate\":\"2023-04-03\",\"duns\":\"118989042\",\"numberOfEmployees\":{\"@type\":\"QuantitativeValue\",\"minValue\":\"11\",\"maxValue\":\"50\"},\"publishingPrinciples\":\"https:\/\/talkpal.ai\/publishing-principles\/\",\"actionableFeedbackPolicy\":\"https:\/\/talkpal.ai\/actionable-feedback-policy\/\",\"correctionsPolicy\":\"https:\/\/talkpal.ai\/corrections-policy\/\",\"ethicsPolicy\":\"https:\/\/talkpal.ai\/ethics-policy\/\",\"diversityPolicy\":\"https:\/\/talkpal.ai\/diversity-policy\/\",\"diversityStaffingReport\":\"https:\/\/talkpal.ai\/diversity-policy\/\"}]}<\/script>\n<!-- \/ Yoast SEO Premium plugin. -->","yoast_head_json":{"title":"Islandie\u0161u gramatika - Talkpal","description":"Uzziniet skaidri islandie\u0161u valodas gramatiku - izprotiet galvenos gramatikas noteikumus, veidojiet pareizus teikumus un \u0101tri palieliniet p\u0101rliec\u012bbu, izmantojot Talkpalm\u0101ksl\u012bg\u0101 intelekta nodarb\u012bbas.","robots":{"index":"index","follow":"follow","max-snippet":"max-snippet:-1","max-image-preview":"max-image-preview:large","max-video-preview":"max-video-preview:-1"},"canonical":"https:\/\/talkpal.ai\/lv\/islandiesu-gramatika\/","og_locale":"lv_LV","og_type":"article","og_title":"Islandie\u0161u gramatika","og_description":"Islandes gramatikas burv\u012bba: vikingu m\u0113les nosl\u0113pumu atkl\u0101\u0161ana Ievads: islandie\u0161u, uguns un ledus zeme Islandie\u0161u valoda, kur\u0101 run\u0101 satrieco\u0161\u0101s Islandes","og_url":"https:\/\/talkpal.ai\/lv\/islandiesu-gramatika\/","og_site_name":"Talkpal","article_publisher":"https:\/\/www.facebook.com\/profile.php?id=100090733639311","article_modified_time":"2025-12-12T10:50:56+00:00","og_image":[{"width":512,"height":512,"url":"https:\/\/talkpal.ai\/wp-content\/uploads\/2023\/05\/iceland.png","type":"image\/png"}],"twitter_card":"summary_large_image","twitter_site":"@talkpalai","twitter_misc":{"Est. reading time":"4 minutes"},"schema":{"@context":"https:\/\/schema.org","@graph":[{"@type":"WebPage","@id":"https:\/\/talkpal.ai\/lv\/islandiesu-gramatika\/","url":"https:\/\/talkpal.ai\/lv\/islandiesu-gramatika\/","name":"Islandie\u0161u gramatika - Talkpal","isPartOf":{"@id":"https:\/\/talkpal.ai\/lv\/#website"},"primaryImageOfPage":{"@id":"https:\/\/talkpal.ai\/lv\/islandiesu-gramatika\/#primaryimage"},"image":{"@id":"https:\/\/talkpal.ai\/lv\/islandiesu-gramatika\/#primaryimage"},"thumbnailUrl":"https:\/\/talkpal.ai\/wp-content\/uploads\/2023\/05\/iceland.png","datePublished":"2023-05-14T14:09:11+00:00","dateModified":"2025-12-12T10:50:56+00:00","description":"Uzziniet skaidri islandie\u0161u valodas gramatiku - izprotiet galvenos gramatikas noteikumus, veidojiet pareizus teikumus un \u0101tri palieliniet p\u0101rliec\u012bbu, izmantojot Talkpalm\u0101ksl\u012bg\u0101 intelekta nodarb\u012bbas.","breadcrumb":{"@id":"https:\/\/talkpal.ai\/lv\/islandiesu-gramatika\/#breadcrumb"},"inLanguage":"lv-LV","potentialAction":[{"@type":"ReadAction","target":["https:\/\/talkpal.ai\/lv\/islandiesu-gramatika\/"]}]},{"@type":"ImageObject","inLanguage":"lv-LV","@id":"https:\/\/talkpal.ai\/lv\/islandiesu-gramatika\/#primaryimage","url":"https:\/\/talkpal.ai\/wp-content\/uploads\/2023\/05\/iceland.png","contentUrl":"https:\/\/talkpal.ai\/wp-content\/uploads\/2023\/05\/iceland.png","width":512,"height":512},{"@type":"BreadcrumbList","@id":"https:\/\/talkpal.ai\/lv\/islandiesu-gramatika\/#breadcrumb","itemListElement":[{"@type":"ListItem","position":1,"name":"Homepage","item":"https:\/\/talkpal.ai\/lv\/"},{"@type":"ListItem","position":2,"name":"Islandie\u0161u gramatika"}]},{"@type":"WebSite","@id":"https:\/\/talkpal.ai\/lv\/#website","url":"https:\/\/talkpal.ai\/lv\/","name":"Talkpal","description":"AI Language Learning","publisher":{"@id":"https:\/\/talkpal.ai\/lv\/#organization"},"alternateName":"Talkpal AI","potentialAction":[{"@type":"SearchAction","target":{"@type":"EntryPoint","urlTemplate":"https:\/\/talkpal.ai\/lv\/?s={search_term_string}"},"query-input":{"@type":"PropertyValueSpecification","valueRequired":true,"valueName":"search_term_string"}}],"inLanguage":"lv-LV"},{"@type":"Organization","@id":"https:\/\/talkpal.ai\/lv\/#organization","name":"Talkpal, Inc.","alternateName":"Talkpal AI","url":"https:\/\/talkpal.ai\/lv\/","logo":{"@type":"ImageObject","inLanguage":"lv-LV","@id":"https:\/\/talkpal.ai\/lv\/#\/schema\/logo\/image\/","url":"https:\/\/talkpal.ai\/wp-content\/uploads\/2024\/03\/Talkpal-Logo-Icon.png","contentUrl":"https:\/\/talkpal.ai\/wp-content\/uploads\/2024\/03\/Talkpal-Logo-Icon.png","width":2880,"height":2880,"caption":"Talkpal, Inc."},"image":{"@id":"https:\/\/talkpal.ai\/lv\/#\/schema\/logo\/image\/"},"sameAs":["https:\/\/www.facebook.com\/profile.php?id=100090733639311","https:\/\/x.com\/talkpalai","https:\/\/www.linkedin.com\/company\/talkpal\/","https:\/\/www.youtube.com\/@TalkPal\/","https:\/\/www.tiktok.com\/@talkpal","https:\/\/www.instagram.com\/talkpal_ai\/","https:\/\/www.crunchbase.com\/organization\/talkpal-9cde","https:\/\/www.g2.com\/products\/talkpal-for-business\/","https:\/\/www.trustpilot.com\/review\/talkpal.ai","https:\/\/www.capterra.com\/p\/10006800\/TalkPal\/"],"description":"Talkpal is a language learning web and mobile education app, powered by the latest AI technologies, that provides engaging experiences to its customers in many different languages to help them improve their language skills. Users can chat about unlimited amount of topics with the app and use other modes to practice their language learning.","email":"support@talkpal.ai","legalName":"Talkpal, Inc.","foundingDate":"2023-04-03","duns":"118989042","numberOfEmployees":{"@type":"QuantitativeValue","minValue":"11","maxValue":"50"},"publishingPrinciples":"https:\/\/talkpal.ai\/publishing-principles\/","actionableFeedbackPolicy":"https:\/\/talkpal.ai\/actionable-feedback-policy\/","correctionsPolicy":"https:\/\/talkpal.ai\/corrections-policy\/","ethicsPolicy":"https:\/\/talkpal.ai\/ethics-policy\/","diversityPolicy":"https:\/\/talkpal.ai\/diversity-policy\/","diversityStaffingReport":"https:\/\/talkpal.ai\/diversity-policy\/"}]}},"_links":{"self":[{"href":"https:\/\/talkpal.ai\/lv\/wp-json\/wp\/v2\/pages\/144858","targetHints":{"allow":["GET"]}}],"collection":[{"href":"https:\/\/talkpal.ai\/lv\/wp-json\/wp\/v2\/pages"}],"about":[{"href":"https:\/\/talkpal.ai\/lv\/wp-json\/wp\/v2\/types\/page"}],"author":[{"embeddable":true,"href":"https:\/\/talkpal.ai\/lv\/wp-json\/wp\/v2\/users\/1"}],"replies":[{"embeddable":true,"href":"https:\/\/talkpal.ai\/lv\/wp-json\/wp\/v2\/comments?post=144858"}],"version-history":[{"count":0,"href":"https:\/\/talkpal.ai\/lv\/wp-json\/wp\/v2\/pages\/144858\/revisions"}],"wp:featuredmedia":[{"embeddable":true,"href":"https:\/\/talkpal.ai\/lv\/wp-json\/wp\/v2\/media\/113524"}],"wp:attachment":[{"href":"https:\/\/talkpal.ai\/lv\/wp-json\/wp\/v2\/media?parent=144858"}],"curies":[{"name":"wp","href":"https:\/\/api.w.org\/{rel}","templated":true}]}}