{"id":144538,"date":"2023-05-14T14:08:53","date_gmt":"2023-05-14T14:08:53","guid":{"rendered":"http:\/\/talkpal.ai\/ungaru-valodas-gramatika\/"},"modified":"2025-12-12T10:47:03","modified_gmt":"2025-12-12T10:47:03","slug":"ungaru-valodas-gramatika","status":"publish","type":"page","link":"https:\/\/talkpal.ai\/lv\/ungaru-valodas-gramatika\/","title":{"rendered":"Ung\u0101ru valodas gramatika"},"content":{"rendered":"\r\n\r\n\r\n<section class=\"languageChallengeSection\">\r\n    <div class=\"languageInfoWrapper\">\r\n        \r\n        <h1>Ung\u0101ru valodas gramatika<\/h1>\r\n        <p>Vai esat gatavs pie\u0146emt patiesi unik\u0101lu <a href=\"https:\/\/talkpal.ai\/what-language-is-spoken-on-the-international-space-station\/\">valodas<\/a> izaicin\u0101jumu? Iegremd\u0113jiet <a href=\"https:\/\/talkpal.ai\/learn-hungarian\/\">ung\u0101ru<\/a> valodas gramatiku un atkl\u0101jiet t\u0101s iev\u0113rojam\u0101s iez\u012bmes. S\u0101ciet m\u0101c\u012bties jau \u0161odien un atkl\u0101jiet, k\u0101 ung\u0101ru valodas gramatikas apguve paver durvis uz j\u0113gpiln\u0101m sarun\u0101m un dzi\u013cu izpratni par Ung\u0101rijas bag\u0101to valodu mantojumu!<\/p>\r\n\r\n                            <a class=\"getStartedHidden\" href=\"https:\/\/app.talkpal.ai\/lv\/signup?lng=\">S\u0101c<\/a>\r\n        \r\n    <\/div>\r\n\r\n    <figure>\r\n    <img decoding=\"async\" width=\"768\" height=\"768\" src=\"https:\/\/talkpal.ai\/wp-content\/uploads\/2023\/06\/hungarian-768x768.png\" class=\"languageImage no-lazy\" alt=\"Language learning strategies for advanced learners\" fetchpriority=\"high\" sizes=\"(max-width: 768px) 150px, 768px\" srcset=\"https:\/\/talkpal.ai\/wp-content\/uploads\/2023\/06\/hungarian-768x768.png 768w, https:\/\/talkpal.ai\/wp-content\/uploads\/2023\/06\/hungarian-300x300.png 300w\" \/>\r\n    \r\n\r\n    <\/figure>\r\n\r\n            <a class=\"getStartedVisible\" href=\"https:\/\/app.talkpal.ai\/lv\/signup?lng=\">S\u0101c<\/a>\r\n    \r\n<\/section>\r\n<section class=\"promotionalBanner\">\r\n    <p class=\"promotionalText\">Visefekt\u012bv\u0101kais <a href=\"https:\/\/talkpal.ai\/best-way-to-learn\/\">veids<\/a>, k\u0101 apg\u016bt valodu<\/p>\r\n    <a class=\"promotionalLink\" href=\"https:\/\/app.talkpal.ai\/lv\/signup?lng=\">Izm\u0113\u0123iniet Talkpal bez maksas<\/a>\r\n<\/section>\n<div class=\"wp-block-group pageContainerStyle\"><div class=\"wp-block-group__inner-container is-layout-constrained wp-block-group-is-layout-constrained\">\n<h2 class=\"wp-block-heading\" id=\"h-title-unlocking-the-secrets-of-hungarian-grammar\">Nosaukums: Ung\u0101ru gramatikas nosl\u0113pumu atblo\u0137\u0113\u0161ana<\/h2>\n\n\n\n<p>Ung\u0101ru, somugru valoda, izce\u013cas ar savu unik\u0101lo gramatikas sist\u0113mu, padarot to par aizraujo\u0161u izaicin\u0101jumu valodas entuziastiem. Ung\u0101ru valodas apguve ne tikai papla\u0161ina j\u016bsu valodu zin\u0101\u0161anas, bet ar\u012b \u013cauj ienirt valdzino\u0161aj\u0101 Ung\u0101rijas kult\u016br\u0101 un v\u0113stur\u0113. Lai gan ung\u0101ru valodas <a href=\"https:\/\/talkpal.ai\/sq\/gramatika\/\">gramatika<\/a> s\u0101kotn\u0113ji var \u0161\u0137ist bied\u0113jo\u0161a, t\u0101s sadal\u012b\u0161ana p\u0101rvald\u0101mos komponentos padara m\u0101c\u012bbu procesu pieejam\u0101ku. \u0160aj\u0101 rakst\u0101 m\u0113s iepaz\u012bstin\u0101sim j\u016bs ar intri\u0123\u0113jo\u0161o ung\u0101ru valodas gramatikas pasauli un sniegsim padomus, k\u0101 apg\u016bt t\u0101s sare\u017e\u0123\u012bt\u012bbu.<\/p>\n\n\n\n<h3 class=\"wp-block-heading\" id=\"h-1-word-order-a-flexible-feature\">1. V\u0101rdu sec\u012bba: elast\u012bga funkcija<\/h3>\n\n\n\n<p>At\u0161\u0137ir\u012bb\u0101 no daudz\u0101m cit\u0101m valod\u0101m ung\u0101ru valod\u0101 ir sal\u012bdzino\u0161i elast\u012bga v\u0101rdu sec\u012bba. Lai gan tipiskais ung\u0101ru teikums seko subjekta-darb\u012bbas v\u0101rda-objekta (SVO) modelim, ar\u012b citas v\u0101rdu sec\u012bbas ir izplat\u012btas un tiek izmantotas, lai uzsv\u0113rtu da\u017e\u0101das teikuma da\u013cas. Iepaz\u012bstoties ar \u0161\u012bm vari\u0101cij\u0101m, j\u016bs var\u0113siet efekt\u012bv\u0101k izprast un konstru\u0113t ung\u0101ru teikumus.<\/p>\n\n\n\n<h3 class=\"wp-block-heading\" id=\"h-2-nouns-and-cases-the-role-of-suffixes\">2. Lietv\u0101rdi un gad\u012bjumi: sufiksu loma<\/h3>\n\n\n\n<p>Ung\u0101ru lietv\u0101rdiem nav gramatisk\u0101 dzimuma, vienk\u0101r\u0161ojot teikuma konstrukciju. Tom\u0113r lietv\u0101rdi un citas runas da\u013cas ung\u0101ru gramatik\u0101 izmanto daudz sufiksu, lai nor\u0101d\u012btu uz gad\u012bjumiem, pieder\u012bbu un daudzskaitl\u012bbu. \u0160o sufiksu apguve un to izmanto\u0161ana iev\u0113rojami uzlabos j\u016bsu sp\u0113ju sazin\u0101ties ung\u0101ru valod\u0101.<\/p>\n\n\n\n<p>Piem\u0113ri:<\/p>\n\n\n\n<p><strong>&#8211; h\u00e1z (m\u0101ja) &#8211; h\u00e1zak (m\u0101jas)<\/strong><\/p>\n\n\n\n<p><strong>&#8211; h\u00e1zban (m\u0101j\u0101) &#8211; h\u00e1zakban (m\u0101j\u0101s)<\/strong><\/p>\n\n\n\n<h3 class=\"wp-block-heading\" id=\"h-3-verbs-conjugation-and-tense\">3. Darb\u012bbas v\u0101rdi: konjug\u0101cija un sasprindzin\u0101jums<\/h3>\n\n\n\n<p>Ung\u0101ru darb\u012bbas v\u0101rdi ir konjug\u0113ti atbilsto\u0161i sasprindzin\u0101jumam, noska\u0146ojumam, priek\u0161metam un noteikt\u012bbai. Lai gan ung\u0101ru valod\u0101 ir vair\u0101ki laiki, labs s\u0101kumpunkts ir tr\u012bs galveno laiku &#8211; tagadnes, pag\u0101tnes un n\u0101kotnes &#8211; apguve. Iepaz\u012bstieties ar regul\u0101riem darb\u012bbas v\u0101rdu konjug\u0101cijas mode\u013ciem un apg\u016bstiet izplat\u012bt\u0101kos neregul\u0101ros darb\u012bbas v\u0101rdus, lai uzlabotu savas verb\u0101l\u0101s komunik\u0101cijas prasmes.<\/p>\n\n\n\n<h3 class=\"wp-block-heading\" id=\"h-4-adjectives-agreement-and-placement\">4. \u012apa\u0161\u012bbas v\u0101rdi: vieno\u0161an\u0101s un izvietojums<\/h3>\n\n\n\n<p>Ung\u0101ru gramatik\u0101 \u012bpa\u0161\u012bbas v\u0101rdiem ir j\u0101piekr\u012bt lietv\u0101rdam, ko tie maina skaita zi\u0146\u0101 (vienskaitl\u012b vai daudzskaitl\u012b). Tom\u0113r \u012bpa\u0161\u012bbas v\u0101rdiem nav j\u0101atbilst lietv\u0101rdam gramatiskajam gad\u012bjumam. \u012apa\u0161\u012bbas v\u0101rdi parasti ir pirms lietv\u0101rda, nodro\u0161inot teikumam apraksto\u0161u kontekstu.<\/p>\n\n\n\n<p>Piem\u0113ri:<\/p>\n\n\n\n<p><strong>&#8211; piros alma (sarkanais \u0101bols)<\/strong><\/p>\n\n\n\n<p><strong>&#8211; sz\u00e9p vir\u00e1gok (skaisti ziedi)<\/strong><\/p>\n\n\n\n<h3 class=\"wp-block-heading\" id=\"h-5-vowel-harmony-a-unique-feature\">5. Patska\u0146u harmonija: unik\u0101la iez\u012bme<\/h3>\n\n\n\n<p>Ung\u0101ru gramatikas at\u0161\u0137ir\u012bgais aspekts ir patska\u0146u harmonija, kas ietver patska\u0146u vieno\u0161anos v\u0101rdos. Patska\u0146u harmonija ietekm\u0113 veidu, k\u0101 sufiksi tiek veidoti un pievienoti v\u0101rdiem. Patska\u0146u harmonijas izpratne un praktiz\u0113\u0161ana padar\u012bs j\u016bsu rakst\u012bto un run\u0101to <a href=\"https:\/\/talkpal.ai\/lv\/macieties-ungaru-valodu\/\">ung\u0101ru valodu<\/a> prec\u012bz\u0101ku un dabisk\u0101ku.<\/p>\n\n\n\n<h3 class=\"wp-block-heading\" id=\"h-6-engaging-with-the-language\">6. Iesaist\u012b\u0161an\u0101s valod\u0101<\/h3>\n\n\n\n<p>Visefekt\u012bv\u0101kais veids, k\u0101 piln\u012bb\u0101 izprast un internaliz\u0113t ung\u0101ru gramatiku, ir konsekventi iesaist\u012bties valod\u0101. Lasot ung\u0101ru literat\u016bru, skatoties dzimt\u0101s filmas vai akt\u012bvi sapl\u016bstot ar dzimt\u0101 valoda, j\u016bs pastiprin\u0101siet savu izpratni par gramatiku, vienlaikus papla\u0161inot savu v\u0101rdu kr\u0101jumu.<\/p>\n\n\n\n<h3 class=\"wp-block-heading\" id=\"h-conclusion\">Secin\u0101jums<\/h3>\n\n\n\n<p>Lai gan ung\u0101ru valodas gramatika var \u0161\u0137ist sare\u017e\u0123\u012bta, pieeja <a href=\"https:\/\/talkpal.ai\/learn-thai\/\">tai<\/a> soli pa solim un konsekventa praktiz\u0113\u0161ana pal\u012bdz\u0113s jums k\u013c\u016bt par \u0161\u012bs aizraujo\u0161\u0101s valodas lietprat\u0113ju. Pie\u0146emiet izaicin\u0101jumu, uzs\u0101kot ung\u0101ru valodas ce\u013cojumu, un dr\u012bz vien p\u0101rliecino\u0161i apg\u016bsiet t\u0101s gramatikas nianses. Labpr\u0101t stud\u0113jiet un izbaudiet ung\u0101ru gramatikas br\u012bnumu izp\u0113ti!<\/p>\n<\/div><\/div>\n\r\n<section class=\"learnNavigationSection\">\r\n            \r\n        <a href=\"https:\/\/talkpal.ai\/lv\/macieties-ungaru-valodu\/\">\r\n            <div class=\"learnNavigationWrapper\">\r\n                <div class=\"learnNavigationContent\">\r\n                    <img decoding=\"async\" src=\"https:\/\/talkpal.ai\/wp-content\/uploads\/2024\/08\/Hungarian.jpg\" alt=\"Hungarian Flag\">\r\n                    <div>\r\n                        <h4>Par ung\u0101ru valodas apguvi<\/h4>\r\n                        <p>Uzziniet visu par ung\u0101ru valodas gramatiku.<\/p>\r\n                    <\/div>\r\n                <\/div>\r\n            <\/div>\r\n        <\/a>\r\n\r\n        \r\n        <a href=\"https:\/\/talkpal.ai\/lv\/ungaru-valodas-gramatikas-vingrinajumi\/\">\r\n            <div class=\"learnNavigationWrapper\">\r\n                <div class=\"learnNavigationContent\">\r\n                    <img decoding=\"async\" src=\"https:\/\/talkpal.ai\/wp-content\/uploads\/2024\/08\/Hungarian.jpg\" alt=\"Hungarian Flag\">\r\n                    <div>\r\n                        <h4>Ung\u0101ru valodas gramatikas vingrin\u0101jums<\/h4>\r\n                        <p>Praktiz\u0113jiet ung\u0101ru gramatiku.<\/p>\r\n                    <\/div>\r\n                <\/div>\r\n            <\/div>\r\n        <\/a>\r\n\r\n        \r\n        <a href=\"https:\/\/talkpal.ai\/vocabulary_language\/hungarian\/\">\r\n            <div class=\"learnNavigationWrapper\">\r\n                <div class=\"learnNavigationContent\">\r\n                    <img decoding=\"async\" src=\"https:\/\/talkpal.ai\/wp-content\/uploads\/2024\/08\/Hungarian.jpg\" alt=\"Hungarian Flag\">\r\n                    <div>\r\n                        <h4>Ung\u0101ru valodas v\u0101rdn\u012bca<\/h4>\r\n                        <p>Papla\u0161iniet savu ung\u0101ru valodas v\u0101rdu kr\u0101jumu.<\/p>\r\n                    <\/div>\r\n                <\/div>\r\n            <\/div>\r\n        <\/a>\r\n\r\n            <\/section>","protected":false},"excerpt":{"rendered":"<p>Nosaukums: Ung\u0101ru gramatikas nosl\u0113pumu atblo\u0137\u0113\u0161ana Ung\u0101ru, somugru valoda, izce\u013cas ar savu unik\u0101lo gramatikas sist\u0113mu, padarot to par aizraujo\u0161u izaicin\u0101jumu valodas entuziastiem. Ung\u0101ru valodas apguve ne tikai papla\u0161ina j\u016bsu valodu zin\u0101\u0161anas, bet ar\u012b \u013cauj ienirt valdzino\u0161aj\u0101 Ung\u0101rijas kult\u016br\u0101 un v\u0113stur\u0113. Lai gan ung\u0101ru valodas gramatika s\u0101kotn\u0113ji var \u0161\u0137ist bied\u0113jo\u0161a, t\u0101s sadal\u012b\u0161ana p\u0101rvald\u0101mos komponentos padara m\u0101c\u012bbu procesu [&hellip;]<\/p>\n","protected":false},"author":1,"featured_media":144547,"parent":0,"menu_order":0,"comment_status":"closed","ping_status":"closed","template":"LearningContentPage.php","meta":{"_acf_changed":false,"footnotes":""},"class_list":["post-144538","page","type-page","status-publish","has-post-thumbnail","hentry"],"acf":[],"yoast_head":"<!-- This site is optimized with the Yoast SEO Premium plugin v27.2 (Yoast SEO v27.2) - https:\/\/yoast.com\/product\/yoast-seo-premium-wordpress\/ -->\n<title>Ung\u0101ru valodas gramatika - Talkpal<\/title>\n<meta name=\"description\" content=\"Apg\u016bstiet ung\u0101ru valodas gramatiku - apg\u016bstiet gramatikas noteikumus un praktiz\u0113jieties teikumu veido\u0161an\u0101. Sa\u0146emiet noder\u012bgus nor\u0101d\u012bjumus no Talkpal AI.\" \/>\n<meta name=\"robots\" content=\"index, follow, max-snippet:-1, max-image-preview:large, max-video-preview:-1\" \/>\n<link rel=\"canonical\" href=\"https:\/\/talkpal.ai\/lv\/ungaru-valodas-gramatika\/\" \/>\n<meta property=\"og:locale\" content=\"lv_LV\" \/>\n<meta property=\"og:type\" content=\"article\" \/>\n<meta property=\"og:title\" content=\"Ung\u0101ru valodas gramatika\" \/>\n<meta property=\"og:description\" content=\"Nosaukums: Ung\u0101ru gramatikas nosl\u0113pumu atblo\u0137\u0113\u0161ana Ung\u0101ru, somugru valoda, izce\u013cas ar savu unik\u0101lo gramatikas sist\u0113mu, padarot to par aizraujo\u0161u\" \/>\n<meta property=\"og:url\" content=\"https:\/\/talkpal.ai\/lv\/ungaru-valodas-gramatika\/\" \/>\n<meta property=\"og:site_name\" content=\"Talkpal\" \/>\n<meta property=\"article:publisher\" content=\"https:\/\/www.facebook.com\/profile.php?id=100090733639311\" \/>\n<meta property=\"article:modified_time\" content=\"2025-12-12T10:47:03+00:00\" \/>\n<meta property=\"og:image\" content=\"https:\/\/talkpal.ai\/wp-content\/uploads\/2023\/05\/Hungarian.png\" \/>\n\t<meta property=\"og:image:width\" content=\"512\" \/>\n\t<meta property=\"og:image:height\" content=\"512\" \/>\n\t<meta property=\"og:image:type\" content=\"image\/png\" \/>\n<meta name=\"twitter:card\" content=\"summary_large_image\" \/>\n<meta name=\"twitter:site\" content=\"@talkpalai\" \/>\n<meta name=\"twitter:label1\" content=\"Est. reading time\" \/>\n\t<meta name=\"twitter:data1\" content=\"3 minutes\" \/>\n<script type=\"application\/ld+json\" class=\"yoast-schema-graph\">{\"@context\":\"https:\/\/schema.org\",\"@graph\":[{\"@type\":\"WebPage\",\"@id\":\"https:\/\/talkpal.ai\/lv\/ungaru-valodas-gramatika\/\",\"url\":\"https:\/\/talkpal.ai\/lv\/ungaru-valodas-gramatika\/\",\"name\":\"Ung\u0101ru valodas gramatika - Talkpal\",\"isPartOf\":{\"@id\":\"https:\/\/talkpal.ai\/lv\/#website\"},\"primaryImageOfPage\":{\"@id\":\"https:\/\/talkpal.ai\/lv\/ungaru-valodas-gramatika\/#primaryimage\"},\"image\":{\"@id\":\"https:\/\/talkpal.ai\/lv\/ungaru-valodas-gramatika\/#primaryimage\"},\"thumbnailUrl\":\"https:\/\/talkpal.ai\/wp-content\/uploads\/2023\/05\/Hungarian.png\",\"datePublished\":\"2023-05-14T14:08:53+00:00\",\"dateModified\":\"2025-12-12T10:47:03+00:00\",\"description\":\"Apg\u016bstiet ung\u0101ru valodas gramatiku - apg\u016bstiet gramatikas noteikumus un praktiz\u0113jieties teikumu veido\u0161an\u0101. Sa\u0146emiet noder\u012bgus nor\u0101d\u012bjumus no Talkpal AI.\",\"breadcrumb\":{\"@id\":\"https:\/\/talkpal.ai\/lv\/ungaru-valodas-gramatika\/#breadcrumb\"},\"inLanguage\":\"lv-LV\",\"potentialAction\":[{\"@type\":\"ReadAction\",\"target\":[\"https:\/\/talkpal.ai\/lv\/ungaru-valodas-gramatika\/\"]}]},{\"@type\":\"ImageObject\",\"inLanguage\":\"lv-LV\",\"@id\":\"https:\/\/talkpal.ai\/lv\/ungaru-valodas-gramatika\/#primaryimage\",\"url\":\"https:\/\/talkpal.ai\/wp-content\/uploads\/2023\/05\/Hungarian.png\",\"contentUrl\":\"https:\/\/talkpal.ai\/wp-content\/uploads\/2023\/05\/Hungarian.png\",\"width\":512,\"height\":512},{\"@type\":\"BreadcrumbList\",\"@id\":\"https:\/\/talkpal.ai\/lv\/ungaru-valodas-gramatika\/#breadcrumb\",\"itemListElement\":[{\"@type\":\"ListItem\",\"position\":1,\"name\":\"Homepage\",\"item\":\"https:\/\/talkpal.ai\/lv\/\"},{\"@type\":\"ListItem\",\"position\":2,\"name\":\"Ung\u0101ru valodas gramatika\"}]},{\"@type\":\"WebSite\",\"@id\":\"https:\/\/talkpal.ai\/lv\/#website\",\"url\":\"https:\/\/talkpal.ai\/lv\/\",\"name\":\"Talkpal\",\"description\":\"AI Language Learning\",\"publisher\":{\"@id\":\"https:\/\/talkpal.ai\/lv\/#organization\"},\"alternateName\":\"Talkpal AI\",\"potentialAction\":[{\"@type\":\"SearchAction\",\"target\":{\"@type\":\"EntryPoint\",\"urlTemplate\":\"https:\/\/talkpal.ai\/lv\/?s={search_term_string}\"},\"query-input\":{\"@type\":\"PropertyValueSpecification\",\"valueRequired\":true,\"valueName\":\"search_term_string\"}}],\"inLanguage\":\"lv-LV\"},{\"@type\":\"Organization\",\"@id\":\"https:\/\/talkpal.ai\/lv\/#organization\",\"name\":\"Talkpal, Inc.\",\"alternateName\":\"Talkpal AI\",\"url\":\"https:\/\/talkpal.ai\/lv\/\",\"logo\":{\"@type\":\"ImageObject\",\"inLanguage\":\"lv-LV\",\"@id\":\"https:\/\/talkpal.ai\/lv\/#\/schema\/logo\/image\/\",\"url\":\"https:\/\/talkpal.ai\/wp-content\/uploads\/2024\/03\/Talkpal-Logo-Icon.png\",\"contentUrl\":\"https:\/\/talkpal.ai\/wp-content\/uploads\/2024\/03\/Talkpal-Logo-Icon.png\",\"width\":2880,\"height\":2880,\"caption\":\"Talkpal, Inc.\"},\"image\":{\"@id\":\"https:\/\/talkpal.ai\/lv\/#\/schema\/logo\/image\/\"},\"sameAs\":[\"https:\/\/www.facebook.com\/profile.php?id=100090733639311\",\"https:\/\/x.com\/talkpalai\",\"https:\/\/www.linkedin.com\/company\/talkpal\/\",\"https:\/\/www.youtube.com\/@TalkPal\/\",\"https:\/\/www.tiktok.com\/@talkpal\",\"https:\/\/www.instagram.com\/talkpal_ai\/\",\"https:\/\/www.crunchbase.com\/organization\/talkpal-9cde\",\"https:\/\/www.g2.com\/products\/talkpal-for-business\/\",\"https:\/\/www.trustpilot.com\/review\/talkpal.ai\",\"https:\/\/www.capterra.com\/p\/10006800\/TalkPal\/\"],\"description\":\"Talkpal is a language learning web and mobile education app, powered by the latest AI technologies, that provides engaging experiences to its customers in many different languages to help them improve their language skills. Users can chat about unlimited amount of topics with the app and use other modes to practice their language learning.\",\"email\":\"support@talkpal.ai\",\"legalName\":\"Talkpal, Inc.\",\"foundingDate\":\"2023-04-03\",\"duns\":\"118989042\",\"numberOfEmployees\":{\"@type\":\"QuantitativeValue\",\"minValue\":\"11\",\"maxValue\":\"50\"},\"publishingPrinciples\":\"https:\/\/talkpal.ai\/publishing-principles\/\",\"actionableFeedbackPolicy\":\"https:\/\/talkpal.ai\/actionable-feedback-policy\/\",\"correctionsPolicy\":\"https:\/\/talkpal.ai\/corrections-policy\/\",\"ethicsPolicy\":\"https:\/\/talkpal.ai\/ethics-policy\/\",\"diversityPolicy\":\"https:\/\/talkpal.ai\/diversity-policy\/\",\"diversityStaffingReport\":\"https:\/\/talkpal.ai\/diversity-policy\/\"}]}<\/script>\n<!-- \/ Yoast SEO Premium plugin. -->","yoast_head_json":{"title":"Ung\u0101ru valodas gramatika - Talkpal","description":"Apg\u016bstiet ung\u0101ru valodas gramatiku - apg\u016bstiet gramatikas noteikumus un praktiz\u0113jieties teikumu veido\u0161an\u0101. Sa\u0146emiet noder\u012bgus nor\u0101d\u012bjumus no Talkpal AI.","robots":{"index":"index","follow":"follow","max-snippet":"max-snippet:-1","max-image-preview":"max-image-preview:large","max-video-preview":"max-video-preview:-1"},"canonical":"https:\/\/talkpal.ai\/lv\/ungaru-valodas-gramatika\/","og_locale":"lv_LV","og_type":"article","og_title":"Ung\u0101ru valodas gramatika","og_description":"Nosaukums: Ung\u0101ru gramatikas nosl\u0113pumu atblo\u0137\u0113\u0161ana Ung\u0101ru, somugru valoda, izce\u013cas ar savu unik\u0101lo gramatikas sist\u0113mu, padarot to par aizraujo\u0161u","og_url":"https:\/\/talkpal.ai\/lv\/ungaru-valodas-gramatika\/","og_site_name":"Talkpal","article_publisher":"https:\/\/www.facebook.com\/profile.php?id=100090733639311","article_modified_time":"2025-12-12T10:47:03+00:00","og_image":[{"width":512,"height":512,"url":"https:\/\/talkpal.ai\/wp-content\/uploads\/2023\/05\/Hungarian.png","type":"image\/png"}],"twitter_card":"summary_large_image","twitter_site":"@talkpalai","twitter_misc":{"Est. reading time":"3 minutes"},"schema":{"@context":"https:\/\/schema.org","@graph":[{"@type":"WebPage","@id":"https:\/\/talkpal.ai\/lv\/ungaru-valodas-gramatika\/","url":"https:\/\/talkpal.ai\/lv\/ungaru-valodas-gramatika\/","name":"Ung\u0101ru valodas gramatika - Talkpal","isPartOf":{"@id":"https:\/\/talkpal.ai\/lv\/#website"},"primaryImageOfPage":{"@id":"https:\/\/talkpal.ai\/lv\/ungaru-valodas-gramatika\/#primaryimage"},"image":{"@id":"https:\/\/talkpal.ai\/lv\/ungaru-valodas-gramatika\/#primaryimage"},"thumbnailUrl":"https:\/\/talkpal.ai\/wp-content\/uploads\/2023\/05\/Hungarian.png","datePublished":"2023-05-14T14:08:53+00:00","dateModified":"2025-12-12T10:47:03+00:00","description":"Apg\u016bstiet ung\u0101ru valodas gramatiku - apg\u016bstiet gramatikas noteikumus un praktiz\u0113jieties teikumu veido\u0161an\u0101. Sa\u0146emiet noder\u012bgus nor\u0101d\u012bjumus no Talkpal AI.","breadcrumb":{"@id":"https:\/\/talkpal.ai\/lv\/ungaru-valodas-gramatika\/#breadcrumb"},"inLanguage":"lv-LV","potentialAction":[{"@type":"ReadAction","target":["https:\/\/talkpal.ai\/lv\/ungaru-valodas-gramatika\/"]}]},{"@type":"ImageObject","inLanguage":"lv-LV","@id":"https:\/\/talkpal.ai\/lv\/ungaru-valodas-gramatika\/#primaryimage","url":"https:\/\/talkpal.ai\/wp-content\/uploads\/2023\/05\/Hungarian.png","contentUrl":"https:\/\/talkpal.ai\/wp-content\/uploads\/2023\/05\/Hungarian.png","width":512,"height":512},{"@type":"BreadcrumbList","@id":"https:\/\/talkpal.ai\/lv\/ungaru-valodas-gramatika\/#breadcrumb","itemListElement":[{"@type":"ListItem","position":1,"name":"Homepage","item":"https:\/\/talkpal.ai\/lv\/"},{"@type":"ListItem","position":2,"name":"Ung\u0101ru valodas gramatika"}]},{"@type":"WebSite","@id":"https:\/\/talkpal.ai\/lv\/#website","url":"https:\/\/talkpal.ai\/lv\/","name":"Talkpal","description":"AI Language Learning","publisher":{"@id":"https:\/\/talkpal.ai\/lv\/#organization"},"alternateName":"Talkpal AI","potentialAction":[{"@type":"SearchAction","target":{"@type":"EntryPoint","urlTemplate":"https:\/\/talkpal.ai\/lv\/?s={search_term_string}"},"query-input":{"@type":"PropertyValueSpecification","valueRequired":true,"valueName":"search_term_string"}}],"inLanguage":"lv-LV"},{"@type":"Organization","@id":"https:\/\/talkpal.ai\/lv\/#organization","name":"Talkpal, Inc.","alternateName":"Talkpal AI","url":"https:\/\/talkpal.ai\/lv\/","logo":{"@type":"ImageObject","inLanguage":"lv-LV","@id":"https:\/\/talkpal.ai\/lv\/#\/schema\/logo\/image\/","url":"https:\/\/talkpal.ai\/wp-content\/uploads\/2024\/03\/Talkpal-Logo-Icon.png","contentUrl":"https:\/\/talkpal.ai\/wp-content\/uploads\/2024\/03\/Talkpal-Logo-Icon.png","width":2880,"height":2880,"caption":"Talkpal, Inc."},"image":{"@id":"https:\/\/talkpal.ai\/lv\/#\/schema\/logo\/image\/"},"sameAs":["https:\/\/www.facebook.com\/profile.php?id=100090733639311","https:\/\/x.com\/talkpalai","https:\/\/www.linkedin.com\/company\/talkpal\/","https:\/\/www.youtube.com\/@TalkPal\/","https:\/\/www.tiktok.com\/@talkpal","https:\/\/www.instagram.com\/talkpal_ai\/","https:\/\/www.crunchbase.com\/organization\/talkpal-9cde","https:\/\/www.g2.com\/products\/talkpal-for-business\/","https:\/\/www.trustpilot.com\/review\/talkpal.ai","https:\/\/www.capterra.com\/p\/10006800\/TalkPal\/"],"description":"Talkpal is a language learning web and mobile education app, powered by the latest AI technologies, that provides engaging experiences to its customers in many different languages to help them improve their language skills. Users can chat about unlimited amount of topics with the app and use other modes to practice their language learning.","email":"support@talkpal.ai","legalName":"Talkpal, Inc.","foundingDate":"2023-04-03","duns":"118989042","numberOfEmployees":{"@type":"QuantitativeValue","minValue":"11","maxValue":"50"},"publishingPrinciples":"https:\/\/talkpal.ai\/publishing-principles\/","actionableFeedbackPolicy":"https:\/\/talkpal.ai\/actionable-feedback-policy\/","correctionsPolicy":"https:\/\/talkpal.ai\/corrections-policy\/","ethicsPolicy":"https:\/\/talkpal.ai\/ethics-policy\/","diversityPolicy":"https:\/\/talkpal.ai\/diversity-policy\/","diversityStaffingReport":"https:\/\/talkpal.ai\/diversity-policy\/"}]}},"_links":{"self":[{"href":"https:\/\/talkpal.ai\/lv\/wp-json\/wp\/v2\/pages\/144538","targetHints":{"allow":["GET"]}}],"collection":[{"href":"https:\/\/talkpal.ai\/lv\/wp-json\/wp\/v2\/pages"}],"about":[{"href":"https:\/\/talkpal.ai\/lv\/wp-json\/wp\/v2\/types\/page"}],"author":[{"embeddable":true,"href":"https:\/\/talkpal.ai\/lv\/wp-json\/wp\/v2\/users\/1"}],"replies":[{"embeddable":true,"href":"https:\/\/talkpal.ai\/lv\/wp-json\/wp\/v2\/comments?post=144538"}],"version-history":[{"count":0,"href":"https:\/\/talkpal.ai\/lv\/wp-json\/wp\/v2\/pages\/144538\/revisions"}],"wp:featuredmedia":[{"embeddable":true,"href":"https:\/\/talkpal.ai\/lv\/wp-json\/wp\/v2\/media\/144547"}],"wp:attachment":[{"href":"https:\/\/talkpal.ai\/lv\/wp-json\/wp\/v2\/media?parent=144538"}],"curies":[{"name":"wp","href":"https:\/\/api.w.org\/{rel}","templated":true}]}}