{"id":144260,"date":"2023-05-14T14:04:48","date_gmt":"2023-05-14T14:04:48","guid":{"rendered":"http:\/\/talkpal.ai\/ebreju-gramatika\/"},"modified":"2025-12-13T15:39:08","modified_gmt":"2025-12-13T15:39:08","slug":"ebreju-gramatika","status":"publish","type":"page","link":"https:\/\/talkpal.ai\/lv\/ebreju-gramatika\/","title":{"rendered":"Ebreju gramatika"},"content":{"rendered":"\r\n\r\n\r\n<section class=\"languageChallengeSection\">\r\n    <div class=\"languageInfoWrapper\">\r\n        \r\n        <h1>Ebreju gramatika<\/h1>\r\n        <p>Uzziniet <a href=\"https:\/\/talkpal.ai\/learn-hebrew\/\">ebreju<\/a> <a href=\"https:\/\/talkpal.ai\/what-language-is-spoken-on-the-international-space-station\/\">valodas<\/a> gramatiku un atkl\u0101jiet nosl\u0113pumus par valodu ar dzi\u013c\u0101m v\u0113sturisk\u0101m sakn\u0113m un m\u016bsdien\u012bgu noz\u012bmi. Pie\u0146emiet izaicin\u0101jumu un sazinieties ar dinamisku kult\u016bru, izmantojot <a href=\"https:\/\/talkpal.ai\/learn-hebrew\/\">ebreju<\/a> valodas gramatikas skaistumu!<\/p>\r\n\r\n                            <a class=\"getStartedHidden\" href=\"https:\/\/app.talkpal.ai\/lv\/signup?lng=\">S\u0101c<\/a>\r\n        \r\n    <\/div>\r\n\r\n    <figure>\r\n    <img decoding=\"async\" width=\"768\" height=\"768\" src=\"https:\/\/talkpal.ai\/wp-content\/uploads\/2023\/06\/hebrew-768x768.png\" class=\"languageImage no-lazy\" alt=\"Language learning for proficient communication\" fetchpriority=\"high\" sizes=\"(max-width: 768px) 150px, 768px\" srcset=\"https:\/\/talkpal.ai\/wp-content\/uploads\/2023\/06\/hebrew-768x768.png 768w, https:\/\/talkpal.ai\/wp-content\/uploads\/2023\/06\/hebrew-300x300.png 300w\" \/>\r\n    \r\n\r\n    <\/figure>\r\n\r\n            <a class=\"getStartedVisible\" href=\"https:\/\/app.talkpal.ai\/lv\/signup?lng=\">S\u0101c<\/a>\r\n    \r\n<\/section>\r\n<section class=\"promotionalBanner\">\r\n    <p class=\"promotionalText\">Visefekt\u012bv\u0101kais veids, k\u0101 apg\u016bt valodu<\/p>\r\n    <a class=\"promotionalLink\" href=\"https:\/\/app.talkpal.ai\/lv\/signup?lng=\">Izm\u0113\u0123iniet Talkpal bez maksas<\/a>\r\n<\/section>\n<div class=\"wp-block-group pageContainerStyle\"><div class=\"wp-block-group__inner-container is-layout-constrained wp-block-group-is-layout-constrained\">\n<h2 class=\"wp-block-heading\" id=\"h-mastering-hebrew-grammar-your-ultimate-guide\">Ebreju gramatikas apg\u016b\u0161ana: j\u016bsu gal\u012bgais ce\u013cvedis<\/h2>\n\n\n\n<p>\u0160alom, valodas entuziasti! Vai esat gatavs ienirt aizraujo\u0161aj\u0101 ebreju gramatikas pasaul\u0113? J\u016bs esat non\u0101cis \u012bstaj\u0101 viet\u0101. \u0160is raksts, kas piepild\u012bts ar viegli saprotamu inform\u0101ciju un sarunvalodas toni, pal\u012bdz\u0113s jums iziet cauri burv\u012bgajai ebreju gramatikas sf\u0113rai. Dr\u012bz j\u016bs var\u0113siet veidot teikumus un iesaist\u012bties j\u0113gpiln\u0101s sarun\u0101s ar dzimt\u0101s valodas run\u0101t\u0101jiem. S\u0101ksim j\u016bsu ce\u013cojumu ebreju valodas gramatikas apguves virzien\u0101!<\/p>\n\n\n\n<p><strong>Bet vispirms, k\u0101p\u0113c ebreju gramatika?<\/strong><\/p>\n\n\n\n<p>Ja apg\u016bstat ivrita valodu, lai var\u0113tu br\u012bvi run\u0101t, las\u012bt un rakst\u012bt, \u013coti svar\u012bgi ir stabili gramatikas pamati. Lai gan ebreju valodas <a href=\"https:\/\/talkpal.ai\/sq\/gramatika\/\">gramatika<\/a> s\u0101kotn\u0113ji var \u0161\u0137ist sare\u017e\u0123\u012bta, t\u0101 k\u013c\u016bst pieejam\u0101ka, kad t\u0101 tiek sadal\u012bta maz\u0101kos, viegl\u0101k p\u0101rvald\u0101mos gabalos. Dodamies \u0161aj\u0101 aizraujo\u0161aj\u0101 ce\u013cojum\u0101!<\/p>\n\n\n\n<h3 class=\"wp-block-heading\" id=\"h-1-nouns-gender-and-number\">1. Lietv\u0101rdi, dzimums un skaits<\/h3>\n\n\n\n<p>Ebreju lietv\u0101rdiem ir divas dzimtes \u2014 v\u012brie\u0161u un sievie\u0161u dzimtes \u2014, un tie var b\u016bt vienskaitlis vai daudzskaitlis. Lietv\u0101rda dzimtes noteik\u0161ana ir pamats pareizai teikuma uzb\u016bvei, jo t\u0101 ietekm\u0113 citas runas da\u013cas, piem\u0113ram, darb\u012bbas v\u0101rdus un \u012bpa\u0161\u012bbas v\u0101rdus.  <\/p>\n\n\n\n<p>Visp\u0101r\u0113js noteikums: ja lietv\u0101rds beidzas ar &#8220;\u05d4&#8221; (hey) vai &#8220;\u05ea&#8221; (tav), tas parasti ir sievie\u0161u dzimt\u0113. Tom\u0113r past\u0101v iz\u0146\u0113mumi, t\u0101p\u0113c lietv\u0101rdu dzimumu iegaum\u0113\u0161ana, apg\u016bstot v\u0101rdu kr\u0101jumu, ir b\u016btiska.<\/p>\n\n\n\n<p>Turkl\u0101t ebreju lietv\u0101rdiem ir da\u017e\u0101das formas atkar\u012bb\u0101 no skaita. V\u012brie\u0161u dzimtes lietv\u0101rdu daudzskait\u013ca forma parasti beidzas ar &#8220;\u05d9\u05dd&#8221; (yim), bet sievie\u0161u dzimtes lietv\u0101rdu daudzskait\u013ca forma beidzas ar &#8220;\u05d5\u05ea&#8221; (ot).<\/p>\n\n\n\n<h3 class=\"wp-block-heading\" id=\"h-2-adjectives-agreement-and-definite-articles\">2. \u012apa\u0161\u012bbas v\u0101rdi, vieno\u0161an\u0101s un konkr\u0113ti panti<\/h3>\n\n\n\n<p>\u012apa\u0161\u012bbas v\u0101rdiem ebreju valod\u0101 ir j\u0101sakr\u012bt ar dzimumu un skaitu ar lietv\u0101rdu, ko tie p\u0101rveido. Lai \u012bpa\u0161\u012bbas v\u0101rdu padar\u012btu sievie\u0161u dzimt\u0113, pievienojiet &#8220;\u05d4&#8221; (hey) beig\u0101s, ja tas jau nav pievienots. Lai \u012bpa\u0161\u012bbas v\u0101rdu padar\u012btu daudzskaitl\u012b, iev\u0113rojiet to pa\u0161u principu k\u0101 lietv\u0101rdiem: pievienojiet &#8220;\u05d9\u05dd&#8221;, lai lietv\u0101rds b\u016btu v\u012brie\u0161u dzimt\u0113, un &#8220;\u05d5\u05ea&#8221;, lai lietv\u0101rds b\u016btu sievie\u0161u dzimt\u0113.<\/p>\n\n\n\n<p>Noteico\u0161ais artikuls &#8220;the&#8221; ebreju valod\u0101 ir &#8220;\u05d4&#8221; (hey), un to pievieno k\u0101 pried\u0113kli lietv\u0101rdam vai \u012bpa\u0161\u012bbas v\u0101rdam. Piem\u0113ram, &#8220;\u05d4\u05e1\u05e4\u05e8&#8221; (haSefer &#8211; gr\u0101mata) vai &#8220;\u05d4\u05db\u05d3\u05d5\u05e8 \u05d4\u05d2\u05d3\u05d5\u05dc&#8221; (hakadur hagadol &#8211; liel\u0101 bumba).<\/p>\n\n\n\n<h3 class=\"wp-block-heading\" id=\"h-3-verbs-tense-and-conjugation\">3. Darb\u012bbas v\u0101rdi, laiki un loc\u012b\u0161ana<\/h3>\n\n\n\n<p>Ebreju valodas darb\u012bbas v\u0101rdiem ir b\u016btiska noz\u012bme gramatik\u0101, un tie ir iedal\u012bti septi\u0146\u0101s konjug\u0101cijas grup\u0101s, ko sauc par &#8220;binyanim&#8221;. Katrs divdabis ietekm\u0113 darb\u012bbas v\u0101rda noz\u012bmi un lomu teikum\u0101.<\/p>\n\n\n\n<p>Lai sniegtu \u012bsu p\u0101rskatu, apl\u016bkosim regul\u0101ro darb\u012bbas v\u0101rdu tagadnes laiku:<\/p>\n\n\n\n<p><strong>&#8211; \u05d0\u05e0\u05d9 \u05e7\u05d5\u05e8\u05d0\/\u05ea (ani kore\/et &#8211; Es las\u012bju, masc.\/fem.)<\/strong><\/p>\n\n\n\n<p><strong>&#8211; \u05d0\u05ea\/\u05d4 \u05e7\u05d5\u05e8\u05d0\/\u05ea (ata\/at kore\/et &#8211; tu lasi, masc.\/fem.)<\/strong><\/p>\n\n\n\n<p><strong>&#8211; \u05d4\u05d5\u05d0\/\u05d4\u05d9\u05d0 \u05e7\u05d5\u05e8\u05d0\/\u05ea (hu\/hi kore\/et &#8211; vi\u0146\u0161\/vi lasa)<\/strong><\/p>\n\n\n\n<p>Atcerieties, ka tas ir tikai s\u0101kums! Progres\u0113jot par\u0101d\u012bsies daudzi citi sasprindzin\u0101jumi, neregul\u0101ri darb\u012bbas v\u0101rdi un binjanu sare\u017e\u0123\u012bjumi.<\/p>\n\n\n\n<h3 class=\"wp-block-heading\" id=\"h-4-pronouns-prepositions-and-more\">4. Vietniekv\u0101rdi, priev\u0101rdi un daudz kas cits!<\/h3>\n\n\n\n<p>Ebreju gramatika ietver citas sast\u0101vda\u013cas, piem\u0113ram, vietniekv\u0101rdus (\u05d0\u05e0\u05d9, \u05d0\u05ea\u05d4, \u05d4\u05d5\u05d0, \u05d4\u05d9\u05d0, un t\u0101 t\u0101l\u0101k), priev\u0101rdus (\u05d1, \u05dc, \u05de, \u05e2\u05dc, uc), un idiom\u0101tiskas izteicienus. Katra elementa apguve ir \u013coti svar\u012bga, lai sasniegtu vispus\u012bgu ivrita valodas apguvi, t\u0101p\u0113c apg\u016bstiet to soli pa solim.<\/p>\n\n\n\n<p>Nobeigum\u0101 var teikt, ka nav \u012bsa ce\u013ca ebreju valodas gramatikas apguvei. Tas prasa neatlaid\u012bbu, praksi un paciet\u012bbu. Tom\u0113r, tikl\u012bdz j\u016bs saprat\u012bsiet t\u0101s nianses, j\u016bs izbaud\u012bsiet nianses sarun\u0101joties ivrit\u0101, iepaz\u012bsiet bag\u0101to kult\u016bru un v\u0113sturi un padzi\u013cin\u0101siet savu izpratni par \u0161o valodu. \u05d1\u05d4\u05e6\u05dc\u05d7\u05d4 (behatzlacha &#8211; veiksmes)!<\/p>\n<\/div><\/div>\n\r\n<section class=\"learnNavigationSection\">\r\n            \r\n        <a href=\"https:\/\/talkpal.ai\/lv\/uzziniet-ebreju-valodu\/\">\r\n            <div class=\"learnNavigationWrapper\">\r\n                <div class=\"learnNavigationContent\">\r\n                    <img decoding=\"async\" src=\"https:\/\/talkpal.ai\/wp-content\/uploads\/2024\/08\/Hebrew.jpg\" alt=\"Israel Flag\">\r\n                    <div>\r\n                        <h4>Par ebreju valodas apguvi<\/h4>\r\n                        <p>Uzziniet visu par ebreju gramatiku.<\/p>\r\n                    <\/div>\r\n                <\/div>\r\n            <\/div>\r\n        <\/a>\r\n\r\n        \r\n        <a href=\"https:\/\/talkpal.ai\/lv\/ebreju-gramatikas-vingrinajumi\/\">\r\n            <div class=\"learnNavigationWrapper\">\r\n                <div class=\"learnNavigationContent\">\r\n                    <img decoding=\"async\" src=\"https:\/\/talkpal.ai\/wp-content\/uploads\/2024\/08\/Hebrew.jpg\" alt=\"Israel Flag\">\r\n                    <div>\r\n                        <h4>Ebreju valodas gramatikas vingrin\u0101jums<\/h4>\r\n                        <p>Praktiz\u0113jiet ebreju gramatiku.<\/p>\r\n                    <\/div>\r\n                <\/div>\r\n            <\/div>\r\n        <\/a>\r\n\r\n        \r\n        <a href=\"https:\/\/talkpal.ai\/vocabulary_language\/hebrew\/\">\r\n            <div class=\"learnNavigationWrapper\">\r\n                <div class=\"learnNavigationContent\">\r\n                    <img decoding=\"async\" src=\"https:\/\/talkpal.ai\/wp-content\/uploads\/2024\/08\/Hebrew.jpg\" alt=\"Israel Flag\">\r\n                    <div>\r\n                        <h4>Ebreju valodas v\u0101rdn\u012bca<\/h4>\r\n                        <p>Papla\u0161iniet savu ebreju valodas v\u0101rdu kr\u0101jumu.<\/p>\r\n                    <\/div>\r\n                <\/div>\r\n            <\/div>\r\n        <\/a>\r\n\r\n            <\/section>","protected":false},"excerpt":{"rendered":"<p>Ebreju gramatikas apg\u016b\u0161ana: j\u016bsu gal\u012bgais ce\u013cvedis \u0160alom, valodas entuziasti! Vai esat gatavs ienirt aizraujo\u0161aj\u0101 ebreju gramatikas pasaul\u0113? J\u016bs esat non\u0101cis \u012bstaj\u0101 viet\u0101. \u0160is raksts, kas piepild\u012bts ar viegli saprotamu inform\u0101ciju un sarunvalodas toni, pal\u012bdz\u0113s jums iziet cauri burv\u012bgajai ebreju gramatikas sf\u0113rai. Dr\u012bz j\u016bs var\u0113siet veidot teikumus un iesaist\u012bties j\u0113gpiln\u0101s sarun\u0101s ar dzimt\u0101s valodas run\u0101t\u0101jiem. S\u0101ksim [&hellip;]<\/p>\n","protected":false},"author":1,"featured_media":113060,"parent":0,"menu_order":0,"comment_status":"closed","ping_status":"closed","template":"LearningContentPage.php","meta":{"_acf_changed":false,"footnotes":""},"class_list":["post-144260","page","type-page","status-publish","has-post-thumbnail","hentry"],"acf":[],"yoast_head":"<!-- This site is optimized with the Yoast SEO Premium plugin v27.2 (Yoast SEO v27.2) - https:\/\/yoast.com\/product\/yoast-seo-premium-wordpress\/ -->\n<title>Ebreju gramatika - Talkpal<\/title>\n<meta name=\"description\" content=\"Uzlabojiet ebreju valodas gramatiku p\u0101rliecino\u0161i - apg\u016bstiet galvenos noteikumus, veidojiet pareizus teikumus un skaidri sazinieties ar Talkpalvieglaj\u0101m m\u0101ksl\u012bg\u0101 intelekta nodarb\u012bb\u0101m.\" \/>\n<meta name=\"robots\" content=\"index, follow, max-snippet:-1, max-image-preview:large, max-video-preview:-1\" \/>\n<link rel=\"canonical\" href=\"https:\/\/talkpal.ai\/lv\/ebreju-gramatika\/\" \/>\n<meta property=\"og:locale\" content=\"lv_LV\" \/>\n<meta property=\"og:type\" content=\"article\" \/>\n<meta property=\"og:title\" content=\"Ebreju gramatika\" \/>\n<meta property=\"og:description\" content=\"Ebreju gramatikas apg\u016b\u0161ana: j\u016bsu gal\u012bgais ce\u013cvedis \u0160alom, valodas entuziasti! Vai esat gatavs ienirt aizraujo\u0161aj\u0101 ebreju gramatikas pasaul\u0113? J\u016bs esat\" \/>\n<meta property=\"og:url\" content=\"https:\/\/talkpal.ai\/lv\/ebreju-gramatika\/\" \/>\n<meta property=\"og:site_name\" content=\"Talkpal\" \/>\n<meta property=\"article:publisher\" content=\"https:\/\/www.facebook.com\/profile.php?id=100090733639311\" \/>\n<meta property=\"article:modified_time\" content=\"2025-12-13T15:39:08+00:00\" \/>\n<meta property=\"og:image\" content=\"https:\/\/talkpal.ai\/wp-content\/uploads\/2023\/05\/israel.png\" \/>\n\t<meta property=\"og:image:width\" content=\"512\" \/>\n\t<meta property=\"og:image:height\" content=\"512\" \/>\n\t<meta property=\"og:image:type\" content=\"image\/png\" \/>\n<meta name=\"twitter:card\" content=\"summary_large_image\" \/>\n<meta name=\"twitter:site\" content=\"@talkpalai\" \/>\n<meta name=\"twitter:label1\" content=\"Est. reading time\" \/>\n\t<meta name=\"twitter:data1\" content=\"3 minutes\" \/>\n<script type=\"application\/ld+json\" class=\"yoast-schema-graph\">{\"@context\":\"https:\/\/schema.org\",\"@graph\":[{\"@type\":\"WebPage\",\"@id\":\"https:\/\/talkpal.ai\/lv\/ebreju-gramatika\/\",\"url\":\"https:\/\/talkpal.ai\/lv\/ebreju-gramatika\/\",\"name\":\"Ebreju gramatika - Talkpal\",\"isPartOf\":{\"@id\":\"https:\/\/talkpal.ai\/lv\/#website\"},\"primaryImageOfPage\":{\"@id\":\"https:\/\/talkpal.ai\/lv\/ebreju-gramatika\/#primaryimage\"},\"image\":{\"@id\":\"https:\/\/talkpal.ai\/lv\/ebreju-gramatika\/#primaryimage\"},\"thumbnailUrl\":\"https:\/\/talkpal.ai\/wp-content\/uploads\/2023\/05\/israel.png\",\"datePublished\":\"2023-05-14T14:04:48+00:00\",\"dateModified\":\"2025-12-13T15:39:08+00:00\",\"description\":\"Uzlabojiet ebreju valodas gramatiku p\u0101rliecino\u0161i - apg\u016bstiet galvenos noteikumus, veidojiet pareizus teikumus un skaidri sazinieties ar Talkpalvieglaj\u0101m m\u0101ksl\u012bg\u0101 intelekta nodarb\u012bb\u0101m.\",\"breadcrumb\":{\"@id\":\"https:\/\/talkpal.ai\/lv\/ebreju-gramatika\/#breadcrumb\"},\"inLanguage\":\"lv-LV\",\"potentialAction\":[{\"@type\":\"ReadAction\",\"target\":[\"https:\/\/talkpal.ai\/lv\/ebreju-gramatika\/\"]}]},{\"@type\":\"ImageObject\",\"inLanguage\":\"lv-LV\",\"@id\":\"https:\/\/talkpal.ai\/lv\/ebreju-gramatika\/#primaryimage\",\"url\":\"https:\/\/talkpal.ai\/wp-content\/uploads\/2023\/05\/israel.png\",\"contentUrl\":\"https:\/\/talkpal.ai\/wp-content\/uploads\/2023\/05\/israel.png\",\"width\":512,\"height\":512},{\"@type\":\"BreadcrumbList\",\"@id\":\"https:\/\/talkpal.ai\/lv\/ebreju-gramatika\/#breadcrumb\",\"itemListElement\":[{\"@type\":\"ListItem\",\"position\":1,\"name\":\"Homepage\",\"item\":\"https:\/\/talkpal.ai\/lv\/\"},{\"@type\":\"ListItem\",\"position\":2,\"name\":\"Ebreju gramatika\"}]},{\"@type\":\"WebSite\",\"@id\":\"https:\/\/talkpal.ai\/lv\/#website\",\"url\":\"https:\/\/talkpal.ai\/lv\/\",\"name\":\"Talkpal\",\"description\":\"AI Language Learning\",\"publisher\":{\"@id\":\"https:\/\/talkpal.ai\/lv\/#organization\"},\"alternateName\":\"Talkpal AI\",\"potentialAction\":[{\"@type\":\"SearchAction\",\"target\":{\"@type\":\"EntryPoint\",\"urlTemplate\":\"https:\/\/talkpal.ai\/lv\/?s={search_term_string}\"},\"query-input\":{\"@type\":\"PropertyValueSpecification\",\"valueRequired\":true,\"valueName\":\"search_term_string\"}}],\"inLanguage\":\"lv-LV\"},{\"@type\":\"Organization\",\"@id\":\"https:\/\/talkpal.ai\/lv\/#organization\",\"name\":\"Talkpal, Inc.\",\"alternateName\":\"Talkpal AI\",\"url\":\"https:\/\/talkpal.ai\/lv\/\",\"logo\":{\"@type\":\"ImageObject\",\"inLanguage\":\"lv-LV\",\"@id\":\"https:\/\/talkpal.ai\/lv\/#\/schema\/logo\/image\/\",\"url\":\"https:\/\/talkpal.ai\/wp-content\/uploads\/2024\/03\/Talkpal-Logo-Icon.png\",\"contentUrl\":\"https:\/\/talkpal.ai\/wp-content\/uploads\/2024\/03\/Talkpal-Logo-Icon.png\",\"width\":2880,\"height\":2880,\"caption\":\"Talkpal, Inc.\"},\"image\":{\"@id\":\"https:\/\/talkpal.ai\/lv\/#\/schema\/logo\/image\/\"},\"sameAs\":[\"https:\/\/www.facebook.com\/profile.php?id=100090733639311\",\"https:\/\/x.com\/talkpalai\",\"https:\/\/www.linkedin.com\/company\/talkpal\/\",\"https:\/\/www.youtube.com\/@TalkPal\/\",\"https:\/\/www.tiktok.com\/@talkpal\",\"https:\/\/www.instagram.com\/talkpal_ai\/\",\"https:\/\/www.crunchbase.com\/organization\/talkpal-9cde\",\"https:\/\/www.g2.com\/products\/talkpal-for-business\/\",\"https:\/\/www.trustpilot.com\/review\/talkpal.ai\",\"https:\/\/www.capterra.com\/p\/10006800\/TalkPal\/\"],\"description\":\"Talkpal is a language learning web and mobile education app, powered by the latest AI technologies, that provides engaging experiences to its customers in many different languages to help them improve their language skills. Users can chat about unlimited amount of topics with the app and use other modes to practice their language learning.\",\"email\":\"support@talkpal.ai\",\"legalName\":\"Talkpal, Inc.\",\"foundingDate\":\"2023-04-03\",\"duns\":\"118989042\",\"numberOfEmployees\":{\"@type\":\"QuantitativeValue\",\"minValue\":\"11\",\"maxValue\":\"50\"},\"publishingPrinciples\":\"https:\/\/talkpal.ai\/publishing-principles\/\",\"actionableFeedbackPolicy\":\"https:\/\/talkpal.ai\/actionable-feedback-policy\/\",\"correctionsPolicy\":\"https:\/\/talkpal.ai\/corrections-policy\/\",\"ethicsPolicy\":\"https:\/\/talkpal.ai\/ethics-policy\/\",\"diversityPolicy\":\"https:\/\/talkpal.ai\/diversity-policy\/\",\"diversityStaffingReport\":\"https:\/\/talkpal.ai\/diversity-policy\/\"}]}<\/script>\n<!-- \/ Yoast SEO Premium plugin. -->","yoast_head_json":{"title":"Ebreju gramatika - Talkpal","description":"Uzlabojiet ebreju valodas gramatiku p\u0101rliecino\u0161i - apg\u016bstiet galvenos noteikumus, veidojiet pareizus teikumus un skaidri sazinieties ar Talkpalvieglaj\u0101m m\u0101ksl\u012bg\u0101 intelekta nodarb\u012bb\u0101m.","robots":{"index":"index","follow":"follow","max-snippet":"max-snippet:-1","max-image-preview":"max-image-preview:large","max-video-preview":"max-video-preview:-1"},"canonical":"https:\/\/talkpal.ai\/lv\/ebreju-gramatika\/","og_locale":"lv_LV","og_type":"article","og_title":"Ebreju gramatika","og_description":"Ebreju gramatikas apg\u016b\u0161ana: j\u016bsu gal\u012bgais ce\u013cvedis \u0160alom, valodas entuziasti! Vai esat gatavs ienirt aizraujo\u0161aj\u0101 ebreju gramatikas pasaul\u0113? J\u016bs esat","og_url":"https:\/\/talkpal.ai\/lv\/ebreju-gramatika\/","og_site_name":"Talkpal","article_publisher":"https:\/\/www.facebook.com\/profile.php?id=100090733639311","article_modified_time":"2025-12-13T15:39:08+00:00","og_image":[{"width":512,"height":512,"url":"https:\/\/talkpal.ai\/wp-content\/uploads\/2023\/05\/israel.png","type":"image\/png"}],"twitter_card":"summary_large_image","twitter_site":"@talkpalai","twitter_misc":{"Est. reading time":"3 minutes"},"schema":{"@context":"https:\/\/schema.org","@graph":[{"@type":"WebPage","@id":"https:\/\/talkpal.ai\/lv\/ebreju-gramatika\/","url":"https:\/\/talkpal.ai\/lv\/ebreju-gramatika\/","name":"Ebreju gramatika - Talkpal","isPartOf":{"@id":"https:\/\/talkpal.ai\/lv\/#website"},"primaryImageOfPage":{"@id":"https:\/\/talkpal.ai\/lv\/ebreju-gramatika\/#primaryimage"},"image":{"@id":"https:\/\/talkpal.ai\/lv\/ebreju-gramatika\/#primaryimage"},"thumbnailUrl":"https:\/\/talkpal.ai\/wp-content\/uploads\/2023\/05\/israel.png","datePublished":"2023-05-14T14:04:48+00:00","dateModified":"2025-12-13T15:39:08+00:00","description":"Uzlabojiet ebreju valodas gramatiku p\u0101rliecino\u0161i - apg\u016bstiet galvenos noteikumus, veidojiet pareizus teikumus un skaidri sazinieties ar Talkpalvieglaj\u0101m m\u0101ksl\u012bg\u0101 intelekta nodarb\u012bb\u0101m.","breadcrumb":{"@id":"https:\/\/talkpal.ai\/lv\/ebreju-gramatika\/#breadcrumb"},"inLanguage":"lv-LV","potentialAction":[{"@type":"ReadAction","target":["https:\/\/talkpal.ai\/lv\/ebreju-gramatika\/"]}]},{"@type":"ImageObject","inLanguage":"lv-LV","@id":"https:\/\/talkpal.ai\/lv\/ebreju-gramatika\/#primaryimage","url":"https:\/\/talkpal.ai\/wp-content\/uploads\/2023\/05\/israel.png","contentUrl":"https:\/\/talkpal.ai\/wp-content\/uploads\/2023\/05\/israel.png","width":512,"height":512},{"@type":"BreadcrumbList","@id":"https:\/\/talkpal.ai\/lv\/ebreju-gramatika\/#breadcrumb","itemListElement":[{"@type":"ListItem","position":1,"name":"Homepage","item":"https:\/\/talkpal.ai\/lv\/"},{"@type":"ListItem","position":2,"name":"Ebreju gramatika"}]},{"@type":"WebSite","@id":"https:\/\/talkpal.ai\/lv\/#website","url":"https:\/\/talkpal.ai\/lv\/","name":"Talkpal","description":"AI Language Learning","publisher":{"@id":"https:\/\/talkpal.ai\/lv\/#organization"},"alternateName":"Talkpal AI","potentialAction":[{"@type":"SearchAction","target":{"@type":"EntryPoint","urlTemplate":"https:\/\/talkpal.ai\/lv\/?s={search_term_string}"},"query-input":{"@type":"PropertyValueSpecification","valueRequired":true,"valueName":"search_term_string"}}],"inLanguage":"lv-LV"},{"@type":"Organization","@id":"https:\/\/talkpal.ai\/lv\/#organization","name":"Talkpal, Inc.","alternateName":"Talkpal AI","url":"https:\/\/talkpal.ai\/lv\/","logo":{"@type":"ImageObject","inLanguage":"lv-LV","@id":"https:\/\/talkpal.ai\/lv\/#\/schema\/logo\/image\/","url":"https:\/\/talkpal.ai\/wp-content\/uploads\/2024\/03\/Talkpal-Logo-Icon.png","contentUrl":"https:\/\/talkpal.ai\/wp-content\/uploads\/2024\/03\/Talkpal-Logo-Icon.png","width":2880,"height":2880,"caption":"Talkpal, Inc."},"image":{"@id":"https:\/\/talkpal.ai\/lv\/#\/schema\/logo\/image\/"},"sameAs":["https:\/\/www.facebook.com\/profile.php?id=100090733639311","https:\/\/x.com\/talkpalai","https:\/\/www.linkedin.com\/company\/talkpal\/","https:\/\/www.youtube.com\/@TalkPal\/","https:\/\/www.tiktok.com\/@talkpal","https:\/\/www.instagram.com\/talkpal_ai\/","https:\/\/www.crunchbase.com\/organization\/talkpal-9cde","https:\/\/www.g2.com\/products\/talkpal-for-business\/","https:\/\/www.trustpilot.com\/review\/talkpal.ai","https:\/\/www.capterra.com\/p\/10006800\/TalkPal\/"],"description":"Talkpal is a language learning web and mobile education app, powered by the latest AI technologies, that provides engaging experiences to its customers in many different languages to help them improve their language skills. Users can chat about unlimited amount of topics with the app and use other modes to practice their language learning.","email":"support@talkpal.ai","legalName":"Talkpal, Inc.","foundingDate":"2023-04-03","duns":"118989042","numberOfEmployees":{"@type":"QuantitativeValue","minValue":"11","maxValue":"50"},"publishingPrinciples":"https:\/\/talkpal.ai\/publishing-principles\/","actionableFeedbackPolicy":"https:\/\/talkpal.ai\/actionable-feedback-policy\/","correctionsPolicy":"https:\/\/talkpal.ai\/corrections-policy\/","ethicsPolicy":"https:\/\/talkpal.ai\/ethics-policy\/","diversityPolicy":"https:\/\/talkpal.ai\/diversity-policy\/","diversityStaffingReport":"https:\/\/talkpal.ai\/diversity-policy\/"}]}},"_links":{"self":[{"href":"https:\/\/talkpal.ai\/lv\/wp-json\/wp\/v2\/pages\/144260","targetHints":{"allow":["GET"]}}],"collection":[{"href":"https:\/\/talkpal.ai\/lv\/wp-json\/wp\/v2\/pages"}],"about":[{"href":"https:\/\/talkpal.ai\/lv\/wp-json\/wp\/v2\/types\/page"}],"author":[{"embeddable":true,"href":"https:\/\/talkpal.ai\/lv\/wp-json\/wp\/v2\/users\/1"}],"replies":[{"embeddable":true,"href":"https:\/\/talkpal.ai\/lv\/wp-json\/wp\/v2\/comments?post=144260"}],"version-history":[{"count":0,"href":"https:\/\/talkpal.ai\/lv\/wp-json\/wp\/v2\/pages\/144260\/revisions"}],"wp:featuredmedia":[{"embeddable":true,"href":"https:\/\/talkpal.ai\/lv\/wp-json\/wp\/v2\/media\/113060"}],"wp:attachment":[{"href":"https:\/\/talkpal.ai\/lv\/wp-json\/wp\/v2\/media?parent=144260"}],"curies":[{"name":"wp","href":"https:\/\/api.w.org\/{rel}","templated":true}]}}