{"id":143959,"date":"2023-05-14T14:03:43","date_gmt":"2023-05-14T14:03:43","guid":{"rendered":"http:\/\/talkpal.ai\/galisiesu-gramatika\/"},"modified":"2025-12-13T15:30:39","modified_gmt":"2025-12-13T15:30:39","slug":"galisiesu-gramatika","status":"publish","type":"page","link":"https:\/\/talkpal.ai\/lv\/galisiesu-gramatika\/","title":{"rendered":"Galisie\u0161u gramatika"},"content":{"rendered":"\r\n\r\n\r\n<section class=\"languageChallengeSection\">\r\n    <div class=\"languageInfoWrapper\">\r\n        \r\n        <h1>Galisie\u0161u gramatika<\/h1>\r\n        <p>Atkl\u0101jiet <a href=\"https:\/\/talkpal.ai\/learn-galician\/\">galisie\u0161u<\/a> <a href=\"https:\/\/talkpal.ai\/what-language-is-spoken-on-the-international-space-station\/\">valodas<\/a> \u0161armu, apg\u016bstot t\u0101s gramatikas pamatnoteikumus. <a href=\"https:\/\/talkpal.ai\/learn-galician\/\">Galisie\u0161u<\/a> valodas gramatikas izpratne pav\u0113rs durvis uz j\u0113gpilnu sazi\u0146u un padzi\u013cin\u0101tu izpratni par Galisijas dinamisko kult\u016bru. S\u0101ciet apg\u016bt galisie\u0161u valodas gramatiku jau \u0161odien un speriet pirmo soli ce\u013c\u0101 uz valodas zin\u0101\u0161anu apguvi!<\/p>\r\n\r\n                            <a class=\"getStartedHidden\" href=\"https:\/\/app.talkpal.ai\/lv\/signup?lng=\">S\u0101c<\/a>\r\n        \r\n    <\/div>\r\n\r\n    <figure>\r\n    <img decoding=\"async\" width=\"768\" height=\"768\" src=\"https:\/\/talkpal.ai\/wp-content\/uploads\/2023\/06\/galician-768x768.png\" class=\"languageImage no-lazy\" alt=\"Language immersion powerful learning method\" fetchpriority=\"high\" sizes=\"(max-width: 768px) 150px, 768px\" srcset=\"https:\/\/talkpal.ai\/wp-content\/uploads\/2023\/06\/galician-768x768.png 768w, https:\/\/talkpal.ai\/wp-content\/uploads\/2023\/06\/galician-300x300.png 300w\" \/>\r\n    \r\n\r\n    <\/figure>\r\n\r\n            <a class=\"getStartedVisible\" href=\"https:\/\/app.talkpal.ai\/lv\/signup?lng=\">S\u0101c<\/a>\r\n    \r\n<\/section>\r\n<section class=\"promotionalBanner\">\r\n    <p class=\"promotionalText\">Visefekt\u012bv\u0101kais veids, k\u0101 apg\u016bt valodu<\/p>\r\n    <a class=\"promotionalLink\" href=\"https:\/\/app.talkpal.ai\/lv\/signup?lng=\">Izm\u0113\u0123iniet Talkpal bez maksas<\/a>\r\n<\/section>\n<div class=\"wp-block-group pageContainerStyle\"><div class=\"wp-block-group__inner-container is-layout-constrained wp-block-group-is-layout-constrained\">\n<h2 class=\"wp-block-heading\" id=\"h-galician-grammar-unlocking-the-beauty-of-a-romance-language\">Galisie\u0161u gramatika: rom\u0101\u0146u valodas skaistuma atrais\u012b\u0161ana<\/h2>\n\n\n\n<p>Galisie\u0161u valoda, rom\u0101\u0146u valoda, kur\u0101 run\u0101 vair\u0101k nek\u0101 divi miljoni cilv\u0113ku Sp\u0101nijas zieme\u013crietumos, ir unik\u0101ls un valdzino\u0161s dialekts, kam ir l\u012bdz\u012bbas ar <a href=\"https:\/\/talkpal.ai\/learn-portuguese\/\">portug\u0101\u013cu<\/a> valodu. Tam ir at\u0161\u0137ir\u012bga fonolo\u0123ija, aizraujo\u0161a v\u0113sture un spilgta dzejas trad\u012bcija. Lai apg\u016btu \u0161o burv\u012bgo valodu, ir svar\u012bgi saprast t\u0101s gramatiku. \u0160aj\u0101 rakst\u0101 m\u0113s apl\u016bkosim galisie\u0161u valodas gramatikas b\u016btisk\u0101kos aspektus un sniegsim padomus, kas pal\u012bdz\u0113s jums g\u016bt pan\u0101kumus \u0161aj\u0101 valodas ce\u013cojum\u0101.<\/p>\n\n\n\n<h3 class=\"wp-block-heading\" id=\"h-key-components-of-galician-grammar\">Galisie\u0161u gramatikas galven\u0101s sast\u0101vda\u013cas:<\/h3>\n\n\n\n<p><a href=\"https:\/\/talkpal.ai\/galician-grammar\/\">Galisie\u0161u gramatika<\/a>, t\u0101pat k\u0101 citas rom\u0101\u0146u valodas, sast\u0101v no da\u017e\u0101diem noteikumiem un strukt\u016br\u0101m, kas nosaka t\u0101s pareizu lieto\u0161anu. \u0160eit ir da\u017ei galisie\u0161u gramatikas pamataspekti, kas jums j\u0101zina:<\/p>\n\n\n\n<p><strong>1. Lietv\u0101rdi:<\/strong> Galisie\u0161u lietv\u0101rdiem ir divas gramatisk\u0101s dzimtes (v\u012brie\u0161u un sievie\u0161u dzimte), un t\u0101s ir inflekt\u0113tas skaitlim (vienskaitlis un daudzskaitlis). Lietv\u0101rda dzimums ietekm\u0113 rakstu, \u012bpa\u0161\u012bbas v\u0101rdu un vietniekv\u0101rdu formu, kas to pavada.<\/p>\n\n\n\n<p><strong>2. Raksti:<\/strong> Galisie\u0161u valod\u0101 ir noteikti raksti (o, os, a, as) un nenoteikti raksti (un, uns, unha, unhas). Noteikti raksti tiek izmantoti, lai atsauktos uz konkr\u0113tiem objektiem vai cilv\u0113kiem, savuk\u0101rt nenoteikti raksti tiek izmantoti visp\u0101r\u012bg\u0101m vai nespecifisk\u0101m atsauc\u0113m.<\/p>\n\n\n\n<p>3. \u012apa\u0161\u012bbas v\u0101rdi un <strong>adverbi: \u012apa\u0161\u012bbas v\u0101rdi<\/strong> galisie\u0161u valod\u0101 parasti vienojas par dzimumu un skaitu ar lietv\u0101rdiem, kurus tie p\u0101rveido. Turpret\u012b apst\u0101k\u013ca v\u0101rdi ir nemain\u012bgi un nemain\u0101s atkar\u012bb\u0101 no lietv\u0101rda dzimtes vai skait\u013ca.<\/p>\n\n\n\n<p><strong>4. Darb\u012bbas v\u0101rdi:<\/strong> Galisie\u0161u darb\u012bbas v\u0101rdi ir konjug\u0113ti tr\u012bs regul\u0101ros mode\u013cos (ar, er, ir) un da\u017e\u0101dos neregul\u0101ros mode\u013cos. Darb\u012bbas v\u0101rdi tiek inflekt\u0113ti atbilsto\u0161i sasprindzin\u0101jumam (tagadne, pag\u0101tne, n\u0101kotne utt.), Noska\u0146ojumam (indikat\u012bvs, subjunkt\u012bvs, imperat\u012bvs), aspektam (perfekts, nepiln\u012bgs) un balsij (akt\u012bvs, pas\u012bvs). Vietniekv\u0101rdi bie\u017ei tiek izlaisti darb\u012bbas v\u0101rdu konjug\u0101cij\u0101, jo darb\u012bbas v\u0101rda forma parasti nor\u0101da uz priek\u0161metu.<\/p>\n\n\n\n<p><strong>5. Teikuma strukt\u016bra:<\/strong> Galisie\u0161u valoda parasti izmanto subjekta-verba-objekta (SVO) vai darb\u012bbas v\u0101rda-subjekta-objekta (VSO) v\u0101rdu sec\u012bbu atkar\u012bb\u0101 no uzsvara un konteksta. Tom\u0113r \u0161\u012b v\u0101rdu sec\u012bba ir elast\u012bga.<\/p>\n\n\n\n<h3 class=\"wp-block-heading\" id=\"h-tips-for-learning-galician-grammar\">Padomi galisie\u0161u gramatikas apguvei:<\/h3>\n\n\n\n<p>Lai g\u016btu pan\u0101kumus galisie\u0161u gramatikas m\u0101c\u012bbu ce\u013cojum\u0101, apsveriet \u0161\u012bs noder\u012bg\u0101s strat\u0113\u0123ijas:<\/p>\n\n\n\n<p><strong>1. Regul\u0101ra prakse:<\/strong> Konsekvence ir galvenais. Katru dienu vai ned\u0113\u013cu veltiet konkr\u0113tus laikus, lai praktiz\u0113tu gramatikas vingrin\u0101jumus, las\u012b\u0161anu un rakst\u012b\u0161anu galisie\u0161u valod\u0101.<\/p>\n\n\n\n<p><strong>2. Izmantojiet viet\u0113jos resursus:<\/strong> iegremd\u0113jieties autentiskos galisie\u0161u materi\u0101los, piem\u0113ram, literat\u016br\u0101, zi\u0146u rakstos un film\u0101s. Tas ne tikai pal\u012bdz jums redz\u0113t galisie\u0161u gramatiku kontekst\u0101, bet ar\u012b uzlabo las\u012b\u0161anas un klaus\u012b\u0161an\u0101s prasmes.<\/p>\n\n\n\n<p><strong>3. Apg\u016bstiet lietv\u0101rdu dzimtes un rakstus:<\/strong> Iepaz\u012bstieties ar galisie\u0161u lietv\u0101rdu dzimt\u0113m un pareizu rakstu lieto\u0161anu. Tas ir b\u016btiski, lai veidotu prec\u012bzus un saska\u0146otus teikumus.<\/p>\n\n\n\n<p><strong>4. Sazinieties ar dzimt\u0101 valoda: sazinieties ar<\/strong> galisie\u0161u valod\u0101 run\u0101jo\u0161ajiem, kuriem galisie\u0161u valoda ir dzimt\u0101 valoda, izmantojot valodu apmai\u0146as programmas, soci\u0101los medijus vai tie\u0161saistes forumus. Tas dod iesp\u0113ju <a href=\"https:\/\/talkpal.ai\/grammar\/\">praktiz\u0113t gramatiku<\/a> re\u0101l\u0101s dz\u012bves sarun\u0101s un sa\u0146emt v\u0113rt\u012bgu atgriezenisko saiti.<\/p>\n\n\n\n<p><strong>5. Paciet\u012bba un neatlaid\u012bba:<\/strong> Jaunas valodas apguve prasa laiku, ap\u0146\u0113m\u012bbu un paciet\u012bbu. Pie\u0146emiet izaicin\u0101jumus un sviniet savu progresu visa ce\u013ca garum\u0101.<\/p>\n\n\n\n<h2 class=\"wp-block-heading\" id=\"h-conclusion\">Secin\u0101jums:<\/h2>\n\n\n\n<p>Galisie\u0161u <a href=\"https:\/\/talkpal.ai\/sq\/gramatika\/\">gramatika<\/a> ar t\u0101s unik\u0101laj\u0101m \u012bpa\u0161\u012bb\u0101m un saikni ar rom\u0101\u0146u valodu \u0123imeni ir atsl\u0113ga, lai apg\u016btu \u0161o valdzino\u0161o dialektu. Izprotot t\u0101s galvenos komponentus un iev\u0113rojot m\u016bsu m\u0101c\u012bbu strat\u0113\u0123ijas, j\u016bs b\u016bsiet ce\u013c\u0101 uz valodas prasm\u0113m. T\u0101tad, dodieties \u0161aj\u0101 uzmundrino\u0161aj\u0101 ce\u013cojum\u0101 un atkl\u0101jiet galisie\u0161u valodas br\u012bnumus!<\/p>\n<\/div><\/div>\n\r\n<section class=\"learnNavigationSection\">\r\n            \r\n        <a href=\"https:\/\/talkpal.ai\/lv\/uzziniet-galisiesu-valodu\/\">\r\n            <div class=\"learnNavigationWrapper\">\r\n                <div class=\"learnNavigationContent\">\r\n                    <img decoding=\"async\" src=\"https:\/\/talkpal.ai\/wp-content\/uploads\/2024\/08\/Galician.jpg\" alt=\"Galicia Flag\">\r\n                    <div>\r\n                        <h4>Par galisie\u0161u valodas apguvi<\/h4>\r\n                        <p>Uzziniet visu par galisie\u0161u gramatiku.<\/p>\r\n                    <\/div>\r\n                <\/div>\r\n            <\/div>\r\n        <\/a>\r\n\r\n        \r\n        <a href=\"https:\/\/talkpal.ai\/lv\/galisijas-gramatikas-vingrinajumi\/\">\r\n            <div class=\"learnNavigationWrapper\">\r\n                <div class=\"learnNavigationContent\">\r\n                    <img decoding=\"async\" src=\"https:\/\/talkpal.ai\/wp-content\/uploads\/2024\/08\/Galician.jpg\" alt=\"Galicia Flag\">\r\n                    <div>\r\n                        <h4>Galisie\u0161u valodas gramatikas vingrin\u0101jums<\/h4>\r\n                        <p>Praktiz\u0113jiet galisie\u0161u gramatiku.<\/p>\r\n                    <\/div>\r\n                <\/div>\r\n            <\/div>\r\n        <\/a>\r\n\r\n        \r\n        <a href=\"https:\/\/talkpal.ai\/vocabulary_language\/galician\/\">\r\n            <div class=\"learnNavigationWrapper\">\r\n                <div class=\"learnNavigationContent\">\r\n                    <img decoding=\"async\" src=\"https:\/\/talkpal.ai\/wp-content\/uploads\/2024\/08\/Galician.jpg\" alt=\"Galicia Flag\">\r\n                    <div>\r\n                        <h4>Galisie\u0161u valodas v\u0101rdn\u012bca<\/h4>\r\n                        <p>Papla\u0161iniet galisie\u0161u valodas v\u0101rdu kr\u0101jumu.<\/p>\r\n                    <\/div>\r\n                <\/div>\r\n            <\/div>\r\n        <\/a>\r\n\r\n            <\/section>","protected":false},"excerpt":{"rendered":"<p>Galisie\u0161u gramatika: rom\u0101\u0146u valodas skaistuma atrais\u012b\u0161ana Galisie\u0161u valoda, rom\u0101\u0146u valoda, kur\u0101 run\u0101 vair\u0101k nek\u0101 divi miljoni cilv\u0113ku Sp\u0101nijas zieme\u013crietumos, ir unik\u0101ls un valdzino\u0161s dialekts, kam ir l\u012bdz\u012bbas ar portug\u0101\u013cu valodu. Tam ir at\u0161\u0137ir\u012bga fonolo\u0123ija, aizraujo\u0161a v\u0113sture un spilgta dzejas trad\u012bcija. Lai apg\u016btu \u0161o burv\u012bgo valodu, ir svar\u012bgi saprast t\u0101s gramatiku. \u0160aj\u0101 rakst\u0101 m\u0113s apl\u016bkosim galisie\u0161u [&hellip;]<\/p>\n","protected":false},"author":1,"featured_media":112115,"parent":0,"menu_order":0,"comment_status":"closed","ping_status":"closed","template":"LearningContentPage.php","meta":{"_acf_changed":false,"footnotes":""},"class_list":["post-143959","page","type-page","status-publish","has-post-thumbnail","hentry"],"acf":[],"yoast_head":"<!-- This site is optimized with the Yoast SEO Premium plugin v27.2 (Yoast SEO v27.2) - https:\/\/yoast.com\/product\/yoast-seo-premium-wordpress\/ -->\n<title>Galisie\u0161u gramatika - Talkpal<\/title>\n<meta name=\"description\" content=\"Viegli apg\u016bstiet galisie\u0161u valodas gramatiku - apg\u016bstiet noteikumus, veidojiet pareizus teikumus un sazinieties skaidri\" \/>\n<meta name=\"robots\" content=\"index, follow, max-snippet:-1, max-image-preview:large, max-video-preview:-1\" \/>\n<link rel=\"canonical\" href=\"https:\/\/talkpal.ai\/lv\/galisiesu-gramatika\/\" \/>\n<meta property=\"og:locale\" content=\"lv_LV\" \/>\n<meta property=\"og:type\" content=\"article\" \/>\n<meta property=\"og:title\" content=\"Galisie\u0161u gramatika\" \/>\n<meta property=\"og:description\" content=\"Galisie\u0161u gramatika: rom\u0101\u0146u valodas skaistuma atrais\u012b\u0161ana Galisie\u0161u valoda, rom\u0101\u0146u valoda, kur\u0101 run\u0101 vair\u0101k nek\u0101 divi miljoni cilv\u0113ku Sp\u0101nijas\" \/>\n<meta property=\"og:url\" content=\"https:\/\/talkpal.ai\/lv\/galisiesu-gramatika\/\" \/>\n<meta property=\"og:site_name\" content=\"Talkpal\" \/>\n<meta property=\"article:publisher\" content=\"https:\/\/www.facebook.com\/profile.php?id=100090733639311\" \/>\n<meta property=\"article:modified_time\" content=\"2025-12-13T15:30:39+00:00\" \/>\n<meta property=\"og:image\" content=\"https:\/\/talkpal.ai\/wp-content\/uploads\/2023\/05\/Galician-spain.png\" \/>\n\t<meta property=\"og:image:width\" content=\"512\" \/>\n\t<meta property=\"og:image:height\" content=\"512\" \/>\n\t<meta property=\"og:image:type\" content=\"image\/png\" \/>\n<meta name=\"twitter:card\" content=\"summary_large_image\" \/>\n<meta name=\"twitter:site\" content=\"@talkpalai\" \/>\n<meta name=\"twitter:label1\" content=\"Est. reading time\" \/>\n\t<meta name=\"twitter:data1\" content=\"3 minutes\" \/>\n<script type=\"application\/ld+json\" class=\"yoast-schema-graph\">{\"@context\":\"https:\/\/schema.org\",\"@graph\":[{\"@type\":\"WebPage\",\"@id\":\"https:\/\/talkpal.ai\/lv\/galisiesu-gramatika\/\",\"url\":\"https:\/\/talkpal.ai\/lv\/galisiesu-gramatika\/\",\"name\":\"Galisie\u0161u gramatika - Talkpal\",\"isPartOf\":{\"@id\":\"https:\/\/talkpal.ai\/lv\/#website\"},\"primaryImageOfPage\":{\"@id\":\"https:\/\/talkpal.ai\/lv\/galisiesu-gramatika\/#primaryimage\"},\"image\":{\"@id\":\"https:\/\/talkpal.ai\/lv\/galisiesu-gramatika\/#primaryimage\"},\"thumbnailUrl\":\"https:\/\/talkpal.ai\/wp-content\/uploads\/2023\/05\/Galician-spain.png\",\"datePublished\":\"2023-05-14T14:03:43+00:00\",\"dateModified\":\"2025-12-13T15:30:39+00:00\",\"description\":\"Viegli apg\u016bstiet galisie\u0161u valodas gramatiku - apg\u016bstiet noteikumus, veidojiet pareizus teikumus un sazinieties skaidri\",\"breadcrumb\":{\"@id\":\"https:\/\/talkpal.ai\/lv\/galisiesu-gramatika\/#breadcrumb\"},\"inLanguage\":\"lv-LV\",\"potentialAction\":[{\"@type\":\"ReadAction\",\"target\":[\"https:\/\/talkpal.ai\/lv\/galisiesu-gramatika\/\"]}]},{\"@type\":\"ImageObject\",\"inLanguage\":\"lv-LV\",\"@id\":\"https:\/\/talkpal.ai\/lv\/galisiesu-gramatika\/#primaryimage\",\"url\":\"https:\/\/talkpal.ai\/wp-content\/uploads\/2023\/05\/Galician-spain.png\",\"contentUrl\":\"https:\/\/talkpal.ai\/wp-content\/uploads\/2023\/05\/Galician-spain.png\",\"width\":512,\"height\":512},{\"@type\":\"BreadcrumbList\",\"@id\":\"https:\/\/talkpal.ai\/lv\/galisiesu-gramatika\/#breadcrumb\",\"itemListElement\":[{\"@type\":\"ListItem\",\"position\":1,\"name\":\"Homepage\",\"item\":\"https:\/\/talkpal.ai\/lv\/\"},{\"@type\":\"ListItem\",\"position\":2,\"name\":\"Galisie\u0161u gramatika\"}]},{\"@type\":\"WebSite\",\"@id\":\"https:\/\/talkpal.ai\/lv\/#website\",\"url\":\"https:\/\/talkpal.ai\/lv\/\",\"name\":\"Talkpal\",\"description\":\"AI Language Learning\",\"publisher\":{\"@id\":\"https:\/\/talkpal.ai\/lv\/#organization\"},\"alternateName\":\"Talkpal AI\",\"potentialAction\":[{\"@type\":\"SearchAction\",\"target\":{\"@type\":\"EntryPoint\",\"urlTemplate\":\"https:\/\/talkpal.ai\/lv\/?s={search_term_string}\"},\"query-input\":{\"@type\":\"PropertyValueSpecification\",\"valueRequired\":true,\"valueName\":\"search_term_string\"}}],\"inLanguage\":\"lv-LV\"},{\"@type\":\"Organization\",\"@id\":\"https:\/\/talkpal.ai\/lv\/#organization\",\"name\":\"Talkpal, Inc.\",\"alternateName\":\"Talkpal AI\",\"url\":\"https:\/\/talkpal.ai\/lv\/\",\"logo\":{\"@type\":\"ImageObject\",\"inLanguage\":\"lv-LV\",\"@id\":\"https:\/\/talkpal.ai\/lv\/#\/schema\/logo\/image\/\",\"url\":\"https:\/\/talkpal.ai\/wp-content\/uploads\/2024\/03\/Talkpal-Logo-Icon.png\",\"contentUrl\":\"https:\/\/talkpal.ai\/wp-content\/uploads\/2024\/03\/Talkpal-Logo-Icon.png\",\"width\":2880,\"height\":2880,\"caption\":\"Talkpal, Inc.\"},\"image\":{\"@id\":\"https:\/\/talkpal.ai\/lv\/#\/schema\/logo\/image\/\"},\"sameAs\":[\"https:\/\/www.facebook.com\/profile.php?id=100090733639311\",\"https:\/\/x.com\/talkpalai\",\"https:\/\/www.linkedin.com\/company\/talkpal\/\",\"https:\/\/www.youtube.com\/@TalkPal\/\",\"https:\/\/www.tiktok.com\/@talkpal\",\"https:\/\/www.instagram.com\/talkpal_ai\/\",\"https:\/\/www.crunchbase.com\/organization\/talkpal-9cde\",\"https:\/\/www.g2.com\/products\/talkpal-for-business\/\",\"https:\/\/www.trustpilot.com\/review\/talkpal.ai\",\"https:\/\/www.capterra.com\/p\/10006800\/TalkPal\/\"],\"description\":\"Talkpal is a language learning web and mobile education app, powered by the latest AI technologies, that provides engaging experiences to its customers in many different languages to help them improve their language skills. Users can chat about unlimited amount of topics with the app and use other modes to practice their language learning.\",\"email\":\"support@talkpal.ai\",\"legalName\":\"Talkpal, Inc.\",\"foundingDate\":\"2023-04-03\",\"duns\":\"118989042\",\"numberOfEmployees\":{\"@type\":\"QuantitativeValue\",\"minValue\":\"11\",\"maxValue\":\"50\"},\"publishingPrinciples\":\"https:\/\/talkpal.ai\/publishing-principles\/\",\"actionableFeedbackPolicy\":\"https:\/\/talkpal.ai\/actionable-feedback-policy\/\",\"correctionsPolicy\":\"https:\/\/talkpal.ai\/corrections-policy\/\",\"ethicsPolicy\":\"https:\/\/talkpal.ai\/ethics-policy\/\",\"diversityPolicy\":\"https:\/\/talkpal.ai\/diversity-policy\/\",\"diversityStaffingReport\":\"https:\/\/talkpal.ai\/diversity-policy\/\"}]}<\/script>\n<!-- \/ Yoast SEO Premium plugin. -->","yoast_head_json":{"title":"Galisie\u0161u gramatika - Talkpal","description":"Viegli apg\u016bstiet galisie\u0161u valodas gramatiku - apg\u016bstiet noteikumus, veidojiet pareizus teikumus un sazinieties skaidri","robots":{"index":"index","follow":"follow","max-snippet":"max-snippet:-1","max-image-preview":"max-image-preview:large","max-video-preview":"max-video-preview:-1"},"canonical":"https:\/\/talkpal.ai\/lv\/galisiesu-gramatika\/","og_locale":"lv_LV","og_type":"article","og_title":"Galisie\u0161u gramatika","og_description":"Galisie\u0161u gramatika: rom\u0101\u0146u valodas skaistuma atrais\u012b\u0161ana Galisie\u0161u valoda, rom\u0101\u0146u valoda, kur\u0101 run\u0101 vair\u0101k nek\u0101 divi miljoni cilv\u0113ku Sp\u0101nijas","og_url":"https:\/\/talkpal.ai\/lv\/galisiesu-gramatika\/","og_site_name":"Talkpal","article_publisher":"https:\/\/www.facebook.com\/profile.php?id=100090733639311","article_modified_time":"2025-12-13T15:30:39+00:00","og_image":[{"width":512,"height":512,"url":"https:\/\/talkpal.ai\/wp-content\/uploads\/2023\/05\/Galician-spain.png","type":"image\/png"}],"twitter_card":"summary_large_image","twitter_site":"@talkpalai","twitter_misc":{"Est. reading time":"3 minutes"},"schema":{"@context":"https:\/\/schema.org","@graph":[{"@type":"WebPage","@id":"https:\/\/talkpal.ai\/lv\/galisiesu-gramatika\/","url":"https:\/\/talkpal.ai\/lv\/galisiesu-gramatika\/","name":"Galisie\u0161u gramatika - Talkpal","isPartOf":{"@id":"https:\/\/talkpal.ai\/lv\/#website"},"primaryImageOfPage":{"@id":"https:\/\/talkpal.ai\/lv\/galisiesu-gramatika\/#primaryimage"},"image":{"@id":"https:\/\/talkpal.ai\/lv\/galisiesu-gramatika\/#primaryimage"},"thumbnailUrl":"https:\/\/talkpal.ai\/wp-content\/uploads\/2023\/05\/Galician-spain.png","datePublished":"2023-05-14T14:03:43+00:00","dateModified":"2025-12-13T15:30:39+00:00","description":"Viegli apg\u016bstiet galisie\u0161u valodas gramatiku - apg\u016bstiet noteikumus, veidojiet pareizus teikumus un sazinieties skaidri","breadcrumb":{"@id":"https:\/\/talkpal.ai\/lv\/galisiesu-gramatika\/#breadcrumb"},"inLanguage":"lv-LV","potentialAction":[{"@type":"ReadAction","target":["https:\/\/talkpal.ai\/lv\/galisiesu-gramatika\/"]}]},{"@type":"ImageObject","inLanguage":"lv-LV","@id":"https:\/\/talkpal.ai\/lv\/galisiesu-gramatika\/#primaryimage","url":"https:\/\/talkpal.ai\/wp-content\/uploads\/2023\/05\/Galician-spain.png","contentUrl":"https:\/\/talkpal.ai\/wp-content\/uploads\/2023\/05\/Galician-spain.png","width":512,"height":512},{"@type":"BreadcrumbList","@id":"https:\/\/talkpal.ai\/lv\/galisiesu-gramatika\/#breadcrumb","itemListElement":[{"@type":"ListItem","position":1,"name":"Homepage","item":"https:\/\/talkpal.ai\/lv\/"},{"@type":"ListItem","position":2,"name":"Galisie\u0161u gramatika"}]},{"@type":"WebSite","@id":"https:\/\/talkpal.ai\/lv\/#website","url":"https:\/\/talkpal.ai\/lv\/","name":"Talkpal","description":"AI Language Learning","publisher":{"@id":"https:\/\/talkpal.ai\/lv\/#organization"},"alternateName":"Talkpal AI","potentialAction":[{"@type":"SearchAction","target":{"@type":"EntryPoint","urlTemplate":"https:\/\/talkpal.ai\/lv\/?s={search_term_string}"},"query-input":{"@type":"PropertyValueSpecification","valueRequired":true,"valueName":"search_term_string"}}],"inLanguage":"lv-LV"},{"@type":"Organization","@id":"https:\/\/talkpal.ai\/lv\/#organization","name":"Talkpal, Inc.","alternateName":"Talkpal AI","url":"https:\/\/talkpal.ai\/lv\/","logo":{"@type":"ImageObject","inLanguage":"lv-LV","@id":"https:\/\/talkpal.ai\/lv\/#\/schema\/logo\/image\/","url":"https:\/\/talkpal.ai\/wp-content\/uploads\/2024\/03\/Talkpal-Logo-Icon.png","contentUrl":"https:\/\/talkpal.ai\/wp-content\/uploads\/2024\/03\/Talkpal-Logo-Icon.png","width":2880,"height":2880,"caption":"Talkpal, Inc."},"image":{"@id":"https:\/\/talkpal.ai\/lv\/#\/schema\/logo\/image\/"},"sameAs":["https:\/\/www.facebook.com\/profile.php?id=100090733639311","https:\/\/x.com\/talkpalai","https:\/\/www.linkedin.com\/company\/talkpal\/","https:\/\/www.youtube.com\/@TalkPal\/","https:\/\/www.tiktok.com\/@talkpal","https:\/\/www.instagram.com\/talkpal_ai\/","https:\/\/www.crunchbase.com\/organization\/talkpal-9cde","https:\/\/www.g2.com\/products\/talkpal-for-business\/","https:\/\/www.trustpilot.com\/review\/talkpal.ai","https:\/\/www.capterra.com\/p\/10006800\/TalkPal\/"],"description":"Talkpal is a language learning web and mobile education app, powered by the latest AI technologies, that provides engaging experiences to its customers in many different languages to help them improve their language skills. Users can chat about unlimited amount of topics with the app and use other modes to practice their language learning.","email":"support@talkpal.ai","legalName":"Talkpal, Inc.","foundingDate":"2023-04-03","duns":"118989042","numberOfEmployees":{"@type":"QuantitativeValue","minValue":"11","maxValue":"50"},"publishingPrinciples":"https:\/\/talkpal.ai\/publishing-principles\/","actionableFeedbackPolicy":"https:\/\/talkpal.ai\/actionable-feedback-policy\/","correctionsPolicy":"https:\/\/talkpal.ai\/corrections-policy\/","ethicsPolicy":"https:\/\/talkpal.ai\/ethics-policy\/","diversityPolicy":"https:\/\/talkpal.ai\/diversity-policy\/","diversityStaffingReport":"https:\/\/talkpal.ai\/diversity-policy\/"}]}},"_links":{"self":[{"href":"https:\/\/talkpal.ai\/lv\/wp-json\/wp\/v2\/pages\/143959","targetHints":{"allow":["GET"]}}],"collection":[{"href":"https:\/\/talkpal.ai\/lv\/wp-json\/wp\/v2\/pages"}],"about":[{"href":"https:\/\/talkpal.ai\/lv\/wp-json\/wp\/v2\/types\/page"}],"author":[{"embeddable":true,"href":"https:\/\/talkpal.ai\/lv\/wp-json\/wp\/v2\/users\/1"}],"replies":[{"embeddable":true,"href":"https:\/\/talkpal.ai\/lv\/wp-json\/wp\/v2\/comments?post=143959"}],"version-history":[{"count":0,"href":"https:\/\/talkpal.ai\/lv\/wp-json\/wp\/v2\/pages\/143959\/revisions"}],"wp:featuredmedia":[{"embeddable":true,"href":"https:\/\/talkpal.ai\/lv\/wp-json\/wp\/v2\/media\/112115"}],"wp:attachment":[{"href":"https:\/\/talkpal.ai\/lv\/wp-json\/wp\/v2\/media?parent=143959"}],"curies":[{"name":"wp","href":"https:\/\/api.w.org\/{rel}","templated":true}]}}